{"id":20287,"date":"2025-01-13T15:41:10","date_gmt":"2025-01-13T15:41:10","guid":{"rendered":"https:\/\/aivlisoft.com\/?post_type=product&#038;p=20287"},"modified":"2025-01-14T11:49:48","modified_gmt":"2025-01-14T11:49:48","slug":"tp-link-tl-sg1048-switch-48xgb","status":"publish","type":"product","link":"https:\/\/aivlisoft.net\/shop\/producto\/tp-link-tl-sg1048-switch-48xgb\/","title":{"rendered":"TP-LINK TL-SG1048 Switch 48xGb"},"content":{"rendered":"<div>\n<div><strong>Para qu&eacute; sirve este producto<\/strong><br \/>El switch Gigabit de 48 puertos TL-SG1048 est&aacute; dise&ntilde;ado para satisfacer las necesidades m&aacute;s exigentes a nivel de conectividad de cualquier grupo de trabajo u organizaci&oacute;n departamental. El TL-SG1048 es un switch con 48 puertos a 10\/100\/1000 Mbps fiable y f&aacute;cil tanto de utilizar como de administrar. El TL-SG1048 combina la facilidad de uso con unas prestaciones insuperables. Ello le proporciona un valor excepcional para todos aquellos administradores preocupados por los costes que desean la mejor soluci&oacute;n posible al mejor precio posible.<\/div>\n<div><strong>Tecnolog&iacute;a ecol&oacute;gica de TP-LINK<\/strong><br \/>El switch TL-SG1048 Gigabit de 48 puertos de nueva generaci&oacute;n&nbsp; incorpora la m&aacute;s innovadora y reciente tecnolog&iacute;a de eficiencia energ&eacute;tica. Ello le permite ampliar la capacidad de su red empleando mucha menos energ&iacute;a el&eacute;ctrica. Ajusta autom&aacute;ticamente el consumo de energ&iacute;a de acuerdo con el estado del enlace y la longitud del cable, limitando as&iacute; la huella de carbono de su red.<br \/>As&iacute; mismo, cumple con el est&aacute;ndar RoHS de la Uni&oacute;n Europea que proh&iacute;be el uso de ciertos materiales considerados como peligrosos. Adem&aacute;s, puede reciclarse hasta el 70% del material que compone su embalaje.<\/div>\n<div><strong>F&aacute;cil de usar<\/strong><br \/>Las funcionalidades autom&aacute;ticas de este switch Gigabit posibilitan una instalaci&oacute;n Plug and Play sin complicaciones. No es necesaria ninguna configuraci&oacute;n. Todos los puertos soportan la funci&oacute;n Auto MDI\/MDI-X, lo que elimina la necesidad de emplear un cable cruzado o puertos tipo Uplink. La funci&oacute;n de detecci&oacute;n autom&aacute;tica de los puertos identifica la velocidad de enlace del dispositivo de red (10, 100 o 1000 Mbps) y la ajusta de forma inteligente a fin de garantizar la compatibilidad y el mejor rendimiento. Su tama&ntilde;o compacto lo convierten en el equipo ideal para mesas con un espacio limitado. Adem&aacute;s, puede montarse en bastidor para una mayor comodidad y seguridad. Integra leds din&aacute;micos que ofrecen informaci&oacute;n en tiempo real acerca del estado y de diagn&oacute;stico b&aacute;sico de problemas.<\/div>\n<div><strong>Alto rendimiento<\/strong><br \/>El TL-SG1048 incorpora tecnolog&iacute;a sin bloqueos a la m&aacute;xima velocidad del cable y una capacidad de switching de 96 Gbps que permite la m&aacute;xima tasa de transferencia. Su tabla de direcciones MAC de 8 K proporciona una capacidad de escalabilidad suficiente incluso para las redes de mayor tama&ntilde;o. Tambi&eacute;n soporta control de flujo IEEE 802.3x en modo Full Duplex y Back-Pressure en modo Half Duplex, lo que permite aliviar la congesti&oacute;n del tr&aacute;fico as&iacute; como garantizar una transmisi&oacute;n fiable de datos.<\/div>\n<div>&nbsp;<\/div>\n<div><strong>Caracteristicas<\/strong><\/div>\n<div>&#8211; Tasa de filtrado de datos del 100%, lo que elimina todos los paquetes err&oacute;neos<br \/>&#8211; Soporta control de flujo IEEE 802.3x en modo Full Duplex y Back-Pressure en modo Half Duplex<br \/>&#8211; Arquitectura de switching sin bloqueos para el reenv&iacute;o y filtrado de paquetes a la m&aacute;xima velocidad del cable para obtener un rendimiento &oacute;ptimo.<br \/>&#8211; Capacidad de switching de 96 Gbps<br \/>&#8211; La detecci&oacute;n autom&aacute;tica MDI\/MDIX hace innecesario el uso de cables cruzados<br \/>&#8211; Soporta aprendizaje y caducidad autom&aacute;ticas de direcciones MAC (Auto-Learning y Auto-aging)<br \/>&#8211; Soporte para negociaci&oacute;n autom&aacute;tica de puerto N-Way, Store-and-Forward<br \/>&#8211; Dise&ntilde;o compacto para montaje en bastidor o uso de sobremesa<br \/>&#8211; Instalaci&oacute;n sencilla mediante Plug and Play<\/div>\n<\/div>\n<p><\/p>\n<table class=\"tabla_caracteristicas\" width=\"100%\">\n<tbody>\n<tr>\n<td><strong>Marca<\/strong><\/td>\n<td>TP-Link<\/td>\n<\/tr>\n<tr>\n<td valign=\"top\"><strong>Modelo<\/strong><\/td>\n<td><strong>TL-SG1048<\/strong><\/td>\n<\/tr>\n<tr>\n<td valign=\"top\"><strong>Puertos<\/strong><\/td>\n<td>\n<div>&#8211; 48 x 10\/100\/1000Mbps RJ45<\/div>\n<div>&nbsp; (Auto Negociaci&oacute;n MDI\/MDIX)<\/div>\n<\/td>\n<\/tr>\n<tr>\n<td valign=\"top\">\n<div><strong>Especificaciones<\/strong><\/div>\n<\/td>\n<td>\n<div>&#8211; Est&aacute;ndares y Protocolos:<\/div>\n<div>&nbsp; IEEE 802.3i, IEEE 802.3u, IEEE 802.3ab, IEEE 802.3x<br \/>\t\t\t&#8211; Negociaci&oacute;n autom&aacute;tica, MDI\/MDIX autom&aacute;tico<br \/>\t\t\t&#8211; Medios de Red:<br \/>\t\t\t&nbsp; 10BASE-T: UTP category 3, 4, 5 cable (max 100m)<br \/>\t\t\t&nbsp; 100BASE-TX\/1000BASE-T: UTP categoria 5,<\/div>\n<div>&nbsp; 5e or above cable (maxi 100m)<br \/>\t\t\t&#8211; Cantidad de Ventiladores: 2<br \/>\t\t\t&#8211; Fuente de Alimentaci&oacute;n: 100-240VAC, 50\/60Hz<br \/>\t\t\t&#8211; Dimensiones: 440 x 360 x 44 mm<br \/>\t\t\t&#8211; Consumo de Potencia: M&aacute;ximo: 29.8W (220V\/50Hz)<\/div>\n<div><strong>Rendimiento<\/strong><br \/>\t\t\t&#8211; Capacidad de Switches: 96Gbps<br \/>\t\t\t&#8211; Tasa de Reenv&iacute;o de Paquetes: 71.4Mpps<br \/>\t\t\t&#8211; Tabla de Direcciones MAC: 8K<br \/>\t\t\t&#8211; Memoria de Buffer: 16Mb<br \/>\t\t\t&#8211; Jumbo Frame: 10KB<br \/>\t\t\t&#8211; M&eacute;todo de Transferencia: Store-and-Forward<\/div>\n<div><strong>Certificaciones<\/strong><br \/>\t\t\t&#8211; FCC, CE, RoHS<br \/>\t\t\t<strong>Requisitos del sistema<\/strong><br \/>\t\t\t&#8211; Microsoft&reg; Windows&reg; 8, 7,Vista&trade;, XP o<\/div>\n<div>&nbsp; MAC&reg; OS, NetWare&reg;, UNIX&reg; or Linux.<br \/>\t\t\t<strong>Factores Ambientales<\/strong><br \/>\t\t\t&#8211; Temperatura de funcionamiento:<\/div>\n<div>&nbsp; 0&#8451;~40&#8451; (32&#8457;~104&#8457;);<br \/>\t\t\t&#8211; Temperatura de almacenamiento:<\/div>\n<div>&nbsp; -40&#8451;~70&#8451; (-40&#8457;~158&#8457;);<br \/>\t\t\t&#8211; Humedad de funcionamiento:<\/div>\n<div>&nbsp; 10%~90% sin condensaci&oacute;n;<br \/>\t\t\t&#8211; Humedad de almacenamiento:<\/div>\n<div>&nbsp; 5%~90% sin condensaci&oacute;n<br \/>\t\t\t<strong>Contenido<\/strong><br \/>\t\t\t&#8211; Switch para sobremesa con 48 puertos Gigabit<br \/>\t\t\t&#8211; Cable de alimentaci&oacute;n<br \/>\t\t\t&#8211; Manual de usuario<br \/>\t\t\t&#8211; Rackmount Kits<br \/>\t\t\t&#8211; Rubber Feet<\/div>\n<\/td>\n<\/tr>\n<tr>\n<td><strong>Fecha de revisi&oacute;n<\/strong><\/td>\n<td>30-03-2016 por MSB<\/td>\n<\/tr>\n<\/tbody>\n<\/table>\n","protected":false},"excerpt":{"rendered":"<p>Para qu&eacute; sirve este productoEl switch Gigabit de 48 puertos TL-SG1048 est&aacute; dise&ntilde;ado para satisfacer las necesidades m&aacute;s exigentes a nivel de conectividad de cualquier grupo de trabajo u organizaci&oacute;n departamental. El TL-SG1048 es un switch con 48 puertos a 10\/100\/1000 Mbps fiable y f&aacute;cil tanto de utilizar como de administrar. El TL-SG1048 combina la&hellip;&nbsp;<a href=\"https:\/\/aivlisoft.net\/shop\/producto\/tp-link-tl-sg1048-switch-48xgb\/\" rel=\"bookmark\"><span class=\"screen-reader-text\">TP-LINK TL-SG1048 Switch 48xGb<\/span><\/a><\/p>\n","protected":false},"featured_media":20288,"template":"","meta":{"neve_meta_sidebar":"","neve_meta_container":"","neve_meta_enable_content_width":"","neve_meta_content_width":0,"neve_meta_title_alignment":"","neve_meta_author_avatar":"","neve_post_elements_order":"","neve_meta_disable_header":"","neve_meta_disable_footer":"","neve_meta_disable_title":""},"product_brand":[],"product_cat":[8771],"product_tag":[7248],"class_list":{"0":"post-20287","1":"product","2":"type-product","3":"status-publish","4":"has-post-thumbnail","6":"product_cat-switches-armario","7":"product_tag-tl-sg1048","9":"first","10":"instock","11":"taxable","12":"shipping-taxable","13":"purchasable","14":"product-type-simple"},"yoast_head":"<!-- This site is optimized with the Yoast SEO plugin v26.0 - https:\/\/yoast.com\/wordpress\/plugins\/seo\/ -->\n<title>TP-LINK TL-SG1048 Switch 48xGb - Aivlisoft Inform\u00e1tica<\/title>\n<meta name=\"robots\" content=\"index, follow, max-snippet:-1, max-image-preview:large, max-video-preview:-1\" \/>\n<link rel=\"canonical\" href=\"https:\/\/aivlisoft.net\/shop\/producto\/tp-link-tl-sg1048-switch-48xgb\/\" \/>\n<meta property=\"og:locale\" content=\"es_ES\" \/>\n<meta property=\"og:type\" content=\"article\" \/>\n<meta property=\"og:title\" content=\"TP-LINK TL-SG1048 Switch 48xGb - Aivlisoft Inform\u00e1tica\" \/>\n<meta property=\"og:description\" content=\"Para qu&eacute; sirve este productoEl switch Gigabit de 48 puertos TL-SG1048 est&aacute; dise&ntilde;ado para satisfacer las necesidades m&aacute;s exigentes a nivel de conectividad de cualquier grupo de trabajo u organizaci&oacute;n departamental. El TL-SG1048 es un switch con 48 puertos a 10\/100\/1000 Mbps fiable y f&aacute;cil tanto de utilizar como de administrar. El TL-SG1048 combina la&hellip;&nbsp;TP-LINK TL-SG1048 Switch 48xGb\" \/>\n<meta property=\"og:url\" content=\"https:\/\/aivlisoft.net\/shop\/producto\/tp-link-tl-sg1048-switch-48xgb\/\" \/>\n<meta property=\"og:site_name\" content=\"Aivlisoft Inform\u00e1tica\" \/>\n<meta property=\"article:modified_time\" content=\"2025-01-14T11:49:48+00:00\" \/>\n<meta property=\"og:image\" content=\"https:\/\/aivlisoft.net\/shop\/wp-content\/uploads\/2025\/01\/NSWSAR0137_800.jpg\" \/>\n\t<meta property=\"og:image:width\" content=\"800\" \/>\n\t<meta property=\"og:image:height\" content=\"800\" \/>\n\t<meta property=\"og:image:type\" content=\"image\/jpeg\" \/>\n<meta name=\"twitter:card\" content=\"summary_large_image\" \/>\n<meta name=\"twitter:label1\" content=\"Tiempo de lectura\" \/>\n\t<meta name=\"twitter:data1\" content=\"4 minutos\" \/>\n<script type=\"application\/ld+json\" class=\"yoast-schema-graph\">{\"@context\":\"https:\/\/schema.org\",\"@graph\":[{\"@type\":\"WebPage\",\"@id\":\"https:\/\/aivlisoft.net\/shop\/producto\/tp-link-tl-sg1048-switch-48xgb\/\",\"url\":\"https:\/\/aivlisoft.net\/shop\/producto\/tp-link-tl-sg1048-switch-48xgb\/\",\"name\":\"TP-LINK TL-SG1048 Switch 48xGb - Aivlisoft Inform\u00e1tica\",\"isPartOf\":{\"@id\":\"https:\/\/aivlisoft.net\/shop\/#website\"},\"primaryImageOfPage\":{\"@id\":\"https:\/\/aivlisoft.net\/shop\/producto\/tp-link-tl-sg1048-switch-48xgb\/#primaryimage\"},\"image\":{\"@id\":\"https:\/\/aivlisoft.net\/shop\/producto\/tp-link-tl-sg1048-switch-48xgb\/#primaryimage\"},\"thumbnailUrl\":\"https:\/\/aivlisoft.net\/shop\/wp-content\/uploads\/2025\/01\/NSWSAR0137_800.jpg\",\"datePublished\":\"2025-01-13T15:41:10+00:00\",\"dateModified\":\"2025-01-14T11:49:48+00:00\",\"breadcrumb\":{\"@id\":\"https:\/\/aivlisoft.net\/shop\/producto\/tp-link-tl-sg1048-switch-48xgb\/#breadcrumb\"},\"inLanguage\":\"es\",\"potentialAction\":[{\"@type\":\"ReadAction\",\"target\":[\"https:\/\/aivlisoft.net\/shop\/producto\/tp-link-tl-sg1048-switch-48xgb\/\"]}]},{\"@type\":\"ImageObject\",\"inLanguage\":\"es\",\"@id\":\"https:\/\/aivlisoft.net\/shop\/producto\/tp-link-tl-sg1048-switch-48xgb\/#primaryimage\",\"url\":\"https:\/\/aivlisoft.net\/shop\/wp-content\/uploads\/2025\/01\/NSWSAR0137_800.jpg\",\"contentUrl\":\"https:\/\/aivlisoft.net\/shop\/wp-content\/uploads\/2025\/01\/NSWSAR0137_800.jpg\",\"width\":800,\"height\":800},{\"@type\":\"BreadcrumbList\",\"@id\":\"https:\/\/aivlisoft.net\/shop\/producto\/tp-link-tl-sg1048-switch-48xgb\/#breadcrumb\",\"itemListElement\":[{\"@type\":\"ListItem\",\"position\":1,\"name\":\"Portada\",\"item\":\"https:\/\/aivlisoft.net\/shop\/\"},{\"@type\":\"ListItem\",\"position\":2,\"name\":\"Tienda\",\"item\":\"https:\/\/aivlisoft.net\/shop\/tienda\/\"},{\"@type\":\"ListItem\",\"position\":3,\"name\":\"TP-LINK TL-SG1048 Switch 48xGb\"}]},{\"@type\":\"WebSite\",\"@id\":\"https:\/\/aivlisoft.net\/shop\/#website\",\"url\":\"https:\/\/aivlisoft.net\/shop\/\",\"name\":\"Aivlisoft Inform\u00e1tica\",\"description\":\"En Aivlisoft Inform\u00e1tica ofrecemos soluciones tecnol\u00f3gicas para empresas: venta de ordenadores, consumibles, perif\u00e9ricos y m\u00e1s. Calidad, atenci\u00f3n personalizada y los mejores precios para tu negocio.\",\"publisher\":{\"@id\":\"https:\/\/aivlisoft.net\/shop\/#organization\"},\"potentialAction\":[{\"@type\":\"SearchAction\",\"target\":{\"@type\":\"EntryPoint\",\"urlTemplate\":\"https:\/\/aivlisoft.net\/shop\/?s={search_term_string}\"},\"query-input\":{\"@type\":\"PropertyValueSpecification\",\"valueRequired\":true,\"valueName\":\"search_term_string\"}}],\"inLanguage\":\"es\"},{\"@type\":\"Organization\",\"@id\":\"https:\/\/aivlisoft.net\/shop\/#organization\",\"name\":\"Aivlisoft Inform\u00e1tica\",\"url\":\"https:\/\/aivlisoft.net\/shop\/\",\"logo\":{\"@type\":\"ImageObject\",\"inLanguage\":\"es\",\"@id\":\"https:\/\/aivlisoft.net\/shop\/#\/schema\/logo\/image\/\",\"url\":\"https:\/\/aivlisoft.net\/shop\/wp-content\/uploads\/2024\/12\/removal.ai_5b848c54-0cdf-4140-95c5-c5536bb7573b-logodef.png\",\"contentUrl\":\"https:\/\/aivlisoft.net\/shop\/wp-content\/uploads\/2024\/12\/removal.ai_5b848c54-0cdf-4140-95c5-c5536bb7573b-logodef.png\",\"width\":484,\"height\":182,\"caption\":\"Aivlisoft Inform\u00e1tica\"},\"image\":{\"@id\":\"https:\/\/aivlisoft.net\/shop\/#\/schema\/logo\/image\/\"}}]}<\/script>\n<!-- \/ Yoast SEO plugin. -->","yoast_head_json":{"title":"TP-LINK TL-SG1048 Switch 48xGb - Aivlisoft Inform\u00e1tica","robots":{"index":"index","follow":"follow","max-snippet":"max-snippet:-1","max-image-preview":"max-image-preview:large","max-video-preview":"max-video-preview:-1"},"canonical":"https:\/\/aivlisoft.net\/shop\/producto\/tp-link-tl-sg1048-switch-48xgb\/","og_locale":"es_ES","og_type":"article","og_title":"TP-LINK TL-SG1048 Switch 48xGb - Aivlisoft Inform\u00e1tica","og_description":"Para qu&eacute; sirve este productoEl switch Gigabit de 48 puertos TL-SG1048 est&aacute; dise&ntilde;ado para satisfacer las necesidades m&aacute;s exigentes a nivel de conectividad de cualquier grupo de trabajo u organizaci&oacute;n departamental. El TL-SG1048 es un switch con 48 puertos a 10\/100\/1000 Mbps fiable y f&aacute;cil tanto de utilizar como de administrar. El TL-SG1048 combina la&hellip;&nbsp;TP-LINK TL-SG1048 Switch 48xGb","og_url":"https:\/\/aivlisoft.net\/shop\/producto\/tp-link-tl-sg1048-switch-48xgb\/","og_site_name":"Aivlisoft Inform\u00e1tica","article_modified_time":"2025-01-14T11:49:48+00:00","og_image":[{"width":800,"height":800,"url":"https:\/\/aivlisoft.net\/shop\/wp-content\/uploads\/2025\/01\/NSWSAR0137_800.jpg","type":"image\/jpeg"}],"twitter_card":"summary_large_image","twitter_misc":{"Tiempo de lectura":"4 minutos"},"schema":{"@context":"https:\/\/schema.org","@graph":[{"@type":"WebPage","@id":"https:\/\/aivlisoft.net\/shop\/producto\/tp-link-tl-sg1048-switch-48xgb\/","url":"https:\/\/aivlisoft.net\/shop\/producto\/tp-link-tl-sg1048-switch-48xgb\/","name":"TP-LINK TL-SG1048 Switch 48xGb - Aivlisoft Inform\u00e1tica","isPartOf":{"@id":"https:\/\/aivlisoft.net\/shop\/#website"},"primaryImageOfPage":{"@id":"https:\/\/aivlisoft.net\/shop\/producto\/tp-link-tl-sg1048-switch-48xgb\/#primaryimage"},"image":{"@id":"https:\/\/aivlisoft.net\/shop\/producto\/tp-link-tl-sg1048-switch-48xgb\/#primaryimage"},"thumbnailUrl":"https:\/\/aivlisoft.net\/shop\/wp-content\/uploads\/2025\/01\/NSWSAR0137_800.jpg","datePublished":"2025-01-13T15:41:10+00:00","dateModified":"2025-01-14T11:49:48+00:00","breadcrumb":{"@id":"https:\/\/aivlisoft.net\/shop\/producto\/tp-link-tl-sg1048-switch-48xgb\/#breadcrumb"},"inLanguage":"es","potentialAction":[{"@type":"ReadAction","target":["https:\/\/aivlisoft.net\/shop\/producto\/tp-link-tl-sg1048-switch-48xgb\/"]}]},{"@type":"ImageObject","inLanguage":"es","@id":"https:\/\/aivlisoft.net\/shop\/producto\/tp-link-tl-sg1048-switch-48xgb\/#primaryimage","url":"https:\/\/aivlisoft.net\/shop\/wp-content\/uploads\/2025\/01\/NSWSAR0137_800.jpg","contentUrl":"https:\/\/aivlisoft.net\/shop\/wp-content\/uploads\/2025\/01\/NSWSAR0137_800.jpg","width":800,"height":800},{"@type":"BreadcrumbList","@id":"https:\/\/aivlisoft.net\/shop\/producto\/tp-link-tl-sg1048-switch-48xgb\/#breadcrumb","itemListElement":[{"@type":"ListItem","position":1,"name":"Portada","item":"https:\/\/aivlisoft.net\/shop\/"},{"@type":"ListItem","position":2,"name":"Tienda","item":"https:\/\/aivlisoft.net\/shop\/tienda\/"},{"@type":"ListItem","position":3,"name":"TP-LINK TL-SG1048 Switch 48xGb"}]},{"@type":"WebSite","@id":"https:\/\/aivlisoft.net\/shop\/#website","url":"https:\/\/aivlisoft.net\/shop\/","name":"Aivlisoft Inform\u00e1tica","description":"En Aivlisoft Inform\u00e1tica ofrecemos soluciones tecnol\u00f3gicas para empresas: venta de ordenadores, consumibles, perif\u00e9ricos y m\u00e1s. Calidad, atenci\u00f3n personalizada y los mejores precios para tu negocio.","publisher":{"@id":"https:\/\/aivlisoft.net\/shop\/#organization"},"potentialAction":[{"@type":"SearchAction","target":{"@type":"EntryPoint","urlTemplate":"https:\/\/aivlisoft.net\/shop\/?s={search_term_string}"},"query-input":{"@type":"PropertyValueSpecification","valueRequired":true,"valueName":"search_term_string"}}],"inLanguage":"es"},{"@type":"Organization","@id":"https:\/\/aivlisoft.net\/shop\/#organization","name":"Aivlisoft Inform\u00e1tica","url":"https:\/\/aivlisoft.net\/shop\/","logo":{"@type":"ImageObject","inLanguage":"es","@id":"https:\/\/aivlisoft.net\/shop\/#\/schema\/logo\/image\/","url":"https:\/\/aivlisoft.net\/shop\/wp-content\/uploads\/2024\/12\/removal.ai_5b848c54-0cdf-4140-95c5-c5536bb7573b-logodef.png","contentUrl":"https:\/\/aivlisoft.net\/shop\/wp-content\/uploads\/2024\/12\/removal.ai_5b848c54-0cdf-4140-95c5-c5536bb7573b-logodef.png","width":484,"height":182,"caption":"Aivlisoft Inform\u00e1tica"},"image":{"@id":"https:\/\/aivlisoft.net\/shop\/#\/schema\/logo\/image\/"}}]}},"_links":{"self":[{"href":"https:\/\/aivlisoft.net\/shop\/wp-json\/wp\/v2\/product\/20287","targetHints":{"allow":["GET"]}}],"collection":[{"href":"https:\/\/aivlisoft.net\/shop\/wp-json\/wp\/v2\/product"}],"about":[{"href":"https:\/\/aivlisoft.net\/shop\/wp-json\/wp\/v2\/types\/product"}],"wp:featuredmedia":[{"embeddable":true,"href":"https:\/\/aivlisoft.net\/shop\/wp-json\/wp\/v2\/media\/20288"}],"wp:attachment":[{"href":"https:\/\/aivlisoft.net\/shop\/wp-json\/wp\/v2\/media?parent=20287"}],"wp:term":[{"taxonomy":"product_brand","embeddable":true,"href":"https:\/\/aivlisoft.net\/shop\/wp-json\/wp\/v2\/product_brand?post=20287"},{"taxonomy":"product_cat","embeddable":true,"href":"https:\/\/aivlisoft.net\/shop\/wp-json\/wp\/v2\/product_cat?post=20287"},{"taxonomy":"product_tag","embeddable":true,"href":"https:\/\/aivlisoft.net\/shop\/wp-json\/wp\/v2\/product_tag?post=20287"}],"curies":[{"name":"wp","href":"https:\/\/api.w.org\/{rel}","templated":true}]}}