{"id":20283,"date":"2025-01-13T15:41:08","date_gmt":"2025-01-13T15:41:08","guid":{"rendered":"https:\/\/aivlisoft.com\/?post_type=product&#038;p=20283"},"modified":"2025-01-14T11:49:47","modified_gmt":"2025-01-14T11:49:47","slug":"ubiquiti-edgeswitch-es-16-150w-16xgb-2xsfp","status":"publish","type":"product","link":"https:\/\/aivlisoft.net\/shop\/producto\/ubiquiti-edgeswitch-es-16-150w-16xgb-2xsfp\/","title":{"rendered":"Ubiquiti EdgeSwitch ES-16-150W 16xGB 2xSFP"},"content":{"rendered":"<div>\n<div>El EdgeSwitch &trade; proporciona la capacidad de reenv&iacute;o para procesar simult&aacute;neamente el tr&aacute;fico en todos los puertos a velocidad de l&iacute;nea sin ning&uacute;n tipo de p&eacute;rdida de paquetes. Rendimiento total sin bloqueo: hasta 26 Gbps para los modelos de 24 puertos y hasta 70 Gbps para los modelos de 48 puertos.<\/div>\n<div>El EdgeSwitch &trade; es compatible con una amplia gama de caracter&iacute;sticas y protocolos de capa 2 de conmutaci&oacute;n avanzada, y tambi&eacute;n proporciona Layer-3 con capacidad de enrutamiento.<\/div>\n<div>El EdgeSwitch &trade; cuenta con detecci&oacute;n autom&aacute;tica de IEEE 802.3af \/ at y PoE pasivo 24V necesarios para conectar varios dispositivos en la red.<\/div>\n<div>La interfaz de usuario es f&aacute;cil de aprender y permite a los administradores configurar y supervisar las funciones en una interfaz gr&aacute;fica de usuario. Para usuarios avanzados, la interfaz de l&iacute;nea de comandos (CLI) est&aacute; disponible a trav&eacute;s de Telnet y SSH.<\/div>\n<\/div>\n<p><\/p>\n<table class=\"tabla_caracteristicas k-table\" width=\"100%\">\n<tbody>\n<tr>\n<td><strong>Marca<\/strong><\/td>\n<td>Ubiquiti<\/td>\n<\/tr>\n<tr>\n<td><strong>Modelo<\/strong><\/td>\n<td><strong>ES-16-150W<\/strong><\/td>\n<\/tr>\n<tr>\n<td valign=\"top\"><strong>Interfaces<\/strong><\/td>\n<td>\n<div>&#8211; 16 x puertos RJ45 Gigabit 10\/100\/1000 Mbps<\/div>\n<div>&#8211; 2 x puertos SFP 1 Gbps<\/div>\n<div>&#8211; 1 x puerto consola (reservado para uso futuro)<\/div>\n<\/td>\n<\/tr>\n<tr>\n<td valign=\"top\"><strong>Protocolos<\/strong><\/td>\n<td>\n<div>POE+, IEEE 802.3at\/af<\/div>\n<\/td>\n<\/tr>\n<tr>\n<td valign=\"top\"><strong>Especificaciones<\/strong><\/td>\n<td>\n<div><strong>Rendimiento<\/strong><br \/>&#8211; Ancho de banda total: 18 Gbps<\/div>\n<div>&#8211; Capacidad de switch: 36 Gbps<\/div>\n<div>&#8211; Capacidad de seguimiento: 26.78 Gbps<br \/><strong>&#8211; PoE por puerto<\/strong>:<\/div>\n<div>&#8211; Interfaces PoE:<\/div>\n<div>&nbsp; POE+ IEEE 802.3 af\/at (pins 1, 2+; 3, 6-)<\/div>\n<div>&nbsp; 24VDC PoE pasivo (pins 4, 5+; 7, \ud83d\ude0e<\/div>\n<div>&#8211; M&aacute;ximo consumo por puerto PoE: 34,2 W<\/div>\n<div>&#8211; Voltaje en modo 802.3at: 50-57V<\/div>\n<div>&#8211; Consumo m&aacute;ximo por puerto PoE: 17 W<\/div>\n<div>&#8211; Voltaje para puertos de 24V: 20-27 V<\/div>\n<\/td>\n<\/tr>\n<tr>\n<td valign=\"top\"><strong>Otras caracter&iacute;sticas<\/strong><\/td>\n<td>\n<div>&#8211; Certificaciones: CE, FCC, IC<br \/>&#8211; Cantidad de Ventiladores: 2<br \/>&#8211; Dimensiones: 443 x 43 x 221 mm<\/div>\n<div>&#8211; Peso: 2,8 kg<br \/>&#8211; Energ&iacute;a:<br \/>&nbsp; M&eacute;todo de corriente: 100-240 V (50-60Hz),<\/div>\n<div>&nbsp; entrada universal<\/div>\n<div>&nbsp; Consumo m&aacute;ximo: 150 W<\/div>\n<div>&#8211; Montable en rack: 1U<br \/>&#8211; Factores ambientales:<br \/>&nbsp; Temperatura de funcionamiento: -5? ~ 40?<\/div>\n<div>&nbsp; (23? ~ 104?);<br \/>&nbsp; Humedad de funcionamiento:<\/div>\n<div>&nbsp; 95% m&aacute;ximo de humedad sin condensaci&oacute;n<\/div>\n<\/td>\n<\/tr>\n<tr>\n<td valign=\"top\"><strong>Folleto t&eacute;cnico<\/strong><\/td>\n<td><a href=\"https:\/\/dl.ubnt.com\/datasheets\/edgemax\/EdgeSwitch_DS.pdf\" target=\"_blank\">https:\/\/dl.ubnt.com\/datasheets\/edgemax\/EdgeSwitch_DS.pdf<\/a><\/td>\n<\/tr>\n<tr>\n<td valign=\"top\"><strong>Gu&iacute;a de administraci&oacute;n<\/strong><\/td>\n<td><a href=\"https:\/\/dl.ubnt.com\/guides\/edgemax\/EdgeSwitch_AdminGuide.pdf\" target=\"_blank\">https:\/\/dl.ubnt.com\/guides\/edgemax\/EdgeSwitch_AdminGuide.pdf<\/a><\/td>\n<\/tr>\n<tr>\n<td valign=\"top\"><strong>Gu&iacute;a de instalaci&oacute;n<\/strong><\/td>\n<td><a href=\"https:\/\/dl.ubnt.com\/guides\/edgemax\/EdgeSwitch_ES-16-150W_QSG.pdf\" target=\"_blank\">https:\/\/dl.ubnt.com\/guides\/edgemax\/EdgeSwitch_ES-16-150W_QSG.pdf<\/a><\/td>\n<\/tr>\n<tr>\n<td><strong>Fecha Revisi&oacute;n<\/strong><\/td>\n<td>04-02-2016 por MSB<\/td>\n<\/tr>\n<\/tbody>\n<\/table>\n","protected":false},"excerpt":{"rendered":"<p>El EdgeSwitch &trade; proporciona la capacidad de reenv&iacute;o para procesar simult&aacute;neamente el tr&aacute;fico en todos los puertos a velocidad de l&iacute;nea sin ning&uacute;n tipo de p&eacute;rdida de paquetes. Rendimiento total sin bloqueo: hasta 26 Gbps para los modelos de 24 puertos y hasta 70 Gbps para los modelos de 48 puertos. El EdgeSwitch &trade; es&hellip;&nbsp;<a href=\"https:\/\/aivlisoft.net\/shop\/producto\/ubiquiti-edgeswitch-es-16-150w-16xgb-2xsfp\/\" rel=\"bookmark\"><span class=\"screen-reader-text\">Ubiquiti EdgeSwitch ES-16-150W 16xGB 2xSFP<\/span><\/a><\/p>\n","protected":false},"featured_media":20284,"template":"","meta":{"neve_meta_sidebar":"","neve_meta_container":"","neve_meta_enable_content_width":"","neve_meta_content_width":0,"neve_meta_title_alignment":"","neve_meta_author_avatar":"","neve_post_elements_order":"","neve_meta_disable_header":"","neve_meta_disable_footer":"","neve_meta_disable_title":""},"product_brand":[],"product_cat":[8771],"product_tag":[7246],"class_list":{"0":"post-20283","1":"product","2":"type-product","3":"status-publish","4":"has-post-thumbnail","6":"product_cat-switches-armario","7":"product_tag-es-16-150w","9":"first","10":"instock","11":"taxable","12":"shipping-taxable","13":"purchasable","14":"product-type-simple"},"yoast_head":"<!-- This site is optimized with the Yoast SEO plugin v26.0 - https:\/\/yoast.com\/wordpress\/plugins\/seo\/ -->\n<title>Ubiquiti EdgeSwitch ES-16-150W 16xGB 2xSFP - Aivlisoft Inform\u00e1tica<\/title>\n<meta name=\"robots\" content=\"index, follow, max-snippet:-1, max-image-preview:large, max-video-preview:-1\" \/>\n<link rel=\"canonical\" href=\"https:\/\/aivlisoft.net\/shop\/producto\/ubiquiti-edgeswitch-es-16-150w-16xgb-2xsfp\/\" \/>\n<meta property=\"og:locale\" content=\"es_ES\" \/>\n<meta property=\"og:type\" content=\"article\" \/>\n<meta property=\"og:title\" content=\"Ubiquiti EdgeSwitch ES-16-150W 16xGB 2xSFP - Aivlisoft Inform\u00e1tica\" \/>\n<meta property=\"og:description\" content=\"El EdgeSwitch &trade; proporciona la capacidad de reenv&iacute;o para procesar simult&aacute;neamente el tr&aacute;fico en todos los puertos a velocidad de l&iacute;nea sin ning&uacute;n tipo de p&eacute;rdida de paquetes. Rendimiento total sin bloqueo: hasta 26 Gbps para los modelos de 24 puertos y hasta 70 Gbps para los modelos de 48 puertos. El EdgeSwitch &trade; es&hellip;&nbsp;Ubiquiti EdgeSwitch ES-16-150W 16xGB 2xSFP\" \/>\n<meta property=\"og:url\" content=\"https:\/\/aivlisoft.net\/shop\/producto\/ubiquiti-edgeswitch-es-16-150w-16xgb-2xsfp\/\" \/>\n<meta property=\"og:site_name\" content=\"Aivlisoft Inform\u00e1tica\" \/>\n<meta property=\"article:modified_time\" content=\"2025-01-14T11:49:47+00:00\" \/>\n<meta property=\"og:image\" content=\"https:\/\/aivlisoft.net\/shop\/wp-content\/uploads\/2025\/01\/NSWSAR0119_large.jpg\" \/>\n\t<meta property=\"og:image:width\" content=\"400\" \/>\n\t<meta property=\"og:image:height\" content=\"400\" \/>\n\t<meta property=\"og:image:type\" content=\"image\/jpeg\" \/>\n<meta name=\"twitter:card\" content=\"summary_large_image\" \/>\n<meta name=\"twitter:label1\" content=\"Tiempo de lectura\" \/>\n\t<meta name=\"twitter:data1\" content=\"2 minutos\" \/>\n<script type=\"application\/ld+json\" class=\"yoast-schema-graph\">{\"@context\":\"https:\/\/schema.org\",\"@graph\":[{\"@type\":\"WebPage\",\"@id\":\"https:\/\/aivlisoft.net\/shop\/producto\/ubiquiti-edgeswitch-es-16-150w-16xgb-2xsfp\/\",\"url\":\"https:\/\/aivlisoft.net\/shop\/producto\/ubiquiti-edgeswitch-es-16-150w-16xgb-2xsfp\/\",\"name\":\"Ubiquiti EdgeSwitch ES-16-150W 16xGB 2xSFP - Aivlisoft Inform\u00e1tica\",\"isPartOf\":{\"@id\":\"https:\/\/aivlisoft.net\/shop\/#website\"},\"primaryImageOfPage\":{\"@id\":\"https:\/\/aivlisoft.net\/shop\/producto\/ubiquiti-edgeswitch-es-16-150w-16xgb-2xsfp\/#primaryimage\"},\"image\":{\"@id\":\"https:\/\/aivlisoft.net\/shop\/producto\/ubiquiti-edgeswitch-es-16-150w-16xgb-2xsfp\/#primaryimage\"},\"thumbnailUrl\":\"https:\/\/aivlisoft.net\/shop\/wp-content\/uploads\/2025\/01\/NSWSAR0119_large.jpg\",\"datePublished\":\"2025-01-13T15:41:08+00:00\",\"dateModified\":\"2025-01-14T11:49:47+00:00\",\"breadcrumb\":{\"@id\":\"https:\/\/aivlisoft.net\/shop\/producto\/ubiquiti-edgeswitch-es-16-150w-16xgb-2xsfp\/#breadcrumb\"},\"inLanguage\":\"es\",\"potentialAction\":[{\"@type\":\"ReadAction\",\"target\":[\"https:\/\/aivlisoft.net\/shop\/producto\/ubiquiti-edgeswitch-es-16-150w-16xgb-2xsfp\/\"]}]},{\"@type\":\"ImageObject\",\"inLanguage\":\"es\",\"@id\":\"https:\/\/aivlisoft.net\/shop\/producto\/ubiquiti-edgeswitch-es-16-150w-16xgb-2xsfp\/#primaryimage\",\"url\":\"https:\/\/aivlisoft.net\/shop\/wp-content\/uploads\/2025\/01\/NSWSAR0119_large.jpg\",\"contentUrl\":\"https:\/\/aivlisoft.net\/shop\/wp-content\/uploads\/2025\/01\/NSWSAR0119_large.jpg\",\"width\":400,\"height\":400},{\"@type\":\"BreadcrumbList\",\"@id\":\"https:\/\/aivlisoft.net\/shop\/producto\/ubiquiti-edgeswitch-es-16-150w-16xgb-2xsfp\/#breadcrumb\",\"itemListElement\":[{\"@type\":\"ListItem\",\"position\":1,\"name\":\"Portada\",\"item\":\"https:\/\/aivlisoft.net\/shop\/\"},{\"@type\":\"ListItem\",\"position\":2,\"name\":\"Tienda\",\"item\":\"https:\/\/aivlisoft.net\/shop\/tienda\/\"},{\"@type\":\"ListItem\",\"position\":3,\"name\":\"Ubiquiti EdgeSwitch ES-16-150W 16xGB 2xSFP\"}]},{\"@type\":\"WebSite\",\"@id\":\"https:\/\/aivlisoft.net\/shop\/#website\",\"url\":\"https:\/\/aivlisoft.net\/shop\/\",\"name\":\"Aivlisoft Inform\u00e1tica\",\"description\":\"En Aivlisoft Inform\u00e1tica ofrecemos soluciones tecnol\u00f3gicas para empresas: venta de ordenadores, consumibles, perif\u00e9ricos y m\u00e1s. Calidad, atenci\u00f3n personalizada y los mejores precios para tu negocio.\",\"publisher\":{\"@id\":\"https:\/\/aivlisoft.net\/shop\/#organization\"},\"potentialAction\":[{\"@type\":\"SearchAction\",\"target\":{\"@type\":\"EntryPoint\",\"urlTemplate\":\"https:\/\/aivlisoft.net\/shop\/?s={search_term_string}\"},\"query-input\":{\"@type\":\"PropertyValueSpecification\",\"valueRequired\":true,\"valueName\":\"search_term_string\"}}],\"inLanguage\":\"es\"},{\"@type\":\"Organization\",\"@id\":\"https:\/\/aivlisoft.net\/shop\/#organization\",\"name\":\"Aivlisoft Inform\u00e1tica\",\"url\":\"https:\/\/aivlisoft.net\/shop\/\",\"logo\":{\"@type\":\"ImageObject\",\"inLanguage\":\"es\",\"@id\":\"https:\/\/aivlisoft.net\/shop\/#\/schema\/logo\/image\/\",\"url\":\"https:\/\/aivlisoft.net\/shop\/wp-content\/uploads\/2024\/12\/removal.ai_5b848c54-0cdf-4140-95c5-c5536bb7573b-logodef.png\",\"contentUrl\":\"https:\/\/aivlisoft.net\/shop\/wp-content\/uploads\/2024\/12\/removal.ai_5b848c54-0cdf-4140-95c5-c5536bb7573b-logodef.png\",\"width\":484,\"height\":182,\"caption\":\"Aivlisoft Inform\u00e1tica\"},\"image\":{\"@id\":\"https:\/\/aivlisoft.net\/shop\/#\/schema\/logo\/image\/\"}}]}<\/script>\n<!-- \/ Yoast SEO plugin. -->","yoast_head_json":{"title":"Ubiquiti EdgeSwitch ES-16-150W 16xGB 2xSFP - Aivlisoft Inform\u00e1tica","robots":{"index":"index","follow":"follow","max-snippet":"max-snippet:-1","max-image-preview":"max-image-preview:large","max-video-preview":"max-video-preview:-1"},"canonical":"https:\/\/aivlisoft.net\/shop\/producto\/ubiquiti-edgeswitch-es-16-150w-16xgb-2xsfp\/","og_locale":"es_ES","og_type":"article","og_title":"Ubiquiti EdgeSwitch ES-16-150W 16xGB 2xSFP - Aivlisoft Inform\u00e1tica","og_description":"El EdgeSwitch &trade; proporciona la capacidad de reenv&iacute;o para procesar simult&aacute;neamente el tr&aacute;fico en todos los puertos a velocidad de l&iacute;nea sin ning&uacute;n tipo de p&eacute;rdida de paquetes. Rendimiento total sin bloqueo: hasta 26 Gbps para los modelos de 24 puertos y hasta 70 Gbps para los modelos de 48 puertos. El EdgeSwitch &trade; es&hellip;&nbsp;Ubiquiti EdgeSwitch ES-16-150W 16xGB 2xSFP","og_url":"https:\/\/aivlisoft.net\/shop\/producto\/ubiquiti-edgeswitch-es-16-150w-16xgb-2xsfp\/","og_site_name":"Aivlisoft Inform\u00e1tica","article_modified_time":"2025-01-14T11:49:47+00:00","og_image":[{"width":400,"height":400,"url":"https:\/\/aivlisoft.net\/shop\/wp-content\/uploads\/2025\/01\/NSWSAR0119_large.jpg","type":"image\/jpeg"}],"twitter_card":"summary_large_image","twitter_misc":{"Tiempo de lectura":"2 minutos"},"schema":{"@context":"https:\/\/schema.org","@graph":[{"@type":"WebPage","@id":"https:\/\/aivlisoft.net\/shop\/producto\/ubiquiti-edgeswitch-es-16-150w-16xgb-2xsfp\/","url":"https:\/\/aivlisoft.net\/shop\/producto\/ubiquiti-edgeswitch-es-16-150w-16xgb-2xsfp\/","name":"Ubiquiti EdgeSwitch ES-16-150W 16xGB 2xSFP - Aivlisoft Inform\u00e1tica","isPartOf":{"@id":"https:\/\/aivlisoft.net\/shop\/#website"},"primaryImageOfPage":{"@id":"https:\/\/aivlisoft.net\/shop\/producto\/ubiquiti-edgeswitch-es-16-150w-16xgb-2xsfp\/#primaryimage"},"image":{"@id":"https:\/\/aivlisoft.net\/shop\/producto\/ubiquiti-edgeswitch-es-16-150w-16xgb-2xsfp\/#primaryimage"},"thumbnailUrl":"https:\/\/aivlisoft.net\/shop\/wp-content\/uploads\/2025\/01\/NSWSAR0119_large.jpg","datePublished":"2025-01-13T15:41:08+00:00","dateModified":"2025-01-14T11:49:47+00:00","breadcrumb":{"@id":"https:\/\/aivlisoft.net\/shop\/producto\/ubiquiti-edgeswitch-es-16-150w-16xgb-2xsfp\/#breadcrumb"},"inLanguage":"es","potentialAction":[{"@type":"ReadAction","target":["https:\/\/aivlisoft.net\/shop\/producto\/ubiquiti-edgeswitch-es-16-150w-16xgb-2xsfp\/"]}]},{"@type":"ImageObject","inLanguage":"es","@id":"https:\/\/aivlisoft.net\/shop\/producto\/ubiquiti-edgeswitch-es-16-150w-16xgb-2xsfp\/#primaryimage","url":"https:\/\/aivlisoft.net\/shop\/wp-content\/uploads\/2025\/01\/NSWSAR0119_large.jpg","contentUrl":"https:\/\/aivlisoft.net\/shop\/wp-content\/uploads\/2025\/01\/NSWSAR0119_large.jpg","width":400,"height":400},{"@type":"BreadcrumbList","@id":"https:\/\/aivlisoft.net\/shop\/producto\/ubiquiti-edgeswitch-es-16-150w-16xgb-2xsfp\/#breadcrumb","itemListElement":[{"@type":"ListItem","position":1,"name":"Portada","item":"https:\/\/aivlisoft.net\/shop\/"},{"@type":"ListItem","position":2,"name":"Tienda","item":"https:\/\/aivlisoft.net\/shop\/tienda\/"},{"@type":"ListItem","position":3,"name":"Ubiquiti EdgeSwitch ES-16-150W 16xGB 2xSFP"}]},{"@type":"WebSite","@id":"https:\/\/aivlisoft.net\/shop\/#website","url":"https:\/\/aivlisoft.net\/shop\/","name":"Aivlisoft Inform\u00e1tica","description":"En Aivlisoft Inform\u00e1tica ofrecemos soluciones tecnol\u00f3gicas para empresas: venta de ordenadores, consumibles, perif\u00e9ricos y m\u00e1s. Calidad, atenci\u00f3n personalizada y los mejores precios para tu negocio.","publisher":{"@id":"https:\/\/aivlisoft.net\/shop\/#organization"},"potentialAction":[{"@type":"SearchAction","target":{"@type":"EntryPoint","urlTemplate":"https:\/\/aivlisoft.net\/shop\/?s={search_term_string}"},"query-input":{"@type":"PropertyValueSpecification","valueRequired":true,"valueName":"search_term_string"}}],"inLanguage":"es"},{"@type":"Organization","@id":"https:\/\/aivlisoft.net\/shop\/#organization","name":"Aivlisoft Inform\u00e1tica","url":"https:\/\/aivlisoft.net\/shop\/","logo":{"@type":"ImageObject","inLanguage":"es","@id":"https:\/\/aivlisoft.net\/shop\/#\/schema\/logo\/image\/","url":"https:\/\/aivlisoft.net\/shop\/wp-content\/uploads\/2024\/12\/removal.ai_5b848c54-0cdf-4140-95c5-c5536bb7573b-logodef.png","contentUrl":"https:\/\/aivlisoft.net\/shop\/wp-content\/uploads\/2024\/12\/removal.ai_5b848c54-0cdf-4140-95c5-c5536bb7573b-logodef.png","width":484,"height":182,"caption":"Aivlisoft Inform\u00e1tica"},"image":{"@id":"https:\/\/aivlisoft.net\/shop\/#\/schema\/logo\/image\/"}}]}},"_links":{"self":[{"href":"https:\/\/aivlisoft.net\/shop\/wp-json\/wp\/v2\/product\/20283","targetHints":{"allow":["GET"]}}],"collection":[{"href":"https:\/\/aivlisoft.net\/shop\/wp-json\/wp\/v2\/product"}],"about":[{"href":"https:\/\/aivlisoft.net\/shop\/wp-json\/wp\/v2\/types\/product"}],"wp:featuredmedia":[{"embeddable":true,"href":"https:\/\/aivlisoft.net\/shop\/wp-json\/wp\/v2\/media\/20284"}],"wp:attachment":[{"href":"https:\/\/aivlisoft.net\/shop\/wp-json\/wp\/v2\/media?parent=20283"}],"wp:term":[{"taxonomy":"product_brand","embeddable":true,"href":"https:\/\/aivlisoft.net\/shop\/wp-json\/wp\/v2\/product_brand?post=20283"},{"taxonomy":"product_cat","embeddable":true,"href":"https:\/\/aivlisoft.net\/shop\/wp-json\/wp\/v2\/product_cat?post=20283"},{"taxonomy":"product_tag","embeddable":true,"href":"https:\/\/aivlisoft.net\/shop\/wp-json\/wp\/v2\/product_tag?post=20283"}],"curies":[{"name":"wp","href":"https:\/\/api.w.org\/{rel}","templated":true}]}}