{"id":20281,"date":"2025-01-13T15:41:07","date_gmt":"2025-01-13T15:41:07","guid":{"rendered":"https:\/\/aivlisoft.com\/?post_type=product&#038;p=20281"},"modified":"2025-01-14T11:49:46","modified_gmt":"2025-01-14T11:49:46","slug":"ubiquiti-edgeswitch-es24-250w-24xgb-2xsfp","status":"publish","type":"product","link":"https:\/\/aivlisoft.net\/shop\/producto\/ubiquiti-edgeswitch-es24-250w-24xgb-2xsfp\/","title":{"rendered":"Ubiquiti EdgeSwitch ES24-250W 24xGB 2xSFP"},"content":{"rendered":"<div>Ubiquiti EdgeSwitch 24 250W proporciona la capacidad de procesar simult&aacute;neamente el tr&aacute;fico de todos los puertos a alta velocidad sin ning&uacute;n tipo de p&eacute;rdida de paquetes. Ubiquiti EdgeSwitch es un conmutador totalmente administrado, PoE + Gigabit, que ofrece un rendimiento robusto y conmutaci&oacute;n inteligente para redes en crecimiento. El EdgeSwitch ofrece un amplio conjunto de caracter&iacute;sticas y protocolos de capa 2 de conmutaci&oacute;n avanzados y tambi&eacute;n proporciona la capacidad de enrutamiento en capa 3.<\/div>\n<p><\/p>\n<table class=\"tabla_caracteristicas\" width=\"100%\">\n<tbody>\n<tr>\n<td><strong>Marca<\/strong><\/td>\n<td>Ubiquiti<\/td>\n<\/tr>\n<tr>\n<td><strong>Modelo<\/strong><\/td>\n<td><strong>EdgeSwitch (ES24-250W)<\/strong><\/td>\n<\/tr>\n<tr>\n<td valign=\"top\"><strong>Caracter&iacute;sticas<\/strong><\/td>\n<td>\n<div>\n<div data-canvas-width=\"172.84575\">\n<div data-canvas-width=\"198.0209\">\n<div data-canvas-width=\"253.55714999999995\"><strong>&#8211; Interfaces de datos: (24) 10\/100\/1000<\/strong><\/div>\n<\/p><\/div>\n<div data-canvas-width=\"253.55714999999995\"><strong>&#8211; Interfaces SFP: (2) Gigabit<\/strong><\/div>\n<\/p><\/div>\n<div data-canvas-width=\"172.84575\"><strong>&#8211; Interfaz serie: (1) RJ-45<\/strong><\/div>\n<div data-canvas-width=\"172.84575\"><strong>&#8211; Capacidad de switching: 52 Gbps<\/strong><\/div>\n<div data-canvas-width=\"172.84575\"><strong>&#8211; Throughput no bloqueante: 26 Gbps<\/strong><\/div>\n<div data-canvas-width=\"172.84575\">&#8211; Dimensiones: 485&#215;43.7&#215;285.4 mm<\/div>\n<div data-canvas-width=\"46.02674999999999\">&#8211; Peso: 4.7 kg<\/div>\n<div data-canvas-width=\"41.406749999999995\">&#8211; Consumo m&aacute;ximo: 250 W<\/div>\n<div data-canvas-width=\"83.02525000000001\"><strong>&#8211; Rango de voltaje de salida en 802.3af\/at: 20-27V \/ 50-57V<\/strong><\/div>\n<div data-canvas-width=\"91.243075\">&#8211; Vataje PoE\/PoE+ m&aacute;ximo por puerto: 17 W \/ 34.2 W<\/div>\n<div data-canvas-width=\"86.81750000000001\">&#8211; Certificaciones: CE, FCC, IC<\/div>\n<div data-canvas-width=\"96.729325\">&#8211; Montaje en Rack: S&iacute; (1U)<\/div>\n<div data-canvas-width=\"94.400075\">&#8211; Temperatura de operaci&oacute;n: -5 a +40&deg;C<\/div>\n<div data-canvas-width=\"181.98757500000002\">&#8211; Humedad de operaci&oacute;n: 5 a 95% Sin condensaci&oacute;n<\/div>\n<\/p><\/div>\n<\/td>\n<\/tr>\n<tr>\n<td valign=\"top\"><strong>Folleto t&eacute;cnico<\/strong><\/td>\n<td><a href=\"https:\/\/dl.ubnt.com\/datasheets\/edgemax\/EdgeSwitch_DS.pdf\" target=\"_blank\">https:\/\/dl.ubnt.com\/datasheets\/edgemax\/EdgeSwitch_DS.pdf<\/a><\/td>\n<\/tr>\n<tr>\n<td><strong>Gu&iacute;a de instalaci&oacute;n<\/strong><\/td>\n<td><a href=\"https:\/\/dl.ubnt.com\/guides\/edgemax\/EdgeSwitch_ES-24_QSG.pdf\" target=\"_blank\">https:\/\/dl.ubnt.com\/guides\/edgemax\/EdgeSwitch_ES-24_QSG.pdf<\/a><\/td>\n<\/tr>\n<tr>\n<td><strong>Fecha de revisi&oacute;n<\/strong><\/td>\n<td>18-12-2015 por DLS<\/td>\n<\/tr>\n<\/tbody>\n<\/table>\n","protected":false},"excerpt":{"rendered":"<p>Ubiquiti EdgeSwitch 24 250W proporciona la capacidad de procesar simult&aacute;neamente el tr&aacute;fico de todos los puertos a alta velocidad sin ning&uacute;n tipo de p&eacute;rdida de paquetes. Ubiquiti EdgeSwitch es un conmutador totalmente administrado, PoE + Gigabit, que ofrece un rendimiento robusto y conmutaci&oacute;n inteligente para redes en crecimiento. El EdgeSwitch ofrece un amplio conjunto de&hellip;&nbsp;<a href=\"https:\/\/aivlisoft.net\/shop\/producto\/ubiquiti-edgeswitch-es24-250w-24xgb-2xsfp\/\" rel=\"bookmark\"><span class=\"screen-reader-text\">Ubiquiti EdgeSwitch ES24-250W 24xGB 2xSFP<\/span><\/a><\/p>\n","protected":false},"featured_media":20282,"template":"","meta":{"neve_meta_sidebar":"","neve_meta_container":"","neve_meta_enable_content_width":"","neve_meta_content_width":0,"neve_meta_title_alignment":"","neve_meta_author_avatar":"","neve_post_elements_order":"","neve_meta_disable_header":"","neve_meta_disable_footer":"","neve_meta_disable_title":""},"product_brand":[],"product_cat":[8771],"product_tag":[7245],"class_list":{"0":"post-20281","1":"product","2":"type-product","3":"status-publish","4":"has-post-thumbnail","6":"product_cat-switches-armario","7":"product_tag-es24-250w","9":"first","10":"instock","11":"taxable","12":"shipping-taxable","13":"purchasable","14":"product-type-simple"},"yoast_head":"<!-- This site is optimized with the Yoast SEO plugin v26.0 - https:\/\/yoast.com\/wordpress\/plugins\/seo\/ -->\n<title>Ubiquiti EdgeSwitch ES24-250W 24xGB 2xSFP - Aivlisoft Inform\u00e1tica<\/title>\n<meta name=\"robots\" content=\"index, follow, max-snippet:-1, max-image-preview:large, max-video-preview:-1\" \/>\n<link rel=\"canonical\" href=\"https:\/\/aivlisoft.net\/shop\/producto\/ubiquiti-edgeswitch-es24-250w-24xgb-2xsfp\/\" \/>\n<meta property=\"og:locale\" content=\"es_ES\" \/>\n<meta property=\"og:type\" content=\"article\" \/>\n<meta property=\"og:title\" content=\"Ubiquiti EdgeSwitch ES24-250W 24xGB 2xSFP - Aivlisoft Inform\u00e1tica\" \/>\n<meta property=\"og:description\" content=\"Ubiquiti EdgeSwitch 24 250W proporciona la capacidad de procesar simult&aacute;neamente el tr&aacute;fico de todos los puertos a alta velocidad sin ning&uacute;n tipo de p&eacute;rdida de paquetes. Ubiquiti EdgeSwitch es un conmutador totalmente administrado, PoE + Gigabit, que ofrece un rendimiento robusto y conmutaci&oacute;n inteligente para redes en crecimiento. El EdgeSwitch ofrece un amplio conjunto de&hellip;&nbsp;Ubiquiti EdgeSwitch ES24-250W 24xGB 2xSFP\" \/>\n<meta property=\"og:url\" content=\"https:\/\/aivlisoft.net\/shop\/producto\/ubiquiti-edgeswitch-es24-250w-24xgb-2xsfp\/\" \/>\n<meta property=\"og:site_name\" content=\"Aivlisoft Inform\u00e1tica\" \/>\n<meta property=\"article:modified_time\" content=\"2025-01-14T11:49:46+00:00\" \/>\n<meta property=\"og:image\" content=\"https:\/\/aivlisoft.net\/shop\/wp-content\/uploads\/2025\/01\/NSWSAR0114_large.jpg\" \/>\n\t<meta property=\"og:image:width\" content=\"400\" \/>\n\t<meta property=\"og:image:height\" content=\"400\" \/>\n\t<meta property=\"og:image:type\" content=\"image\/jpeg\" \/>\n<meta name=\"twitter:card\" content=\"summary_large_image\" \/>\n<meta name=\"twitter:label1\" content=\"Tiempo de lectura\" \/>\n\t<meta name=\"twitter:data1\" content=\"1 minuto\" \/>\n<script type=\"application\/ld+json\" class=\"yoast-schema-graph\">{\"@context\":\"https:\/\/schema.org\",\"@graph\":[{\"@type\":\"WebPage\",\"@id\":\"https:\/\/aivlisoft.net\/shop\/producto\/ubiquiti-edgeswitch-es24-250w-24xgb-2xsfp\/\",\"url\":\"https:\/\/aivlisoft.net\/shop\/producto\/ubiquiti-edgeswitch-es24-250w-24xgb-2xsfp\/\",\"name\":\"Ubiquiti EdgeSwitch ES24-250W 24xGB 2xSFP - Aivlisoft Inform\u00e1tica\",\"isPartOf\":{\"@id\":\"https:\/\/aivlisoft.net\/shop\/#website\"},\"primaryImageOfPage\":{\"@id\":\"https:\/\/aivlisoft.net\/shop\/producto\/ubiquiti-edgeswitch-es24-250w-24xgb-2xsfp\/#primaryimage\"},\"image\":{\"@id\":\"https:\/\/aivlisoft.net\/shop\/producto\/ubiquiti-edgeswitch-es24-250w-24xgb-2xsfp\/#primaryimage\"},\"thumbnailUrl\":\"https:\/\/aivlisoft.net\/shop\/wp-content\/uploads\/2025\/01\/NSWSAR0114_large.jpg\",\"datePublished\":\"2025-01-13T15:41:07+00:00\",\"dateModified\":\"2025-01-14T11:49:46+00:00\",\"breadcrumb\":{\"@id\":\"https:\/\/aivlisoft.net\/shop\/producto\/ubiquiti-edgeswitch-es24-250w-24xgb-2xsfp\/#breadcrumb\"},\"inLanguage\":\"es\",\"potentialAction\":[{\"@type\":\"ReadAction\",\"target\":[\"https:\/\/aivlisoft.net\/shop\/producto\/ubiquiti-edgeswitch-es24-250w-24xgb-2xsfp\/\"]}]},{\"@type\":\"ImageObject\",\"inLanguage\":\"es\",\"@id\":\"https:\/\/aivlisoft.net\/shop\/producto\/ubiquiti-edgeswitch-es24-250w-24xgb-2xsfp\/#primaryimage\",\"url\":\"https:\/\/aivlisoft.net\/shop\/wp-content\/uploads\/2025\/01\/NSWSAR0114_large.jpg\",\"contentUrl\":\"https:\/\/aivlisoft.net\/shop\/wp-content\/uploads\/2025\/01\/NSWSAR0114_large.jpg\",\"width\":400,\"height\":400},{\"@type\":\"BreadcrumbList\",\"@id\":\"https:\/\/aivlisoft.net\/shop\/producto\/ubiquiti-edgeswitch-es24-250w-24xgb-2xsfp\/#breadcrumb\",\"itemListElement\":[{\"@type\":\"ListItem\",\"position\":1,\"name\":\"Portada\",\"item\":\"https:\/\/aivlisoft.net\/shop\/\"},{\"@type\":\"ListItem\",\"position\":2,\"name\":\"Tienda\",\"item\":\"https:\/\/aivlisoft.net\/shop\/tienda\/\"},{\"@type\":\"ListItem\",\"position\":3,\"name\":\"Ubiquiti EdgeSwitch ES24-250W 24xGB 2xSFP\"}]},{\"@type\":\"WebSite\",\"@id\":\"https:\/\/aivlisoft.net\/shop\/#website\",\"url\":\"https:\/\/aivlisoft.net\/shop\/\",\"name\":\"Aivlisoft Inform\u00e1tica\",\"description\":\"En Aivlisoft Inform\u00e1tica ofrecemos soluciones tecnol\u00f3gicas para empresas: venta de ordenadores, consumibles, perif\u00e9ricos y m\u00e1s. Calidad, atenci\u00f3n personalizada y los mejores precios para tu negocio.\",\"publisher\":{\"@id\":\"https:\/\/aivlisoft.net\/shop\/#organization\"},\"potentialAction\":[{\"@type\":\"SearchAction\",\"target\":{\"@type\":\"EntryPoint\",\"urlTemplate\":\"https:\/\/aivlisoft.net\/shop\/?s={search_term_string}\"},\"query-input\":{\"@type\":\"PropertyValueSpecification\",\"valueRequired\":true,\"valueName\":\"search_term_string\"}}],\"inLanguage\":\"es\"},{\"@type\":\"Organization\",\"@id\":\"https:\/\/aivlisoft.net\/shop\/#organization\",\"name\":\"Aivlisoft Inform\u00e1tica\",\"url\":\"https:\/\/aivlisoft.net\/shop\/\",\"logo\":{\"@type\":\"ImageObject\",\"inLanguage\":\"es\",\"@id\":\"https:\/\/aivlisoft.net\/shop\/#\/schema\/logo\/image\/\",\"url\":\"https:\/\/aivlisoft.net\/shop\/wp-content\/uploads\/2024\/12\/removal.ai_5b848c54-0cdf-4140-95c5-c5536bb7573b-logodef.png\",\"contentUrl\":\"https:\/\/aivlisoft.net\/shop\/wp-content\/uploads\/2024\/12\/removal.ai_5b848c54-0cdf-4140-95c5-c5536bb7573b-logodef.png\",\"width\":484,\"height\":182,\"caption\":\"Aivlisoft Inform\u00e1tica\"},\"image\":{\"@id\":\"https:\/\/aivlisoft.net\/shop\/#\/schema\/logo\/image\/\"}}]}<\/script>\n<!-- \/ Yoast SEO plugin. -->","yoast_head_json":{"title":"Ubiquiti EdgeSwitch ES24-250W 24xGB 2xSFP - Aivlisoft Inform\u00e1tica","robots":{"index":"index","follow":"follow","max-snippet":"max-snippet:-1","max-image-preview":"max-image-preview:large","max-video-preview":"max-video-preview:-1"},"canonical":"https:\/\/aivlisoft.net\/shop\/producto\/ubiquiti-edgeswitch-es24-250w-24xgb-2xsfp\/","og_locale":"es_ES","og_type":"article","og_title":"Ubiquiti EdgeSwitch ES24-250W 24xGB 2xSFP - Aivlisoft Inform\u00e1tica","og_description":"Ubiquiti EdgeSwitch 24 250W proporciona la capacidad de procesar simult&aacute;neamente el tr&aacute;fico de todos los puertos a alta velocidad sin ning&uacute;n tipo de p&eacute;rdida de paquetes. Ubiquiti EdgeSwitch es un conmutador totalmente administrado, PoE + Gigabit, que ofrece un rendimiento robusto y conmutaci&oacute;n inteligente para redes en crecimiento. El EdgeSwitch ofrece un amplio conjunto de&hellip;&nbsp;Ubiquiti EdgeSwitch ES24-250W 24xGB 2xSFP","og_url":"https:\/\/aivlisoft.net\/shop\/producto\/ubiquiti-edgeswitch-es24-250w-24xgb-2xsfp\/","og_site_name":"Aivlisoft Inform\u00e1tica","article_modified_time":"2025-01-14T11:49:46+00:00","og_image":[{"width":400,"height":400,"url":"https:\/\/aivlisoft.net\/shop\/wp-content\/uploads\/2025\/01\/NSWSAR0114_large.jpg","type":"image\/jpeg"}],"twitter_card":"summary_large_image","twitter_misc":{"Tiempo de lectura":"1 minuto"},"schema":{"@context":"https:\/\/schema.org","@graph":[{"@type":"WebPage","@id":"https:\/\/aivlisoft.net\/shop\/producto\/ubiquiti-edgeswitch-es24-250w-24xgb-2xsfp\/","url":"https:\/\/aivlisoft.net\/shop\/producto\/ubiquiti-edgeswitch-es24-250w-24xgb-2xsfp\/","name":"Ubiquiti EdgeSwitch ES24-250W 24xGB 2xSFP - Aivlisoft Inform\u00e1tica","isPartOf":{"@id":"https:\/\/aivlisoft.net\/shop\/#website"},"primaryImageOfPage":{"@id":"https:\/\/aivlisoft.net\/shop\/producto\/ubiquiti-edgeswitch-es24-250w-24xgb-2xsfp\/#primaryimage"},"image":{"@id":"https:\/\/aivlisoft.net\/shop\/producto\/ubiquiti-edgeswitch-es24-250w-24xgb-2xsfp\/#primaryimage"},"thumbnailUrl":"https:\/\/aivlisoft.net\/shop\/wp-content\/uploads\/2025\/01\/NSWSAR0114_large.jpg","datePublished":"2025-01-13T15:41:07+00:00","dateModified":"2025-01-14T11:49:46+00:00","breadcrumb":{"@id":"https:\/\/aivlisoft.net\/shop\/producto\/ubiquiti-edgeswitch-es24-250w-24xgb-2xsfp\/#breadcrumb"},"inLanguage":"es","potentialAction":[{"@type":"ReadAction","target":["https:\/\/aivlisoft.net\/shop\/producto\/ubiquiti-edgeswitch-es24-250w-24xgb-2xsfp\/"]}]},{"@type":"ImageObject","inLanguage":"es","@id":"https:\/\/aivlisoft.net\/shop\/producto\/ubiquiti-edgeswitch-es24-250w-24xgb-2xsfp\/#primaryimage","url":"https:\/\/aivlisoft.net\/shop\/wp-content\/uploads\/2025\/01\/NSWSAR0114_large.jpg","contentUrl":"https:\/\/aivlisoft.net\/shop\/wp-content\/uploads\/2025\/01\/NSWSAR0114_large.jpg","width":400,"height":400},{"@type":"BreadcrumbList","@id":"https:\/\/aivlisoft.net\/shop\/producto\/ubiquiti-edgeswitch-es24-250w-24xgb-2xsfp\/#breadcrumb","itemListElement":[{"@type":"ListItem","position":1,"name":"Portada","item":"https:\/\/aivlisoft.net\/shop\/"},{"@type":"ListItem","position":2,"name":"Tienda","item":"https:\/\/aivlisoft.net\/shop\/tienda\/"},{"@type":"ListItem","position":3,"name":"Ubiquiti EdgeSwitch ES24-250W 24xGB 2xSFP"}]},{"@type":"WebSite","@id":"https:\/\/aivlisoft.net\/shop\/#website","url":"https:\/\/aivlisoft.net\/shop\/","name":"Aivlisoft Inform\u00e1tica","description":"En Aivlisoft Inform\u00e1tica ofrecemos soluciones tecnol\u00f3gicas para empresas: venta de ordenadores, consumibles, perif\u00e9ricos y m\u00e1s. Calidad, atenci\u00f3n personalizada y los mejores precios para tu negocio.","publisher":{"@id":"https:\/\/aivlisoft.net\/shop\/#organization"},"potentialAction":[{"@type":"SearchAction","target":{"@type":"EntryPoint","urlTemplate":"https:\/\/aivlisoft.net\/shop\/?s={search_term_string}"},"query-input":{"@type":"PropertyValueSpecification","valueRequired":true,"valueName":"search_term_string"}}],"inLanguage":"es"},{"@type":"Organization","@id":"https:\/\/aivlisoft.net\/shop\/#organization","name":"Aivlisoft Inform\u00e1tica","url":"https:\/\/aivlisoft.net\/shop\/","logo":{"@type":"ImageObject","inLanguage":"es","@id":"https:\/\/aivlisoft.net\/shop\/#\/schema\/logo\/image\/","url":"https:\/\/aivlisoft.net\/shop\/wp-content\/uploads\/2024\/12\/removal.ai_5b848c54-0cdf-4140-95c5-c5536bb7573b-logodef.png","contentUrl":"https:\/\/aivlisoft.net\/shop\/wp-content\/uploads\/2024\/12\/removal.ai_5b848c54-0cdf-4140-95c5-c5536bb7573b-logodef.png","width":484,"height":182,"caption":"Aivlisoft Inform\u00e1tica"},"image":{"@id":"https:\/\/aivlisoft.net\/shop\/#\/schema\/logo\/image\/"}}]}},"_links":{"self":[{"href":"https:\/\/aivlisoft.net\/shop\/wp-json\/wp\/v2\/product\/20281","targetHints":{"allow":["GET"]}}],"collection":[{"href":"https:\/\/aivlisoft.net\/shop\/wp-json\/wp\/v2\/product"}],"about":[{"href":"https:\/\/aivlisoft.net\/shop\/wp-json\/wp\/v2\/types\/product"}],"wp:featuredmedia":[{"embeddable":true,"href":"https:\/\/aivlisoft.net\/shop\/wp-json\/wp\/v2\/media\/20282"}],"wp:attachment":[{"href":"https:\/\/aivlisoft.net\/shop\/wp-json\/wp\/v2\/media?parent=20281"}],"wp:term":[{"taxonomy":"product_brand","embeddable":true,"href":"https:\/\/aivlisoft.net\/shop\/wp-json\/wp\/v2\/product_brand?post=20281"},{"taxonomy":"product_cat","embeddable":true,"href":"https:\/\/aivlisoft.net\/shop\/wp-json\/wp\/v2\/product_cat?post=20281"},{"taxonomy":"product_tag","embeddable":true,"href":"https:\/\/aivlisoft.net\/shop\/wp-json\/wp\/v2\/product_tag?post=20281"}],"curies":[{"name":"wp","href":"https:\/\/api.w.org\/{rel}","templated":true}]}}