{"id":20277,"date":"2025-01-13T15:41:05","date_gmt":"2025-01-13T15:41:05","guid":{"rendered":"https:\/\/aivlisoft.com\/?post_type=product&#038;p=20277"},"modified":"2025-01-14T11:49:45","modified_gmt":"2025-01-14T11:49:45","slug":"ubiquiti-unifi-switch-us-24-250w-24xgb-2xsfp","status":"publish","type":"product","link":"https:\/\/aivlisoft.net\/shop\/producto\/ubiquiti-unifi-switch-us-24-250w-24xgb-2xsfp\/","title":{"rendered":"Ubiquiti UniFi Switch US-24-250W 24xGB 2xSFP"},"content":{"rendered":"<div style=\"text-align: justify;\">El switch UniFi entrega una capacidad de segumiento simultanea en todos los puertos sin ninguna p&eacute;rdida de paquetes. Con un ancho de banda total de 26 Gbps para el modelo de 24 puertos.<\/div>\n<p><\/p>\n<table class=\"tabla_caracteristicas\" width=\"100%\">\n<tbody>\n<tr>\n<td><strong>Marca<\/strong><\/td>\n<td>Ubiquiti<\/td>\n<\/tr>\n<tr>\n<td><strong>Modelo<\/strong><\/td>\n<td>\n<div><strong>US-24-250W<\/strong><\/div>\n<\/td>\n<\/tr>\n<tr>\n<td valign=\"top\"><strong>Interfaces<\/strong><\/td>\n<td>\n<div>&#8211; 24x puertos RJ45 Gigabit<\/div>\n<div>&#8211; 2x puertos SFP<\/div>\n<div>&#8211; 1x puerto consola (reservado para uso futuro)<\/div>\n<\/td>\n<\/tr>\n<tr>\n<td valign=\"top\"><strong>Protocolos<\/strong><\/td>\n<td>\n<div>POE+, IEEE 802.3at\/af<\/div>\n<\/td>\n<\/tr>\n<tr>\n<td valign=\"top\"><strong>Especificaciones<\/strong><\/td>\n<td>\n<div><strong>Rendimiento<\/strong><br \/>\t\t\t&#8211; Ancho de banda total: 26 Gbps<\/div>\n<div>&#8211; Capacidad de switch: 52 Gbps<\/div>\n<div>&#8211; Capacidad de seguimiento: 38,69 Gbps<br \/>\t\t\t<strong>&#8211; PoE por puerto<\/strong>:<\/div>\n<div>&#8211; Interfaces PoE:<\/div>\n<div>&nbsp; POE+ IEEE 802.3 af\/at (puertos 1, 2; 3, 6)<\/div>\n<div>&nbsp; 24VDC PoE pasivo (puertos 4, 5; 7, 8)<\/div>\n<div>&#8211; M&aacute;ximo consumo por puerto PoE: 34,2 W<\/div>\n<div>&#8211; Voltaje en modo 802.3at: 50-57V<\/div>\n<div>&#8211; Consumo m&aacute;ximo por puerto PoE: 17 W<\/div>\n<div>&#8211; Voltaje para puertos de 24V: 20-27 V<\/div>\n<\/td>\n<\/tr>\n<tr>\n<td valign=\"top\"><strong>Otras caracter&iacute;sticas<\/strong><\/td>\n<td>\n<div>&#8211; Certificaciones: CE, FCC, IC<br \/>\t\t\t&#8211; Cantidad de Ventiladores: 2<br \/>\t\t\t&#8211; Dimensiones: 485,04 x 44,45 x 285,6 mm<\/div>\n<div>&#8211; Peso: 3,7 kg<br \/>\t\t\t&#8211; Energ&iacute;a:<br \/>\t\t\t&nbsp; M&eacute;todo de corriente: 100-240 V (50-60Hz),<\/div>\n<div>&nbsp; entrada universal<\/div>\n<div>&nbsp; Consumo m&aacute;ximo: 250 W<br \/>\t\t\t&#8211; Factores ambientales:<br \/>\t\t\t&nbsp; Temperatura de funcionamiento: -5&#8451; ~ 40&#8451;<\/div>\n<div>&nbsp; (23&#8457; ~ 104&#8457;);<br \/>\t\t\t&nbsp; Humedad de funcionamiento: 95% m&aacute;ximo de humedad<\/div>\n<div>&nbsp; sin condensaci&oacute;n<\/div>\n<\/td>\n<\/tr>\n<tr>\n<td><strong>Fecha Revisi&oacute;n<\/strong><\/td>\n<td>29-04-2015 por J4V<\/td>\n<\/tr>\n<\/tbody>\n<\/table>\n","protected":false},"excerpt":{"rendered":"<p>El switch UniFi entrega una capacidad de segumiento simultanea en todos los puertos sin ninguna p&eacute;rdida de paquetes. Con un ancho de banda total de 26 Gbps para el modelo de 24 puertos. Marca Ubiquiti Modelo US-24-250W Interfaces &#8211; 24x puertos RJ45 Gigabit &#8211; 2x puertos SFP &#8211; 1x puerto consola (reservado para uso futuro)&hellip;&nbsp;<a href=\"https:\/\/aivlisoft.net\/shop\/producto\/ubiquiti-unifi-switch-us-24-250w-24xgb-2xsfp\/\" rel=\"bookmark\"><span class=\"screen-reader-text\">Ubiquiti UniFi Switch US-24-250W 24xGB 2xSFP<\/span><\/a><\/p>\n","protected":false},"featured_media":20278,"template":"","meta":{"neve_meta_sidebar":"","neve_meta_container":"","neve_meta_enable_content_width":"","neve_meta_content_width":0,"neve_meta_title_alignment":"","neve_meta_author_avatar":"","neve_post_elements_order":"","neve_meta_disable_header":"","neve_meta_disable_footer":"","neve_meta_disable_title":""},"product_brand":[],"product_cat":[8771],"product_tag":[7243],"class_list":{"0":"post-20277","1":"product","2":"type-product","3":"status-publish","4":"has-post-thumbnail","6":"product_cat-switches-armario","7":"product_tag-us-24-250w","9":"first","10":"instock","11":"taxable","12":"shipping-taxable","13":"purchasable","14":"product-type-simple"},"yoast_head":"<!-- This site is optimized with the Yoast SEO plugin v26.0 - https:\/\/yoast.com\/wordpress\/plugins\/seo\/ -->\n<title>Ubiquiti UniFi Switch US-24-250W 24xGB 2xSFP - Aivlisoft Inform\u00e1tica<\/title>\n<meta name=\"robots\" content=\"index, follow, max-snippet:-1, max-image-preview:large, max-video-preview:-1\" \/>\n<link rel=\"canonical\" href=\"https:\/\/aivlisoft.net\/shop\/producto\/ubiquiti-unifi-switch-us-24-250w-24xgb-2xsfp\/\" \/>\n<meta property=\"og:locale\" content=\"es_ES\" \/>\n<meta property=\"og:type\" content=\"article\" \/>\n<meta property=\"og:title\" content=\"Ubiquiti UniFi Switch US-24-250W 24xGB 2xSFP - Aivlisoft Inform\u00e1tica\" \/>\n<meta property=\"og:description\" content=\"El switch UniFi entrega una capacidad de segumiento simultanea en todos los puertos sin ninguna p&eacute;rdida de paquetes. Con un ancho de banda total de 26 Gbps para el modelo de 24 puertos. Marca Ubiquiti Modelo US-24-250W Interfaces &#8211; 24x puertos RJ45 Gigabit &#8211; 2x puertos SFP &#8211; 1x puerto consola (reservado para uso futuro)&hellip;&nbsp;Ubiquiti UniFi Switch US-24-250W 24xGB 2xSFP\" \/>\n<meta property=\"og:url\" content=\"https:\/\/aivlisoft.net\/shop\/producto\/ubiquiti-unifi-switch-us-24-250w-24xgb-2xsfp\/\" \/>\n<meta property=\"og:site_name\" content=\"Aivlisoft Inform\u00e1tica\" \/>\n<meta property=\"article:modified_time\" content=\"2025-01-14T11:49:45+00:00\" \/>\n<meta property=\"og:image\" content=\"https:\/\/aivlisoft.net\/shop\/wp-content\/uploads\/2025\/01\/NSWSAR0099_large.jpg\" \/>\n\t<meta property=\"og:image:width\" content=\"400\" \/>\n\t<meta property=\"og:image:height\" content=\"400\" \/>\n\t<meta property=\"og:image:type\" content=\"image\/jpeg\" \/>\n<meta name=\"twitter:card\" content=\"summary_large_image\" \/>\n<meta name=\"twitter:label1\" content=\"Tiempo de lectura\" \/>\n\t<meta name=\"twitter:data1\" content=\"1 minuto\" \/>\n<script type=\"application\/ld+json\" class=\"yoast-schema-graph\">{\"@context\":\"https:\/\/schema.org\",\"@graph\":[{\"@type\":\"WebPage\",\"@id\":\"https:\/\/aivlisoft.net\/shop\/producto\/ubiquiti-unifi-switch-us-24-250w-24xgb-2xsfp\/\",\"url\":\"https:\/\/aivlisoft.net\/shop\/producto\/ubiquiti-unifi-switch-us-24-250w-24xgb-2xsfp\/\",\"name\":\"Ubiquiti UniFi Switch US-24-250W 24xGB 2xSFP - Aivlisoft Inform\u00e1tica\",\"isPartOf\":{\"@id\":\"https:\/\/aivlisoft.net\/shop\/#website\"},\"primaryImageOfPage\":{\"@id\":\"https:\/\/aivlisoft.net\/shop\/producto\/ubiquiti-unifi-switch-us-24-250w-24xgb-2xsfp\/#primaryimage\"},\"image\":{\"@id\":\"https:\/\/aivlisoft.net\/shop\/producto\/ubiquiti-unifi-switch-us-24-250w-24xgb-2xsfp\/#primaryimage\"},\"thumbnailUrl\":\"https:\/\/aivlisoft.net\/shop\/wp-content\/uploads\/2025\/01\/NSWSAR0099_large.jpg\",\"datePublished\":\"2025-01-13T15:41:05+00:00\",\"dateModified\":\"2025-01-14T11:49:45+00:00\",\"breadcrumb\":{\"@id\":\"https:\/\/aivlisoft.net\/shop\/producto\/ubiquiti-unifi-switch-us-24-250w-24xgb-2xsfp\/#breadcrumb\"},\"inLanguage\":\"es\",\"potentialAction\":[{\"@type\":\"ReadAction\",\"target\":[\"https:\/\/aivlisoft.net\/shop\/producto\/ubiquiti-unifi-switch-us-24-250w-24xgb-2xsfp\/\"]}]},{\"@type\":\"ImageObject\",\"inLanguage\":\"es\",\"@id\":\"https:\/\/aivlisoft.net\/shop\/producto\/ubiquiti-unifi-switch-us-24-250w-24xgb-2xsfp\/#primaryimage\",\"url\":\"https:\/\/aivlisoft.net\/shop\/wp-content\/uploads\/2025\/01\/NSWSAR0099_large.jpg\",\"contentUrl\":\"https:\/\/aivlisoft.net\/shop\/wp-content\/uploads\/2025\/01\/NSWSAR0099_large.jpg\",\"width\":400,\"height\":400},{\"@type\":\"BreadcrumbList\",\"@id\":\"https:\/\/aivlisoft.net\/shop\/producto\/ubiquiti-unifi-switch-us-24-250w-24xgb-2xsfp\/#breadcrumb\",\"itemListElement\":[{\"@type\":\"ListItem\",\"position\":1,\"name\":\"Portada\",\"item\":\"https:\/\/aivlisoft.net\/shop\/\"},{\"@type\":\"ListItem\",\"position\":2,\"name\":\"Tienda\",\"item\":\"https:\/\/aivlisoft.net\/shop\/tienda\/\"},{\"@type\":\"ListItem\",\"position\":3,\"name\":\"Ubiquiti UniFi Switch US-24-250W 24xGB 2xSFP\"}]},{\"@type\":\"WebSite\",\"@id\":\"https:\/\/aivlisoft.net\/shop\/#website\",\"url\":\"https:\/\/aivlisoft.net\/shop\/\",\"name\":\"Aivlisoft Inform\u00e1tica\",\"description\":\"En Aivlisoft Inform\u00e1tica ofrecemos soluciones tecnol\u00f3gicas para empresas: venta de ordenadores, consumibles, perif\u00e9ricos y m\u00e1s. Calidad, atenci\u00f3n personalizada y los mejores precios para tu negocio.\",\"publisher\":{\"@id\":\"https:\/\/aivlisoft.net\/shop\/#organization\"},\"potentialAction\":[{\"@type\":\"SearchAction\",\"target\":{\"@type\":\"EntryPoint\",\"urlTemplate\":\"https:\/\/aivlisoft.net\/shop\/?s={search_term_string}\"},\"query-input\":{\"@type\":\"PropertyValueSpecification\",\"valueRequired\":true,\"valueName\":\"search_term_string\"}}],\"inLanguage\":\"es\"},{\"@type\":\"Organization\",\"@id\":\"https:\/\/aivlisoft.net\/shop\/#organization\",\"name\":\"Aivlisoft Inform\u00e1tica\",\"url\":\"https:\/\/aivlisoft.net\/shop\/\",\"logo\":{\"@type\":\"ImageObject\",\"inLanguage\":\"es\",\"@id\":\"https:\/\/aivlisoft.net\/shop\/#\/schema\/logo\/image\/\",\"url\":\"https:\/\/aivlisoft.net\/shop\/wp-content\/uploads\/2024\/12\/removal.ai_5b848c54-0cdf-4140-95c5-c5536bb7573b-logodef.png\",\"contentUrl\":\"https:\/\/aivlisoft.net\/shop\/wp-content\/uploads\/2024\/12\/removal.ai_5b848c54-0cdf-4140-95c5-c5536bb7573b-logodef.png\",\"width\":484,\"height\":182,\"caption\":\"Aivlisoft Inform\u00e1tica\"},\"image\":{\"@id\":\"https:\/\/aivlisoft.net\/shop\/#\/schema\/logo\/image\/\"}}]}<\/script>\n<!-- \/ Yoast SEO plugin. -->","yoast_head_json":{"title":"Ubiquiti UniFi Switch US-24-250W 24xGB 2xSFP - Aivlisoft Inform\u00e1tica","robots":{"index":"index","follow":"follow","max-snippet":"max-snippet:-1","max-image-preview":"max-image-preview:large","max-video-preview":"max-video-preview:-1"},"canonical":"https:\/\/aivlisoft.net\/shop\/producto\/ubiquiti-unifi-switch-us-24-250w-24xgb-2xsfp\/","og_locale":"es_ES","og_type":"article","og_title":"Ubiquiti UniFi Switch US-24-250W 24xGB 2xSFP - Aivlisoft Inform\u00e1tica","og_description":"El switch UniFi entrega una capacidad de segumiento simultanea en todos los puertos sin ninguna p&eacute;rdida de paquetes. Con un ancho de banda total de 26 Gbps para el modelo de 24 puertos. Marca Ubiquiti Modelo US-24-250W Interfaces &#8211; 24x puertos RJ45 Gigabit &#8211; 2x puertos SFP &#8211; 1x puerto consola (reservado para uso futuro)&hellip;&nbsp;Ubiquiti UniFi Switch US-24-250W 24xGB 2xSFP","og_url":"https:\/\/aivlisoft.net\/shop\/producto\/ubiquiti-unifi-switch-us-24-250w-24xgb-2xsfp\/","og_site_name":"Aivlisoft Inform\u00e1tica","article_modified_time":"2025-01-14T11:49:45+00:00","og_image":[{"width":400,"height":400,"url":"https:\/\/aivlisoft.net\/shop\/wp-content\/uploads\/2025\/01\/NSWSAR0099_large.jpg","type":"image\/jpeg"}],"twitter_card":"summary_large_image","twitter_misc":{"Tiempo de lectura":"1 minuto"},"schema":{"@context":"https:\/\/schema.org","@graph":[{"@type":"WebPage","@id":"https:\/\/aivlisoft.net\/shop\/producto\/ubiquiti-unifi-switch-us-24-250w-24xgb-2xsfp\/","url":"https:\/\/aivlisoft.net\/shop\/producto\/ubiquiti-unifi-switch-us-24-250w-24xgb-2xsfp\/","name":"Ubiquiti UniFi Switch US-24-250W 24xGB 2xSFP - Aivlisoft Inform\u00e1tica","isPartOf":{"@id":"https:\/\/aivlisoft.net\/shop\/#website"},"primaryImageOfPage":{"@id":"https:\/\/aivlisoft.net\/shop\/producto\/ubiquiti-unifi-switch-us-24-250w-24xgb-2xsfp\/#primaryimage"},"image":{"@id":"https:\/\/aivlisoft.net\/shop\/producto\/ubiquiti-unifi-switch-us-24-250w-24xgb-2xsfp\/#primaryimage"},"thumbnailUrl":"https:\/\/aivlisoft.net\/shop\/wp-content\/uploads\/2025\/01\/NSWSAR0099_large.jpg","datePublished":"2025-01-13T15:41:05+00:00","dateModified":"2025-01-14T11:49:45+00:00","breadcrumb":{"@id":"https:\/\/aivlisoft.net\/shop\/producto\/ubiquiti-unifi-switch-us-24-250w-24xgb-2xsfp\/#breadcrumb"},"inLanguage":"es","potentialAction":[{"@type":"ReadAction","target":["https:\/\/aivlisoft.net\/shop\/producto\/ubiquiti-unifi-switch-us-24-250w-24xgb-2xsfp\/"]}]},{"@type":"ImageObject","inLanguage":"es","@id":"https:\/\/aivlisoft.net\/shop\/producto\/ubiquiti-unifi-switch-us-24-250w-24xgb-2xsfp\/#primaryimage","url":"https:\/\/aivlisoft.net\/shop\/wp-content\/uploads\/2025\/01\/NSWSAR0099_large.jpg","contentUrl":"https:\/\/aivlisoft.net\/shop\/wp-content\/uploads\/2025\/01\/NSWSAR0099_large.jpg","width":400,"height":400},{"@type":"BreadcrumbList","@id":"https:\/\/aivlisoft.net\/shop\/producto\/ubiquiti-unifi-switch-us-24-250w-24xgb-2xsfp\/#breadcrumb","itemListElement":[{"@type":"ListItem","position":1,"name":"Portada","item":"https:\/\/aivlisoft.net\/shop\/"},{"@type":"ListItem","position":2,"name":"Tienda","item":"https:\/\/aivlisoft.net\/shop\/tienda\/"},{"@type":"ListItem","position":3,"name":"Ubiquiti UniFi Switch US-24-250W 24xGB 2xSFP"}]},{"@type":"WebSite","@id":"https:\/\/aivlisoft.net\/shop\/#website","url":"https:\/\/aivlisoft.net\/shop\/","name":"Aivlisoft Inform\u00e1tica","description":"En Aivlisoft Inform\u00e1tica ofrecemos soluciones tecnol\u00f3gicas para empresas: venta de ordenadores, consumibles, perif\u00e9ricos y m\u00e1s. Calidad, atenci\u00f3n personalizada y los mejores precios para tu negocio.","publisher":{"@id":"https:\/\/aivlisoft.net\/shop\/#organization"},"potentialAction":[{"@type":"SearchAction","target":{"@type":"EntryPoint","urlTemplate":"https:\/\/aivlisoft.net\/shop\/?s={search_term_string}"},"query-input":{"@type":"PropertyValueSpecification","valueRequired":true,"valueName":"search_term_string"}}],"inLanguage":"es"},{"@type":"Organization","@id":"https:\/\/aivlisoft.net\/shop\/#organization","name":"Aivlisoft Inform\u00e1tica","url":"https:\/\/aivlisoft.net\/shop\/","logo":{"@type":"ImageObject","inLanguage":"es","@id":"https:\/\/aivlisoft.net\/shop\/#\/schema\/logo\/image\/","url":"https:\/\/aivlisoft.net\/shop\/wp-content\/uploads\/2024\/12\/removal.ai_5b848c54-0cdf-4140-95c5-c5536bb7573b-logodef.png","contentUrl":"https:\/\/aivlisoft.net\/shop\/wp-content\/uploads\/2024\/12\/removal.ai_5b848c54-0cdf-4140-95c5-c5536bb7573b-logodef.png","width":484,"height":182,"caption":"Aivlisoft Inform\u00e1tica"},"image":{"@id":"https:\/\/aivlisoft.net\/shop\/#\/schema\/logo\/image\/"}}]}},"_links":{"self":[{"href":"https:\/\/aivlisoft.net\/shop\/wp-json\/wp\/v2\/product\/20277","targetHints":{"allow":["GET"]}}],"collection":[{"href":"https:\/\/aivlisoft.net\/shop\/wp-json\/wp\/v2\/product"}],"about":[{"href":"https:\/\/aivlisoft.net\/shop\/wp-json\/wp\/v2\/types\/product"}],"wp:featuredmedia":[{"embeddable":true,"href":"https:\/\/aivlisoft.net\/shop\/wp-json\/wp\/v2\/media\/20278"}],"wp:attachment":[{"href":"https:\/\/aivlisoft.net\/shop\/wp-json\/wp\/v2\/media?parent=20277"}],"wp:term":[{"taxonomy":"product_brand","embeddable":true,"href":"https:\/\/aivlisoft.net\/shop\/wp-json\/wp\/v2\/product_brand?post=20277"},{"taxonomy":"product_cat","embeddable":true,"href":"https:\/\/aivlisoft.net\/shop\/wp-json\/wp\/v2\/product_cat?post=20277"},{"taxonomy":"product_tag","embeddable":true,"href":"https:\/\/aivlisoft.net\/shop\/wp-json\/wp\/v2\/product_tag?post=20277"}],"curies":[{"name":"wp","href":"https:\/\/api.w.org\/{rel}","templated":true}]}}