{"id":20271,"date":"2025-01-13T15:41:02","date_gmt":"2025-01-13T15:41:02","guid":{"rendered":"https:\/\/aivlisoft.com\/?post_type=product&#038;p=20271"},"modified":"2025-01-14T11:49:43","modified_gmt":"2025-01-14T11:49:43","slug":"tp-link-tl-sf1024-switch-24x10-100mbps-metal","status":"publish","type":"product","link":"https:\/\/aivlisoft.net\/shop\/producto\/tp-link-tl-sf1024-switch-24x10-100mbps-metal\/","title":{"rendered":"TP-LINK TL-SF1024 Switch 24&#215;10\/100Mbps Metal"},"content":{"rendered":"<p><strong>TL-SF1024<\/strong><br \/>Switch para bastidor con 24 puertos a 10\/100 Mbps<\/p>\n<p>&#8211; 24 puertos RJ45 a 10\/100 Mbps<br \/>&#8211; Innovadora tecnolog&iacute;a de eficiencia energ&eacute;tica que ahorra energ&iacute;a<br \/>&#8211; Soporta aprendizaje de direcciones MAC (Auto-Learning) y MDI\/MDIX autom&aacute;tico<br \/>&#8211; Carcasa met&aacute;lica est&aacute;ndar de 19 pulgadas<\/p>\n<table class=\"tabla_caracteristicas k-table\" width=\"100%\">\n<tbody>\n<tr>\n<td><strong>Marca<\/strong><\/td>\n<td>D-Link<\/td>\n<\/tr>\n<tr>\n<td><strong>Modelo<\/strong><\/td>\n<td><strong>TL-SF1024<\/strong><\/td>\n<\/tr>\n<tr>\n<td valign=\"top\"><strong>Caracter&iacute;sticas de hardware<\/strong><\/td>\n<td>&#8211; Est&aacute;ndares y Protocolos: IEEE 802.3i, IEEE 802.3u, IEEE 802.3x<br \/>&#8211; Interfaz: 24 puertos RJ45 a 10\/100 Mbps<br \/>&nbsp; Negociaci&oacute;n autom&aacute;tica, MDI\/MDIX autom&aacute;tico<br \/>&#8211; Medios de Red: 10BASE-T: UTP category 3, 4, 5 cable (maximum 100m)<br \/>&nbsp; 100BASE-TX: UTP category 5, 5e or above cable (maximum 100m)<br \/>&#8211; Cantidad de Ventiladores: Sin ventilador<br \/>&#8211; Bloqueo de Seguridad F&iacute;sico: Si<br \/>&#8211; Fuente de Alimentaci&oacute;n: 100-240VAC, 50\/60Hz<br \/>&#8211; Dimensiones: 440 x 360 x 44 mm<br \/>&#8211; Montaje: Montaje en Rack<br \/>&#8211; Consumo de Potencia M&aacute;ximo: 3.19W(220V\/50Hz)<br \/>&#8211; Max Heat Dissipation: 10.88BTU\/h<\/td>\n<\/tr>\n<tr>\n<td valign=\"top\"><strong>Rendimiento<\/strong><\/td>\n<td>&#8211; Capacidad de Conmutaci&oacute;n: 4.8 Gbps<br \/>&#8211; Tasa de Reenv&iacute;o de Paquetes: 3.57 Mpps<br \/>&#8211; Tabla de Direcciones MAC: 8K<br \/>&#8211; Memoria de Buffer: 2Mb<br \/>&#8211; Advanced Functions: Tecnolog&iacute;a Green<br \/>&nbsp; Control de flujo 802.3x<br \/>&#8211; M&eacute;todo de Transferencia: Store-and-Forward<\/td>\n<\/tr>\n<tr>\n<td valign=\"top\"><strong>Otras caracter&iacute;sticas<\/strong><\/td>\n<td>&#8211; Certificaciones: FCC, CE, RoHS<br \/>&#8211; Factores Ambientales: Temperatura de funcionamiento: 0&ordm;C~40&ordm;C<br \/>&#8211; Temperatura de almacenamiento: -40&ordm;C~70&ordm;C<br \/>&#8211; Humedad de funcionamiento: 10%~90% sin condensaci&oacute;n<br \/>&#8211; Humedad de almacenamiento: 5%~90% sin condensaci&oacute;n<br \/><strong>Contenido<\/strong><br \/>&#8211; Switch para Montaje en Rack de 24 puertos 10 \/ 100Mbps<br \/>&#8211; Cable de alimentaci&oacute;n<br \/>&#8211; Gu&iacute;a De Instalaci&oacute;n<br \/>&#8211; Kit de Montaje en Rack<br \/>&#8211; Pies de Goma<\/td>\n<\/tr>\n<tr>\n<td><strong>Fecha Revisi&oacute;n<\/strong><\/td>\n<td>16-12-2020 por MSB<\/td>\n<\/tr>\n<\/tbody>\n<\/table>\n","protected":false},"excerpt":{"rendered":"<p>TL-SF1024Switch para bastidor con 24 puertos a 10\/100 Mbps &#8211; 24 puertos RJ45 a 10\/100 Mbps&#8211; Innovadora tecnolog&iacute;a de eficiencia energ&eacute;tica que ahorra energ&iacute;a&#8211; Soporta aprendizaje de direcciones MAC (Auto-Learning) y MDI\/MDIX autom&aacute;tico&#8211; Carcasa met&aacute;lica est&aacute;ndar de 19 pulgadas Marca D-Link Modelo TL-SF1024 Caracter&iacute;sticas de hardware &#8211; Est&aacute;ndares y Protocolos: IEEE 802.3i, IEEE 802.3u, IEEE&hellip;&nbsp;<a href=\"https:\/\/aivlisoft.net\/shop\/producto\/tp-link-tl-sf1024-switch-24x10-100mbps-metal\/\" rel=\"bookmark\"><span class=\"screen-reader-text\">TP-LINK TL-SF1024 Switch 24&#215;10\/100Mbps Metal<\/span><\/a><\/p>\n","protected":false},"featured_media":20272,"template":"","meta":{"neve_meta_sidebar":"","neve_meta_container":"","neve_meta_enable_content_width":"","neve_meta_content_width":0,"neve_meta_title_alignment":"","neve_meta_author_avatar":"","neve_post_elements_order":"","neve_meta_disable_header":"","neve_meta_disable_footer":"","neve_meta_disable_title":""},"product_brand":[],"product_cat":[8771],"product_tag":[7241],"class_list":{"0":"post-20271","1":"product","2":"type-product","3":"status-publish","4":"has-post-thumbnail","6":"product_cat-switches-armario","7":"product_tag-tl-sf1024","9":"first","10":"instock","11":"taxable","12":"shipping-taxable","13":"purchasable","14":"product-type-simple"},"yoast_head":"<!-- This site is optimized with the Yoast SEO plugin v26.0 - https:\/\/yoast.com\/wordpress\/plugins\/seo\/ -->\n<title>TP-LINK TL-SF1024 Switch 24x10\/100Mbps Metal - Aivlisoft Inform\u00e1tica<\/title>\n<meta name=\"robots\" content=\"index, follow, max-snippet:-1, max-image-preview:large, max-video-preview:-1\" \/>\n<link rel=\"canonical\" href=\"https:\/\/aivlisoft.net\/shop\/producto\/tp-link-tl-sf1024-switch-24x10-100mbps-metal\/\" \/>\n<meta property=\"og:locale\" content=\"es_ES\" \/>\n<meta property=\"og:type\" content=\"article\" \/>\n<meta property=\"og:title\" content=\"TP-LINK TL-SF1024 Switch 24x10\/100Mbps Metal - Aivlisoft Inform\u00e1tica\" \/>\n<meta property=\"og:description\" content=\"TL-SF1024Switch para bastidor con 24 puertos a 10\/100 Mbps &#8211; 24 puertos RJ45 a 10\/100 Mbps&#8211; Innovadora tecnolog&iacute;a de eficiencia energ&eacute;tica que ahorra energ&iacute;a&#8211; Soporta aprendizaje de direcciones MAC (Auto-Learning) y MDI\/MDIX autom&aacute;tico&#8211; Carcasa met&aacute;lica est&aacute;ndar de 19 pulgadas Marca D-Link Modelo TL-SF1024 Caracter&iacute;sticas de hardware &#8211; Est&aacute;ndares y Protocolos: IEEE 802.3i, IEEE 802.3u, IEEE&hellip;&nbsp;TP-LINK TL-SF1024 Switch 24&#215;10\/100Mbps Metal\" \/>\n<meta property=\"og:url\" content=\"https:\/\/aivlisoft.net\/shop\/producto\/tp-link-tl-sf1024-switch-24x10-100mbps-metal\/\" \/>\n<meta property=\"og:site_name\" content=\"Aivlisoft Inform\u00e1tica\" \/>\n<meta property=\"article:modified_time\" content=\"2025-01-14T11:49:43+00:00\" \/>\n<meta property=\"og:image\" content=\"https:\/\/aivlisoft.net\/shop\/wp-content\/uploads\/2025\/01\/NSWSAR0038_800.jpg\" \/>\n\t<meta property=\"og:image:width\" content=\"800\" \/>\n\t<meta property=\"og:image:height\" content=\"800\" \/>\n\t<meta property=\"og:image:type\" content=\"image\/jpeg\" \/>\n<meta name=\"twitter:card\" content=\"summary_large_image\" \/>\n<meta name=\"twitter:label1\" content=\"Tiempo de lectura\" \/>\n\t<meta name=\"twitter:data1\" content=\"1 minuto\" \/>\n<script type=\"application\/ld+json\" class=\"yoast-schema-graph\">{\"@context\":\"https:\/\/schema.org\",\"@graph\":[{\"@type\":\"WebPage\",\"@id\":\"https:\/\/aivlisoft.net\/shop\/producto\/tp-link-tl-sf1024-switch-24x10-100mbps-metal\/\",\"url\":\"https:\/\/aivlisoft.net\/shop\/producto\/tp-link-tl-sf1024-switch-24x10-100mbps-metal\/\",\"name\":\"TP-LINK TL-SF1024 Switch 24x10\/100Mbps Metal - Aivlisoft Inform\u00e1tica\",\"isPartOf\":{\"@id\":\"https:\/\/aivlisoft.net\/shop\/#website\"},\"primaryImageOfPage\":{\"@id\":\"https:\/\/aivlisoft.net\/shop\/producto\/tp-link-tl-sf1024-switch-24x10-100mbps-metal\/#primaryimage\"},\"image\":{\"@id\":\"https:\/\/aivlisoft.net\/shop\/producto\/tp-link-tl-sf1024-switch-24x10-100mbps-metal\/#primaryimage\"},\"thumbnailUrl\":\"https:\/\/aivlisoft.net\/shop\/wp-content\/uploads\/2025\/01\/NSWSAR0038_800.jpg\",\"datePublished\":\"2025-01-13T15:41:02+00:00\",\"dateModified\":\"2025-01-14T11:49:43+00:00\",\"breadcrumb\":{\"@id\":\"https:\/\/aivlisoft.net\/shop\/producto\/tp-link-tl-sf1024-switch-24x10-100mbps-metal\/#breadcrumb\"},\"inLanguage\":\"es\",\"potentialAction\":[{\"@type\":\"ReadAction\",\"target\":[\"https:\/\/aivlisoft.net\/shop\/producto\/tp-link-tl-sf1024-switch-24x10-100mbps-metal\/\"]}]},{\"@type\":\"ImageObject\",\"inLanguage\":\"es\",\"@id\":\"https:\/\/aivlisoft.net\/shop\/producto\/tp-link-tl-sf1024-switch-24x10-100mbps-metal\/#primaryimage\",\"url\":\"https:\/\/aivlisoft.net\/shop\/wp-content\/uploads\/2025\/01\/NSWSAR0038_800.jpg\",\"contentUrl\":\"https:\/\/aivlisoft.net\/shop\/wp-content\/uploads\/2025\/01\/NSWSAR0038_800.jpg\",\"width\":800,\"height\":800},{\"@type\":\"BreadcrumbList\",\"@id\":\"https:\/\/aivlisoft.net\/shop\/producto\/tp-link-tl-sf1024-switch-24x10-100mbps-metal\/#breadcrumb\",\"itemListElement\":[{\"@type\":\"ListItem\",\"position\":1,\"name\":\"Portada\",\"item\":\"https:\/\/aivlisoft.net\/shop\/\"},{\"@type\":\"ListItem\",\"position\":2,\"name\":\"Tienda\",\"item\":\"https:\/\/aivlisoft.net\/shop\/tienda\/\"},{\"@type\":\"ListItem\",\"position\":3,\"name\":\"TP-LINK TL-SF1024 Switch 24&#215;10\/100Mbps Metal\"}]},{\"@type\":\"WebSite\",\"@id\":\"https:\/\/aivlisoft.net\/shop\/#website\",\"url\":\"https:\/\/aivlisoft.net\/shop\/\",\"name\":\"Aivlisoft Inform\u00e1tica\",\"description\":\"En Aivlisoft Inform\u00e1tica ofrecemos soluciones tecnol\u00f3gicas para empresas: venta de ordenadores, consumibles, perif\u00e9ricos y m\u00e1s. Calidad, atenci\u00f3n personalizada y los mejores precios para tu negocio.\",\"publisher\":{\"@id\":\"https:\/\/aivlisoft.net\/shop\/#organization\"},\"potentialAction\":[{\"@type\":\"SearchAction\",\"target\":{\"@type\":\"EntryPoint\",\"urlTemplate\":\"https:\/\/aivlisoft.net\/shop\/?s={search_term_string}\"},\"query-input\":{\"@type\":\"PropertyValueSpecification\",\"valueRequired\":true,\"valueName\":\"search_term_string\"}}],\"inLanguage\":\"es\"},{\"@type\":\"Organization\",\"@id\":\"https:\/\/aivlisoft.net\/shop\/#organization\",\"name\":\"Aivlisoft Inform\u00e1tica\",\"url\":\"https:\/\/aivlisoft.net\/shop\/\",\"logo\":{\"@type\":\"ImageObject\",\"inLanguage\":\"es\",\"@id\":\"https:\/\/aivlisoft.net\/shop\/#\/schema\/logo\/image\/\",\"url\":\"https:\/\/aivlisoft.net\/shop\/wp-content\/uploads\/2024\/12\/removal.ai_5b848c54-0cdf-4140-95c5-c5536bb7573b-logodef.png\",\"contentUrl\":\"https:\/\/aivlisoft.net\/shop\/wp-content\/uploads\/2024\/12\/removal.ai_5b848c54-0cdf-4140-95c5-c5536bb7573b-logodef.png\",\"width\":484,\"height\":182,\"caption\":\"Aivlisoft Inform\u00e1tica\"},\"image\":{\"@id\":\"https:\/\/aivlisoft.net\/shop\/#\/schema\/logo\/image\/\"}}]}<\/script>\n<!-- \/ Yoast SEO plugin. -->","yoast_head_json":{"title":"TP-LINK TL-SF1024 Switch 24x10\/100Mbps Metal - Aivlisoft Inform\u00e1tica","robots":{"index":"index","follow":"follow","max-snippet":"max-snippet:-1","max-image-preview":"max-image-preview:large","max-video-preview":"max-video-preview:-1"},"canonical":"https:\/\/aivlisoft.net\/shop\/producto\/tp-link-tl-sf1024-switch-24x10-100mbps-metal\/","og_locale":"es_ES","og_type":"article","og_title":"TP-LINK TL-SF1024 Switch 24x10\/100Mbps Metal - Aivlisoft Inform\u00e1tica","og_description":"TL-SF1024Switch para bastidor con 24 puertos a 10\/100 Mbps &#8211; 24 puertos RJ45 a 10\/100 Mbps&#8211; Innovadora tecnolog&iacute;a de eficiencia energ&eacute;tica que ahorra energ&iacute;a&#8211; Soporta aprendizaje de direcciones MAC (Auto-Learning) y MDI\/MDIX autom&aacute;tico&#8211; Carcasa met&aacute;lica est&aacute;ndar de 19 pulgadas Marca D-Link Modelo TL-SF1024 Caracter&iacute;sticas de hardware &#8211; Est&aacute;ndares y Protocolos: IEEE 802.3i, IEEE 802.3u, IEEE&hellip;&nbsp;TP-LINK TL-SF1024 Switch 24&#215;10\/100Mbps Metal","og_url":"https:\/\/aivlisoft.net\/shop\/producto\/tp-link-tl-sf1024-switch-24x10-100mbps-metal\/","og_site_name":"Aivlisoft Inform\u00e1tica","article_modified_time":"2025-01-14T11:49:43+00:00","og_image":[{"width":800,"height":800,"url":"https:\/\/aivlisoft.net\/shop\/wp-content\/uploads\/2025\/01\/NSWSAR0038_800.jpg","type":"image\/jpeg"}],"twitter_card":"summary_large_image","twitter_misc":{"Tiempo de lectura":"1 minuto"},"schema":{"@context":"https:\/\/schema.org","@graph":[{"@type":"WebPage","@id":"https:\/\/aivlisoft.net\/shop\/producto\/tp-link-tl-sf1024-switch-24x10-100mbps-metal\/","url":"https:\/\/aivlisoft.net\/shop\/producto\/tp-link-tl-sf1024-switch-24x10-100mbps-metal\/","name":"TP-LINK TL-SF1024 Switch 24x10\/100Mbps Metal - Aivlisoft Inform\u00e1tica","isPartOf":{"@id":"https:\/\/aivlisoft.net\/shop\/#website"},"primaryImageOfPage":{"@id":"https:\/\/aivlisoft.net\/shop\/producto\/tp-link-tl-sf1024-switch-24x10-100mbps-metal\/#primaryimage"},"image":{"@id":"https:\/\/aivlisoft.net\/shop\/producto\/tp-link-tl-sf1024-switch-24x10-100mbps-metal\/#primaryimage"},"thumbnailUrl":"https:\/\/aivlisoft.net\/shop\/wp-content\/uploads\/2025\/01\/NSWSAR0038_800.jpg","datePublished":"2025-01-13T15:41:02+00:00","dateModified":"2025-01-14T11:49:43+00:00","breadcrumb":{"@id":"https:\/\/aivlisoft.net\/shop\/producto\/tp-link-tl-sf1024-switch-24x10-100mbps-metal\/#breadcrumb"},"inLanguage":"es","potentialAction":[{"@type":"ReadAction","target":["https:\/\/aivlisoft.net\/shop\/producto\/tp-link-tl-sf1024-switch-24x10-100mbps-metal\/"]}]},{"@type":"ImageObject","inLanguage":"es","@id":"https:\/\/aivlisoft.net\/shop\/producto\/tp-link-tl-sf1024-switch-24x10-100mbps-metal\/#primaryimage","url":"https:\/\/aivlisoft.net\/shop\/wp-content\/uploads\/2025\/01\/NSWSAR0038_800.jpg","contentUrl":"https:\/\/aivlisoft.net\/shop\/wp-content\/uploads\/2025\/01\/NSWSAR0038_800.jpg","width":800,"height":800},{"@type":"BreadcrumbList","@id":"https:\/\/aivlisoft.net\/shop\/producto\/tp-link-tl-sf1024-switch-24x10-100mbps-metal\/#breadcrumb","itemListElement":[{"@type":"ListItem","position":1,"name":"Portada","item":"https:\/\/aivlisoft.net\/shop\/"},{"@type":"ListItem","position":2,"name":"Tienda","item":"https:\/\/aivlisoft.net\/shop\/tienda\/"},{"@type":"ListItem","position":3,"name":"TP-LINK TL-SF1024 Switch 24&#215;10\/100Mbps Metal"}]},{"@type":"WebSite","@id":"https:\/\/aivlisoft.net\/shop\/#website","url":"https:\/\/aivlisoft.net\/shop\/","name":"Aivlisoft Inform\u00e1tica","description":"En Aivlisoft Inform\u00e1tica ofrecemos soluciones tecnol\u00f3gicas para empresas: venta de ordenadores, consumibles, perif\u00e9ricos y m\u00e1s. Calidad, atenci\u00f3n personalizada y los mejores precios para tu negocio.","publisher":{"@id":"https:\/\/aivlisoft.net\/shop\/#organization"},"potentialAction":[{"@type":"SearchAction","target":{"@type":"EntryPoint","urlTemplate":"https:\/\/aivlisoft.net\/shop\/?s={search_term_string}"},"query-input":{"@type":"PropertyValueSpecification","valueRequired":true,"valueName":"search_term_string"}}],"inLanguage":"es"},{"@type":"Organization","@id":"https:\/\/aivlisoft.net\/shop\/#organization","name":"Aivlisoft Inform\u00e1tica","url":"https:\/\/aivlisoft.net\/shop\/","logo":{"@type":"ImageObject","inLanguage":"es","@id":"https:\/\/aivlisoft.net\/shop\/#\/schema\/logo\/image\/","url":"https:\/\/aivlisoft.net\/shop\/wp-content\/uploads\/2024\/12\/removal.ai_5b848c54-0cdf-4140-95c5-c5536bb7573b-logodef.png","contentUrl":"https:\/\/aivlisoft.net\/shop\/wp-content\/uploads\/2024\/12\/removal.ai_5b848c54-0cdf-4140-95c5-c5536bb7573b-logodef.png","width":484,"height":182,"caption":"Aivlisoft Inform\u00e1tica"},"image":{"@id":"https:\/\/aivlisoft.net\/shop\/#\/schema\/logo\/image\/"}}]}},"_links":{"self":[{"href":"https:\/\/aivlisoft.net\/shop\/wp-json\/wp\/v2\/product\/20271","targetHints":{"allow":["GET"]}}],"collection":[{"href":"https:\/\/aivlisoft.net\/shop\/wp-json\/wp\/v2\/product"}],"about":[{"href":"https:\/\/aivlisoft.net\/shop\/wp-json\/wp\/v2\/types\/product"}],"wp:featuredmedia":[{"embeddable":true,"href":"https:\/\/aivlisoft.net\/shop\/wp-json\/wp\/v2\/media\/20272"}],"wp:attachment":[{"href":"https:\/\/aivlisoft.net\/shop\/wp-json\/wp\/v2\/media?parent=20271"}],"wp:term":[{"taxonomy":"product_brand","embeddable":true,"href":"https:\/\/aivlisoft.net\/shop\/wp-json\/wp\/v2\/product_brand?post=20271"},{"taxonomy":"product_cat","embeddable":true,"href":"https:\/\/aivlisoft.net\/shop\/wp-json\/wp\/v2\/product_cat?post=20271"},{"taxonomy":"product_tag","embeddable":true,"href":"https:\/\/aivlisoft.net\/shop\/wp-json\/wp\/v2\/product_tag?post=20271"}],"curies":[{"name":"wp","href":"https:\/\/api.w.org\/{rel}","templated":true}]}}