{"id":20237,"date":"2025-01-13T15:40:38","date_gmt":"2025-01-13T15:40:38","guid":{"rendered":"https:\/\/aivlisoft.com\/?post_type=product&#038;p=20237"},"modified":"2025-01-14T11:49:28","modified_gmt":"2025-01-14T11:49:28","slug":"mikrotik-rbwapr-2ndr11e-lr8-wap-1x10-100-2-4ghz","status":"publish","type":"product","link":"https:\/\/aivlisoft.net\/shop\/producto\/mikrotik-rbwapr-2ndr11e-lr8-wap-1x10-100-2-4ghz\/","title":{"rendered":"MikroTik RBwAPR-2nD&#038;R11e-LR8 wAP 1&#215;10\/100 2.4GHz"},"content":{"rendered":"<p><\/p>\n<table class=\"tabla_caracteristicas k-table\" width=\"100%\">\n<tr>\n<td><strong>Marca<\/strong><\/td>\n<td>Mikrotik<\/td>\n<\/tr>\n<tr>\n<td valign=\"top\"><strong>Modelo<\/strong><\/td>\n<td><strong>RBwAPR-2nD&amp;R11e-LR8<\/strong><\/td>\n<\/tr>\n<tr>\n<td valign=\"top\"><strong>Caracter&iacute;sticas<\/strong><\/td>\n<td>&#8211; Arquitectura: MIPSBE<br \/>\t\t\t&#8211; CPU: QCA9531<br \/>\t\t\t&#8211; CPU core count: 1<br \/>\t\t\t&#8211; Frecuencia nominal de la CPU: 650 MHz<br \/>\t\t\t&#8211; Nivel de licencia: 4<br \/>\t\t\t&#8211; Sistema operativo: RouterOS<br \/>\t\t\t&#8211; Tama&ntilde;o de la memoria RAM: 64 MB<br \/>\t\t\t&#8211; Tama&ntilde;o de almacenamiento: 16 MB<br \/>\t\t\t&#8211; Tipo de almacenamiento: FLASH<br \/>\t\t\t&#8211; MTBF: Aproximadamente 100.000 horas a 25 &deg;C<br \/>\t\t\t&#8211; Temperatura ambiente probada: -40&deg;C a 60&deg;C<br \/>\t\t\t<strong>Alimentaci&oacute;n<\/strong><br \/>\t\t\t&#8211; N&uacute;mero de entradas de CC: 3 (PoE-IN, automotriz, conector de CC)<br \/>\t\t\t&#8211; Entrada de conector CC Voltaje: 9-30 V<br \/>\t\t\t&#8211; Voltaje de entrada automotriz: 9-30 V<br \/>\t\t\t&#8211; Consumo m&aacute;ximo de energ&iacute;a: 7 W<br \/>\t\t\t&#8211; Tipo de enfriamiento: Pasivo<br \/>\t\t\t&#8211; PoE en: PoE pasivo<br \/>\t\t\t&#8211; PoE en voltaje de entrada: 9-30 V<br \/>\t\t\t<strong>Inal&aacute;mbrico<\/strong><br \/>\t\t\t&#8211; Velocidad de datos inal&aacute;mbrica de 2,4 GHz m&aacute;xima: 300 Mbit\/s<br \/>\t\t\t&#8211; Inal&aacute;mbrico 2,4 GHz n&uacute;mero de cadenas: 2<br \/>\t\t\t&#8211; Est&aacute;ndares inal&aacute;mbricos de 2,4 GHz: 802.11b\/g\/n<br \/>\t\t\t&#8211; Ganancia de antena dBi para 2,4 GHz: 2<br \/>\t\t\t&#8211; Modelo de chip inal&aacute;mbrico de 2,4 GHz: QCA9531<br \/>\t\t\t&#8211; Generaci&oacute;n inal&aacute;mbrica de 2,4 GHz: Wi-Fi 4<br \/>\t\t\t<strong>Ethernet<\/strong><br \/>\t\t\t&#8211; 10\/100 puertos Ethernet: 1<br \/>\t\t\t<strong>Perif&eacute;ricos<\/strong><br \/>\t\t\t&#8211; N&uacute;mero de ranuras SIM: 1 M&oacute;dem (Mini SIM)<br \/>\t\t\t&#8211; Ranuras MiniPCI-e: 1<br \/>\t\t\t<strong>Otros<\/strong><br \/>\t\t\t&#8211; Monitor de temperatura de PCB<br \/>\t\t\t&#8211; Monitor de voltaje<br \/>\t\t\t<strong>Certificaciones y aprobaciones<\/strong><br \/>\t\t\t&#8211; Certificaci&oacute;n: CE, FCC, IC, EAC, ROHS<br \/>\t\t\t&#8211; IP: 54<br \/>\t\t\t<strong>Contiene<\/strong><br \/>\t\t\t&#8211; Adaptador de corriente de 24V 0,8A<br \/>\t\t\t&#8211; Inyector PoE<br \/>\t\t\t&#8211; Cable adaptador automotriz de 4 pines de 0,35 m<br \/>\t\t\t&#8211; Soporte de escritorio wAP<br \/>\t\t\t&#8211; Soporte de montaje en techo wAP<br \/>\t\t\t&#8211; Anillo de metal (uno)<br \/>\t\t\t&#8211; Juego de fijaci&oacute;n K-52<\/td>\n<\/tr>\n<tr>\n<td><strong>Fecha de revisi&oacute;n<\/strong><\/td>\n<td>21-10-2024 por RTY<\/td>\n<\/tr>\n<\/table>\n","protected":false},"excerpt":{"rendered":"<p>Marca Mikrotik Modelo RBwAPR-2nD&amp;R11e-LR8 Caracter&iacute;sticas &#8211; Arquitectura: MIPSBE &#8211; CPU: QCA9531 &#8211; CPU core count: 1 &#8211; Frecuencia nominal de la CPU: 650 MHz &#8211; Nivel de licencia: 4 &#8211; Sistema operativo: RouterOS &#8211; Tama&ntilde;o de la memoria RAM: 64 MB &#8211; Tama&ntilde;o de almacenamiento: 16 MB &#8211; Tipo de almacenamiento: FLASH &#8211; MTBF: Aproximadamente&hellip;&nbsp;<a href=\"https:\/\/aivlisoft.net\/shop\/producto\/mikrotik-rbwapr-2ndr11e-lr8-wap-1x10-100-2-4ghz\/\" rel=\"bookmark\"><span class=\"screen-reader-text\">MikroTik RBwAPR-2nD&#038;R11e-LR8 wAP 1&#215;10\/100 2.4GHz<\/span><\/a><\/p>\n","protected":false},"featured_media":20238,"template":"","meta":{"neve_meta_sidebar":"","neve_meta_container":"","neve_meta_enable_content_width":"","neve_meta_content_width":0,"neve_meta_title_alignment":"","neve_meta_author_avatar":"","neve_post_elements_order":"","neve_meta_disable_header":"","neve_meta_disable_footer":"","neve_meta_disable_title":""},"product_brand":[],"product_cat":[8770],"product_tag":[7229],"class_list":{"0":"post-20237","1":"product","2":"type-product","3":"status-publish","4":"has-post-thumbnail","6":"product_cat-puntos-de-acceso","7":"product_tag-rbwapr-2ndr11e-lr8","9":"first","10":"instock","11":"taxable","12":"shipping-taxable","13":"purchasable","14":"product-type-simple"},"yoast_head":"<!-- This site is optimized with the Yoast SEO plugin v26.0 - https:\/\/yoast.com\/wordpress\/plugins\/seo\/ -->\n<title>MikroTik RBwAPR-2nD&amp;R11e-LR8 wAP 1x10\/100 2.4GHz - Aivlisoft Inform\u00e1tica<\/title>\n<meta name=\"robots\" content=\"index, follow, max-snippet:-1, max-image-preview:large, max-video-preview:-1\" \/>\n<link rel=\"canonical\" href=\"https:\/\/aivlisoft.net\/shop\/producto\/mikrotik-rbwapr-2ndr11e-lr8-wap-1x10-100-2-4ghz\/\" \/>\n<meta property=\"og:locale\" content=\"es_ES\" \/>\n<meta property=\"og:type\" content=\"article\" \/>\n<meta property=\"og:title\" content=\"MikroTik RBwAPR-2nD&amp;R11e-LR8 wAP 1x10\/100 2.4GHz - Aivlisoft Inform\u00e1tica\" \/>\n<meta property=\"og:description\" content=\"Marca Mikrotik Modelo RBwAPR-2nD&amp;R11e-LR8 Caracter&iacute;sticas &#8211; Arquitectura: MIPSBE &#8211; CPU: QCA9531 &#8211; CPU core count: 1 &#8211; Frecuencia nominal de la CPU: 650 MHz &#8211; Nivel de licencia: 4 &#8211; Sistema operativo: RouterOS &#8211; Tama&ntilde;o de la memoria RAM: 64 MB &#8211; Tama&ntilde;o de almacenamiento: 16 MB &#8211; Tipo de almacenamiento: FLASH &#8211; MTBF: Aproximadamente&hellip;&nbsp;MikroTik RBwAPR-2nD&#038;R11e-LR8 wAP 1&#215;10\/100 2.4GHz\" \/>\n<meta property=\"og:url\" content=\"https:\/\/aivlisoft.net\/shop\/producto\/mikrotik-rbwapr-2ndr11e-lr8-wap-1x10-100-2-4ghz\/\" \/>\n<meta property=\"og:site_name\" content=\"Aivlisoft Inform\u00e1tica\" \/>\n<meta property=\"article:modified_time\" content=\"2025-01-14T11:49:28+00:00\" \/>\n<meta property=\"og:image\" content=\"https:\/\/aivlisoft.net\/shop\/wp-content\/uploads\/2025\/01\/NSWPAC0610_800.jpg\" \/>\n\t<meta property=\"og:image:width\" content=\"800\" \/>\n\t<meta property=\"og:image:height\" content=\"800\" \/>\n\t<meta property=\"og:image:type\" content=\"image\/jpeg\" \/>\n<meta name=\"twitter:card\" content=\"summary_large_image\" \/>\n<meta name=\"twitter:label1\" content=\"Tiempo de lectura\" \/>\n\t<meta name=\"twitter:data1\" content=\"1 minuto\" \/>\n<script type=\"application\/ld+json\" class=\"yoast-schema-graph\">{\"@context\":\"https:\/\/schema.org\",\"@graph\":[{\"@type\":\"WebPage\",\"@id\":\"https:\/\/aivlisoft.net\/shop\/producto\/mikrotik-rbwapr-2ndr11e-lr8-wap-1x10-100-2-4ghz\/\",\"url\":\"https:\/\/aivlisoft.net\/shop\/producto\/mikrotik-rbwapr-2ndr11e-lr8-wap-1x10-100-2-4ghz\/\",\"name\":\"MikroTik RBwAPR-2nD&R11e-LR8 wAP 1x10\/100 2.4GHz - Aivlisoft Inform\u00e1tica\",\"isPartOf\":{\"@id\":\"https:\/\/aivlisoft.net\/shop\/#website\"},\"primaryImageOfPage\":{\"@id\":\"https:\/\/aivlisoft.net\/shop\/producto\/mikrotik-rbwapr-2ndr11e-lr8-wap-1x10-100-2-4ghz\/#primaryimage\"},\"image\":{\"@id\":\"https:\/\/aivlisoft.net\/shop\/producto\/mikrotik-rbwapr-2ndr11e-lr8-wap-1x10-100-2-4ghz\/#primaryimage\"},\"thumbnailUrl\":\"https:\/\/aivlisoft.net\/shop\/wp-content\/uploads\/2025\/01\/NSWPAC0610_800.jpg\",\"datePublished\":\"2025-01-13T15:40:38+00:00\",\"dateModified\":\"2025-01-14T11:49:28+00:00\",\"breadcrumb\":{\"@id\":\"https:\/\/aivlisoft.net\/shop\/producto\/mikrotik-rbwapr-2ndr11e-lr8-wap-1x10-100-2-4ghz\/#breadcrumb\"},\"inLanguage\":\"es\",\"potentialAction\":[{\"@type\":\"ReadAction\",\"target\":[\"https:\/\/aivlisoft.net\/shop\/producto\/mikrotik-rbwapr-2ndr11e-lr8-wap-1x10-100-2-4ghz\/\"]}]},{\"@type\":\"ImageObject\",\"inLanguage\":\"es\",\"@id\":\"https:\/\/aivlisoft.net\/shop\/producto\/mikrotik-rbwapr-2ndr11e-lr8-wap-1x10-100-2-4ghz\/#primaryimage\",\"url\":\"https:\/\/aivlisoft.net\/shop\/wp-content\/uploads\/2025\/01\/NSWPAC0610_800.jpg\",\"contentUrl\":\"https:\/\/aivlisoft.net\/shop\/wp-content\/uploads\/2025\/01\/NSWPAC0610_800.jpg\",\"width\":800,\"height\":800},{\"@type\":\"BreadcrumbList\",\"@id\":\"https:\/\/aivlisoft.net\/shop\/producto\/mikrotik-rbwapr-2ndr11e-lr8-wap-1x10-100-2-4ghz\/#breadcrumb\",\"itemListElement\":[{\"@type\":\"ListItem\",\"position\":1,\"name\":\"Portada\",\"item\":\"https:\/\/aivlisoft.net\/shop\/\"},{\"@type\":\"ListItem\",\"position\":2,\"name\":\"Tienda\",\"item\":\"https:\/\/aivlisoft.net\/shop\/tienda\/\"},{\"@type\":\"ListItem\",\"position\":3,\"name\":\"MikroTik RBwAPR-2nD&#038;R11e-LR8 wAP 1&#215;10\/100 2.4GHz\"}]},{\"@type\":\"WebSite\",\"@id\":\"https:\/\/aivlisoft.net\/shop\/#website\",\"url\":\"https:\/\/aivlisoft.net\/shop\/\",\"name\":\"Aivlisoft Inform\u00e1tica\",\"description\":\"En Aivlisoft Inform\u00e1tica ofrecemos soluciones tecnol\u00f3gicas para empresas: venta de ordenadores, consumibles, perif\u00e9ricos y m\u00e1s. Calidad, atenci\u00f3n personalizada y los mejores precios para tu negocio.\",\"publisher\":{\"@id\":\"https:\/\/aivlisoft.net\/shop\/#organization\"},\"potentialAction\":[{\"@type\":\"SearchAction\",\"target\":{\"@type\":\"EntryPoint\",\"urlTemplate\":\"https:\/\/aivlisoft.net\/shop\/?s={search_term_string}\"},\"query-input\":{\"@type\":\"PropertyValueSpecification\",\"valueRequired\":true,\"valueName\":\"search_term_string\"}}],\"inLanguage\":\"es\"},{\"@type\":\"Organization\",\"@id\":\"https:\/\/aivlisoft.net\/shop\/#organization\",\"name\":\"Aivlisoft Inform\u00e1tica\",\"url\":\"https:\/\/aivlisoft.net\/shop\/\",\"logo\":{\"@type\":\"ImageObject\",\"inLanguage\":\"es\",\"@id\":\"https:\/\/aivlisoft.net\/shop\/#\/schema\/logo\/image\/\",\"url\":\"https:\/\/aivlisoft.net\/shop\/wp-content\/uploads\/2024\/12\/removal.ai_5b848c54-0cdf-4140-95c5-c5536bb7573b-logodef.png\",\"contentUrl\":\"https:\/\/aivlisoft.net\/shop\/wp-content\/uploads\/2024\/12\/removal.ai_5b848c54-0cdf-4140-95c5-c5536bb7573b-logodef.png\",\"width\":484,\"height\":182,\"caption\":\"Aivlisoft Inform\u00e1tica\"},\"image\":{\"@id\":\"https:\/\/aivlisoft.net\/shop\/#\/schema\/logo\/image\/\"}}]}<\/script>\n<!-- \/ Yoast SEO plugin. -->","yoast_head_json":{"title":"MikroTik RBwAPR-2nD&R11e-LR8 wAP 1x10\/100 2.4GHz - Aivlisoft Inform\u00e1tica","robots":{"index":"index","follow":"follow","max-snippet":"max-snippet:-1","max-image-preview":"max-image-preview:large","max-video-preview":"max-video-preview:-1"},"canonical":"https:\/\/aivlisoft.net\/shop\/producto\/mikrotik-rbwapr-2ndr11e-lr8-wap-1x10-100-2-4ghz\/","og_locale":"es_ES","og_type":"article","og_title":"MikroTik RBwAPR-2nD&R11e-LR8 wAP 1x10\/100 2.4GHz - Aivlisoft Inform\u00e1tica","og_description":"Marca Mikrotik Modelo RBwAPR-2nD&amp;R11e-LR8 Caracter&iacute;sticas &#8211; Arquitectura: MIPSBE &#8211; CPU: QCA9531 &#8211; CPU core count: 1 &#8211; Frecuencia nominal de la CPU: 650 MHz &#8211; Nivel de licencia: 4 &#8211; Sistema operativo: RouterOS &#8211; Tama&ntilde;o de la memoria RAM: 64 MB &#8211; Tama&ntilde;o de almacenamiento: 16 MB &#8211; Tipo de almacenamiento: FLASH &#8211; MTBF: Aproximadamente&hellip;&nbsp;MikroTik RBwAPR-2nD&#038;R11e-LR8 wAP 1&#215;10\/100 2.4GHz","og_url":"https:\/\/aivlisoft.net\/shop\/producto\/mikrotik-rbwapr-2ndr11e-lr8-wap-1x10-100-2-4ghz\/","og_site_name":"Aivlisoft Inform\u00e1tica","article_modified_time":"2025-01-14T11:49:28+00:00","og_image":[{"width":800,"height":800,"url":"https:\/\/aivlisoft.net\/shop\/wp-content\/uploads\/2025\/01\/NSWPAC0610_800.jpg","type":"image\/jpeg"}],"twitter_card":"summary_large_image","twitter_misc":{"Tiempo de lectura":"1 minuto"},"schema":{"@context":"https:\/\/schema.org","@graph":[{"@type":"WebPage","@id":"https:\/\/aivlisoft.net\/shop\/producto\/mikrotik-rbwapr-2ndr11e-lr8-wap-1x10-100-2-4ghz\/","url":"https:\/\/aivlisoft.net\/shop\/producto\/mikrotik-rbwapr-2ndr11e-lr8-wap-1x10-100-2-4ghz\/","name":"MikroTik RBwAPR-2nD&R11e-LR8 wAP 1x10\/100 2.4GHz - Aivlisoft Inform\u00e1tica","isPartOf":{"@id":"https:\/\/aivlisoft.net\/shop\/#website"},"primaryImageOfPage":{"@id":"https:\/\/aivlisoft.net\/shop\/producto\/mikrotik-rbwapr-2ndr11e-lr8-wap-1x10-100-2-4ghz\/#primaryimage"},"image":{"@id":"https:\/\/aivlisoft.net\/shop\/producto\/mikrotik-rbwapr-2ndr11e-lr8-wap-1x10-100-2-4ghz\/#primaryimage"},"thumbnailUrl":"https:\/\/aivlisoft.net\/shop\/wp-content\/uploads\/2025\/01\/NSWPAC0610_800.jpg","datePublished":"2025-01-13T15:40:38+00:00","dateModified":"2025-01-14T11:49:28+00:00","breadcrumb":{"@id":"https:\/\/aivlisoft.net\/shop\/producto\/mikrotik-rbwapr-2ndr11e-lr8-wap-1x10-100-2-4ghz\/#breadcrumb"},"inLanguage":"es","potentialAction":[{"@type":"ReadAction","target":["https:\/\/aivlisoft.net\/shop\/producto\/mikrotik-rbwapr-2ndr11e-lr8-wap-1x10-100-2-4ghz\/"]}]},{"@type":"ImageObject","inLanguage":"es","@id":"https:\/\/aivlisoft.net\/shop\/producto\/mikrotik-rbwapr-2ndr11e-lr8-wap-1x10-100-2-4ghz\/#primaryimage","url":"https:\/\/aivlisoft.net\/shop\/wp-content\/uploads\/2025\/01\/NSWPAC0610_800.jpg","contentUrl":"https:\/\/aivlisoft.net\/shop\/wp-content\/uploads\/2025\/01\/NSWPAC0610_800.jpg","width":800,"height":800},{"@type":"BreadcrumbList","@id":"https:\/\/aivlisoft.net\/shop\/producto\/mikrotik-rbwapr-2ndr11e-lr8-wap-1x10-100-2-4ghz\/#breadcrumb","itemListElement":[{"@type":"ListItem","position":1,"name":"Portada","item":"https:\/\/aivlisoft.net\/shop\/"},{"@type":"ListItem","position":2,"name":"Tienda","item":"https:\/\/aivlisoft.net\/shop\/tienda\/"},{"@type":"ListItem","position":3,"name":"MikroTik RBwAPR-2nD&#038;R11e-LR8 wAP 1&#215;10\/100 2.4GHz"}]},{"@type":"WebSite","@id":"https:\/\/aivlisoft.net\/shop\/#website","url":"https:\/\/aivlisoft.net\/shop\/","name":"Aivlisoft Inform\u00e1tica","description":"En Aivlisoft Inform\u00e1tica ofrecemos soluciones tecnol\u00f3gicas para empresas: venta de ordenadores, consumibles, perif\u00e9ricos y m\u00e1s. Calidad, atenci\u00f3n personalizada y los mejores precios para tu negocio.","publisher":{"@id":"https:\/\/aivlisoft.net\/shop\/#organization"},"potentialAction":[{"@type":"SearchAction","target":{"@type":"EntryPoint","urlTemplate":"https:\/\/aivlisoft.net\/shop\/?s={search_term_string}"},"query-input":{"@type":"PropertyValueSpecification","valueRequired":true,"valueName":"search_term_string"}}],"inLanguage":"es"},{"@type":"Organization","@id":"https:\/\/aivlisoft.net\/shop\/#organization","name":"Aivlisoft Inform\u00e1tica","url":"https:\/\/aivlisoft.net\/shop\/","logo":{"@type":"ImageObject","inLanguage":"es","@id":"https:\/\/aivlisoft.net\/shop\/#\/schema\/logo\/image\/","url":"https:\/\/aivlisoft.net\/shop\/wp-content\/uploads\/2024\/12\/removal.ai_5b848c54-0cdf-4140-95c5-c5536bb7573b-logodef.png","contentUrl":"https:\/\/aivlisoft.net\/shop\/wp-content\/uploads\/2024\/12\/removal.ai_5b848c54-0cdf-4140-95c5-c5536bb7573b-logodef.png","width":484,"height":182,"caption":"Aivlisoft Inform\u00e1tica"},"image":{"@id":"https:\/\/aivlisoft.net\/shop\/#\/schema\/logo\/image\/"}}]}},"_links":{"self":[{"href":"https:\/\/aivlisoft.net\/shop\/wp-json\/wp\/v2\/product\/20237","targetHints":{"allow":["GET"]}}],"collection":[{"href":"https:\/\/aivlisoft.net\/shop\/wp-json\/wp\/v2\/product"}],"about":[{"href":"https:\/\/aivlisoft.net\/shop\/wp-json\/wp\/v2\/types\/product"}],"wp:featuredmedia":[{"embeddable":true,"href":"https:\/\/aivlisoft.net\/shop\/wp-json\/wp\/v2\/media\/20238"}],"wp:attachment":[{"href":"https:\/\/aivlisoft.net\/shop\/wp-json\/wp\/v2\/media?parent=20237"}],"wp:term":[{"taxonomy":"product_brand","embeddable":true,"href":"https:\/\/aivlisoft.net\/shop\/wp-json\/wp\/v2\/product_brand?post=20237"},{"taxonomy":"product_cat","embeddable":true,"href":"https:\/\/aivlisoft.net\/shop\/wp-json\/wp\/v2\/product_cat?post=20237"},{"taxonomy":"product_tag","embeddable":true,"href":"https:\/\/aivlisoft.net\/shop\/wp-json\/wp\/v2\/product_tag?post=20237"}],"curies":[{"name":"wp","href":"https:\/\/api.w.org\/{rel}","templated":true}]}}