{"id":20228,"date":"2025-01-13T15:40:33","date_gmt":"2025-01-13T15:40:33","guid":{"rendered":"https:\/\/aivlisoft.com\/?post_type=product&#038;p=20228"},"modified":"2025-01-14T11:49:26","modified_gmt":"2025-01-14T11:49:26","slug":"tp-link-eap625-out-hd-ap-wifi6-ax1800-dual-1xgbe","status":"publish","type":"product","link":"https:\/\/aivlisoft.net\/shop\/producto\/tp-link-eap625-out-hd-ap-wifi6-ax1800-dual-1xgbe\/","title":{"rendered":"TP-Link EAP625-Out HD AP WiFi6 AX1800 Dual 1xGbE"},"content":{"rendered":"<p><\/p>\n<table class=\"tabla_caracteristicas\" width=\"100%\">\n<tr>\n<td valign=\"top\" width=\"35%\"><b>Marca<\/b><\/td>\n<td valign=\"top\" width=\"65%\">TP-LINK<\/td>\n<\/tr>\n<tr>\n<td valign=\"top\" width=\"35%\"><b>Modelo<\/b><\/td>\n<td valign=\"top\" width=\"65%\"><strong>EAP625-Outdoor HD<\/strong><\/td>\n<\/tr>\n<tr>\n<td valign=\"top\" width=\"35%\"><b>Interfaz<\/b><\/td>\n<td valign=\"top\" width=\"65%\">&#8211; 1&times; Puerto Gigabit Ethernet Port<\/td>\n<\/tr>\n<tr>\n<td valign=\"top\" width=\"35%\"><b>Especificaciones<\/b><\/td>\n<td valign=\"top\" width=\"65%\">\n<div>&#8211; Botones: Reset<br \/>\t\t\t&#8211; Consumo de Potencia:<br \/>\t\t\t&nbsp; EU: 12.5W (802.3at PoE or Passive PoE)<br \/>\t\t\t&nbsp; US: 14.7W (802.3at PoE or Passive PoE)<br \/>\t\t\t&#8211; Tipo de Antena: 2&times; External Dual-Band Omni Antennas<br \/>\t\t\t&nbsp; 2.4 GHz: 3.0 dBi;<br \/>\t\t\t&nbsp; 5 GHz: 5.0 dBi<br \/>\t\t\t&#8211; Bluetooth<br \/>\t\t\t&#8211; Carcasa resistente a la intemperie: IP67<br \/>\t\t\t&#8211; Montaje: Pole\/Wall Mounting (Kits included)<\/div>\n<\/td>\n<\/tr>\n<tr>\n<td valign=\"top\" width=\"35%\"><strong>Caracter&iacute;sticas inal&aacute;mbricas<\/strong><\/td>\n<td valign=\"top\" width=\"65%\">\n<div>&#8211; Clientes concurrentes: 1,020+<br \/>\t\t\t&#8211; Est&aacute;ndares Inal&aacute;mbricos: IEEE 802.11 a\/b\/g\/n\/ac\/ax<br \/>\t\t\t&#8211; Frecuencia: 5 GHz, y 2.4 GHz<br \/>\t\t\t&#8211; Tasa de Se&ntilde;al:<br \/>\t\t\t&nbsp; 5 GHz: Up to 1201 Mbps<br \/>\t\t\t&nbsp; 2.4 GHz: Up to 574 Mbps<br \/>\t\t\t&#8211; Funciones Inal&aacute;mbricas:&nbsp;<br \/>\t\t\t&nbsp; Mesh<br \/>\t\t\t&nbsp; Seamless Roaming<br \/>\t\t\t&nbsp; Automatic Channel Assignment<br \/>\t\t\t&nbsp; Load Balance<br \/>\t\t\t&nbsp; Band Steering<br \/>\t\t\t&nbsp; Beamforming<br \/>\t\t\t&nbsp; Airtime Fairness<br \/>\t\t\t&nbsp; Multiple SSIDs:16 (8 for each band)<br \/>\t\t\t&nbsp; Wireless Statistics<br \/>\t\t\t&nbsp; Wireless Schedule<br \/>\t\t\t&nbsp; Reboot Schedule<br \/>\t\t\t&nbsp; RADIUS Accounting<br \/>\t\t\t&nbsp; MAC Authentication<br \/>\t\t\t&nbsp; Static IP\/Dynamic IP<br \/>\t\t\t&#8211; Seguridad Inal&aacute;mbrica:<br \/>\t\t\t&nbsp; VLAN<br \/>\t\t\t&nbsp; Access Control<br \/>\t\t\t&nbsp; Rogue AP Detection<br \/>\t\t\t&nbsp; Captive Portal Authentication*4<br \/>\t\t\t&nbsp; Maximum number of MAC Filter: 4,000<br \/>\t\t\t&nbsp; Wireless Isolation between Clients<br \/>\t\t\t&nbsp; WPA-Personal\/Enterprise, WPA2-Personal\/Enterprise, WPA3-Personal\/Enterprise<br \/>\t\t\t&nbsp; 802.1X Support<br \/>\t\t\t&#8211; Potencia de Transmisi&oacute;n:<br \/>\t\t\t&nbsp; CE: &lt; 20 dBm (2.4 GHz, EIRP), &lt; 30 dBm (5 GHz, EIRP)<br \/>\t\t\t&nbsp; FCC: &lt; 25 dBm (2.4 GHz), &lt; 25 dBm (5 GHz)<\/div>\n<\/td>\n<\/tr>\n<tr>\n<td valign=\"top\" width=\"35%\"><b>Otras caracter&iacute;sticas<\/b><\/td>\n<td valign=\"top\" width=\"65%\">\n<div>&#8211; Omada App<br \/>\t\t\t&#8211; Restore &amp; Backup&nbsp;&nbsp;&nbsp; &nbsp;<br \/>\t\t\t&#8211; Firmware update via Web&nbsp;&nbsp;&nbsp; &nbsp;<br \/>\t\t\t&#8211; NTP&nbsp;&nbsp;&nbsp; &nbsp;<br \/>\t\t\t&#8211; Gesti&oacute;n Centralizada<br \/>\t\t\t&nbsp; Omada Hardware Controller (OC300)<br \/>\t\t\t&nbsp; Omada Hardware Controller (OC200)<br \/>\t\t\t&nbsp; Omada Software Controller<br \/>\t\t\t&nbsp; Omada Cloud-Based Controller<br \/>\t\t\t&#8211; Acceso a la nube: Requiere el uso de OC300, OC200, el controlador de software Omada o el controlador basado en la nube Omada.<br \/>\t\t\t&#8211; Alertas por Correo Electr&oacute;nico&nbsp;&nbsp;&nbsp; &nbsp;<br \/>\t\t\t&#8211; LED de control ON \/ OFF&nbsp;&nbsp;&nbsp; &nbsp;<br \/>\t\t\t&#8211; Control de Gesti&oacute;n de Acceso MAC&nbsp;&nbsp;&nbsp; &nbsp;<br \/>\t\t\t&#8211; SNMP: v1, v2c, v3<br \/>\t\t\t&#8211; SSH&nbsp;&nbsp;&nbsp; &nbsp;<br \/>\t\t\t&#8211; Gesti&oacute;n basada en Web &nbsp;<br \/>\t\t\t<strong>Certificaciones &nbsp;&nbsp; &nbsp;<\/strong><br \/>\t\t\t&#8211; CE, FCC, RoHS<br \/>\t\t\t<strong>Factores Ambientales<\/strong><br \/>\t\t\t&#8211; Temperatura de funcionamiento: -30&ndash;70 &ordm;C<br \/>\t\t\t&#8211; Temperatura de almacenamiento: -40&ndash;70 &ordm;C<br \/>\t\t\t&#8211; Humedad de funcionamiento: 10&ndash;90 % de HR sin condensaci&oacute;n<br \/>\t\t\t&#8211; Humedad de almacenamiento: 5&ndash;90 % de HR sin condensaci&oacute;n<br \/>\t\t\t<strong>Dimensiones<\/strong><br \/>\t\t\t&#8211; 280,4 &times; 182,2 &times; 56,9 mm<br \/>\t\t\t<strong>Contenido<\/strong><br \/>\t\t\t&#8211; EAP625-HD para exteriores<br \/>\t\t\t&#8211; 2 &times; antenas desmontables<br \/>\t\t\t&#8211; Gu&iacute;a de instalaci&oacute;n<br \/>\t\t\t&#8211; Kit de montaje<br \/>\t\t\t&#8211; Equipo impermeable<\/div>\n<\/td>\n<\/tr>\n<tr>\n<td valign=\"top\" width=\"35%\"><b>Fecha de revisi&oacute;n<\/b><\/td>\n<td valign=\"top\" width=\"65%\">24-09-2024 por RTY<\/td>\n<\/tr>\n<\/table>\n","protected":false},"excerpt":{"rendered":"<p>Marca TP-LINK Modelo EAP625-Outdoor HD Interfaz &#8211; 1&times; Puerto Gigabit Ethernet Port Especificaciones &#8211; Botones: Reset &#8211; Consumo de Potencia: &nbsp; EU: 12.5W (802.3at PoE or Passive PoE) &nbsp; US: 14.7W (802.3at PoE or Passive PoE) &#8211; Tipo de Antena: 2&times; External Dual-Band Omni Antennas &nbsp; 2.4 GHz: 3.0 dBi; &nbsp; 5 GHz: 5.0 dBi&hellip;&nbsp;<a href=\"https:\/\/aivlisoft.net\/shop\/producto\/tp-link-eap625-out-hd-ap-wifi6-ax1800-dual-1xgbe\/\" rel=\"bookmark\"><span class=\"screen-reader-text\">TP-Link EAP625-Out HD AP WiFi6 AX1800 Dual 1xGbE<\/span><\/a><\/p>\n","protected":false},"featured_media":20229,"template":"","meta":{"neve_meta_sidebar":"","neve_meta_container":"","neve_meta_enable_content_width":"","neve_meta_content_width":0,"neve_meta_title_alignment":"","neve_meta_author_avatar":"","neve_post_elements_order":"","neve_meta_disable_header":"","neve_meta_disable_footer":"","neve_meta_disable_title":""},"product_brand":[],"product_cat":[8770],"product_tag":[7227],"class_list":{"0":"post-20228","1":"product","2":"type-product","3":"status-publish","4":"has-post-thumbnail","6":"product_cat-puntos-de-acceso","7":"product_tag-eap625-outdoor-hd","9":"first","10":"instock","11":"taxable","12":"shipping-taxable","13":"purchasable","14":"product-type-simple"},"yoast_head":"<!-- This site is optimized with the Yoast SEO plugin v26.0 - https:\/\/yoast.com\/wordpress\/plugins\/seo\/ -->\n<title>TP-Link EAP625-Out HD AP WiFi6 AX1800 Dual 1xGbE - Aivlisoft Inform\u00e1tica<\/title>\n<meta name=\"robots\" content=\"index, follow, max-snippet:-1, max-image-preview:large, max-video-preview:-1\" \/>\n<link rel=\"canonical\" href=\"https:\/\/aivlisoft.net\/shop\/producto\/tp-link-eap625-out-hd-ap-wifi6-ax1800-dual-1xgbe\/\" \/>\n<meta property=\"og:locale\" content=\"es_ES\" \/>\n<meta property=\"og:type\" content=\"article\" \/>\n<meta property=\"og:title\" content=\"TP-Link EAP625-Out HD AP WiFi6 AX1800 Dual 1xGbE - Aivlisoft Inform\u00e1tica\" \/>\n<meta property=\"og:description\" content=\"Marca TP-LINK Modelo EAP625-Outdoor HD Interfaz &#8211; 1&times; Puerto Gigabit Ethernet Port Especificaciones &#8211; Botones: Reset &#8211; Consumo de Potencia: &nbsp; EU: 12.5W (802.3at PoE or Passive PoE) &nbsp; US: 14.7W (802.3at PoE or Passive PoE) &#8211; Tipo de Antena: 2&times; External Dual-Band Omni Antennas &nbsp; 2.4 GHz: 3.0 dBi; &nbsp; 5 GHz: 5.0 dBi&hellip;&nbsp;TP-Link EAP625-Out HD AP WiFi6 AX1800 Dual 1xGbE\" \/>\n<meta property=\"og:url\" content=\"https:\/\/aivlisoft.net\/shop\/producto\/tp-link-eap625-out-hd-ap-wifi6-ax1800-dual-1xgbe\/\" \/>\n<meta property=\"og:site_name\" content=\"Aivlisoft Inform\u00e1tica\" \/>\n<meta property=\"article:modified_time\" content=\"2025-01-14T11:49:26+00:00\" \/>\n<meta property=\"og:image\" content=\"https:\/\/aivlisoft.net\/shop\/wp-content\/uploads\/2025\/01\/NSWPAC0608_800.jpg\" \/>\n\t<meta property=\"og:image:width\" content=\"800\" \/>\n\t<meta property=\"og:image:height\" content=\"800\" \/>\n\t<meta property=\"og:image:type\" content=\"image\/jpeg\" \/>\n<meta name=\"twitter:card\" content=\"summary_large_image\" \/>\n<meta name=\"twitter:label1\" content=\"Tiempo de lectura\" \/>\n\t<meta name=\"twitter:data1\" content=\"2 minutos\" \/>\n<script type=\"application\/ld+json\" class=\"yoast-schema-graph\">{\"@context\":\"https:\/\/schema.org\",\"@graph\":[{\"@type\":\"WebPage\",\"@id\":\"https:\/\/aivlisoft.net\/shop\/producto\/tp-link-eap625-out-hd-ap-wifi6-ax1800-dual-1xgbe\/\",\"url\":\"https:\/\/aivlisoft.net\/shop\/producto\/tp-link-eap625-out-hd-ap-wifi6-ax1800-dual-1xgbe\/\",\"name\":\"TP-Link EAP625-Out HD AP WiFi6 AX1800 Dual 1xGbE - Aivlisoft Inform\u00e1tica\",\"isPartOf\":{\"@id\":\"https:\/\/aivlisoft.net\/shop\/#website\"},\"primaryImageOfPage\":{\"@id\":\"https:\/\/aivlisoft.net\/shop\/producto\/tp-link-eap625-out-hd-ap-wifi6-ax1800-dual-1xgbe\/#primaryimage\"},\"image\":{\"@id\":\"https:\/\/aivlisoft.net\/shop\/producto\/tp-link-eap625-out-hd-ap-wifi6-ax1800-dual-1xgbe\/#primaryimage\"},\"thumbnailUrl\":\"https:\/\/aivlisoft.net\/shop\/wp-content\/uploads\/2025\/01\/NSWPAC0608_800.jpg\",\"datePublished\":\"2025-01-13T15:40:33+00:00\",\"dateModified\":\"2025-01-14T11:49:26+00:00\",\"breadcrumb\":{\"@id\":\"https:\/\/aivlisoft.net\/shop\/producto\/tp-link-eap625-out-hd-ap-wifi6-ax1800-dual-1xgbe\/#breadcrumb\"},\"inLanguage\":\"es\",\"potentialAction\":[{\"@type\":\"ReadAction\",\"target\":[\"https:\/\/aivlisoft.net\/shop\/producto\/tp-link-eap625-out-hd-ap-wifi6-ax1800-dual-1xgbe\/\"]}]},{\"@type\":\"ImageObject\",\"inLanguage\":\"es\",\"@id\":\"https:\/\/aivlisoft.net\/shop\/producto\/tp-link-eap625-out-hd-ap-wifi6-ax1800-dual-1xgbe\/#primaryimage\",\"url\":\"https:\/\/aivlisoft.net\/shop\/wp-content\/uploads\/2025\/01\/NSWPAC0608_800.jpg\",\"contentUrl\":\"https:\/\/aivlisoft.net\/shop\/wp-content\/uploads\/2025\/01\/NSWPAC0608_800.jpg\",\"width\":800,\"height\":800},{\"@type\":\"BreadcrumbList\",\"@id\":\"https:\/\/aivlisoft.net\/shop\/producto\/tp-link-eap625-out-hd-ap-wifi6-ax1800-dual-1xgbe\/#breadcrumb\",\"itemListElement\":[{\"@type\":\"ListItem\",\"position\":1,\"name\":\"Portada\",\"item\":\"https:\/\/aivlisoft.net\/shop\/\"},{\"@type\":\"ListItem\",\"position\":2,\"name\":\"Tienda\",\"item\":\"https:\/\/aivlisoft.net\/shop\/tienda\/\"},{\"@type\":\"ListItem\",\"position\":3,\"name\":\"TP-Link EAP625-Out HD AP WiFi6 AX1800 Dual 1xGbE\"}]},{\"@type\":\"WebSite\",\"@id\":\"https:\/\/aivlisoft.net\/shop\/#website\",\"url\":\"https:\/\/aivlisoft.net\/shop\/\",\"name\":\"Aivlisoft Inform\u00e1tica\",\"description\":\"En Aivlisoft Inform\u00e1tica ofrecemos soluciones tecnol\u00f3gicas para empresas: venta de ordenadores, consumibles, perif\u00e9ricos y m\u00e1s. Calidad, atenci\u00f3n personalizada y los mejores precios para tu negocio.\",\"publisher\":{\"@id\":\"https:\/\/aivlisoft.net\/shop\/#organization\"},\"potentialAction\":[{\"@type\":\"SearchAction\",\"target\":{\"@type\":\"EntryPoint\",\"urlTemplate\":\"https:\/\/aivlisoft.net\/shop\/?s={search_term_string}\"},\"query-input\":{\"@type\":\"PropertyValueSpecification\",\"valueRequired\":true,\"valueName\":\"search_term_string\"}}],\"inLanguage\":\"es\"},{\"@type\":\"Organization\",\"@id\":\"https:\/\/aivlisoft.net\/shop\/#organization\",\"name\":\"Aivlisoft Inform\u00e1tica\",\"url\":\"https:\/\/aivlisoft.net\/shop\/\",\"logo\":{\"@type\":\"ImageObject\",\"inLanguage\":\"es\",\"@id\":\"https:\/\/aivlisoft.net\/shop\/#\/schema\/logo\/image\/\",\"url\":\"https:\/\/aivlisoft.net\/shop\/wp-content\/uploads\/2024\/12\/removal.ai_5b848c54-0cdf-4140-95c5-c5536bb7573b-logodef.png\",\"contentUrl\":\"https:\/\/aivlisoft.net\/shop\/wp-content\/uploads\/2024\/12\/removal.ai_5b848c54-0cdf-4140-95c5-c5536bb7573b-logodef.png\",\"width\":484,\"height\":182,\"caption\":\"Aivlisoft Inform\u00e1tica\"},\"image\":{\"@id\":\"https:\/\/aivlisoft.net\/shop\/#\/schema\/logo\/image\/\"}}]}<\/script>\n<!-- \/ Yoast SEO plugin. -->","yoast_head_json":{"title":"TP-Link EAP625-Out HD AP WiFi6 AX1800 Dual 1xGbE - Aivlisoft Inform\u00e1tica","robots":{"index":"index","follow":"follow","max-snippet":"max-snippet:-1","max-image-preview":"max-image-preview:large","max-video-preview":"max-video-preview:-1"},"canonical":"https:\/\/aivlisoft.net\/shop\/producto\/tp-link-eap625-out-hd-ap-wifi6-ax1800-dual-1xgbe\/","og_locale":"es_ES","og_type":"article","og_title":"TP-Link EAP625-Out HD AP WiFi6 AX1800 Dual 1xGbE - Aivlisoft Inform\u00e1tica","og_description":"Marca TP-LINK Modelo EAP625-Outdoor HD Interfaz &#8211; 1&times; Puerto Gigabit Ethernet Port Especificaciones &#8211; Botones: Reset &#8211; Consumo de Potencia: &nbsp; EU: 12.5W (802.3at PoE or Passive PoE) &nbsp; US: 14.7W (802.3at PoE or Passive PoE) &#8211; Tipo de Antena: 2&times; External Dual-Band Omni Antennas &nbsp; 2.4 GHz: 3.0 dBi; &nbsp; 5 GHz: 5.0 dBi&hellip;&nbsp;TP-Link EAP625-Out HD AP WiFi6 AX1800 Dual 1xGbE","og_url":"https:\/\/aivlisoft.net\/shop\/producto\/tp-link-eap625-out-hd-ap-wifi6-ax1800-dual-1xgbe\/","og_site_name":"Aivlisoft Inform\u00e1tica","article_modified_time":"2025-01-14T11:49:26+00:00","og_image":[{"width":800,"height":800,"url":"https:\/\/aivlisoft.net\/shop\/wp-content\/uploads\/2025\/01\/NSWPAC0608_800.jpg","type":"image\/jpeg"}],"twitter_card":"summary_large_image","twitter_misc":{"Tiempo de lectura":"2 minutos"},"schema":{"@context":"https:\/\/schema.org","@graph":[{"@type":"WebPage","@id":"https:\/\/aivlisoft.net\/shop\/producto\/tp-link-eap625-out-hd-ap-wifi6-ax1800-dual-1xgbe\/","url":"https:\/\/aivlisoft.net\/shop\/producto\/tp-link-eap625-out-hd-ap-wifi6-ax1800-dual-1xgbe\/","name":"TP-Link EAP625-Out HD AP WiFi6 AX1800 Dual 1xGbE - Aivlisoft Inform\u00e1tica","isPartOf":{"@id":"https:\/\/aivlisoft.net\/shop\/#website"},"primaryImageOfPage":{"@id":"https:\/\/aivlisoft.net\/shop\/producto\/tp-link-eap625-out-hd-ap-wifi6-ax1800-dual-1xgbe\/#primaryimage"},"image":{"@id":"https:\/\/aivlisoft.net\/shop\/producto\/tp-link-eap625-out-hd-ap-wifi6-ax1800-dual-1xgbe\/#primaryimage"},"thumbnailUrl":"https:\/\/aivlisoft.net\/shop\/wp-content\/uploads\/2025\/01\/NSWPAC0608_800.jpg","datePublished":"2025-01-13T15:40:33+00:00","dateModified":"2025-01-14T11:49:26+00:00","breadcrumb":{"@id":"https:\/\/aivlisoft.net\/shop\/producto\/tp-link-eap625-out-hd-ap-wifi6-ax1800-dual-1xgbe\/#breadcrumb"},"inLanguage":"es","potentialAction":[{"@type":"ReadAction","target":["https:\/\/aivlisoft.net\/shop\/producto\/tp-link-eap625-out-hd-ap-wifi6-ax1800-dual-1xgbe\/"]}]},{"@type":"ImageObject","inLanguage":"es","@id":"https:\/\/aivlisoft.net\/shop\/producto\/tp-link-eap625-out-hd-ap-wifi6-ax1800-dual-1xgbe\/#primaryimage","url":"https:\/\/aivlisoft.net\/shop\/wp-content\/uploads\/2025\/01\/NSWPAC0608_800.jpg","contentUrl":"https:\/\/aivlisoft.net\/shop\/wp-content\/uploads\/2025\/01\/NSWPAC0608_800.jpg","width":800,"height":800},{"@type":"BreadcrumbList","@id":"https:\/\/aivlisoft.net\/shop\/producto\/tp-link-eap625-out-hd-ap-wifi6-ax1800-dual-1xgbe\/#breadcrumb","itemListElement":[{"@type":"ListItem","position":1,"name":"Portada","item":"https:\/\/aivlisoft.net\/shop\/"},{"@type":"ListItem","position":2,"name":"Tienda","item":"https:\/\/aivlisoft.net\/shop\/tienda\/"},{"@type":"ListItem","position":3,"name":"TP-Link EAP625-Out HD AP WiFi6 AX1800 Dual 1xGbE"}]},{"@type":"WebSite","@id":"https:\/\/aivlisoft.net\/shop\/#website","url":"https:\/\/aivlisoft.net\/shop\/","name":"Aivlisoft Inform\u00e1tica","description":"En Aivlisoft Inform\u00e1tica ofrecemos soluciones tecnol\u00f3gicas para empresas: venta de ordenadores, consumibles, perif\u00e9ricos y m\u00e1s. Calidad, atenci\u00f3n personalizada y los mejores precios para tu negocio.","publisher":{"@id":"https:\/\/aivlisoft.net\/shop\/#organization"},"potentialAction":[{"@type":"SearchAction","target":{"@type":"EntryPoint","urlTemplate":"https:\/\/aivlisoft.net\/shop\/?s={search_term_string}"},"query-input":{"@type":"PropertyValueSpecification","valueRequired":true,"valueName":"search_term_string"}}],"inLanguage":"es"},{"@type":"Organization","@id":"https:\/\/aivlisoft.net\/shop\/#organization","name":"Aivlisoft Inform\u00e1tica","url":"https:\/\/aivlisoft.net\/shop\/","logo":{"@type":"ImageObject","inLanguage":"es","@id":"https:\/\/aivlisoft.net\/shop\/#\/schema\/logo\/image\/","url":"https:\/\/aivlisoft.net\/shop\/wp-content\/uploads\/2024\/12\/removal.ai_5b848c54-0cdf-4140-95c5-c5536bb7573b-logodef.png","contentUrl":"https:\/\/aivlisoft.net\/shop\/wp-content\/uploads\/2024\/12\/removal.ai_5b848c54-0cdf-4140-95c5-c5536bb7573b-logodef.png","width":484,"height":182,"caption":"Aivlisoft Inform\u00e1tica"},"image":{"@id":"https:\/\/aivlisoft.net\/shop\/#\/schema\/logo\/image\/"}}]}},"_links":{"self":[{"href":"https:\/\/aivlisoft.net\/shop\/wp-json\/wp\/v2\/product\/20228","targetHints":{"allow":["GET"]}}],"collection":[{"href":"https:\/\/aivlisoft.net\/shop\/wp-json\/wp\/v2\/product"}],"about":[{"href":"https:\/\/aivlisoft.net\/shop\/wp-json\/wp\/v2\/types\/product"}],"wp:featuredmedia":[{"embeddable":true,"href":"https:\/\/aivlisoft.net\/shop\/wp-json\/wp\/v2\/media\/20229"}],"wp:attachment":[{"href":"https:\/\/aivlisoft.net\/shop\/wp-json\/wp\/v2\/media?parent=20228"}],"wp:term":[{"taxonomy":"product_brand","embeddable":true,"href":"https:\/\/aivlisoft.net\/shop\/wp-json\/wp\/v2\/product_brand?post=20228"},{"taxonomy":"product_cat","embeddable":true,"href":"https:\/\/aivlisoft.net\/shop\/wp-json\/wp\/v2\/product_cat?post=20228"},{"taxonomy":"product_tag","embeddable":true,"href":"https:\/\/aivlisoft.net\/shop\/wp-json\/wp\/v2\/product_tag?post=20228"}],"curies":[{"name":"wp","href":"https:\/\/api.w.org\/{rel}","templated":true}]}}