{"id":20224,"date":"2025-01-13T15:40:30","date_gmt":"2025-01-13T15:40:30","guid":{"rendered":"https:\/\/aivlisoft.com\/?post_type=product&#038;p=20224"},"modified":"2025-01-14T11:49:25","modified_gmt":"2025-01-14T11:49:25","slug":"tp-link-eap655-wall-ap-wifi6-ax3000-dual-4xgbe","status":"publish","type":"product","link":"https:\/\/aivlisoft.net\/shop\/producto\/tp-link-eap655-wall-ap-wifi6-ax3000-dual-4xgbe\/","title":{"rendered":"TP-Link EAP655-Wall AP WiFi6 AX3000 Dual 4xGbE"},"content":{"rendered":"<p><\/p>\n<table class=\"tabla_caracteristicas\" width=\"100%\">\n<tr>\n<td valign=\"top\"><strong>Marca<\/strong><\/td>\n<td>TP-Link<\/td>\n<\/tr>\n<tr>\n<td valign=\"top\"><strong>Modelo<\/strong><\/td>\n<td><strong>EAP655-Wall<\/strong><\/td>\n<\/tr>\n<tr>\n<td valign=\"top\"><strong>Caracter&iacute;sticas de Hardware<\/strong><\/td>\n<td>&#8211; Interfaz<br \/>\t\t\t&nbsp; 1 x puerto Ethernet de 10\/100\/1000 Mbps<br \/>\t\t\t&nbsp; 3 x puertos Ethernet de 10\/100\/1000 Mbps (un puerto admite salida PoE y la funci&oacute;n de salida PoE requiere entrada PoE+ 802.3at)<br \/>\t\t\t&nbsp; 2 x puerto Gigabit RJ45&nbsp;<br \/>\t\t\t&#8211; Botones: Reset, LED<br \/>\t\t\t&#8211; Fuente de Alimentaci&oacute;n: 802.3af\/at PoE<br \/>\t\t\t&#8211; Consumo de Potencia<br \/>\t\t\t&nbsp; UE: 12 W (802.3at PoE, salida PoE desactivada)<br \/>\t\t\t&nbsp; EE. UU.: 12,6 W (802.3at PoE, salida PoE desactivada)<br \/>\t\t\t&#8211; Antenas 2 antenas de doble banda<br \/>\t\t\t&nbsp; 2,4 GHz: 2 &times; 3 dBi<br \/>\t\t\t&nbsp; 5 GHz: 2 &times; 5 dBi<br \/>\t\t\t&#8211; Montaje: Montaje en placa de pared (Kits incluidos)<\/td>\n<\/tr>\n<tr>\n<td valign=\"top\"><strong>Caracter&iacute;sticas inal&aacute;mbricas<\/strong><\/td>\n<td>&#8211; Coverage: 50m2<br \/>\t\t\t&#8211; Maximum Number of Wireless Clients: + 100<br \/>\t\t\t&#8211; Clientes concurrentes: + 120<br \/>\t\t\t&#8211; Est&aacute;ndares Inal&aacute;mbricos: IEEE 802.11ax\/ac\/n\/g\/b\/a<br \/>\t\t\t&#8211; Frecuencia: 2.4 GHz y 5 GHz<br \/>\t\t\t&#8211; Tasa de Se&ntilde;al:<br \/>\t\t\t&nbsp; 5 GHz: hasta 2402 Mbps<br \/>\t\t\t&nbsp; 2,4 GHz: hasta 574 Mbps<br \/>\t\t\t&#8211; Funciones Inal&aacute;mbricas:<br \/>\t\t\t&nbsp; 16 SSID (hasta 8 SSID en cada banda)<br \/>\t\t\t&nbsp; Habilitar\/deshabilitar la radio inal&aacute;mbrica<br \/>\t\t\t&nbsp; Asignaci&oacute;n autom&aacute;tica de canales<br \/>\t\t\t&nbsp; Control de potencia de transmisi&oacute;n (Ajuste de potencia de transmisi&oacute;n en dBm)<br \/>\t\t\t&nbsp; QoS (WMM)<br \/>\t\t\t&nbsp; Roaming continuo<br \/>\t\t\t&nbsp; Formaci&oacute;n de haces<br \/>\t\t\t&nbsp; L&iacute;mite de tarifa<br \/>\t\t\t&nbsp; Equilibrio de carga<br \/>\t\t\t&nbsp; Equidad de tiempo aire<br \/>\t\t\t&nbsp; Direcci&oacute;n de banda<br \/>\t\t\t&nbsp; Horario de reinicio<br \/>\t\t\t&nbsp; Horario inal&aacute;mbrico<br \/>\t\t\t&nbsp; Contabilidad RADIUS<br \/>\t\t\t&nbsp; Autenticaci&oacute;n MAC<br \/>\t\t\t&nbsp; Estad&iacute;sticas Inal&aacute;mbricas<br \/>\t\t\t&nbsp; IP est&aacute;tica\/IP din&aacute;mica<br \/>\t\t\t&#8211; Seguridad Inal&aacute;mbrica:<br \/>\t\t\t&nbsp; Autenticaci&oacute;n de portal cautivo<br \/>\t\t\t&nbsp; Control de acceso<br \/>\t\t\t&nbsp; Filtrado de Direcciones MAC Inal&aacute;mbricas<br \/>\t\t\t&nbsp; Aislamiento inal&aacute;mbrico entre clientes<br \/>\t\t\t&nbsp; VLAN<br \/>\t\t\t&nbsp; Detecci&oacute;n de puntos de acceso no autorizados<br \/>\t\t\t&nbsp; Compatibilidad con 802.1X<br \/>\t\t\t&nbsp; WPA-Personal\/Empresa, WPA2-Personal\/Empresa, WPA3-Personal\/Empresa<br \/>\t\t\t&#8211; Potencia de Transmisi&oacute;n CE:<br \/>\t\t\t&nbsp; &lt;20 dBm (2.4GHz, EIRP)<br \/>\t\t\t&nbsp; &lt;23 dBm (5GHz band1 &amp; 2, EIRP)<br \/>\t\t\t&nbsp; &lt;26 dBm (5GHz band3, EIRP)<br \/>\t\t\t&#8211; Potencia de Transmisi&oacute;n FCC:<br \/>\t\t\t&nbsp; &lt; 21 dBm (2.4 GHz)<br \/>\t\t\t&nbsp; &lt; 21 dBm (5 GHz)<\/td>\n<\/tr>\n<tr>\n<td valign=\"top\"><strong>Gesti&oacute;n<\/strong><\/td>\n<td>&#8211; Omada App<br \/>\t\t\t&#8211; Gesti&oacute;n Centralizada:<br \/>\t\t\t&nbsp; Controlador de hardware Omada (OC300)<br \/>\t\t\t&nbsp; Controlador de hardware Omada (OC200)<br \/>\t\t\t&nbsp; Controlador de software Omada<br \/>\t\t\t&nbsp; Controlador basado en la nube Omada<br \/>\t\t\t&#8211; Acceso a la nube: Requiere el uso de OC300, OC200, controlador basado en la nube Omada o controlador de software Omada<br \/>\t\t\t&#8211; Alertas por Correo Electr&oacute;nico<br \/>\t\t\t&#8211; LED de control ON \/ OFF<br \/>\t\t\t&#8211; Control de Gesti&oacute;n de Acceso MAC&nbsp;&nbsp;&nbsp; &nbsp;<br \/>\t\t\t&#8211; SNMP: v1, v2c, v3<br \/>\t\t\t&#8211; Acceso al Registro de Sistema Local\/ Registro del Sistema Remoto: Syslog local\/remoto<br \/>\t\t\t&#8211; SSH&nbsp;&nbsp;&nbsp; &nbsp;<br \/>\t\t\t&#8211; Gesti&oacute;n basada en Web: HTTP\/HTTPS<br \/>\t\t\t&#8211; Gesti&oacute;n L3<br \/>\t\t\t&#8211; Gesti&oacute;n Multi-sitio<br \/>\t\t\t&#8211; VLAN de Gesti&oacute;n&nbsp;&nbsp;&nbsp; &nbsp;<br \/>\t\t\t&#8211; Aprovisionamiento sin contacto: Requiere el uso del controlador basado en la nube de Omada<\/td>\n<\/tr>\n<tr>\n<td valign=\"top\"><strong>Otras caracter&iacute;sticas<\/strong><\/td>\n<td>&#8211; Certificaciones: FCC, RoHS<br \/>\t\t\t&#8211; Requisitos del sistema: Microsoft Windows XP, Vista, Windows 7, Windows 8, Windows10, Windows11, Linux<br \/>\t\t\t&#8211; Factores Ambientales<br \/>\t\t\t&nbsp; Temperatura de funcionamiento: 0&ndash;40 &ordm;C<br \/>\t\t\t&nbsp; Temperatura de almacenamiento: -40&ndash;70 &ordm;C<br \/>\t\t\t&nbsp; Humedad de funcionamiento: 10&ndash;90% RH sin condensaci&oacute;n<br \/>\t\t\t&nbsp; Humedad de almacenamiento: 5&ndash;90% RH sin condensaci&oacute;n<br \/>\t\t\t<strong>Dimensiones <\/strong><br \/>\t\t\t&#8211; 143 &times; 86 &times; 42,6 mm<br \/>\t\t\t<strong>Contenido<\/strong><br \/>\t\t\t&#8211; Placa de pared AX3000 Punto de acceso WiFi 6 EAP655-Pared<br \/>\t\t\t&#8211; Gu&iacute;a de instalaci&oacute;n<br \/>\t\t\t&#8211; Juegos de montaje<\/td>\n<\/tr>\n<tr>\n<td valign=\"top\"><strong>Fecha de revisi&oacute;n<\/strong><\/td>\n<td>24-09-2024 por RTY<\/td>\n<\/tr>\n<\/table>\n","protected":false},"excerpt":{"rendered":"<p>Marca TP-Link Modelo EAP655-Wall Caracter&iacute;sticas de Hardware &#8211; Interfaz &nbsp; 1 x puerto Ethernet de 10\/100\/1000 Mbps &nbsp; 3 x puertos Ethernet de 10\/100\/1000 Mbps (un puerto admite salida PoE y la funci&oacute;n de salida PoE requiere entrada PoE+ 802.3at) &nbsp; 2 x puerto Gigabit RJ45&nbsp; &#8211; Botones: Reset, LED &#8211; Fuente de Alimentaci&oacute;n: 802.3af\/at&hellip;&nbsp;<a href=\"https:\/\/aivlisoft.net\/shop\/producto\/tp-link-eap655-wall-ap-wifi6-ax3000-dual-4xgbe\/\" rel=\"bookmark\"><span class=\"screen-reader-text\">TP-Link EAP655-Wall AP WiFi6 AX3000 Dual 4xGbE<\/span><\/a><\/p>\n","protected":false},"featured_media":20225,"template":"","meta":{"neve_meta_sidebar":"","neve_meta_container":"","neve_meta_enable_content_width":"","neve_meta_content_width":0,"neve_meta_title_alignment":"","neve_meta_author_avatar":"","neve_post_elements_order":"","neve_meta_disable_header":"","neve_meta_disable_footer":"","neve_meta_disable_title":""},"product_brand":[],"product_cat":[8770],"product_tag":[7226],"class_list":{"0":"post-20224","1":"product","2":"type-product","3":"status-publish","4":"has-post-thumbnail","6":"product_cat-puntos-de-acceso","7":"product_tag-eap655-wall","9":"first","10":"instock","11":"taxable","12":"shipping-taxable","13":"purchasable","14":"product-type-simple"},"yoast_head":"<!-- This site is optimized with the Yoast SEO plugin v26.0 - https:\/\/yoast.com\/wordpress\/plugins\/seo\/ -->\n<title>TP-Link EAP655-Wall AP WiFi6 AX3000 Dual 4xGbE - Aivlisoft Inform\u00e1tica<\/title>\n<meta name=\"robots\" content=\"index, follow, max-snippet:-1, max-image-preview:large, max-video-preview:-1\" \/>\n<link rel=\"canonical\" href=\"https:\/\/aivlisoft.net\/shop\/producto\/tp-link-eap655-wall-ap-wifi6-ax3000-dual-4xgbe\/\" \/>\n<meta property=\"og:locale\" content=\"es_ES\" \/>\n<meta property=\"og:type\" content=\"article\" \/>\n<meta property=\"og:title\" content=\"TP-Link EAP655-Wall AP WiFi6 AX3000 Dual 4xGbE - Aivlisoft Inform\u00e1tica\" \/>\n<meta property=\"og:description\" content=\"Marca TP-Link Modelo EAP655-Wall Caracter&iacute;sticas de Hardware &#8211; Interfaz &nbsp; 1 x puerto Ethernet de 10\/100\/1000 Mbps &nbsp; 3 x puertos Ethernet de 10\/100\/1000 Mbps (un puerto admite salida PoE y la funci&oacute;n de salida PoE requiere entrada PoE+ 802.3at) &nbsp; 2 x puerto Gigabit RJ45&nbsp; &#8211; Botones: Reset, LED &#8211; Fuente de Alimentaci&oacute;n: 802.3af\/at&hellip;&nbsp;TP-Link EAP655-Wall AP WiFi6 AX3000 Dual 4xGbE\" \/>\n<meta property=\"og:url\" content=\"https:\/\/aivlisoft.net\/shop\/producto\/tp-link-eap655-wall-ap-wifi6-ax3000-dual-4xgbe\/\" \/>\n<meta property=\"og:site_name\" content=\"Aivlisoft Inform\u00e1tica\" \/>\n<meta property=\"article:modified_time\" content=\"2025-01-14T11:49:25+00:00\" \/>\n<meta property=\"og:image\" content=\"https:\/\/aivlisoft.net\/shop\/wp-content\/uploads\/2025\/01\/NSWPAC0607_800.jpg\" \/>\n\t<meta property=\"og:image:width\" content=\"800\" \/>\n\t<meta property=\"og:image:height\" content=\"800\" \/>\n\t<meta property=\"og:image:type\" content=\"image\/jpeg\" \/>\n<meta name=\"twitter:card\" content=\"summary_large_image\" \/>\n<meta name=\"twitter:label1\" content=\"Tiempo de lectura\" \/>\n\t<meta name=\"twitter:data1\" content=\"3 minutos\" \/>\n<script type=\"application\/ld+json\" class=\"yoast-schema-graph\">{\"@context\":\"https:\/\/schema.org\",\"@graph\":[{\"@type\":\"WebPage\",\"@id\":\"https:\/\/aivlisoft.net\/shop\/producto\/tp-link-eap655-wall-ap-wifi6-ax3000-dual-4xgbe\/\",\"url\":\"https:\/\/aivlisoft.net\/shop\/producto\/tp-link-eap655-wall-ap-wifi6-ax3000-dual-4xgbe\/\",\"name\":\"TP-Link EAP655-Wall AP WiFi6 AX3000 Dual 4xGbE - Aivlisoft Inform\u00e1tica\",\"isPartOf\":{\"@id\":\"https:\/\/aivlisoft.net\/shop\/#website\"},\"primaryImageOfPage\":{\"@id\":\"https:\/\/aivlisoft.net\/shop\/producto\/tp-link-eap655-wall-ap-wifi6-ax3000-dual-4xgbe\/#primaryimage\"},\"image\":{\"@id\":\"https:\/\/aivlisoft.net\/shop\/producto\/tp-link-eap655-wall-ap-wifi6-ax3000-dual-4xgbe\/#primaryimage\"},\"thumbnailUrl\":\"https:\/\/aivlisoft.net\/shop\/wp-content\/uploads\/2025\/01\/NSWPAC0607_800.jpg\",\"datePublished\":\"2025-01-13T15:40:30+00:00\",\"dateModified\":\"2025-01-14T11:49:25+00:00\",\"breadcrumb\":{\"@id\":\"https:\/\/aivlisoft.net\/shop\/producto\/tp-link-eap655-wall-ap-wifi6-ax3000-dual-4xgbe\/#breadcrumb\"},\"inLanguage\":\"es\",\"potentialAction\":[{\"@type\":\"ReadAction\",\"target\":[\"https:\/\/aivlisoft.net\/shop\/producto\/tp-link-eap655-wall-ap-wifi6-ax3000-dual-4xgbe\/\"]}]},{\"@type\":\"ImageObject\",\"inLanguage\":\"es\",\"@id\":\"https:\/\/aivlisoft.net\/shop\/producto\/tp-link-eap655-wall-ap-wifi6-ax3000-dual-4xgbe\/#primaryimage\",\"url\":\"https:\/\/aivlisoft.net\/shop\/wp-content\/uploads\/2025\/01\/NSWPAC0607_800.jpg\",\"contentUrl\":\"https:\/\/aivlisoft.net\/shop\/wp-content\/uploads\/2025\/01\/NSWPAC0607_800.jpg\",\"width\":800,\"height\":800},{\"@type\":\"BreadcrumbList\",\"@id\":\"https:\/\/aivlisoft.net\/shop\/producto\/tp-link-eap655-wall-ap-wifi6-ax3000-dual-4xgbe\/#breadcrumb\",\"itemListElement\":[{\"@type\":\"ListItem\",\"position\":1,\"name\":\"Portada\",\"item\":\"https:\/\/aivlisoft.net\/shop\/\"},{\"@type\":\"ListItem\",\"position\":2,\"name\":\"Tienda\",\"item\":\"https:\/\/aivlisoft.net\/shop\/tienda\/\"},{\"@type\":\"ListItem\",\"position\":3,\"name\":\"TP-Link EAP655-Wall AP WiFi6 AX3000 Dual 4xGbE\"}]},{\"@type\":\"WebSite\",\"@id\":\"https:\/\/aivlisoft.net\/shop\/#website\",\"url\":\"https:\/\/aivlisoft.net\/shop\/\",\"name\":\"Aivlisoft Inform\u00e1tica\",\"description\":\"En Aivlisoft Inform\u00e1tica ofrecemos soluciones tecnol\u00f3gicas para empresas: venta de ordenadores, consumibles, perif\u00e9ricos y m\u00e1s. Calidad, atenci\u00f3n personalizada y los mejores precios para tu negocio.\",\"publisher\":{\"@id\":\"https:\/\/aivlisoft.net\/shop\/#organization\"},\"potentialAction\":[{\"@type\":\"SearchAction\",\"target\":{\"@type\":\"EntryPoint\",\"urlTemplate\":\"https:\/\/aivlisoft.net\/shop\/?s={search_term_string}\"},\"query-input\":{\"@type\":\"PropertyValueSpecification\",\"valueRequired\":true,\"valueName\":\"search_term_string\"}}],\"inLanguage\":\"es\"},{\"@type\":\"Organization\",\"@id\":\"https:\/\/aivlisoft.net\/shop\/#organization\",\"name\":\"Aivlisoft Inform\u00e1tica\",\"url\":\"https:\/\/aivlisoft.net\/shop\/\",\"logo\":{\"@type\":\"ImageObject\",\"inLanguage\":\"es\",\"@id\":\"https:\/\/aivlisoft.net\/shop\/#\/schema\/logo\/image\/\",\"url\":\"https:\/\/aivlisoft.net\/shop\/wp-content\/uploads\/2024\/12\/removal.ai_5b848c54-0cdf-4140-95c5-c5536bb7573b-logodef.png\",\"contentUrl\":\"https:\/\/aivlisoft.net\/shop\/wp-content\/uploads\/2024\/12\/removal.ai_5b848c54-0cdf-4140-95c5-c5536bb7573b-logodef.png\",\"width\":484,\"height\":182,\"caption\":\"Aivlisoft Inform\u00e1tica\"},\"image\":{\"@id\":\"https:\/\/aivlisoft.net\/shop\/#\/schema\/logo\/image\/\"}}]}<\/script>\n<!-- \/ Yoast SEO plugin. -->","yoast_head_json":{"title":"TP-Link EAP655-Wall AP WiFi6 AX3000 Dual 4xGbE - Aivlisoft Inform\u00e1tica","robots":{"index":"index","follow":"follow","max-snippet":"max-snippet:-1","max-image-preview":"max-image-preview:large","max-video-preview":"max-video-preview:-1"},"canonical":"https:\/\/aivlisoft.net\/shop\/producto\/tp-link-eap655-wall-ap-wifi6-ax3000-dual-4xgbe\/","og_locale":"es_ES","og_type":"article","og_title":"TP-Link EAP655-Wall AP WiFi6 AX3000 Dual 4xGbE - Aivlisoft Inform\u00e1tica","og_description":"Marca TP-Link Modelo EAP655-Wall Caracter&iacute;sticas de Hardware &#8211; Interfaz &nbsp; 1 x puerto Ethernet de 10\/100\/1000 Mbps &nbsp; 3 x puertos Ethernet de 10\/100\/1000 Mbps (un puerto admite salida PoE y la funci&oacute;n de salida PoE requiere entrada PoE+ 802.3at) &nbsp; 2 x puerto Gigabit RJ45&nbsp; &#8211; Botones: Reset, LED &#8211; Fuente de Alimentaci&oacute;n: 802.3af\/at&hellip;&nbsp;TP-Link EAP655-Wall AP WiFi6 AX3000 Dual 4xGbE","og_url":"https:\/\/aivlisoft.net\/shop\/producto\/tp-link-eap655-wall-ap-wifi6-ax3000-dual-4xgbe\/","og_site_name":"Aivlisoft Inform\u00e1tica","article_modified_time":"2025-01-14T11:49:25+00:00","og_image":[{"width":800,"height":800,"url":"https:\/\/aivlisoft.net\/shop\/wp-content\/uploads\/2025\/01\/NSWPAC0607_800.jpg","type":"image\/jpeg"}],"twitter_card":"summary_large_image","twitter_misc":{"Tiempo de lectura":"3 minutos"},"schema":{"@context":"https:\/\/schema.org","@graph":[{"@type":"WebPage","@id":"https:\/\/aivlisoft.net\/shop\/producto\/tp-link-eap655-wall-ap-wifi6-ax3000-dual-4xgbe\/","url":"https:\/\/aivlisoft.net\/shop\/producto\/tp-link-eap655-wall-ap-wifi6-ax3000-dual-4xgbe\/","name":"TP-Link EAP655-Wall AP WiFi6 AX3000 Dual 4xGbE - Aivlisoft Inform\u00e1tica","isPartOf":{"@id":"https:\/\/aivlisoft.net\/shop\/#website"},"primaryImageOfPage":{"@id":"https:\/\/aivlisoft.net\/shop\/producto\/tp-link-eap655-wall-ap-wifi6-ax3000-dual-4xgbe\/#primaryimage"},"image":{"@id":"https:\/\/aivlisoft.net\/shop\/producto\/tp-link-eap655-wall-ap-wifi6-ax3000-dual-4xgbe\/#primaryimage"},"thumbnailUrl":"https:\/\/aivlisoft.net\/shop\/wp-content\/uploads\/2025\/01\/NSWPAC0607_800.jpg","datePublished":"2025-01-13T15:40:30+00:00","dateModified":"2025-01-14T11:49:25+00:00","breadcrumb":{"@id":"https:\/\/aivlisoft.net\/shop\/producto\/tp-link-eap655-wall-ap-wifi6-ax3000-dual-4xgbe\/#breadcrumb"},"inLanguage":"es","potentialAction":[{"@type":"ReadAction","target":["https:\/\/aivlisoft.net\/shop\/producto\/tp-link-eap655-wall-ap-wifi6-ax3000-dual-4xgbe\/"]}]},{"@type":"ImageObject","inLanguage":"es","@id":"https:\/\/aivlisoft.net\/shop\/producto\/tp-link-eap655-wall-ap-wifi6-ax3000-dual-4xgbe\/#primaryimage","url":"https:\/\/aivlisoft.net\/shop\/wp-content\/uploads\/2025\/01\/NSWPAC0607_800.jpg","contentUrl":"https:\/\/aivlisoft.net\/shop\/wp-content\/uploads\/2025\/01\/NSWPAC0607_800.jpg","width":800,"height":800},{"@type":"BreadcrumbList","@id":"https:\/\/aivlisoft.net\/shop\/producto\/tp-link-eap655-wall-ap-wifi6-ax3000-dual-4xgbe\/#breadcrumb","itemListElement":[{"@type":"ListItem","position":1,"name":"Portada","item":"https:\/\/aivlisoft.net\/shop\/"},{"@type":"ListItem","position":2,"name":"Tienda","item":"https:\/\/aivlisoft.net\/shop\/tienda\/"},{"@type":"ListItem","position":3,"name":"TP-Link EAP655-Wall AP WiFi6 AX3000 Dual 4xGbE"}]},{"@type":"WebSite","@id":"https:\/\/aivlisoft.net\/shop\/#website","url":"https:\/\/aivlisoft.net\/shop\/","name":"Aivlisoft Inform\u00e1tica","description":"En Aivlisoft Inform\u00e1tica ofrecemos soluciones tecnol\u00f3gicas para empresas: venta de ordenadores, consumibles, perif\u00e9ricos y m\u00e1s. Calidad, atenci\u00f3n personalizada y los mejores precios para tu negocio.","publisher":{"@id":"https:\/\/aivlisoft.net\/shop\/#organization"},"potentialAction":[{"@type":"SearchAction","target":{"@type":"EntryPoint","urlTemplate":"https:\/\/aivlisoft.net\/shop\/?s={search_term_string}"},"query-input":{"@type":"PropertyValueSpecification","valueRequired":true,"valueName":"search_term_string"}}],"inLanguage":"es"},{"@type":"Organization","@id":"https:\/\/aivlisoft.net\/shop\/#organization","name":"Aivlisoft Inform\u00e1tica","url":"https:\/\/aivlisoft.net\/shop\/","logo":{"@type":"ImageObject","inLanguage":"es","@id":"https:\/\/aivlisoft.net\/shop\/#\/schema\/logo\/image\/","url":"https:\/\/aivlisoft.net\/shop\/wp-content\/uploads\/2024\/12\/removal.ai_5b848c54-0cdf-4140-95c5-c5536bb7573b-logodef.png","contentUrl":"https:\/\/aivlisoft.net\/shop\/wp-content\/uploads\/2024\/12\/removal.ai_5b848c54-0cdf-4140-95c5-c5536bb7573b-logodef.png","width":484,"height":182,"caption":"Aivlisoft Inform\u00e1tica"},"image":{"@id":"https:\/\/aivlisoft.net\/shop\/#\/schema\/logo\/image\/"}}]}},"_links":{"self":[{"href":"https:\/\/aivlisoft.net\/shop\/wp-json\/wp\/v2\/product\/20224","targetHints":{"allow":["GET"]}}],"collection":[{"href":"https:\/\/aivlisoft.net\/shop\/wp-json\/wp\/v2\/product"}],"about":[{"href":"https:\/\/aivlisoft.net\/shop\/wp-json\/wp\/v2\/types\/product"}],"wp:featuredmedia":[{"embeddable":true,"href":"https:\/\/aivlisoft.net\/shop\/wp-json\/wp\/v2\/media\/20225"}],"wp:attachment":[{"href":"https:\/\/aivlisoft.net\/shop\/wp-json\/wp\/v2\/media?parent=20224"}],"wp:term":[{"taxonomy":"product_brand","embeddable":true,"href":"https:\/\/aivlisoft.net\/shop\/wp-json\/wp\/v2\/product_brand?post=20224"},{"taxonomy":"product_cat","embeddable":true,"href":"https:\/\/aivlisoft.net\/shop\/wp-json\/wp\/v2\/product_cat?post=20224"},{"taxonomy":"product_tag","embeddable":true,"href":"https:\/\/aivlisoft.net\/shop\/wp-json\/wp\/v2\/product_tag?post=20224"}],"curies":[{"name":"wp","href":"https:\/\/api.w.org\/{rel}","templated":true}]}}