{"id":20209,"date":"2025-01-13T15:40:23","date_gmt":"2025-01-13T15:40:23","guid":{"rendered":"https:\/\/aivlisoft.com\/?post_type=product&#038;p=20209"},"modified":"2025-01-14T11:49:21","modified_gmt":"2025-01-14T11:49:21","slug":"reyee-rap72pro-ap-be5040-wifi7-1x25gb-1xgb-techo","status":"publish","type":"product","link":"https:\/\/aivlisoft.net\/shop\/producto\/reyee-rap72pro-ap-be5040-wifi7-1x25gb-1xgb-techo\/","title":{"rendered":"Reyee RAP72PRO AP BE5040 WiFi7 1&#215;2,5Gb 1xGb Techo"},"content":{"rendered":"<p><\/p>\n<table class=\"tabla_caracteristicas\" width=\"100%\">\n<tr>\n<td valign=\"top\"><strong>Marca<\/strong><\/td>\n<td>Ruijie<\/td>\n<\/tr>\n<tr>\n<td valign=\"top\"><strong>Modelo<\/strong><\/td>\n<td><strong>RG-RAP72PRO<\/strong><\/td>\n<\/tr>\n<tr>\n<td valign=\"top\"><strong>Caracter&iacute;sticas<\/strong><\/td>\n<td>&#8211; N&uacute;mero de puertos 10\/100\/1000BASE-T: 1<br \/>\t\t\t&#8211; N&uacute;mero de puertos 10\/100\/1000\/2500BASE-T: 1<br \/>\t\t\t&#8211; Protocolos Wi-Fi de 5 GHz:<br \/>\t\t\t&nbsp; Wi-Fi4: IEEE 802.11a\/n<br \/>\t\t\t&nbsp; Wi-Fi5: IEEE 802.11ac Wave2<br \/>\t\t\t&nbsp; Wi-Fi6: IEEE 802.11ax<br \/>\t\t\t&nbsp; Wi-Fi7: IEEE 802.11be<br \/>\t\t\t&#8211; Protocolos Wi-Fi de 2,4 GHz:<br \/>\t\t\t&nbsp; Wi-Fi4: IEEE 802.11b\/g\/n<br \/>\t\t\t&nbsp; Wi-Fi6: IEEE 802.11ax<br \/>\t\t\t&nbsp; Wi-Fi7: IEEE 802.11be<br \/>\t\t\t&#8211; Flujos espaciales de 5 GHz: 3 flujos espaciales, 3&#215;3 MIMO<br \/>\t\t\t&#8211; Flujos espaciales de 2,4 GHz: 2 flujos espaciales, 2&#215;2 MIMO<br \/>\t\t\t&#8211; Velocidades de datos inal&aacute;mbricos: 5011 Mbps<br \/>\t\t\t&#8211; Fuente de alimentaci&oacute;n: 802.3at PoE, 12 V\/2,5 A CC<br \/>\t\t\t&#8211; Consumo de energ&iacute;a: &lt; 30W<br \/>\t\t\t&#8211; Temperatura de funcionamiento: 0&deg;C a +40&deg;C (32&deg;F a +104&deg;F)<br \/>\t\t\t&#8211; Clasificaci&oacute;n IP: IP41<br \/>\t\t\t&#8211; Clientes m&aacute;ximos\/recomendados: 511\/110<br \/>\t\t\t&#8211; Certificaci&oacute;n: CE, RoHS, FCC, ISED, cTUVus<br \/>\t\t\tDimensiones y peso<br \/>\t\t\t&#8211; 08 mm x 208 mm x 40 mm<br \/>\t\t\t&#8211; 0,65 kg<br \/>\t\t\t<strong>Dimensiones y peso<\/strong><br \/>\t\t\t&#8211; 194 &times; 194 &times; 35 mm<br \/>\t\t\t&#8211; 0,37 kg (excluyendo kits de montaje)<\/td>\n<\/tr>\n<tr>\n<td valign=\"top\"><strong>Fecha de revisi&oacute;n<\/strong><\/td>\n<td>17-09-2024 por RTY<\/td>\n<\/tr>\n<\/table>\n","protected":false},"excerpt":{"rendered":"<p>Marca Ruijie Modelo RG-RAP72PRO Caracter&iacute;sticas &#8211; N&uacute;mero de puertos 10\/100\/1000BASE-T: 1 &#8211; N&uacute;mero de puertos 10\/100\/1000\/2500BASE-T: 1 &#8211; Protocolos Wi-Fi de 5 GHz: &nbsp; Wi-Fi4: IEEE 802.11a\/n &nbsp; Wi-Fi5: IEEE 802.11ac Wave2 &nbsp; Wi-Fi6: IEEE 802.11ax &nbsp; Wi-Fi7: IEEE 802.11be &#8211; Protocolos Wi-Fi de 2,4 GHz: &nbsp; Wi-Fi4: IEEE 802.11b\/g\/n &nbsp; Wi-Fi6: IEEE 802.11ax &nbsp;&hellip;&nbsp;<a href=\"https:\/\/aivlisoft.net\/shop\/producto\/reyee-rap72pro-ap-be5040-wifi7-1x25gb-1xgb-techo\/\" rel=\"bookmark\"><span class=\"screen-reader-text\">Reyee RAP72PRO AP BE5040 WiFi7 1&#215;2,5Gb 1xGb Techo<\/span><\/a><\/p>\n","protected":false},"featured_media":20210,"template":"","meta":{"neve_meta_sidebar":"","neve_meta_container":"","neve_meta_enable_content_width":"","neve_meta_content_width":0,"neve_meta_title_alignment":"","neve_meta_author_avatar":"","neve_post_elements_order":"","neve_meta_disable_header":"","neve_meta_disable_footer":"","neve_meta_disable_title":""},"product_brand":[],"product_cat":[8770],"product_tag":[7223],"class_list":{"0":"post-20209","1":"product","2":"type-product","3":"status-publish","4":"has-post-thumbnail","6":"product_cat-puntos-de-acceso","7":"product_tag-rg-rap72pro","9":"first","10":"instock","11":"taxable","12":"shipping-taxable","13":"purchasable","14":"product-type-simple"},"yoast_head":"<!-- This site is optimized with the Yoast SEO plugin v26.0 - https:\/\/yoast.com\/wordpress\/plugins\/seo\/ -->\n<title>Reyee RAP72PRO AP BE5040 WiFi7 1x2,5Gb 1xGb Techo - Aivlisoft Inform\u00e1tica<\/title>\n<meta name=\"robots\" content=\"index, follow, max-snippet:-1, max-image-preview:large, max-video-preview:-1\" \/>\n<link rel=\"canonical\" href=\"https:\/\/aivlisoft.net\/shop\/producto\/reyee-rap72pro-ap-be5040-wifi7-1x25gb-1xgb-techo\/\" \/>\n<meta property=\"og:locale\" content=\"es_ES\" \/>\n<meta property=\"og:type\" content=\"article\" \/>\n<meta property=\"og:title\" content=\"Reyee RAP72PRO AP BE5040 WiFi7 1x2,5Gb 1xGb Techo - Aivlisoft Inform\u00e1tica\" \/>\n<meta property=\"og:description\" content=\"Marca Ruijie Modelo RG-RAP72PRO Caracter&iacute;sticas &#8211; N&uacute;mero de puertos 10\/100\/1000BASE-T: 1 &#8211; N&uacute;mero de puertos 10\/100\/1000\/2500BASE-T: 1 &#8211; Protocolos Wi-Fi de 5 GHz: &nbsp; Wi-Fi4: IEEE 802.11a\/n &nbsp; Wi-Fi5: IEEE 802.11ac Wave2 &nbsp; Wi-Fi6: IEEE 802.11ax &nbsp; Wi-Fi7: IEEE 802.11be &#8211; Protocolos Wi-Fi de 2,4 GHz: &nbsp; Wi-Fi4: IEEE 802.11b\/g\/n &nbsp; Wi-Fi6: IEEE 802.11ax &nbsp;&hellip;&nbsp;Reyee RAP72PRO AP BE5040 WiFi7 1&#215;2,5Gb 1xGb Techo\" \/>\n<meta property=\"og:url\" content=\"https:\/\/aivlisoft.net\/shop\/producto\/reyee-rap72pro-ap-be5040-wifi7-1x25gb-1xgb-techo\/\" \/>\n<meta property=\"og:site_name\" content=\"Aivlisoft Inform\u00e1tica\" \/>\n<meta property=\"article:modified_time\" content=\"2025-01-14T11:49:21+00:00\" \/>\n<meta property=\"og:image\" content=\"https:\/\/aivlisoft.net\/shop\/wp-content\/uploads\/2025\/01\/NSWPAC0604_800.jpg\" \/>\n\t<meta property=\"og:image:width\" content=\"800\" \/>\n\t<meta property=\"og:image:height\" content=\"800\" \/>\n\t<meta property=\"og:image:type\" content=\"image\/jpeg\" \/>\n<meta name=\"twitter:card\" content=\"summary_large_image\" \/>\n<meta name=\"twitter:label1\" content=\"Tiempo de lectura\" \/>\n\t<meta name=\"twitter:data1\" content=\"1 minuto\" \/>\n<script type=\"application\/ld+json\" class=\"yoast-schema-graph\">{\"@context\":\"https:\/\/schema.org\",\"@graph\":[{\"@type\":\"WebPage\",\"@id\":\"https:\/\/aivlisoft.net\/shop\/producto\/reyee-rap72pro-ap-be5040-wifi7-1x25gb-1xgb-techo\/\",\"url\":\"https:\/\/aivlisoft.net\/shop\/producto\/reyee-rap72pro-ap-be5040-wifi7-1x25gb-1xgb-techo\/\",\"name\":\"Reyee RAP72PRO AP BE5040 WiFi7 1x2,5Gb 1xGb Techo - Aivlisoft Inform\u00e1tica\",\"isPartOf\":{\"@id\":\"https:\/\/aivlisoft.net\/shop\/#website\"},\"primaryImageOfPage\":{\"@id\":\"https:\/\/aivlisoft.net\/shop\/producto\/reyee-rap72pro-ap-be5040-wifi7-1x25gb-1xgb-techo\/#primaryimage\"},\"image\":{\"@id\":\"https:\/\/aivlisoft.net\/shop\/producto\/reyee-rap72pro-ap-be5040-wifi7-1x25gb-1xgb-techo\/#primaryimage\"},\"thumbnailUrl\":\"https:\/\/aivlisoft.net\/shop\/wp-content\/uploads\/2025\/01\/NSWPAC0604_800.jpg\",\"datePublished\":\"2025-01-13T15:40:23+00:00\",\"dateModified\":\"2025-01-14T11:49:21+00:00\",\"breadcrumb\":{\"@id\":\"https:\/\/aivlisoft.net\/shop\/producto\/reyee-rap72pro-ap-be5040-wifi7-1x25gb-1xgb-techo\/#breadcrumb\"},\"inLanguage\":\"es\",\"potentialAction\":[{\"@type\":\"ReadAction\",\"target\":[\"https:\/\/aivlisoft.net\/shop\/producto\/reyee-rap72pro-ap-be5040-wifi7-1x25gb-1xgb-techo\/\"]}]},{\"@type\":\"ImageObject\",\"inLanguage\":\"es\",\"@id\":\"https:\/\/aivlisoft.net\/shop\/producto\/reyee-rap72pro-ap-be5040-wifi7-1x25gb-1xgb-techo\/#primaryimage\",\"url\":\"https:\/\/aivlisoft.net\/shop\/wp-content\/uploads\/2025\/01\/NSWPAC0604_800.jpg\",\"contentUrl\":\"https:\/\/aivlisoft.net\/shop\/wp-content\/uploads\/2025\/01\/NSWPAC0604_800.jpg\",\"width\":800,\"height\":800},{\"@type\":\"BreadcrumbList\",\"@id\":\"https:\/\/aivlisoft.net\/shop\/producto\/reyee-rap72pro-ap-be5040-wifi7-1x25gb-1xgb-techo\/#breadcrumb\",\"itemListElement\":[{\"@type\":\"ListItem\",\"position\":1,\"name\":\"Portada\",\"item\":\"https:\/\/aivlisoft.net\/shop\/\"},{\"@type\":\"ListItem\",\"position\":2,\"name\":\"Tienda\",\"item\":\"https:\/\/aivlisoft.net\/shop\/tienda\/\"},{\"@type\":\"ListItem\",\"position\":3,\"name\":\"Reyee RAP72PRO AP BE5040 WiFi7 1&#215;2,5Gb 1xGb Techo\"}]},{\"@type\":\"WebSite\",\"@id\":\"https:\/\/aivlisoft.net\/shop\/#website\",\"url\":\"https:\/\/aivlisoft.net\/shop\/\",\"name\":\"Aivlisoft Inform\u00e1tica\",\"description\":\"En Aivlisoft Inform\u00e1tica ofrecemos soluciones tecnol\u00f3gicas para empresas: venta de ordenadores, consumibles, perif\u00e9ricos y m\u00e1s. Calidad, atenci\u00f3n personalizada y los mejores precios para tu negocio.\",\"publisher\":{\"@id\":\"https:\/\/aivlisoft.net\/shop\/#organization\"},\"potentialAction\":[{\"@type\":\"SearchAction\",\"target\":{\"@type\":\"EntryPoint\",\"urlTemplate\":\"https:\/\/aivlisoft.net\/shop\/?s={search_term_string}\"},\"query-input\":{\"@type\":\"PropertyValueSpecification\",\"valueRequired\":true,\"valueName\":\"search_term_string\"}}],\"inLanguage\":\"es\"},{\"@type\":\"Organization\",\"@id\":\"https:\/\/aivlisoft.net\/shop\/#organization\",\"name\":\"Aivlisoft Inform\u00e1tica\",\"url\":\"https:\/\/aivlisoft.net\/shop\/\",\"logo\":{\"@type\":\"ImageObject\",\"inLanguage\":\"es\",\"@id\":\"https:\/\/aivlisoft.net\/shop\/#\/schema\/logo\/image\/\",\"url\":\"https:\/\/aivlisoft.net\/shop\/wp-content\/uploads\/2024\/12\/removal.ai_5b848c54-0cdf-4140-95c5-c5536bb7573b-logodef.png\",\"contentUrl\":\"https:\/\/aivlisoft.net\/shop\/wp-content\/uploads\/2024\/12\/removal.ai_5b848c54-0cdf-4140-95c5-c5536bb7573b-logodef.png\",\"width\":484,\"height\":182,\"caption\":\"Aivlisoft Inform\u00e1tica\"},\"image\":{\"@id\":\"https:\/\/aivlisoft.net\/shop\/#\/schema\/logo\/image\/\"}}]}<\/script>\n<!-- \/ Yoast SEO plugin. -->","yoast_head_json":{"title":"Reyee RAP72PRO AP BE5040 WiFi7 1x2,5Gb 1xGb Techo - Aivlisoft Inform\u00e1tica","robots":{"index":"index","follow":"follow","max-snippet":"max-snippet:-1","max-image-preview":"max-image-preview:large","max-video-preview":"max-video-preview:-1"},"canonical":"https:\/\/aivlisoft.net\/shop\/producto\/reyee-rap72pro-ap-be5040-wifi7-1x25gb-1xgb-techo\/","og_locale":"es_ES","og_type":"article","og_title":"Reyee RAP72PRO AP BE5040 WiFi7 1x2,5Gb 1xGb Techo - Aivlisoft Inform\u00e1tica","og_description":"Marca Ruijie Modelo RG-RAP72PRO Caracter&iacute;sticas &#8211; N&uacute;mero de puertos 10\/100\/1000BASE-T: 1 &#8211; N&uacute;mero de puertos 10\/100\/1000\/2500BASE-T: 1 &#8211; Protocolos Wi-Fi de 5 GHz: &nbsp; Wi-Fi4: IEEE 802.11a\/n &nbsp; Wi-Fi5: IEEE 802.11ac Wave2 &nbsp; Wi-Fi6: IEEE 802.11ax &nbsp; Wi-Fi7: IEEE 802.11be &#8211; Protocolos Wi-Fi de 2,4 GHz: &nbsp; Wi-Fi4: IEEE 802.11b\/g\/n &nbsp; Wi-Fi6: IEEE 802.11ax &nbsp;&hellip;&nbsp;Reyee RAP72PRO AP BE5040 WiFi7 1&#215;2,5Gb 1xGb Techo","og_url":"https:\/\/aivlisoft.net\/shop\/producto\/reyee-rap72pro-ap-be5040-wifi7-1x25gb-1xgb-techo\/","og_site_name":"Aivlisoft Inform\u00e1tica","article_modified_time":"2025-01-14T11:49:21+00:00","og_image":[{"width":800,"height":800,"url":"https:\/\/aivlisoft.net\/shop\/wp-content\/uploads\/2025\/01\/NSWPAC0604_800.jpg","type":"image\/jpeg"}],"twitter_card":"summary_large_image","twitter_misc":{"Tiempo de lectura":"1 minuto"},"schema":{"@context":"https:\/\/schema.org","@graph":[{"@type":"WebPage","@id":"https:\/\/aivlisoft.net\/shop\/producto\/reyee-rap72pro-ap-be5040-wifi7-1x25gb-1xgb-techo\/","url":"https:\/\/aivlisoft.net\/shop\/producto\/reyee-rap72pro-ap-be5040-wifi7-1x25gb-1xgb-techo\/","name":"Reyee RAP72PRO AP BE5040 WiFi7 1x2,5Gb 1xGb Techo - Aivlisoft Inform\u00e1tica","isPartOf":{"@id":"https:\/\/aivlisoft.net\/shop\/#website"},"primaryImageOfPage":{"@id":"https:\/\/aivlisoft.net\/shop\/producto\/reyee-rap72pro-ap-be5040-wifi7-1x25gb-1xgb-techo\/#primaryimage"},"image":{"@id":"https:\/\/aivlisoft.net\/shop\/producto\/reyee-rap72pro-ap-be5040-wifi7-1x25gb-1xgb-techo\/#primaryimage"},"thumbnailUrl":"https:\/\/aivlisoft.net\/shop\/wp-content\/uploads\/2025\/01\/NSWPAC0604_800.jpg","datePublished":"2025-01-13T15:40:23+00:00","dateModified":"2025-01-14T11:49:21+00:00","breadcrumb":{"@id":"https:\/\/aivlisoft.net\/shop\/producto\/reyee-rap72pro-ap-be5040-wifi7-1x25gb-1xgb-techo\/#breadcrumb"},"inLanguage":"es","potentialAction":[{"@type":"ReadAction","target":["https:\/\/aivlisoft.net\/shop\/producto\/reyee-rap72pro-ap-be5040-wifi7-1x25gb-1xgb-techo\/"]}]},{"@type":"ImageObject","inLanguage":"es","@id":"https:\/\/aivlisoft.net\/shop\/producto\/reyee-rap72pro-ap-be5040-wifi7-1x25gb-1xgb-techo\/#primaryimage","url":"https:\/\/aivlisoft.net\/shop\/wp-content\/uploads\/2025\/01\/NSWPAC0604_800.jpg","contentUrl":"https:\/\/aivlisoft.net\/shop\/wp-content\/uploads\/2025\/01\/NSWPAC0604_800.jpg","width":800,"height":800},{"@type":"BreadcrumbList","@id":"https:\/\/aivlisoft.net\/shop\/producto\/reyee-rap72pro-ap-be5040-wifi7-1x25gb-1xgb-techo\/#breadcrumb","itemListElement":[{"@type":"ListItem","position":1,"name":"Portada","item":"https:\/\/aivlisoft.net\/shop\/"},{"@type":"ListItem","position":2,"name":"Tienda","item":"https:\/\/aivlisoft.net\/shop\/tienda\/"},{"@type":"ListItem","position":3,"name":"Reyee RAP72PRO AP BE5040 WiFi7 1&#215;2,5Gb 1xGb Techo"}]},{"@type":"WebSite","@id":"https:\/\/aivlisoft.net\/shop\/#website","url":"https:\/\/aivlisoft.net\/shop\/","name":"Aivlisoft Inform\u00e1tica","description":"En Aivlisoft Inform\u00e1tica ofrecemos soluciones tecnol\u00f3gicas para empresas: venta de ordenadores, consumibles, perif\u00e9ricos y m\u00e1s. Calidad, atenci\u00f3n personalizada y los mejores precios para tu negocio.","publisher":{"@id":"https:\/\/aivlisoft.net\/shop\/#organization"},"potentialAction":[{"@type":"SearchAction","target":{"@type":"EntryPoint","urlTemplate":"https:\/\/aivlisoft.net\/shop\/?s={search_term_string}"},"query-input":{"@type":"PropertyValueSpecification","valueRequired":true,"valueName":"search_term_string"}}],"inLanguage":"es"},{"@type":"Organization","@id":"https:\/\/aivlisoft.net\/shop\/#organization","name":"Aivlisoft Inform\u00e1tica","url":"https:\/\/aivlisoft.net\/shop\/","logo":{"@type":"ImageObject","inLanguage":"es","@id":"https:\/\/aivlisoft.net\/shop\/#\/schema\/logo\/image\/","url":"https:\/\/aivlisoft.net\/shop\/wp-content\/uploads\/2024\/12\/removal.ai_5b848c54-0cdf-4140-95c5-c5536bb7573b-logodef.png","contentUrl":"https:\/\/aivlisoft.net\/shop\/wp-content\/uploads\/2024\/12\/removal.ai_5b848c54-0cdf-4140-95c5-c5536bb7573b-logodef.png","width":484,"height":182,"caption":"Aivlisoft Inform\u00e1tica"},"image":{"@id":"https:\/\/aivlisoft.net\/shop\/#\/schema\/logo\/image\/"}}]}},"_links":{"self":[{"href":"https:\/\/aivlisoft.net\/shop\/wp-json\/wp\/v2\/product\/20209","targetHints":{"allow":["GET"]}}],"collection":[{"href":"https:\/\/aivlisoft.net\/shop\/wp-json\/wp\/v2\/product"}],"about":[{"href":"https:\/\/aivlisoft.net\/shop\/wp-json\/wp\/v2\/types\/product"}],"wp:featuredmedia":[{"embeddable":true,"href":"https:\/\/aivlisoft.net\/shop\/wp-json\/wp\/v2\/media\/20210"}],"wp:attachment":[{"href":"https:\/\/aivlisoft.net\/shop\/wp-json\/wp\/v2\/media?parent=20209"}],"wp:term":[{"taxonomy":"product_brand","embeddable":true,"href":"https:\/\/aivlisoft.net\/shop\/wp-json\/wp\/v2\/product_brand?post=20209"},{"taxonomy":"product_cat","embeddable":true,"href":"https:\/\/aivlisoft.net\/shop\/wp-json\/wp\/v2\/product_cat?post=20209"},{"taxonomy":"product_tag","embeddable":true,"href":"https:\/\/aivlisoft.net\/shop\/wp-json\/wp\/v2\/product_tag?post=20209"}],"curies":[{"name":"wp","href":"https:\/\/api.w.org\/{rel}","templated":true}]}}