{"id":20192,"date":"2025-01-13T15:40:12","date_gmt":"2025-01-13T15:40:12","guid":{"rendered":"https:\/\/aivlisoft.com\/?post_type=product&#038;p=20192"},"modified":"2025-01-14T11:49:13","modified_gmt":"2025-01-14T11:49:13","slug":"tp-link-eap215-bridge-kit-lr-in-out-ap-3xgbe","status":"publish","type":"product","link":"https:\/\/aivlisoft.net\/shop\/producto\/tp-link-eap215-bridge-kit-lr-in-out-ap-3xgbe\/","title":{"rendered":"TP-Link EAP215-Bridge KIT LR In\/Out AP 3xGbE"},"content":{"rendered":"<p><\/p>\n<table class=\"tabla_caracteristicas\" width=\"100%\">\n<tr>\n<td valign=\"top\"><strong>Marca<\/strong><\/td>\n<td>TP-Link<\/td>\n<\/tr>\n<tr>\n<td valign=\"top\"><strong>Modelo<\/strong><\/td>\n<td><strong>EAP215-Bridge KIT<\/strong><\/td>\n<\/tr>\n<tr>\n<td valign=\"top\"><strong>Caracter&iacute;sticas de Hardware<\/strong><\/td>\n<td>&#8211; Interfaz: 3 x puertos Gigabit Ethernet<br \/>\t\t\t&#8211; Antenas MIMO direccionales internas 2&times;2 de doble polarizaci&oacute;n 5 GHz:<br \/>\t\t\t&nbsp; 11,0 dBi<br \/>\t\t\t&nbsp; Horizontal:35&deg;, Vertical: 35<br \/>\t\t\t&#8211; Carcasa resistente a la intemperie: IP65<\/td>\n<\/tr>\n<tr>\n<td valign=\"top\"><strong>Caracter&iacute;sticas inal&aacute;mbricas<\/strong><\/td>\n<td>&#8211; Coverage: 5000m<br \/>\t\t\t&#8211; Est&aacute;ndares Inal&aacute;mbricos: IEEE 802.11 a\/b\/g\/n\/ac<br \/>\t\t\t&#8211; Frecuencia: 5 GHz<br \/>\t\t\t&#8211; Tasa de Se&ntilde;al: 5 GHz: Hasta 867 Mbps<br \/>\t\t\t&#8211; Funciones Inal&aacute;mbricas:<br \/>\t\t\t&nbsp; Mesh*4<br \/>\t\t\t&nbsp; MU-MIMO: 5G 2&#215;2 MU-MIMO DL<br \/>\t\t\t&nbsp; Balanceo de Carga<br \/>\t\t\t&nbsp; Beamforming<br \/>\t\t\t&nbsp; Seamless Roaming(802.11r)<br \/>\t\t\t&nbsp; Airtime Fairness<br \/>\t\t\t&nbsp; M&uacute;ltiples SSID:8<br \/>\t\t\t&nbsp; Estad&iacute;sticas inal&aacute;mbricas<br \/>\t\t\t&nbsp; Programaci&oacute;n inal&aacute;mbrica<br \/>\t\t\t&nbsp; Programa de reinicio<br \/>\t\t\t&nbsp; Contabilidad RADIUS<br \/>\t\t\t&nbsp; Autenticaci&oacute;n MAC<br \/>\t\t\t&nbsp; IP est&aacute;tica\/IP din&aacute;mica<br \/>\t\t\t&#8211; Seguridad Inal&aacute;mbrica<br \/>\t\t\t&nbsp; VLAN<br \/>\t\t\t&nbsp; Control de acceso<br \/>\t\t\t&nbsp; Detecci&oacute;n de puntos de acceso no autorizados<br \/>\t\t\t&nbsp; Autenticaci&oacute;n de portal cautivo*4<br \/>\t\t\t&nbsp; N&uacute;mero m&aacute;ximo de MAC Filter: 4,000<br \/>\t\t\t&nbsp; WPA-Personal\/Empresa, WPA2-Personal\/Empresa<br \/>\t\t\t&#8211; Potencia de Transmisi&oacute;n CE:<br \/>\t\t\t&nbsp; &lt;23dBm (5 GHz, banda 1\/2, PIRE);<br \/>\t\t\t&nbsp; &lt;30dBm (5 GHz, banda 3, PIRE);<br \/>\t\t\t&#8211; Potencia de Transmisi&oacute;n FCC: &lt;22dBm (5 GHz, banda1\/4)<\/td>\n<\/tr>\n<tr>\n<td valign=\"top\"><strong>Gesti&oacute;n<\/strong><\/td>\n<td>&#8211; Omada App<br \/>\t\t\t&#8211; Restore &amp; Backup<br \/>\t\t\t&#8211; Firmware update via Web<br \/>\t\t\t&#8211; NTP<br \/>\t\t\t&#8211; Gesti&oacute;n Centralizada:&nbsp;&nbsp;&nbsp; &nbsp;<br \/>\t\t\t&nbsp; Omada Hardware Controller (OC300)<br \/>\t\t\t&nbsp; Omada Hardware Controller (OC200)<br \/>\t\t\t&nbsp; Omada Software Controller<br \/>\t\t\t&nbsp; Omada Cloud-Based Controller<br \/>\t\t\t&#8211; Acceso a la nube (Requiere el uso de OC300, OC200, Omada Software Controller u Omada Cloud-Based Controller)<br \/>\t\t\t&#8211; LED de control ON \/ OFF<br \/>\t\t\t&#8211; Control de Gesti&oacute;n de Acceso MAC<br \/>\t\t\t&#8211; SNMP: v1, v2c, v3<br \/>\t\t\t&#8211; SSH<br \/>\t\t\t&#8211; Gesti&oacute;n basada en Web<\/td>\n<\/tr>\n<tr>\n<td valign=\"top\"><strong>Otras caracter&iacute;sticas<\/strong><\/td>\n<td>&#8211; Certificaciones: CE, FCC, RoHS<br \/>\t\t\t&#8211; Montaje en poste<br \/>\t\t\t&#8211; Factores Ambientales<br \/>\t\t\t&nbsp; Temperatura de funcionamiento: 0&ndash;40 &ordm;C<br \/>\t\t\t&nbsp; Temperatura de almacenamiento: -40&ndash;70 &ordm;C<br \/>\t\t\t&nbsp; Humedad de funcionamiento: 10&ndash;90% RH sin condensaci&oacute;n<br \/>\t\t\t&nbsp; Humedad de almacenamiento: 5&ndash;90% RH sin condensaci&oacute;n<br \/>\t\t\t<strong>Alimentaci&oacute;n<\/strong><br \/>\t\t\t&#8211; Fuente de Alimentaci&oacute;n: 12 V CC \/ 24 V PoE pasivo (adaptador PoE pasivo incluido.)<br \/>\t\t\t&#8211; Consumo de Potencia: 11.5W<br \/>\t\t\t<strong>Dimensiones<\/strong><br \/>\t\t\t&#8211; 79 &times; 60 &times; 224 mm<br \/>\t\t\t<strong>Contenido<\/strong><br \/>\t\t\t&#8211; EAP215-Puente KIT<br \/>\t\t\t&#8211; Adaptador PoE pasivo<br \/>\t\t\t&#8211; Cable de alimentaci&oacute;n<br \/>\t\t\t&#8211; Gu&iacute;a de instalaci&oacute;n<br \/>\t\t\t&#8211; Kit de montaje<\/td>\n<\/tr>\n<tr>\n<td valign=\"top\"><strong>Fecha de revisi&oacute;n<\/strong><\/td>\n<td>04-09-2024 por RTY<\/td>\n<\/tr>\n<\/table>\n","protected":false},"excerpt":{"rendered":"<p>Marca TP-Link Modelo EAP215-Bridge KIT Caracter&iacute;sticas de Hardware &#8211; Interfaz: 3 x puertos Gigabit Ethernet &#8211; Antenas MIMO direccionales internas 2&times;2 de doble polarizaci&oacute;n 5 GHz: &nbsp; 11,0 dBi &nbsp; Horizontal:35&deg;, Vertical: 35 &#8211; Carcasa resistente a la intemperie: IP65 Caracter&iacute;sticas inal&aacute;mbricas &#8211; Coverage: 5000m &#8211; Est&aacute;ndares Inal&aacute;mbricos: IEEE 802.11 a\/b\/g\/n\/ac &#8211; Frecuencia: 5 GHz&hellip;&nbsp;<a href=\"https:\/\/aivlisoft.net\/shop\/producto\/tp-link-eap215-bridge-kit-lr-in-out-ap-3xgbe\/\" rel=\"bookmark\"><span class=\"screen-reader-text\">TP-Link EAP215-Bridge KIT LR In\/Out AP 3xGbE<\/span><\/a><\/p>\n","protected":false},"featured_media":20193,"template":"","meta":{"neve_meta_sidebar":"","neve_meta_container":"","neve_meta_enable_content_width":"","neve_meta_content_width":0,"neve_meta_title_alignment":"","neve_meta_author_avatar":"","neve_post_elements_order":"","neve_meta_disable_header":"","neve_meta_disable_footer":"","neve_meta_disable_title":""},"product_brand":[],"product_cat":[8770],"product_tag":[7218],"class_list":{"0":"post-20192","1":"product","2":"type-product","3":"status-publish","4":"has-post-thumbnail","6":"product_cat-puntos-de-acceso","7":"product_tag-eap215-bridge-kit","9":"first","10":"instock","11":"taxable","12":"shipping-taxable","13":"purchasable","14":"product-type-simple"},"yoast_head":"<!-- This site is optimized with the Yoast SEO plugin v26.0 - https:\/\/yoast.com\/wordpress\/plugins\/seo\/ -->\n<title>TP-Link EAP215-Bridge KIT LR In\/Out AP 3xGbE - Aivlisoft Inform\u00e1tica<\/title>\n<meta name=\"robots\" content=\"index, follow, max-snippet:-1, max-image-preview:large, max-video-preview:-1\" \/>\n<link rel=\"canonical\" href=\"https:\/\/aivlisoft.net\/shop\/producto\/tp-link-eap215-bridge-kit-lr-in-out-ap-3xgbe\/\" \/>\n<meta property=\"og:locale\" content=\"es_ES\" \/>\n<meta property=\"og:type\" content=\"article\" \/>\n<meta property=\"og:title\" content=\"TP-Link EAP215-Bridge KIT LR In\/Out AP 3xGbE - Aivlisoft Inform\u00e1tica\" \/>\n<meta property=\"og:description\" content=\"Marca TP-Link Modelo EAP215-Bridge KIT Caracter&iacute;sticas de Hardware &#8211; Interfaz: 3 x puertos Gigabit Ethernet &#8211; Antenas MIMO direccionales internas 2&times;2 de doble polarizaci&oacute;n 5 GHz: &nbsp; 11,0 dBi &nbsp; Horizontal:35&deg;, Vertical: 35 &#8211; Carcasa resistente a la intemperie: IP65 Caracter&iacute;sticas inal&aacute;mbricas &#8211; Coverage: 5000m &#8211; Est&aacute;ndares Inal&aacute;mbricos: IEEE 802.11 a\/b\/g\/n\/ac &#8211; Frecuencia: 5 GHz&hellip;&nbsp;TP-Link EAP215-Bridge KIT LR In\/Out AP 3xGbE\" \/>\n<meta property=\"og:url\" content=\"https:\/\/aivlisoft.net\/shop\/producto\/tp-link-eap215-bridge-kit-lr-in-out-ap-3xgbe\/\" \/>\n<meta property=\"og:site_name\" content=\"Aivlisoft Inform\u00e1tica\" \/>\n<meta property=\"article:modified_time\" content=\"2025-01-14T11:49:13+00:00\" \/>\n<meta property=\"og:image\" content=\"https:\/\/aivlisoft.net\/shop\/wp-content\/uploads\/2025\/01\/NSWPAC0599_800.jpg\" \/>\n\t<meta property=\"og:image:width\" content=\"800\" \/>\n\t<meta property=\"og:image:height\" content=\"800\" \/>\n\t<meta property=\"og:image:type\" content=\"image\/jpeg\" \/>\n<meta name=\"twitter:card\" content=\"summary_large_image\" \/>\n<meta name=\"twitter:label1\" content=\"Tiempo de lectura\" \/>\n\t<meta name=\"twitter:data1\" content=\"2 minutos\" \/>\n<script type=\"application\/ld+json\" class=\"yoast-schema-graph\">{\"@context\":\"https:\/\/schema.org\",\"@graph\":[{\"@type\":\"WebPage\",\"@id\":\"https:\/\/aivlisoft.net\/shop\/producto\/tp-link-eap215-bridge-kit-lr-in-out-ap-3xgbe\/\",\"url\":\"https:\/\/aivlisoft.net\/shop\/producto\/tp-link-eap215-bridge-kit-lr-in-out-ap-3xgbe\/\",\"name\":\"TP-Link EAP215-Bridge KIT LR In\/Out AP 3xGbE - Aivlisoft Inform\u00e1tica\",\"isPartOf\":{\"@id\":\"https:\/\/aivlisoft.net\/shop\/#website\"},\"primaryImageOfPage\":{\"@id\":\"https:\/\/aivlisoft.net\/shop\/producto\/tp-link-eap215-bridge-kit-lr-in-out-ap-3xgbe\/#primaryimage\"},\"image\":{\"@id\":\"https:\/\/aivlisoft.net\/shop\/producto\/tp-link-eap215-bridge-kit-lr-in-out-ap-3xgbe\/#primaryimage\"},\"thumbnailUrl\":\"https:\/\/aivlisoft.net\/shop\/wp-content\/uploads\/2025\/01\/NSWPAC0599_800.jpg\",\"datePublished\":\"2025-01-13T15:40:12+00:00\",\"dateModified\":\"2025-01-14T11:49:13+00:00\",\"breadcrumb\":{\"@id\":\"https:\/\/aivlisoft.net\/shop\/producto\/tp-link-eap215-bridge-kit-lr-in-out-ap-3xgbe\/#breadcrumb\"},\"inLanguage\":\"es\",\"potentialAction\":[{\"@type\":\"ReadAction\",\"target\":[\"https:\/\/aivlisoft.net\/shop\/producto\/tp-link-eap215-bridge-kit-lr-in-out-ap-3xgbe\/\"]}]},{\"@type\":\"ImageObject\",\"inLanguage\":\"es\",\"@id\":\"https:\/\/aivlisoft.net\/shop\/producto\/tp-link-eap215-bridge-kit-lr-in-out-ap-3xgbe\/#primaryimage\",\"url\":\"https:\/\/aivlisoft.net\/shop\/wp-content\/uploads\/2025\/01\/NSWPAC0599_800.jpg\",\"contentUrl\":\"https:\/\/aivlisoft.net\/shop\/wp-content\/uploads\/2025\/01\/NSWPAC0599_800.jpg\",\"width\":800,\"height\":800},{\"@type\":\"BreadcrumbList\",\"@id\":\"https:\/\/aivlisoft.net\/shop\/producto\/tp-link-eap215-bridge-kit-lr-in-out-ap-3xgbe\/#breadcrumb\",\"itemListElement\":[{\"@type\":\"ListItem\",\"position\":1,\"name\":\"Portada\",\"item\":\"https:\/\/aivlisoft.net\/shop\/\"},{\"@type\":\"ListItem\",\"position\":2,\"name\":\"Tienda\",\"item\":\"https:\/\/aivlisoft.net\/shop\/tienda\/\"},{\"@type\":\"ListItem\",\"position\":3,\"name\":\"TP-Link EAP215-Bridge KIT LR In\/Out AP 3xGbE\"}]},{\"@type\":\"WebSite\",\"@id\":\"https:\/\/aivlisoft.net\/shop\/#website\",\"url\":\"https:\/\/aivlisoft.net\/shop\/\",\"name\":\"Aivlisoft Inform\u00e1tica\",\"description\":\"En Aivlisoft Inform\u00e1tica ofrecemos soluciones tecnol\u00f3gicas para empresas: venta de ordenadores, consumibles, perif\u00e9ricos y m\u00e1s. Calidad, atenci\u00f3n personalizada y los mejores precios para tu negocio.\",\"publisher\":{\"@id\":\"https:\/\/aivlisoft.net\/shop\/#organization\"},\"potentialAction\":[{\"@type\":\"SearchAction\",\"target\":{\"@type\":\"EntryPoint\",\"urlTemplate\":\"https:\/\/aivlisoft.net\/shop\/?s={search_term_string}\"},\"query-input\":{\"@type\":\"PropertyValueSpecification\",\"valueRequired\":true,\"valueName\":\"search_term_string\"}}],\"inLanguage\":\"es\"},{\"@type\":\"Organization\",\"@id\":\"https:\/\/aivlisoft.net\/shop\/#organization\",\"name\":\"Aivlisoft Inform\u00e1tica\",\"url\":\"https:\/\/aivlisoft.net\/shop\/\",\"logo\":{\"@type\":\"ImageObject\",\"inLanguage\":\"es\",\"@id\":\"https:\/\/aivlisoft.net\/shop\/#\/schema\/logo\/image\/\",\"url\":\"https:\/\/aivlisoft.net\/shop\/wp-content\/uploads\/2024\/12\/removal.ai_5b848c54-0cdf-4140-95c5-c5536bb7573b-logodef.png\",\"contentUrl\":\"https:\/\/aivlisoft.net\/shop\/wp-content\/uploads\/2024\/12\/removal.ai_5b848c54-0cdf-4140-95c5-c5536bb7573b-logodef.png\",\"width\":484,\"height\":182,\"caption\":\"Aivlisoft Inform\u00e1tica\"},\"image\":{\"@id\":\"https:\/\/aivlisoft.net\/shop\/#\/schema\/logo\/image\/\"}}]}<\/script>\n<!-- \/ Yoast SEO plugin. -->","yoast_head_json":{"title":"TP-Link EAP215-Bridge KIT LR In\/Out AP 3xGbE - Aivlisoft Inform\u00e1tica","robots":{"index":"index","follow":"follow","max-snippet":"max-snippet:-1","max-image-preview":"max-image-preview:large","max-video-preview":"max-video-preview:-1"},"canonical":"https:\/\/aivlisoft.net\/shop\/producto\/tp-link-eap215-bridge-kit-lr-in-out-ap-3xgbe\/","og_locale":"es_ES","og_type":"article","og_title":"TP-Link EAP215-Bridge KIT LR In\/Out AP 3xGbE - Aivlisoft Inform\u00e1tica","og_description":"Marca TP-Link Modelo EAP215-Bridge KIT Caracter&iacute;sticas de Hardware &#8211; Interfaz: 3 x puertos Gigabit Ethernet &#8211; Antenas MIMO direccionales internas 2&times;2 de doble polarizaci&oacute;n 5 GHz: &nbsp; 11,0 dBi &nbsp; Horizontal:35&deg;, Vertical: 35 &#8211; Carcasa resistente a la intemperie: IP65 Caracter&iacute;sticas inal&aacute;mbricas &#8211; Coverage: 5000m &#8211; Est&aacute;ndares Inal&aacute;mbricos: IEEE 802.11 a\/b\/g\/n\/ac &#8211; Frecuencia: 5 GHz&hellip;&nbsp;TP-Link EAP215-Bridge KIT LR In\/Out AP 3xGbE","og_url":"https:\/\/aivlisoft.net\/shop\/producto\/tp-link-eap215-bridge-kit-lr-in-out-ap-3xgbe\/","og_site_name":"Aivlisoft Inform\u00e1tica","article_modified_time":"2025-01-14T11:49:13+00:00","og_image":[{"width":800,"height":800,"url":"https:\/\/aivlisoft.net\/shop\/wp-content\/uploads\/2025\/01\/NSWPAC0599_800.jpg","type":"image\/jpeg"}],"twitter_card":"summary_large_image","twitter_misc":{"Tiempo de lectura":"2 minutos"},"schema":{"@context":"https:\/\/schema.org","@graph":[{"@type":"WebPage","@id":"https:\/\/aivlisoft.net\/shop\/producto\/tp-link-eap215-bridge-kit-lr-in-out-ap-3xgbe\/","url":"https:\/\/aivlisoft.net\/shop\/producto\/tp-link-eap215-bridge-kit-lr-in-out-ap-3xgbe\/","name":"TP-Link EAP215-Bridge KIT LR In\/Out AP 3xGbE - Aivlisoft Inform\u00e1tica","isPartOf":{"@id":"https:\/\/aivlisoft.net\/shop\/#website"},"primaryImageOfPage":{"@id":"https:\/\/aivlisoft.net\/shop\/producto\/tp-link-eap215-bridge-kit-lr-in-out-ap-3xgbe\/#primaryimage"},"image":{"@id":"https:\/\/aivlisoft.net\/shop\/producto\/tp-link-eap215-bridge-kit-lr-in-out-ap-3xgbe\/#primaryimage"},"thumbnailUrl":"https:\/\/aivlisoft.net\/shop\/wp-content\/uploads\/2025\/01\/NSWPAC0599_800.jpg","datePublished":"2025-01-13T15:40:12+00:00","dateModified":"2025-01-14T11:49:13+00:00","breadcrumb":{"@id":"https:\/\/aivlisoft.net\/shop\/producto\/tp-link-eap215-bridge-kit-lr-in-out-ap-3xgbe\/#breadcrumb"},"inLanguage":"es","potentialAction":[{"@type":"ReadAction","target":["https:\/\/aivlisoft.net\/shop\/producto\/tp-link-eap215-bridge-kit-lr-in-out-ap-3xgbe\/"]}]},{"@type":"ImageObject","inLanguage":"es","@id":"https:\/\/aivlisoft.net\/shop\/producto\/tp-link-eap215-bridge-kit-lr-in-out-ap-3xgbe\/#primaryimage","url":"https:\/\/aivlisoft.net\/shop\/wp-content\/uploads\/2025\/01\/NSWPAC0599_800.jpg","contentUrl":"https:\/\/aivlisoft.net\/shop\/wp-content\/uploads\/2025\/01\/NSWPAC0599_800.jpg","width":800,"height":800},{"@type":"BreadcrumbList","@id":"https:\/\/aivlisoft.net\/shop\/producto\/tp-link-eap215-bridge-kit-lr-in-out-ap-3xgbe\/#breadcrumb","itemListElement":[{"@type":"ListItem","position":1,"name":"Portada","item":"https:\/\/aivlisoft.net\/shop\/"},{"@type":"ListItem","position":2,"name":"Tienda","item":"https:\/\/aivlisoft.net\/shop\/tienda\/"},{"@type":"ListItem","position":3,"name":"TP-Link EAP215-Bridge KIT LR In\/Out AP 3xGbE"}]},{"@type":"WebSite","@id":"https:\/\/aivlisoft.net\/shop\/#website","url":"https:\/\/aivlisoft.net\/shop\/","name":"Aivlisoft Inform\u00e1tica","description":"En Aivlisoft Inform\u00e1tica ofrecemos soluciones tecnol\u00f3gicas para empresas: venta de ordenadores, consumibles, perif\u00e9ricos y m\u00e1s. Calidad, atenci\u00f3n personalizada y los mejores precios para tu negocio.","publisher":{"@id":"https:\/\/aivlisoft.net\/shop\/#organization"},"potentialAction":[{"@type":"SearchAction","target":{"@type":"EntryPoint","urlTemplate":"https:\/\/aivlisoft.net\/shop\/?s={search_term_string}"},"query-input":{"@type":"PropertyValueSpecification","valueRequired":true,"valueName":"search_term_string"}}],"inLanguage":"es"},{"@type":"Organization","@id":"https:\/\/aivlisoft.net\/shop\/#organization","name":"Aivlisoft Inform\u00e1tica","url":"https:\/\/aivlisoft.net\/shop\/","logo":{"@type":"ImageObject","inLanguage":"es","@id":"https:\/\/aivlisoft.net\/shop\/#\/schema\/logo\/image\/","url":"https:\/\/aivlisoft.net\/shop\/wp-content\/uploads\/2024\/12\/removal.ai_5b848c54-0cdf-4140-95c5-c5536bb7573b-logodef.png","contentUrl":"https:\/\/aivlisoft.net\/shop\/wp-content\/uploads\/2024\/12\/removal.ai_5b848c54-0cdf-4140-95c5-c5536bb7573b-logodef.png","width":484,"height":182,"caption":"Aivlisoft Inform\u00e1tica"},"image":{"@id":"https:\/\/aivlisoft.net\/shop\/#\/schema\/logo\/image\/"}}]}},"_links":{"self":[{"href":"https:\/\/aivlisoft.net\/shop\/wp-json\/wp\/v2\/product\/20192","targetHints":{"allow":["GET"]}}],"collection":[{"href":"https:\/\/aivlisoft.net\/shop\/wp-json\/wp\/v2\/product"}],"about":[{"href":"https:\/\/aivlisoft.net\/shop\/wp-json\/wp\/v2\/types\/product"}],"wp:featuredmedia":[{"embeddable":true,"href":"https:\/\/aivlisoft.net\/shop\/wp-json\/wp\/v2\/media\/20193"}],"wp:attachment":[{"href":"https:\/\/aivlisoft.net\/shop\/wp-json\/wp\/v2\/media?parent=20192"}],"wp:term":[{"taxonomy":"product_brand","embeddable":true,"href":"https:\/\/aivlisoft.net\/shop\/wp-json\/wp\/v2\/product_brand?post=20192"},{"taxonomy":"product_cat","embeddable":true,"href":"https:\/\/aivlisoft.net\/shop\/wp-json\/wp\/v2\/product_cat?post=20192"},{"taxonomy":"product_tag","embeddable":true,"href":"https:\/\/aivlisoft.net\/shop\/wp-json\/wp\/v2\/product_tag?post=20192"}],"curies":[{"name":"wp","href":"https:\/\/api.w.org\/{rel}","templated":true}]}}