{"id":20184,"date":"2025-01-13T15:40:08","date_gmt":"2025-01-13T15:40:08","guid":{"rendered":"https:\/\/aivlisoft.com\/?post_type=product&#038;p=20184"},"modified":"2025-01-14T11:49:11","modified_gmt":"2025-01-14T11:49:11","slug":"ubiquiti-ux-eu-gateway-y-acces-point-wifi6-2x2-mim","status":"publish","type":"product","link":"https:\/\/aivlisoft.net\/shop\/producto\/ubiquiti-ux-eu-gateway-y-acces-point-wifi6-2x2-mim\/","title":{"rendered":"Ubiquiti UX-EU Gateway y Acces Point WiFi6 2&#215;2 MIM"},"content":{"rendered":"<p><\/p>\n<table class=\"tabla_caracteristicas k-table\" width=\"100%\">\n<tr>\n<td><strong>Marca<\/strong><\/td>\n<td>Ubiquiti<\/td>\n<\/tr>\n<tr>\n<td><strong>Modelo<\/strong><\/td>\n<td><strong>UX<\/strong><\/td>\n<\/tr>\n<tr>\n<td valign=\"top\"><strong>Interfaces<\/strong><\/td>\n<td>&#8211; LAN: 1 x puerto GbE RJ45<br \/>\t\t\t&#8211; WAN: 1 x puerto GbE RJ45<\/td>\n<\/tr>\n<tr>\n<td valign=\"top\"><strong>Hardware<\/strong><\/td>\n<td>&#8211; Interfaz de gesti&oacute;n:<br \/>\t\t\t&nbsp; Ethernet<br \/>\t\t\t&nbsp; Bluetooth<br \/>\t\t\t<strong>Alimentaci&oacute;n<\/strong><br \/>\t\t\t&#8211; M&eacute;todo de alimentaci&oacute;n: USB tipo C (5V DC\/3A)<br \/>\t\t\t&#8211; Consumo m&aacute;ximo de energ&iacute;a: 10W<br \/>\t\t\t<strong>Potencia m&aacute;xima de TX<\/strong><br \/>\t\t\t&#8211; 2.4 GHz: 22 dBm<br \/>\t\t\t&#8211; 5 GHz: 25 dBm<br \/>\t\t\t<strong>MIMO<\/strong><br \/>\t\t\t&#8211; 2.4 GHz: 2 x 2 (DL\/UL MU-MIMO)<br \/>\t\t\t&#8211; 5 GHz: 2 x 2 (DL\/UL MU-MIMO)<br \/>\t\t\t<strong>Velocidad de transferencia<\/strong><br \/>\t\t\t&#8211; 2.4 GHz: 573.5 Mbps<br \/>\t\t\t&#8211; 5 GHz: 2.4 Gbps<br \/>\t\t\t<strong>Ganancia de la antena<\/strong><br \/>\t\t\t&#8211; 2.4 GHz: 4 dBi<br \/>\t\t\t&#8211; 5 GHz: 5.15 dBi<br \/>\t\t\t<strong>Antenas<\/strong><br \/>\t\t\t&#8211; (2) Antena interna de doble banda WiFi 2.4G\/5G<br \/>\t\t\t&#8211; (1) Antena interna de una sola banda BT 2.4G<br \/>\t\t\t<strong>Visualizaci&oacute;n LCM<\/strong><br \/>\t\t\t&#8211; Visualizaci&oacute;n de estado de 0.96&#8243;<\/td>\n<\/tr>\n<tr>\n<td valign=\"top\"><strong>Est&aacute;ndares <\/strong><\/td>\n<td>-WiFi 802.11a\/b\/g\/n\/ac\/ax<\/td>\n<\/tr>\n<tr>\n<td valign=\"top\"><strong>Software<\/strong><\/td>\n<td>&#8211; Seguridad inal&aacute;mbrica: WPA-PSK, WPA-Enterprise (WPA\/WPA2\/WPA3)<br \/>\t\t\t&#8211; BSSID:<br \/>\t\t\t&nbsp; Modo consola: 3 por banda<br \/>\t\t\t&nbsp; AP est&aacute;ndar: 8 por banda<br \/>\t\t\t&#8211; VLAN: 802.1Q<br \/>\t\t\t&#8211; QoS avanzado: Limitaci&oacute;n de velocidad por usuario<br \/>\t\t\t&#8211; Aislamiento de tr&aacute;fico de invitados: Soportado<br \/>\t\t\t&#8211; Clientes concurrentes: 50+<br \/>\t\t\t*El rendimiento puede verse degradado con funciones avanzadas de gateway (por ejemplo, Identificaci&oacute;n de Tr&aacute;fico).<\/td>\n<\/tr>\n<tr>\n<td valign=\"top\"><strong>Otras caracter&iacute;sticas<\/strong><\/td>\n<td>&#8211; Bot&oacute;n: Restablecimiento de f&aacute;brica<br \/>\t\t\t&#8211; Temperatura de funcionamiento ambiente: -10 a 45&deg; C (14 a 113&deg; F)<br \/>\t\t\t&#8211; Humedad de funcionamiento ambiente: 5 a 95% sin condensaci&oacute;n<br \/>\t\t\t<strong>Certificaciones<\/strong><br \/>\t\t\t&#8211; CE, FCC, IC<br \/>\t\t\t<strong>Dimensiones y peso<\/strong><br \/>\t\t\t&#8211; 98 x 98 x 30 mm<br \/>\t\t\t&#8211; 302 g<\/td>\n<\/tr>\n<tr>\n<td><strong>Fecha Revisi&oacute;n<\/strong><\/td>\n<td>14-11-2024 por RTY<\/td>\n<\/tr>\n<\/table>\n","protected":false},"excerpt":{"rendered":"<p>Marca Ubiquiti Modelo UX Interfaces &#8211; LAN: 1 x puerto GbE RJ45 &#8211; WAN: 1 x puerto GbE RJ45 Hardware &#8211; Interfaz de gesti&oacute;n: &nbsp; Ethernet &nbsp; Bluetooth Alimentaci&oacute;n &#8211; M&eacute;todo de alimentaci&oacute;n: USB tipo C (5V DC\/3A) &#8211; Consumo m&aacute;ximo de energ&iacute;a: 10W Potencia m&aacute;xima de TX &#8211; 2.4 GHz: 22 dBm &#8211; 5&hellip;&nbsp;<a href=\"https:\/\/aivlisoft.net\/shop\/producto\/ubiquiti-ux-eu-gateway-y-acces-point-wifi6-2x2-mim\/\" rel=\"bookmark\"><span class=\"screen-reader-text\">Ubiquiti UX-EU Gateway y Acces Point WiFi6 2&#215;2 MIM<\/span><\/a><\/p>\n","protected":false},"featured_media":20185,"template":"","meta":{"neve_meta_sidebar":"","neve_meta_container":"","neve_meta_enable_content_width":"","neve_meta_content_width":0,"neve_meta_title_alignment":"","neve_meta_author_avatar":"","neve_post_elements_order":"","neve_meta_disable_header":"","neve_meta_disable_footer":"","neve_meta_disable_title":""},"product_brand":[],"product_cat":[8770],"product_tag":[7216],"class_list":{"0":"post-20184","1":"product","2":"type-product","3":"status-publish","4":"has-post-thumbnail","6":"product_cat-puntos-de-acceso","7":"product_tag-ux","9":"first","10":"instock","11":"taxable","12":"shipping-taxable","13":"purchasable","14":"product-type-simple"},"yoast_head":"<!-- This site is optimized with the Yoast SEO plugin v26.0 - https:\/\/yoast.com\/wordpress\/plugins\/seo\/ -->\n<title>Ubiquiti UX-EU Gateway y Acces Point WiFi6 2x2 MIM - Aivlisoft Inform\u00e1tica<\/title>\n<meta name=\"robots\" content=\"index, follow, max-snippet:-1, max-image-preview:large, max-video-preview:-1\" \/>\n<link rel=\"canonical\" href=\"https:\/\/aivlisoft.net\/shop\/producto\/ubiquiti-ux-eu-gateway-y-acces-point-wifi6-2x2-mim\/\" \/>\n<meta property=\"og:locale\" content=\"es_ES\" \/>\n<meta property=\"og:type\" content=\"article\" \/>\n<meta property=\"og:title\" content=\"Ubiquiti UX-EU Gateway y Acces Point WiFi6 2x2 MIM - Aivlisoft Inform\u00e1tica\" \/>\n<meta property=\"og:description\" content=\"Marca Ubiquiti Modelo UX Interfaces &#8211; LAN: 1 x puerto GbE RJ45 &#8211; WAN: 1 x puerto GbE RJ45 Hardware &#8211; Interfaz de gesti&oacute;n: &nbsp; Ethernet &nbsp; Bluetooth Alimentaci&oacute;n &#8211; M&eacute;todo de alimentaci&oacute;n: USB tipo C (5V DC\/3A) &#8211; Consumo m&aacute;ximo de energ&iacute;a: 10W Potencia m&aacute;xima de TX &#8211; 2.4 GHz: 22 dBm &#8211; 5&hellip;&nbsp;Ubiquiti UX-EU Gateway y Acces Point WiFi6 2&#215;2 MIM\" \/>\n<meta property=\"og:url\" content=\"https:\/\/aivlisoft.net\/shop\/producto\/ubiquiti-ux-eu-gateway-y-acces-point-wifi6-2x2-mim\/\" \/>\n<meta property=\"og:site_name\" content=\"Aivlisoft Inform\u00e1tica\" \/>\n<meta property=\"article:modified_time\" content=\"2025-01-14T11:49:11+00:00\" \/>\n<meta property=\"og:image\" content=\"https:\/\/aivlisoft.net\/shop\/wp-content\/uploads\/2025\/01\/NSWPAC0597_800.jpg\" \/>\n\t<meta property=\"og:image:width\" content=\"800\" \/>\n\t<meta property=\"og:image:height\" content=\"800\" \/>\n\t<meta property=\"og:image:type\" content=\"image\/jpeg\" \/>\n<meta name=\"twitter:card\" content=\"summary_large_image\" \/>\n<meta name=\"twitter:label1\" content=\"Tiempo de lectura\" \/>\n\t<meta name=\"twitter:data1\" content=\"1 minuto\" \/>\n<script type=\"application\/ld+json\" class=\"yoast-schema-graph\">{\"@context\":\"https:\/\/schema.org\",\"@graph\":[{\"@type\":\"WebPage\",\"@id\":\"https:\/\/aivlisoft.net\/shop\/producto\/ubiquiti-ux-eu-gateway-y-acces-point-wifi6-2x2-mim\/\",\"url\":\"https:\/\/aivlisoft.net\/shop\/producto\/ubiquiti-ux-eu-gateway-y-acces-point-wifi6-2x2-mim\/\",\"name\":\"Ubiquiti UX-EU Gateway y Acces Point WiFi6 2x2 MIM - Aivlisoft Inform\u00e1tica\",\"isPartOf\":{\"@id\":\"https:\/\/aivlisoft.net\/shop\/#website\"},\"primaryImageOfPage\":{\"@id\":\"https:\/\/aivlisoft.net\/shop\/producto\/ubiquiti-ux-eu-gateway-y-acces-point-wifi6-2x2-mim\/#primaryimage\"},\"image\":{\"@id\":\"https:\/\/aivlisoft.net\/shop\/producto\/ubiquiti-ux-eu-gateway-y-acces-point-wifi6-2x2-mim\/#primaryimage\"},\"thumbnailUrl\":\"https:\/\/aivlisoft.net\/shop\/wp-content\/uploads\/2025\/01\/NSWPAC0597_800.jpg\",\"datePublished\":\"2025-01-13T15:40:08+00:00\",\"dateModified\":\"2025-01-14T11:49:11+00:00\",\"breadcrumb\":{\"@id\":\"https:\/\/aivlisoft.net\/shop\/producto\/ubiquiti-ux-eu-gateway-y-acces-point-wifi6-2x2-mim\/#breadcrumb\"},\"inLanguage\":\"es\",\"potentialAction\":[{\"@type\":\"ReadAction\",\"target\":[\"https:\/\/aivlisoft.net\/shop\/producto\/ubiquiti-ux-eu-gateway-y-acces-point-wifi6-2x2-mim\/\"]}]},{\"@type\":\"ImageObject\",\"inLanguage\":\"es\",\"@id\":\"https:\/\/aivlisoft.net\/shop\/producto\/ubiquiti-ux-eu-gateway-y-acces-point-wifi6-2x2-mim\/#primaryimage\",\"url\":\"https:\/\/aivlisoft.net\/shop\/wp-content\/uploads\/2025\/01\/NSWPAC0597_800.jpg\",\"contentUrl\":\"https:\/\/aivlisoft.net\/shop\/wp-content\/uploads\/2025\/01\/NSWPAC0597_800.jpg\",\"width\":800,\"height\":800},{\"@type\":\"BreadcrumbList\",\"@id\":\"https:\/\/aivlisoft.net\/shop\/producto\/ubiquiti-ux-eu-gateway-y-acces-point-wifi6-2x2-mim\/#breadcrumb\",\"itemListElement\":[{\"@type\":\"ListItem\",\"position\":1,\"name\":\"Portada\",\"item\":\"https:\/\/aivlisoft.net\/shop\/\"},{\"@type\":\"ListItem\",\"position\":2,\"name\":\"Tienda\",\"item\":\"https:\/\/aivlisoft.net\/shop\/tienda\/\"},{\"@type\":\"ListItem\",\"position\":3,\"name\":\"Ubiquiti UX-EU Gateway y Acces Point WiFi6 2&#215;2 MIM\"}]},{\"@type\":\"WebSite\",\"@id\":\"https:\/\/aivlisoft.net\/shop\/#website\",\"url\":\"https:\/\/aivlisoft.net\/shop\/\",\"name\":\"Aivlisoft Inform\u00e1tica\",\"description\":\"En Aivlisoft Inform\u00e1tica ofrecemos soluciones tecnol\u00f3gicas para empresas: venta de ordenadores, consumibles, perif\u00e9ricos y m\u00e1s. Calidad, atenci\u00f3n personalizada y los mejores precios para tu negocio.\",\"publisher\":{\"@id\":\"https:\/\/aivlisoft.net\/shop\/#organization\"},\"potentialAction\":[{\"@type\":\"SearchAction\",\"target\":{\"@type\":\"EntryPoint\",\"urlTemplate\":\"https:\/\/aivlisoft.net\/shop\/?s={search_term_string}\"},\"query-input\":{\"@type\":\"PropertyValueSpecification\",\"valueRequired\":true,\"valueName\":\"search_term_string\"}}],\"inLanguage\":\"es\"},{\"@type\":\"Organization\",\"@id\":\"https:\/\/aivlisoft.net\/shop\/#organization\",\"name\":\"Aivlisoft Inform\u00e1tica\",\"url\":\"https:\/\/aivlisoft.net\/shop\/\",\"logo\":{\"@type\":\"ImageObject\",\"inLanguage\":\"es\",\"@id\":\"https:\/\/aivlisoft.net\/shop\/#\/schema\/logo\/image\/\",\"url\":\"https:\/\/aivlisoft.net\/shop\/wp-content\/uploads\/2024\/12\/removal.ai_5b848c54-0cdf-4140-95c5-c5536bb7573b-logodef.png\",\"contentUrl\":\"https:\/\/aivlisoft.net\/shop\/wp-content\/uploads\/2024\/12\/removal.ai_5b848c54-0cdf-4140-95c5-c5536bb7573b-logodef.png\",\"width\":484,\"height\":182,\"caption\":\"Aivlisoft Inform\u00e1tica\"},\"image\":{\"@id\":\"https:\/\/aivlisoft.net\/shop\/#\/schema\/logo\/image\/\"}}]}<\/script>\n<!-- \/ Yoast SEO plugin. -->","yoast_head_json":{"title":"Ubiquiti UX-EU Gateway y Acces Point WiFi6 2x2 MIM - Aivlisoft Inform\u00e1tica","robots":{"index":"index","follow":"follow","max-snippet":"max-snippet:-1","max-image-preview":"max-image-preview:large","max-video-preview":"max-video-preview:-1"},"canonical":"https:\/\/aivlisoft.net\/shop\/producto\/ubiquiti-ux-eu-gateway-y-acces-point-wifi6-2x2-mim\/","og_locale":"es_ES","og_type":"article","og_title":"Ubiquiti UX-EU Gateway y Acces Point WiFi6 2x2 MIM - Aivlisoft Inform\u00e1tica","og_description":"Marca Ubiquiti Modelo UX Interfaces &#8211; LAN: 1 x puerto GbE RJ45 &#8211; WAN: 1 x puerto GbE RJ45 Hardware &#8211; Interfaz de gesti&oacute;n: &nbsp; Ethernet &nbsp; Bluetooth Alimentaci&oacute;n &#8211; M&eacute;todo de alimentaci&oacute;n: USB tipo C (5V DC\/3A) &#8211; Consumo m&aacute;ximo de energ&iacute;a: 10W Potencia m&aacute;xima de TX &#8211; 2.4 GHz: 22 dBm &#8211; 5&hellip;&nbsp;Ubiquiti UX-EU Gateway y Acces Point WiFi6 2&#215;2 MIM","og_url":"https:\/\/aivlisoft.net\/shop\/producto\/ubiquiti-ux-eu-gateway-y-acces-point-wifi6-2x2-mim\/","og_site_name":"Aivlisoft Inform\u00e1tica","article_modified_time":"2025-01-14T11:49:11+00:00","og_image":[{"width":800,"height":800,"url":"https:\/\/aivlisoft.net\/shop\/wp-content\/uploads\/2025\/01\/NSWPAC0597_800.jpg","type":"image\/jpeg"}],"twitter_card":"summary_large_image","twitter_misc":{"Tiempo de lectura":"1 minuto"},"schema":{"@context":"https:\/\/schema.org","@graph":[{"@type":"WebPage","@id":"https:\/\/aivlisoft.net\/shop\/producto\/ubiquiti-ux-eu-gateway-y-acces-point-wifi6-2x2-mim\/","url":"https:\/\/aivlisoft.net\/shop\/producto\/ubiquiti-ux-eu-gateway-y-acces-point-wifi6-2x2-mim\/","name":"Ubiquiti UX-EU Gateway y Acces Point WiFi6 2x2 MIM - Aivlisoft Inform\u00e1tica","isPartOf":{"@id":"https:\/\/aivlisoft.net\/shop\/#website"},"primaryImageOfPage":{"@id":"https:\/\/aivlisoft.net\/shop\/producto\/ubiquiti-ux-eu-gateway-y-acces-point-wifi6-2x2-mim\/#primaryimage"},"image":{"@id":"https:\/\/aivlisoft.net\/shop\/producto\/ubiquiti-ux-eu-gateway-y-acces-point-wifi6-2x2-mim\/#primaryimage"},"thumbnailUrl":"https:\/\/aivlisoft.net\/shop\/wp-content\/uploads\/2025\/01\/NSWPAC0597_800.jpg","datePublished":"2025-01-13T15:40:08+00:00","dateModified":"2025-01-14T11:49:11+00:00","breadcrumb":{"@id":"https:\/\/aivlisoft.net\/shop\/producto\/ubiquiti-ux-eu-gateway-y-acces-point-wifi6-2x2-mim\/#breadcrumb"},"inLanguage":"es","potentialAction":[{"@type":"ReadAction","target":["https:\/\/aivlisoft.net\/shop\/producto\/ubiquiti-ux-eu-gateway-y-acces-point-wifi6-2x2-mim\/"]}]},{"@type":"ImageObject","inLanguage":"es","@id":"https:\/\/aivlisoft.net\/shop\/producto\/ubiquiti-ux-eu-gateway-y-acces-point-wifi6-2x2-mim\/#primaryimage","url":"https:\/\/aivlisoft.net\/shop\/wp-content\/uploads\/2025\/01\/NSWPAC0597_800.jpg","contentUrl":"https:\/\/aivlisoft.net\/shop\/wp-content\/uploads\/2025\/01\/NSWPAC0597_800.jpg","width":800,"height":800},{"@type":"BreadcrumbList","@id":"https:\/\/aivlisoft.net\/shop\/producto\/ubiquiti-ux-eu-gateway-y-acces-point-wifi6-2x2-mim\/#breadcrumb","itemListElement":[{"@type":"ListItem","position":1,"name":"Portada","item":"https:\/\/aivlisoft.net\/shop\/"},{"@type":"ListItem","position":2,"name":"Tienda","item":"https:\/\/aivlisoft.net\/shop\/tienda\/"},{"@type":"ListItem","position":3,"name":"Ubiquiti UX-EU Gateway y Acces Point WiFi6 2&#215;2 MIM"}]},{"@type":"WebSite","@id":"https:\/\/aivlisoft.net\/shop\/#website","url":"https:\/\/aivlisoft.net\/shop\/","name":"Aivlisoft Inform\u00e1tica","description":"En Aivlisoft Inform\u00e1tica ofrecemos soluciones tecnol\u00f3gicas para empresas: venta de ordenadores, consumibles, perif\u00e9ricos y m\u00e1s. Calidad, atenci\u00f3n personalizada y los mejores precios para tu negocio.","publisher":{"@id":"https:\/\/aivlisoft.net\/shop\/#organization"},"potentialAction":[{"@type":"SearchAction","target":{"@type":"EntryPoint","urlTemplate":"https:\/\/aivlisoft.net\/shop\/?s={search_term_string}"},"query-input":{"@type":"PropertyValueSpecification","valueRequired":true,"valueName":"search_term_string"}}],"inLanguage":"es"},{"@type":"Organization","@id":"https:\/\/aivlisoft.net\/shop\/#organization","name":"Aivlisoft Inform\u00e1tica","url":"https:\/\/aivlisoft.net\/shop\/","logo":{"@type":"ImageObject","inLanguage":"es","@id":"https:\/\/aivlisoft.net\/shop\/#\/schema\/logo\/image\/","url":"https:\/\/aivlisoft.net\/shop\/wp-content\/uploads\/2024\/12\/removal.ai_5b848c54-0cdf-4140-95c5-c5536bb7573b-logodef.png","contentUrl":"https:\/\/aivlisoft.net\/shop\/wp-content\/uploads\/2024\/12\/removal.ai_5b848c54-0cdf-4140-95c5-c5536bb7573b-logodef.png","width":484,"height":182,"caption":"Aivlisoft Inform\u00e1tica"},"image":{"@id":"https:\/\/aivlisoft.net\/shop\/#\/schema\/logo\/image\/"}}]}},"_links":{"self":[{"href":"https:\/\/aivlisoft.net\/shop\/wp-json\/wp\/v2\/product\/20184","targetHints":{"allow":["GET"]}}],"collection":[{"href":"https:\/\/aivlisoft.net\/shop\/wp-json\/wp\/v2\/product"}],"about":[{"href":"https:\/\/aivlisoft.net\/shop\/wp-json\/wp\/v2\/types\/product"}],"wp:featuredmedia":[{"embeddable":true,"href":"https:\/\/aivlisoft.net\/shop\/wp-json\/wp\/v2\/media\/20185"}],"wp:attachment":[{"href":"https:\/\/aivlisoft.net\/shop\/wp-json\/wp\/v2\/media?parent=20184"}],"wp:term":[{"taxonomy":"product_brand","embeddable":true,"href":"https:\/\/aivlisoft.net\/shop\/wp-json\/wp\/v2\/product_brand?post=20184"},{"taxonomy":"product_cat","embeddable":true,"href":"https:\/\/aivlisoft.net\/shop\/wp-json\/wp\/v2\/product_cat?post=20184"},{"taxonomy":"product_tag","embeddable":true,"href":"https:\/\/aivlisoft.net\/shop\/wp-json\/wp\/v2\/product_tag?post=20184"}],"curies":[{"name":"wp","href":"https:\/\/api.w.org\/{rel}","templated":true}]}}