{"id":20156,"date":"2025-01-13T15:39:52","date_gmt":"2025-01-13T15:39:52","guid":{"rendered":"https:\/\/aivlisoft.com\/?post_type=product&#038;p=20156"},"modified":"2025-01-14T11:49:02","modified_gmt":"2025-01-14T11:49:02","slug":"d-link-dap-2622-ap-ac1200-3xgbe-lan-poe","status":"publish","type":"product","link":"https:\/\/aivlisoft.net\/shop\/producto\/d-link-dap-2622-ap-ac1200-3xgbe-lan-poe\/","title":{"rendered":"D-Link DAP-2622 AP AC1200 3xGbE LAN PoE"},"content":{"rendered":"<p><\/p>\n<table class=\"tabla_caracteristicas k-table\" width=\"100%\">\n<tr>\n<td valign=\"top\"><strong>Marca<\/strong><\/td>\n<td>D-Link<\/td>\n<\/tr>\n<tr>\n<td valign=\"top\"><strong>Modelo<\/strong><\/td>\n<td><strong>DAP-2622<\/strong><\/td>\n<\/tr>\n<tr>\n<td valign=\"top\"><strong>Caracter&iacute;sticas<\/strong><\/td>\n<td>&#8211; Tipo: AP administrado por software<br \/>\t\t\t&#8211; Est&aacute;ndar inal&aacute;mbrico: Onda de CA inal&aacute;mbrica 2<br \/>\t\t\t&#8211; Modo de banda de frecuencia: Simult&aacute;neo de doble banda<br \/>\t\t\t&#8211; Velocidad inal&aacute;mbrica:<br \/>\t\t\t&nbsp; 300 Mbps 2,4 GHz<br \/>\t\t\t&nbsp; 867Mbps 5GHz<br \/>\t\t\t&#8211; Tipo de antena: Antenas omnidireccionales integradas<br \/>\t\t\t&#8211; Ganancia de antena:<br \/>\t\t\t&nbsp; 2,8 dBi para 2,4 GHz<br \/>\t\t\t&nbsp; 4,1 dBI para 5 GHz<br \/>\t\t\t&#8211; Alimentaci&oacute;n a trav&eacute;s de Ethernet<br \/>\t\t\t&#8211; Interfaz cableada: 2 x LAN Gigabit Ethernet<br \/>\t\t\t&#8211; Interior\/exterior: Interior<br \/>\t\t\t&#8211; Tipo de vivienda: Pl&aacute;stico<br \/>\t\t\t&#8211; Modos inal&aacute;mbricos:<br \/>\t\t\t&#8211; Punto de acceso (AP)<br \/>\t\t\t&#8211; puente WDS<br \/>\t\t\t&#8211; WDS con AP<br \/>\t\t\t&#8211; Cliente inal&aacute;mbrico<br \/>\t\t\t&#8211; Plataforma de gesti&oacute;n: Nuclias Connect<br \/>\t\t\t&#8211; WEB<br \/>\t\t\t&#8211; SNMP (v1, v2c, v3)<br \/>\t\t\t&#8211; SSH<\/td>\n<\/tr>\n<tr>\n<td valign=\"top\"><strong>Fecha de revisi&oacute;n<\/strong><\/td>\n<td>08-10-2024 por RTY<\/td>\n<\/tr>\n<\/table>\n","protected":false},"excerpt":{"rendered":"<p>Marca D-Link Modelo DAP-2622 Caracter&iacute;sticas &#8211; Tipo: AP administrado por software &#8211; Est&aacute;ndar inal&aacute;mbrico: Onda de CA inal&aacute;mbrica 2 &#8211; Modo de banda de frecuencia: Simult&aacute;neo de doble banda &#8211; Velocidad inal&aacute;mbrica: &nbsp; 300 Mbps 2,4 GHz &nbsp; 867Mbps 5GHz &#8211; Tipo de antena: Antenas omnidireccionales integradas &#8211; Ganancia de antena: &nbsp; 2,8 dBi para&hellip;&nbsp;<a href=\"https:\/\/aivlisoft.net\/shop\/producto\/d-link-dap-2622-ap-ac1200-3xgbe-lan-poe\/\" rel=\"bookmark\"><span class=\"screen-reader-text\">D-Link DAP-2622 AP AC1200 3xGbE LAN PoE<\/span><\/a><\/p>\n","protected":false},"featured_media":20157,"template":"","meta":{"neve_meta_sidebar":"","neve_meta_container":"","neve_meta_enable_content_width":"","neve_meta_content_width":0,"neve_meta_title_alignment":"","neve_meta_author_avatar":"","neve_post_elements_order":"","neve_meta_disable_header":"","neve_meta_disable_footer":"","neve_meta_disable_title":""},"product_brand":[],"product_cat":[8770],"product_tag":[7210],"class_list":{"0":"post-20156","1":"product","2":"type-product","3":"status-publish","4":"has-post-thumbnail","6":"product_cat-puntos-de-acceso","7":"product_tag-dap-2622","9":"first","10":"instock","11":"taxable","12":"shipping-taxable","13":"purchasable","14":"product-type-simple"},"yoast_head":"<!-- This site is optimized with the Yoast SEO plugin v26.0 - https:\/\/yoast.com\/wordpress\/plugins\/seo\/ -->\n<title>D-Link DAP-2622 AP AC1200 3xGbE LAN PoE - Aivlisoft Inform\u00e1tica<\/title>\n<meta name=\"robots\" content=\"index, follow, max-snippet:-1, max-image-preview:large, max-video-preview:-1\" \/>\n<link rel=\"canonical\" href=\"https:\/\/aivlisoft.net\/shop\/producto\/d-link-dap-2622-ap-ac1200-3xgbe-lan-poe\/\" \/>\n<meta property=\"og:locale\" content=\"es_ES\" \/>\n<meta property=\"og:type\" content=\"article\" \/>\n<meta property=\"og:title\" content=\"D-Link DAP-2622 AP AC1200 3xGbE LAN PoE - Aivlisoft Inform\u00e1tica\" \/>\n<meta property=\"og:description\" content=\"Marca D-Link Modelo DAP-2622 Caracter&iacute;sticas &#8211; Tipo: AP administrado por software &#8211; Est&aacute;ndar inal&aacute;mbrico: Onda de CA inal&aacute;mbrica 2 &#8211; Modo de banda de frecuencia: Simult&aacute;neo de doble banda &#8211; Velocidad inal&aacute;mbrica: &nbsp; 300 Mbps 2,4 GHz &nbsp; 867Mbps 5GHz &#8211; Tipo de antena: Antenas omnidireccionales integradas &#8211; Ganancia de antena: &nbsp; 2,8 dBi para&hellip;&nbsp;D-Link DAP-2622 AP AC1200 3xGbE LAN PoE\" \/>\n<meta property=\"og:url\" content=\"https:\/\/aivlisoft.net\/shop\/producto\/d-link-dap-2622-ap-ac1200-3xgbe-lan-poe\/\" \/>\n<meta property=\"og:site_name\" content=\"Aivlisoft Inform\u00e1tica\" \/>\n<meta property=\"article:modified_time\" content=\"2025-01-14T11:49:02+00:00\" \/>\n<meta property=\"og:image\" content=\"https:\/\/aivlisoft.net\/shop\/wp-content\/uploads\/2025\/01\/NSWPAC0591_800.jpg\" \/>\n\t<meta property=\"og:image:width\" content=\"800\" \/>\n\t<meta property=\"og:image:height\" content=\"800\" \/>\n\t<meta property=\"og:image:type\" content=\"image\/jpeg\" \/>\n<meta name=\"twitter:card\" content=\"summary_large_image\" \/>\n<meta name=\"twitter:label1\" content=\"Tiempo de lectura\" \/>\n\t<meta name=\"twitter:data1\" content=\"1 minuto\" \/>\n<script type=\"application\/ld+json\" class=\"yoast-schema-graph\">{\"@context\":\"https:\/\/schema.org\",\"@graph\":[{\"@type\":\"WebPage\",\"@id\":\"https:\/\/aivlisoft.net\/shop\/producto\/d-link-dap-2622-ap-ac1200-3xgbe-lan-poe\/\",\"url\":\"https:\/\/aivlisoft.net\/shop\/producto\/d-link-dap-2622-ap-ac1200-3xgbe-lan-poe\/\",\"name\":\"D-Link DAP-2622 AP AC1200 3xGbE LAN PoE - Aivlisoft Inform\u00e1tica\",\"isPartOf\":{\"@id\":\"https:\/\/aivlisoft.net\/shop\/#website\"},\"primaryImageOfPage\":{\"@id\":\"https:\/\/aivlisoft.net\/shop\/producto\/d-link-dap-2622-ap-ac1200-3xgbe-lan-poe\/#primaryimage\"},\"image\":{\"@id\":\"https:\/\/aivlisoft.net\/shop\/producto\/d-link-dap-2622-ap-ac1200-3xgbe-lan-poe\/#primaryimage\"},\"thumbnailUrl\":\"https:\/\/aivlisoft.net\/shop\/wp-content\/uploads\/2025\/01\/NSWPAC0591_800.jpg\",\"datePublished\":\"2025-01-13T15:39:52+00:00\",\"dateModified\":\"2025-01-14T11:49:02+00:00\",\"breadcrumb\":{\"@id\":\"https:\/\/aivlisoft.net\/shop\/producto\/d-link-dap-2622-ap-ac1200-3xgbe-lan-poe\/#breadcrumb\"},\"inLanguage\":\"es\",\"potentialAction\":[{\"@type\":\"ReadAction\",\"target\":[\"https:\/\/aivlisoft.net\/shop\/producto\/d-link-dap-2622-ap-ac1200-3xgbe-lan-poe\/\"]}]},{\"@type\":\"ImageObject\",\"inLanguage\":\"es\",\"@id\":\"https:\/\/aivlisoft.net\/shop\/producto\/d-link-dap-2622-ap-ac1200-3xgbe-lan-poe\/#primaryimage\",\"url\":\"https:\/\/aivlisoft.net\/shop\/wp-content\/uploads\/2025\/01\/NSWPAC0591_800.jpg\",\"contentUrl\":\"https:\/\/aivlisoft.net\/shop\/wp-content\/uploads\/2025\/01\/NSWPAC0591_800.jpg\",\"width\":800,\"height\":800},{\"@type\":\"BreadcrumbList\",\"@id\":\"https:\/\/aivlisoft.net\/shop\/producto\/d-link-dap-2622-ap-ac1200-3xgbe-lan-poe\/#breadcrumb\",\"itemListElement\":[{\"@type\":\"ListItem\",\"position\":1,\"name\":\"Portada\",\"item\":\"https:\/\/aivlisoft.net\/shop\/\"},{\"@type\":\"ListItem\",\"position\":2,\"name\":\"Tienda\",\"item\":\"https:\/\/aivlisoft.net\/shop\/tienda\/\"},{\"@type\":\"ListItem\",\"position\":3,\"name\":\"D-Link DAP-2622 AP AC1200 3xGbE LAN PoE\"}]},{\"@type\":\"WebSite\",\"@id\":\"https:\/\/aivlisoft.net\/shop\/#website\",\"url\":\"https:\/\/aivlisoft.net\/shop\/\",\"name\":\"Aivlisoft Inform\u00e1tica\",\"description\":\"En Aivlisoft Inform\u00e1tica ofrecemos soluciones tecnol\u00f3gicas para empresas: venta de ordenadores, consumibles, perif\u00e9ricos y m\u00e1s. Calidad, atenci\u00f3n personalizada y los mejores precios para tu negocio.\",\"publisher\":{\"@id\":\"https:\/\/aivlisoft.net\/shop\/#organization\"},\"potentialAction\":[{\"@type\":\"SearchAction\",\"target\":{\"@type\":\"EntryPoint\",\"urlTemplate\":\"https:\/\/aivlisoft.net\/shop\/?s={search_term_string}\"},\"query-input\":{\"@type\":\"PropertyValueSpecification\",\"valueRequired\":true,\"valueName\":\"search_term_string\"}}],\"inLanguage\":\"es\"},{\"@type\":\"Organization\",\"@id\":\"https:\/\/aivlisoft.net\/shop\/#organization\",\"name\":\"Aivlisoft Inform\u00e1tica\",\"url\":\"https:\/\/aivlisoft.net\/shop\/\",\"logo\":{\"@type\":\"ImageObject\",\"inLanguage\":\"es\",\"@id\":\"https:\/\/aivlisoft.net\/shop\/#\/schema\/logo\/image\/\",\"url\":\"https:\/\/aivlisoft.net\/shop\/wp-content\/uploads\/2024\/12\/removal.ai_5b848c54-0cdf-4140-95c5-c5536bb7573b-logodef.png\",\"contentUrl\":\"https:\/\/aivlisoft.net\/shop\/wp-content\/uploads\/2024\/12\/removal.ai_5b848c54-0cdf-4140-95c5-c5536bb7573b-logodef.png\",\"width\":484,\"height\":182,\"caption\":\"Aivlisoft Inform\u00e1tica\"},\"image\":{\"@id\":\"https:\/\/aivlisoft.net\/shop\/#\/schema\/logo\/image\/\"}}]}<\/script>\n<!-- \/ Yoast SEO plugin. -->","yoast_head_json":{"title":"D-Link DAP-2622 AP AC1200 3xGbE LAN PoE - Aivlisoft Inform\u00e1tica","robots":{"index":"index","follow":"follow","max-snippet":"max-snippet:-1","max-image-preview":"max-image-preview:large","max-video-preview":"max-video-preview:-1"},"canonical":"https:\/\/aivlisoft.net\/shop\/producto\/d-link-dap-2622-ap-ac1200-3xgbe-lan-poe\/","og_locale":"es_ES","og_type":"article","og_title":"D-Link DAP-2622 AP AC1200 3xGbE LAN PoE - Aivlisoft Inform\u00e1tica","og_description":"Marca D-Link Modelo DAP-2622 Caracter&iacute;sticas &#8211; Tipo: AP administrado por software &#8211; Est&aacute;ndar inal&aacute;mbrico: Onda de CA inal&aacute;mbrica 2 &#8211; Modo de banda de frecuencia: Simult&aacute;neo de doble banda &#8211; Velocidad inal&aacute;mbrica: &nbsp; 300 Mbps 2,4 GHz &nbsp; 867Mbps 5GHz &#8211; Tipo de antena: Antenas omnidireccionales integradas &#8211; Ganancia de antena: &nbsp; 2,8 dBi para&hellip;&nbsp;D-Link DAP-2622 AP AC1200 3xGbE LAN PoE","og_url":"https:\/\/aivlisoft.net\/shop\/producto\/d-link-dap-2622-ap-ac1200-3xgbe-lan-poe\/","og_site_name":"Aivlisoft Inform\u00e1tica","article_modified_time":"2025-01-14T11:49:02+00:00","og_image":[{"width":800,"height":800,"url":"https:\/\/aivlisoft.net\/shop\/wp-content\/uploads\/2025\/01\/NSWPAC0591_800.jpg","type":"image\/jpeg"}],"twitter_card":"summary_large_image","twitter_misc":{"Tiempo de lectura":"1 minuto"},"schema":{"@context":"https:\/\/schema.org","@graph":[{"@type":"WebPage","@id":"https:\/\/aivlisoft.net\/shop\/producto\/d-link-dap-2622-ap-ac1200-3xgbe-lan-poe\/","url":"https:\/\/aivlisoft.net\/shop\/producto\/d-link-dap-2622-ap-ac1200-3xgbe-lan-poe\/","name":"D-Link DAP-2622 AP AC1200 3xGbE LAN PoE - Aivlisoft Inform\u00e1tica","isPartOf":{"@id":"https:\/\/aivlisoft.net\/shop\/#website"},"primaryImageOfPage":{"@id":"https:\/\/aivlisoft.net\/shop\/producto\/d-link-dap-2622-ap-ac1200-3xgbe-lan-poe\/#primaryimage"},"image":{"@id":"https:\/\/aivlisoft.net\/shop\/producto\/d-link-dap-2622-ap-ac1200-3xgbe-lan-poe\/#primaryimage"},"thumbnailUrl":"https:\/\/aivlisoft.net\/shop\/wp-content\/uploads\/2025\/01\/NSWPAC0591_800.jpg","datePublished":"2025-01-13T15:39:52+00:00","dateModified":"2025-01-14T11:49:02+00:00","breadcrumb":{"@id":"https:\/\/aivlisoft.net\/shop\/producto\/d-link-dap-2622-ap-ac1200-3xgbe-lan-poe\/#breadcrumb"},"inLanguage":"es","potentialAction":[{"@type":"ReadAction","target":["https:\/\/aivlisoft.net\/shop\/producto\/d-link-dap-2622-ap-ac1200-3xgbe-lan-poe\/"]}]},{"@type":"ImageObject","inLanguage":"es","@id":"https:\/\/aivlisoft.net\/shop\/producto\/d-link-dap-2622-ap-ac1200-3xgbe-lan-poe\/#primaryimage","url":"https:\/\/aivlisoft.net\/shop\/wp-content\/uploads\/2025\/01\/NSWPAC0591_800.jpg","contentUrl":"https:\/\/aivlisoft.net\/shop\/wp-content\/uploads\/2025\/01\/NSWPAC0591_800.jpg","width":800,"height":800},{"@type":"BreadcrumbList","@id":"https:\/\/aivlisoft.net\/shop\/producto\/d-link-dap-2622-ap-ac1200-3xgbe-lan-poe\/#breadcrumb","itemListElement":[{"@type":"ListItem","position":1,"name":"Portada","item":"https:\/\/aivlisoft.net\/shop\/"},{"@type":"ListItem","position":2,"name":"Tienda","item":"https:\/\/aivlisoft.net\/shop\/tienda\/"},{"@type":"ListItem","position":3,"name":"D-Link DAP-2622 AP AC1200 3xGbE LAN PoE"}]},{"@type":"WebSite","@id":"https:\/\/aivlisoft.net\/shop\/#website","url":"https:\/\/aivlisoft.net\/shop\/","name":"Aivlisoft Inform\u00e1tica","description":"En Aivlisoft Inform\u00e1tica ofrecemos soluciones tecnol\u00f3gicas para empresas: venta de ordenadores, consumibles, perif\u00e9ricos y m\u00e1s. Calidad, atenci\u00f3n personalizada y los mejores precios para tu negocio.","publisher":{"@id":"https:\/\/aivlisoft.net\/shop\/#organization"},"potentialAction":[{"@type":"SearchAction","target":{"@type":"EntryPoint","urlTemplate":"https:\/\/aivlisoft.net\/shop\/?s={search_term_string}"},"query-input":{"@type":"PropertyValueSpecification","valueRequired":true,"valueName":"search_term_string"}}],"inLanguage":"es"},{"@type":"Organization","@id":"https:\/\/aivlisoft.net\/shop\/#organization","name":"Aivlisoft Inform\u00e1tica","url":"https:\/\/aivlisoft.net\/shop\/","logo":{"@type":"ImageObject","inLanguage":"es","@id":"https:\/\/aivlisoft.net\/shop\/#\/schema\/logo\/image\/","url":"https:\/\/aivlisoft.net\/shop\/wp-content\/uploads\/2024\/12\/removal.ai_5b848c54-0cdf-4140-95c5-c5536bb7573b-logodef.png","contentUrl":"https:\/\/aivlisoft.net\/shop\/wp-content\/uploads\/2024\/12\/removal.ai_5b848c54-0cdf-4140-95c5-c5536bb7573b-logodef.png","width":484,"height":182,"caption":"Aivlisoft Inform\u00e1tica"},"image":{"@id":"https:\/\/aivlisoft.net\/shop\/#\/schema\/logo\/image\/"}}]}},"_links":{"self":[{"href":"https:\/\/aivlisoft.net\/shop\/wp-json\/wp\/v2\/product\/20156","targetHints":{"allow":["GET"]}}],"collection":[{"href":"https:\/\/aivlisoft.net\/shop\/wp-json\/wp\/v2\/product"}],"about":[{"href":"https:\/\/aivlisoft.net\/shop\/wp-json\/wp\/v2\/types\/product"}],"wp:featuredmedia":[{"embeddable":true,"href":"https:\/\/aivlisoft.net\/shop\/wp-json\/wp\/v2\/media\/20157"}],"wp:attachment":[{"href":"https:\/\/aivlisoft.net\/shop\/wp-json\/wp\/v2\/media?parent=20156"}],"wp:term":[{"taxonomy":"product_brand","embeddable":true,"href":"https:\/\/aivlisoft.net\/shop\/wp-json\/wp\/v2\/product_brand?post=20156"},{"taxonomy":"product_cat","embeddable":true,"href":"https:\/\/aivlisoft.net\/shop\/wp-json\/wp\/v2\/product_cat?post=20156"},{"taxonomy":"product_tag","embeddable":true,"href":"https:\/\/aivlisoft.net\/shop\/wp-json\/wp\/v2\/product_tag?post=20156"}],"curies":[{"name":"wp","href":"https:\/\/api.w.org\/{rel}","templated":true}]}}