{"id":20136,"date":"2025-01-13T15:39:43","date_gmt":"2025-01-13T15:39:43","guid":{"rendered":"https:\/\/aivlisoft.com\/?post_type=product&#038;p=20136"},"modified":"2025-01-14T11:48:57","modified_gmt":"2025-01-14T11:48:57","slug":"tp-link-eap615gp-wall-ap-ax1800-wifi6-1xgpon-2xgbe","status":"publish","type":"product","link":"https:\/\/aivlisoft.net\/shop\/producto\/tp-link-eap615gp-wall-ap-ax1800-wifi6-1xgpon-2xgbe\/","title":{"rendered":"TP-Link EAP615GP-Wall AP AX1800 WiFi6 1xGPON 2xGbE"},"content":{"rendered":"<p><\/p>\n<table class=\"tabla_caracteristicas\" width=\"100%\">\n<tr>\n<td valign=\"top\"><strong>Marca<\/strong><\/td>\n<td>TP-Link<\/td>\n<\/tr>\n<tr>\n<td valign=\"top\"><strong>Modelo<\/strong><\/td>\n<td><strong>EAP615GP-Wall<\/strong><\/td>\n<\/tr>\n<tr>\n<td valign=\"top\"><strong>Caracter&iacute;sticas de Hardware<\/strong><\/td>\n<td>&#8211; Interfaz<br \/>\t\t\t&nbsp; 1 x puerto GPON&nbsp;<br \/>\t\t\t&nbsp; 1 x puerto FXS&nbsp;<br \/>\t\t\t&nbsp; 2 x puerto Gigabit RJ45&nbsp;<br \/>\t\t\t&#8211; GPON Interface: &nbsp;&nbsp; &nbsp;<br \/>\t\t\t&nbsp; Tipo de puerto: SC-APC<br \/>\t\t\t&nbsp; Est&aacute;ndares y Protocolos: ITU-984.x, G.988, Class B+<br \/>\t\t\t&nbsp; Velocidad de datos: 2,488 Gbps (aguas abajo); 1,244 Gbps (ascendente)<br \/>\t\t\t&nbsp; Tipo de fibra: modo &uacute;nico 9\/125 um<br \/>\t\t\t&nbsp; M&aacute;x. Longitud del cable: 20 kil&oacute;metros<br \/>\t\t\t&#8211; Botones &nbsp;&nbsp; &nbsp;<br \/>\t\t\t&nbsp; Reset<br \/>\t\t\t&nbsp; LED<br \/>\t\t\t&#8211; Fuente de Alimentaci&oacute;n: 100&ndash;240V~ 50\/60Hz, 0.5A<br \/>\t\t\t&#8211; Consumo de Potencia: 12.2W<br \/>\t\t\t&#8211; Tipo de Antena Internal Omni<br \/>\t\t\t&nbsp; 2.4 GHz: 2&times; 4 dBi<br \/>\t\t\t&nbsp; 5 GHz: 2&times; 6.5 dBi<br \/>\t\t\t&#8211; Montaje: Montaje en pared (kits incluidos)<\/td>\n<\/tr>\n<tr>\n<td valign=\"top\"><strong>Caracter&iacute;sticas inal&aacute;mbricas<\/strong><\/td>\n<td>&#8211; Cobertura: 50?(600ft&sup2;)<br \/>\t\t\t&#8211; Clientes concurrentes: 120+<br \/>\t\t\t&#8211; Est&aacute;ndares Inal&aacute;mbricos: IEEE 802.11 a\/b\/g\/n\/ac\/ax<br \/>\t\t\t&#8211; Frecuencia: 2.4 GHz and 5 GHz<br \/>\t\t\t&#8211; Tasa de Se&ntilde;al:<br \/>\t\t\t&nbsp; 5 GHz: 1201 Mbps&dagger;<br \/>\t\t\t&nbsp; 2.4 GHz: 574 Mbps<br \/>\t\t\t&#8211; Funciones Inal&aacute;mbricas:<br \/>\t\t\t&nbsp; 2&times;2 (2.4G &amp; 5G) MU-MIMO&Dagger;<br \/>\t\t\t&nbsp; HE80 (80 MHz Bandwidth)&Dagger;<br \/>\t\t\t&nbsp; OFDMA&Dagger;<br \/>\t\t\t&nbsp; Seamless Roaming &sect;<br \/>\t\t\t&nbsp; Multiple SSIDs (16 SSIDs, 8 on each band)<br \/>\t\t\t&nbsp; Enable\/Disable SSID Broadcast<br \/>\t\t\t&nbsp; Enable\/Disable Wireless Radio<br \/>\t\t\t&nbsp; Guest Network<br \/>\t\t\t&nbsp; Automatic Channel Assignment<br \/>\t\t\t&nbsp; Beamforming<br \/>\t\t\t&nbsp; Rate Limit<br \/>\t\t\t&nbsp; Band Steering<br \/>\t\t\t&nbsp; Load Balance<br \/>\t\t\t&nbsp; Airtime Fairness<br \/>\t\t\t&nbsp; Transmit Power Control (Adjust Transmit Power on dBm)<br \/>\t\t\t&nbsp; QoS (WMM)<br \/>\t\t\t&nbsp; RADIUS Accounting<br \/>\t\t\t&nbsp; MAC Authentication<br \/>\t\t\t&nbsp; Reboot Schedule<br \/>\t\t\t&nbsp; Wireless Schedule and Statistics<br \/>\t\t\t&nbsp; Static IP\/Dynamic IP<br \/>\t\t\t&#8211; Seguridad Inal&aacute;mbrica: &nbsp;&nbsp; &nbsp;<br \/>\t\t\t&nbsp; Captive Portal Authentication&sect;<br \/>\t\t\t&nbsp; Access Control<br \/>\t\t\t&nbsp; Wireless Mac Address Filtering<br \/>\t\t\t&nbsp; Wireless Isolation Between Clients<br \/>\t\t\t&nbsp; VLAN<br \/>\t\t\t&nbsp; Rogue AP Detection<br \/>\t\t\t&nbsp; 802.1X Support<br \/>\t\t\t&nbsp; WPA-Personal\/Enterprise, WPA2-Personal\/Enterprise, WPA3-Personal\/Enterprise<br \/>\t\t\t&#8211; Potencia de Transmisi&oacute;n CE:<br \/>\t\t\t&nbsp; &lt;20 dBm(2.4 GHz, EIRP)<br \/>\t\t\t&nbsp; &lt;23 dBm(5 GHz, band1 &amp; band2, EIRP)<br \/>\t\t\t&nbsp; &lt;24 dBm(5 GHz, band3, EIRP)<br \/>\t\t\t&#8211; Potencia de Transmisi&oacute;n FCC:<br \/>\t\t\t&nbsp; &lt;21 dBm (2.4 GHz)<br \/>\t\t\t&nbsp; &lt;21 dBm (5 GHz)<\/td>\n<\/tr>\n<tr>\n<td valign=\"top\"><strong>Gesti&oacute;n<\/strong><\/td>\n<td>&#8211; Omada App<br \/>\t\t\t&#8211; Gesti&oacute;n Centralizada: &nbsp;&nbsp;&nbsp; &nbsp;<br \/>\t\t\t&nbsp; Omada Hardware Controller (OC300, OC200)<br \/>\t\t\t&nbsp; Omada Software Controller<br \/>\t\t\t&nbsp; Omada Cloud-Based Controller<br \/>\t\t\t&#8211; Acceso a la nube: Require the use of OC300, OC200, Omada Cloud-Based Controller, or Omada Software Controller<br \/>\t\t\t&#8211; Alertas por Correo Electr&oacute;nico &nbsp;&nbsp; &nbsp;<br \/>\t\t\t&#8211; LED de control ON \/ OFF &nbsp;&nbsp; &nbsp;<br \/>\t\t\t&#8211; Control de Gesti&oacute;n de Acceso MAC &nbsp;&nbsp; &nbsp;<br \/>\t\t\t&#8211; SNMP: v1, v2c, v3<br \/>\t\t\t&#8211; Acceso al Registro de Sistema Local\/ Registro del Sistema Remoto: System Log<br \/>\t\t\t&#8211; SSH<br \/>\t\t\t&#8211; Gesti&oacute;n basada en Web<br \/>\t\t\t&#8211; Aprovisionamiento sin contacto: Require the use of Omada Cloud-Based Controller<\/td>\n<\/tr>\n<tr>\n<td valign=\"top\"><strong>Otras caracter&iacute;sticas<\/strong><\/td>\n<td>&#8211; Certificaciones: CE, FCC, RoHS, IC<br \/>\t\t\t&#8211; Contenido del Paquete:<br \/>\t\t\t&nbsp; EAP615GP-Wall<br \/>\t\t\t&nbsp; Wall Mounting Kit<br \/>\t\t\t&nbsp; Installation Guide<br \/>\t\t\t&#8211; Requisitos del sistema: Microsoft Windows XP, Vista, Windows 7, Windows 8, Windows10, Windows11, Linux<br \/>\t\t\t&#8211; Factores Ambientales<br \/>\t\t\t&nbsp; Temperatura de funcionamiento: 0&ndash;40 &ordm;C<br \/>\t\t\t&nbsp; Temperatura de almacenamiento: -40&ndash;70 &ordm;C<br \/>\t\t\t&nbsp; Humedad de funcionamiento: 10&ndash;90% RH sin condensaci&oacute;n<br \/>\t\t\t&nbsp; Humedad de almacenamiento: 5&ndash;90% RH sin condensaci&oacute;n<br \/>\t\t\t<strong>Dimensiones y peso<\/strong><br \/>\t\t\t&#8211; 143 &times; 86 &times; 37,6 mm<br \/>\t\t\t&#8211; 320g<\/td>\n<\/tr>\n<tr>\n<td valign=\"top\"><strong>Fecha de revisi&oacute;n<\/strong><\/td>\n<td>13-08-2024 por RTY<\/td>\n<\/tr>\n<\/table>\n","protected":false},"excerpt":{"rendered":"<p>Marca TP-Link Modelo EAP615GP-Wall Caracter&iacute;sticas de Hardware &#8211; Interfaz &nbsp; 1 x puerto GPON&nbsp; &nbsp; 1 x puerto FXS&nbsp; &nbsp; 2 x puerto Gigabit RJ45&nbsp; &#8211; GPON Interface: &nbsp;&nbsp; &nbsp; &nbsp; Tipo de puerto: SC-APC &nbsp; Est&aacute;ndares y Protocolos: ITU-984.x, G.988, Class B+ &nbsp; Velocidad de datos: 2,488 Gbps (aguas abajo); 1,244 Gbps (ascendente) &nbsp;&hellip;&nbsp;<a href=\"https:\/\/aivlisoft.net\/shop\/producto\/tp-link-eap615gp-wall-ap-ax1800-wifi6-1xgpon-2xgbe\/\" rel=\"bookmark\"><span class=\"screen-reader-text\">TP-Link EAP615GP-Wall AP AX1800 WiFi6 1xGPON 2xGbE<\/span><\/a><\/p>\n","protected":false},"featured_media":20137,"template":"","meta":{"neve_meta_sidebar":"","neve_meta_container":"","neve_meta_enable_content_width":"","neve_meta_content_width":0,"neve_meta_title_alignment":"","neve_meta_author_avatar":"","neve_post_elements_order":"","neve_meta_disable_header":"","neve_meta_disable_footer":"","neve_meta_disable_title":""},"product_brand":[],"product_cat":[8770],"product_tag":[7204],"class_list":{"0":"post-20136","1":"product","2":"type-product","3":"status-publish","4":"has-post-thumbnail","6":"product_cat-puntos-de-acceso","7":"product_tag-eap615gp-wall","9":"first","10":"instock","11":"taxable","12":"shipping-taxable","13":"purchasable","14":"product-type-simple"},"yoast_head":"<!-- This site is optimized with the Yoast SEO plugin v26.0 - https:\/\/yoast.com\/wordpress\/plugins\/seo\/ -->\n<title>TP-Link EAP615GP-Wall AP AX1800 WiFi6 1xGPON 2xGbE - Aivlisoft Inform\u00e1tica<\/title>\n<meta name=\"robots\" content=\"index, follow, max-snippet:-1, max-image-preview:large, max-video-preview:-1\" \/>\n<link rel=\"canonical\" href=\"https:\/\/aivlisoft.net\/shop\/producto\/tp-link-eap615gp-wall-ap-ax1800-wifi6-1xgpon-2xgbe\/\" \/>\n<meta property=\"og:locale\" content=\"es_ES\" \/>\n<meta property=\"og:type\" content=\"article\" \/>\n<meta property=\"og:title\" content=\"TP-Link EAP615GP-Wall AP AX1800 WiFi6 1xGPON 2xGbE - Aivlisoft Inform\u00e1tica\" \/>\n<meta property=\"og:description\" content=\"Marca TP-Link Modelo EAP615GP-Wall Caracter&iacute;sticas de Hardware &#8211; Interfaz &nbsp; 1 x puerto GPON&nbsp; &nbsp; 1 x puerto FXS&nbsp; &nbsp; 2 x puerto Gigabit RJ45&nbsp; &#8211; GPON Interface: &nbsp;&nbsp; &nbsp; &nbsp; Tipo de puerto: SC-APC &nbsp; Est&aacute;ndares y Protocolos: ITU-984.x, G.988, Class B+ &nbsp; Velocidad de datos: 2,488 Gbps (aguas abajo); 1,244 Gbps (ascendente) &nbsp;&hellip;&nbsp;TP-Link EAP615GP-Wall AP AX1800 WiFi6 1xGPON 2xGbE\" \/>\n<meta property=\"og:url\" content=\"https:\/\/aivlisoft.net\/shop\/producto\/tp-link-eap615gp-wall-ap-ax1800-wifi6-1xgpon-2xgbe\/\" \/>\n<meta property=\"og:site_name\" content=\"Aivlisoft Inform\u00e1tica\" \/>\n<meta property=\"article:modified_time\" content=\"2025-01-14T11:48:57+00:00\" \/>\n<meta property=\"og:image\" content=\"https:\/\/aivlisoft.net\/shop\/wp-content\/uploads\/2025\/01\/NSWPAC0584_800.jpg\" \/>\n\t<meta property=\"og:image:width\" content=\"800\" \/>\n\t<meta property=\"og:image:height\" content=\"800\" \/>\n\t<meta property=\"og:image:type\" content=\"image\/jpeg\" \/>\n<meta name=\"twitter:card\" content=\"summary_large_image\" \/>\n<meta name=\"twitter:label1\" content=\"Tiempo de lectura\" \/>\n\t<meta name=\"twitter:data1\" content=\"3 minutos\" \/>\n<script type=\"application\/ld+json\" class=\"yoast-schema-graph\">{\"@context\":\"https:\/\/schema.org\",\"@graph\":[{\"@type\":\"WebPage\",\"@id\":\"https:\/\/aivlisoft.net\/shop\/producto\/tp-link-eap615gp-wall-ap-ax1800-wifi6-1xgpon-2xgbe\/\",\"url\":\"https:\/\/aivlisoft.net\/shop\/producto\/tp-link-eap615gp-wall-ap-ax1800-wifi6-1xgpon-2xgbe\/\",\"name\":\"TP-Link EAP615GP-Wall AP AX1800 WiFi6 1xGPON 2xGbE - Aivlisoft Inform\u00e1tica\",\"isPartOf\":{\"@id\":\"https:\/\/aivlisoft.net\/shop\/#website\"},\"primaryImageOfPage\":{\"@id\":\"https:\/\/aivlisoft.net\/shop\/producto\/tp-link-eap615gp-wall-ap-ax1800-wifi6-1xgpon-2xgbe\/#primaryimage\"},\"image\":{\"@id\":\"https:\/\/aivlisoft.net\/shop\/producto\/tp-link-eap615gp-wall-ap-ax1800-wifi6-1xgpon-2xgbe\/#primaryimage\"},\"thumbnailUrl\":\"https:\/\/aivlisoft.net\/shop\/wp-content\/uploads\/2025\/01\/NSWPAC0584_800.jpg\",\"datePublished\":\"2025-01-13T15:39:43+00:00\",\"dateModified\":\"2025-01-14T11:48:57+00:00\",\"breadcrumb\":{\"@id\":\"https:\/\/aivlisoft.net\/shop\/producto\/tp-link-eap615gp-wall-ap-ax1800-wifi6-1xgpon-2xgbe\/#breadcrumb\"},\"inLanguage\":\"es\",\"potentialAction\":[{\"@type\":\"ReadAction\",\"target\":[\"https:\/\/aivlisoft.net\/shop\/producto\/tp-link-eap615gp-wall-ap-ax1800-wifi6-1xgpon-2xgbe\/\"]}]},{\"@type\":\"ImageObject\",\"inLanguage\":\"es\",\"@id\":\"https:\/\/aivlisoft.net\/shop\/producto\/tp-link-eap615gp-wall-ap-ax1800-wifi6-1xgpon-2xgbe\/#primaryimage\",\"url\":\"https:\/\/aivlisoft.net\/shop\/wp-content\/uploads\/2025\/01\/NSWPAC0584_800.jpg\",\"contentUrl\":\"https:\/\/aivlisoft.net\/shop\/wp-content\/uploads\/2025\/01\/NSWPAC0584_800.jpg\",\"width\":800,\"height\":800},{\"@type\":\"BreadcrumbList\",\"@id\":\"https:\/\/aivlisoft.net\/shop\/producto\/tp-link-eap615gp-wall-ap-ax1800-wifi6-1xgpon-2xgbe\/#breadcrumb\",\"itemListElement\":[{\"@type\":\"ListItem\",\"position\":1,\"name\":\"Portada\",\"item\":\"https:\/\/aivlisoft.net\/shop\/\"},{\"@type\":\"ListItem\",\"position\":2,\"name\":\"Tienda\",\"item\":\"https:\/\/aivlisoft.net\/shop\/tienda\/\"},{\"@type\":\"ListItem\",\"position\":3,\"name\":\"TP-Link EAP615GP-Wall AP AX1800 WiFi6 1xGPON 2xGbE\"}]},{\"@type\":\"WebSite\",\"@id\":\"https:\/\/aivlisoft.net\/shop\/#website\",\"url\":\"https:\/\/aivlisoft.net\/shop\/\",\"name\":\"Aivlisoft Inform\u00e1tica\",\"description\":\"En Aivlisoft Inform\u00e1tica ofrecemos soluciones tecnol\u00f3gicas para empresas: venta de ordenadores, consumibles, perif\u00e9ricos y m\u00e1s. Calidad, atenci\u00f3n personalizada y los mejores precios para tu negocio.\",\"publisher\":{\"@id\":\"https:\/\/aivlisoft.net\/shop\/#organization\"},\"potentialAction\":[{\"@type\":\"SearchAction\",\"target\":{\"@type\":\"EntryPoint\",\"urlTemplate\":\"https:\/\/aivlisoft.net\/shop\/?s={search_term_string}\"},\"query-input\":{\"@type\":\"PropertyValueSpecification\",\"valueRequired\":true,\"valueName\":\"search_term_string\"}}],\"inLanguage\":\"es\"},{\"@type\":\"Organization\",\"@id\":\"https:\/\/aivlisoft.net\/shop\/#organization\",\"name\":\"Aivlisoft Inform\u00e1tica\",\"url\":\"https:\/\/aivlisoft.net\/shop\/\",\"logo\":{\"@type\":\"ImageObject\",\"inLanguage\":\"es\",\"@id\":\"https:\/\/aivlisoft.net\/shop\/#\/schema\/logo\/image\/\",\"url\":\"https:\/\/aivlisoft.net\/shop\/wp-content\/uploads\/2024\/12\/removal.ai_5b848c54-0cdf-4140-95c5-c5536bb7573b-logodef.png\",\"contentUrl\":\"https:\/\/aivlisoft.net\/shop\/wp-content\/uploads\/2024\/12\/removal.ai_5b848c54-0cdf-4140-95c5-c5536bb7573b-logodef.png\",\"width\":484,\"height\":182,\"caption\":\"Aivlisoft Inform\u00e1tica\"},\"image\":{\"@id\":\"https:\/\/aivlisoft.net\/shop\/#\/schema\/logo\/image\/\"}}]}<\/script>\n<!-- \/ Yoast SEO plugin. -->","yoast_head_json":{"title":"TP-Link EAP615GP-Wall AP AX1800 WiFi6 1xGPON 2xGbE - Aivlisoft Inform\u00e1tica","robots":{"index":"index","follow":"follow","max-snippet":"max-snippet:-1","max-image-preview":"max-image-preview:large","max-video-preview":"max-video-preview:-1"},"canonical":"https:\/\/aivlisoft.net\/shop\/producto\/tp-link-eap615gp-wall-ap-ax1800-wifi6-1xgpon-2xgbe\/","og_locale":"es_ES","og_type":"article","og_title":"TP-Link EAP615GP-Wall AP AX1800 WiFi6 1xGPON 2xGbE - Aivlisoft Inform\u00e1tica","og_description":"Marca TP-Link Modelo EAP615GP-Wall Caracter&iacute;sticas de Hardware &#8211; Interfaz &nbsp; 1 x puerto GPON&nbsp; &nbsp; 1 x puerto FXS&nbsp; &nbsp; 2 x puerto Gigabit RJ45&nbsp; &#8211; GPON Interface: &nbsp;&nbsp; &nbsp; &nbsp; Tipo de puerto: SC-APC &nbsp; Est&aacute;ndares y Protocolos: ITU-984.x, G.988, Class B+ &nbsp; Velocidad de datos: 2,488 Gbps (aguas abajo); 1,244 Gbps (ascendente) &nbsp;&hellip;&nbsp;TP-Link EAP615GP-Wall AP AX1800 WiFi6 1xGPON 2xGbE","og_url":"https:\/\/aivlisoft.net\/shop\/producto\/tp-link-eap615gp-wall-ap-ax1800-wifi6-1xgpon-2xgbe\/","og_site_name":"Aivlisoft Inform\u00e1tica","article_modified_time":"2025-01-14T11:48:57+00:00","og_image":[{"width":800,"height":800,"url":"https:\/\/aivlisoft.net\/shop\/wp-content\/uploads\/2025\/01\/NSWPAC0584_800.jpg","type":"image\/jpeg"}],"twitter_card":"summary_large_image","twitter_misc":{"Tiempo de lectura":"3 minutos"},"schema":{"@context":"https:\/\/schema.org","@graph":[{"@type":"WebPage","@id":"https:\/\/aivlisoft.net\/shop\/producto\/tp-link-eap615gp-wall-ap-ax1800-wifi6-1xgpon-2xgbe\/","url":"https:\/\/aivlisoft.net\/shop\/producto\/tp-link-eap615gp-wall-ap-ax1800-wifi6-1xgpon-2xgbe\/","name":"TP-Link EAP615GP-Wall AP AX1800 WiFi6 1xGPON 2xGbE - Aivlisoft Inform\u00e1tica","isPartOf":{"@id":"https:\/\/aivlisoft.net\/shop\/#website"},"primaryImageOfPage":{"@id":"https:\/\/aivlisoft.net\/shop\/producto\/tp-link-eap615gp-wall-ap-ax1800-wifi6-1xgpon-2xgbe\/#primaryimage"},"image":{"@id":"https:\/\/aivlisoft.net\/shop\/producto\/tp-link-eap615gp-wall-ap-ax1800-wifi6-1xgpon-2xgbe\/#primaryimage"},"thumbnailUrl":"https:\/\/aivlisoft.net\/shop\/wp-content\/uploads\/2025\/01\/NSWPAC0584_800.jpg","datePublished":"2025-01-13T15:39:43+00:00","dateModified":"2025-01-14T11:48:57+00:00","breadcrumb":{"@id":"https:\/\/aivlisoft.net\/shop\/producto\/tp-link-eap615gp-wall-ap-ax1800-wifi6-1xgpon-2xgbe\/#breadcrumb"},"inLanguage":"es","potentialAction":[{"@type":"ReadAction","target":["https:\/\/aivlisoft.net\/shop\/producto\/tp-link-eap615gp-wall-ap-ax1800-wifi6-1xgpon-2xgbe\/"]}]},{"@type":"ImageObject","inLanguage":"es","@id":"https:\/\/aivlisoft.net\/shop\/producto\/tp-link-eap615gp-wall-ap-ax1800-wifi6-1xgpon-2xgbe\/#primaryimage","url":"https:\/\/aivlisoft.net\/shop\/wp-content\/uploads\/2025\/01\/NSWPAC0584_800.jpg","contentUrl":"https:\/\/aivlisoft.net\/shop\/wp-content\/uploads\/2025\/01\/NSWPAC0584_800.jpg","width":800,"height":800},{"@type":"BreadcrumbList","@id":"https:\/\/aivlisoft.net\/shop\/producto\/tp-link-eap615gp-wall-ap-ax1800-wifi6-1xgpon-2xgbe\/#breadcrumb","itemListElement":[{"@type":"ListItem","position":1,"name":"Portada","item":"https:\/\/aivlisoft.net\/shop\/"},{"@type":"ListItem","position":2,"name":"Tienda","item":"https:\/\/aivlisoft.net\/shop\/tienda\/"},{"@type":"ListItem","position":3,"name":"TP-Link EAP615GP-Wall AP AX1800 WiFi6 1xGPON 2xGbE"}]},{"@type":"WebSite","@id":"https:\/\/aivlisoft.net\/shop\/#website","url":"https:\/\/aivlisoft.net\/shop\/","name":"Aivlisoft Inform\u00e1tica","description":"En Aivlisoft Inform\u00e1tica ofrecemos soluciones tecnol\u00f3gicas para empresas: venta de ordenadores, consumibles, perif\u00e9ricos y m\u00e1s. Calidad, atenci\u00f3n personalizada y los mejores precios para tu negocio.","publisher":{"@id":"https:\/\/aivlisoft.net\/shop\/#organization"},"potentialAction":[{"@type":"SearchAction","target":{"@type":"EntryPoint","urlTemplate":"https:\/\/aivlisoft.net\/shop\/?s={search_term_string}"},"query-input":{"@type":"PropertyValueSpecification","valueRequired":true,"valueName":"search_term_string"}}],"inLanguage":"es"},{"@type":"Organization","@id":"https:\/\/aivlisoft.net\/shop\/#organization","name":"Aivlisoft Inform\u00e1tica","url":"https:\/\/aivlisoft.net\/shop\/","logo":{"@type":"ImageObject","inLanguage":"es","@id":"https:\/\/aivlisoft.net\/shop\/#\/schema\/logo\/image\/","url":"https:\/\/aivlisoft.net\/shop\/wp-content\/uploads\/2024\/12\/removal.ai_5b848c54-0cdf-4140-95c5-c5536bb7573b-logodef.png","contentUrl":"https:\/\/aivlisoft.net\/shop\/wp-content\/uploads\/2024\/12\/removal.ai_5b848c54-0cdf-4140-95c5-c5536bb7573b-logodef.png","width":484,"height":182,"caption":"Aivlisoft Inform\u00e1tica"},"image":{"@id":"https:\/\/aivlisoft.net\/shop\/#\/schema\/logo\/image\/"}}]}},"_links":{"self":[{"href":"https:\/\/aivlisoft.net\/shop\/wp-json\/wp\/v2\/product\/20136","targetHints":{"allow":["GET"]}}],"collection":[{"href":"https:\/\/aivlisoft.net\/shop\/wp-json\/wp\/v2\/product"}],"about":[{"href":"https:\/\/aivlisoft.net\/shop\/wp-json\/wp\/v2\/types\/product"}],"wp:featuredmedia":[{"embeddable":true,"href":"https:\/\/aivlisoft.net\/shop\/wp-json\/wp\/v2\/media\/20137"}],"wp:attachment":[{"href":"https:\/\/aivlisoft.net\/shop\/wp-json\/wp\/v2\/media?parent=20136"}],"wp:term":[{"taxonomy":"product_brand","embeddable":true,"href":"https:\/\/aivlisoft.net\/shop\/wp-json\/wp\/v2\/product_brand?post=20136"},{"taxonomy":"product_cat","embeddable":true,"href":"https:\/\/aivlisoft.net\/shop\/wp-json\/wp\/v2\/product_cat?post=20136"},{"taxonomy":"product_tag","embeddable":true,"href":"https:\/\/aivlisoft.net\/shop\/wp-json\/wp\/v2\/product_tag?post=20136"}],"curies":[{"name":"wp","href":"https:\/\/api.w.org\/{rel}","templated":true}]}}