{"id":20114,"date":"2025-01-13T15:39:29","date_gmt":"2025-01-13T15:39:29","guid":{"rendered":"https:\/\/aivlisoft.com\/?post_type=product&#038;p=20114"},"modified":"2025-01-14T11:48:51","modified_gmt":"2025-01-14T11:48:51","slug":"ubiquiti-u7-pro-ap-wifi7-poe-1x1-2-5gbe","status":"publish","type":"product","link":"https:\/\/aivlisoft.net\/shop\/producto\/ubiquiti-u7-pro-ap-wifi7-poe-1x1-2-5gbe\/","title":{"rendered":"Ubiquiti U7-Pro AP WiFi7 PoE+ 1&#215;1\/2.5GbE"},"content":{"rendered":"<p><\/p>\n<table class=\"tabla_caracteristicas\" width=\"100%\">\n<tr>\n<td valign=\"top\"><strong>Marca<\/strong><\/td>\n<td>Ubiquiti<\/td>\n<\/tr>\n<tr>\n<td valign=\"top\"><strong>Modelo<\/strong><\/td>\n<td><strong>U7-Pro<\/strong><\/td>\n<\/tr>\n<tr>\n<td valign=\"top\"><strong>Caracter&iacute;sticas<\/strong><\/td>\n<td>&#8211; Interfaz de red: <strong>1 x puerto RJ45 de 1\/2,5 GbE<\/strong><br \/>\t\t\t&#8211; Interfaz de gesti&oacute;n: Ethernet<br \/>\t\t\t&#8211; M&eacute;todo de alimentaci&oacute;n: PoE+<br \/>\t\t\t&#8211; Fuente de alimentaci&oacute;n: conmutador UniFi PoE<br \/>\t\t\t&#8211; Rango de voltaje admitido: 44&mdash;57 VCC<br \/>\t\t\t&#8211; M&aacute;x. consumo de energ&iacute;a: 21W<br \/>\t\t\t&#8211; M&aacute;x. Poder TX:<br \/>\t\t\t&nbsp; 2,4 GHz: 22 dBm<br \/>\t\t\t&nbsp; 5 GHz: 26 dBm<br \/>\t\t\t&nbsp; 6 GHz: 23 dBm<br \/>\t\t\t-MIMO<br \/>\t\t\t&nbsp; 2,4 GHz: 2 x 2 (DL\/UL MU-MIMO)<br \/>\t\t\t&nbsp; 5 GHz: 2 x 2 (DL\/UL MU-MIMO)<br \/>\t\t\t&nbsp; 6 GHz: 2 x 2 (DL\/UL MU-MIMO)<br \/>\t\t\t&#8211; M&aacute;x. velocidad de datos<br \/>\t\t\t&nbsp; 2,4 GHz: 688 Mbps (BW40)<br \/>\t\t\t&nbsp; 5 GHz: 4,3 Gbps (BW240)<br \/>\t\t\t&nbsp; 6 GHz: 5,7 Gbps (BW320)<br \/>\t\t\t&#8211; Ganancia de la antena<br \/>\t\t\t&nbsp; 2,4 GHz: 6 dBi<br \/>\t\t\t&nbsp; 5 GHz: 4 dBi<br \/>\t\t\t&nbsp; 6 GHz: 5,8 dBi<br \/>\t\t\t&#8211; LED blanco\/azul<br \/>\t\t\t&#8211; Bot&oacute;n Restablecer valores de f&aacute;brica<br \/>\t\t\t&#8211; Red UniFi: Versi&oacute;n 8.0.26 y posteriores<br \/>\t\t\t&#8211; Sistema operativo UniFi: versi&oacute;n 3.2 y posteriores<\/td>\n<\/tr>\n<tr>\n<td valign=\"top\"><strong>Conectividad<\/strong><\/td>\n<td>&#8211; Est&aacute;ndares WiFi: 802.11a\/b\/g\/n\/ac\/ax\/be (WiFi 6\/6E, WiFi 7)<br \/>\t\t\t&#8211; Seguridad inal&aacute;mbrica: WPA-PSK, WPA-Enterprise (WPA\/WPA2\/WPA3\/PPSK)<br \/>\t\t\t&#8211; BSSID: 8 por radio<br \/>\t\t\t&#8211; VLAN: 802.1Q<br \/>\t\t\t&#8211; QoS avanzado: limitaci&oacute;n de velocidad por usuario<br \/>\t\t\t&#8211; Aislamiento del tr&aacute;fico de invitados: compatible<br \/>\t\t\t&#8211; Clientes simult&aacute;neos: 300+<br \/>\t\t\t&#8211; Tarifas de datos admitidas<br \/>\t\t\t&nbsp; 802.11a: 6, 9, 12, 18, 24, 36, 48, 54Mbps<br \/>\t\t\t&nbsp; 802.11b: 1, 2, 5,5, 11 Mbps<br \/>\t\t\t&nbsp; 802.11g: 6, 9, 12, 18, 24, 36, 48, 54 Mbps<br \/>\t\t\t&nbsp; 802.11n: 6,5 Mbps a 300 Mbps (MCS0 &#8211; MCS15, HT 20\/40)<br \/>\t\t\t&nbsp; 802.11ac: 6,5 Mbps a 1,7 Gbps (MCS0 &#8211; MCS9 NSS1\/2, VHT 20\/40\/80\/160)<br \/>\t\t\t&nbsp; 802.11ax (WiFi 6\/6E): 7,3 Mbps a 2,4 Gbps (MCS0 &#8211; MCS11 NSS1\/2, HE 20\/40\/80\/160)<br \/>\t\t\t&nbsp; 802.11be (WiFi 7): 7,3 Mbps a 5,7 Gbps (MCS0 &#8211; MCS13 NSS1\/2, EHT 20\/40\/80\/160\/240\/320)<\/td>\n<\/tr>\n<tr>\n<td valign=\"top\"><strong>Otras caracter&iacute;sticas<\/strong><\/td>\n<td>&#8211; Montaje: Pared\/techo (Incluido)<br \/>\t\t\t&#8211; Temperatura ambiente de funcionamiento -30 a 60&deg; C (-22 a 140&deg; F)<br \/>\t\t\t&#8211; Humedad ambiente de funcionamiento del 5 al 95% sin condensaci&oacute;n<br \/>\t\t\t&#8211; Certificaciones: CE, FCC, IC<br \/>\t\t\t&#8211; Material de montaje: Acero inoxidable (SUS304), acero galvanizado (SGCC)<br \/>\t\t\t&#8211; Material de la carcasa: policarbonato, metal<br \/>\t\t\t<strong>Dimensiones y peso<\/strong><br \/>\t\t\t&#8211; &Oslash;206 x 46 mm<br \/>\t\t\t&#8211; 680 g<\/td>\n<\/tr>\n<tr>\n<td valign=\"top\"><strong>Fecha de revisi&oacute;n<\/strong><\/td>\n<td>06-08-2024 por RTY<\/td>\n<\/tr>\n<\/table>\n","protected":false},"excerpt":{"rendered":"<p>Marca Ubiquiti Modelo U7-Pro Caracter&iacute;sticas &#8211; Interfaz de red: 1 x puerto RJ45 de 1\/2,5 GbE &#8211; Interfaz de gesti&oacute;n: Ethernet &#8211; M&eacute;todo de alimentaci&oacute;n: PoE+ &#8211; Fuente de alimentaci&oacute;n: conmutador UniFi PoE &#8211; Rango de voltaje admitido: 44&mdash;57 VCC &#8211; M&aacute;x. consumo de energ&iacute;a: 21W &#8211; M&aacute;x. Poder TX: &nbsp; 2,4 GHz: 22 dBm&hellip;&nbsp;<a href=\"https:\/\/aivlisoft.net\/shop\/producto\/ubiquiti-u7-pro-ap-wifi7-poe-1x1-2-5gbe\/\" rel=\"bookmark\"><span class=\"screen-reader-text\">Ubiquiti U7-Pro AP WiFi7 PoE+ 1&#215;1\/2.5GbE<\/span><\/a><\/p>\n","protected":false},"featured_media":20115,"template":"","meta":{"neve_meta_sidebar":"","neve_meta_container":"","neve_meta_enable_content_width":"","neve_meta_content_width":0,"neve_meta_title_alignment":"","neve_meta_author_avatar":"","neve_post_elements_order":"","neve_meta_disable_header":"","neve_meta_disable_footer":"","neve_meta_disable_title":""},"product_brand":[],"product_cat":[8770],"product_tag":[7199],"class_list":{"0":"post-20114","1":"product","2":"type-product","3":"status-publish","4":"has-post-thumbnail","6":"product_cat-puntos-de-acceso","7":"product_tag-u7-pro","9":"first","10":"instock","11":"taxable","12":"shipping-taxable","13":"purchasable","14":"product-type-simple"},"yoast_head":"<!-- This site is optimized with the Yoast SEO plugin v26.0 - https:\/\/yoast.com\/wordpress\/plugins\/seo\/ -->\n<title>Ubiquiti U7-Pro AP WiFi7 PoE+ 1x1\/2.5GbE - Aivlisoft Inform\u00e1tica<\/title>\n<meta name=\"robots\" content=\"index, follow, max-snippet:-1, max-image-preview:large, max-video-preview:-1\" \/>\n<link rel=\"canonical\" href=\"https:\/\/aivlisoft.net\/shop\/producto\/ubiquiti-u7-pro-ap-wifi7-poe-1x1-2-5gbe\/\" \/>\n<meta property=\"og:locale\" content=\"es_ES\" \/>\n<meta property=\"og:type\" content=\"article\" \/>\n<meta property=\"og:title\" content=\"Ubiquiti U7-Pro AP WiFi7 PoE+ 1x1\/2.5GbE - Aivlisoft Inform\u00e1tica\" \/>\n<meta property=\"og:description\" content=\"Marca Ubiquiti Modelo U7-Pro Caracter&iacute;sticas &#8211; Interfaz de red: 1 x puerto RJ45 de 1\/2,5 GbE &#8211; Interfaz de gesti&oacute;n: Ethernet &#8211; M&eacute;todo de alimentaci&oacute;n: PoE+ &#8211; Fuente de alimentaci&oacute;n: conmutador UniFi PoE &#8211; Rango de voltaje admitido: 44&mdash;57 VCC &#8211; M&aacute;x. consumo de energ&iacute;a: 21W &#8211; M&aacute;x. Poder TX: &nbsp; 2,4 GHz: 22 dBm&hellip;&nbsp;Ubiquiti U7-Pro AP WiFi7 PoE+ 1&#215;1\/2.5GbE\" \/>\n<meta property=\"og:url\" content=\"https:\/\/aivlisoft.net\/shop\/producto\/ubiquiti-u7-pro-ap-wifi7-poe-1x1-2-5gbe\/\" \/>\n<meta property=\"og:site_name\" content=\"Aivlisoft Inform\u00e1tica\" \/>\n<meta property=\"article:modified_time\" content=\"2025-01-14T11:48:51+00:00\" \/>\n<meta property=\"og:image\" content=\"https:\/\/aivlisoft.net\/shop\/wp-content\/uploads\/2025\/01\/NSWPAC0579_800.jpg\" \/>\n\t<meta property=\"og:image:width\" content=\"800\" \/>\n\t<meta property=\"og:image:height\" content=\"800\" \/>\n\t<meta property=\"og:image:type\" content=\"image\/jpeg\" \/>\n<meta name=\"twitter:card\" content=\"summary_large_image\" \/>\n<meta name=\"twitter:label1\" content=\"Tiempo de lectura\" \/>\n\t<meta name=\"twitter:data1\" content=\"2 minutos\" \/>\n<script type=\"application\/ld+json\" class=\"yoast-schema-graph\">{\"@context\":\"https:\/\/schema.org\",\"@graph\":[{\"@type\":\"WebPage\",\"@id\":\"https:\/\/aivlisoft.net\/shop\/producto\/ubiquiti-u7-pro-ap-wifi7-poe-1x1-2-5gbe\/\",\"url\":\"https:\/\/aivlisoft.net\/shop\/producto\/ubiquiti-u7-pro-ap-wifi7-poe-1x1-2-5gbe\/\",\"name\":\"Ubiquiti U7-Pro AP WiFi7 PoE+ 1x1\/2.5GbE - Aivlisoft Inform\u00e1tica\",\"isPartOf\":{\"@id\":\"https:\/\/aivlisoft.net\/shop\/#website\"},\"primaryImageOfPage\":{\"@id\":\"https:\/\/aivlisoft.net\/shop\/producto\/ubiquiti-u7-pro-ap-wifi7-poe-1x1-2-5gbe\/#primaryimage\"},\"image\":{\"@id\":\"https:\/\/aivlisoft.net\/shop\/producto\/ubiquiti-u7-pro-ap-wifi7-poe-1x1-2-5gbe\/#primaryimage\"},\"thumbnailUrl\":\"https:\/\/aivlisoft.net\/shop\/wp-content\/uploads\/2025\/01\/NSWPAC0579_800.jpg\",\"datePublished\":\"2025-01-13T15:39:29+00:00\",\"dateModified\":\"2025-01-14T11:48:51+00:00\",\"breadcrumb\":{\"@id\":\"https:\/\/aivlisoft.net\/shop\/producto\/ubiquiti-u7-pro-ap-wifi7-poe-1x1-2-5gbe\/#breadcrumb\"},\"inLanguage\":\"es\",\"potentialAction\":[{\"@type\":\"ReadAction\",\"target\":[\"https:\/\/aivlisoft.net\/shop\/producto\/ubiquiti-u7-pro-ap-wifi7-poe-1x1-2-5gbe\/\"]}]},{\"@type\":\"ImageObject\",\"inLanguage\":\"es\",\"@id\":\"https:\/\/aivlisoft.net\/shop\/producto\/ubiquiti-u7-pro-ap-wifi7-poe-1x1-2-5gbe\/#primaryimage\",\"url\":\"https:\/\/aivlisoft.net\/shop\/wp-content\/uploads\/2025\/01\/NSWPAC0579_800.jpg\",\"contentUrl\":\"https:\/\/aivlisoft.net\/shop\/wp-content\/uploads\/2025\/01\/NSWPAC0579_800.jpg\",\"width\":800,\"height\":800},{\"@type\":\"BreadcrumbList\",\"@id\":\"https:\/\/aivlisoft.net\/shop\/producto\/ubiquiti-u7-pro-ap-wifi7-poe-1x1-2-5gbe\/#breadcrumb\",\"itemListElement\":[{\"@type\":\"ListItem\",\"position\":1,\"name\":\"Portada\",\"item\":\"https:\/\/aivlisoft.net\/shop\/\"},{\"@type\":\"ListItem\",\"position\":2,\"name\":\"Tienda\",\"item\":\"https:\/\/aivlisoft.net\/shop\/tienda\/\"},{\"@type\":\"ListItem\",\"position\":3,\"name\":\"Ubiquiti U7-Pro AP WiFi7 PoE+ 1&#215;1\/2.5GbE\"}]},{\"@type\":\"WebSite\",\"@id\":\"https:\/\/aivlisoft.net\/shop\/#website\",\"url\":\"https:\/\/aivlisoft.net\/shop\/\",\"name\":\"Aivlisoft Inform\u00e1tica\",\"description\":\"En Aivlisoft Inform\u00e1tica ofrecemos soluciones tecnol\u00f3gicas para empresas: venta de ordenadores, consumibles, perif\u00e9ricos y m\u00e1s. Calidad, atenci\u00f3n personalizada y los mejores precios para tu negocio.\",\"publisher\":{\"@id\":\"https:\/\/aivlisoft.net\/shop\/#organization\"},\"potentialAction\":[{\"@type\":\"SearchAction\",\"target\":{\"@type\":\"EntryPoint\",\"urlTemplate\":\"https:\/\/aivlisoft.net\/shop\/?s={search_term_string}\"},\"query-input\":{\"@type\":\"PropertyValueSpecification\",\"valueRequired\":true,\"valueName\":\"search_term_string\"}}],\"inLanguage\":\"es\"},{\"@type\":\"Organization\",\"@id\":\"https:\/\/aivlisoft.net\/shop\/#organization\",\"name\":\"Aivlisoft Inform\u00e1tica\",\"url\":\"https:\/\/aivlisoft.net\/shop\/\",\"logo\":{\"@type\":\"ImageObject\",\"inLanguage\":\"es\",\"@id\":\"https:\/\/aivlisoft.net\/shop\/#\/schema\/logo\/image\/\",\"url\":\"https:\/\/aivlisoft.net\/shop\/wp-content\/uploads\/2024\/12\/removal.ai_5b848c54-0cdf-4140-95c5-c5536bb7573b-logodef.png\",\"contentUrl\":\"https:\/\/aivlisoft.net\/shop\/wp-content\/uploads\/2024\/12\/removal.ai_5b848c54-0cdf-4140-95c5-c5536bb7573b-logodef.png\",\"width\":484,\"height\":182,\"caption\":\"Aivlisoft Inform\u00e1tica\"},\"image\":{\"@id\":\"https:\/\/aivlisoft.net\/shop\/#\/schema\/logo\/image\/\"}}]}<\/script>\n<!-- \/ Yoast SEO plugin. -->","yoast_head_json":{"title":"Ubiquiti U7-Pro AP WiFi7 PoE+ 1x1\/2.5GbE - Aivlisoft Inform\u00e1tica","robots":{"index":"index","follow":"follow","max-snippet":"max-snippet:-1","max-image-preview":"max-image-preview:large","max-video-preview":"max-video-preview:-1"},"canonical":"https:\/\/aivlisoft.net\/shop\/producto\/ubiquiti-u7-pro-ap-wifi7-poe-1x1-2-5gbe\/","og_locale":"es_ES","og_type":"article","og_title":"Ubiquiti U7-Pro AP WiFi7 PoE+ 1x1\/2.5GbE - Aivlisoft Inform\u00e1tica","og_description":"Marca Ubiquiti Modelo U7-Pro Caracter&iacute;sticas &#8211; Interfaz de red: 1 x puerto RJ45 de 1\/2,5 GbE &#8211; Interfaz de gesti&oacute;n: Ethernet &#8211; M&eacute;todo de alimentaci&oacute;n: PoE+ &#8211; Fuente de alimentaci&oacute;n: conmutador UniFi PoE &#8211; Rango de voltaje admitido: 44&mdash;57 VCC &#8211; M&aacute;x. consumo de energ&iacute;a: 21W &#8211; M&aacute;x. Poder TX: &nbsp; 2,4 GHz: 22 dBm&hellip;&nbsp;Ubiquiti U7-Pro AP WiFi7 PoE+ 1&#215;1\/2.5GbE","og_url":"https:\/\/aivlisoft.net\/shop\/producto\/ubiquiti-u7-pro-ap-wifi7-poe-1x1-2-5gbe\/","og_site_name":"Aivlisoft Inform\u00e1tica","article_modified_time":"2025-01-14T11:48:51+00:00","og_image":[{"width":800,"height":800,"url":"https:\/\/aivlisoft.net\/shop\/wp-content\/uploads\/2025\/01\/NSWPAC0579_800.jpg","type":"image\/jpeg"}],"twitter_card":"summary_large_image","twitter_misc":{"Tiempo de lectura":"2 minutos"},"schema":{"@context":"https:\/\/schema.org","@graph":[{"@type":"WebPage","@id":"https:\/\/aivlisoft.net\/shop\/producto\/ubiquiti-u7-pro-ap-wifi7-poe-1x1-2-5gbe\/","url":"https:\/\/aivlisoft.net\/shop\/producto\/ubiquiti-u7-pro-ap-wifi7-poe-1x1-2-5gbe\/","name":"Ubiquiti U7-Pro AP WiFi7 PoE+ 1x1\/2.5GbE - Aivlisoft Inform\u00e1tica","isPartOf":{"@id":"https:\/\/aivlisoft.net\/shop\/#website"},"primaryImageOfPage":{"@id":"https:\/\/aivlisoft.net\/shop\/producto\/ubiquiti-u7-pro-ap-wifi7-poe-1x1-2-5gbe\/#primaryimage"},"image":{"@id":"https:\/\/aivlisoft.net\/shop\/producto\/ubiquiti-u7-pro-ap-wifi7-poe-1x1-2-5gbe\/#primaryimage"},"thumbnailUrl":"https:\/\/aivlisoft.net\/shop\/wp-content\/uploads\/2025\/01\/NSWPAC0579_800.jpg","datePublished":"2025-01-13T15:39:29+00:00","dateModified":"2025-01-14T11:48:51+00:00","breadcrumb":{"@id":"https:\/\/aivlisoft.net\/shop\/producto\/ubiquiti-u7-pro-ap-wifi7-poe-1x1-2-5gbe\/#breadcrumb"},"inLanguage":"es","potentialAction":[{"@type":"ReadAction","target":["https:\/\/aivlisoft.net\/shop\/producto\/ubiquiti-u7-pro-ap-wifi7-poe-1x1-2-5gbe\/"]}]},{"@type":"ImageObject","inLanguage":"es","@id":"https:\/\/aivlisoft.net\/shop\/producto\/ubiquiti-u7-pro-ap-wifi7-poe-1x1-2-5gbe\/#primaryimage","url":"https:\/\/aivlisoft.net\/shop\/wp-content\/uploads\/2025\/01\/NSWPAC0579_800.jpg","contentUrl":"https:\/\/aivlisoft.net\/shop\/wp-content\/uploads\/2025\/01\/NSWPAC0579_800.jpg","width":800,"height":800},{"@type":"BreadcrumbList","@id":"https:\/\/aivlisoft.net\/shop\/producto\/ubiquiti-u7-pro-ap-wifi7-poe-1x1-2-5gbe\/#breadcrumb","itemListElement":[{"@type":"ListItem","position":1,"name":"Portada","item":"https:\/\/aivlisoft.net\/shop\/"},{"@type":"ListItem","position":2,"name":"Tienda","item":"https:\/\/aivlisoft.net\/shop\/tienda\/"},{"@type":"ListItem","position":3,"name":"Ubiquiti U7-Pro AP WiFi7 PoE+ 1&#215;1\/2.5GbE"}]},{"@type":"WebSite","@id":"https:\/\/aivlisoft.net\/shop\/#website","url":"https:\/\/aivlisoft.net\/shop\/","name":"Aivlisoft Inform\u00e1tica","description":"En Aivlisoft Inform\u00e1tica ofrecemos soluciones tecnol\u00f3gicas para empresas: venta de ordenadores, consumibles, perif\u00e9ricos y m\u00e1s. Calidad, atenci\u00f3n personalizada y los mejores precios para tu negocio.","publisher":{"@id":"https:\/\/aivlisoft.net\/shop\/#organization"},"potentialAction":[{"@type":"SearchAction","target":{"@type":"EntryPoint","urlTemplate":"https:\/\/aivlisoft.net\/shop\/?s={search_term_string}"},"query-input":{"@type":"PropertyValueSpecification","valueRequired":true,"valueName":"search_term_string"}}],"inLanguage":"es"},{"@type":"Organization","@id":"https:\/\/aivlisoft.net\/shop\/#organization","name":"Aivlisoft Inform\u00e1tica","url":"https:\/\/aivlisoft.net\/shop\/","logo":{"@type":"ImageObject","inLanguage":"es","@id":"https:\/\/aivlisoft.net\/shop\/#\/schema\/logo\/image\/","url":"https:\/\/aivlisoft.net\/shop\/wp-content\/uploads\/2024\/12\/removal.ai_5b848c54-0cdf-4140-95c5-c5536bb7573b-logodef.png","contentUrl":"https:\/\/aivlisoft.net\/shop\/wp-content\/uploads\/2024\/12\/removal.ai_5b848c54-0cdf-4140-95c5-c5536bb7573b-logodef.png","width":484,"height":182,"caption":"Aivlisoft Inform\u00e1tica"},"image":{"@id":"https:\/\/aivlisoft.net\/shop\/#\/schema\/logo\/image\/"}}]}},"_links":{"self":[{"href":"https:\/\/aivlisoft.net\/shop\/wp-json\/wp\/v2\/product\/20114","targetHints":{"allow":["GET"]}}],"collection":[{"href":"https:\/\/aivlisoft.net\/shop\/wp-json\/wp\/v2\/product"}],"about":[{"href":"https:\/\/aivlisoft.net\/shop\/wp-json\/wp\/v2\/types\/product"}],"wp:featuredmedia":[{"embeddable":true,"href":"https:\/\/aivlisoft.net\/shop\/wp-json\/wp\/v2\/media\/20115"}],"wp:attachment":[{"href":"https:\/\/aivlisoft.net\/shop\/wp-json\/wp\/v2\/media?parent=20114"}],"wp:term":[{"taxonomy":"product_brand","embeddable":true,"href":"https:\/\/aivlisoft.net\/shop\/wp-json\/wp\/v2\/product_brand?post=20114"},{"taxonomy":"product_cat","embeddable":true,"href":"https:\/\/aivlisoft.net\/shop\/wp-json\/wp\/v2\/product_cat?post=20114"},{"taxonomy":"product_tag","embeddable":true,"href":"https:\/\/aivlisoft.net\/shop\/wp-json\/wp\/v2\/product_tag?post=20114"}],"curies":[{"name":"wp","href":"https:\/\/api.w.org\/{rel}","templated":true}]}}