{"id":20094,"date":"2025-01-13T15:39:19","date_gmt":"2025-01-13T15:39:19","guid":{"rendered":"https:\/\/aivlisoft.com\/?post_type=product&#038;p=20094"},"modified":"2025-01-14T11:48:47","modified_gmt":"2025-01-14T11:48:47","slug":"aruba-ion-ap32-rw-wifi6e-ap-1x2-5gbe-interior","status":"publish","type":"product","link":"https:\/\/aivlisoft.net\/shop\/producto\/aruba-ion-ap32-rw-wifi6e-ap-1x2-5gbe-interior\/","title":{"rendered":"Aruba IOn AP32 (RW) WiFi6E AP 1&#215;2.5GbE Interior"},"content":{"rendered":"<p><\/p>\n<table class=\"tabla_caracteristicas\" width=\"100%\">\n<tr>\n<td valign=\"top\"><strong>Marca<\/strong><\/td>\n<td>Aruba<\/td>\n<\/tr>\n<tr>\n<td valign=\"top\"><strong>Modelo<\/strong><\/td>\n<td><strong>S1T23A<\/strong><\/td>\n<\/tr>\n<tr>\n<td valign=\"top\"><strong>Caracter&iacute;sticas<\/strong><\/td>\n<td>&#8211; Wi-Fi CERTIFIED 6E<br \/>\t\t\t&#8211; Puerto Ethernet de enlace ascendente de 2,5 Gigabit<br \/>\t\t\t&#8211; Compatibilidad con versiones anteriores<br \/>\t\t\t&#8211; Capacidad aumentada<br \/>\t\t\t&#8211; Smart Mesh<br \/>\t\t\t&#8211; ClientMatch<br \/>\t\t\t&#8211; Implantaci&oacute;n ideal: Alta densidad de dispositivos, oficinas, restaurantes, instalaciones multiuso&nbsp;&nbsp; &nbsp;<br \/>\t\t\t&#8211; N&uacute;mero m&aacute;ximo recomendado de dispositivos activos por punto de acceso: 75&nbsp;&nbsp; &nbsp;<br \/>\t\t\t&#8211; Tasas de datos m&aacute;x: 3,6 Gbps&nbsp;&nbsp; &nbsp;<br \/>\t\t\t&#8211; MIMO: 2&#215;2<br \/>\t\t\t&#8211; Peso: 520 g<br \/>\t\t\t&#8211; Radios: 2,4 Ghz 802.11ax (Wi-Fi 6); 5 Ghz 802.11ax (Wi-Fi 6); 6 Ghz 802.11ax (Wi-Fi 6)<br \/>\t\t\t&#8211; Alimentaci&oacute;n:&nbsp;&nbsp; &nbsp;PoE in: 802.3bt\/802.2at, 12,9 W (PoE) o 11 W (CA)&nbsp;&nbsp; &nbsp;<br \/>\t\t\t<strong>Dimensiones&nbsp;&nbsp; &nbsp;<\/strong><br \/>\t\t\t&#8211; 160 x 160 x 39 mm<\/td>\n<\/tr>\n<tr>\n<td valign=\"top\"><strong>Fecha de revisi&oacute;n<\/strong><\/td>\n<td>04-06-2024 por RTY<\/td>\n<\/tr>\n<\/table>\n","protected":false},"excerpt":{"rendered":"<p>Marca Aruba Modelo S1T23A Caracter&iacute;sticas &#8211; Wi-Fi CERTIFIED 6E &#8211; Puerto Ethernet de enlace ascendente de 2,5 Gigabit &#8211; Compatibilidad con versiones anteriores &#8211; Capacidad aumentada &#8211; Smart Mesh &#8211; ClientMatch &#8211; Implantaci&oacute;n ideal: Alta densidad de dispositivos, oficinas, restaurantes, instalaciones multiuso&nbsp;&nbsp; &nbsp; &#8211; N&uacute;mero m&aacute;ximo recomendado de dispositivos activos por punto de acceso: 75&nbsp;&nbsp;&hellip;&nbsp;<a href=\"https:\/\/aivlisoft.net\/shop\/producto\/aruba-ion-ap32-rw-wifi6e-ap-1x2-5gbe-interior\/\" rel=\"bookmark\"><span class=\"screen-reader-text\">Aruba IOn AP32 (RW) WiFi6E AP 1&#215;2.5GbE Interior<\/span><\/a><\/p>\n","protected":false},"featured_media":20095,"template":"","meta":{"neve_meta_sidebar":"","neve_meta_container":"","neve_meta_enable_content_width":"","neve_meta_content_width":0,"neve_meta_title_alignment":"","neve_meta_author_avatar":"","neve_post_elements_order":"","neve_meta_disable_header":"","neve_meta_disable_footer":"","neve_meta_disable_title":""},"product_brand":[],"product_cat":[8770],"product_tag":[7195],"class_list":{"0":"post-20094","1":"product","2":"type-product","3":"status-publish","4":"has-post-thumbnail","6":"product_cat-puntos-de-acceso","7":"product_tag-s1t23a","9":"first","10":"instock","11":"taxable","12":"shipping-taxable","13":"purchasable","14":"product-type-simple"},"yoast_head":"<!-- This site is optimized with the Yoast SEO plugin v26.0 - https:\/\/yoast.com\/wordpress\/plugins\/seo\/ -->\n<title>Aruba IOn AP32 (RW) WiFi6E AP 1x2.5GbE Interior - Aivlisoft Inform\u00e1tica<\/title>\n<meta name=\"robots\" content=\"index, follow, max-snippet:-1, max-image-preview:large, max-video-preview:-1\" \/>\n<link rel=\"canonical\" href=\"https:\/\/aivlisoft.net\/shop\/producto\/aruba-ion-ap32-rw-wifi6e-ap-1x2-5gbe-interior\/\" \/>\n<meta property=\"og:locale\" content=\"es_ES\" \/>\n<meta property=\"og:type\" content=\"article\" \/>\n<meta property=\"og:title\" content=\"Aruba IOn AP32 (RW) WiFi6E AP 1x2.5GbE Interior - Aivlisoft Inform\u00e1tica\" \/>\n<meta property=\"og:description\" content=\"Marca Aruba Modelo S1T23A Caracter&iacute;sticas &#8211; Wi-Fi CERTIFIED 6E &#8211; Puerto Ethernet de enlace ascendente de 2,5 Gigabit &#8211; Compatibilidad con versiones anteriores &#8211; Capacidad aumentada &#8211; Smart Mesh &#8211; ClientMatch &#8211; Implantaci&oacute;n ideal: Alta densidad de dispositivos, oficinas, restaurantes, instalaciones multiuso&nbsp;&nbsp; &nbsp; &#8211; N&uacute;mero m&aacute;ximo recomendado de dispositivos activos por punto de acceso: 75&nbsp;&nbsp;&hellip;&nbsp;Aruba IOn AP32 (RW) WiFi6E AP 1&#215;2.5GbE Interior\" \/>\n<meta property=\"og:url\" content=\"https:\/\/aivlisoft.net\/shop\/producto\/aruba-ion-ap32-rw-wifi6e-ap-1x2-5gbe-interior\/\" \/>\n<meta property=\"og:site_name\" content=\"Aivlisoft Inform\u00e1tica\" \/>\n<meta property=\"article:modified_time\" content=\"2025-01-14T11:48:47+00:00\" \/>\n<meta property=\"og:image\" content=\"https:\/\/aivlisoft.net\/shop\/wp-content\/uploads\/2025\/01\/NSWPAC0574_800.jpg\" \/>\n\t<meta property=\"og:image:width\" content=\"800\" \/>\n\t<meta property=\"og:image:height\" content=\"800\" \/>\n\t<meta property=\"og:image:type\" content=\"image\/jpeg\" \/>\n<meta name=\"twitter:card\" content=\"summary_large_image\" \/>\n<meta name=\"twitter:label1\" content=\"Tiempo de lectura\" \/>\n\t<meta name=\"twitter:data1\" content=\"1 minuto\" \/>\n<script type=\"application\/ld+json\" class=\"yoast-schema-graph\">{\"@context\":\"https:\/\/schema.org\",\"@graph\":[{\"@type\":\"WebPage\",\"@id\":\"https:\/\/aivlisoft.net\/shop\/producto\/aruba-ion-ap32-rw-wifi6e-ap-1x2-5gbe-interior\/\",\"url\":\"https:\/\/aivlisoft.net\/shop\/producto\/aruba-ion-ap32-rw-wifi6e-ap-1x2-5gbe-interior\/\",\"name\":\"Aruba IOn AP32 (RW) WiFi6E AP 1x2.5GbE Interior - Aivlisoft Inform\u00e1tica\",\"isPartOf\":{\"@id\":\"https:\/\/aivlisoft.net\/shop\/#website\"},\"primaryImageOfPage\":{\"@id\":\"https:\/\/aivlisoft.net\/shop\/producto\/aruba-ion-ap32-rw-wifi6e-ap-1x2-5gbe-interior\/#primaryimage\"},\"image\":{\"@id\":\"https:\/\/aivlisoft.net\/shop\/producto\/aruba-ion-ap32-rw-wifi6e-ap-1x2-5gbe-interior\/#primaryimage\"},\"thumbnailUrl\":\"https:\/\/aivlisoft.net\/shop\/wp-content\/uploads\/2025\/01\/NSWPAC0574_800.jpg\",\"datePublished\":\"2025-01-13T15:39:19+00:00\",\"dateModified\":\"2025-01-14T11:48:47+00:00\",\"breadcrumb\":{\"@id\":\"https:\/\/aivlisoft.net\/shop\/producto\/aruba-ion-ap32-rw-wifi6e-ap-1x2-5gbe-interior\/#breadcrumb\"},\"inLanguage\":\"es\",\"potentialAction\":[{\"@type\":\"ReadAction\",\"target\":[\"https:\/\/aivlisoft.net\/shop\/producto\/aruba-ion-ap32-rw-wifi6e-ap-1x2-5gbe-interior\/\"]}]},{\"@type\":\"ImageObject\",\"inLanguage\":\"es\",\"@id\":\"https:\/\/aivlisoft.net\/shop\/producto\/aruba-ion-ap32-rw-wifi6e-ap-1x2-5gbe-interior\/#primaryimage\",\"url\":\"https:\/\/aivlisoft.net\/shop\/wp-content\/uploads\/2025\/01\/NSWPAC0574_800.jpg\",\"contentUrl\":\"https:\/\/aivlisoft.net\/shop\/wp-content\/uploads\/2025\/01\/NSWPAC0574_800.jpg\",\"width\":800,\"height\":800},{\"@type\":\"BreadcrumbList\",\"@id\":\"https:\/\/aivlisoft.net\/shop\/producto\/aruba-ion-ap32-rw-wifi6e-ap-1x2-5gbe-interior\/#breadcrumb\",\"itemListElement\":[{\"@type\":\"ListItem\",\"position\":1,\"name\":\"Portada\",\"item\":\"https:\/\/aivlisoft.net\/shop\/\"},{\"@type\":\"ListItem\",\"position\":2,\"name\":\"Tienda\",\"item\":\"https:\/\/aivlisoft.net\/shop\/tienda\/\"},{\"@type\":\"ListItem\",\"position\":3,\"name\":\"Aruba IOn AP32 (RW) WiFi6E AP 1&#215;2.5GbE Interior\"}]},{\"@type\":\"WebSite\",\"@id\":\"https:\/\/aivlisoft.net\/shop\/#website\",\"url\":\"https:\/\/aivlisoft.net\/shop\/\",\"name\":\"Aivlisoft Inform\u00e1tica\",\"description\":\"En Aivlisoft Inform\u00e1tica ofrecemos soluciones tecnol\u00f3gicas para empresas: venta de ordenadores, consumibles, perif\u00e9ricos y m\u00e1s. Calidad, atenci\u00f3n personalizada y los mejores precios para tu negocio.\",\"publisher\":{\"@id\":\"https:\/\/aivlisoft.net\/shop\/#organization\"},\"potentialAction\":[{\"@type\":\"SearchAction\",\"target\":{\"@type\":\"EntryPoint\",\"urlTemplate\":\"https:\/\/aivlisoft.net\/shop\/?s={search_term_string}\"},\"query-input\":{\"@type\":\"PropertyValueSpecification\",\"valueRequired\":true,\"valueName\":\"search_term_string\"}}],\"inLanguage\":\"es\"},{\"@type\":\"Organization\",\"@id\":\"https:\/\/aivlisoft.net\/shop\/#organization\",\"name\":\"Aivlisoft Inform\u00e1tica\",\"url\":\"https:\/\/aivlisoft.net\/shop\/\",\"logo\":{\"@type\":\"ImageObject\",\"inLanguage\":\"es\",\"@id\":\"https:\/\/aivlisoft.net\/shop\/#\/schema\/logo\/image\/\",\"url\":\"https:\/\/aivlisoft.net\/shop\/wp-content\/uploads\/2024\/12\/removal.ai_5b848c54-0cdf-4140-95c5-c5536bb7573b-logodef.png\",\"contentUrl\":\"https:\/\/aivlisoft.net\/shop\/wp-content\/uploads\/2024\/12\/removal.ai_5b848c54-0cdf-4140-95c5-c5536bb7573b-logodef.png\",\"width\":484,\"height\":182,\"caption\":\"Aivlisoft Inform\u00e1tica\"},\"image\":{\"@id\":\"https:\/\/aivlisoft.net\/shop\/#\/schema\/logo\/image\/\"}}]}<\/script>\n<!-- \/ Yoast SEO plugin. -->","yoast_head_json":{"title":"Aruba IOn AP32 (RW) WiFi6E AP 1x2.5GbE Interior - Aivlisoft Inform\u00e1tica","robots":{"index":"index","follow":"follow","max-snippet":"max-snippet:-1","max-image-preview":"max-image-preview:large","max-video-preview":"max-video-preview:-1"},"canonical":"https:\/\/aivlisoft.net\/shop\/producto\/aruba-ion-ap32-rw-wifi6e-ap-1x2-5gbe-interior\/","og_locale":"es_ES","og_type":"article","og_title":"Aruba IOn AP32 (RW) WiFi6E AP 1x2.5GbE Interior - Aivlisoft Inform\u00e1tica","og_description":"Marca Aruba Modelo S1T23A Caracter&iacute;sticas &#8211; Wi-Fi CERTIFIED 6E &#8211; Puerto Ethernet de enlace ascendente de 2,5 Gigabit &#8211; Compatibilidad con versiones anteriores &#8211; Capacidad aumentada &#8211; Smart Mesh &#8211; ClientMatch &#8211; Implantaci&oacute;n ideal: Alta densidad de dispositivos, oficinas, restaurantes, instalaciones multiuso&nbsp;&nbsp; &nbsp; &#8211; N&uacute;mero m&aacute;ximo recomendado de dispositivos activos por punto de acceso: 75&nbsp;&nbsp;&hellip;&nbsp;Aruba IOn AP32 (RW) WiFi6E AP 1&#215;2.5GbE Interior","og_url":"https:\/\/aivlisoft.net\/shop\/producto\/aruba-ion-ap32-rw-wifi6e-ap-1x2-5gbe-interior\/","og_site_name":"Aivlisoft Inform\u00e1tica","article_modified_time":"2025-01-14T11:48:47+00:00","og_image":[{"width":800,"height":800,"url":"https:\/\/aivlisoft.net\/shop\/wp-content\/uploads\/2025\/01\/NSWPAC0574_800.jpg","type":"image\/jpeg"}],"twitter_card":"summary_large_image","twitter_misc":{"Tiempo de lectura":"1 minuto"},"schema":{"@context":"https:\/\/schema.org","@graph":[{"@type":"WebPage","@id":"https:\/\/aivlisoft.net\/shop\/producto\/aruba-ion-ap32-rw-wifi6e-ap-1x2-5gbe-interior\/","url":"https:\/\/aivlisoft.net\/shop\/producto\/aruba-ion-ap32-rw-wifi6e-ap-1x2-5gbe-interior\/","name":"Aruba IOn AP32 (RW) WiFi6E AP 1x2.5GbE Interior - Aivlisoft Inform\u00e1tica","isPartOf":{"@id":"https:\/\/aivlisoft.net\/shop\/#website"},"primaryImageOfPage":{"@id":"https:\/\/aivlisoft.net\/shop\/producto\/aruba-ion-ap32-rw-wifi6e-ap-1x2-5gbe-interior\/#primaryimage"},"image":{"@id":"https:\/\/aivlisoft.net\/shop\/producto\/aruba-ion-ap32-rw-wifi6e-ap-1x2-5gbe-interior\/#primaryimage"},"thumbnailUrl":"https:\/\/aivlisoft.net\/shop\/wp-content\/uploads\/2025\/01\/NSWPAC0574_800.jpg","datePublished":"2025-01-13T15:39:19+00:00","dateModified":"2025-01-14T11:48:47+00:00","breadcrumb":{"@id":"https:\/\/aivlisoft.net\/shop\/producto\/aruba-ion-ap32-rw-wifi6e-ap-1x2-5gbe-interior\/#breadcrumb"},"inLanguage":"es","potentialAction":[{"@type":"ReadAction","target":["https:\/\/aivlisoft.net\/shop\/producto\/aruba-ion-ap32-rw-wifi6e-ap-1x2-5gbe-interior\/"]}]},{"@type":"ImageObject","inLanguage":"es","@id":"https:\/\/aivlisoft.net\/shop\/producto\/aruba-ion-ap32-rw-wifi6e-ap-1x2-5gbe-interior\/#primaryimage","url":"https:\/\/aivlisoft.net\/shop\/wp-content\/uploads\/2025\/01\/NSWPAC0574_800.jpg","contentUrl":"https:\/\/aivlisoft.net\/shop\/wp-content\/uploads\/2025\/01\/NSWPAC0574_800.jpg","width":800,"height":800},{"@type":"BreadcrumbList","@id":"https:\/\/aivlisoft.net\/shop\/producto\/aruba-ion-ap32-rw-wifi6e-ap-1x2-5gbe-interior\/#breadcrumb","itemListElement":[{"@type":"ListItem","position":1,"name":"Portada","item":"https:\/\/aivlisoft.net\/shop\/"},{"@type":"ListItem","position":2,"name":"Tienda","item":"https:\/\/aivlisoft.net\/shop\/tienda\/"},{"@type":"ListItem","position":3,"name":"Aruba IOn AP32 (RW) WiFi6E AP 1&#215;2.5GbE Interior"}]},{"@type":"WebSite","@id":"https:\/\/aivlisoft.net\/shop\/#website","url":"https:\/\/aivlisoft.net\/shop\/","name":"Aivlisoft Inform\u00e1tica","description":"En Aivlisoft Inform\u00e1tica ofrecemos soluciones tecnol\u00f3gicas para empresas: venta de ordenadores, consumibles, perif\u00e9ricos y m\u00e1s. Calidad, atenci\u00f3n personalizada y los mejores precios para tu negocio.","publisher":{"@id":"https:\/\/aivlisoft.net\/shop\/#organization"},"potentialAction":[{"@type":"SearchAction","target":{"@type":"EntryPoint","urlTemplate":"https:\/\/aivlisoft.net\/shop\/?s={search_term_string}"},"query-input":{"@type":"PropertyValueSpecification","valueRequired":true,"valueName":"search_term_string"}}],"inLanguage":"es"},{"@type":"Organization","@id":"https:\/\/aivlisoft.net\/shop\/#organization","name":"Aivlisoft Inform\u00e1tica","url":"https:\/\/aivlisoft.net\/shop\/","logo":{"@type":"ImageObject","inLanguage":"es","@id":"https:\/\/aivlisoft.net\/shop\/#\/schema\/logo\/image\/","url":"https:\/\/aivlisoft.net\/shop\/wp-content\/uploads\/2024\/12\/removal.ai_5b848c54-0cdf-4140-95c5-c5536bb7573b-logodef.png","contentUrl":"https:\/\/aivlisoft.net\/shop\/wp-content\/uploads\/2024\/12\/removal.ai_5b848c54-0cdf-4140-95c5-c5536bb7573b-logodef.png","width":484,"height":182,"caption":"Aivlisoft Inform\u00e1tica"},"image":{"@id":"https:\/\/aivlisoft.net\/shop\/#\/schema\/logo\/image\/"}}]}},"_links":{"self":[{"href":"https:\/\/aivlisoft.net\/shop\/wp-json\/wp\/v2\/product\/20094","targetHints":{"allow":["GET"]}}],"collection":[{"href":"https:\/\/aivlisoft.net\/shop\/wp-json\/wp\/v2\/product"}],"about":[{"href":"https:\/\/aivlisoft.net\/shop\/wp-json\/wp\/v2\/types\/product"}],"wp:featuredmedia":[{"embeddable":true,"href":"https:\/\/aivlisoft.net\/shop\/wp-json\/wp\/v2\/media\/20095"}],"wp:attachment":[{"href":"https:\/\/aivlisoft.net\/shop\/wp-json\/wp\/v2\/media?parent=20094"}],"wp:term":[{"taxonomy":"product_brand","embeddable":true,"href":"https:\/\/aivlisoft.net\/shop\/wp-json\/wp\/v2\/product_brand?post=20094"},{"taxonomy":"product_cat","embeddable":true,"href":"https:\/\/aivlisoft.net\/shop\/wp-json\/wp\/v2\/product_cat?post=20094"},{"taxonomy":"product_tag","embeddable":true,"href":"https:\/\/aivlisoft.net\/shop\/wp-json\/wp\/v2\/product_tag?post=20094"}],"curies":[{"name":"wp","href":"https:\/\/api.w.org\/{rel}","templated":true}]}}