{"id":20061,"date":"2025-01-13T15:38:58","date_gmt":"2025-01-13T15:38:58","guid":{"rendered":"https:\/\/aivlisoft.com\/?post_type=product&#038;p=20061"},"modified":"2025-01-14T11:48:36","modified_gmt":"2025-01-14T11:48:36","slug":"reyee-ap-ax1800-wifi6-dual-techo-indoor-2x2-mimo","status":"publish","type":"product","link":"https:\/\/aivlisoft.net\/shop\/producto\/reyee-ap-ax1800-wifi6-dual-techo-indoor-2x2-mimo\/","title":{"rendered":"Reyee AP AX1800 WiFi6 Dual Techo Indoor 2&#215;2 MIMO"},"content":{"rendered":"<p><\/p>\n<table class=\"tabla_caracteristicas\" width=\"100%\">\n<tr>\n<td valign=\"top\"><strong>Marca<\/strong><\/td>\n<td>Ruijie<\/td>\n<\/tr>\n<tr>\n<td valign=\"top\"><strong>Modelo<\/strong><\/td>\n<td><strong>RG-RAP2260(G)<\/strong><\/td>\n<\/tr>\n<tr>\n<td valign=\"top\"><strong>Caracter&iacute;sticas<\/strong><\/td>\n<td>&#8211; Protocolo inal&aacute;mbrico: 802.11ax (Wi-Fi 6), 1775Mbps<br \/>\t\t\t&#8211; Puerto de red: <strong>2 x 10\/100\/1000 Base-T<br \/>\t\t\t&#8211; <\/strong>Antena: Omnidireccional incorporado<br \/>\t\t\t&#8211; Clasificaci&oacute;n IP (protecci&oacute;n de ingreso): IP65<br \/>\t\t\t&#8211; MIMO:<br \/>\t\t\t&nbsp; 2 x 2 a 2,4 GHz<br \/>\t\t\t&nbsp; 2 x 2 a 5 GHz<br \/>\t\t\t&#8211; Clientes m&aacute;ximos\/recomendados: 512 \/ 100<br \/>\t\t\t&#8211; Fuente de alimentaci&oacute;n:&nbsp; 802.3at PoE, 12V\/1.5A DC Adaptor<br \/>\t\t\t* El adaptador de corriente se vende como accesorio opcional<br \/>\t\t\t&#8211; Certificaciones: CE, ROHS<br \/>\t\t\t&#8211; Temperatura de funcionamiento: 0&deg;C~40&deg;C<br \/>\t\t\t&#8211; El consumo de energ&iacute;a: &lt;15.3W<br \/>\t\t\t<strong>Dimensiones y peso<\/strong><br \/>\t\t\t&#8211; 194 &times; 194 &times; 35 mm<br \/>\t\t\t&#8211; 0,56 kg<\/td>\n<\/tr>\n<tr>\n<td valign=\"top\"><strong>Fecha de revisi&oacute;n<\/strong><\/td>\n<td>16-04-2024 por RTY<\/td>\n<\/tr>\n<\/table>\n","protected":false},"excerpt":{"rendered":"<p>Marca Ruijie Modelo RG-RAP2260(G) Caracter&iacute;sticas &#8211; Protocolo inal&aacute;mbrico: 802.11ax (Wi-Fi 6), 1775Mbps &#8211; Puerto de red: 2 x 10\/100\/1000 Base-T &#8211; Antena: Omnidireccional incorporado &#8211; Clasificaci&oacute;n IP (protecci&oacute;n de ingreso): IP65 &#8211; MIMO: &nbsp; 2 x 2 a 2,4 GHz &nbsp; 2 x 2 a 5 GHz &#8211; Clientes m&aacute;ximos\/recomendados: 512 \/ 100 &#8211; Fuente&hellip;&nbsp;<a href=\"https:\/\/aivlisoft.net\/shop\/producto\/reyee-ap-ax1800-wifi6-dual-techo-indoor-2x2-mimo\/\" rel=\"bookmark\"><span class=\"screen-reader-text\">Reyee AP AX1800 WiFi6 Dual Techo Indoor 2&#215;2 MIMO<\/span><\/a><\/p>\n","protected":false},"featured_media":0,"template":"","meta":{"neve_meta_sidebar":"","neve_meta_container":"","neve_meta_enable_content_width":"","neve_meta_content_width":0,"neve_meta_title_alignment":"","neve_meta_author_avatar":"","neve_post_elements_order":"","neve_meta_disable_header":"","neve_meta_disable_footer":"","neve_meta_disable_title":""},"product_brand":[],"product_cat":[8770],"product_tag":[7186],"class_list":{"0":"post-20061","1":"product","2":"type-product","3":"status-publish","5":"product_cat-puntos-de-acceso","6":"product_tag-rg-rap2260g","8":"first","9":"instock","10":"taxable","11":"shipping-taxable","12":"purchasable","13":"product-type-simple"},"yoast_head":"<!-- This site is optimized with the Yoast SEO plugin v26.0 - https:\/\/yoast.com\/wordpress\/plugins\/seo\/ -->\n<title>Reyee AP AX1800 WiFi6 Dual Techo Indoor 2x2 MIMO - Aivlisoft Inform\u00e1tica<\/title>\n<meta name=\"robots\" content=\"index, follow, max-snippet:-1, max-image-preview:large, max-video-preview:-1\" \/>\n<link rel=\"canonical\" href=\"https:\/\/aivlisoft.net\/shop\/producto\/reyee-ap-ax1800-wifi6-dual-techo-indoor-2x2-mimo\/\" \/>\n<meta property=\"og:locale\" content=\"es_ES\" \/>\n<meta property=\"og:type\" content=\"article\" \/>\n<meta property=\"og:title\" content=\"Reyee AP AX1800 WiFi6 Dual Techo Indoor 2x2 MIMO - Aivlisoft Inform\u00e1tica\" \/>\n<meta property=\"og:description\" content=\"Marca Ruijie Modelo RG-RAP2260(G) Caracter&iacute;sticas &#8211; Protocolo inal&aacute;mbrico: 802.11ax (Wi-Fi 6), 1775Mbps &#8211; Puerto de red: 2 x 10\/100\/1000 Base-T &#8211; Antena: Omnidireccional incorporado &#8211; Clasificaci&oacute;n IP (protecci&oacute;n de ingreso): IP65 &#8211; MIMO: &nbsp; 2 x 2 a 2,4 GHz &nbsp; 2 x 2 a 5 GHz &#8211; Clientes m&aacute;ximos\/recomendados: 512 \/ 100 &#8211; Fuente&hellip;&nbsp;Reyee AP AX1800 WiFi6 Dual Techo Indoor 2&#215;2 MIMO\" \/>\n<meta property=\"og:url\" content=\"https:\/\/aivlisoft.net\/shop\/producto\/reyee-ap-ax1800-wifi6-dual-techo-indoor-2x2-mimo\/\" \/>\n<meta property=\"og:site_name\" content=\"Aivlisoft Inform\u00e1tica\" \/>\n<meta property=\"article:modified_time\" content=\"2025-01-14T11:48:36+00:00\" \/>\n<meta name=\"twitter:card\" content=\"summary_large_image\" \/>\n<meta name=\"twitter:label1\" content=\"Tiempo de lectura\" \/>\n\t<meta name=\"twitter:data1\" content=\"1 minuto\" \/>\n<script type=\"application\/ld+json\" class=\"yoast-schema-graph\">{\"@context\":\"https:\/\/schema.org\",\"@graph\":[{\"@type\":\"WebPage\",\"@id\":\"https:\/\/aivlisoft.net\/shop\/producto\/reyee-ap-ax1800-wifi6-dual-techo-indoor-2x2-mimo\/\",\"url\":\"https:\/\/aivlisoft.net\/shop\/producto\/reyee-ap-ax1800-wifi6-dual-techo-indoor-2x2-mimo\/\",\"name\":\"Reyee AP AX1800 WiFi6 Dual Techo Indoor 2x2 MIMO - Aivlisoft Inform\u00e1tica\",\"isPartOf\":{\"@id\":\"https:\/\/aivlisoft.net\/shop\/#website\"},\"datePublished\":\"2025-01-13T15:38:58+00:00\",\"dateModified\":\"2025-01-14T11:48:36+00:00\",\"breadcrumb\":{\"@id\":\"https:\/\/aivlisoft.net\/shop\/producto\/reyee-ap-ax1800-wifi6-dual-techo-indoor-2x2-mimo\/#breadcrumb\"},\"inLanguage\":\"es\",\"potentialAction\":[{\"@type\":\"ReadAction\",\"target\":[\"https:\/\/aivlisoft.net\/shop\/producto\/reyee-ap-ax1800-wifi6-dual-techo-indoor-2x2-mimo\/\"]}]},{\"@type\":\"BreadcrumbList\",\"@id\":\"https:\/\/aivlisoft.net\/shop\/producto\/reyee-ap-ax1800-wifi6-dual-techo-indoor-2x2-mimo\/#breadcrumb\",\"itemListElement\":[{\"@type\":\"ListItem\",\"position\":1,\"name\":\"Portada\",\"item\":\"https:\/\/aivlisoft.net\/shop\/\"},{\"@type\":\"ListItem\",\"position\":2,\"name\":\"Tienda\",\"item\":\"https:\/\/aivlisoft.net\/shop\/tienda\/\"},{\"@type\":\"ListItem\",\"position\":3,\"name\":\"Reyee AP AX1800 WiFi6 Dual Techo Indoor 2&#215;2 MIMO\"}]},{\"@type\":\"WebSite\",\"@id\":\"https:\/\/aivlisoft.net\/shop\/#website\",\"url\":\"https:\/\/aivlisoft.net\/shop\/\",\"name\":\"Aivlisoft Inform\u00e1tica\",\"description\":\"En Aivlisoft Inform\u00e1tica ofrecemos soluciones tecnol\u00f3gicas para empresas: venta de ordenadores, consumibles, perif\u00e9ricos y m\u00e1s. Calidad, atenci\u00f3n personalizada y los mejores precios para tu negocio.\",\"publisher\":{\"@id\":\"https:\/\/aivlisoft.net\/shop\/#organization\"},\"potentialAction\":[{\"@type\":\"SearchAction\",\"target\":{\"@type\":\"EntryPoint\",\"urlTemplate\":\"https:\/\/aivlisoft.net\/shop\/?s={search_term_string}\"},\"query-input\":{\"@type\":\"PropertyValueSpecification\",\"valueRequired\":true,\"valueName\":\"search_term_string\"}}],\"inLanguage\":\"es\"},{\"@type\":\"Organization\",\"@id\":\"https:\/\/aivlisoft.net\/shop\/#organization\",\"name\":\"Aivlisoft Inform\u00e1tica\",\"url\":\"https:\/\/aivlisoft.net\/shop\/\",\"logo\":{\"@type\":\"ImageObject\",\"inLanguage\":\"es\",\"@id\":\"https:\/\/aivlisoft.net\/shop\/#\/schema\/logo\/image\/\",\"url\":\"https:\/\/aivlisoft.net\/shop\/wp-content\/uploads\/2024\/12\/removal.ai_5b848c54-0cdf-4140-95c5-c5536bb7573b-logodef.png\",\"contentUrl\":\"https:\/\/aivlisoft.net\/shop\/wp-content\/uploads\/2024\/12\/removal.ai_5b848c54-0cdf-4140-95c5-c5536bb7573b-logodef.png\",\"width\":484,\"height\":182,\"caption\":\"Aivlisoft Inform\u00e1tica\"},\"image\":{\"@id\":\"https:\/\/aivlisoft.net\/shop\/#\/schema\/logo\/image\/\"}}]}<\/script>\n<!-- \/ Yoast SEO plugin. -->","yoast_head_json":{"title":"Reyee AP AX1800 WiFi6 Dual Techo Indoor 2x2 MIMO - Aivlisoft Inform\u00e1tica","robots":{"index":"index","follow":"follow","max-snippet":"max-snippet:-1","max-image-preview":"max-image-preview:large","max-video-preview":"max-video-preview:-1"},"canonical":"https:\/\/aivlisoft.net\/shop\/producto\/reyee-ap-ax1800-wifi6-dual-techo-indoor-2x2-mimo\/","og_locale":"es_ES","og_type":"article","og_title":"Reyee AP AX1800 WiFi6 Dual Techo Indoor 2x2 MIMO - Aivlisoft Inform\u00e1tica","og_description":"Marca Ruijie Modelo RG-RAP2260(G) Caracter&iacute;sticas &#8211; Protocolo inal&aacute;mbrico: 802.11ax (Wi-Fi 6), 1775Mbps &#8211; Puerto de red: 2 x 10\/100\/1000 Base-T &#8211; Antena: Omnidireccional incorporado &#8211; Clasificaci&oacute;n IP (protecci&oacute;n de ingreso): IP65 &#8211; MIMO: &nbsp; 2 x 2 a 2,4 GHz &nbsp; 2 x 2 a 5 GHz &#8211; Clientes m&aacute;ximos\/recomendados: 512 \/ 100 &#8211; Fuente&hellip;&nbsp;Reyee AP AX1800 WiFi6 Dual Techo Indoor 2&#215;2 MIMO","og_url":"https:\/\/aivlisoft.net\/shop\/producto\/reyee-ap-ax1800-wifi6-dual-techo-indoor-2x2-mimo\/","og_site_name":"Aivlisoft Inform\u00e1tica","article_modified_time":"2025-01-14T11:48:36+00:00","twitter_card":"summary_large_image","twitter_misc":{"Tiempo de lectura":"1 minuto"},"schema":{"@context":"https:\/\/schema.org","@graph":[{"@type":"WebPage","@id":"https:\/\/aivlisoft.net\/shop\/producto\/reyee-ap-ax1800-wifi6-dual-techo-indoor-2x2-mimo\/","url":"https:\/\/aivlisoft.net\/shop\/producto\/reyee-ap-ax1800-wifi6-dual-techo-indoor-2x2-mimo\/","name":"Reyee AP AX1800 WiFi6 Dual Techo Indoor 2x2 MIMO - Aivlisoft Inform\u00e1tica","isPartOf":{"@id":"https:\/\/aivlisoft.net\/shop\/#website"},"datePublished":"2025-01-13T15:38:58+00:00","dateModified":"2025-01-14T11:48:36+00:00","breadcrumb":{"@id":"https:\/\/aivlisoft.net\/shop\/producto\/reyee-ap-ax1800-wifi6-dual-techo-indoor-2x2-mimo\/#breadcrumb"},"inLanguage":"es","potentialAction":[{"@type":"ReadAction","target":["https:\/\/aivlisoft.net\/shop\/producto\/reyee-ap-ax1800-wifi6-dual-techo-indoor-2x2-mimo\/"]}]},{"@type":"BreadcrumbList","@id":"https:\/\/aivlisoft.net\/shop\/producto\/reyee-ap-ax1800-wifi6-dual-techo-indoor-2x2-mimo\/#breadcrumb","itemListElement":[{"@type":"ListItem","position":1,"name":"Portada","item":"https:\/\/aivlisoft.net\/shop\/"},{"@type":"ListItem","position":2,"name":"Tienda","item":"https:\/\/aivlisoft.net\/shop\/tienda\/"},{"@type":"ListItem","position":3,"name":"Reyee AP AX1800 WiFi6 Dual Techo Indoor 2&#215;2 MIMO"}]},{"@type":"WebSite","@id":"https:\/\/aivlisoft.net\/shop\/#website","url":"https:\/\/aivlisoft.net\/shop\/","name":"Aivlisoft Inform\u00e1tica","description":"En Aivlisoft Inform\u00e1tica ofrecemos soluciones tecnol\u00f3gicas para empresas: venta de ordenadores, consumibles, perif\u00e9ricos y m\u00e1s. Calidad, atenci\u00f3n personalizada y los mejores precios para tu negocio.","publisher":{"@id":"https:\/\/aivlisoft.net\/shop\/#organization"},"potentialAction":[{"@type":"SearchAction","target":{"@type":"EntryPoint","urlTemplate":"https:\/\/aivlisoft.net\/shop\/?s={search_term_string}"},"query-input":{"@type":"PropertyValueSpecification","valueRequired":true,"valueName":"search_term_string"}}],"inLanguage":"es"},{"@type":"Organization","@id":"https:\/\/aivlisoft.net\/shop\/#organization","name":"Aivlisoft Inform\u00e1tica","url":"https:\/\/aivlisoft.net\/shop\/","logo":{"@type":"ImageObject","inLanguage":"es","@id":"https:\/\/aivlisoft.net\/shop\/#\/schema\/logo\/image\/","url":"https:\/\/aivlisoft.net\/shop\/wp-content\/uploads\/2024\/12\/removal.ai_5b848c54-0cdf-4140-95c5-c5536bb7573b-logodef.png","contentUrl":"https:\/\/aivlisoft.net\/shop\/wp-content\/uploads\/2024\/12\/removal.ai_5b848c54-0cdf-4140-95c5-c5536bb7573b-logodef.png","width":484,"height":182,"caption":"Aivlisoft Inform\u00e1tica"},"image":{"@id":"https:\/\/aivlisoft.net\/shop\/#\/schema\/logo\/image\/"}}]}},"_links":{"self":[{"href":"https:\/\/aivlisoft.net\/shop\/wp-json\/wp\/v2\/product\/20061","targetHints":{"allow":["GET"]}}],"collection":[{"href":"https:\/\/aivlisoft.net\/shop\/wp-json\/wp\/v2\/product"}],"about":[{"href":"https:\/\/aivlisoft.net\/shop\/wp-json\/wp\/v2\/types\/product"}],"wp:attachment":[{"href":"https:\/\/aivlisoft.net\/shop\/wp-json\/wp\/v2\/media?parent=20061"}],"wp:term":[{"taxonomy":"product_brand","embeddable":true,"href":"https:\/\/aivlisoft.net\/shop\/wp-json\/wp\/v2\/product_brand?post=20061"},{"taxonomy":"product_cat","embeddable":true,"href":"https:\/\/aivlisoft.net\/shop\/wp-json\/wp\/v2\/product_cat?post=20061"},{"taxonomy":"product_tag","embeddable":true,"href":"https:\/\/aivlisoft.net\/shop\/wp-json\/wp\/v2\/product_tag?post=20061"}],"curies":[{"name":"wp","href":"https:\/\/api.w.org\/{rel}","templated":true}]}}