{"id":20050,"date":"2025-01-13T15:38:52","date_gmt":"2025-01-13T15:38:52","guid":{"rendered":"https:\/\/aivlisoft.com\/?post_type=product&#038;p=20050"},"modified":"2025-01-14T11:48:34","modified_gmt":"2025-01-14T11:48:34","slug":"tp-link-eap773-ap-wifi7-be11000-techo-1x10gbe","status":"publish","type":"product","link":"https:\/\/aivlisoft.net\/shop\/producto\/tp-link-eap773-ap-wifi7-be11000-techo-1x10gbe\/","title":{"rendered":"TP-Link EAP773 AP WiFi7 BE11000 Techo 1x10GbE"},"content":{"rendered":"<p><\/p>\n<table class=\"tabla_caracteristicas\" width=\"100%\">\n<tr>\n<td valign=\"top\"><strong>Marca<\/strong><\/td>\n<td>TP-Link<\/td>\n<\/tr>\n<tr>\n<td valign=\"top\"><strong>Modelo<\/strong><\/td>\n<td><strong>EAP773<\/strong><\/td>\n<\/tr>\n<tr>\n<td valign=\"top\"><strong>Interfaz<\/strong><\/td>\n<td>&#8211; 1 &times; puerto Ethernet 10G<\/td>\n<\/tr>\n<tr>\n<td valign=\"top\"><strong>Caracter&iacute;sticas inal&aacute;mbricas<\/strong><br \/>\t\t\t&nbsp;<\/td>\n<td>&#8211; Cobertura: 140m2<br \/>\t\t\t&#8211; Capacidad de cliente inal&aacute;mbrico&nbsp;&nbsp; &nbsp;<br \/>\t\t\t&nbsp; 2 GHz: 128<br \/>\t\t\t&nbsp; 5 GHz: 128<br \/>\t\t\t&nbsp; 6 GHz: 128<br \/>\t\t\t&#8211; Clientes concurrentes: 380<br \/>\t\t\t&#8211; Est&aacute;ndares Inal&aacute;mbricos: IEEE 802.11 a\/b\/g\/n\/ac\/ax\/be<br \/>\t\t\t&#8211; Frecuencia: 6 GHz, 5 GHz, y 2.4 GHz<br \/>\t\t\t&#8211; Tasa de Se&ntilde;al: 574 Mbps (2.4 GHz) + 4320 Mbps (5 GHz) + 5760 Mbps (6 GHz)<br \/>\t\t\t&#8211; Funciones Inal&aacute;mbricas:<br \/>\t\t\t&nbsp; MLO<br \/>\t\t\t&nbsp; 4K-QAM<br \/>\t\t\t&nbsp; MU-MIMO<br \/>\t\t\t&nbsp; HE320<br \/>\t\t\t&nbsp; Mesh<br \/>\t\t\t&nbsp; BSS Coloring<br \/>\t\t\t&nbsp; OFDMA<br \/>\t\t\t&nbsp; Load Balance<br \/>\t\t\t&nbsp; Band Steering<br \/>\t\t\t&nbsp; Beamforming<br \/>\t\t\t&nbsp; Airtime Fairness<br \/>\t\t\t&nbsp; Multiple SSIDS:24(8 on each band)<br \/>\t\t\t&nbsp; Wireless Schedule<br \/>\t\t\t&nbsp; Reboot Schedule<br \/>\t\t\t&nbsp; QoS(WMM)<br \/>\t\t\t&nbsp; Rate Limit<br \/>\t\t\t&nbsp; Static IP\/Dynamic IP<br \/>\t\t\t&nbsp; RADIUS Accounting<br \/>\t\t\t&nbsp; MAC Authentication<br \/>\t\t\t&#8211; Seguridad Inal&aacute;mbrica:<br \/>\t\t\t&nbsp; Autenticaci&oacute;n de portal cautivo<br \/>\t\t\t&nbsp; Control de acceso<br \/>\t\t\t&nbsp; N&uacute;mero m&aacute;ximo de filtros MAC: 4000<br \/>\t\t\t&nbsp; Aislamiento inal&aacute;mbrico entre clientes<br \/>\t\t\t&nbsp; VLAN<br \/>\t\t\t&nbsp; Detecci&oacute;n de AP no autorizados<br \/>\t\t\t&nbsp; WPA-Personal\/Empresarial, WPA2-Personal\/Empresarial, WPA3-Personal\/Empresarial<br \/>\t\t\t&#8211; Potencia de Transmisi&oacute;n:&nbsp;<br \/>\t\t\t&nbsp; &lt; 25 dBm (2.4 GHz)<br \/>\t\t\t&nbsp; &lt; 25 dBm (5 GHz)<br \/>\t\t\t&nbsp; &lt; 23 dBm (6 GHz)<\/td>\n<\/tr>\n<tr>\n<td valign=\"top\"><strong>Caracter&iacute;sticas<\/strong><\/td>\n<td>&#8211; Botones: Reset<br \/>\t\t\t&#8211; Fuente de Alimentaci&oacute;n: 802.3bt PoE or 12V\/2.5A DC<br \/>\t\t\t&#8211; Consumo de Potencia (Admite la gesti&oacute;n inteligente del consumo de energ&iacute;a)<br \/>\t\t\t&nbsp; 25,94 W (802.3bt, funcionalidad completa)<br \/>\t\t\t&nbsp; 22,57 W (12\/2,5 A, funcionalidad completa)<br \/>\t\t\t&nbsp; 23,4 W (802,3 con potencia inferior a 6 GHz)<br \/>\t\t\t&nbsp; 10,1 W (802.3af, radio apagada, solo funcionan el chip principal y la LAN)<br \/>\t\t\t&#8211; Tipo de Antena: &nbsp;&nbsp; &nbsp;<br \/>\t\t\t&nbsp; 2.4 GHz: 2&times; 3.0 dBi<br \/>\t\t\t&nbsp; 5 GHz: 2&times; 3.0 dBi<br \/>\t\t\t&nbsp; 6 GHz: 2&times; 3.0 dBi<br \/>\t\t\t&#8211; Bluetooth: 1 &times; 4.0 dBi, Bluetooth 5.2<br \/>\t\t\t* Es posible que se requiera una actualizaci&oacute;n de firmware.<br \/>\t\t\t&#8211; Montaje: Montaje en Techo \/ Pared (Kits Incluidos)<br \/>\t\t\t&#8211; Omada App&nbsp;<br \/>\t\t\t&#8211; Gesti&oacute;n Centralizada &nbsp;&nbsp; &nbsp;<br \/>\t\t\t&nbsp; Omada Cloud-Based Controller<br \/>\t\t\t&nbsp; Omada Hardware Controller (OC300)<br \/>\t\t\t&nbsp; Omada Hardware Controller (OC200)<br \/>\t\t\t&nbsp; Omada Software Controller<br \/>\t\t\t&#8211; Acceso a la nube: Require the use of an OC300, OC200, Omada Software Controller, or an Omada Cloud-Based Controller.<br \/>\t\t\t&#8211; Alertas por Correo Electr&oacute;nico<br \/>\t\t\t&#8211; LED de control ON \/ OFF&nbsp;<br \/>\t\t\t&#8211; Control de Gesti&oacute;n de Acceso MAC&nbsp;<br \/>\t\t\t&#8211; SNMP: v1, v2c, v3<br \/>\t\t\t&#8211; Acceso al Registro de Sistema Local\/ Registro del Sistema Remoto<br \/>\t\t\t&#8211; Gesti&oacute;n basada en Web<br \/>\t\t\t&#8211; Certificaciones: CE, FCC, RoHS, IC<br \/>\t\t\t&#8211; Temperatura de funcionamiento: 0 &deg;C&ndash;40 &deg;C (32 &deg;F&ndash;104 &deg;F)<br \/>\t\t\t&#8211; Temperatura de almacenamiento: -40 &deg;C&ndash;70 &deg;C (-40 &deg;F&ndash;158 &deg;F)<br \/>\t\t\t&#8211; Humedad de funcionamiento: 10%&ndash;90% sin condensaci&oacute;n<br \/>\t\t\t&#8211; Humedad de almacenamiento: 5%&ndash;90% sin condensaci&oacute;n<br \/>\t\t\t<strong>Dimensiones<\/strong><br \/>\t\t\t&#8211; 220 &times; 220 &times; 32.5 mm<br \/>\t\t\t<strong>Contenido<\/strong><br \/>\t\t\t&#8211; EAP773<br \/>\t\t\t&#8211; Installation Guide<br \/>\t\t\t&#8211; Ceiling\/Wall Mounting Kits<br \/>\t\t\t* El adaptador de corriente NO est&aacute; incluido.<\/td>\n<\/tr>\n<tr>\n<td valign=\"top\"><strong>Fecha de revisi&oacute;n<\/strong><\/td>\n<td>19-08-2024 por RTY<\/td>\n<\/tr>\n<\/table>\n","protected":false},"excerpt":{"rendered":"<p>Marca TP-Link Modelo EAP773 Interfaz &#8211; 1 &times; puerto Ethernet 10G Caracter&iacute;sticas inal&aacute;mbricas &nbsp; &#8211; Cobertura: 140m2 &#8211; Capacidad de cliente inal&aacute;mbrico&nbsp;&nbsp; &nbsp; &nbsp; 2 GHz: 128 &nbsp; 5 GHz: 128 &nbsp; 6 GHz: 128 &#8211; Clientes concurrentes: 380 &#8211; Est&aacute;ndares Inal&aacute;mbricos: IEEE 802.11 a\/b\/g\/n\/ac\/ax\/be &#8211; Frecuencia: 6 GHz, 5 GHz, y 2.4 GHz &#8211;&hellip;&nbsp;<a href=\"https:\/\/aivlisoft.net\/shop\/producto\/tp-link-eap773-ap-wifi7-be11000-techo-1x10gbe\/\" rel=\"bookmark\"><span class=\"screen-reader-text\">TP-Link EAP773 AP WiFi7 BE11000 Techo 1x10GbE<\/span><\/a><\/p>\n","protected":false},"featured_media":20051,"template":"","meta":{"neve_meta_sidebar":"","neve_meta_container":"","neve_meta_enable_content_width":"","neve_meta_content_width":0,"neve_meta_title_alignment":"","neve_meta_author_avatar":"","neve_post_elements_order":"","neve_meta_disable_header":"","neve_meta_disable_footer":"","neve_meta_disable_title":""},"product_brand":[],"product_cat":[8770],"product_tag":[7183],"class_list":{"0":"post-20050","1":"product","2":"type-product","3":"status-publish","4":"has-post-thumbnail","6":"product_cat-puntos-de-acceso","7":"product_tag-eap773","9":"first","10":"instock","11":"taxable","12":"shipping-taxable","13":"purchasable","14":"product-type-simple"},"yoast_head":"<!-- This site is optimized with the Yoast SEO plugin v26.0 - https:\/\/yoast.com\/wordpress\/plugins\/seo\/ -->\n<title>TP-Link EAP773 AP WiFi7 BE11000 Techo 1x10GbE - Aivlisoft Inform\u00e1tica<\/title>\n<meta name=\"robots\" content=\"index, follow, max-snippet:-1, max-image-preview:large, max-video-preview:-1\" \/>\n<link rel=\"canonical\" href=\"https:\/\/aivlisoft.net\/shop\/producto\/tp-link-eap773-ap-wifi7-be11000-techo-1x10gbe\/\" \/>\n<meta property=\"og:locale\" content=\"es_ES\" \/>\n<meta property=\"og:type\" content=\"article\" \/>\n<meta property=\"og:title\" content=\"TP-Link EAP773 AP WiFi7 BE11000 Techo 1x10GbE - Aivlisoft Inform\u00e1tica\" \/>\n<meta property=\"og:description\" content=\"Marca TP-Link Modelo EAP773 Interfaz &#8211; 1 &times; puerto Ethernet 10G Caracter&iacute;sticas inal&aacute;mbricas &nbsp; &#8211; Cobertura: 140m2 &#8211; Capacidad de cliente inal&aacute;mbrico&nbsp;&nbsp; &nbsp; &nbsp; 2 GHz: 128 &nbsp; 5 GHz: 128 &nbsp; 6 GHz: 128 &#8211; Clientes concurrentes: 380 &#8211; Est&aacute;ndares Inal&aacute;mbricos: IEEE 802.11 a\/b\/g\/n\/ac\/ax\/be &#8211; Frecuencia: 6 GHz, 5 GHz, y 2.4 GHz &#8211;&hellip;&nbsp;TP-Link EAP773 AP WiFi7 BE11000 Techo 1x10GbE\" \/>\n<meta property=\"og:url\" content=\"https:\/\/aivlisoft.net\/shop\/producto\/tp-link-eap773-ap-wifi7-be11000-techo-1x10gbe\/\" \/>\n<meta property=\"og:site_name\" content=\"Aivlisoft Inform\u00e1tica\" \/>\n<meta property=\"article:modified_time\" content=\"2025-01-14T11:48:34+00:00\" \/>\n<meta property=\"og:image\" content=\"https:\/\/aivlisoft.net\/shop\/wp-content\/uploads\/2025\/01\/NSWPAC0562_800.jpg\" \/>\n\t<meta property=\"og:image:width\" content=\"800\" \/>\n\t<meta property=\"og:image:height\" content=\"800\" \/>\n\t<meta property=\"og:image:type\" content=\"image\/jpeg\" \/>\n<meta name=\"twitter:card\" content=\"summary_large_image\" \/>\n<meta name=\"twitter:label1\" content=\"Tiempo de lectura\" \/>\n\t<meta name=\"twitter:data1\" content=\"2 minutos\" \/>\n<script type=\"application\/ld+json\" class=\"yoast-schema-graph\">{\"@context\":\"https:\/\/schema.org\",\"@graph\":[{\"@type\":\"WebPage\",\"@id\":\"https:\/\/aivlisoft.net\/shop\/producto\/tp-link-eap773-ap-wifi7-be11000-techo-1x10gbe\/\",\"url\":\"https:\/\/aivlisoft.net\/shop\/producto\/tp-link-eap773-ap-wifi7-be11000-techo-1x10gbe\/\",\"name\":\"TP-Link EAP773 AP WiFi7 BE11000 Techo 1x10GbE - Aivlisoft Inform\u00e1tica\",\"isPartOf\":{\"@id\":\"https:\/\/aivlisoft.net\/shop\/#website\"},\"primaryImageOfPage\":{\"@id\":\"https:\/\/aivlisoft.net\/shop\/producto\/tp-link-eap773-ap-wifi7-be11000-techo-1x10gbe\/#primaryimage\"},\"image\":{\"@id\":\"https:\/\/aivlisoft.net\/shop\/producto\/tp-link-eap773-ap-wifi7-be11000-techo-1x10gbe\/#primaryimage\"},\"thumbnailUrl\":\"https:\/\/aivlisoft.net\/shop\/wp-content\/uploads\/2025\/01\/NSWPAC0562_800.jpg\",\"datePublished\":\"2025-01-13T15:38:52+00:00\",\"dateModified\":\"2025-01-14T11:48:34+00:00\",\"breadcrumb\":{\"@id\":\"https:\/\/aivlisoft.net\/shop\/producto\/tp-link-eap773-ap-wifi7-be11000-techo-1x10gbe\/#breadcrumb\"},\"inLanguage\":\"es\",\"potentialAction\":[{\"@type\":\"ReadAction\",\"target\":[\"https:\/\/aivlisoft.net\/shop\/producto\/tp-link-eap773-ap-wifi7-be11000-techo-1x10gbe\/\"]}]},{\"@type\":\"ImageObject\",\"inLanguage\":\"es\",\"@id\":\"https:\/\/aivlisoft.net\/shop\/producto\/tp-link-eap773-ap-wifi7-be11000-techo-1x10gbe\/#primaryimage\",\"url\":\"https:\/\/aivlisoft.net\/shop\/wp-content\/uploads\/2025\/01\/NSWPAC0562_800.jpg\",\"contentUrl\":\"https:\/\/aivlisoft.net\/shop\/wp-content\/uploads\/2025\/01\/NSWPAC0562_800.jpg\",\"width\":800,\"height\":800},{\"@type\":\"BreadcrumbList\",\"@id\":\"https:\/\/aivlisoft.net\/shop\/producto\/tp-link-eap773-ap-wifi7-be11000-techo-1x10gbe\/#breadcrumb\",\"itemListElement\":[{\"@type\":\"ListItem\",\"position\":1,\"name\":\"Portada\",\"item\":\"https:\/\/aivlisoft.net\/shop\/\"},{\"@type\":\"ListItem\",\"position\":2,\"name\":\"Tienda\",\"item\":\"https:\/\/aivlisoft.net\/shop\/tienda\/\"},{\"@type\":\"ListItem\",\"position\":3,\"name\":\"TP-Link EAP773 AP WiFi7 BE11000 Techo 1x10GbE\"}]},{\"@type\":\"WebSite\",\"@id\":\"https:\/\/aivlisoft.net\/shop\/#website\",\"url\":\"https:\/\/aivlisoft.net\/shop\/\",\"name\":\"Aivlisoft Inform\u00e1tica\",\"description\":\"En Aivlisoft Inform\u00e1tica ofrecemos soluciones tecnol\u00f3gicas para empresas: venta de ordenadores, consumibles, perif\u00e9ricos y m\u00e1s. Calidad, atenci\u00f3n personalizada y los mejores precios para tu negocio.\",\"publisher\":{\"@id\":\"https:\/\/aivlisoft.net\/shop\/#organization\"},\"potentialAction\":[{\"@type\":\"SearchAction\",\"target\":{\"@type\":\"EntryPoint\",\"urlTemplate\":\"https:\/\/aivlisoft.net\/shop\/?s={search_term_string}\"},\"query-input\":{\"@type\":\"PropertyValueSpecification\",\"valueRequired\":true,\"valueName\":\"search_term_string\"}}],\"inLanguage\":\"es\"},{\"@type\":\"Organization\",\"@id\":\"https:\/\/aivlisoft.net\/shop\/#organization\",\"name\":\"Aivlisoft Inform\u00e1tica\",\"url\":\"https:\/\/aivlisoft.net\/shop\/\",\"logo\":{\"@type\":\"ImageObject\",\"inLanguage\":\"es\",\"@id\":\"https:\/\/aivlisoft.net\/shop\/#\/schema\/logo\/image\/\",\"url\":\"https:\/\/aivlisoft.net\/shop\/wp-content\/uploads\/2024\/12\/removal.ai_5b848c54-0cdf-4140-95c5-c5536bb7573b-logodef.png\",\"contentUrl\":\"https:\/\/aivlisoft.net\/shop\/wp-content\/uploads\/2024\/12\/removal.ai_5b848c54-0cdf-4140-95c5-c5536bb7573b-logodef.png\",\"width\":484,\"height\":182,\"caption\":\"Aivlisoft Inform\u00e1tica\"},\"image\":{\"@id\":\"https:\/\/aivlisoft.net\/shop\/#\/schema\/logo\/image\/\"}}]}<\/script>\n<!-- \/ Yoast SEO plugin. -->","yoast_head_json":{"title":"TP-Link EAP773 AP WiFi7 BE11000 Techo 1x10GbE - Aivlisoft Inform\u00e1tica","robots":{"index":"index","follow":"follow","max-snippet":"max-snippet:-1","max-image-preview":"max-image-preview:large","max-video-preview":"max-video-preview:-1"},"canonical":"https:\/\/aivlisoft.net\/shop\/producto\/tp-link-eap773-ap-wifi7-be11000-techo-1x10gbe\/","og_locale":"es_ES","og_type":"article","og_title":"TP-Link EAP773 AP WiFi7 BE11000 Techo 1x10GbE - Aivlisoft Inform\u00e1tica","og_description":"Marca TP-Link Modelo EAP773 Interfaz &#8211; 1 &times; puerto Ethernet 10G Caracter&iacute;sticas inal&aacute;mbricas &nbsp; &#8211; Cobertura: 140m2 &#8211; Capacidad de cliente inal&aacute;mbrico&nbsp;&nbsp; &nbsp; &nbsp; 2 GHz: 128 &nbsp; 5 GHz: 128 &nbsp; 6 GHz: 128 &#8211; Clientes concurrentes: 380 &#8211; Est&aacute;ndares Inal&aacute;mbricos: IEEE 802.11 a\/b\/g\/n\/ac\/ax\/be &#8211; Frecuencia: 6 GHz, 5 GHz, y 2.4 GHz &#8211;&hellip;&nbsp;TP-Link EAP773 AP WiFi7 BE11000 Techo 1x10GbE","og_url":"https:\/\/aivlisoft.net\/shop\/producto\/tp-link-eap773-ap-wifi7-be11000-techo-1x10gbe\/","og_site_name":"Aivlisoft Inform\u00e1tica","article_modified_time":"2025-01-14T11:48:34+00:00","og_image":[{"width":800,"height":800,"url":"https:\/\/aivlisoft.net\/shop\/wp-content\/uploads\/2025\/01\/NSWPAC0562_800.jpg","type":"image\/jpeg"}],"twitter_card":"summary_large_image","twitter_misc":{"Tiempo de lectura":"2 minutos"},"schema":{"@context":"https:\/\/schema.org","@graph":[{"@type":"WebPage","@id":"https:\/\/aivlisoft.net\/shop\/producto\/tp-link-eap773-ap-wifi7-be11000-techo-1x10gbe\/","url":"https:\/\/aivlisoft.net\/shop\/producto\/tp-link-eap773-ap-wifi7-be11000-techo-1x10gbe\/","name":"TP-Link EAP773 AP WiFi7 BE11000 Techo 1x10GbE - Aivlisoft Inform\u00e1tica","isPartOf":{"@id":"https:\/\/aivlisoft.net\/shop\/#website"},"primaryImageOfPage":{"@id":"https:\/\/aivlisoft.net\/shop\/producto\/tp-link-eap773-ap-wifi7-be11000-techo-1x10gbe\/#primaryimage"},"image":{"@id":"https:\/\/aivlisoft.net\/shop\/producto\/tp-link-eap773-ap-wifi7-be11000-techo-1x10gbe\/#primaryimage"},"thumbnailUrl":"https:\/\/aivlisoft.net\/shop\/wp-content\/uploads\/2025\/01\/NSWPAC0562_800.jpg","datePublished":"2025-01-13T15:38:52+00:00","dateModified":"2025-01-14T11:48:34+00:00","breadcrumb":{"@id":"https:\/\/aivlisoft.net\/shop\/producto\/tp-link-eap773-ap-wifi7-be11000-techo-1x10gbe\/#breadcrumb"},"inLanguage":"es","potentialAction":[{"@type":"ReadAction","target":["https:\/\/aivlisoft.net\/shop\/producto\/tp-link-eap773-ap-wifi7-be11000-techo-1x10gbe\/"]}]},{"@type":"ImageObject","inLanguage":"es","@id":"https:\/\/aivlisoft.net\/shop\/producto\/tp-link-eap773-ap-wifi7-be11000-techo-1x10gbe\/#primaryimage","url":"https:\/\/aivlisoft.net\/shop\/wp-content\/uploads\/2025\/01\/NSWPAC0562_800.jpg","contentUrl":"https:\/\/aivlisoft.net\/shop\/wp-content\/uploads\/2025\/01\/NSWPAC0562_800.jpg","width":800,"height":800},{"@type":"BreadcrumbList","@id":"https:\/\/aivlisoft.net\/shop\/producto\/tp-link-eap773-ap-wifi7-be11000-techo-1x10gbe\/#breadcrumb","itemListElement":[{"@type":"ListItem","position":1,"name":"Portada","item":"https:\/\/aivlisoft.net\/shop\/"},{"@type":"ListItem","position":2,"name":"Tienda","item":"https:\/\/aivlisoft.net\/shop\/tienda\/"},{"@type":"ListItem","position":3,"name":"TP-Link EAP773 AP WiFi7 BE11000 Techo 1x10GbE"}]},{"@type":"WebSite","@id":"https:\/\/aivlisoft.net\/shop\/#website","url":"https:\/\/aivlisoft.net\/shop\/","name":"Aivlisoft Inform\u00e1tica","description":"En Aivlisoft Inform\u00e1tica ofrecemos soluciones tecnol\u00f3gicas para empresas: venta de ordenadores, consumibles, perif\u00e9ricos y m\u00e1s. Calidad, atenci\u00f3n personalizada y los mejores precios para tu negocio.","publisher":{"@id":"https:\/\/aivlisoft.net\/shop\/#organization"},"potentialAction":[{"@type":"SearchAction","target":{"@type":"EntryPoint","urlTemplate":"https:\/\/aivlisoft.net\/shop\/?s={search_term_string}"},"query-input":{"@type":"PropertyValueSpecification","valueRequired":true,"valueName":"search_term_string"}}],"inLanguage":"es"},{"@type":"Organization","@id":"https:\/\/aivlisoft.net\/shop\/#organization","name":"Aivlisoft Inform\u00e1tica","url":"https:\/\/aivlisoft.net\/shop\/","logo":{"@type":"ImageObject","inLanguage":"es","@id":"https:\/\/aivlisoft.net\/shop\/#\/schema\/logo\/image\/","url":"https:\/\/aivlisoft.net\/shop\/wp-content\/uploads\/2024\/12\/removal.ai_5b848c54-0cdf-4140-95c5-c5536bb7573b-logodef.png","contentUrl":"https:\/\/aivlisoft.net\/shop\/wp-content\/uploads\/2024\/12\/removal.ai_5b848c54-0cdf-4140-95c5-c5536bb7573b-logodef.png","width":484,"height":182,"caption":"Aivlisoft Inform\u00e1tica"},"image":{"@id":"https:\/\/aivlisoft.net\/shop\/#\/schema\/logo\/image\/"}}]}},"_links":{"self":[{"href":"https:\/\/aivlisoft.net\/shop\/wp-json\/wp\/v2\/product\/20050","targetHints":{"allow":["GET"]}}],"collection":[{"href":"https:\/\/aivlisoft.net\/shop\/wp-json\/wp\/v2\/product"}],"about":[{"href":"https:\/\/aivlisoft.net\/shop\/wp-json\/wp\/v2\/types\/product"}],"wp:featuredmedia":[{"embeddable":true,"href":"https:\/\/aivlisoft.net\/shop\/wp-json\/wp\/v2\/media\/20051"}],"wp:attachment":[{"href":"https:\/\/aivlisoft.net\/shop\/wp-json\/wp\/v2\/media?parent=20050"}],"wp:term":[{"taxonomy":"product_brand","embeddable":true,"href":"https:\/\/aivlisoft.net\/shop\/wp-json\/wp\/v2\/product_brand?post=20050"},{"taxonomy":"product_cat","embeddable":true,"href":"https:\/\/aivlisoft.net\/shop\/wp-json\/wp\/v2\/product_cat?post=20050"},{"taxonomy":"product_tag","embeddable":true,"href":"https:\/\/aivlisoft.net\/shop\/wp-json\/wp\/v2\/product_tag?post=20050"}],"curies":[{"name":"wp","href":"https:\/\/api.w.org\/{rel}","templated":true}]}}