{"id":20036,"date":"2025-01-13T15:38:42","date_gmt":"2025-01-13T15:38:42","guid":{"rendered":"https:\/\/aivlisoft.com\/?post_type=product&#038;p=20036"},"modified":"2025-01-14T11:48:27","modified_gmt":"2025-01-14T11:48:27","slug":"d-link-dap-x3060-ap-wi-fi6-ax3000-poe-1x2-5gb","status":"publish","type":"product","link":"https:\/\/aivlisoft.net\/shop\/producto\/d-link-dap-x3060-ap-wi-fi6-ax3000-poe-1x2-5gb\/","title":{"rendered":"D-Link DAP-X3060 AP Wi-Fi6 AX3000 PoE 1&#215;2.5Gb"},"content":{"rendered":"<p><\/p>\n<table class=\"tabla_caracteristicas k-table\" width=\"100%\">\n<tr>\n<td valign=\"top\"><strong>Marca<\/strong><\/td>\n<td>D-Link<\/td>\n<\/tr>\n<tr>\n<td valign=\"top\"><strong>Modelo<\/strong><\/td>\n<td><strong>DAP-X3060<\/strong><\/td>\n<\/tr>\n<tr>\n<td valign=\"top\"><strong>Caracter&iacute;sticas<\/strong><\/td>\n<td>&#8211; Wi-Fi 6 AX3000, hasta 3,0 Gbps<br \/>\t\t\t&#8211; 1p LAN Ethernet 2,5 Gigabit<br \/>\t\t\t&#8211; Doble banda, 2&#215;2 MIMO, band-steering y airtime fairness<br \/>\t\t\t&#8211; Modo standalone o centralizado con software gratuito Nuclias Connect<br \/>\t\t\t&#8211; F&aacute;cil configuraci&oacute;n de SSID y contrase&ntilde;a desde app para m&oacute;viles<br \/>\t\t\t&#8211; Soporte de banda de canal de 160 MHz s<br \/>\t\t\t&#8211; Autenticaci&oacute;n 802.1X<br \/>\t\t\t&#8211; Caracter&iacute;sticas avanzadas:<br \/>\t\t\t&nbsp; Roaming 802.11k\/r<br \/>\t\t\t&nbsp; MU-MIMO<br \/>\t\t\t&#8211; Ganancia de la antena:<br \/>\t\t\t&nbsp; 3 dBi para 2,4 GHz<br \/>\t\t\t&nbsp; 3 dBi para 5GHz<br \/>\t\t\t&#8211; Tipo de antena: Antenas omnidireccionales integradas<br \/>\t\t\t&#8211; Equilibrio de carga de tr&aacute;fico AP<br \/>\t\t\t&#8211; Selecci&oacute;n autom&aacute;tica de canales<br \/>\t\t\t&#8211; CLI<br \/>\t\t\t&#8211; Puerto de consola<br \/>\t\t\t&#8211; Servidor DHCP<br \/>\t\t\t&#8211; Espionaje IGMP<br \/>\t\t\t&#8211; IPv6<br \/>\t\t\t&#8211; itinerancia L2<br \/>\t\t\t&#8211; Filtrado de direcciones MAC<br \/>\t\t\t&#8211; Alimentaci&oacute;n a trav&eacute;s de Ethernet<br \/>\t\t\t&#8211; SNMP<br \/>\t\t\t&#8211; SSH<br \/>\t\t\t&#8211; Desactivaci&oacute;n de transmisi&oacute;n SSID<br \/>\t\t\t&#8211; Aislamiento de estaci&oacute;n<br \/>\t\t\t&#8211; Registro del sistema<br \/>\t\t\t&#8211; Telnet<br \/>\t\t\t&#8211; Cifrado TKIP\/AES<br \/>\t\t\t&#8211; Tipo: AP administrado por software<br \/>\t\t\t&#8211; Tipo de housing : Plastic<br \/>\t\t\t&#8211; WEB<br \/>\t\t\t&#8211; WEP 64\/128 bits<br \/>\t\t\t&#8211; Programador wifi<br \/>\t\t\t&#8211; Partici&oacute;n WLAN<br \/>\t\t\t&#8211; Interfaz cableada: 1 LAN Ethernet de 2,5 Gigabits<br \/>\t\t\t&#8211; Modos inal&aacute;mbricos:<br \/>\t\t\t&nbsp; Punto de acceso (AP)<br \/>\t\t\t&nbsp; WDS bridge<br \/>\t\t\t&nbsp; WDS con AP<br \/>\t\t\t&#8211; Velocidad inal&aacute;mbrica<br \/>\t\t\t&nbsp; 2402Mbps 5GH<br \/>\t\t\t&nbsp; 574 Mbps 2,4 GHz<br \/>\t\t\t&#8211; Est&aacute;ndar inal&aacute;mbrico: Wi-Fi 802.11ax 6<br \/>\t\t\t&#8211; WMM-PS\/802.11e(U-APSD)<br \/>\t\t\t&#8211; WPA\/WPA2-Personal\/Empresarial<br \/>\t\t\t&#8211; WPA_WPA2_PSK sobre WDS<br \/>\t\t\t&#8211; WPA3-Personal\/Empresarial<br \/>\t\t\t&#8211; Modo de banda de frecuencia: Simult&aacute;neo de doble banda<br \/>\t\t\t&#8211; Bajo techo, en exteriores: Interior<br \/>\t\t\t&#8211; N&uacute;mero m&aacute;ximo de SSID: 16<\/td>\n<\/tr>\n<tr>\n<td valign=\"top\"><strong>Fecha de revisi&oacute;n<\/strong><\/td>\n<td>26-06-2024 por RTY<\/td>\n<\/tr>\n<\/table>\n","protected":false},"excerpt":{"rendered":"<p>Marca D-Link Modelo DAP-X3060 Caracter&iacute;sticas &#8211; Wi-Fi 6 AX3000, hasta 3,0 Gbps &#8211; 1p LAN Ethernet 2,5 Gigabit &#8211; Doble banda, 2&#215;2 MIMO, band-steering y airtime fairness &#8211; Modo standalone o centralizado con software gratuito Nuclias Connect &#8211; F&aacute;cil configuraci&oacute;n de SSID y contrase&ntilde;a desde app para m&oacute;viles &#8211; Soporte de banda de canal de&hellip;&nbsp;<a href=\"https:\/\/aivlisoft.net\/shop\/producto\/d-link-dap-x3060-ap-wi-fi6-ax3000-poe-1x2-5gb\/\" rel=\"bookmark\"><span class=\"screen-reader-text\">D-Link DAP-X3060 AP Wi-Fi6 AX3000 PoE 1&#215;2.5Gb<\/span><\/a><\/p>\n","protected":false},"featured_media":20037,"template":"","meta":{"neve_meta_sidebar":"","neve_meta_container":"","neve_meta_enable_content_width":"","neve_meta_content_width":0,"neve_meta_title_alignment":"","neve_meta_author_avatar":"","neve_post_elements_order":"","neve_meta_disable_header":"","neve_meta_disable_footer":"","neve_meta_disable_title":""},"product_brand":[],"product_cat":[8770],"product_tag":[7180],"class_list":{"0":"post-20036","1":"product","2":"type-product","3":"status-publish","4":"has-post-thumbnail","6":"product_cat-puntos-de-acceso","7":"product_tag-dap-x3060","9":"first","10":"instock","11":"taxable","12":"shipping-taxable","13":"purchasable","14":"product-type-simple"},"yoast_head":"<!-- This site is optimized with the Yoast SEO plugin v26.0 - https:\/\/yoast.com\/wordpress\/plugins\/seo\/ -->\n<title>D-Link DAP-X3060 AP Wi-Fi6 AX3000 PoE 1x2.5Gb - Aivlisoft Inform\u00e1tica<\/title>\n<meta name=\"robots\" content=\"index, follow, max-snippet:-1, max-image-preview:large, max-video-preview:-1\" \/>\n<link rel=\"canonical\" href=\"https:\/\/aivlisoft.net\/shop\/producto\/d-link-dap-x3060-ap-wi-fi6-ax3000-poe-1x2-5gb\/\" \/>\n<meta property=\"og:locale\" content=\"es_ES\" \/>\n<meta property=\"og:type\" content=\"article\" \/>\n<meta property=\"og:title\" content=\"D-Link DAP-X3060 AP Wi-Fi6 AX3000 PoE 1x2.5Gb - Aivlisoft Inform\u00e1tica\" \/>\n<meta property=\"og:description\" content=\"Marca D-Link Modelo DAP-X3060 Caracter&iacute;sticas &#8211; Wi-Fi 6 AX3000, hasta 3,0 Gbps &#8211; 1p LAN Ethernet 2,5 Gigabit &#8211; Doble banda, 2&#215;2 MIMO, band-steering y airtime fairness &#8211; Modo standalone o centralizado con software gratuito Nuclias Connect &#8211; F&aacute;cil configuraci&oacute;n de SSID y contrase&ntilde;a desde app para m&oacute;viles &#8211; Soporte de banda de canal de&hellip;&nbsp;D-Link DAP-X3060 AP Wi-Fi6 AX3000 PoE 1&#215;2.5Gb\" \/>\n<meta property=\"og:url\" content=\"https:\/\/aivlisoft.net\/shop\/producto\/d-link-dap-x3060-ap-wi-fi6-ax3000-poe-1x2-5gb\/\" \/>\n<meta property=\"og:site_name\" content=\"Aivlisoft Inform\u00e1tica\" \/>\n<meta property=\"article:modified_time\" content=\"2025-01-14T11:48:27+00:00\" \/>\n<meta property=\"og:image\" content=\"https:\/\/aivlisoft.net\/shop\/wp-content\/uploads\/2025\/01\/NSWPAC0558_800.jpg\" \/>\n\t<meta property=\"og:image:width\" content=\"800\" \/>\n\t<meta property=\"og:image:height\" content=\"800\" \/>\n\t<meta property=\"og:image:type\" content=\"image\/jpeg\" \/>\n<meta name=\"twitter:card\" content=\"summary_large_image\" \/>\n<meta name=\"twitter:label1\" content=\"Tiempo de lectura\" \/>\n\t<meta name=\"twitter:data1\" content=\"2 minutos\" \/>\n<script type=\"application\/ld+json\" class=\"yoast-schema-graph\">{\"@context\":\"https:\/\/schema.org\",\"@graph\":[{\"@type\":\"WebPage\",\"@id\":\"https:\/\/aivlisoft.net\/shop\/producto\/d-link-dap-x3060-ap-wi-fi6-ax3000-poe-1x2-5gb\/\",\"url\":\"https:\/\/aivlisoft.net\/shop\/producto\/d-link-dap-x3060-ap-wi-fi6-ax3000-poe-1x2-5gb\/\",\"name\":\"D-Link DAP-X3060 AP Wi-Fi6 AX3000 PoE 1x2.5Gb - Aivlisoft Inform\u00e1tica\",\"isPartOf\":{\"@id\":\"https:\/\/aivlisoft.net\/shop\/#website\"},\"primaryImageOfPage\":{\"@id\":\"https:\/\/aivlisoft.net\/shop\/producto\/d-link-dap-x3060-ap-wi-fi6-ax3000-poe-1x2-5gb\/#primaryimage\"},\"image\":{\"@id\":\"https:\/\/aivlisoft.net\/shop\/producto\/d-link-dap-x3060-ap-wi-fi6-ax3000-poe-1x2-5gb\/#primaryimage\"},\"thumbnailUrl\":\"https:\/\/aivlisoft.net\/shop\/wp-content\/uploads\/2025\/01\/NSWPAC0558_800.jpg\",\"datePublished\":\"2025-01-13T15:38:42+00:00\",\"dateModified\":\"2025-01-14T11:48:27+00:00\",\"breadcrumb\":{\"@id\":\"https:\/\/aivlisoft.net\/shop\/producto\/d-link-dap-x3060-ap-wi-fi6-ax3000-poe-1x2-5gb\/#breadcrumb\"},\"inLanguage\":\"es\",\"potentialAction\":[{\"@type\":\"ReadAction\",\"target\":[\"https:\/\/aivlisoft.net\/shop\/producto\/d-link-dap-x3060-ap-wi-fi6-ax3000-poe-1x2-5gb\/\"]}]},{\"@type\":\"ImageObject\",\"inLanguage\":\"es\",\"@id\":\"https:\/\/aivlisoft.net\/shop\/producto\/d-link-dap-x3060-ap-wi-fi6-ax3000-poe-1x2-5gb\/#primaryimage\",\"url\":\"https:\/\/aivlisoft.net\/shop\/wp-content\/uploads\/2025\/01\/NSWPAC0558_800.jpg\",\"contentUrl\":\"https:\/\/aivlisoft.net\/shop\/wp-content\/uploads\/2025\/01\/NSWPAC0558_800.jpg\",\"width\":800,\"height\":800},{\"@type\":\"BreadcrumbList\",\"@id\":\"https:\/\/aivlisoft.net\/shop\/producto\/d-link-dap-x3060-ap-wi-fi6-ax3000-poe-1x2-5gb\/#breadcrumb\",\"itemListElement\":[{\"@type\":\"ListItem\",\"position\":1,\"name\":\"Portada\",\"item\":\"https:\/\/aivlisoft.net\/shop\/\"},{\"@type\":\"ListItem\",\"position\":2,\"name\":\"Tienda\",\"item\":\"https:\/\/aivlisoft.net\/shop\/tienda\/\"},{\"@type\":\"ListItem\",\"position\":3,\"name\":\"D-Link DAP-X3060 AP Wi-Fi6 AX3000 PoE 1&#215;2.5Gb\"}]},{\"@type\":\"WebSite\",\"@id\":\"https:\/\/aivlisoft.net\/shop\/#website\",\"url\":\"https:\/\/aivlisoft.net\/shop\/\",\"name\":\"Aivlisoft Inform\u00e1tica\",\"description\":\"En Aivlisoft Inform\u00e1tica ofrecemos soluciones tecnol\u00f3gicas para empresas: venta de ordenadores, consumibles, perif\u00e9ricos y m\u00e1s. Calidad, atenci\u00f3n personalizada y los mejores precios para tu negocio.\",\"publisher\":{\"@id\":\"https:\/\/aivlisoft.net\/shop\/#organization\"},\"potentialAction\":[{\"@type\":\"SearchAction\",\"target\":{\"@type\":\"EntryPoint\",\"urlTemplate\":\"https:\/\/aivlisoft.net\/shop\/?s={search_term_string}\"},\"query-input\":{\"@type\":\"PropertyValueSpecification\",\"valueRequired\":true,\"valueName\":\"search_term_string\"}}],\"inLanguage\":\"es\"},{\"@type\":\"Organization\",\"@id\":\"https:\/\/aivlisoft.net\/shop\/#organization\",\"name\":\"Aivlisoft Inform\u00e1tica\",\"url\":\"https:\/\/aivlisoft.net\/shop\/\",\"logo\":{\"@type\":\"ImageObject\",\"inLanguage\":\"es\",\"@id\":\"https:\/\/aivlisoft.net\/shop\/#\/schema\/logo\/image\/\",\"url\":\"https:\/\/aivlisoft.net\/shop\/wp-content\/uploads\/2024\/12\/removal.ai_5b848c54-0cdf-4140-95c5-c5536bb7573b-logodef.png\",\"contentUrl\":\"https:\/\/aivlisoft.net\/shop\/wp-content\/uploads\/2024\/12\/removal.ai_5b848c54-0cdf-4140-95c5-c5536bb7573b-logodef.png\",\"width\":484,\"height\":182,\"caption\":\"Aivlisoft Inform\u00e1tica\"},\"image\":{\"@id\":\"https:\/\/aivlisoft.net\/shop\/#\/schema\/logo\/image\/\"}}]}<\/script>\n<!-- \/ Yoast SEO plugin. -->","yoast_head_json":{"title":"D-Link DAP-X3060 AP Wi-Fi6 AX3000 PoE 1x2.5Gb - Aivlisoft Inform\u00e1tica","robots":{"index":"index","follow":"follow","max-snippet":"max-snippet:-1","max-image-preview":"max-image-preview:large","max-video-preview":"max-video-preview:-1"},"canonical":"https:\/\/aivlisoft.net\/shop\/producto\/d-link-dap-x3060-ap-wi-fi6-ax3000-poe-1x2-5gb\/","og_locale":"es_ES","og_type":"article","og_title":"D-Link DAP-X3060 AP Wi-Fi6 AX3000 PoE 1x2.5Gb - Aivlisoft Inform\u00e1tica","og_description":"Marca D-Link Modelo DAP-X3060 Caracter&iacute;sticas &#8211; Wi-Fi 6 AX3000, hasta 3,0 Gbps &#8211; 1p LAN Ethernet 2,5 Gigabit &#8211; Doble banda, 2&#215;2 MIMO, band-steering y airtime fairness &#8211; Modo standalone o centralizado con software gratuito Nuclias Connect &#8211; F&aacute;cil configuraci&oacute;n de SSID y contrase&ntilde;a desde app para m&oacute;viles &#8211; Soporte de banda de canal de&hellip;&nbsp;D-Link DAP-X3060 AP Wi-Fi6 AX3000 PoE 1&#215;2.5Gb","og_url":"https:\/\/aivlisoft.net\/shop\/producto\/d-link-dap-x3060-ap-wi-fi6-ax3000-poe-1x2-5gb\/","og_site_name":"Aivlisoft Inform\u00e1tica","article_modified_time":"2025-01-14T11:48:27+00:00","og_image":[{"width":800,"height":800,"url":"https:\/\/aivlisoft.net\/shop\/wp-content\/uploads\/2025\/01\/NSWPAC0558_800.jpg","type":"image\/jpeg"}],"twitter_card":"summary_large_image","twitter_misc":{"Tiempo de lectura":"2 minutos"},"schema":{"@context":"https:\/\/schema.org","@graph":[{"@type":"WebPage","@id":"https:\/\/aivlisoft.net\/shop\/producto\/d-link-dap-x3060-ap-wi-fi6-ax3000-poe-1x2-5gb\/","url":"https:\/\/aivlisoft.net\/shop\/producto\/d-link-dap-x3060-ap-wi-fi6-ax3000-poe-1x2-5gb\/","name":"D-Link DAP-X3060 AP Wi-Fi6 AX3000 PoE 1x2.5Gb - Aivlisoft Inform\u00e1tica","isPartOf":{"@id":"https:\/\/aivlisoft.net\/shop\/#website"},"primaryImageOfPage":{"@id":"https:\/\/aivlisoft.net\/shop\/producto\/d-link-dap-x3060-ap-wi-fi6-ax3000-poe-1x2-5gb\/#primaryimage"},"image":{"@id":"https:\/\/aivlisoft.net\/shop\/producto\/d-link-dap-x3060-ap-wi-fi6-ax3000-poe-1x2-5gb\/#primaryimage"},"thumbnailUrl":"https:\/\/aivlisoft.net\/shop\/wp-content\/uploads\/2025\/01\/NSWPAC0558_800.jpg","datePublished":"2025-01-13T15:38:42+00:00","dateModified":"2025-01-14T11:48:27+00:00","breadcrumb":{"@id":"https:\/\/aivlisoft.net\/shop\/producto\/d-link-dap-x3060-ap-wi-fi6-ax3000-poe-1x2-5gb\/#breadcrumb"},"inLanguage":"es","potentialAction":[{"@type":"ReadAction","target":["https:\/\/aivlisoft.net\/shop\/producto\/d-link-dap-x3060-ap-wi-fi6-ax3000-poe-1x2-5gb\/"]}]},{"@type":"ImageObject","inLanguage":"es","@id":"https:\/\/aivlisoft.net\/shop\/producto\/d-link-dap-x3060-ap-wi-fi6-ax3000-poe-1x2-5gb\/#primaryimage","url":"https:\/\/aivlisoft.net\/shop\/wp-content\/uploads\/2025\/01\/NSWPAC0558_800.jpg","contentUrl":"https:\/\/aivlisoft.net\/shop\/wp-content\/uploads\/2025\/01\/NSWPAC0558_800.jpg","width":800,"height":800},{"@type":"BreadcrumbList","@id":"https:\/\/aivlisoft.net\/shop\/producto\/d-link-dap-x3060-ap-wi-fi6-ax3000-poe-1x2-5gb\/#breadcrumb","itemListElement":[{"@type":"ListItem","position":1,"name":"Portada","item":"https:\/\/aivlisoft.net\/shop\/"},{"@type":"ListItem","position":2,"name":"Tienda","item":"https:\/\/aivlisoft.net\/shop\/tienda\/"},{"@type":"ListItem","position":3,"name":"D-Link DAP-X3060 AP Wi-Fi6 AX3000 PoE 1&#215;2.5Gb"}]},{"@type":"WebSite","@id":"https:\/\/aivlisoft.net\/shop\/#website","url":"https:\/\/aivlisoft.net\/shop\/","name":"Aivlisoft Inform\u00e1tica","description":"En Aivlisoft Inform\u00e1tica ofrecemos soluciones tecnol\u00f3gicas para empresas: venta de ordenadores, consumibles, perif\u00e9ricos y m\u00e1s. Calidad, atenci\u00f3n personalizada y los mejores precios para tu negocio.","publisher":{"@id":"https:\/\/aivlisoft.net\/shop\/#organization"},"potentialAction":[{"@type":"SearchAction","target":{"@type":"EntryPoint","urlTemplate":"https:\/\/aivlisoft.net\/shop\/?s={search_term_string}"},"query-input":{"@type":"PropertyValueSpecification","valueRequired":true,"valueName":"search_term_string"}}],"inLanguage":"es"},{"@type":"Organization","@id":"https:\/\/aivlisoft.net\/shop\/#organization","name":"Aivlisoft Inform\u00e1tica","url":"https:\/\/aivlisoft.net\/shop\/","logo":{"@type":"ImageObject","inLanguage":"es","@id":"https:\/\/aivlisoft.net\/shop\/#\/schema\/logo\/image\/","url":"https:\/\/aivlisoft.net\/shop\/wp-content\/uploads\/2024\/12\/removal.ai_5b848c54-0cdf-4140-95c5-c5536bb7573b-logodef.png","contentUrl":"https:\/\/aivlisoft.net\/shop\/wp-content\/uploads\/2024\/12\/removal.ai_5b848c54-0cdf-4140-95c5-c5536bb7573b-logodef.png","width":484,"height":182,"caption":"Aivlisoft Inform\u00e1tica"},"image":{"@id":"https:\/\/aivlisoft.net\/shop\/#\/schema\/logo\/image\/"}}]}},"_links":{"self":[{"href":"https:\/\/aivlisoft.net\/shop\/wp-json\/wp\/v2\/product\/20036","targetHints":{"allow":["GET"]}}],"collection":[{"href":"https:\/\/aivlisoft.net\/shop\/wp-json\/wp\/v2\/product"}],"about":[{"href":"https:\/\/aivlisoft.net\/shop\/wp-json\/wp\/v2\/types\/product"}],"wp:featuredmedia":[{"embeddable":true,"href":"https:\/\/aivlisoft.net\/shop\/wp-json\/wp\/v2\/media\/20037"}],"wp:attachment":[{"href":"https:\/\/aivlisoft.net\/shop\/wp-json\/wp\/v2\/media?parent=20036"}],"wp:term":[{"taxonomy":"product_brand","embeddable":true,"href":"https:\/\/aivlisoft.net\/shop\/wp-json\/wp\/v2\/product_brand?post=20036"},{"taxonomy":"product_cat","embeddable":true,"href":"https:\/\/aivlisoft.net\/shop\/wp-json\/wp\/v2\/product_cat?post=20036"},{"taxonomy":"product_tag","embeddable":true,"href":"https:\/\/aivlisoft.net\/shop\/wp-json\/wp\/v2\/product_tag?post=20036"}],"curies":[{"name":"wp","href":"https:\/\/api.w.org\/{rel}","templated":true}]}}