{"id":20008,"date":"2025-01-13T15:38:28","date_gmt":"2025-01-13T15:38:28","guid":{"rendered":"https:\/\/aivlisoft.com\/?post_type=product&#038;p=20008"},"modified":"2025-01-14T11:48:21","modified_gmt":"2025-01-14T11:48:21","slug":"mikrotik-sxt-lte6-kit-2x10-100-2x2","status":"publish","type":"product","link":"https:\/\/aivlisoft.net\/shop\/producto\/mikrotik-sxt-lte6-kit-2x10-100-2x2\/","title":{"rendered":"Mikrotik SXT LTE6 kit 2&#215;10\/100 2&#215;2"},"content":{"rendered":"<p>El kit SXT LTE6 es una actualizaci&oacute;n de nuestro dispositivo atemporal para ubicaciones remotas que se encuentran dentro de la cobertura de la red celular. Cuenta con el mismo chip LTE moderno de categor&iacute;a 6 que quiz&aacute;s haya visto en nuestros &uacute;ltimos dispositivos, &iexcl;como el popular Chateau LTE6 ax! Este chip LTE no solo puede proporcionar conectividad a Internet confiable para su edificio incluso cuando fallan los tel&eacute;fonos celulares, sino que tambi&eacute;n nos permiti&oacute; reducir considerablemente el precio de este kit. Monte un SXT fuera de su casa y &iexcl;mant&eacute;ngase siempre conectado!<\/p>\n<table class=\"tabla_caracteristicas\" width=\"100%\">\n<tr>\n<td valign=\"top\"><strong>Marca<\/strong><\/td>\n<td>Mikrotik<\/td>\n<\/tr>\n<tr>\n<td valign=\"top\"><strong>Modelo<\/strong><\/td>\n<td><strong>SXTR&amp;FG621-EA<\/strong><\/td>\n<\/tr>\n<tr>\n<td valign=\"top\"><strong>Caracter&iacute;sticas<\/strong><\/td>\n<td>&#8211; Arquitectura: MIPSBE<br \/>\t\t\t&#8211; Procesador: QCA9531<br \/>\t\t\t&#8211; N&uacute;mero de n&uacute;cleos de CPU: 1<br \/>\t\t\t&#8211; Frecuencia nominal de la CPU: 650 MHz<br \/>\t\t\t&#8211; Modelo de chip de interruptor: QCA9531<br \/>\t\t\t&#8211; Licencia de RouterOS: 3<br \/>\t\t\t&#8211; Sistema operativo: RouterOS v7<br \/>\t\t\t&#8211; Tama&ntilde;o de RAM: 64 MB<br \/>\t\t\t&#8211; Tama&ntilde;o de almacenamiento: 16 MB<br \/>\t\t\t&#8211; Tipo de almacenamiento: FLASH<\/td>\n<\/tr>\n<tr>\n<td valign=\"top\"><strong>Salida PoE<\/strong><\/td>\n<td>&#8211; Puertos de salida PoE: Ether2<br \/>\t\t\t&#8211; Salida PoE: PoE pasivo hasta 57V<br \/>\t\t\t&#8211; Salida m&aacute;xima por puerto de salida (entrada 18-30 V): 600 mA<br \/>\t\t\t&#8211; Salida m&aacute;xima por puerto de salida (entrada 30-57 V): 400 mA<br \/>\t\t\t&#8211; Salida total m&aacute;xima (A): 600 mA<\/td>\n<\/tr>\n<tr>\n<td valign=\"top\"><strong>Conectividad<\/strong><\/td>\n<td>&#8211; <strong>2 <\/strong>x Puertos <strong>Ethernet 10\/100<\/strong><br \/>\t\t\t<strong>Redes<\/strong><br \/>\t\t\t&#8211; 3G Categor&iacute;a: R8 (enlace descendente de 42,2 Mbps, enlace ascendente de 11,2 Mbps)<br \/>\t\t\t&#8211; Bandas 3G: 3 (1800MHz) \/ 5 (850MHz) \/ 8 (900MHz) \/ 1 (2100MHz)<br \/>\t\t\t&#8211; LTE Categor&iacute;a: 6 (enlace descendente de 300 Mbit\/s, enlace ascendente de 50 Mbit\/s)<br \/>\t\t\t&#8211; MIMODL 2&#215;2<br \/>\t\t\t&#8211; MIMOUL 1&#215;1<br \/>\t\t\t&#8211; Bandas LTE FDD: 5 (850MHz) \/ 7 (2600MHz) \/ 8 (900MHz) \/ 20 (800MHz) \/ 1 (2100MHz) \/ 3 (1800MHz) \/ 28 (700MHz)<br \/>\t\t\t&#8211; Bandas LTE TDD: 38 (2600MHz) \/ 40 (2300MHz) \/ 41 (2500MHz)<\/td>\n<\/tr>\n<tr>\n<td valign=\"top\"><strong>Otras caracter&iacute;sticas<\/strong><\/td>\n<td>&#8211; MTBF: Aproximadamente 200.000 horas a 25 &deg;C<br \/>\t\t\t&#8211; Temperatura ambiente probada: -40&deg;C a 60&deg;C<br \/>\t\t\t&#8211; Certification: CE, EAC, ROHS<br \/>\t\t\t&#8211; IP: 54<br \/>\t\t\t<strong>Alimentaci&oacute;n<\/strong><br \/>\t\t\t&#8211; N&uacute;mero de entradas CC: 1 (PoE-IN)<br \/>\t\t\t&#8211; Consumo m&aacute;ximo de energ&iacute;a: 22 W<br \/>\t\t\t&#8211; Consumo m&aacute;ximo de energ&iacute;a sin accesorios: 5 W<br \/>\t\t\t&#8211; Tipo de enfriamiento: Pasivo<br \/>\t\t\t&#8211; PoE en 802.3af\/at<br \/>\t\t\t&#8211; PoE en voltaje de entrada: 12-57 V<\/td>\n<\/tr>\n<tr>\n<td valign=\"top\"><strong>Fecha de revisi&oacute;n<\/strong><\/td>\n<td>10-09-2024 por RTY<\/td>\n<\/tr>\n<\/table>\n","protected":false},"excerpt":{"rendered":"<p>El kit SXT LTE6 es una actualizaci&oacute;n de nuestro dispositivo atemporal para ubicaciones remotas que se encuentran dentro de la cobertura de la red celular. Cuenta con el mismo chip LTE moderno de categor&iacute;a 6 que quiz&aacute;s haya visto en nuestros &uacute;ltimos dispositivos, &iexcl;como el popular Chateau LTE6 ax! Este chip LTE no solo puede&hellip;&nbsp;<a href=\"https:\/\/aivlisoft.net\/shop\/producto\/mikrotik-sxt-lte6-kit-2x10-100-2x2\/\" rel=\"bookmark\"><span class=\"screen-reader-text\">Mikrotik SXT LTE6 kit 2&#215;10\/100 2&#215;2<\/span><\/a><\/p>\n","protected":false},"featured_media":20009,"template":"","meta":{"neve_meta_sidebar":"","neve_meta_container":"","neve_meta_enable_content_width":"","neve_meta_content_width":0,"neve_meta_title_alignment":"","neve_meta_author_avatar":"","neve_post_elements_order":"","neve_meta_disable_header":"","neve_meta_disable_footer":"","neve_meta_disable_title":""},"product_brand":[],"product_cat":[8770],"product_tag":[7174],"class_list":{"0":"post-20008","1":"product","2":"type-product","3":"status-publish","4":"has-post-thumbnail","6":"product_cat-puntos-de-acceso","7":"product_tag-sxtrfg621-ea","9":"first","10":"instock","11":"taxable","12":"shipping-taxable","13":"purchasable","14":"product-type-simple"},"yoast_head":"<!-- This site is optimized with the Yoast SEO plugin v26.0 - https:\/\/yoast.com\/wordpress\/plugins\/seo\/ -->\n<title>Mikrotik SXT LTE6 kit 2x10\/100 2x2 - Aivlisoft Inform\u00e1tica<\/title>\n<meta name=\"robots\" content=\"index, follow, max-snippet:-1, max-image-preview:large, max-video-preview:-1\" \/>\n<link rel=\"canonical\" href=\"https:\/\/aivlisoft.net\/shop\/producto\/mikrotik-sxt-lte6-kit-2x10-100-2x2\/\" \/>\n<meta property=\"og:locale\" content=\"es_ES\" \/>\n<meta property=\"og:type\" content=\"article\" \/>\n<meta property=\"og:title\" content=\"Mikrotik SXT LTE6 kit 2x10\/100 2x2 - Aivlisoft Inform\u00e1tica\" \/>\n<meta property=\"og:description\" content=\"El kit SXT LTE6 es una actualizaci&oacute;n de nuestro dispositivo atemporal para ubicaciones remotas que se encuentran dentro de la cobertura de la red celular. Cuenta con el mismo chip LTE moderno de categor&iacute;a 6 que quiz&aacute;s haya visto en nuestros &uacute;ltimos dispositivos, &iexcl;como el popular Chateau LTE6 ax! Este chip LTE no solo puede&hellip;&nbsp;Mikrotik SXT LTE6 kit 2&#215;10\/100 2&#215;2\" \/>\n<meta property=\"og:url\" content=\"https:\/\/aivlisoft.net\/shop\/producto\/mikrotik-sxt-lte6-kit-2x10-100-2x2\/\" \/>\n<meta property=\"og:site_name\" content=\"Aivlisoft Inform\u00e1tica\" \/>\n<meta property=\"article:modified_time\" content=\"2025-01-14T11:48:21+00:00\" \/>\n<meta property=\"og:image\" content=\"https:\/\/aivlisoft.net\/shop\/wp-content\/uploads\/2025\/01\/NSWPAC0550_800.jpg\" \/>\n\t<meta property=\"og:image:width\" content=\"800\" \/>\n\t<meta property=\"og:image:height\" content=\"800\" \/>\n\t<meta property=\"og:image:type\" content=\"image\/jpeg\" \/>\n<meta name=\"twitter:card\" content=\"summary_large_image\" \/>\n<meta name=\"twitter:label1\" content=\"Tiempo de lectura\" \/>\n\t<meta name=\"twitter:data1\" content=\"2 minutos\" \/>\n<script type=\"application\/ld+json\" class=\"yoast-schema-graph\">{\"@context\":\"https:\/\/schema.org\",\"@graph\":[{\"@type\":\"WebPage\",\"@id\":\"https:\/\/aivlisoft.net\/shop\/producto\/mikrotik-sxt-lte6-kit-2x10-100-2x2\/\",\"url\":\"https:\/\/aivlisoft.net\/shop\/producto\/mikrotik-sxt-lte6-kit-2x10-100-2x2\/\",\"name\":\"Mikrotik SXT LTE6 kit 2x10\/100 2x2 - Aivlisoft Inform\u00e1tica\",\"isPartOf\":{\"@id\":\"https:\/\/aivlisoft.net\/shop\/#website\"},\"primaryImageOfPage\":{\"@id\":\"https:\/\/aivlisoft.net\/shop\/producto\/mikrotik-sxt-lte6-kit-2x10-100-2x2\/#primaryimage\"},\"image\":{\"@id\":\"https:\/\/aivlisoft.net\/shop\/producto\/mikrotik-sxt-lte6-kit-2x10-100-2x2\/#primaryimage\"},\"thumbnailUrl\":\"https:\/\/aivlisoft.net\/shop\/wp-content\/uploads\/2025\/01\/NSWPAC0550_800.jpg\",\"datePublished\":\"2025-01-13T15:38:28+00:00\",\"dateModified\":\"2025-01-14T11:48:21+00:00\",\"breadcrumb\":{\"@id\":\"https:\/\/aivlisoft.net\/shop\/producto\/mikrotik-sxt-lte6-kit-2x10-100-2x2\/#breadcrumb\"},\"inLanguage\":\"es\",\"potentialAction\":[{\"@type\":\"ReadAction\",\"target\":[\"https:\/\/aivlisoft.net\/shop\/producto\/mikrotik-sxt-lte6-kit-2x10-100-2x2\/\"]}]},{\"@type\":\"ImageObject\",\"inLanguage\":\"es\",\"@id\":\"https:\/\/aivlisoft.net\/shop\/producto\/mikrotik-sxt-lte6-kit-2x10-100-2x2\/#primaryimage\",\"url\":\"https:\/\/aivlisoft.net\/shop\/wp-content\/uploads\/2025\/01\/NSWPAC0550_800.jpg\",\"contentUrl\":\"https:\/\/aivlisoft.net\/shop\/wp-content\/uploads\/2025\/01\/NSWPAC0550_800.jpg\",\"width\":800,\"height\":800},{\"@type\":\"BreadcrumbList\",\"@id\":\"https:\/\/aivlisoft.net\/shop\/producto\/mikrotik-sxt-lte6-kit-2x10-100-2x2\/#breadcrumb\",\"itemListElement\":[{\"@type\":\"ListItem\",\"position\":1,\"name\":\"Portada\",\"item\":\"https:\/\/aivlisoft.net\/shop\/\"},{\"@type\":\"ListItem\",\"position\":2,\"name\":\"Tienda\",\"item\":\"https:\/\/aivlisoft.net\/shop\/tienda\/\"},{\"@type\":\"ListItem\",\"position\":3,\"name\":\"Mikrotik SXT LTE6 kit 2&#215;10\/100 2&#215;2\"}]},{\"@type\":\"WebSite\",\"@id\":\"https:\/\/aivlisoft.net\/shop\/#website\",\"url\":\"https:\/\/aivlisoft.net\/shop\/\",\"name\":\"Aivlisoft Inform\u00e1tica\",\"description\":\"En Aivlisoft Inform\u00e1tica ofrecemos soluciones tecnol\u00f3gicas para empresas: venta de ordenadores, consumibles, perif\u00e9ricos y m\u00e1s. Calidad, atenci\u00f3n personalizada y los mejores precios para tu negocio.\",\"publisher\":{\"@id\":\"https:\/\/aivlisoft.net\/shop\/#organization\"},\"potentialAction\":[{\"@type\":\"SearchAction\",\"target\":{\"@type\":\"EntryPoint\",\"urlTemplate\":\"https:\/\/aivlisoft.net\/shop\/?s={search_term_string}\"},\"query-input\":{\"@type\":\"PropertyValueSpecification\",\"valueRequired\":true,\"valueName\":\"search_term_string\"}}],\"inLanguage\":\"es\"},{\"@type\":\"Organization\",\"@id\":\"https:\/\/aivlisoft.net\/shop\/#organization\",\"name\":\"Aivlisoft Inform\u00e1tica\",\"url\":\"https:\/\/aivlisoft.net\/shop\/\",\"logo\":{\"@type\":\"ImageObject\",\"inLanguage\":\"es\",\"@id\":\"https:\/\/aivlisoft.net\/shop\/#\/schema\/logo\/image\/\",\"url\":\"https:\/\/aivlisoft.net\/shop\/wp-content\/uploads\/2024\/12\/removal.ai_5b848c54-0cdf-4140-95c5-c5536bb7573b-logodef.png\",\"contentUrl\":\"https:\/\/aivlisoft.net\/shop\/wp-content\/uploads\/2024\/12\/removal.ai_5b848c54-0cdf-4140-95c5-c5536bb7573b-logodef.png\",\"width\":484,\"height\":182,\"caption\":\"Aivlisoft Inform\u00e1tica\"},\"image\":{\"@id\":\"https:\/\/aivlisoft.net\/shop\/#\/schema\/logo\/image\/\"}}]}<\/script>\n<!-- \/ Yoast SEO plugin. -->","yoast_head_json":{"title":"Mikrotik SXT LTE6 kit 2x10\/100 2x2 - Aivlisoft Inform\u00e1tica","robots":{"index":"index","follow":"follow","max-snippet":"max-snippet:-1","max-image-preview":"max-image-preview:large","max-video-preview":"max-video-preview:-1"},"canonical":"https:\/\/aivlisoft.net\/shop\/producto\/mikrotik-sxt-lte6-kit-2x10-100-2x2\/","og_locale":"es_ES","og_type":"article","og_title":"Mikrotik SXT LTE6 kit 2x10\/100 2x2 - Aivlisoft Inform\u00e1tica","og_description":"El kit SXT LTE6 es una actualizaci&oacute;n de nuestro dispositivo atemporal para ubicaciones remotas que se encuentran dentro de la cobertura de la red celular. Cuenta con el mismo chip LTE moderno de categor&iacute;a 6 que quiz&aacute;s haya visto en nuestros &uacute;ltimos dispositivos, &iexcl;como el popular Chateau LTE6 ax! Este chip LTE no solo puede&hellip;&nbsp;Mikrotik SXT LTE6 kit 2&#215;10\/100 2&#215;2","og_url":"https:\/\/aivlisoft.net\/shop\/producto\/mikrotik-sxt-lte6-kit-2x10-100-2x2\/","og_site_name":"Aivlisoft Inform\u00e1tica","article_modified_time":"2025-01-14T11:48:21+00:00","og_image":[{"width":800,"height":800,"url":"https:\/\/aivlisoft.net\/shop\/wp-content\/uploads\/2025\/01\/NSWPAC0550_800.jpg","type":"image\/jpeg"}],"twitter_card":"summary_large_image","twitter_misc":{"Tiempo de lectura":"2 minutos"},"schema":{"@context":"https:\/\/schema.org","@graph":[{"@type":"WebPage","@id":"https:\/\/aivlisoft.net\/shop\/producto\/mikrotik-sxt-lte6-kit-2x10-100-2x2\/","url":"https:\/\/aivlisoft.net\/shop\/producto\/mikrotik-sxt-lte6-kit-2x10-100-2x2\/","name":"Mikrotik SXT LTE6 kit 2x10\/100 2x2 - Aivlisoft Inform\u00e1tica","isPartOf":{"@id":"https:\/\/aivlisoft.net\/shop\/#website"},"primaryImageOfPage":{"@id":"https:\/\/aivlisoft.net\/shop\/producto\/mikrotik-sxt-lte6-kit-2x10-100-2x2\/#primaryimage"},"image":{"@id":"https:\/\/aivlisoft.net\/shop\/producto\/mikrotik-sxt-lte6-kit-2x10-100-2x2\/#primaryimage"},"thumbnailUrl":"https:\/\/aivlisoft.net\/shop\/wp-content\/uploads\/2025\/01\/NSWPAC0550_800.jpg","datePublished":"2025-01-13T15:38:28+00:00","dateModified":"2025-01-14T11:48:21+00:00","breadcrumb":{"@id":"https:\/\/aivlisoft.net\/shop\/producto\/mikrotik-sxt-lte6-kit-2x10-100-2x2\/#breadcrumb"},"inLanguage":"es","potentialAction":[{"@type":"ReadAction","target":["https:\/\/aivlisoft.net\/shop\/producto\/mikrotik-sxt-lte6-kit-2x10-100-2x2\/"]}]},{"@type":"ImageObject","inLanguage":"es","@id":"https:\/\/aivlisoft.net\/shop\/producto\/mikrotik-sxt-lte6-kit-2x10-100-2x2\/#primaryimage","url":"https:\/\/aivlisoft.net\/shop\/wp-content\/uploads\/2025\/01\/NSWPAC0550_800.jpg","contentUrl":"https:\/\/aivlisoft.net\/shop\/wp-content\/uploads\/2025\/01\/NSWPAC0550_800.jpg","width":800,"height":800},{"@type":"BreadcrumbList","@id":"https:\/\/aivlisoft.net\/shop\/producto\/mikrotik-sxt-lte6-kit-2x10-100-2x2\/#breadcrumb","itemListElement":[{"@type":"ListItem","position":1,"name":"Portada","item":"https:\/\/aivlisoft.net\/shop\/"},{"@type":"ListItem","position":2,"name":"Tienda","item":"https:\/\/aivlisoft.net\/shop\/tienda\/"},{"@type":"ListItem","position":3,"name":"Mikrotik SXT LTE6 kit 2&#215;10\/100 2&#215;2"}]},{"@type":"WebSite","@id":"https:\/\/aivlisoft.net\/shop\/#website","url":"https:\/\/aivlisoft.net\/shop\/","name":"Aivlisoft Inform\u00e1tica","description":"En Aivlisoft Inform\u00e1tica ofrecemos soluciones tecnol\u00f3gicas para empresas: venta de ordenadores, consumibles, perif\u00e9ricos y m\u00e1s. Calidad, atenci\u00f3n personalizada y los mejores precios para tu negocio.","publisher":{"@id":"https:\/\/aivlisoft.net\/shop\/#organization"},"potentialAction":[{"@type":"SearchAction","target":{"@type":"EntryPoint","urlTemplate":"https:\/\/aivlisoft.net\/shop\/?s={search_term_string}"},"query-input":{"@type":"PropertyValueSpecification","valueRequired":true,"valueName":"search_term_string"}}],"inLanguage":"es"},{"@type":"Organization","@id":"https:\/\/aivlisoft.net\/shop\/#organization","name":"Aivlisoft Inform\u00e1tica","url":"https:\/\/aivlisoft.net\/shop\/","logo":{"@type":"ImageObject","inLanguage":"es","@id":"https:\/\/aivlisoft.net\/shop\/#\/schema\/logo\/image\/","url":"https:\/\/aivlisoft.net\/shop\/wp-content\/uploads\/2024\/12\/removal.ai_5b848c54-0cdf-4140-95c5-c5536bb7573b-logodef.png","contentUrl":"https:\/\/aivlisoft.net\/shop\/wp-content\/uploads\/2024\/12\/removal.ai_5b848c54-0cdf-4140-95c5-c5536bb7573b-logodef.png","width":484,"height":182,"caption":"Aivlisoft Inform\u00e1tica"},"image":{"@id":"https:\/\/aivlisoft.net\/shop\/#\/schema\/logo\/image\/"}}]}},"_links":{"self":[{"href":"https:\/\/aivlisoft.net\/shop\/wp-json\/wp\/v2\/product\/20008","targetHints":{"allow":["GET"]}}],"collection":[{"href":"https:\/\/aivlisoft.net\/shop\/wp-json\/wp\/v2\/product"}],"about":[{"href":"https:\/\/aivlisoft.net\/shop\/wp-json\/wp\/v2\/types\/product"}],"wp:featuredmedia":[{"embeddable":true,"href":"https:\/\/aivlisoft.net\/shop\/wp-json\/wp\/v2\/media\/20009"}],"wp:attachment":[{"href":"https:\/\/aivlisoft.net\/shop\/wp-json\/wp\/v2\/media?parent=20008"}],"wp:term":[{"taxonomy":"product_brand","embeddable":true,"href":"https:\/\/aivlisoft.net\/shop\/wp-json\/wp\/v2\/product_brand?post=20008"},{"taxonomy":"product_cat","embeddable":true,"href":"https:\/\/aivlisoft.net\/shop\/wp-json\/wp\/v2\/product_cat?post=20008"},{"taxonomy":"product_tag","embeddable":true,"href":"https:\/\/aivlisoft.net\/shop\/wp-json\/wp\/v2\/product_tag?post=20008"}],"curies":[{"name":"wp","href":"https:\/\/api.w.org\/{rel}","templated":true}]}}