{"id":19999,"date":"2025-01-13T15:38:24","date_gmt":"2025-01-13T15:38:24","guid":{"rendered":"https:\/\/aivlisoft.com\/?post_type=product&#038;p=19999"},"modified":"2025-01-14T11:48:19","modified_gmt":"2025-01-14T11:48:19","slug":"aruba-instant-on-ap22d-rw-1x2-5gbe-4xgbe-2x2","status":"publish","type":"product","link":"https:\/\/aivlisoft.net\/shop\/producto\/aruba-instant-on-ap22d-rw-1x2-5gbe-4xgbe-2x2\/","title":{"rendered":"Aruba Instant On AP22D (RW) 1&#215;2.5GbE 4xGbE 2&#215;2"},"content":{"rendered":"<p><\/p>\n<table class=\"tabla_caracteristicas\" width=\"100%\">\n<tr>\n<td valign=\"top\"><strong>Marca<\/strong><\/td>\n<td>Aruba<\/td>\n<\/tr>\n<tr>\n<td valign=\"top\"><strong>Modelo<\/strong><\/td>\n<td><strong>S1U76A<\/strong><\/td>\n<\/tr>\n<tr>\n<td valign=\"top\"><strong>Caracter&iacute;sticas<\/strong><\/td>\n<td>&#8211; Wi-Fi CERTIFIED 6 AP22D<br \/>\t\t\t&#8211; Compacto y minimalista<br \/>\t\t\t&#8211; Puertos Gigabit Ethernet<br \/>\t\t\t&#8211; Aumento de la tasa de datos<br \/>\t\t\t&#8211; Seguridad<br \/>\t\t\t&#8211; Implantaci&oacute;n ideal: Hoteles boutique, oficinas peque&ntilde;as\/dom&eacute;sticas, consultas m&eacute;dicas, recepci&oacute;n&nbsp;&nbsp; &nbsp;<br \/>\t\t\t&#8211; N&uacute;mero m&aacute;ximo recomendado de dispositivos activos por punto de acceso: 75&nbsp;&nbsp; &nbsp;<br \/>\t\t\t&#8211; Tasas de datos m&aacute;x: 1774 Mbps<br \/>\t\t\t&#8211; MIMO: 2 x 2&nbsp;&nbsp; &nbsp;<br \/>\t\t\t&#8211; Peso: 360 g<br \/>\t\t\t&#8211; Radios: 2,4 GHz 802.11ax (Wi-Fi 6); 5 GHz 802.11ax (Wi-Fi 6)<br \/>\t\t\t&#8211; Alimentaci&oacute;n: Alimentaci&oacute;n a trav&eacute;s de Ethernet de entrada: 802.3at\/802.3bt, alimentaci&oacute;n a trav&eacute;s de Ethernet de salida: 2&#215;15 W (PoE 802.3af)<br \/>\t\t\t<strong>Dimensiones&nbsp;&nbsp; &nbsp;<\/strong><br \/>\t\t\t&#8211; 86 x 150 x 47 mm<\/td>\n<\/tr>\n<tr>\n<td valign=\"top\"><strong>Fecha de revisi&oacute;n<\/strong><\/td>\n<td>04-06-2024 por RTY<\/td>\n<\/tr>\n<\/table>\n","protected":false},"excerpt":{"rendered":"<p>Marca Aruba Modelo S1U76A Caracter&iacute;sticas &#8211; Wi-Fi CERTIFIED 6 AP22D &#8211; Compacto y minimalista &#8211; Puertos Gigabit Ethernet &#8211; Aumento de la tasa de datos &#8211; Seguridad &#8211; Implantaci&oacute;n ideal: Hoteles boutique, oficinas peque&ntilde;as\/dom&eacute;sticas, consultas m&eacute;dicas, recepci&oacute;n&nbsp;&nbsp; &nbsp; &#8211; N&uacute;mero m&aacute;ximo recomendado de dispositivos activos por punto de acceso: 75&nbsp;&nbsp; &nbsp; &#8211; Tasas de datos&hellip;&nbsp;<a href=\"https:\/\/aivlisoft.net\/shop\/producto\/aruba-instant-on-ap22d-rw-1x2-5gbe-4xgbe-2x2\/\" rel=\"bookmark\"><span class=\"screen-reader-text\">Aruba Instant On AP22D (RW) 1&#215;2.5GbE 4xGbE 2&#215;2<\/span><\/a><\/p>\n","protected":false},"featured_media":20000,"template":"","meta":{"neve_meta_sidebar":"","neve_meta_container":"","neve_meta_enable_content_width":"","neve_meta_content_width":0,"neve_meta_title_alignment":"","neve_meta_author_avatar":"","neve_post_elements_order":"","neve_meta_disable_header":"","neve_meta_disable_footer":"","neve_meta_disable_title":""},"product_brand":[],"product_cat":[8770],"product_tag":[7172],"class_list":{"0":"post-19999","1":"product","2":"type-product","3":"status-publish","4":"has-post-thumbnail","6":"product_cat-puntos-de-acceso","7":"product_tag-s1u76a","9":"first","10":"instock","11":"taxable","12":"shipping-taxable","13":"purchasable","14":"product-type-simple"},"yoast_head":"<!-- This site is optimized with the Yoast SEO plugin v26.0 - https:\/\/yoast.com\/wordpress\/plugins\/seo\/ -->\n<title>Aruba Instant On AP22D (RW) 1x2.5GbE 4xGbE 2x2 - Aivlisoft Inform\u00e1tica<\/title>\n<meta name=\"robots\" content=\"index, follow, max-snippet:-1, max-image-preview:large, max-video-preview:-1\" \/>\n<link rel=\"canonical\" href=\"https:\/\/aivlisoft.net\/shop\/producto\/aruba-instant-on-ap22d-rw-1x2-5gbe-4xgbe-2x2\/\" \/>\n<meta property=\"og:locale\" content=\"es_ES\" \/>\n<meta property=\"og:type\" content=\"article\" \/>\n<meta property=\"og:title\" content=\"Aruba Instant On AP22D (RW) 1x2.5GbE 4xGbE 2x2 - Aivlisoft Inform\u00e1tica\" \/>\n<meta property=\"og:description\" content=\"Marca Aruba Modelo S1U76A Caracter&iacute;sticas &#8211; Wi-Fi CERTIFIED 6 AP22D &#8211; Compacto y minimalista &#8211; Puertos Gigabit Ethernet &#8211; Aumento de la tasa de datos &#8211; Seguridad &#8211; Implantaci&oacute;n ideal: Hoteles boutique, oficinas peque&ntilde;as\/dom&eacute;sticas, consultas m&eacute;dicas, recepci&oacute;n&nbsp;&nbsp; &nbsp; &#8211; N&uacute;mero m&aacute;ximo recomendado de dispositivos activos por punto de acceso: 75&nbsp;&nbsp; &nbsp; &#8211; Tasas de datos&hellip;&nbsp;Aruba Instant On AP22D (RW) 1&#215;2.5GbE 4xGbE 2&#215;2\" \/>\n<meta property=\"og:url\" content=\"https:\/\/aivlisoft.net\/shop\/producto\/aruba-instant-on-ap22d-rw-1x2-5gbe-4xgbe-2x2\/\" \/>\n<meta property=\"og:site_name\" content=\"Aivlisoft Inform\u00e1tica\" \/>\n<meta property=\"article:modified_time\" content=\"2025-01-14T11:48:19+00:00\" \/>\n<meta property=\"og:image\" content=\"https:\/\/aivlisoft.net\/shop\/wp-content\/uploads\/2025\/01\/NSWPAC0548_800.jpg\" \/>\n\t<meta property=\"og:image:width\" content=\"800\" \/>\n\t<meta property=\"og:image:height\" content=\"800\" \/>\n\t<meta property=\"og:image:type\" content=\"image\/jpeg\" \/>\n<meta name=\"twitter:card\" content=\"summary_large_image\" \/>\n<meta name=\"twitter:label1\" content=\"Tiempo de lectura\" \/>\n\t<meta name=\"twitter:data1\" content=\"1 minuto\" \/>\n<script type=\"application\/ld+json\" class=\"yoast-schema-graph\">{\"@context\":\"https:\/\/schema.org\",\"@graph\":[{\"@type\":\"WebPage\",\"@id\":\"https:\/\/aivlisoft.net\/shop\/producto\/aruba-instant-on-ap22d-rw-1x2-5gbe-4xgbe-2x2\/\",\"url\":\"https:\/\/aivlisoft.net\/shop\/producto\/aruba-instant-on-ap22d-rw-1x2-5gbe-4xgbe-2x2\/\",\"name\":\"Aruba Instant On AP22D (RW) 1x2.5GbE 4xGbE 2x2 - Aivlisoft Inform\u00e1tica\",\"isPartOf\":{\"@id\":\"https:\/\/aivlisoft.net\/shop\/#website\"},\"primaryImageOfPage\":{\"@id\":\"https:\/\/aivlisoft.net\/shop\/producto\/aruba-instant-on-ap22d-rw-1x2-5gbe-4xgbe-2x2\/#primaryimage\"},\"image\":{\"@id\":\"https:\/\/aivlisoft.net\/shop\/producto\/aruba-instant-on-ap22d-rw-1x2-5gbe-4xgbe-2x2\/#primaryimage\"},\"thumbnailUrl\":\"https:\/\/aivlisoft.net\/shop\/wp-content\/uploads\/2025\/01\/NSWPAC0548_800.jpg\",\"datePublished\":\"2025-01-13T15:38:24+00:00\",\"dateModified\":\"2025-01-14T11:48:19+00:00\",\"breadcrumb\":{\"@id\":\"https:\/\/aivlisoft.net\/shop\/producto\/aruba-instant-on-ap22d-rw-1x2-5gbe-4xgbe-2x2\/#breadcrumb\"},\"inLanguage\":\"es\",\"potentialAction\":[{\"@type\":\"ReadAction\",\"target\":[\"https:\/\/aivlisoft.net\/shop\/producto\/aruba-instant-on-ap22d-rw-1x2-5gbe-4xgbe-2x2\/\"]}]},{\"@type\":\"ImageObject\",\"inLanguage\":\"es\",\"@id\":\"https:\/\/aivlisoft.net\/shop\/producto\/aruba-instant-on-ap22d-rw-1x2-5gbe-4xgbe-2x2\/#primaryimage\",\"url\":\"https:\/\/aivlisoft.net\/shop\/wp-content\/uploads\/2025\/01\/NSWPAC0548_800.jpg\",\"contentUrl\":\"https:\/\/aivlisoft.net\/shop\/wp-content\/uploads\/2025\/01\/NSWPAC0548_800.jpg\",\"width\":800,\"height\":800},{\"@type\":\"BreadcrumbList\",\"@id\":\"https:\/\/aivlisoft.net\/shop\/producto\/aruba-instant-on-ap22d-rw-1x2-5gbe-4xgbe-2x2\/#breadcrumb\",\"itemListElement\":[{\"@type\":\"ListItem\",\"position\":1,\"name\":\"Portada\",\"item\":\"https:\/\/aivlisoft.net\/shop\/\"},{\"@type\":\"ListItem\",\"position\":2,\"name\":\"Tienda\",\"item\":\"https:\/\/aivlisoft.net\/shop\/tienda\/\"},{\"@type\":\"ListItem\",\"position\":3,\"name\":\"Aruba Instant On AP22D (RW) 1&#215;2.5GbE 4xGbE 2&#215;2\"}]},{\"@type\":\"WebSite\",\"@id\":\"https:\/\/aivlisoft.net\/shop\/#website\",\"url\":\"https:\/\/aivlisoft.net\/shop\/\",\"name\":\"Aivlisoft Inform\u00e1tica\",\"description\":\"En Aivlisoft Inform\u00e1tica ofrecemos soluciones tecnol\u00f3gicas para empresas: venta de ordenadores, consumibles, perif\u00e9ricos y m\u00e1s. Calidad, atenci\u00f3n personalizada y los mejores precios para tu negocio.\",\"publisher\":{\"@id\":\"https:\/\/aivlisoft.net\/shop\/#organization\"},\"potentialAction\":[{\"@type\":\"SearchAction\",\"target\":{\"@type\":\"EntryPoint\",\"urlTemplate\":\"https:\/\/aivlisoft.net\/shop\/?s={search_term_string}\"},\"query-input\":{\"@type\":\"PropertyValueSpecification\",\"valueRequired\":true,\"valueName\":\"search_term_string\"}}],\"inLanguage\":\"es\"},{\"@type\":\"Organization\",\"@id\":\"https:\/\/aivlisoft.net\/shop\/#organization\",\"name\":\"Aivlisoft Inform\u00e1tica\",\"url\":\"https:\/\/aivlisoft.net\/shop\/\",\"logo\":{\"@type\":\"ImageObject\",\"inLanguage\":\"es\",\"@id\":\"https:\/\/aivlisoft.net\/shop\/#\/schema\/logo\/image\/\",\"url\":\"https:\/\/aivlisoft.net\/shop\/wp-content\/uploads\/2024\/12\/removal.ai_5b848c54-0cdf-4140-95c5-c5536bb7573b-logodef.png\",\"contentUrl\":\"https:\/\/aivlisoft.net\/shop\/wp-content\/uploads\/2024\/12\/removal.ai_5b848c54-0cdf-4140-95c5-c5536bb7573b-logodef.png\",\"width\":484,\"height\":182,\"caption\":\"Aivlisoft Inform\u00e1tica\"},\"image\":{\"@id\":\"https:\/\/aivlisoft.net\/shop\/#\/schema\/logo\/image\/\"}}]}<\/script>\n<!-- \/ Yoast SEO plugin. -->","yoast_head_json":{"title":"Aruba Instant On AP22D (RW) 1x2.5GbE 4xGbE 2x2 - Aivlisoft Inform\u00e1tica","robots":{"index":"index","follow":"follow","max-snippet":"max-snippet:-1","max-image-preview":"max-image-preview:large","max-video-preview":"max-video-preview:-1"},"canonical":"https:\/\/aivlisoft.net\/shop\/producto\/aruba-instant-on-ap22d-rw-1x2-5gbe-4xgbe-2x2\/","og_locale":"es_ES","og_type":"article","og_title":"Aruba Instant On AP22D (RW) 1x2.5GbE 4xGbE 2x2 - Aivlisoft Inform\u00e1tica","og_description":"Marca Aruba Modelo S1U76A Caracter&iacute;sticas &#8211; Wi-Fi CERTIFIED 6 AP22D &#8211; Compacto y minimalista &#8211; Puertos Gigabit Ethernet &#8211; Aumento de la tasa de datos &#8211; Seguridad &#8211; Implantaci&oacute;n ideal: Hoteles boutique, oficinas peque&ntilde;as\/dom&eacute;sticas, consultas m&eacute;dicas, recepci&oacute;n&nbsp;&nbsp; &nbsp; &#8211; N&uacute;mero m&aacute;ximo recomendado de dispositivos activos por punto de acceso: 75&nbsp;&nbsp; &nbsp; &#8211; Tasas de datos&hellip;&nbsp;Aruba Instant On AP22D (RW) 1&#215;2.5GbE 4xGbE 2&#215;2","og_url":"https:\/\/aivlisoft.net\/shop\/producto\/aruba-instant-on-ap22d-rw-1x2-5gbe-4xgbe-2x2\/","og_site_name":"Aivlisoft Inform\u00e1tica","article_modified_time":"2025-01-14T11:48:19+00:00","og_image":[{"width":800,"height":800,"url":"https:\/\/aivlisoft.net\/shop\/wp-content\/uploads\/2025\/01\/NSWPAC0548_800.jpg","type":"image\/jpeg"}],"twitter_card":"summary_large_image","twitter_misc":{"Tiempo de lectura":"1 minuto"},"schema":{"@context":"https:\/\/schema.org","@graph":[{"@type":"WebPage","@id":"https:\/\/aivlisoft.net\/shop\/producto\/aruba-instant-on-ap22d-rw-1x2-5gbe-4xgbe-2x2\/","url":"https:\/\/aivlisoft.net\/shop\/producto\/aruba-instant-on-ap22d-rw-1x2-5gbe-4xgbe-2x2\/","name":"Aruba Instant On AP22D (RW) 1x2.5GbE 4xGbE 2x2 - Aivlisoft Inform\u00e1tica","isPartOf":{"@id":"https:\/\/aivlisoft.net\/shop\/#website"},"primaryImageOfPage":{"@id":"https:\/\/aivlisoft.net\/shop\/producto\/aruba-instant-on-ap22d-rw-1x2-5gbe-4xgbe-2x2\/#primaryimage"},"image":{"@id":"https:\/\/aivlisoft.net\/shop\/producto\/aruba-instant-on-ap22d-rw-1x2-5gbe-4xgbe-2x2\/#primaryimage"},"thumbnailUrl":"https:\/\/aivlisoft.net\/shop\/wp-content\/uploads\/2025\/01\/NSWPAC0548_800.jpg","datePublished":"2025-01-13T15:38:24+00:00","dateModified":"2025-01-14T11:48:19+00:00","breadcrumb":{"@id":"https:\/\/aivlisoft.net\/shop\/producto\/aruba-instant-on-ap22d-rw-1x2-5gbe-4xgbe-2x2\/#breadcrumb"},"inLanguage":"es","potentialAction":[{"@type":"ReadAction","target":["https:\/\/aivlisoft.net\/shop\/producto\/aruba-instant-on-ap22d-rw-1x2-5gbe-4xgbe-2x2\/"]}]},{"@type":"ImageObject","inLanguage":"es","@id":"https:\/\/aivlisoft.net\/shop\/producto\/aruba-instant-on-ap22d-rw-1x2-5gbe-4xgbe-2x2\/#primaryimage","url":"https:\/\/aivlisoft.net\/shop\/wp-content\/uploads\/2025\/01\/NSWPAC0548_800.jpg","contentUrl":"https:\/\/aivlisoft.net\/shop\/wp-content\/uploads\/2025\/01\/NSWPAC0548_800.jpg","width":800,"height":800},{"@type":"BreadcrumbList","@id":"https:\/\/aivlisoft.net\/shop\/producto\/aruba-instant-on-ap22d-rw-1x2-5gbe-4xgbe-2x2\/#breadcrumb","itemListElement":[{"@type":"ListItem","position":1,"name":"Portada","item":"https:\/\/aivlisoft.net\/shop\/"},{"@type":"ListItem","position":2,"name":"Tienda","item":"https:\/\/aivlisoft.net\/shop\/tienda\/"},{"@type":"ListItem","position":3,"name":"Aruba Instant On AP22D (RW) 1&#215;2.5GbE 4xGbE 2&#215;2"}]},{"@type":"WebSite","@id":"https:\/\/aivlisoft.net\/shop\/#website","url":"https:\/\/aivlisoft.net\/shop\/","name":"Aivlisoft Inform\u00e1tica","description":"En Aivlisoft Inform\u00e1tica ofrecemos soluciones tecnol\u00f3gicas para empresas: venta de ordenadores, consumibles, perif\u00e9ricos y m\u00e1s. Calidad, atenci\u00f3n personalizada y los mejores precios para tu negocio.","publisher":{"@id":"https:\/\/aivlisoft.net\/shop\/#organization"},"potentialAction":[{"@type":"SearchAction","target":{"@type":"EntryPoint","urlTemplate":"https:\/\/aivlisoft.net\/shop\/?s={search_term_string}"},"query-input":{"@type":"PropertyValueSpecification","valueRequired":true,"valueName":"search_term_string"}}],"inLanguage":"es"},{"@type":"Organization","@id":"https:\/\/aivlisoft.net\/shop\/#organization","name":"Aivlisoft Inform\u00e1tica","url":"https:\/\/aivlisoft.net\/shop\/","logo":{"@type":"ImageObject","inLanguage":"es","@id":"https:\/\/aivlisoft.net\/shop\/#\/schema\/logo\/image\/","url":"https:\/\/aivlisoft.net\/shop\/wp-content\/uploads\/2024\/12\/removal.ai_5b848c54-0cdf-4140-95c5-c5536bb7573b-logodef.png","contentUrl":"https:\/\/aivlisoft.net\/shop\/wp-content\/uploads\/2024\/12\/removal.ai_5b848c54-0cdf-4140-95c5-c5536bb7573b-logodef.png","width":484,"height":182,"caption":"Aivlisoft Inform\u00e1tica"},"image":{"@id":"https:\/\/aivlisoft.net\/shop\/#\/schema\/logo\/image\/"}}]}},"_links":{"self":[{"href":"https:\/\/aivlisoft.net\/shop\/wp-json\/wp\/v2\/product\/19999","targetHints":{"allow":["GET"]}}],"collection":[{"href":"https:\/\/aivlisoft.net\/shop\/wp-json\/wp\/v2\/product"}],"about":[{"href":"https:\/\/aivlisoft.net\/shop\/wp-json\/wp\/v2\/types\/product"}],"wp:featuredmedia":[{"embeddable":true,"href":"https:\/\/aivlisoft.net\/shop\/wp-json\/wp\/v2\/media\/20000"}],"wp:attachment":[{"href":"https:\/\/aivlisoft.net\/shop\/wp-json\/wp\/v2\/media?parent=19999"}],"wp:term":[{"taxonomy":"product_brand","embeddable":true,"href":"https:\/\/aivlisoft.net\/shop\/wp-json\/wp\/v2\/product_brand?post=19999"},{"taxonomy":"product_cat","embeddable":true,"href":"https:\/\/aivlisoft.net\/shop\/wp-json\/wp\/v2\/product_cat?post=19999"},{"taxonomy":"product_tag","embeddable":true,"href":"https:\/\/aivlisoft.net\/shop\/wp-json\/wp\/v2\/product_tag?post=19999"}],"curies":[{"name":"wp","href":"https:\/\/api.w.org\/{rel}","templated":true}]}}