{"id":19990,"date":"2025-01-13T15:38:16","date_gmt":"2025-01-13T15:38:16","guid":{"rendered":"https:\/\/aivlisoft.com\/?post_type=product&#038;p=19990"},"modified":"2025-01-14T11:48:13","modified_gmt":"2025-01-14T11:48:13","slug":"tp-link-eap113-outdoor-ap-wifi-n300-ip65","status":"publish","type":"product","link":"https:\/\/aivlisoft.net\/shop\/producto\/tp-link-eap113-outdoor-ap-wifi-n300-ip65\/","title":{"rendered":"TP-Link EAP113-Outdoor AP WiFi N300 IP65"},"content":{"rendered":"<p><strong>Ideal para entornos exteriores<\/strong>: carcasa resistente a las condiciones clim&aacute;ticas IP65 para aplicaciones de Wi-Fi al aire libre.<\/p>\n<p>&nbsp;<\/p>\n<table class=\"tabla_caracteristicas\" width=\"100%\">\n<tr>\n<td valign=\"top\" width=\"35%\"><b>Marca<\/b><\/td>\n<td valign=\"top\" width=\"65%\">TP-LINK<\/td>\n<\/tr>\n<tr>\n<td valign=\"top\" width=\"35%\"><b>Modelo<\/b><\/td>\n<td valign=\"top\" width=\"65%\"><strong>EAP113-Outdoor<\/strong><\/td>\n<\/tr>\n<tr>\n<td valign=\"top\" width=\"35%\"><b>Interfaz<\/b><\/td>\n<td valign=\"top\" width=\"65%\">&#8211; 1&times; Puerto Fast Ethernet (RJ-45) (admite PoE pasivo de 48 V\/802.3af PoE)<\/td>\n<\/tr>\n<tr>\n<td valign=\"top\" width=\"35%\"><b>Especificaciones<\/b><\/td>\n<td valign=\"top\" width=\"65%\">\n<div>&#8211; Botones: Reset<br \/>\t\t\t&#8211; Fuente de Alimentaci&oacute;n:<br \/>\t\t\t&nbsp; PoE pasivo de 48 V (+4,5 patillas; -7,8 patillas)<br \/>\t\t\t&nbsp; PoE 802.3af<br \/>\t\t\t&#8211; Consumo de Potencia: 4.11 W<br \/>\t\t\t&#8211; Tipo de Antena: 2&times; 3 dBi Atena externa Omni impermeable<br \/>\t\t\t&#8211; Carcasa resistente a la intemperie: IP65<br \/>\t\t\t&#8211; Montaje: Montaje en poste \/ pared (kits incluidos)<\/div>\n<\/td>\n<\/tr>\n<tr>\n<td valign=\"top\" width=\"35%\"><strong>Caracter&iacute;sticas inal&aacute;mbricas<\/strong><\/td>\n<td valign=\"top\" width=\"65%\">\n<div>&#8211; Wireless Client Capacity: 100+<br \/>\t\t\t&#8211; Est&aacute;ndares Inal&aacute;mbricos: IEEE 802.11n\/g\/b<br \/>\t\t\t&#8211; Frecuencia: 2.4 GHz<br \/>\t\t\t&#8211; Tasa de Se&ntilde;al:<br \/>\t\t\t&nbsp; 11n: Hasta 300 Mbps (din&aacute;mico)<br \/>\t\t\t&nbsp; 11g: hasta 54 Mbps (din&aacute;mico)<br \/>\t\t\t&nbsp; 11b: hasta 11 Mbps (din&aacute;mico)<br \/>\t\t\t&#8211; Potencia de Transmisi&oacute;n:<br \/>\t\t\t&nbsp; CE: &le;20 dBm (EIRP)<br \/>\t\t\t&nbsp; FCC: &le;22 dBm<br \/>\t\t\t&#8211; Funciones Inal&aacute;mbricas:<br \/>\t\t\t&nbsp; M&uacute;ltiples SSIDs?Hasta 8 SSIDs?<br \/>\t\t\t&nbsp; Activar\/desactivar radio inal&aacute;mbrica<br \/>\t\t\t&nbsp; Asignaci&oacute;n autom&aacute;tica de canales<br \/>\t\t\t&nbsp; Control de potencia de transmisi&oacute;n ?Ajuste la potencia de transmisi&oacute;n en dBm?<br \/>\t\t\t&nbsp; QoS(WMM)<br \/>\t\t\t&nbsp; Equilibrio de carga<br \/>\t\t\t&nbsp; L&iacute;mite de velocidad<br \/>\t\t\t&nbsp; Programa de reinicio<br \/>\t\t\t&nbsp; Programaci&oacute;n inal&aacute;mbrica<br \/>\t\t\t&nbsp; Estad&iacute;sticas inal&aacute;mbricas basadas en SSID\/AP\/Cliente<br \/>\t\t\t&#8211; Seguridad Inal&aacute;mbrica:<br \/>\t\t\t&nbsp; Autenticaci&oacute;n del portal cautivo<br \/>\t\t\t&nbsp; Control de acceso<br \/>\t\t\t&nbsp; Filtrado inal&aacute;mbrico de direcciones Mac<br \/>\t\t\t&nbsp; Aislamiento inal&aacute;mbrico entre clientes<br \/>\t\t\t&nbsp; Asignaci&oacute;n de SSID a VLAN<br \/>\t\t\t&nbsp; Detecci&oacute;n de puntos de acceso no autorizados<br \/>\t\t\t&nbsp; Compatibilidad con 802.1X<br \/>\t\t\t&nbsp; WEP \/ WPA \/ WPA2-Enterprise, WPA-PSK \/ WPA2-PSK de 64\/128\/152 bits<\/div>\n<\/td>\n<\/tr>\n<tr>\n<td valign=\"top\" width=\"35%\"><b>Otras caracter&iacute;sticas<\/b><\/td>\n<td valign=\"top\" width=\"65%\">\n<div>&#8211; Omada App<br \/>\t\t\t&#8211; Gesti&oacute;n Centralizada:<br \/>\t\t\t&nbsp; Controlador de hardware Omada (OC300)<br \/>\t\t\t&nbsp; Controlador de hardware Omada (OC200)<br \/>\t\t\t&nbsp; Controlador de software Omada<br \/>\t\t\t&#8211; Acceso a la nube: Requiere el uso de OC300, OC200 o Omada Software Controller<br \/>\t\t\t&#8211; Alertas por Correo Electr&oacute;nico &nbsp;&nbsp; &nbsp;<br \/>\t\t\t&#8211; Control de Gesti&oacute;n de Acceso MAC &nbsp;&nbsp; &nbsp;<br \/>\t\t\t&#8211; SNMP: v1, v2c<br \/>\t\t\t&#8211; Acceso al Registro de Sistema Local\/ Registro del Sistema Remoto: Syslog local\/remoto<br \/>\t\t\t&#8211; SSH &nbsp;&nbsp; &nbsp;<br \/>\t\t\t&#8211; Gesti&oacute;n basada en Web: HTTP\/HTTPS &nbsp;<br \/>\t\t\t&#8211; Gesti&oacute;n L3 &nbsp;&nbsp; &nbsp;<br \/>\t\t\t&#8211; Gesti&oacute;n Multi-sitio &nbsp;&nbsp; &nbsp;<br \/>\t\t\t&#8211; VLAN de Gesti&oacute;n &nbsp;&nbsp;&nbsp;<br \/>\t\t\t<strong>Certificaciones &nbsp;&nbsp; &nbsp;<\/strong><br \/>\t\t\t&#8211; CE, FCC, RoHS<br \/>\t\t\t<strong>Requisitos del sistema<\/strong><br \/>\t\t\t&#8211; Microsoft Windows XP<br \/>\t\t\t&#8211; Vista<br \/>\t\t\t&#8211; Windows 7<br \/>\t\t\t&#8211; Windows 8<br \/>\t\t\t&#8211; Windows 10<br \/>\t\t\t&#8211; Windows 11<br \/>\t\t\t&#8211; Linux<br \/>\t\t\t<strong>Factores Ambientales<\/strong><br \/>\t\t\t&#8211; Temperatura de funcionamiento: -30&ndash;70 &ordm;C<br \/>\t\t\t&#8211; Temperatura de almacenamiento: -40&ndash;70 &ordm;C<br \/>\t\t\t&#8211; Humedad de funcionamiento: 10&ndash;90 % de HR sin condensaci&oacute;n<br \/>\t\t\t&#8211; Humedad de almacenamiento: 5&ndash;90 % de HR sin condensaci&oacute;n<br \/>\t\t\t<strong>Dimensiones<\/strong><br \/>\t\t\t&#8211; 214.9 &times; 46 &times; 37.7 mm<br \/>\t\t\t<strong>Contenido<\/strong><br \/>\t\t\t&#8211; Punto de acceso inal&aacute;mbrico N a 300 Mbps para exteriores, EAP113-Outdoor<br \/>\t\t\t&#8211; Kits de montaje<br \/>\t\t\t&#8211; Inserto de goma impermeable<br \/>\t\t\t&#8211; Antenas impermeables \u00abResistentes al Agua\u00bb<br \/>\t\t\t&#8211; Gu&iacute;a de instalaci&oacute;n<\/div>\n<\/td>\n<\/tr>\n<tr>\n<td valign=\"top\" width=\"35%\"><b>Fecha de revisi&oacute;n<\/b><\/td>\n<td valign=\"top\" width=\"65%\">24-10-2023 por RTY<\/td>\n<\/tr>\n<\/table>\n","protected":false},"excerpt":{"rendered":"<p>Ideal para entornos exteriores: carcasa resistente a las condiciones clim&aacute;ticas IP65 para aplicaciones de Wi-Fi al aire libre. &nbsp; Marca TP-LINK Modelo EAP113-Outdoor Interfaz &#8211; 1&times; Puerto Fast Ethernet (RJ-45) (admite PoE pasivo de 48 V\/802.3af PoE) Especificaciones &#8211; Botones: Reset &#8211; Fuente de Alimentaci&oacute;n: &nbsp; PoE pasivo de 48 V (+4,5 patillas; -7,8 patillas)&hellip;&nbsp;<a href=\"https:\/\/aivlisoft.net\/shop\/producto\/tp-link-eap113-outdoor-ap-wifi-n300-ip65\/\" rel=\"bookmark\"><span class=\"screen-reader-text\">TP-Link EAP113-Outdoor AP WiFi N300 IP65<\/span><\/a><\/p>\n","protected":false},"featured_media":19991,"template":"","meta":{"neve_meta_sidebar":"","neve_meta_container":"","neve_meta_enable_content_width":"","neve_meta_content_width":0,"neve_meta_title_alignment":"","neve_meta_author_avatar":"","neve_post_elements_order":"","neve_meta_disable_header":"","neve_meta_disable_footer":"","neve_meta_disable_title":""},"product_brand":[],"product_cat":[8770],"product_tag":[7170],"class_list":{"0":"post-19990","1":"product","2":"type-product","3":"status-publish","4":"has-post-thumbnail","6":"product_cat-puntos-de-acceso","7":"product_tag-eap113-outdoor","9":"first","10":"instock","11":"taxable","12":"shipping-taxable","13":"purchasable","14":"product-type-simple"},"yoast_head":"<!-- This site is optimized with the Yoast SEO plugin v26.0 - https:\/\/yoast.com\/wordpress\/plugins\/seo\/ -->\n<title>TP-Link EAP113-Outdoor AP WiFi N300 IP65 - Aivlisoft Inform\u00e1tica<\/title>\n<meta name=\"robots\" content=\"index, follow, max-snippet:-1, max-image-preview:large, max-video-preview:-1\" \/>\n<link rel=\"canonical\" href=\"https:\/\/aivlisoft.net\/shop\/producto\/tp-link-eap113-outdoor-ap-wifi-n300-ip65\/\" \/>\n<meta property=\"og:locale\" content=\"es_ES\" \/>\n<meta property=\"og:type\" content=\"article\" \/>\n<meta property=\"og:title\" content=\"TP-Link EAP113-Outdoor AP WiFi N300 IP65 - Aivlisoft Inform\u00e1tica\" \/>\n<meta property=\"og:description\" content=\"Ideal para entornos exteriores: carcasa resistente a las condiciones clim&aacute;ticas IP65 para aplicaciones de Wi-Fi al aire libre. &nbsp; Marca TP-LINK Modelo EAP113-Outdoor Interfaz &#8211; 1&times; Puerto Fast Ethernet (RJ-45) (admite PoE pasivo de 48 V\/802.3af PoE) Especificaciones &#8211; Botones: Reset &#8211; Fuente de Alimentaci&oacute;n: &nbsp; PoE pasivo de 48 V (+4,5 patillas; -7,8 patillas)&hellip;&nbsp;TP-Link EAP113-Outdoor AP WiFi N300 IP65\" \/>\n<meta property=\"og:url\" content=\"https:\/\/aivlisoft.net\/shop\/producto\/tp-link-eap113-outdoor-ap-wifi-n300-ip65\/\" \/>\n<meta property=\"og:site_name\" content=\"Aivlisoft Inform\u00e1tica\" \/>\n<meta property=\"article:modified_time\" content=\"2025-01-14T11:48:13+00:00\" \/>\n<meta property=\"og:image\" content=\"https:\/\/aivlisoft.net\/shop\/wp-content\/uploads\/2025\/01\/NSWPAC0546_800.jpg\" \/>\n\t<meta property=\"og:image:width\" content=\"800\" \/>\n\t<meta property=\"og:image:height\" content=\"800\" \/>\n\t<meta property=\"og:image:type\" content=\"image\/jpeg\" \/>\n<meta name=\"twitter:card\" content=\"summary_large_image\" \/>\n<meta name=\"twitter:label1\" content=\"Tiempo de lectura\" \/>\n\t<meta name=\"twitter:data1\" content=\"3 minutos\" \/>\n<script type=\"application\/ld+json\" class=\"yoast-schema-graph\">{\"@context\":\"https:\/\/schema.org\",\"@graph\":[{\"@type\":\"WebPage\",\"@id\":\"https:\/\/aivlisoft.net\/shop\/producto\/tp-link-eap113-outdoor-ap-wifi-n300-ip65\/\",\"url\":\"https:\/\/aivlisoft.net\/shop\/producto\/tp-link-eap113-outdoor-ap-wifi-n300-ip65\/\",\"name\":\"TP-Link EAP113-Outdoor AP WiFi N300 IP65 - Aivlisoft Inform\u00e1tica\",\"isPartOf\":{\"@id\":\"https:\/\/aivlisoft.net\/shop\/#website\"},\"primaryImageOfPage\":{\"@id\":\"https:\/\/aivlisoft.net\/shop\/producto\/tp-link-eap113-outdoor-ap-wifi-n300-ip65\/#primaryimage\"},\"image\":{\"@id\":\"https:\/\/aivlisoft.net\/shop\/producto\/tp-link-eap113-outdoor-ap-wifi-n300-ip65\/#primaryimage\"},\"thumbnailUrl\":\"https:\/\/aivlisoft.net\/shop\/wp-content\/uploads\/2025\/01\/NSWPAC0546_800.jpg\",\"datePublished\":\"2025-01-13T15:38:16+00:00\",\"dateModified\":\"2025-01-14T11:48:13+00:00\",\"breadcrumb\":{\"@id\":\"https:\/\/aivlisoft.net\/shop\/producto\/tp-link-eap113-outdoor-ap-wifi-n300-ip65\/#breadcrumb\"},\"inLanguage\":\"es\",\"potentialAction\":[{\"@type\":\"ReadAction\",\"target\":[\"https:\/\/aivlisoft.net\/shop\/producto\/tp-link-eap113-outdoor-ap-wifi-n300-ip65\/\"]}]},{\"@type\":\"ImageObject\",\"inLanguage\":\"es\",\"@id\":\"https:\/\/aivlisoft.net\/shop\/producto\/tp-link-eap113-outdoor-ap-wifi-n300-ip65\/#primaryimage\",\"url\":\"https:\/\/aivlisoft.net\/shop\/wp-content\/uploads\/2025\/01\/NSWPAC0546_800.jpg\",\"contentUrl\":\"https:\/\/aivlisoft.net\/shop\/wp-content\/uploads\/2025\/01\/NSWPAC0546_800.jpg\",\"width\":800,\"height\":800},{\"@type\":\"BreadcrumbList\",\"@id\":\"https:\/\/aivlisoft.net\/shop\/producto\/tp-link-eap113-outdoor-ap-wifi-n300-ip65\/#breadcrumb\",\"itemListElement\":[{\"@type\":\"ListItem\",\"position\":1,\"name\":\"Portada\",\"item\":\"https:\/\/aivlisoft.net\/shop\/\"},{\"@type\":\"ListItem\",\"position\":2,\"name\":\"Tienda\",\"item\":\"https:\/\/aivlisoft.net\/shop\/tienda\/\"},{\"@type\":\"ListItem\",\"position\":3,\"name\":\"TP-Link EAP113-Outdoor AP WiFi N300 IP65\"}]},{\"@type\":\"WebSite\",\"@id\":\"https:\/\/aivlisoft.net\/shop\/#website\",\"url\":\"https:\/\/aivlisoft.net\/shop\/\",\"name\":\"Aivlisoft Inform\u00e1tica\",\"description\":\"En Aivlisoft Inform\u00e1tica ofrecemos soluciones tecnol\u00f3gicas para empresas: venta de ordenadores, consumibles, perif\u00e9ricos y m\u00e1s. Calidad, atenci\u00f3n personalizada y los mejores precios para tu negocio.\",\"publisher\":{\"@id\":\"https:\/\/aivlisoft.net\/shop\/#organization\"},\"potentialAction\":[{\"@type\":\"SearchAction\",\"target\":{\"@type\":\"EntryPoint\",\"urlTemplate\":\"https:\/\/aivlisoft.net\/shop\/?s={search_term_string}\"},\"query-input\":{\"@type\":\"PropertyValueSpecification\",\"valueRequired\":true,\"valueName\":\"search_term_string\"}}],\"inLanguage\":\"es\"},{\"@type\":\"Organization\",\"@id\":\"https:\/\/aivlisoft.net\/shop\/#organization\",\"name\":\"Aivlisoft Inform\u00e1tica\",\"url\":\"https:\/\/aivlisoft.net\/shop\/\",\"logo\":{\"@type\":\"ImageObject\",\"inLanguage\":\"es\",\"@id\":\"https:\/\/aivlisoft.net\/shop\/#\/schema\/logo\/image\/\",\"url\":\"https:\/\/aivlisoft.net\/shop\/wp-content\/uploads\/2024\/12\/removal.ai_5b848c54-0cdf-4140-95c5-c5536bb7573b-logodef.png\",\"contentUrl\":\"https:\/\/aivlisoft.net\/shop\/wp-content\/uploads\/2024\/12\/removal.ai_5b848c54-0cdf-4140-95c5-c5536bb7573b-logodef.png\",\"width\":484,\"height\":182,\"caption\":\"Aivlisoft Inform\u00e1tica\"},\"image\":{\"@id\":\"https:\/\/aivlisoft.net\/shop\/#\/schema\/logo\/image\/\"}}]}<\/script>\n<!-- \/ Yoast SEO plugin. -->","yoast_head_json":{"title":"TP-Link EAP113-Outdoor AP WiFi N300 IP65 - Aivlisoft Inform\u00e1tica","robots":{"index":"index","follow":"follow","max-snippet":"max-snippet:-1","max-image-preview":"max-image-preview:large","max-video-preview":"max-video-preview:-1"},"canonical":"https:\/\/aivlisoft.net\/shop\/producto\/tp-link-eap113-outdoor-ap-wifi-n300-ip65\/","og_locale":"es_ES","og_type":"article","og_title":"TP-Link EAP113-Outdoor AP WiFi N300 IP65 - Aivlisoft Inform\u00e1tica","og_description":"Ideal para entornos exteriores: carcasa resistente a las condiciones clim&aacute;ticas IP65 para aplicaciones de Wi-Fi al aire libre. &nbsp; Marca TP-LINK Modelo EAP113-Outdoor Interfaz &#8211; 1&times; Puerto Fast Ethernet (RJ-45) (admite PoE pasivo de 48 V\/802.3af PoE) Especificaciones &#8211; Botones: Reset &#8211; Fuente de Alimentaci&oacute;n: &nbsp; PoE pasivo de 48 V (+4,5 patillas; -7,8 patillas)&hellip;&nbsp;TP-Link EAP113-Outdoor AP WiFi N300 IP65","og_url":"https:\/\/aivlisoft.net\/shop\/producto\/tp-link-eap113-outdoor-ap-wifi-n300-ip65\/","og_site_name":"Aivlisoft Inform\u00e1tica","article_modified_time":"2025-01-14T11:48:13+00:00","og_image":[{"width":800,"height":800,"url":"https:\/\/aivlisoft.net\/shop\/wp-content\/uploads\/2025\/01\/NSWPAC0546_800.jpg","type":"image\/jpeg"}],"twitter_card":"summary_large_image","twitter_misc":{"Tiempo de lectura":"3 minutos"},"schema":{"@context":"https:\/\/schema.org","@graph":[{"@type":"WebPage","@id":"https:\/\/aivlisoft.net\/shop\/producto\/tp-link-eap113-outdoor-ap-wifi-n300-ip65\/","url":"https:\/\/aivlisoft.net\/shop\/producto\/tp-link-eap113-outdoor-ap-wifi-n300-ip65\/","name":"TP-Link EAP113-Outdoor AP WiFi N300 IP65 - Aivlisoft Inform\u00e1tica","isPartOf":{"@id":"https:\/\/aivlisoft.net\/shop\/#website"},"primaryImageOfPage":{"@id":"https:\/\/aivlisoft.net\/shop\/producto\/tp-link-eap113-outdoor-ap-wifi-n300-ip65\/#primaryimage"},"image":{"@id":"https:\/\/aivlisoft.net\/shop\/producto\/tp-link-eap113-outdoor-ap-wifi-n300-ip65\/#primaryimage"},"thumbnailUrl":"https:\/\/aivlisoft.net\/shop\/wp-content\/uploads\/2025\/01\/NSWPAC0546_800.jpg","datePublished":"2025-01-13T15:38:16+00:00","dateModified":"2025-01-14T11:48:13+00:00","breadcrumb":{"@id":"https:\/\/aivlisoft.net\/shop\/producto\/tp-link-eap113-outdoor-ap-wifi-n300-ip65\/#breadcrumb"},"inLanguage":"es","potentialAction":[{"@type":"ReadAction","target":["https:\/\/aivlisoft.net\/shop\/producto\/tp-link-eap113-outdoor-ap-wifi-n300-ip65\/"]}]},{"@type":"ImageObject","inLanguage":"es","@id":"https:\/\/aivlisoft.net\/shop\/producto\/tp-link-eap113-outdoor-ap-wifi-n300-ip65\/#primaryimage","url":"https:\/\/aivlisoft.net\/shop\/wp-content\/uploads\/2025\/01\/NSWPAC0546_800.jpg","contentUrl":"https:\/\/aivlisoft.net\/shop\/wp-content\/uploads\/2025\/01\/NSWPAC0546_800.jpg","width":800,"height":800},{"@type":"BreadcrumbList","@id":"https:\/\/aivlisoft.net\/shop\/producto\/tp-link-eap113-outdoor-ap-wifi-n300-ip65\/#breadcrumb","itemListElement":[{"@type":"ListItem","position":1,"name":"Portada","item":"https:\/\/aivlisoft.net\/shop\/"},{"@type":"ListItem","position":2,"name":"Tienda","item":"https:\/\/aivlisoft.net\/shop\/tienda\/"},{"@type":"ListItem","position":3,"name":"TP-Link EAP113-Outdoor AP WiFi N300 IP65"}]},{"@type":"WebSite","@id":"https:\/\/aivlisoft.net\/shop\/#website","url":"https:\/\/aivlisoft.net\/shop\/","name":"Aivlisoft Inform\u00e1tica","description":"En Aivlisoft Inform\u00e1tica ofrecemos soluciones tecnol\u00f3gicas para empresas: venta de ordenadores, consumibles, perif\u00e9ricos y m\u00e1s. Calidad, atenci\u00f3n personalizada y los mejores precios para tu negocio.","publisher":{"@id":"https:\/\/aivlisoft.net\/shop\/#organization"},"potentialAction":[{"@type":"SearchAction","target":{"@type":"EntryPoint","urlTemplate":"https:\/\/aivlisoft.net\/shop\/?s={search_term_string}"},"query-input":{"@type":"PropertyValueSpecification","valueRequired":true,"valueName":"search_term_string"}}],"inLanguage":"es"},{"@type":"Organization","@id":"https:\/\/aivlisoft.net\/shop\/#organization","name":"Aivlisoft Inform\u00e1tica","url":"https:\/\/aivlisoft.net\/shop\/","logo":{"@type":"ImageObject","inLanguage":"es","@id":"https:\/\/aivlisoft.net\/shop\/#\/schema\/logo\/image\/","url":"https:\/\/aivlisoft.net\/shop\/wp-content\/uploads\/2024\/12\/removal.ai_5b848c54-0cdf-4140-95c5-c5536bb7573b-logodef.png","contentUrl":"https:\/\/aivlisoft.net\/shop\/wp-content\/uploads\/2024\/12\/removal.ai_5b848c54-0cdf-4140-95c5-c5536bb7573b-logodef.png","width":484,"height":182,"caption":"Aivlisoft Inform\u00e1tica"},"image":{"@id":"https:\/\/aivlisoft.net\/shop\/#\/schema\/logo\/image\/"}}]}},"_links":{"self":[{"href":"https:\/\/aivlisoft.net\/shop\/wp-json\/wp\/v2\/product\/19990","targetHints":{"allow":["GET"]}}],"collection":[{"href":"https:\/\/aivlisoft.net\/shop\/wp-json\/wp\/v2\/product"}],"about":[{"href":"https:\/\/aivlisoft.net\/shop\/wp-json\/wp\/v2\/types\/product"}],"wp:featuredmedia":[{"embeddable":true,"href":"https:\/\/aivlisoft.net\/shop\/wp-json\/wp\/v2\/media\/19991"}],"wp:attachment":[{"href":"https:\/\/aivlisoft.net\/shop\/wp-json\/wp\/v2\/media?parent=19990"}],"wp:term":[{"taxonomy":"product_brand","embeddable":true,"href":"https:\/\/aivlisoft.net\/shop\/wp-json\/wp\/v2\/product_brand?post=19990"},{"taxonomy":"product_cat","embeddable":true,"href":"https:\/\/aivlisoft.net\/shop\/wp-json\/wp\/v2\/product_cat?post=19990"},{"taxonomy":"product_tag","embeddable":true,"href":"https:\/\/aivlisoft.net\/shop\/wp-json\/wp\/v2\/product_tag?post=19990"}],"curies":[{"name":"wp","href":"https:\/\/api.w.org\/{rel}","templated":true}]}}