{"id":19985,"date":"2025-01-13T15:38:14","date_gmt":"2025-01-13T15:38:14","guid":{"rendered":"https:\/\/aivlisoft.com\/?post_type=product&#038;p=19985"},"modified":"2025-01-14T11:48:12","modified_gmt":"2025-01-14T11:48:12","slug":"tp-link-hx2201-pk-ap-wifi6-ax1800-mesh-wisp","status":"publish","type":"product","link":"https:\/\/aivlisoft.net\/shop\/producto\/tp-link-hx2201-pk-ap-wifi6-ax1800-mesh-wisp\/","title":{"rendered":"TP-Link HX220(1-pk) AP WiFi6 AX1800 Mesh WISP"},"content":{"rendered":"<p><\/p>\n<table class=\"tabla_caracteristicas\" width=\"100%\">\n<tr>\n<td valign=\"top\"><strong>Marca<\/strong><\/td>\n<td><strong>TP-Link<\/strong><\/td>\n<\/tr>\n<tr>\n<td valign=\"top\"><strong>Modelo<\/strong><\/td>\n<td valign=\"top\"><strong>HX220(1-pack)<\/strong><\/td>\n<\/tr>\n<tr>\n<td valign=\"top\"><strong>Caracter&iacute;sticas de hardware<\/strong><\/td>\n<td>&#8211; Interfaz&nbsp;&nbsp; &nbsp;<br \/>\t\t\t&nbsp; 3 puertos Gigabit<br \/>\t\t\t&nbsp; 1 puerto admite detecci&oacute;n autom&aacute;tica de WAN\/LAN<br \/>\t\t\t&#8211; Bot&oacute;n de reset<br \/>\t\t\t&#8211; Bot&oacute;n WPS<\/td>\n<\/tr>\n<tr>\n<td valign=\"top\"><strong>Caracter&iacute;sticas inal&aacute;mbricas<\/strong><\/td>\n<td>&#8211; Est&aacute;ndares Inal&aacute;mbricos&nbsp;&nbsp; &nbsp;Wi-Fi 6<br \/>\t\t\t&nbsp; IEEE 802.11a\/n\/ac\/ax 5GHz<br \/>\t\t\t&nbsp; IEEE 802.11b\/g\/n\/ax 2.4GHz<br \/>\t\t\t&#8211; Frecuencia&nbsp;&nbsp; &nbsp;2.4GHz y 5GHz<br \/>\t\t\t&#8211; Tasa de Se&ntilde;al&nbsp;&nbsp; &nbsp;AX1800<br \/>\t\t\t&nbsp; 5 GHz: hasta 1201 Mbps<br \/>\t\t\t&nbsp; 2,4 GHz: hasta 574 Mbps<br \/>\t\t\t&#8211; Potencia de Transmisi&oacute;n&nbsp;&nbsp; &nbsp;<br \/>\t\t\t&nbsp; FCC: &lt;30 dBm(2.4GHz), &lt;30 dBm(5GHz)<br \/>\t\t\t&nbsp; CE: &lt;20 dBm (2.4GHz), &lt;23 dBm (5GHz)<br \/>\t\t\t&#8211; Seguridad Inal&aacute;mbrica: Cifrados WPA \/ WPA2 \/ WPA3<br \/>\t\t\t&#8211; Multi-SSID:<br \/>\t\t\t&nbsp; 3&times; 5GHz Multi-SSID<br \/>\t\t\t&nbsp; 3&times; 2.4GHz Multi-SSID<\/td>\n<\/tr>\n<tr>\n<td valign=\"top\"><strong>Caracter&iacute;sticas de software<\/strong><\/td>\n<td>&#8211; Calidad de Servicio: WMM<br \/>\t\t\t&#8211; Tipo de WAN: IP din&aacute;mica \/ IP est&aacute;tica \/ PPPoE<br \/>\t\t\t&#8211; Gesti&oacute;n: Gesti&oacute;n Local, Gesti&oacute;n Remota, TR-069 (TR-098 \/ TR-181), TR-111, TR-143<br \/>\t\t\t&#8211; Seguridad: Firewall&nbsp;&nbsp; &nbsp;SPI Firewall<br \/>\t\t\t&#8211; Protocolos: IPv4, IPv6<br \/>\t\t\t&#8211; Caracter&iacute;sticas Avanzadas: &nbsp;&nbsp; &nbsp;Control parental, QoS (Calidad de servicio), Reserva de direcciones, Reenv&iacute;o de puertos, Horario Wi-Fi<br \/>\t\t\t&#8211; Encriptaci&oacute;n: Cifrados WPA \/ WPA-PSK2 \/ WPA3<br \/>\t\t\t&#8211; Modos de trabajo:<br \/>\t\t\t&nbsp; Modo de enrutador<br \/>\t\t\t&nbsp; Modo de punto de acceso<\/td>\n<\/tr>\n<tr>\n<td valign=\"top\"><strong>Otras <\/strong> <strong>caracter&iacute;sticas<\/strong><\/td>\n<td>&#8211; Fuente de Alimentaci&oacute;n Externa: 12 V, 1.0 A<br \/>\t\t\t&#8211; Dimensiones: 100 x 100 x 89.5 mm<br \/>\t\t\t&#8211; Certificaciones: CE, FCC<br \/>\t\t\t&#8211; Temperatura de funcionamiento: 0&ordm; -40&ordm;<br \/>\t\t\t&#8211; Temperatura de almacenamiento: -40&ordm;&nbsp; -60&ordm;<br \/>\t\t\t&#8211; Humedad de funcionamiento: 10% -90% sin condensaci&oacute;n<br \/>\t\t\t&#8211; Humedad de almacenamiento: 5% -90% sin condensaci&oacute;n<br \/>\t\t\t<strong>Contenido del paquete<\/strong><br \/>\t\t\t&#8211; 1 unidad HX220<br \/>\t\t\t&#8211; 1 cable Ethernet RJ45<br \/>\t\t\t&#8211; 1 adaptador de corriente<br \/>\t\t\t&#8211; 1 Gu&iacute;a de instalaci&oacute;n r&aacute;pida<\/td>\n<\/tr>\n<tr>\n<td valign=\"top\"><strong>Fecha de revisi&oacute;n<\/strong><\/td>\n<td>30-05-2023 por HBG<\/td>\n<\/tr>\n<\/table>\n","protected":false},"excerpt":{"rendered":"<p>Marca TP-Link Modelo HX220(1-pack) Caracter&iacute;sticas de hardware &#8211; Interfaz&nbsp;&nbsp; &nbsp; &nbsp; 3 puertos Gigabit &nbsp; 1 puerto admite detecci&oacute;n autom&aacute;tica de WAN\/LAN &#8211; Bot&oacute;n de reset &#8211; Bot&oacute;n WPS Caracter&iacute;sticas inal&aacute;mbricas &#8211; Est&aacute;ndares Inal&aacute;mbricos&nbsp;&nbsp; &nbsp;Wi-Fi 6 &nbsp; IEEE 802.11a\/n\/ac\/ax 5GHz &nbsp; IEEE 802.11b\/g\/n\/ax 2.4GHz &#8211; Frecuencia&nbsp;&nbsp; &nbsp;2.4GHz y 5GHz &#8211; Tasa de Se&ntilde;al&nbsp;&nbsp; &nbsp;AX1800 &nbsp;&hellip;&nbsp;<a href=\"https:\/\/aivlisoft.net\/shop\/producto\/tp-link-hx2201-pk-ap-wifi6-ax1800-mesh-wisp\/\" rel=\"bookmark\"><span class=\"screen-reader-text\">TP-Link HX220(1-pk) AP WiFi6 AX1800 Mesh WISP<\/span><\/a><\/p>\n","protected":false},"featured_media":19986,"template":"","meta":{"neve_meta_sidebar":"","neve_meta_container":"","neve_meta_enable_content_width":"","neve_meta_content_width":0,"neve_meta_title_alignment":"","neve_meta_author_avatar":"","neve_post_elements_order":"","neve_meta_disable_header":"","neve_meta_disable_footer":"","neve_meta_disable_title":""},"product_brand":[],"product_cat":[8770],"product_tag":[7168],"class_list":{"0":"post-19985","1":"product","2":"type-product","3":"status-publish","4":"has-post-thumbnail","6":"product_cat-puntos-de-acceso","7":"product_tag-hx2201-pack","9":"first","10":"instock","11":"taxable","12":"shipping-taxable","13":"purchasable","14":"product-type-simple"},"yoast_head":"<!-- This site is optimized with the Yoast SEO plugin v26.0 - https:\/\/yoast.com\/wordpress\/plugins\/seo\/ -->\n<title>TP-Link HX220(1-pk) AP WiFi6 AX1800 Mesh WISP - Aivlisoft Inform\u00e1tica<\/title>\n<meta name=\"robots\" content=\"index, follow, max-snippet:-1, max-image-preview:large, max-video-preview:-1\" \/>\n<link rel=\"canonical\" href=\"https:\/\/aivlisoft.net\/shop\/producto\/tp-link-hx2201-pk-ap-wifi6-ax1800-mesh-wisp\/\" \/>\n<meta property=\"og:locale\" content=\"es_ES\" \/>\n<meta property=\"og:type\" content=\"article\" \/>\n<meta property=\"og:title\" content=\"TP-Link HX220(1-pk) AP WiFi6 AX1800 Mesh WISP - Aivlisoft Inform\u00e1tica\" \/>\n<meta property=\"og:description\" content=\"Marca TP-Link Modelo HX220(1-pack) Caracter&iacute;sticas de hardware &#8211; Interfaz&nbsp;&nbsp; &nbsp; &nbsp; 3 puertos Gigabit &nbsp; 1 puerto admite detecci&oacute;n autom&aacute;tica de WAN\/LAN &#8211; Bot&oacute;n de reset &#8211; Bot&oacute;n WPS Caracter&iacute;sticas inal&aacute;mbricas &#8211; Est&aacute;ndares Inal&aacute;mbricos&nbsp;&nbsp; &nbsp;Wi-Fi 6 &nbsp; IEEE 802.11a\/n\/ac\/ax 5GHz &nbsp; IEEE 802.11b\/g\/n\/ax 2.4GHz &#8211; Frecuencia&nbsp;&nbsp; &nbsp;2.4GHz y 5GHz &#8211; Tasa de Se&ntilde;al&nbsp;&nbsp; &nbsp;AX1800 &nbsp;&hellip;&nbsp;TP-Link HX220(1-pk) AP WiFi6 AX1800 Mesh WISP\" \/>\n<meta property=\"og:url\" content=\"https:\/\/aivlisoft.net\/shop\/producto\/tp-link-hx2201-pk-ap-wifi6-ax1800-mesh-wisp\/\" \/>\n<meta property=\"og:site_name\" content=\"Aivlisoft Inform\u00e1tica\" \/>\n<meta property=\"article:modified_time\" content=\"2025-01-14T11:48:12+00:00\" \/>\n<meta property=\"og:image\" content=\"https:\/\/aivlisoft.net\/shop\/wp-content\/uploads\/2025\/01\/NSWPAC0544_800.jpg\" \/>\n\t<meta property=\"og:image:width\" content=\"800\" \/>\n\t<meta property=\"og:image:height\" content=\"800\" \/>\n\t<meta property=\"og:image:type\" content=\"image\/jpeg\" \/>\n<meta name=\"twitter:card\" content=\"summary_large_image\" \/>\n<meta name=\"twitter:label1\" content=\"Tiempo de lectura\" \/>\n\t<meta name=\"twitter:data1\" content=\"2 minutos\" \/>\n<script type=\"application\/ld+json\" class=\"yoast-schema-graph\">{\"@context\":\"https:\/\/schema.org\",\"@graph\":[{\"@type\":\"WebPage\",\"@id\":\"https:\/\/aivlisoft.net\/shop\/producto\/tp-link-hx2201-pk-ap-wifi6-ax1800-mesh-wisp\/\",\"url\":\"https:\/\/aivlisoft.net\/shop\/producto\/tp-link-hx2201-pk-ap-wifi6-ax1800-mesh-wisp\/\",\"name\":\"TP-Link HX220(1-pk) AP WiFi6 AX1800 Mesh WISP - Aivlisoft Inform\u00e1tica\",\"isPartOf\":{\"@id\":\"https:\/\/aivlisoft.net\/shop\/#website\"},\"primaryImageOfPage\":{\"@id\":\"https:\/\/aivlisoft.net\/shop\/producto\/tp-link-hx2201-pk-ap-wifi6-ax1800-mesh-wisp\/#primaryimage\"},\"image\":{\"@id\":\"https:\/\/aivlisoft.net\/shop\/producto\/tp-link-hx2201-pk-ap-wifi6-ax1800-mesh-wisp\/#primaryimage\"},\"thumbnailUrl\":\"https:\/\/aivlisoft.net\/shop\/wp-content\/uploads\/2025\/01\/NSWPAC0544_800.jpg\",\"datePublished\":\"2025-01-13T15:38:14+00:00\",\"dateModified\":\"2025-01-14T11:48:12+00:00\",\"breadcrumb\":{\"@id\":\"https:\/\/aivlisoft.net\/shop\/producto\/tp-link-hx2201-pk-ap-wifi6-ax1800-mesh-wisp\/#breadcrumb\"},\"inLanguage\":\"es\",\"potentialAction\":[{\"@type\":\"ReadAction\",\"target\":[\"https:\/\/aivlisoft.net\/shop\/producto\/tp-link-hx2201-pk-ap-wifi6-ax1800-mesh-wisp\/\"]}]},{\"@type\":\"ImageObject\",\"inLanguage\":\"es\",\"@id\":\"https:\/\/aivlisoft.net\/shop\/producto\/tp-link-hx2201-pk-ap-wifi6-ax1800-mesh-wisp\/#primaryimage\",\"url\":\"https:\/\/aivlisoft.net\/shop\/wp-content\/uploads\/2025\/01\/NSWPAC0544_800.jpg\",\"contentUrl\":\"https:\/\/aivlisoft.net\/shop\/wp-content\/uploads\/2025\/01\/NSWPAC0544_800.jpg\",\"width\":800,\"height\":800},{\"@type\":\"BreadcrumbList\",\"@id\":\"https:\/\/aivlisoft.net\/shop\/producto\/tp-link-hx2201-pk-ap-wifi6-ax1800-mesh-wisp\/#breadcrumb\",\"itemListElement\":[{\"@type\":\"ListItem\",\"position\":1,\"name\":\"Portada\",\"item\":\"https:\/\/aivlisoft.net\/shop\/\"},{\"@type\":\"ListItem\",\"position\":2,\"name\":\"Tienda\",\"item\":\"https:\/\/aivlisoft.net\/shop\/tienda\/\"},{\"@type\":\"ListItem\",\"position\":3,\"name\":\"TP-Link HX220(1-pk) AP WiFi6 AX1800 Mesh WISP\"}]},{\"@type\":\"WebSite\",\"@id\":\"https:\/\/aivlisoft.net\/shop\/#website\",\"url\":\"https:\/\/aivlisoft.net\/shop\/\",\"name\":\"Aivlisoft Inform\u00e1tica\",\"description\":\"En Aivlisoft Inform\u00e1tica ofrecemos soluciones tecnol\u00f3gicas para empresas: venta de ordenadores, consumibles, perif\u00e9ricos y m\u00e1s. Calidad, atenci\u00f3n personalizada y los mejores precios para tu negocio.\",\"publisher\":{\"@id\":\"https:\/\/aivlisoft.net\/shop\/#organization\"},\"potentialAction\":[{\"@type\":\"SearchAction\",\"target\":{\"@type\":\"EntryPoint\",\"urlTemplate\":\"https:\/\/aivlisoft.net\/shop\/?s={search_term_string}\"},\"query-input\":{\"@type\":\"PropertyValueSpecification\",\"valueRequired\":true,\"valueName\":\"search_term_string\"}}],\"inLanguage\":\"es\"},{\"@type\":\"Organization\",\"@id\":\"https:\/\/aivlisoft.net\/shop\/#organization\",\"name\":\"Aivlisoft Inform\u00e1tica\",\"url\":\"https:\/\/aivlisoft.net\/shop\/\",\"logo\":{\"@type\":\"ImageObject\",\"inLanguage\":\"es\",\"@id\":\"https:\/\/aivlisoft.net\/shop\/#\/schema\/logo\/image\/\",\"url\":\"https:\/\/aivlisoft.net\/shop\/wp-content\/uploads\/2024\/12\/removal.ai_5b848c54-0cdf-4140-95c5-c5536bb7573b-logodef.png\",\"contentUrl\":\"https:\/\/aivlisoft.net\/shop\/wp-content\/uploads\/2024\/12\/removal.ai_5b848c54-0cdf-4140-95c5-c5536bb7573b-logodef.png\",\"width\":484,\"height\":182,\"caption\":\"Aivlisoft Inform\u00e1tica\"},\"image\":{\"@id\":\"https:\/\/aivlisoft.net\/shop\/#\/schema\/logo\/image\/\"}}]}<\/script>\n<!-- \/ Yoast SEO plugin. -->","yoast_head_json":{"title":"TP-Link HX220(1-pk) AP WiFi6 AX1800 Mesh WISP - Aivlisoft Inform\u00e1tica","robots":{"index":"index","follow":"follow","max-snippet":"max-snippet:-1","max-image-preview":"max-image-preview:large","max-video-preview":"max-video-preview:-1"},"canonical":"https:\/\/aivlisoft.net\/shop\/producto\/tp-link-hx2201-pk-ap-wifi6-ax1800-mesh-wisp\/","og_locale":"es_ES","og_type":"article","og_title":"TP-Link HX220(1-pk) AP WiFi6 AX1800 Mesh WISP - Aivlisoft Inform\u00e1tica","og_description":"Marca TP-Link Modelo HX220(1-pack) Caracter&iacute;sticas de hardware &#8211; Interfaz&nbsp;&nbsp; &nbsp; &nbsp; 3 puertos Gigabit &nbsp; 1 puerto admite detecci&oacute;n autom&aacute;tica de WAN\/LAN &#8211; Bot&oacute;n de reset &#8211; Bot&oacute;n WPS Caracter&iacute;sticas inal&aacute;mbricas &#8211; Est&aacute;ndares Inal&aacute;mbricos&nbsp;&nbsp; &nbsp;Wi-Fi 6 &nbsp; IEEE 802.11a\/n\/ac\/ax 5GHz &nbsp; IEEE 802.11b\/g\/n\/ax 2.4GHz &#8211; Frecuencia&nbsp;&nbsp; &nbsp;2.4GHz y 5GHz &#8211; Tasa de Se&ntilde;al&nbsp;&nbsp; &nbsp;AX1800 &nbsp;&hellip;&nbsp;TP-Link HX220(1-pk) AP WiFi6 AX1800 Mesh WISP","og_url":"https:\/\/aivlisoft.net\/shop\/producto\/tp-link-hx2201-pk-ap-wifi6-ax1800-mesh-wisp\/","og_site_name":"Aivlisoft Inform\u00e1tica","article_modified_time":"2025-01-14T11:48:12+00:00","og_image":[{"width":800,"height":800,"url":"https:\/\/aivlisoft.net\/shop\/wp-content\/uploads\/2025\/01\/NSWPAC0544_800.jpg","type":"image\/jpeg"}],"twitter_card":"summary_large_image","twitter_misc":{"Tiempo de lectura":"2 minutos"},"schema":{"@context":"https:\/\/schema.org","@graph":[{"@type":"WebPage","@id":"https:\/\/aivlisoft.net\/shop\/producto\/tp-link-hx2201-pk-ap-wifi6-ax1800-mesh-wisp\/","url":"https:\/\/aivlisoft.net\/shop\/producto\/tp-link-hx2201-pk-ap-wifi6-ax1800-mesh-wisp\/","name":"TP-Link HX220(1-pk) AP WiFi6 AX1800 Mesh WISP - Aivlisoft Inform\u00e1tica","isPartOf":{"@id":"https:\/\/aivlisoft.net\/shop\/#website"},"primaryImageOfPage":{"@id":"https:\/\/aivlisoft.net\/shop\/producto\/tp-link-hx2201-pk-ap-wifi6-ax1800-mesh-wisp\/#primaryimage"},"image":{"@id":"https:\/\/aivlisoft.net\/shop\/producto\/tp-link-hx2201-pk-ap-wifi6-ax1800-mesh-wisp\/#primaryimage"},"thumbnailUrl":"https:\/\/aivlisoft.net\/shop\/wp-content\/uploads\/2025\/01\/NSWPAC0544_800.jpg","datePublished":"2025-01-13T15:38:14+00:00","dateModified":"2025-01-14T11:48:12+00:00","breadcrumb":{"@id":"https:\/\/aivlisoft.net\/shop\/producto\/tp-link-hx2201-pk-ap-wifi6-ax1800-mesh-wisp\/#breadcrumb"},"inLanguage":"es","potentialAction":[{"@type":"ReadAction","target":["https:\/\/aivlisoft.net\/shop\/producto\/tp-link-hx2201-pk-ap-wifi6-ax1800-mesh-wisp\/"]}]},{"@type":"ImageObject","inLanguage":"es","@id":"https:\/\/aivlisoft.net\/shop\/producto\/tp-link-hx2201-pk-ap-wifi6-ax1800-mesh-wisp\/#primaryimage","url":"https:\/\/aivlisoft.net\/shop\/wp-content\/uploads\/2025\/01\/NSWPAC0544_800.jpg","contentUrl":"https:\/\/aivlisoft.net\/shop\/wp-content\/uploads\/2025\/01\/NSWPAC0544_800.jpg","width":800,"height":800},{"@type":"BreadcrumbList","@id":"https:\/\/aivlisoft.net\/shop\/producto\/tp-link-hx2201-pk-ap-wifi6-ax1800-mesh-wisp\/#breadcrumb","itemListElement":[{"@type":"ListItem","position":1,"name":"Portada","item":"https:\/\/aivlisoft.net\/shop\/"},{"@type":"ListItem","position":2,"name":"Tienda","item":"https:\/\/aivlisoft.net\/shop\/tienda\/"},{"@type":"ListItem","position":3,"name":"TP-Link HX220(1-pk) AP WiFi6 AX1800 Mesh WISP"}]},{"@type":"WebSite","@id":"https:\/\/aivlisoft.net\/shop\/#website","url":"https:\/\/aivlisoft.net\/shop\/","name":"Aivlisoft Inform\u00e1tica","description":"En Aivlisoft Inform\u00e1tica ofrecemos soluciones tecnol\u00f3gicas para empresas: venta de ordenadores, consumibles, perif\u00e9ricos y m\u00e1s. Calidad, atenci\u00f3n personalizada y los mejores precios para tu negocio.","publisher":{"@id":"https:\/\/aivlisoft.net\/shop\/#organization"},"potentialAction":[{"@type":"SearchAction","target":{"@type":"EntryPoint","urlTemplate":"https:\/\/aivlisoft.net\/shop\/?s={search_term_string}"},"query-input":{"@type":"PropertyValueSpecification","valueRequired":true,"valueName":"search_term_string"}}],"inLanguage":"es"},{"@type":"Organization","@id":"https:\/\/aivlisoft.net\/shop\/#organization","name":"Aivlisoft Inform\u00e1tica","url":"https:\/\/aivlisoft.net\/shop\/","logo":{"@type":"ImageObject","inLanguage":"es","@id":"https:\/\/aivlisoft.net\/shop\/#\/schema\/logo\/image\/","url":"https:\/\/aivlisoft.net\/shop\/wp-content\/uploads\/2024\/12\/removal.ai_5b848c54-0cdf-4140-95c5-c5536bb7573b-logodef.png","contentUrl":"https:\/\/aivlisoft.net\/shop\/wp-content\/uploads\/2024\/12\/removal.ai_5b848c54-0cdf-4140-95c5-c5536bb7573b-logodef.png","width":484,"height":182,"caption":"Aivlisoft Inform\u00e1tica"},"image":{"@id":"https:\/\/aivlisoft.net\/shop\/#\/schema\/logo\/image\/"}}]}},"_links":{"self":[{"href":"https:\/\/aivlisoft.net\/shop\/wp-json\/wp\/v2\/product\/19985","targetHints":{"allow":["GET"]}}],"collection":[{"href":"https:\/\/aivlisoft.net\/shop\/wp-json\/wp\/v2\/product"}],"about":[{"href":"https:\/\/aivlisoft.net\/shop\/wp-json\/wp\/v2\/types\/product"}],"wp:featuredmedia":[{"embeddable":true,"href":"https:\/\/aivlisoft.net\/shop\/wp-json\/wp\/v2\/media\/19986"}],"wp:attachment":[{"href":"https:\/\/aivlisoft.net\/shop\/wp-json\/wp\/v2\/media?parent=19985"}],"wp:term":[{"taxonomy":"product_brand","embeddable":true,"href":"https:\/\/aivlisoft.net\/shop\/wp-json\/wp\/v2\/product_brand?post=19985"},{"taxonomy":"product_cat","embeddable":true,"href":"https:\/\/aivlisoft.net\/shop\/wp-json\/wp\/v2\/product_cat?post=19985"},{"taxonomy":"product_tag","embeddable":true,"href":"https:\/\/aivlisoft.net\/shop\/wp-json\/wp\/v2\/product_tag?post=19985"}],"curies":[{"name":"wp","href":"https:\/\/api.w.org\/{rel}","templated":true}]}}