{"id":19958,"date":"2025-01-13T15:37:59","date_gmt":"2025-01-13T15:37:59","guid":{"rendered":"https:\/\/aivlisoft.com\/?post_type=product&#038;p=19958"},"modified":"2025-01-14T11:48:05","modified_gmt":"2025-01-14T11:48:05","slug":"tp-link-deco-s73-pack-ap-ac1900-wifi-mesh","status":"publish","type":"product","link":"https:\/\/aivlisoft.net\/shop\/producto\/tp-link-deco-s73-pack-ap-ac1900-wifi-mesh\/","title":{"rendered":"TP-Link Deco S7(3-Pack) AP AC1900 WiFi Mesh"},"content":{"rendered":"<p>&nbsp;<\/p>\n<table class=\"tabla_caracteristicas\" width=\"100%\">\n<tr>\n<td valign=\"top\" width=\"35%\"><b>Marca<\/b><\/td>\n<td valign=\"top\" width=\"65%\">TP-LINK<\/td>\n<\/tr>\n<tr>\n<td valign=\"top\" width=\"35%\"><b>Modelo<\/b><\/td>\n<td valign=\"top\" width=\"65%\"><strong>Deco S7(3-pack)<\/strong><\/td>\n<\/tr>\n<tr>\n<td valign=\"top\" width=\"35%\"><b>Est&aacute;ndares<\/b><\/td>\n<td valign=\"top\" width=\"65%\">&#8211; Wi-Fi 5<br \/>\t\t\t&nbsp; IEEE 802.11ac\/n\/a 5 GHz<br \/>\t\t\t&nbsp; IEEE 802.11n\/b\/g 2.4 GHz<\/td>\n<\/tr>\n<tr>\n<td valign=\"top\" width=\"35%\"><b>Especificaciones<\/b><\/td>\n<td valign=\"top\" width=\"65%\">\n<div><strong>Velocidades Wi-Fi &nbsp;&nbsp; &nbsp;<\/strong><br \/>\t\t\t&#8211; AC1900<br \/>\t\t\t&nbsp; 5 GHz: 1300 Mbps (802.11ac)<br \/>\t\t\t&nbsp; 2.4 GHz: 600 Mbps (802.11n)<br \/>\t\t\t<strong>Rango WiFi &nbsp;&nbsp; &nbsp;<\/strong><br \/>\t\t\t&#8211; Casas de 3 a 5 dormitorios (paquete de 3):<br \/>\t\t\t&nbsp; Tecnolog&iacute;a de malla TP-Link<br \/>\t\t\t&nbsp; El backhaul Ethernet opcional funciona en conjunto para vincular las unidades Deco y brindar una cobertura perfecta<br \/>\t\t\t&#8211; 3 &times; antenas (internas): M&uacute;ltiples antenas forman un conjunto de refuerzo de se&ntilde;al para cubrir m&aacute;s direcciones y &aacute;reas grandes<br \/>\t\t\t&#8211; Formaci&oacute;n de haces: Concentra la fuerza de la se&ntilde;al inal&aacute;mbrica hacia los clientes para expandir el rango WiFi<br \/>\t\t\t<strong>Capacidad Wi-Fi &nbsp;&nbsp; &nbsp;<\/strong><br \/>\t\t\t&#8211; Medio:<br \/>\t\t\t&nbsp; Doble banda<br \/>\t\t\t&nbsp; Distribuya dispositivos a diferentes bandas para un rendimiento &oacute;ptimo<br \/>\t\t\t&#8211; MU-MIMO: Se comunica simult&aacute;neamente con m&uacute;ltiples clientes MU-MIMO<br \/>\t\t\t<strong>Modos de trabajo &nbsp;&nbsp; &nbsp;<\/strong><br \/>\t\t\t&#8211; Modo de enrutador<br \/>\t\t\t&#8211; Modo de punto de acceso<\/div>\n<\/td>\n<\/tr>\n<tr>\n<td valign=\"top\" width=\"35%\"><strong>Hardware<\/strong><\/td>\n<td valign=\"top\" width=\"65%\">\n<div>&#8211; Puertos Ethernet: <strong>3 puertos<\/strong> Gigabit<br \/>\t\t\t&nbsp; Admite detecci&oacute;n autom&aacute;tica de WAN\/LAN<br \/>\t\t\t&#8211; Botones: Bot&oacute;n reset<\/div>\n<\/td>\n<\/tr>\n<tr>\n<td valign=\"top\" width=\"35%\"><b>Otras caracter&iacute;sticas<\/b><\/td>\n<td valign=\"top\" width=\"65%\">\n<div><strong>Seguridad<\/strong><br \/>\t\t\t&#8211; Cifrado WiFi:&nbsp;&nbsp; &nbsp;<br \/>\t\t\t&nbsp; WPA-Personal<br \/>\t\t\t&nbsp; WPA2-Personal<br \/>\t\t\t&#8211; Seguridad de Red :&nbsp;&nbsp; &nbsp;<br \/>\t\t\t&nbsp; Cortafuegos SPI<br \/>\t\t\t&nbsp; Control de acceso<br \/>\t\t\t&#8211; Red de Invitados: &nbsp;&nbsp; &nbsp;<br \/>\t\t\t&nbsp; 1 &times; red de invitados de 5 GHz<br \/>\t\t\t&nbsp; 1 &times; red de invitados de 2,4 GHz<br \/>\t\t\t<strong>Software<\/strong><br \/>\t\t\t&#8211; Protocolo: &nbsp;&nbsp; &nbsp;<br \/>\t\t\t&nbsp; IPv4<br \/>\t\t\t&nbsp; IPv6<br \/>\t\t\t&#8211; Controles parentales: &nbsp;&nbsp; &nbsp;<br \/>\t\t\t&nbsp; Filtrado de URL<br \/>\t\t\t&nbsp; Controles de tiempo<br \/>\t\t\t&#8211; Tipo de WAN:<br \/>\t\t\t&nbsp; IP din&aacute;mica<br \/>\t\t\t&nbsp; IP est&aacute;tica<br \/>\t\t\t&nbsp; PPPoE<br \/>\t\t\t&nbsp; PPTP<br \/>\t\t\t&nbsp; L2TP<br \/>\t\t\t&#8211; Calidad de servicio: QoS por dispositivo<br \/>\t\t\t&#8211; Servicio de almacenamiento en la nube:<br \/>\t\t\t&nbsp; Actualizaci&oacute;n de firmware OTA<br \/>\t\t\t&nbsp; ID de TP-Link<br \/>\t\t\t&nbsp; DDNS<br \/>\t\t\t&#8211; Reenv&iacute;o NAT:<br \/>\t\t\t&nbsp; Reenv&iacute;o de puertos<br \/>\t\t\t&nbsp; UPnP<br \/>\t\t\t&#8211; IPTV: &nbsp;&nbsp; &nbsp;<br \/>\t\t\t&nbsp; Proxy IGMP<br \/>\t\t\t&nbsp; Indagaci&oacute;n IGMP<br \/>\t\t\t&nbsp; Puente<br \/>\t\t\t&nbsp; Etiquetar VLAN<br \/>\t\t\t&#8211; DHCP &nbsp;&nbsp; &nbsp;<br \/>\t\t\t&nbsp; Direcci&oacute;n de reservas<br \/>\t\t\t&nbsp; Lista de clientes DHCP<br \/>\t\t\t&nbsp; Servidor<br \/>\t\t\t&#8211; DDNS: TP-Link<br \/>\t\t\t&#8211; Gesti&oacute;n: Deco App<br \/>\t\t\t<strong>Datos de prueba<\/strong><br \/>\t\t\t&#8211; Potencia de transmisi&oacute;n WiFi &nbsp;&nbsp; &nbsp;<br \/>\t\t\t&nbsp; CE: &lt;20 dBm (2.4 GHz), &lt;23 dBm (5 GHz)<br \/>\t\t\t&nbsp; FCC: &lt;30 dBm (2.4 GHz), &lt;30 dBm (5 GHz)<br \/>\t\t\tCertificaciones &nbsp;&nbsp; &nbsp;<br \/>\t\t\t&#8211; CE<br \/>\t\t\t&#8211; FCC<br \/>\t\t\t&#8211; RoHS<br \/>\t\t\t&#8211; NCC<br \/>\t\t\t&#8211; BSMI<br \/>\t\t\t&#8211; JRF<br \/>\t\t\t&#8211; JPA<br \/>\t\t\t&#8211; VCCI<br \/>\t\t\t<strong>Requisitos del sistema &nbsp;&nbsp; &nbsp;<\/strong><br \/>\t\t\t&#8211; Android 5.0 or later<br \/>\t\t\t&#8211; iOS 9.0 or later<br \/>\t\t\t*Nota: Los requisitos m&iacute;nimos del sistema se actualizar&aacute;n junto con las actualizaciones de la aplicaci&oacute;n, sujeto a la informaci&oacute;n del sitio web oficial.<br \/>\t\t\t<strong>Factores Ambientales &nbsp;&nbsp; &nbsp;<\/strong><br \/>\t\t\t&#8211; Temperatura de funcionamiento: 0 &ordm;C ~ 40 &ordm;C<br \/>\t\t\t&#8211; Temperatura de almacenamiento: -40 &ordm;C ~ 60 &ordm;C<br \/>\t\t\t&#8211; Humedad de funcionamiento: 10 %~90 % sin condensaci&oacute;n<br \/>\t\t\t&#8211; Humedad de almacenamiento: 5 %~90 % sin condensaci&oacute;n<br \/>\t\t\t<strong>Dimensiones<\/strong><br \/>\t\t\t&#8211; 162.3 &times; 90.7 &times; 90.7 mm<br \/>\t\t\t<strong>Contenido<\/strong><br \/>\t\t\t&#8211; 3 Deco S7 Units<br \/>\t\t\t&#8211; 1 RJ45 Ethernet Cable<br \/>\t\t\t&#8211; 3 Power Adapters<br \/>\t\t\t&#8211; Quick Installation Guide<\/div>\n<\/td>\n<\/tr>\n<tr>\n<td valign=\"top\" width=\"35%\"><b>Fecha de revisi&oacute;n<\/b><\/td>\n<td valign=\"top\" width=\"65%\">13-02-2023 por RTY<\/td>\n<\/tr>\n<\/table>\n","protected":false},"excerpt":{"rendered":"<p>&nbsp; Marca TP-LINK Modelo Deco S7(3-pack) Est&aacute;ndares &#8211; Wi-Fi 5 &nbsp; IEEE 802.11ac\/n\/a 5 GHz &nbsp; IEEE 802.11n\/b\/g 2.4 GHz Especificaciones Velocidades Wi-Fi &nbsp;&nbsp; &nbsp; &#8211; AC1900 &nbsp; 5 GHz: 1300 Mbps (802.11ac) &nbsp; 2.4 GHz: 600 Mbps (802.11n) Rango WiFi &nbsp;&nbsp; &nbsp; &#8211; Casas de 3 a 5 dormitorios (paquete de 3): &nbsp; Tecnolog&iacute;a&hellip;&nbsp;<a href=\"https:\/\/aivlisoft.net\/shop\/producto\/tp-link-deco-s73-pack-ap-ac1900-wifi-mesh\/\" rel=\"bookmark\"><span class=\"screen-reader-text\">TP-Link Deco S7(3-Pack) AP AC1900 WiFi Mesh<\/span><\/a><\/p>\n","protected":false},"featured_media":19959,"template":"","meta":{"neve_meta_sidebar":"","neve_meta_container":"","neve_meta_enable_content_width":"","neve_meta_content_width":0,"neve_meta_title_alignment":"","neve_meta_author_avatar":"","neve_post_elements_order":"","neve_meta_disable_header":"","neve_meta_disable_footer":"","neve_meta_disable_title":""},"product_brand":[],"product_cat":[8770],"product_tag":[7161],"class_list":{"0":"post-19958","1":"product","2":"type-product","3":"status-publish","4":"has-post-thumbnail","6":"product_cat-puntos-de-acceso","7":"product_tag-deco-s73-pack","9":"first","10":"instock","11":"taxable","12":"shipping-taxable","13":"purchasable","14":"product-type-simple"},"yoast_head":"<!-- This site is optimized with the Yoast SEO plugin v26.0 - https:\/\/yoast.com\/wordpress\/plugins\/seo\/ -->\n<title>TP-Link Deco S7(3-Pack) AP AC1900 WiFi Mesh - Aivlisoft Inform\u00e1tica<\/title>\n<meta name=\"robots\" content=\"index, follow, max-snippet:-1, max-image-preview:large, max-video-preview:-1\" \/>\n<link rel=\"canonical\" href=\"https:\/\/aivlisoft.net\/shop\/producto\/tp-link-deco-s73-pack-ap-ac1900-wifi-mesh\/\" \/>\n<meta property=\"og:locale\" content=\"es_ES\" \/>\n<meta property=\"og:type\" content=\"article\" \/>\n<meta property=\"og:title\" content=\"TP-Link Deco S7(3-Pack) AP AC1900 WiFi Mesh - Aivlisoft Inform\u00e1tica\" \/>\n<meta property=\"og:description\" content=\"&nbsp; Marca TP-LINK Modelo Deco S7(3-pack) Est&aacute;ndares &#8211; Wi-Fi 5 &nbsp; IEEE 802.11ac\/n\/a 5 GHz &nbsp; IEEE 802.11n\/b\/g 2.4 GHz Especificaciones Velocidades Wi-Fi &nbsp;&nbsp; &nbsp; &#8211; AC1900 &nbsp; 5 GHz: 1300 Mbps (802.11ac) &nbsp; 2.4 GHz: 600 Mbps (802.11n) Rango WiFi &nbsp;&nbsp; &nbsp; &#8211; Casas de 3 a 5 dormitorios (paquete de 3): &nbsp; Tecnolog&iacute;a&hellip;&nbsp;TP-Link Deco S7(3-Pack) AP AC1900 WiFi Mesh\" \/>\n<meta property=\"og:url\" content=\"https:\/\/aivlisoft.net\/shop\/producto\/tp-link-deco-s73-pack-ap-ac1900-wifi-mesh\/\" \/>\n<meta property=\"og:site_name\" content=\"Aivlisoft Inform\u00e1tica\" \/>\n<meta property=\"article:modified_time\" content=\"2025-01-14T11:48:05+00:00\" \/>\n<meta property=\"og:image\" content=\"https:\/\/aivlisoft.net\/shop\/wp-content\/uploads\/2025\/01\/NSWPAC0536_800.jpg\" \/>\n\t<meta property=\"og:image:width\" content=\"800\" \/>\n\t<meta property=\"og:image:height\" content=\"800\" \/>\n\t<meta property=\"og:image:type\" content=\"image\/jpeg\" \/>\n<meta name=\"twitter:card\" content=\"summary_large_image\" \/>\n<meta name=\"twitter:label1\" content=\"Tiempo de lectura\" \/>\n\t<meta name=\"twitter:data1\" content=\"3 minutos\" \/>\n<script type=\"application\/ld+json\" class=\"yoast-schema-graph\">{\"@context\":\"https:\/\/schema.org\",\"@graph\":[{\"@type\":\"WebPage\",\"@id\":\"https:\/\/aivlisoft.net\/shop\/producto\/tp-link-deco-s73-pack-ap-ac1900-wifi-mesh\/\",\"url\":\"https:\/\/aivlisoft.net\/shop\/producto\/tp-link-deco-s73-pack-ap-ac1900-wifi-mesh\/\",\"name\":\"TP-Link Deco S7(3-Pack) AP AC1900 WiFi Mesh - Aivlisoft Inform\u00e1tica\",\"isPartOf\":{\"@id\":\"https:\/\/aivlisoft.net\/shop\/#website\"},\"primaryImageOfPage\":{\"@id\":\"https:\/\/aivlisoft.net\/shop\/producto\/tp-link-deco-s73-pack-ap-ac1900-wifi-mesh\/#primaryimage\"},\"image\":{\"@id\":\"https:\/\/aivlisoft.net\/shop\/producto\/tp-link-deco-s73-pack-ap-ac1900-wifi-mesh\/#primaryimage\"},\"thumbnailUrl\":\"https:\/\/aivlisoft.net\/shop\/wp-content\/uploads\/2025\/01\/NSWPAC0536_800.jpg\",\"datePublished\":\"2025-01-13T15:37:59+00:00\",\"dateModified\":\"2025-01-14T11:48:05+00:00\",\"breadcrumb\":{\"@id\":\"https:\/\/aivlisoft.net\/shop\/producto\/tp-link-deco-s73-pack-ap-ac1900-wifi-mesh\/#breadcrumb\"},\"inLanguage\":\"es\",\"potentialAction\":[{\"@type\":\"ReadAction\",\"target\":[\"https:\/\/aivlisoft.net\/shop\/producto\/tp-link-deco-s73-pack-ap-ac1900-wifi-mesh\/\"]}]},{\"@type\":\"ImageObject\",\"inLanguage\":\"es\",\"@id\":\"https:\/\/aivlisoft.net\/shop\/producto\/tp-link-deco-s73-pack-ap-ac1900-wifi-mesh\/#primaryimage\",\"url\":\"https:\/\/aivlisoft.net\/shop\/wp-content\/uploads\/2025\/01\/NSWPAC0536_800.jpg\",\"contentUrl\":\"https:\/\/aivlisoft.net\/shop\/wp-content\/uploads\/2025\/01\/NSWPAC0536_800.jpg\",\"width\":800,\"height\":800},{\"@type\":\"BreadcrumbList\",\"@id\":\"https:\/\/aivlisoft.net\/shop\/producto\/tp-link-deco-s73-pack-ap-ac1900-wifi-mesh\/#breadcrumb\",\"itemListElement\":[{\"@type\":\"ListItem\",\"position\":1,\"name\":\"Portada\",\"item\":\"https:\/\/aivlisoft.net\/shop\/\"},{\"@type\":\"ListItem\",\"position\":2,\"name\":\"Tienda\",\"item\":\"https:\/\/aivlisoft.net\/shop\/tienda\/\"},{\"@type\":\"ListItem\",\"position\":3,\"name\":\"TP-Link Deco S7(3-Pack) AP AC1900 WiFi Mesh\"}]},{\"@type\":\"WebSite\",\"@id\":\"https:\/\/aivlisoft.net\/shop\/#website\",\"url\":\"https:\/\/aivlisoft.net\/shop\/\",\"name\":\"Aivlisoft Inform\u00e1tica\",\"description\":\"En Aivlisoft Inform\u00e1tica ofrecemos soluciones tecnol\u00f3gicas para empresas: venta de ordenadores, consumibles, perif\u00e9ricos y m\u00e1s. Calidad, atenci\u00f3n personalizada y los mejores precios para tu negocio.\",\"publisher\":{\"@id\":\"https:\/\/aivlisoft.net\/shop\/#organization\"},\"potentialAction\":[{\"@type\":\"SearchAction\",\"target\":{\"@type\":\"EntryPoint\",\"urlTemplate\":\"https:\/\/aivlisoft.net\/shop\/?s={search_term_string}\"},\"query-input\":{\"@type\":\"PropertyValueSpecification\",\"valueRequired\":true,\"valueName\":\"search_term_string\"}}],\"inLanguage\":\"es\"},{\"@type\":\"Organization\",\"@id\":\"https:\/\/aivlisoft.net\/shop\/#organization\",\"name\":\"Aivlisoft Inform\u00e1tica\",\"url\":\"https:\/\/aivlisoft.net\/shop\/\",\"logo\":{\"@type\":\"ImageObject\",\"inLanguage\":\"es\",\"@id\":\"https:\/\/aivlisoft.net\/shop\/#\/schema\/logo\/image\/\",\"url\":\"https:\/\/aivlisoft.net\/shop\/wp-content\/uploads\/2024\/12\/removal.ai_5b848c54-0cdf-4140-95c5-c5536bb7573b-logodef.png\",\"contentUrl\":\"https:\/\/aivlisoft.net\/shop\/wp-content\/uploads\/2024\/12\/removal.ai_5b848c54-0cdf-4140-95c5-c5536bb7573b-logodef.png\",\"width\":484,\"height\":182,\"caption\":\"Aivlisoft Inform\u00e1tica\"},\"image\":{\"@id\":\"https:\/\/aivlisoft.net\/shop\/#\/schema\/logo\/image\/\"}}]}<\/script>\n<!-- \/ Yoast SEO plugin. -->","yoast_head_json":{"title":"TP-Link Deco S7(3-Pack) AP AC1900 WiFi Mesh - Aivlisoft Inform\u00e1tica","robots":{"index":"index","follow":"follow","max-snippet":"max-snippet:-1","max-image-preview":"max-image-preview:large","max-video-preview":"max-video-preview:-1"},"canonical":"https:\/\/aivlisoft.net\/shop\/producto\/tp-link-deco-s73-pack-ap-ac1900-wifi-mesh\/","og_locale":"es_ES","og_type":"article","og_title":"TP-Link Deco S7(3-Pack) AP AC1900 WiFi Mesh - Aivlisoft Inform\u00e1tica","og_description":"&nbsp; Marca TP-LINK Modelo Deco S7(3-pack) Est&aacute;ndares &#8211; Wi-Fi 5 &nbsp; IEEE 802.11ac\/n\/a 5 GHz &nbsp; IEEE 802.11n\/b\/g 2.4 GHz Especificaciones Velocidades Wi-Fi &nbsp;&nbsp; &nbsp; &#8211; AC1900 &nbsp; 5 GHz: 1300 Mbps (802.11ac) &nbsp; 2.4 GHz: 600 Mbps (802.11n) Rango WiFi &nbsp;&nbsp; &nbsp; &#8211; Casas de 3 a 5 dormitorios (paquete de 3): &nbsp; Tecnolog&iacute;a&hellip;&nbsp;TP-Link Deco S7(3-Pack) AP AC1900 WiFi Mesh","og_url":"https:\/\/aivlisoft.net\/shop\/producto\/tp-link-deco-s73-pack-ap-ac1900-wifi-mesh\/","og_site_name":"Aivlisoft Inform\u00e1tica","article_modified_time":"2025-01-14T11:48:05+00:00","og_image":[{"width":800,"height":800,"url":"https:\/\/aivlisoft.net\/shop\/wp-content\/uploads\/2025\/01\/NSWPAC0536_800.jpg","type":"image\/jpeg"}],"twitter_card":"summary_large_image","twitter_misc":{"Tiempo de lectura":"3 minutos"},"schema":{"@context":"https:\/\/schema.org","@graph":[{"@type":"WebPage","@id":"https:\/\/aivlisoft.net\/shop\/producto\/tp-link-deco-s73-pack-ap-ac1900-wifi-mesh\/","url":"https:\/\/aivlisoft.net\/shop\/producto\/tp-link-deco-s73-pack-ap-ac1900-wifi-mesh\/","name":"TP-Link Deco S7(3-Pack) AP AC1900 WiFi Mesh - Aivlisoft Inform\u00e1tica","isPartOf":{"@id":"https:\/\/aivlisoft.net\/shop\/#website"},"primaryImageOfPage":{"@id":"https:\/\/aivlisoft.net\/shop\/producto\/tp-link-deco-s73-pack-ap-ac1900-wifi-mesh\/#primaryimage"},"image":{"@id":"https:\/\/aivlisoft.net\/shop\/producto\/tp-link-deco-s73-pack-ap-ac1900-wifi-mesh\/#primaryimage"},"thumbnailUrl":"https:\/\/aivlisoft.net\/shop\/wp-content\/uploads\/2025\/01\/NSWPAC0536_800.jpg","datePublished":"2025-01-13T15:37:59+00:00","dateModified":"2025-01-14T11:48:05+00:00","breadcrumb":{"@id":"https:\/\/aivlisoft.net\/shop\/producto\/tp-link-deco-s73-pack-ap-ac1900-wifi-mesh\/#breadcrumb"},"inLanguage":"es","potentialAction":[{"@type":"ReadAction","target":["https:\/\/aivlisoft.net\/shop\/producto\/tp-link-deco-s73-pack-ap-ac1900-wifi-mesh\/"]}]},{"@type":"ImageObject","inLanguage":"es","@id":"https:\/\/aivlisoft.net\/shop\/producto\/tp-link-deco-s73-pack-ap-ac1900-wifi-mesh\/#primaryimage","url":"https:\/\/aivlisoft.net\/shop\/wp-content\/uploads\/2025\/01\/NSWPAC0536_800.jpg","contentUrl":"https:\/\/aivlisoft.net\/shop\/wp-content\/uploads\/2025\/01\/NSWPAC0536_800.jpg","width":800,"height":800},{"@type":"BreadcrumbList","@id":"https:\/\/aivlisoft.net\/shop\/producto\/tp-link-deco-s73-pack-ap-ac1900-wifi-mesh\/#breadcrumb","itemListElement":[{"@type":"ListItem","position":1,"name":"Portada","item":"https:\/\/aivlisoft.net\/shop\/"},{"@type":"ListItem","position":2,"name":"Tienda","item":"https:\/\/aivlisoft.net\/shop\/tienda\/"},{"@type":"ListItem","position":3,"name":"TP-Link Deco S7(3-Pack) AP AC1900 WiFi Mesh"}]},{"@type":"WebSite","@id":"https:\/\/aivlisoft.net\/shop\/#website","url":"https:\/\/aivlisoft.net\/shop\/","name":"Aivlisoft Inform\u00e1tica","description":"En Aivlisoft Inform\u00e1tica ofrecemos soluciones tecnol\u00f3gicas para empresas: venta de ordenadores, consumibles, perif\u00e9ricos y m\u00e1s. Calidad, atenci\u00f3n personalizada y los mejores precios para tu negocio.","publisher":{"@id":"https:\/\/aivlisoft.net\/shop\/#organization"},"potentialAction":[{"@type":"SearchAction","target":{"@type":"EntryPoint","urlTemplate":"https:\/\/aivlisoft.net\/shop\/?s={search_term_string}"},"query-input":{"@type":"PropertyValueSpecification","valueRequired":true,"valueName":"search_term_string"}}],"inLanguage":"es"},{"@type":"Organization","@id":"https:\/\/aivlisoft.net\/shop\/#organization","name":"Aivlisoft Inform\u00e1tica","url":"https:\/\/aivlisoft.net\/shop\/","logo":{"@type":"ImageObject","inLanguage":"es","@id":"https:\/\/aivlisoft.net\/shop\/#\/schema\/logo\/image\/","url":"https:\/\/aivlisoft.net\/shop\/wp-content\/uploads\/2024\/12\/removal.ai_5b848c54-0cdf-4140-95c5-c5536bb7573b-logodef.png","contentUrl":"https:\/\/aivlisoft.net\/shop\/wp-content\/uploads\/2024\/12\/removal.ai_5b848c54-0cdf-4140-95c5-c5536bb7573b-logodef.png","width":484,"height":182,"caption":"Aivlisoft Inform\u00e1tica"},"image":{"@id":"https:\/\/aivlisoft.net\/shop\/#\/schema\/logo\/image\/"}}]}},"_links":{"self":[{"href":"https:\/\/aivlisoft.net\/shop\/wp-json\/wp\/v2\/product\/19958","targetHints":{"allow":["GET"]}}],"collection":[{"href":"https:\/\/aivlisoft.net\/shop\/wp-json\/wp\/v2\/product"}],"about":[{"href":"https:\/\/aivlisoft.net\/shop\/wp-json\/wp\/v2\/types\/product"}],"wp:featuredmedia":[{"embeddable":true,"href":"https:\/\/aivlisoft.net\/shop\/wp-json\/wp\/v2\/media\/19959"}],"wp:attachment":[{"href":"https:\/\/aivlisoft.net\/shop\/wp-json\/wp\/v2\/media?parent=19958"}],"wp:term":[{"taxonomy":"product_brand","embeddable":true,"href":"https:\/\/aivlisoft.net\/shop\/wp-json\/wp\/v2\/product_brand?post=19958"},{"taxonomy":"product_cat","embeddable":true,"href":"https:\/\/aivlisoft.net\/shop\/wp-json\/wp\/v2\/product_cat?post=19958"},{"taxonomy":"product_tag","embeddable":true,"href":"https:\/\/aivlisoft.net\/shop\/wp-json\/wp\/v2\/product_tag?post=19958"}],"curies":[{"name":"wp","href":"https:\/\/api.w.org\/{rel}","templated":true}]}}