{"id":19922,"date":"2025-01-13T15:37:40","date_gmt":"2025-01-13T15:37:40","guid":{"rendered":"https:\/\/aivlisoft.com\/?post_type=product&#038;p=19922"},"modified":"2025-01-14T11:47:54","modified_gmt":"2025-01-14T11:47:54","slug":"grandstream-gwn7605lr-wifi-ap-2xgbe-dual-int-ext","status":"publish","type":"product","link":"https:\/\/aivlisoft.net\/shop\/producto\/grandstream-gwn7605lr-wifi-ap-2xgbe-dual-int-ext\/","title":{"rendered":"Grandstream GWN7605LR WiFi AP 2xGbE Dual Int\/Ext"},"content":{"rendered":"<p>&nbsp;<\/p>\n<table class=\"tabla_caracteristicas k-table\" width=\"100%\">\n<tr>\n<td valign=\"top\"><strong>Marca<\/strong><\/td>\n<td>Grandstream<\/td>\n<\/tr>\n<tr>\n<td valign=\"top\"><strong>Modelo<\/strong><\/td>\n<td><strong>GWN7605LR<\/strong><\/td>\n<\/tr>\n<tr>\n<td valign=\"top\"><strong>Caracter&iacute;sticas<\/strong><\/td>\n<td><strong>Est&aacute;ndares de Wifi<\/strong><br \/>\t\t\t&#8211; IEEE 802.11 a\/b\/g\/n\/ac (Wave-2)<br \/>\t\t\t<strong>Antenas<\/strong><br \/>\t\t\t&#8211; 2 antenas internas de doble banda:<br \/>\t\t\t&nbsp; 2.4 GHz, ganancia 3.5dBi<br \/>\t\t\t&nbsp; 5 GHz, ganancia 3.5dBi<br \/>\t\t\t<strong>Velocidades de Datos Wifi<\/strong><br \/>\t\t\t&#8211; IEEE 802.11ac: 6.5 Mbps a 867 Mbps<br \/>\t\t\t&#8211; IEEE 802.11a: 6, 9, 12, 18, 24, 36, 48, 54 Mbps<br \/>\t\t\t&#8211; IEEE 802.11n: 6.5 Mbps a 300 Mbps IEEE 802.11b: 1, 2, 5.5, 11 Mbps<br \/>\t\t\t&#8211; IEEE 802.11b: 1, 2, 5.5, 11 Mbps<br \/>\t\t\t&#8211; IEEE 802.11g: 6, 9, 12, 18, 24, 36, 48, 54 Mbps<br \/>\t\t\t*El rendimiento real puede variar dependiendo de muchos factores incluyendo las condiciones ambientales, la distancia entre los dispositivos, la interferencia de radio en el entorno de operaci&oacute;n y la mezcla de dispositivos en la red.<br \/>\t\t\t<strong>Bandas de Frecuencia<\/strong><br \/>\t\t\t&#8211; Radio 2.4GHz: 2412 &#8211; 2484 MHz<br \/>\t\t\t&#8211; Radio 5GHz: 5180 &#8211; 5825 MHz<br \/>\t\t\t*No todas las bandas de frecuencia pueden usarse en todas las regiones<br \/>\t\t\t<strong>Ancho de Banda de Canales<\/strong><br \/>\t\t\t&#8211; 2.4G: 20 y 40 MHz<br \/>\t\t\t&#8211; 5G: 20, 40 y 80 MHz<br \/>\t\t\t<strong>Seguridad Wifi y del Sistema<\/strong><br \/>\t\t\t&#8211; WEP, WPA\/WPA2-PSK, WPA\/WPA2 Enterprise, funci&oacute;n Anti-hacking Secure Boot y bloqueo de seguridad de datos cr&iacute;ticos\/control por medio de firmas digitales, certificado de seguridad &uacute;nico y contrase&ntilde;a predeterminada aleatoria por dispositivo.<br \/>\t\t\t<strong>MIMO<\/strong><br \/>\t\t\t&#8211; 2&times;2:2 2.4G(MIMO)<br \/>\t\t\t&#8211; 2&times;2:2 5G(MU-MIMO)<br \/>\t\t\t<strong>Cobertura<\/strong><br \/>\t\t\t&#8211; Alcance de hasta 250 metros<br \/>\t\t\t*El alcance de cobertura puede variar seg&uacute;n el entorno.<br \/>\t\t\t<strong>Potencia TX M&aacute;xima<\/strong><br \/>\t\t\t&#8211; 2.4G: 24 dBm<br \/>\t\t\t&#8211; 5G: 22 dBm<br \/>\t\t\t*La potencia m&aacute;xima var&iacute;a por pa&iacute;s, banda de frecuencia y velocidad de MCS.<br \/>\t\t\t<strong>Sensibilidad del Receptor<\/strong><br \/>\t\t\t&#8211; 2.4G<br \/>\t\t\t&nbsp; 802.11b: -96dBm@1Mbps, -88dBm@11Mbps; 802.11g: -93dBm @6Mbps, -75dBm@54Mbps;<br \/>\t\t\t&nbsp; 802.11n 20MHz: -73dBm @MCS7; 802.11n 40MHz:-70dBm @MCS7<br \/>\t\t\t&#8211; 5G<br \/>\t\t\t&nbsp; 802.11a: -92dBm @6Mbps, -74dBm @54Mbps; 802.11ac 20MHz: -67dBm@MCS8;<br \/>\t\t\t&nbsp; 802.11ac: HT40:- 63dBm @MCS9; 802.11ac 80MHz: -59dBm @MCS9<br \/>\t\t\t<strong>SSIDs<\/strong><br \/>\t\t\t&#8211; 16 SSIDs en total, 8 por radio (2.4GHZ y 5GHZ)<br \/>\t\t\t<strong>Clientes Simult&aacute;neos<\/strong><br \/>\t\t\t&#8211; M&aacute;s de 100<br \/>\t\t\t<strong>Interfaces de Red<\/strong><br \/>\t\t\t&#8211;<strong> <\/strong>N&uacute;mero de puertos<strong>: 2<br \/>\t\t\t&#8211; <\/strong>Tipo: puertos<strong> <\/strong>Ethernet de 10\/100\/1000Base-T con detecci&oacute;n autom&aacute;tica<br \/>\t\t\t<strong>Puertos Auxiliares<\/strong><br \/>\t\t\t&#8211; 1 bot&oacute;n de reinicio de tipo pinhole<\/td>\n<\/tr>\n<tr>\n<td><strong>Otras Caracteristicas<\/strong><\/td>\n<td><strong>Grado de Impermeabilidad <\/strong><br \/>\t\t\t&#8211; Impermeabilidad IP66 cuando se instala verticalmente<br \/>\t\t\t<strong>Montaje<\/strong><br \/>\t\t\t&#8211; Montaje de pared exterior o montaje en pared, kit incluidos<br \/>\t\t\t<strong>LED<\/strong><br \/>\t\t\t&#8211; 1 LEDs tricolor para rastreo de dispositivos e indicaci&oacute;n de estado<br \/>\t\t\t<strong>Protocolos de Red<\/strong><br \/>\t\t\t&#8211; IPv4, IPv6, 802.1Q, 802.1p, 802.1x, 802.11e\/WMM<br \/>\t\t\t<strong>QoS<\/strong><br \/>\t\t\t&#8211; 802.11e\/WMM, VLAN, TOS<br \/>\t\t\t<strong>Gesti&oacute;n de Redes<\/strong><br \/>\t\t\t&#8211; El controlador integrado puede gestionar hasta 50 Puntos de Acceso GWN locales.<br \/>\t\t\t&#8211; GWN.Cloud ofrece una plataforma gratuita de gesti&oacute;n en la nube para Puntos de Acceso GWN ilimitados.<br \/>\t\t\t&#8211; GWN Manager ofrece un controlador de software en sitio hasta para 3,000 Puntos de Acceso GWN.<br \/>\t\t\t<strong>Alimentaci&oacute;n<\/strong><br \/>\t\t\t&#8211; POE 802.3af\/802.3at<br \/>\t\t\t&#8211; Consumo m&aacute;ximo: 10.16W<br \/>\t\t\t<strong>Conformidad<\/strong><br \/>\t\t\t&#8211; FCC<br \/>\t\t\t&#8211; CE<br \/>\t\t\t&#8211; RCM<br \/>\t\t\t&#8211; IC<br \/>\t\t\t<strong>Entorno<\/strong><br \/>\t\t\t&#8211; Operaci&oacute;n: -30&deg;C a 70&deg;C<br \/>\t\t\t&#8211; Almacenamiento: -30&deg;C a 80&deg;C<br \/>\t\t\t&#8211; Humedad: 5% a 95% sin condensaci&oacute;n<br \/>\t\t\t<strong>Dimesiones y peso<\/strong><br \/>\t\t\t&#8211; Dimensi&oacute;n de la unidad: 358.3 x 115 mm x 45.3 mm<br \/>\t\t\t&#8211; Peso de unidad: 655.3 g<br \/>\t\t\t<strong>Contenido<\/strong><br \/>\t\t\t&#8211; Punto de acceso inal&aacute;mbrico 802.11ac Wave-2 modelo GWN7605LR<br \/>\t\t\t&#8211; Kits de montaje<br \/>\t\t\t&#8211; Gu&iacute;a de inicio r&aacute;pido<\/td>\n<\/tr>\n<tr>\n<td><strong>Fecha de revisi&oacute;n<\/strong><\/td>\n<td>31-01-2023 por RTY<\/td>\n<\/tr>\n<\/table>\n","protected":false},"excerpt":{"rendered":"<p>&nbsp; Marca Grandstream Modelo GWN7605LR Caracter&iacute;sticas Est&aacute;ndares de Wifi &#8211; IEEE 802.11 a\/b\/g\/n\/ac (Wave-2) Antenas &#8211; 2 antenas internas de doble banda: &nbsp; 2.4 GHz, ganancia 3.5dBi &nbsp; 5 GHz, ganancia 3.5dBi Velocidades de Datos Wifi &#8211; IEEE 802.11ac: 6.5 Mbps a 867 Mbps &#8211; IEEE 802.11a: 6, 9, 12, 18, 24, 36, 48, 54&hellip;&nbsp;<a href=\"https:\/\/aivlisoft.net\/shop\/producto\/grandstream-gwn7605lr-wifi-ap-2xgbe-dual-int-ext\/\" rel=\"bookmark\"><span class=\"screen-reader-text\">Grandstream GWN7605LR WiFi AP 2xGbE Dual Int\/Ext<\/span><\/a><\/p>\n","protected":false},"featured_media":19923,"template":"","meta":{"neve_meta_sidebar":"","neve_meta_container":"","neve_meta_enable_content_width":"","neve_meta_content_width":0,"neve_meta_title_alignment":"","neve_meta_author_avatar":"","neve_post_elements_order":"","neve_meta_disable_header":"","neve_meta_disable_footer":"","neve_meta_disable_title":""},"product_brand":[],"product_cat":[8770],"product_tag":[7153],"class_list":{"0":"post-19922","1":"product","2":"type-product","3":"status-publish","4":"has-post-thumbnail","6":"product_cat-puntos-de-acceso","7":"product_tag-gwn7605lr","9":"first","10":"instock","11":"taxable","12":"shipping-taxable","13":"purchasable","14":"product-type-simple"},"yoast_head":"<!-- This site is optimized with the Yoast SEO plugin v26.0 - https:\/\/yoast.com\/wordpress\/plugins\/seo\/ -->\n<title>Grandstream GWN7605LR WiFi AP 2xGbE Dual Int\/Ext - Aivlisoft Inform\u00e1tica<\/title>\n<meta name=\"robots\" content=\"index, follow, max-snippet:-1, max-image-preview:large, max-video-preview:-1\" \/>\n<link rel=\"canonical\" href=\"https:\/\/aivlisoft.net\/shop\/producto\/grandstream-gwn7605lr-wifi-ap-2xgbe-dual-int-ext\/\" \/>\n<meta property=\"og:locale\" content=\"es_ES\" \/>\n<meta property=\"og:type\" content=\"article\" \/>\n<meta property=\"og:title\" content=\"Grandstream GWN7605LR WiFi AP 2xGbE Dual Int\/Ext - Aivlisoft Inform\u00e1tica\" \/>\n<meta property=\"og:description\" content=\"&nbsp; Marca Grandstream Modelo GWN7605LR Caracter&iacute;sticas Est&aacute;ndares de Wifi &#8211; IEEE 802.11 a\/b\/g\/n\/ac (Wave-2) Antenas &#8211; 2 antenas internas de doble banda: &nbsp; 2.4 GHz, ganancia 3.5dBi &nbsp; 5 GHz, ganancia 3.5dBi Velocidades de Datos Wifi &#8211; IEEE 802.11ac: 6.5 Mbps a 867 Mbps &#8211; IEEE 802.11a: 6, 9, 12, 18, 24, 36, 48, 54&hellip;&nbsp;Grandstream GWN7605LR WiFi AP 2xGbE Dual Int\/Ext\" \/>\n<meta property=\"og:url\" content=\"https:\/\/aivlisoft.net\/shop\/producto\/grandstream-gwn7605lr-wifi-ap-2xgbe-dual-int-ext\/\" \/>\n<meta property=\"og:site_name\" content=\"Aivlisoft Inform\u00e1tica\" \/>\n<meta property=\"article:modified_time\" content=\"2025-01-14T11:47:54+00:00\" \/>\n<meta property=\"og:image\" content=\"https:\/\/aivlisoft.net\/shop\/wp-content\/uploads\/2025\/01\/NSWPAC0525_800.jpg\" \/>\n\t<meta property=\"og:image:width\" content=\"800\" \/>\n\t<meta property=\"og:image:height\" content=\"800\" \/>\n\t<meta property=\"og:image:type\" content=\"image\/jpeg\" \/>\n<meta name=\"twitter:card\" content=\"summary_large_image\" \/>\n<meta name=\"twitter:label1\" content=\"Tiempo de lectura\" \/>\n\t<meta name=\"twitter:data1\" content=\"3 minutos\" \/>\n<script type=\"application\/ld+json\" class=\"yoast-schema-graph\">{\"@context\":\"https:\/\/schema.org\",\"@graph\":[{\"@type\":\"WebPage\",\"@id\":\"https:\/\/aivlisoft.net\/shop\/producto\/grandstream-gwn7605lr-wifi-ap-2xgbe-dual-int-ext\/\",\"url\":\"https:\/\/aivlisoft.net\/shop\/producto\/grandstream-gwn7605lr-wifi-ap-2xgbe-dual-int-ext\/\",\"name\":\"Grandstream GWN7605LR WiFi AP 2xGbE Dual Int\/Ext - Aivlisoft Inform\u00e1tica\",\"isPartOf\":{\"@id\":\"https:\/\/aivlisoft.net\/shop\/#website\"},\"primaryImageOfPage\":{\"@id\":\"https:\/\/aivlisoft.net\/shop\/producto\/grandstream-gwn7605lr-wifi-ap-2xgbe-dual-int-ext\/#primaryimage\"},\"image\":{\"@id\":\"https:\/\/aivlisoft.net\/shop\/producto\/grandstream-gwn7605lr-wifi-ap-2xgbe-dual-int-ext\/#primaryimage\"},\"thumbnailUrl\":\"https:\/\/aivlisoft.net\/shop\/wp-content\/uploads\/2025\/01\/NSWPAC0525_800.jpg\",\"datePublished\":\"2025-01-13T15:37:40+00:00\",\"dateModified\":\"2025-01-14T11:47:54+00:00\",\"breadcrumb\":{\"@id\":\"https:\/\/aivlisoft.net\/shop\/producto\/grandstream-gwn7605lr-wifi-ap-2xgbe-dual-int-ext\/#breadcrumb\"},\"inLanguage\":\"es\",\"potentialAction\":[{\"@type\":\"ReadAction\",\"target\":[\"https:\/\/aivlisoft.net\/shop\/producto\/grandstream-gwn7605lr-wifi-ap-2xgbe-dual-int-ext\/\"]}]},{\"@type\":\"ImageObject\",\"inLanguage\":\"es\",\"@id\":\"https:\/\/aivlisoft.net\/shop\/producto\/grandstream-gwn7605lr-wifi-ap-2xgbe-dual-int-ext\/#primaryimage\",\"url\":\"https:\/\/aivlisoft.net\/shop\/wp-content\/uploads\/2025\/01\/NSWPAC0525_800.jpg\",\"contentUrl\":\"https:\/\/aivlisoft.net\/shop\/wp-content\/uploads\/2025\/01\/NSWPAC0525_800.jpg\",\"width\":800,\"height\":800},{\"@type\":\"BreadcrumbList\",\"@id\":\"https:\/\/aivlisoft.net\/shop\/producto\/grandstream-gwn7605lr-wifi-ap-2xgbe-dual-int-ext\/#breadcrumb\",\"itemListElement\":[{\"@type\":\"ListItem\",\"position\":1,\"name\":\"Portada\",\"item\":\"https:\/\/aivlisoft.net\/shop\/\"},{\"@type\":\"ListItem\",\"position\":2,\"name\":\"Tienda\",\"item\":\"https:\/\/aivlisoft.net\/shop\/tienda\/\"},{\"@type\":\"ListItem\",\"position\":3,\"name\":\"Grandstream GWN7605LR WiFi AP 2xGbE Dual Int\/Ext\"}]},{\"@type\":\"WebSite\",\"@id\":\"https:\/\/aivlisoft.net\/shop\/#website\",\"url\":\"https:\/\/aivlisoft.net\/shop\/\",\"name\":\"Aivlisoft Inform\u00e1tica\",\"description\":\"En Aivlisoft Inform\u00e1tica ofrecemos soluciones tecnol\u00f3gicas para empresas: venta de ordenadores, consumibles, perif\u00e9ricos y m\u00e1s. Calidad, atenci\u00f3n personalizada y los mejores precios para tu negocio.\",\"publisher\":{\"@id\":\"https:\/\/aivlisoft.net\/shop\/#organization\"},\"potentialAction\":[{\"@type\":\"SearchAction\",\"target\":{\"@type\":\"EntryPoint\",\"urlTemplate\":\"https:\/\/aivlisoft.net\/shop\/?s={search_term_string}\"},\"query-input\":{\"@type\":\"PropertyValueSpecification\",\"valueRequired\":true,\"valueName\":\"search_term_string\"}}],\"inLanguage\":\"es\"},{\"@type\":\"Organization\",\"@id\":\"https:\/\/aivlisoft.net\/shop\/#organization\",\"name\":\"Aivlisoft Inform\u00e1tica\",\"url\":\"https:\/\/aivlisoft.net\/shop\/\",\"logo\":{\"@type\":\"ImageObject\",\"inLanguage\":\"es\",\"@id\":\"https:\/\/aivlisoft.net\/shop\/#\/schema\/logo\/image\/\",\"url\":\"https:\/\/aivlisoft.net\/shop\/wp-content\/uploads\/2024\/12\/removal.ai_5b848c54-0cdf-4140-95c5-c5536bb7573b-logodef.png\",\"contentUrl\":\"https:\/\/aivlisoft.net\/shop\/wp-content\/uploads\/2024\/12\/removal.ai_5b848c54-0cdf-4140-95c5-c5536bb7573b-logodef.png\",\"width\":484,\"height\":182,\"caption\":\"Aivlisoft Inform\u00e1tica\"},\"image\":{\"@id\":\"https:\/\/aivlisoft.net\/shop\/#\/schema\/logo\/image\/\"}}]}<\/script>\n<!-- \/ Yoast SEO plugin. -->","yoast_head_json":{"title":"Grandstream GWN7605LR WiFi AP 2xGbE Dual Int\/Ext - Aivlisoft Inform\u00e1tica","robots":{"index":"index","follow":"follow","max-snippet":"max-snippet:-1","max-image-preview":"max-image-preview:large","max-video-preview":"max-video-preview:-1"},"canonical":"https:\/\/aivlisoft.net\/shop\/producto\/grandstream-gwn7605lr-wifi-ap-2xgbe-dual-int-ext\/","og_locale":"es_ES","og_type":"article","og_title":"Grandstream GWN7605LR WiFi AP 2xGbE Dual Int\/Ext - Aivlisoft Inform\u00e1tica","og_description":"&nbsp; Marca Grandstream Modelo GWN7605LR Caracter&iacute;sticas Est&aacute;ndares de Wifi &#8211; IEEE 802.11 a\/b\/g\/n\/ac (Wave-2) Antenas &#8211; 2 antenas internas de doble banda: &nbsp; 2.4 GHz, ganancia 3.5dBi &nbsp; 5 GHz, ganancia 3.5dBi Velocidades de Datos Wifi &#8211; IEEE 802.11ac: 6.5 Mbps a 867 Mbps &#8211; IEEE 802.11a: 6, 9, 12, 18, 24, 36, 48, 54&hellip;&nbsp;Grandstream GWN7605LR WiFi AP 2xGbE Dual Int\/Ext","og_url":"https:\/\/aivlisoft.net\/shop\/producto\/grandstream-gwn7605lr-wifi-ap-2xgbe-dual-int-ext\/","og_site_name":"Aivlisoft Inform\u00e1tica","article_modified_time":"2025-01-14T11:47:54+00:00","og_image":[{"width":800,"height":800,"url":"https:\/\/aivlisoft.net\/shop\/wp-content\/uploads\/2025\/01\/NSWPAC0525_800.jpg","type":"image\/jpeg"}],"twitter_card":"summary_large_image","twitter_misc":{"Tiempo de lectura":"3 minutos"},"schema":{"@context":"https:\/\/schema.org","@graph":[{"@type":"WebPage","@id":"https:\/\/aivlisoft.net\/shop\/producto\/grandstream-gwn7605lr-wifi-ap-2xgbe-dual-int-ext\/","url":"https:\/\/aivlisoft.net\/shop\/producto\/grandstream-gwn7605lr-wifi-ap-2xgbe-dual-int-ext\/","name":"Grandstream GWN7605LR WiFi AP 2xGbE Dual Int\/Ext - Aivlisoft Inform\u00e1tica","isPartOf":{"@id":"https:\/\/aivlisoft.net\/shop\/#website"},"primaryImageOfPage":{"@id":"https:\/\/aivlisoft.net\/shop\/producto\/grandstream-gwn7605lr-wifi-ap-2xgbe-dual-int-ext\/#primaryimage"},"image":{"@id":"https:\/\/aivlisoft.net\/shop\/producto\/grandstream-gwn7605lr-wifi-ap-2xgbe-dual-int-ext\/#primaryimage"},"thumbnailUrl":"https:\/\/aivlisoft.net\/shop\/wp-content\/uploads\/2025\/01\/NSWPAC0525_800.jpg","datePublished":"2025-01-13T15:37:40+00:00","dateModified":"2025-01-14T11:47:54+00:00","breadcrumb":{"@id":"https:\/\/aivlisoft.net\/shop\/producto\/grandstream-gwn7605lr-wifi-ap-2xgbe-dual-int-ext\/#breadcrumb"},"inLanguage":"es","potentialAction":[{"@type":"ReadAction","target":["https:\/\/aivlisoft.net\/shop\/producto\/grandstream-gwn7605lr-wifi-ap-2xgbe-dual-int-ext\/"]}]},{"@type":"ImageObject","inLanguage":"es","@id":"https:\/\/aivlisoft.net\/shop\/producto\/grandstream-gwn7605lr-wifi-ap-2xgbe-dual-int-ext\/#primaryimage","url":"https:\/\/aivlisoft.net\/shop\/wp-content\/uploads\/2025\/01\/NSWPAC0525_800.jpg","contentUrl":"https:\/\/aivlisoft.net\/shop\/wp-content\/uploads\/2025\/01\/NSWPAC0525_800.jpg","width":800,"height":800},{"@type":"BreadcrumbList","@id":"https:\/\/aivlisoft.net\/shop\/producto\/grandstream-gwn7605lr-wifi-ap-2xgbe-dual-int-ext\/#breadcrumb","itemListElement":[{"@type":"ListItem","position":1,"name":"Portada","item":"https:\/\/aivlisoft.net\/shop\/"},{"@type":"ListItem","position":2,"name":"Tienda","item":"https:\/\/aivlisoft.net\/shop\/tienda\/"},{"@type":"ListItem","position":3,"name":"Grandstream GWN7605LR WiFi AP 2xGbE Dual Int\/Ext"}]},{"@type":"WebSite","@id":"https:\/\/aivlisoft.net\/shop\/#website","url":"https:\/\/aivlisoft.net\/shop\/","name":"Aivlisoft Inform\u00e1tica","description":"En Aivlisoft Inform\u00e1tica ofrecemos soluciones tecnol\u00f3gicas para empresas: venta de ordenadores, consumibles, perif\u00e9ricos y m\u00e1s. Calidad, atenci\u00f3n personalizada y los mejores precios para tu negocio.","publisher":{"@id":"https:\/\/aivlisoft.net\/shop\/#organization"},"potentialAction":[{"@type":"SearchAction","target":{"@type":"EntryPoint","urlTemplate":"https:\/\/aivlisoft.net\/shop\/?s={search_term_string}"},"query-input":{"@type":"PropertyValueSpecification","valueRequired":true,"valueName":"search_term_string"}}],"inLanguage":"es"},{"@type":"Organization","@id":"https:\/\/aivlisoft.net\/shop\/#organization","name":"Aivlisoft Inform\u00e1tica","url":"https:\/\/aivlisoft.net\/shop\/","logo":{"@type":"ImageObject","inLanguage":"es","@id":"https:\/\/aivlisoft.net\/shop\/#\/schema\/logo\/image\/","url":"https:\/\/aivlisoft.net\/shop\/wp-content\/uploads\/2024\/12\/removal.ai_5b848c54-0cdf-4140-95c5-c5536bb7573b-logodef.png","contentUrl":"https:\/\/aivlisoft.net\/shop\/wp-content\/uploads\/2024\/12\/removal.ai_5b848c54-0cdf-4140-95c5-c5536bb7573b-logodef.png","width":484,"height":182,"caption":"Aivlisoft Inform\u00e1tica"},"image":{"@id":"https:\/\/aivlisoft.net\/shop\/#\/schema\/logo\/image\/"}}]}},"_links":{"self":[{"href":"https:\/\/aivlisoft.net\/shop\/wp-json\/wp\/v2\/product\/19922","targetHints":{"allow":["GET"]}}],"collection":[{"href":"https:\/\/aivlisoft.net\/shop\/wp-json\/wp\/v2\/product"}],"about":[{"href":"https:\/\/aivlisoft.net\/shop\/wp-json\/wp\/v2\/types\/product"}],"wp:featuredmedia":[{"embeddable":true,"href":"https:\/\/aivlisoft.net\/shop\/wp-json\/wp\/v2\/media\/19923"}],"wp:attachment":[{"href":"https:\/\/aivlisoft.net\/shop\/wp-json\/wp\/v2\/media?parent=19922"}],"wp:term":[{"taxonomy":"product_brand","embeddable":true,"href":"https:\/\/aivlisoft.net\/shop\/wp-json\/wp\/v2\/product_brand?post=19922"},{"taxonomy":"product_cat","embeddable":true,"href":"https:\/\/aivlisoft.net\/shop\/wp-json\/wp\/v2\/product_cat?post=19922"},{"taxonomy":"product_tag","embeddable":true,"href":"https:\/\/aivlisoft.net\/shop\/wp-json\/wp\/v2\/product_tag?post=19922"}],"curies":[{"name":"wp","href":"https:\/\/api.w.org\/{rel}","templated":true}]}}