{"id":19908,"date":"2025-01-13T15:37:29","date_gmt":"2025-01-13T15:37:29","guid":{"rendered":"https:\/\/aivlisoft.com\/?post_type=product&#038;p=19908"},"modified":"2025-01-14T11:47:48","modified_gmt":"2025-01-14T11:47:48","slug":"tp-link-re315-range-extender-wifi-mesh-ac1200-dual","status":"publish","type":"product","link":"https:\/\/aivlisoft.net\/shop\/producto\/tp-link-re315-range-extender-wifi-mesh-ac1200-dual\/","title":{"rendered":"TP-Link RE315 Range Extender WiFi Mesh AC1200 Dual"},"content":{"rendered":"<p><strong>Extiende tu cobertura Wi-Fi<\/strong><br \/>Lleva la conexi&oacute;n a internet a m&aacute;s habitaciones de la casa con solo pulsar un bot&oacute;n.<\/p>\n<p><strong>M&aacute;xima compatibilidad<\/strong><br \/>Funciona con cualquier router o punto de acceso inal&aacute;mbrico WI-Fi 5 o anterior.<\/p>\n<p><strong>Wi-Fi de Doble banda<\/strong><br \/>Velocidad de doble banda estable y sin cortes de hasta 1200Mbps.<\/p>\n<p><strong>Crea tu red Mesh<\/strong><br \/>Crea&nbsp;una &uacute;nica red Wi-Fi con un mismo nombre y contrase&ntilde;a.<\/p>\n<p><strong>Selecci&oacute;n de ruta<\/strong><br \/>Elige la mejor ruta y banda disponibles para cada dispositivo.<\/p>\n<p><strong>Modo de alta velocidad<\/strong><br \/>Maximiza el rendimiento de la red al combinar en ancho de las dos bandas.<\/p>\n<p><strong>Modo Punto de acceso Ethernet<\/strong><br \/>Mejora la conexi&oacute;n en dispositivos por cable a trav&eacute;s del puerto Ethernet<\/p>\n<p><strong>Indicador de se&ntilde;al inteligente<\/strong><br \/>Ayuda a encontrar la mejor ubicaci&oacute;n para una cobertura Wi-Fi &oacute;ptima al mostrar la intensidad de la se&ntilde;al.<\/p>\n<p><strong>F&aacute;cil control por App<\/strong><br \/>Configura tu extensi&oacute;n de red c&oacute;modamente desde el m&oacute;vil con la App TP-Link Tether.<br \/>&nbsp;<br \/>&nbsp;<\/p>\n<table class=\"tabla_caracteristicas\" width=\"100%\">\n<tr>\n<td valign=\"top\"><strong>Marca<\/strong><\/td>\n<td>TP-Link<\/td>\n<\/tr>\n<tr>\n<td><strong>Modelo<\/strong><\/td>\n<td><strong>RE315<\/strong><\/td>\n<\/tr>\n<tr>\n<td><strong>Caracter&iacute;sticas<\/strong><\/td>\n<td><strong>Hardware<\/strong><br \/>\t\t\t&#8211; Puertos: 1 x puerto Ethernet de 10\/100 Mbps (RJ45)<br \/>\t\t\t&#8211; Botones:<br \/>\t\t\t&nbsp; Bot&oacute;n WPS<br \/>\t\t\t&nbsp; Bot&oacute;n de reinicio<br \/>\t\t\t&#8211; Potencia de entrada: 100-240V~50\/60Hz<br \/>\t\t\t&#8211; Consumo de Potencia: 9,5 W ?consumo m&aacute;ximo de energ&iacute;a?<br \/>\t\t\t&#8211; Antenas : 2 x antenas externas<br \/>\t\t\t<strong>Inal&aacute;mbricas<\/strong><br \/>\t\t\t&#8211; Est&aacute;ndares Inal&aacute;mbricos &nbsp;&nbsp; &nbsp;<br \/>\t\t\t&nbsp; IEEE 802.11a\/n\/ac 5 GHz<br \/>\t\t\t&nbsp; IEEE 802.11b\/g\/n 2.4 GHz<br \/>\t\t\t&#8211; Frecuencia: 2.4GHz &amp; 5GHz(11ac)<br \/>\t\t\t&#8211; Tasa de Se&ntilde;al<br \/>\t\t\t&nbsp; 5 GHz:hasta 867 Mbps<br \/>\t\t\t&nbsp; 2.4 GHz:hasta 300 Mpbs<br \/>\t\t\t&#8211; Sensibilidad de Recepci&oacute;n 5 GHz:<br \/>\t\t\t&nbsp; 11a 6Mbps: -94dBm<br \/>\t\t\t&nbsp; 11a 54Mbps: -77dBm<br \/>\t\t\t&nbsp; 11ac HT20 MCS0: -94dBm<br \/>\t\t\t&nbsp; 11ac HT20 MCS8: -71dBm<br \/>\t\t\t&nbsp; 11ac HT40 MCS0: -92dBm<br \/>\t\t\t&nbsp; 11ac HT40 MCS9: -66dBm<br \/>\t\t\t&nbsp; 11ac HT80 MCS0: -87dBm<br \/>\t\t\t&nbsp; 11ac HT80 MCS9: -62dBm<br \/>\t\t\t&#8211; Sensibilidad de Recepci&oacute;n 2.4 GHz:<br \/>\t\t\t&nbsp; 11g 54Mbps: -78dBm<br \/>\t\t\t&nbsp; 11n HT20 MCS7: -76dBm<br \/>\t\t\t&nbsp; 11n HT40 MCS7: -74dBm<br \/>\t\t\t&#8211; Funciones Inal&aacute;mbricas: &nbsp;&nbsp; &nbsp;<br \/>\t\t\t&#8211; Habilitar\/deshabilitar la radio inal&aacute;mbrica<br \/>\t\t\t&#8211; DFS (se requiere la &uacute;ltima versi&oacute;n de firmware y hardware)<br \/>\t\t\t&#8211; Control de acceso<br \/>\t\t\t&#8211; Control LED<br \/>\t\t\t&#8211; Horario de energ&iacute;a<br \/>\t\t\t&#8211; Cobertura WiFi<br \/>\t\t\t&#8211; Seguridad Inal&aacute;mbrica: Cifrados WEP, WPA \/ WPA-PSK2 \/ WPA2-PSK2 de 64\/128 bits<br \/>\t\t\t&#8211; Potencia de Transmisi&oacute;n: 2.4 GHz &le;20dBm, 5 GHz &le;30dBm<br \/>\t\t\t<strong>Otros<\/strong><br \/>\t\t\t&#8211; Certificaciones:<br \/>\t\t\t&nbsp; CE<br \/>\t\t\t&nbsp; RoHS<br \/>\t\t\t&#8211; Requisitos del sistema: &nbsp;&nbsp; &nbsp;<br \/>\t\t\t&nbsp; Microsoft Windows 98SE, NT, 2000, XP, Vista<br \/>\t\t\t&nbsp; Windows 7, 8, 8.1, 10, MAC OS, NetWare, UNIX<br \/>\t\t\t&nbsp; Linux Internet Explorer 11, Firefox 12.0, Chrome 20.0, Safari 4.0<br \/>\t\t\t&nbsp; u otro navegador compatible con Java<br \/>\t\t\t&#8211; Factores Ambientales:<br \/>\t\t\t&nbsp; Temperatura de funcionamiento: 0&ordm;C ~ 40&ordm;C<br \/>\t\t\t&nbsp; Temperatura de almacenamiento: -40&ordm;C ~ 70&ordm;C<br \/>\t\t\t&nbsp; Humedad de funcionamiento: 10 %~90 % sin condensaci&oacute;n<br \/>\t\t\t&nbsp; Humedad de almacenamiento: 5 %~90 % sin condensaci&oacute;n<br \/>\t\t\t<strong>Dimensiones<\/strong><br \/>\t\t\t&#8211; 89&times;35.0&times;124.1 mm<br \/>\t\t\t<strong>Contenido<\/strong><br \/>\t\t\t&#8211; Extensor de rango Wi-Fi RE315<br \/>\t\t\t&#8211; Gu&iacute;a de Instalaci&oacute;n R&aacute;pida<\/td>\n<\/tr>\n<tr>\n<td><strong>Fecha de revisi&oacute;n<\/strong><\/td>\n<td>20-12-2022 por RTY<\/td>\n<\/tr>\n<\/table>\n","protected":false},"excerpt":{"rendered":"<p>Extiende tu cobertura Wi-FiLleva la conexi&oacute;n a internet a m&aacute;s habitaciones de la casa con solo pulsar un bot&oacute;n. M&aacute;xima compatibilidadFunciona con cualquier router o punto de acceso inal&aacute;mbrico WI-Fi 5 o anterior. Wi-Fi de Doble bandaVelocidad de doble banda estable y sin cortes de hasta 1200Mbps. Crea tu red MeshCrea&nbsp;una &uacute;nica red Wi-Fi con&hellip;&nbsp;<a href=\"https:\/\/aivlisoft.net\/shop\/producto\/tp-link-re315-range-extender-wifi-mesh-ac1200-dual\/\" rel=\"bookmark\"><span class=\"screen-reader-text\">TP-Link RE315 Range Extender WiFi Mesh AC1200 Dual<\/span><\/a><\/p>\n","protected":false},"featured_media":19909,"template":"","meta":{"neve_meta_sidebar":"","neve_meta_container":"","neve_meta_enable_content_width":"","neve_meta_content_width":0,"neve_meta_title_alignment":"","neve_meta_author_avatar":"","neve_post_elements_order":"","neve_meta_disable_header":"","neve_meta_disable_footer":"","neve_meta_disable_title":""},"product_brand":[],"product_cat":[8770],"product_tag":[7150],"class_list":{"0":"post-19908","1":"product","2":"type-product","3":"status-publish","4":"has-post-thumbnail","6":"product_cat-puntos-de-acceso","7":"product_tag-re315","9":"first","10":"instock","11":"taxable","12":"shipping-taxable","13":"purchasable","14":"product-type-simple"},"yoast_head":"<!-- This site is optimized with the Yoast SEO plugin v26.0 - https:\/\/yoast.com\/wordpress\/plugins\/seo\/ -->\n<title>TP-Link RE315 Range Extender WiFi Mesh AC1200 Dual - Aivlisoft Inform\u00e1tica<\/title>\n<meta name=\"robots\" content=\"index, follow, max-snippet:-1, max-image-preview:large, max-video-preview:-1\" \/>\n<link rel=\"canonical\" href=\"https:\/\/aivlisoft.net\/shop\/producto\/tp-link-re315-range-extender-wifi-mesh-ac1200-dual\/\" \/>\n<meta property=\"og:locale\" content=\"es_ES\" \/>\n<meta property=\"og:type\" content=\"article\" \/>\n<meta property=\"og:title\" content=\"TP-Link RE315 Range Extender WiFi Mesh AC1200 Dual - Aivlisoft Inform\u00e1tica\" \/>\n<meta property=\"og:description\" content=\"Extiende tu cobertura Wi-FiLleva la conexi&oacute;n a internet a m&aacute;s habitaciones de la casa con solo pulsar un bot&oacute;n. M&aacute;xima compatibilidadFunciona con cualquier router o punto de acceso inal&aacute;mbrico WI-Fi 5 o anterior. Wi-Fi de Doble bandaVelocidad de doble banda estable y sin cortes de hasta 1200Mbps. Crea tu red MeshCrea&nbsp;una &uacute;nica red Wi-Fi con&hellip;&nbsp;TP-Link RE315 Range Extender WiFi Mesh AC1200 Dual\" \/>\n<meta property=\"og:url\" content=\"https:\/\/aivlisoft.net\/shop\/producto\/tp-link-re315-range-extender-wifi-mesh-ac1200-dual\/\" \/>\n<meta property=\"og:site_name\" content=\"Aivlisoft Inform\u00e1tica\" \/>\n<meta property=\"article:modified_time\" content=\"2025-01-14T11:47:48+00:00\" \/>\n<meta property=\"og:image\" content=\"https:\/\/aivlisoft.net\/shop\/wp-content\/uploads\/2025\/01\/NSWPAC0521_800.jpg\" \/>\n\t<meta property=\"og:image:width\" content=\"800\" \/>\n\t<meta property=\"og:image:height\" content=\"800\" \/>\n\t<meta property=\"og:image:type\" content=\"image\/jpeg\" \/>\n<meta name=\"twitter:card\" content=\"summary_large_image\" \/>\n<meta name=\"twitter:label1\" content=\"Tiempo de lectura\" \/>\n\t<meta name=\"twitter:data1\" content=\"3 minutos\" \/>\n<script type=\"application\/ld+json\" class=\"yoast-schema-graph\">{\"@context\":\"https:\/\/schema.org\",\"@graph\":[{\"@type\":\"WebPage\",\"@id\":\"https:\/\/aivlisoft.net\/shop\/producto\/tp-link-re315-range-extender-wifi-mesh-ac1200-dual\/\",\"url\":\"https:\/\/aivlisoft.net\/shop\/producto\/tp-link-re315-range-extender-wifi-mesh-ac1200-dual\/\",\"name\":\"TP-Link RE315 Range Extender WiFi Mesh AC1200 Dual - Aivlisoft Inform\u00e1tica\",\"isPartOf\":{\"@id\":\"https:\/\/aivlisoft.net\/shop\/#website\"},\"primaryImageOfPage\":{\"@id\":\"https:\/\/aivlisoft.net\/shop\/producto\/tp-link-re315-range-extender-wifi-mesh-ac1200-dual\/#primaryimage\"},\"image\":{\"@id\":\"https:\/\/aivlisoft.net\/shop\/producto\/tp-link-re315-range-extender-wifi-mesh-ac1200-dual\/#primaryimage\"},\"thumbnailUrl\":\"https:\/\/aivlisoft.net\/shop\/wp-content\/uploads\/2025\/01\/NSWPAC0521_800.jpg\",\"datePublished\":\"2025-01-13T15:37:29+00:00\",\"dateModified\":\"2025-01-14T11:47:48+00:00\",\"breadcrumb\":{\"@id\":\"https:\/\/aivlisoft.net\/shop\/producto\/tp-link-re315-range-extender-wifi-mesh-ac1200-dual\/#breadcrumb\"},\"inLanguage\":\"es\",\"potentialAction\":[{\"@type\":\"ReadAction\",\"target\":[\"https:\/\/aivlisoft.net\/shop\/producto\/tp-link-re315-range-extender-wifi-mesh-ac1200-dual\/\"]}]},{\"@type\":\"ImageObject\",\"inLanguage\":\"es\",\"@id\":\"https:\/\/aivlisoft.net\/shop\/producto\/tp-link-re315-range-extender-wifi-mesh-ac1200-dual\/#primaryimage\",\"url\":\"https:\/\/aivlisoft.net\/shop\/wp-content\/uploads\/2025\/01\/NSWPAC0521_800.jpg\",\"contentUrl\":\"https:\/\/aivlisoft.net\/shop\/wp-content\/uploads\/2025\/01\/NSWPAC0521_800.jpg\",\"width\":800,\"height\":800},{\"@type\":\"BreadcrumbList\",\"@id\":\"https:\/\/aivlisoft.net\/shop\/producto\/tp-link-re315-range-extender-wifi-mesh-ac1200-dual\/#breadcrumb\",\"itemListElement\":[{\"@type\":\"ListItem\",\"position\":1,\"name\":\"Portada\",\"item\":\"https:\/\/aivlisoft.net\/shop\/\"},{\"@type\":\"ListItem\",\"position\":2,\"name\":\"Tienda\",\"item\":\"https:\/\/aivlisoft.net\/shop\/tienda\/\"},{\"@type\":\"ListItem\",\"position\":3,\"name\":\"TP-Link RE315 Range Extender WiFi Mesh AC1200 Dual\"}]},{\"@type\":\"WebSite\",\"@id\":\"https:\/\/aivlisoft.net\/shop\/#website\",\"url\":\"https:\/\/aivlisoft.net\/shop\/\",\"name\":\"Aivlisoft Inform\u00e1tica\",\"description\":\"En Aivlisoft Inform\u00e1tica ofrecemos soluciones tecnol\u00f3gicas para empresas: venta de ordenadores, consumibles, perif\u00e9ricos y m\u00e1s. Calidad, atenci\u00f3n personalizada y los mejores precios para tu negocio.\",\"publisher\":{\"@id\":\"https:\/\/aivlisoft.net\/shop\/#organization\"},\"potentialAction\":[{\"@type\":\"SearchAction\",\"target\":{\"@type\":\"EntryPoint\",\"urlTemplate\":\"https:\/\/aivlisoft.net\/shop\/?s={search_term_string}\"},\"query-input\":{\"@type\":\"PropertyValueSpecification\",\"valueRequired\":true,\"valueName\":\"search_term_string\"}}],\"inLanguage\":\"es\"},{\"@type\":\"Organization\",\"@id\":\"https:\/\/aivlisoft.net\/shop\/#organization\",\"name\":\"Aivlisoft Inform\u00e1tica\",\"url\":\"https:\/\/aivlisoft.net\/shop\/\",\"logo\":{\"@type\":\"ImageObject\",\"inLanguage\":\"es\",\"@id\":\"https:\/\/aivlisoft.net\/shop\/#\/schema\/logo\/image\/\",\"url\":\"https:\/\/aivlisoft.net\/shop\/wp-content\/uploads\/2024\/12\/removal.ai_5b848c54-0cdf-4140-95c5-c5536bb7573b-logodef.png\",\"contentUrl\":\"https:\/\/aivlisoft.net\/shop\/wp-content\/uploads\/2024\/12\/removal.ai_5b848c54-0cdf-4140-95c5-c5536bb7573b-logodef.png\",\"width\":484,\"height\":182,\"caption\":\"Aivlisoft Inform\u00e1tica\"},\"image\":{\"@id\":\"https:\/\/aivlisoft.net\/shop\/#\/schema\/logo\/image\/\"}}]}<\/script>\n<!-- \/ Yoast SEO plugin. -->","yoast_head_json":{"title":"TP-Link RE315 Range Extender WiFi Mesh AC1200 Dual - Aivlisoft Inform\u00e1tica","robots":{"index":"index","follow":"follow","max-snippet":"max-snippet:-1","max-image-preview":"max-image-preview:large","max-video-preview":"max-video-preview:-1"},"canonical":"https:\/\/aivlisoft.net\/shop\/producto\/tp-link-re315-range-extender-wifi-mesh-ac1200-dual\/","og_locale":"es_ES","og_type":"article","og_title":"TP-Link RE315 Range Extender WiFi Mesh AC1200 Dual - Aivlisoft Inform\u00e1tica","og_description":"Extiende tu cobertura Wi-FiLleva la conexi&oacute;n a internet a m&aacute;s habitaciones de la casa con solo pulsar un bot&oacute;n. M&aacute;xima compatibilidadFunciona con cualquier router o punto de acceso inal&aacute;mbrico WI-Fi 5 o anterior. Wi-Fi de Doble bandaVelocidad de doble banda estable y sin cortes de hasta 1200Mbps. Crea tu red MeshCrea&nbsp;una &uacute;nica red Wi-Fi con&hellip;&nbsp;TP-Link RE315 Range Extender WiFi Mesh AC1200 Dual","og_url":"https:\/\/aivlisoft.net\/shop\/producto\/tp-link-re315-range-extender-wifi-mesh-ac1200-dual\/","og_site_name":"Aivlisoft Inform\u00e1tica","article_modified_time":"2025-01-14T11:47:48+00:00","og_image":[{"width":800,"height":800,"url":"https:\/\/aivlisoft.net\/shop\/wp-content\/uploads\/2025\/01\/NSWPAC0521_800.jpg","type":"image\/jpeg"}],"twitter_card":"summary_large_image","twitter_misc":{"Tiempo de lectura":"3 minutos"},"schema":{"@context":"https:\/\/schema.org","@graph":[{"@type":"WebPage","@id":"https:\/\/aivlisoft.net\/shop\/producto\/tp-link-re315-range-extender-wifi-mesh-ac1200-dual\/","url":"https:\/\/aivlisoft.net\/shop\/producto\/tp-link-re315-range-extender-wifi-mesh-ac1200-dual\/","name":"TP-Link RE315 Range Extender WiFi Mesh AC1200 Dual - Aivlisoft Inform\u00e1tica","isPartOf":{"@id":"https:\/\/aivlisoft.net\/shop\/#website"},"primaryImageOfPage":{"@id":"https:\/\/aivlisoft.net\/shop\/producto\/tp-link-re315-range-extender-wifi-mesh-ac1200-dual\/#primaryimage"},"image":{"@id":"https:\/\/aivlisoft.net\/shop\/producto\/tp-link-re315-range-extender-wifi-mesh-ac1200-dual\/#primaryimage"},"thumbnailUrl":"https:\/\/aivlisoft.net\/shop\/wp-content\/uploads\/2025\/01\/NSWPAC0521_800.jpg","datePublished":"2025-01-13T15:37:29+00:00","dateModified":"2025-01-14T11:47:48+00:00","breadcrumb":{"@id":"https:\/\/aivlisoft.net\/shop\/producto\/tp-link-re315-range-extender-wifi-mesh-ac1200-dual\/#breadcrumb"},"inLanguage":"es","potentialAction":[{"@type":"ReadAction","target":["https:\/\/aivlisoft.net\/shop\/producto\/tp-link-re315-range-extender-wifi-mesh-ac1200-dual\/"]}]},{"@type":"ImageObject","inLanguage":"es","@id":"https:\/\/aivlisoft.net\/shop\/producto\/tp-link-re315-range-extender-wifi-mesh-ac1200-dual\/#primaryimage","url":"https:\/\/aivlisoft.net\/shop\/wp-content\/uploads\/2025\/01\/NSWPAC0521_800.jpg","contentUrl":"https:\/\/aivlisoft.net\/shop\/wp-content\/uploads\/2025\/01\/NSWPAC0521_800.jpg","width":800,"height":800},{"@type":"BreadcrumbList","@id":"https:\/\/aivlisoft.net\/shop\/producto\/tp-link-re315-range-extender-wifi-mesh-ac1200-dual\/#breadcrumb","itemListElement":[{"@type":"ListItem","position":1,"name":"Portada","item":"https:\/\/aivlisoft.net\/shop\/"},{"@type":"ListItem","position":2,"name":"Tienda","item":"https:\/\/aivlisoft.net\/shop\/tienda\/"},{"@type":"ListItem","position":3,"name":"TP-Link RE315 Range Extender WiFi Mesh AC1200 Dual"}]},{"@type":"WebSite","@id":"https:\/\/aivlisoft.net\/shop\/#website","url":"https:\/\/aivlisoft.net\/shop\/","name":"Aivlisoft Inform\u00e1tica","description":"En Aivlisoft Inform\u00e1tica ofrecemos soluciones tecnol\u00f3gicas para empresas: venta de ordenadores, consumibles, perif\u00e9ricos y m\u00e1s. Calidad, atenci\u00f3n personalizada y los mejores precios para tu negocio.","publisher":{"@id":"https:\/\/aivlisoft.net\/shop\/#organization"},"potentialAction":[{"@type":"SearchAction","target":{"@type":"EntryPoint","urlTemplate":"https:\/\/aivlisoft.net\/shop\/?s={search_term_string}"},"query-input":{"@type":"PropertyValueSpecification","valueRequired":true,"valueName":"search_term_string"}}],"inLanguage":"es"},{"@type":"Organization","@id":"https:\/\/aivlisoft.net\/shop\/#organization","name":"Aivlisoft Inform\u00e1tica","url":"https:\/\/aivlisoft.net\/shop\/","logo":{"@type":"ImageObject","inLanguage":"es","@id":"https:\/\/aivlisoft.net\/shop\/#\/schema\/logo\/image\/","url":"https:\/\/aivlisoft.net\/shop\/wp-content\/uploads\/2024\/12\/removal.ai_5b848c54-0cdf-4140-95c5-c5536bb7573b-logodef.png","contentUrl":"https:\/\/aivlisoft.net\/shop\/wp-content\/uploads\/2024\/12\/removal.ai_5b848c54-0cdf-4140-95c5-c5536bb7573b-logodef.png","width":484,"height":182,"caption":"Aivlisoft Inform\u00e1tica"},"image":{"@id":"https:\/\/aivlisoft.net\/shop\/#\/schema\/logo\/image\/"}}]}},"_links":{"self":[{"href":"https:\/\/aivlisoft.net\/shop\/wp-json\/wp\/v2\/product\/19908","targetHints":{"allow":["GET"]}}],"collection":[{"href":"https:\/\/aivlisoft.net\/shop\/wp-json\/wp\/v2\/product"}],"about":[{"href":"https:\/\/aivlisoft.net\/shop\/wp-json\/wp\/v2\/types\/product"}],"wp:featuredmedia":[{"embeddable":true,"href":"https:\/\/aivlisoft.net\/shop\/wp-json\/wp\/v2\/media\/19909"}],"wp:attachment":[{"href":"https:\/\/aivlisoft.net\/shop\/wp-json\/wp\/v2\/media?parent=19908"}],"wp:term":[{"taxonomy":"product_brand","embeddable":true,"href":"https:\/\/aivlisoft.net\/shop\/wp-json\/wp\/v2\/product_brand?post=19908"},{"taxonomy":"product_cat","embeddable":true,"href":"https:\/\/aivlisoft.net\/shop\/wp-json\/wp\/v2\/product_cat?post=19908"},{"taxonomy":"product_tag","embeddable":true,"href":"https:\/\/aivlisoft.net\/shop\/wp-json\/wp\/v2\/product_tag?post=19908"}],"curies":[{"name":"wp","href":"https:\/\/api.w.org\/{rel}","templated":true}]}}