{"id":19906,"date":"2025-01-13T15:37:28","date_gmt":"2025-01-13T15:37:28","guid":{"rendered":"https:\/\/aivlisoft.com\/?post_type=product&#038;p=19906"},"modified":"2025-01-14T11:47:47","modified_gmt":"2025-01-14T11:47:47","slug":"fritz-repeater-3000-ax-wifi6-ax3000-mesh-2xlan","status":"publish","type":"product","link":"https:\/\/aivlisoft.net\/shop\/producto\/fritz-repeater-3000-ax-wifi6-ax3000-mesh-2xlan\/","title":{"rendered":"Fritz! Repeater 3000 AX WiFi6 AX3000 Mesh 2xLAN"},"content":{"rendered":"<p>&nbsp;<\/p>\n<table class=\"tabla_caracteristicas\" width=\"100%\">\n<tr>\n<td><strong>Marca<\/strong><\/td>\n<td>Fritz!<\/td>\n<\/tr>\n<tr>\n<td><strong>Modelo<\/strong><\/td>\n<td><strong>20002991<\/strong><\/td>\n<\/tr>\n<tr>\n<td valign=\"top\"><strong>Caracter&iacute;sticas<\/strong><\/td>\n<td><strong>Control de energ&iacute;a<\/strong><br \/>\t\t\t&#8211; Alimentaci&oacute;n: Corriente alterna<br \/>\t\t\t&#8211; Voltaje de entrada AC: 230 V<br \/>\t\t\t&#8211; Frecuencia de entrada AC: 50 Hz<br \/>\t\t\t&#8211; Consumo energ&eacute;tico: 6 W<br \/>\t\t\t&#8211; Consumo de energ&iacute;a (max): 11,4 W<br \/>\t\t\t<strong>Caracter&iacute;sticas inal&aacute;mbricas<\/strong><br \/>\t\t\t&#8211; Velocidad de transmisi&oacute;n de datos: hasta 4.200 Mbps, 2.400 y 1.200 Mbps a 5 GHz y 600 Mbps a 2,4 GHz<br \/>\t\t\t&#8211; 3 x unidades de radio 2 x 5 GHz (4 x 4\/ 2 x 2) y 1x 2,4 GHz (2 x 2)<br \/>\t\t\t&#8211; 8 x antenas<br \/>\t\t\t<strong>Puertos e interfacez<\/strong><br \/>\t\t\t&#8211; Tecnolog&iacute;a de conectividad: Inal&aacute;mbrico y al&aacute;mbrico<br \/>\t\t\t&#8211; Ethernet LAN 2 x puertos, LAN Gigabit (10\/ 100\/ 1000&nbsp;Mbps)<br \/>\t\t\t<strong>Modos Inal&aacute;mbricos<\/strong><br \/>\t\t\t&#8211; Wi-Fi AX ultrarr&aacute;pido + AC + N (Wi-Fi 6 + Wi-Fi 5 + Wi-Fi 4)<br \/>\t\t\t&#8211; Wi-Fi Mesh<br \/>\t\t\t<strong>Seguridad<\/strong><br \/>\t\t\t&#8211; Transferencia autom&aacute;tica del cifrado Wi-Fi<br \/>\t\t\t&#8211; WPS<\/td>\n<\/tr>\n<tr>\n<td valign=\"top\"><strong>Otras Caracter&iacute;sticas<\/strong><\/td>\n<td>\n<div>\n<div>\n<div>\n<div>&#8211; Desconexi&oacute;n nocturna<br \/>\t\t\t<strong>Dimensiones y peso<\/strong><br \/>\t\t\t&#8211; 190 x 144,5 x 89,5 mm<br \/>\t\t\t&#8211; 550g<br \/>\t\t\t<strong>Contiene<\/strong><br \/>\t\t\t&#8211; AVM FRITZ!Repeater 3000 AX<br \/>\t\t\t&#8211; Fuente de alimentaci&oacute;n<br \/>\t\t\t&#8211; Cable LAN<br \/>\t\t\t&#8211; Gu&iacute;a r&aacute;pida de instalaci&oacute;n<\/div>\n<\/p><\/div>\n<\/p><\/div>\n<\/p><\/div>\n<\/td>\n<\/tr>\n<tr>\n<td><strong>Fecha de revisi&oacute;n<\/strong><\/td>\n<td>14-11-2014 por FE4<\/td>\n<\/tr>\n<\/table>\n","protected":false},"excerpt":{"rendered":"<p>&nbsp; Marca Fritz! Modelo 20002991 Caracter&iacute;sticas Control de energ&iacute;a &#8211; Alimentaci&oacute;n: Corriente alterna &#8211; Voltaje de entrada AC: 230 V &#8211; Frecuencia de entrada AC: 50 Hz &#8211; Consumo energ&eacute;tico: 6 W &#8211; Consumo de energ&iacute;a (max): 11,4 W Caracter&iacute;sticas inal&aacute;mbricas &#8211; Velocidad de transmisi&oacute;n de datos: hasta 4.200 Mbps, 2.400 y 1.200 Mbps a&hellip;&nbsp;<a href=\"https:\/\/aivlisoft.net\/shop\/producto\/fritz-repeater-3000-ax-wifi6-ax3000-mesh-2xlan\/\" rel=\"bookmark\"><span class=\"screen-reader-text\">Fritz! Repeater 3000 AX WiFi6 AX3000 Mesh 2xLAN<\/span><\/a><\/p>\n","protected":false},"featured_media":19907,"template":"","meta":{"neve_meta_sidebar":"","neve_meta_container":"","neve_meta_enable_content_width":"","neve_meta_content_width":0,"neve_meta_title_alignment":"","neve_meta_author_avatar":"","neve_post_elements_order":"","neve_meta_disable_header":"","neve_meta_disable_footer":"","neve_meta_disable_title":""},"product_brand":[],"product_cat":[8770],"product_tag":[7149],"class_list":{"0":"post-19906","1":"product","2":"type-product","3":"status-publish","4":"has-post-thumbnail","6":"product_cat-puntos-de-acceso","7":"product_tag-7149","9":"first","10":"instock","11":"taxable","12":"shipping-taxable","13":"purchasable","14":"product-type-simple"},"yoast_head":"<!-- This site is optimized with the Yoast SEO plugin v26.0 - https:\/\/yoast.com\/wordpress\/plugins\/seo\/ -->\n<title>Fritz! Repeater 3000 AX WiFi6 AX3000 Mesh 2xLAN - Aivlisoft Inform\u00e1tica<\/title>\n<meta name=\"robots\" content=\"index, follow, max-snippet:-1, max-image-preview:large, max-video-preview:-1\" \/>\n<link rel=\"canonical\" href=\"https:\/\/aivlisoft.net\/shop\/producto\/fritz-repeater-3000-ax-wifi6-ax3000-mesh-2xlan\/\" \/>\n<meta property=\"og:locale\" content=\"es_ES\" \/>\n<meta property=\"og:type\" content=\"article\" \/>\n<meta property=\"og:title\" content=\"Fritz! Repeater 3000 AX WiFi6 AX3000 Mesh 2xLAN - Aivlisoft Inform\u00e1tica\" \/>\n<meta property=\"og:description\" content=\"&nbsp; Marca Fritz! Modelo 20002991 Caracter&iacute;sticas Control de energ&iacute;a &#8211; Alimentaci&oacute;n: Corriente alterna &#8211; Voltaje de entrada AC: 230 V &#8211; Frecuencia de entrada AC: 50 Hz &#8211; Consumo energ&eacute;tico: 6 W &#8211; Consumo de energ&iacute;a (max): 11,4 W Caracter&iacute;sticas inal&aacute;mbricas &#8211; Velocidad de transmisi&oacute;n de datos: hasta 4.200 Mbps, 2.400 y 1.200 Mbps a&hellip;&nbsp;Fritz! Repeater 3000 AX WiFi6 AX3000 Mesh 2xLAN\" \/>\n<meta property=\"og:url\" content=\"https:\/\/aivlisoft.net\/shop\/producto\/fritz-repeater-3000-ax-wifi6-ax3000-mesh-2xlan\/\" \/>\n<meta property=\"og:site_name\" content=\"Aivlisoft Inform\u00e1tica\" \/>\n<meta property=\"article:modified_time\" content=\"2025-01-14T11:47:47+00:00\" \/>\n<meta property=\"og:image\" content=\"https:\/\/aivlisoft.net\/shop\/wp-content\/uploads\/2025\/01\/NSWPAC0520_800.jpg\" \/>\n\t<meta property=\"og:image:width\" content=\"800\" \/>\n\t<meta property=\"og:image:height\" content=\"800\" \/>\n\t<meta property=\"og:image:type\" content=\"image\/jpeg\" \/>\n<meta name=\"twitter:card\" content=\"summary_large_image\" \/>\n<meta name=\"twitter:label1\" content=\"Tiempo de lectura\" \/>\n\t<meta name=\"twitter:data1\" content=\"1 minuto\" \/>\n<script type=\"application\/ld+json\" class=\"yoast-schema-graph\">{\"@context\":\"https:\/\/schema.org\",\"@graph\":[{\"@type\":\"WebPage\",\"@id\":\"https:\/\/aivlisoft.net\/shop\/producto\/fritz-repeater-3000-ax-wifi6-ax3000-mesh-2xlan\/\",\"url\":\"https:\/\/aivlisoft.net\/shop\/producto\/fritz-repeater-3000-ax-wifi6-ax3000-mesh-2xlan\/\",\"name\":\"Fritz! Repeater 3000 AX WiFi6 AX3000 Mesh 2xLAN - Aivlisoft Inform\u00e1tica\",\"isPartOf\":{\"@id\":\"https:\/\/aivlisoft.net\/shop\/#website\"},\"primaryImageOfPage\":{\"@id\":\"https:\/\/aivlisoft.net\/shop\/producto\/fritz-repeater-3000-ax-wifi6-ax3000-mesh-2xlan\/#primaryimage\"},\"image\":{\"@id\":\"https:\/\/aivlisoft.net\/shop\/producto\/fritz-repeater-3000-ax-wifi6-ax3000-mesh-2xlan\/#primaryimage\"},\"thumbnailUrl\":\"https:\/\/aivlisoft.net\/shop\/wp-content\/uploads\/2025\/01\/NSWPAC0520_800.jpg\",\"datePublished\":\"2025-01-13T15:37:28+00:00\",\"dateModified\":\"2025-01-14T11:47:47+00:00\",\"breadcrumb\":{\"@id\":\"https:\/\/aivlisoft.net\/shop\/producto\/fritz-repeater-3000-ax-wifi6-ax3000-mesh-2xlan\/#breadcrumb\"},\"inLanguage\":\"es\",\"potentialAction\":[{\"@type\":\"ReadAction\",\"target\":[\"https:\/\/aivlisoft.net\/shop\/producto\/fritz-repeater-3000-ax-wifi6-ax3000-mesh-2xlan\/\"]}]},{\"@type\":\"ImageObject\",\"inLanguage\":\"es\",\"@id\":\"https:\/\/aivlisoft.net\/shop\/producto\/fritz-repeater-3000-ax-wifi6-ax3000-mesh-2xlan\/#primaryimage\",\"url\":\"https:\/\/aivlisoft.net\/shop\/wp-content\/uploads\/2025\/01\/NSWPAC0520_800.jpg\",\"contentUrl\":\"https:\/\/aivlisoft.net\/shop\/wp-content\/uploads\/2025\/01\/NSWPAC0520_800.jpg\",\"width\":800,\"height\":800},{\"@type\":\"BreadcrumbList\",\"@id\":\"https:\/\/aivlisoft.net\/shop\/producto\/fritz-repeater-3000-ax-wifi6-ax3000-mesh-2xlan\/#breadcrumb\",\"itemListElement\":[{\"@type\":\"ListItem\",\"position\":1,\"name\":\"Portada\",\"item\":\"https:\/\/aivlisoft.net\/shop\/\"},{\"@type\":\"ListItem\",\"position\":2,\"name\":\"Tienda\",\"item\":\"https:\/\/aivlisoft.net\/shop\/tienda\/\"},{\"@type\":\"ListItem\",\"position\":3,\"name\":\"Fritz! Repeater 3000 AX WiFi6 AX3000 Mesh 2xLAN\"}]},{\"@type\":\"WebSite\",\"@id\":\"https:\/\/aivlisoft.net\/shop\/#website\",\"url\":\"https:\/\/aivlisoft.net\/shop\/\",\"name\":\"Aivlisoft Inform\u00e1tica\",\"description\":\"En Aivlisoft Inform\u00e1tica ofrecemos soluciones tecnol\u00f3gicas para empresas: venta de ordenadores, consumibles, perif\u00e9ricos y m\u00e1s. Calidad, atenci\u00f3n personalizada y los mejores precios para tu negocio.\",\"publisher\":{\"@id\":\"https:\/\/aivlisoft.net\/shop\/#organization\"},\"potentialAction\":[{\"@type\":\"SearchAction\",\"target\":{\"@type\":\"EntryPoint\",\"urlTemplate\":\"https:\/\/aivlisoft.net\/shop\/?s={search_term_string}\"},\"query-input\":{\"@type\":\"PropertyValueSpecification\",\"valueRequired\":true,\"valueName\":\"search_term_string\"}}],\"inLanguage\":\"es\"},{\"@type\":\"Organization\",\"@id\":\"https:\/\/aivlisoft.net\/shop\/#organization\",\"name\":\"Aivlisoft Inform\u00e1tica\",\"url\":\"https:\/\/aivlisoft.net\/shop\/\",\"logo\":{\"@type\":\"ImageObject\",\"inLanguage\":\"es\",\"@id\":\"https:\/\/aivlisoft.net\/shop\/#\/schema\/logo\/image\/\",\"url\":\"https:\/\/aivlisoft.net\/shop\/wp-content\/uploads\/2024\/12\/removal.ai_5b848c54-0cdf-4140-95c5-c5536bb7573b-logodef.png\",\"contentUrl\":\"https:\/\/aivlisoft.net\/shop\/wp-content\/uploads\/2024\/12\/removal.ai_5b848c54-0cdf-4140-95c5-c5536bb7573b-logodef.png\",\"width\":484,\"height\":182,\"caption\":\"Aivlisoft Inform\u00e1tica\"},\"image\":{\"@id\":\"https:\/\/aivlisoft.net\/shop\/#\/schema\/logo\/image\/\"}}]}<\/script>\n<!-- \/ Yoast SEO plugin. -->","yoast_head_json":{"title":"Fritz! Repeater 3000 AX WiFi6 AX3000 Mesh 2xLAN - Aivlisoft Inform\u00e1tica","robots":{"index":"index","follow":"follow","max-snippet":"max-snippet:-1","max-image-preview":"max-image-preview:large","max-video-preview":"max-video-preview:-1"},"canonical":"https:\/\/aivlisoft.net\/shop\/producto\/fritz-repeater-3000-ax-wifi6-ax3000-mesh-2xlan\/","og_locale":"es_ES","og_type":"article","og_title":"Fritz! Repeater 3000 AX WiFi6 AX3000 Mesh 2xLAN - Aivlisoft Inform\u00e1tica","og_description":"&nbsp; Marca Fritz! Modelo 20002991 Caracter&iacute;sticas Control de energ&iacute;a &#8211; Alimentaci&oacute;n: Corriente alterna &#8211; Voltaje de entrada AC: 230 V &#8211; Frecuencia de entrada AC: 50 Hz &#8211; Consumo energ&eacute;tico: 6 W &#8211; Consumo de energ&iacute;a (max): 11,4 W Caracter&iacute;sticas inal&aacute;mbricas &#8211; Velocidad de transmisi&oacute;n de datos: hasta 4.200 Mbps, 2.400 y 1.200 Mbps a&hellip;&nbsp;Fritz! Repeater 3000 AX WiFi6 AX3000 Mesh 2xLAN","og_url":"https:\/\/aivlisoft.net\/shop\/producto\/fritz-repeater-3000-ax-wifi6-ax3000-mesh-2xlan\/","og_site_name":"Aivlisoft Inform\u00e1tica","article_modified_time":"2025-01-14T11:47:47+00:00","og_image":[{"width":800,"height":800,"url":"https:\/\/aivlisoft.net\/shop\/wp-content\/uploads\/2025\/01\/NSWPAC0520_800.jpg","type":"image\/jpeg"}],"twitter_card":"summary_large_image","twitter_misc":{"Tiempo de lectura":"1 minuto"},"schema":{"@context":"https:\/\/schema.org","@graph":[{"@type":"WebPage","@id":"https:\/\/aivlisoft.net\/shop\/producto\/fritz-repeater-3000-ax-wifi6-ax3000-mesh-2xlan\/","url":"https:\/\/aivlisoft.net\/shop\/producto\/fritz-repeater-3000-ax-wifi6-ax3000-mesh-2xlan\/","name":"Fritz! Repeater 3000 AX WiFi6 AX3000 Mesh 2xLAN - Aivlisoft Inform\u00e1tica","isPartOf":{"@id":"https:\/\/aivlisoft.net\/shop\/#website"},"primaryImageOfPage":{"@id":"https:\/\/aivlisoft.net\/shop\/producto\/fritz-repeater-3000-ax-wifi6-ax3000-mesh-2xlan\/#primaryimage"},"image":{"@id":"https:\/\/aivlisoft.net\/shop\/producto\/fritz-repeater-3000-ax-wifi6-ax3000-mesh-2xlan\/#primaryimage"},"thumbnailUrl":"https:\/\/aivlisoft.net\/shop\/wp-content\/uploads\/2025\/01\/NSWPAC0520_800.jpg","datePublished":"2025-01-13T15:37:28+00:00","dateModified":"2025-01-14T11:47:47+00:00","breadcrumb":{"@id":"https:\/\/aivlisoft.net\/shop\/producto\/fritz-repeater-3000-ax-wifi6-ax3000-mesh-2xlan\/#breadcrumb"},"inLanguage":"es","potentialAction":[{"@type":"ReadAction","target":["https:\/\/aivlisoft.net\/shop\/producto\/fritz-repeater-3000-ax-wifi6-ax3000-mesh-2xlan\/"]}]},{"@type":"ImageObject","inLanguage":"es","@id":"https:\/\/aivlisoft.net\/shop\/producto\/fritz-repeater-3000-ax-wifi6-ax3000-mesh-2xlan\/#primaryimage","url":"https:\/\/aivlisoft.net\/shop\/wp-content\/uploads\/2025\/01\/NSWPAC0520_800.jpg","contentUrl":"https:\/\/aivlisoft.net\/shop\/wp-content\/uploads\/2025\/01\/NSWPAC0520_800.jpg","width":800,"height":800},{"@type":"BreadcrumbList","@id":"https:\/\/aivlisoft.net\/shop\/producto\/fritz-repeater-3000-ax-wifi6-ax3000-mesh-2xlan\/#breadcrumb","itemListElement":[{"@type":"ListItem","position":1,"name":"Portada","item":"https:\/\/aivlisoft.net\/shop\/"},{"@type":"ListItem","position":2,"name":"Tienda","item":"https:\/\/aivlisoft.net\/shop\/tienda\/"},{"@type":"ListItem","position":3,"name":"Fritz! Repeater 3000 AX WiFi6 AX3000 Mesh 2xLAN"}]},{"@type":"WebSite","@id":"https:\/\/aivlisoft.net\/shop\/#website","url":"https:\/\/aivlisoft.net\/shop\/","name":"Aivlisoft Inform\u00e1tica","description":"En Aivlisoft Inform\u00e1tica ofrecemos soluciones tecnol\u00f3gicas para empresas: venta de ordenadores, consumibles, perif\u00e9ricos y m\u00e1s. Calidad, atenci\u00f3n personalizada y los mejores precios para tu negocio.","publisher":{"@id":"https:\/\/aivlisoft.net\/shop\/#organization"},"potentialAction":[{"@type":"SearchAction","target":{"@type":"EntryPoint","urlTemplate":"https:\/\/aivlisoft.net\/shop\/?s={search_term_string}"},"query-input":{"@type":"PropertyValueSpecification","valueRequired":true,"valueName":"search_term_string"}}],"inLanguage":"es"},{"@type":"Organization","@id":"https:\/\/aivlisoft.net\/shop\/#organization","name":"Aivlisoft Inform\u00e1tica","url":"https:\/\/aivlisoft.net\/shop\/","logo":{"@type":"ImageObject","inLanguage":"es","@id":"https:\/\/aivlisoft.net\/shop\/#\/schema\/logo\/image\/","url":"https:\/\/aivlisoft.net\/shop\/wp-content\/uploads\/2024\/12\/removal.ai_5b848c54-0cdf-4140-95c5-c5536bb7573b-logodef.png","contentUrl":"https:\/\/aivlisoft.net\/shop\/wp-content\/uploads\/2024\/12\/removal.ai_5b848c54-0cdf-4140-95c5-c5536bb7573b-logodef.png","width":484,"height":182,"caption":"Aivlisoft Inform\u00e1tica"},"image":{"@id":"https:\/\/aivlisoft.net\/shop\/#\/schema\/logo\/image\/"}}]}},"_links":{"self":[{"href":"https:\/\/aivlisoft.net\/shop\/wp-json\/wp\/v2\/product\/19906","targetHints":{"allow":["GET"]}}],"collection":[{"href":"https:\/\/aivlisoft.net\/shop\/wp-json\/wp\/v2\/product"}],"about":[{"href":"https:\/\/aivlisoft.net\/shop\/wp-json\/wp\/v2\/types\/product"}],"wp:featuredmedia":[{"embeddable":true,"href":"https:\/\/aivlisoft.net\/shop\/wp-json\/wp\/v2\/media\/19907"}],"wp:attachment":[{"href":"https:\/\/aivlisoft.net\/shop\/wp-json\/wp\/v2\/media?parent=19906"}],"wp:term":[{"taxonomy":"product_brand","embeddable":true,"href":"https:\/\/aivlisoft.net\/shop\/wp-json\/wp\/v2\/product_brand?post=19906"},{"taxonomy":"product_cat","embeddable":true,"href":"https:\/\/aivlisoft.net\/shop\/wp-json\/wp\/v2\/product_cat?post=19906"},{"taxonomy":"product_tag","embeddable":true,"href":"https:\/\/aivlisoft.net\/shop\/wp-json\/wp\/v2\/product_tag?post=19906"}],"curies":[{"name":"wp","href":"https:\/\/api.w.org\/{rel}","templated":true}]}}