{"id":19893,"date":"2025-01-13T15:37:22","date_gmt":"2025-01-13T15:37:22","guid":{"rendered":"https:\/\/aivlisoft.com\/?post_type=product&#038;p=19893"},"modified":"2025-01-14T11:47:44","modified_gmt":"2025-01-14T11:47:44","slug":"ubiquiti-u6-enterprise-ap-wifi6e-1x2-5gbe-multiban","status":"publish","type":"product","link":"https:\/\/aivlisoft.net\/shop\/producto\/ubiquiti-u6-enterprise-ap-wifi6e-1x2-5gbe-multiban\/","title":{"rendered":"Ubiquiti U6-Enterprise AP WiFi6E 1&#215;2.5GbE Multiban"},"content":{"rendered":"<p><\/p>\n<table class=\"tabla_caracteristicas\" width=\"100%\">\n<tr>\n<td valign=\"top\"><strong>Marca<\/strong><\/td>\n<td>Ubiquiti<\/td>\n<\/tr>\n<tr>\n<td valign=\"top\"><strong>Modelo<\/strong><\/td>\n<td><strong>U6-Enterprise<\/strong><\/td>\n<\/tr>\n<tr>\n<td valign=\"top\"><strong>Caracter&iacute;sticas Hardware<\/strong><\/td>\n<td>&#8211; Interfaz de gesti&oacute;n: Ethernet y Bluetooth<br \/>\t\t\t&#8211; Interfaz de red: (1) puerto RJ45 de 2,5 GbE<br \/>\t\t\t&#8211; Botones: de reinicio y restablecimiento de f&aacute;brica<br \/>\t\t\t&#8211; LED: W\/B<br \/>\t\t\t&#8211; M&eacute;todo de alimentaci&oacute;n: PoE+<br \/>\t\t\t&#8211; Alimentaci&oacute;n<br \/>\t\t\t&nbsp; UniFi PoE switch<br \/>\t\t\t&#8211; Max. Potencia de transmisi&oacute;n<br \/>\t\t\t&nbsp; 2,4 GHz 22 dBm<br \/>\t\t\t&nbsp; 5-7 GHz 26 dBm<br \/>\t\t\t&#8211; MIMO<br \/>\t\t\t&nbsp; 2,4 GHz 2 x 2 (UL MU-MIMO)<br \/>\t\t\t&nbsp; 5 GHz 4 x 4 (DL\/UL MU-MIMO)<br \/>\t\t\t&nbsp; 6 GHz 4 x 4 (DL\/UL MU-MIMO)<br \/>\t\t\t&#8211; Tasa de rendimiento<br \/>\t\t\t&nbsp; 2,4 GHz 573,5 Mbps<br \/>\t\t\t&nbsp; 5 GHz 4,8 Gbps<br \/>\t\t\t&nbsp; 6 GHz 4,8 Gbps<br \/>\t\t\t&#8211; Ganancia de la antena<br \/>\t\t\t&nbsp; 2,4 GHz 3,2 dBi<br \/>\t\t\t&nbsp; 5 GHz 5,3 dBi<br \/>\t\t\t&nbsp; 6 GHz 6 dBi<br \/>\t\t\t&#8211; Montaje Pared\/techo (incluido)<br \/>\t\t\t&#8211; Temperatura de funcionamiento -30 a 60&deg; C (-22 a 140&deg; F)<br \/>\t\t\t&#8211; Humedad de funcionamiento 5 a 95% sin condensaci&oacute;n<\/td>\n<\/tr>\n<tr>\n<td valign=\"top\"><strong>Caracter&iacute;sticas Inal&aacute;mbricas<\/strong><\/td>\n<td>&#8211; 802.11a: 6, 9, 12, 18, 24, 36, 48, 54 Mbps<br \/>\t\t\t&#8211; 802.11b: 1, 2, 5.5, 11 Mbps<br \/>\t\t\t&#8211; 802.11g: 6, 9, 12, 18, 24, 36, 48, 54 Mbps<br \/>\t\t\t&#8211; 802.11n (WiFi 4): 6.5 Mbps to 600 Mbps (MCS0 &#8211; MCS31, HT 20\/40)<br \/>\t\t\t&#8211; 802.11ac (WiFi 5): 6.5 Mbps to 3.4 Gbps (MCS0 &#8211; MCS9 NSS1\/2\/3\/4, VHT 20\/40\/80\/160)<br \/>\t\t\t&#8211; 802.11ax (WiFi 6\/6E): 7.3 Mbps to 4.8 Gbps (MCS0 &#8211; MCS11 NSS1\/2\/3\/4, HE 20\/40\/80\/160)<\/td>\n<\/tr>\n<tr>\n<td valign=\"top\"><strong>Caracter&iacute;sticas Software<\/strong><\/td>\n<td>&#8211; Est&aacute;ndares:<br \/>\t\t\t&nbsp; WiFi 802.11a\/b\/g<br \/>\t\t\t&nbsp; WiFi 4\/WiFi 5\/WiFi 6\/WiFi 6E<br \/>\t\t\t&#8211; Seguridad inal&aacute;mbrica: WPA-PSK, WPA-Enterprise (WPA\/WPA2\/WPA3)<br \/>\t\t\t&#8211; BSSID: 8 por radio<br \/>\t\t\t&#8211; VLAN: 802.1Q<br \/>\t\t\t&#8211; QoS avanzada: Limitaci&oacute;n de velocidad por usuario<br \/>\t\t\t&#8211; Tr&aacute;fico de invitados<\/td>\n<\/tr>\n<tr>\n<td valign=\"top\"><strong>Otras Caracter&iacute;sticas<\/strong><\/td>\n<td><strong>Alimentaci&oacute;n<\/strong><br \/>\t\t\t&#8211; Rango de voltaje soportado: 44-57V DC<br \/>\t\t\t&#8211; Consumo m&aacute;ximo de energ&iacute;a: 22W<br \/>\t\t\t<strong>Dimensiones y peso<\/strong><br \/>\t\t\t&#8211; Dimensiones: &Oslash;220 x 48,1 mm (&Oslash;8,66 x 1,89&quot;)<br \/>\t\t\t&#8211; Peso sin soporte: 960 g (2.1 lb)<br \/>\t\t\t&#8211; Con soporte: 1090 g (2.4 lb)<br \/>\t\t\t<strong>Materiales<\/strong><br \/>\t\t\t&#8211; Material de la carcasa:<br \/>\t\t\t&nbsp;&nbsp;Carcasa superior: pl&aacute;stico<br \/>\t\t\t&nbsp; Carcasa inferior: aluminio<br \/>\t\t\t&#8211; Material del soporte: acero SGC<\/td>\n<\/tr>\n<tr>\n<td valign=\"top\"><strong>Fecha de revisi&oacute;n<\/strong><\/td>\n<td>22-11-2022 por MPM<\/td>\n<\/tr>\n<\/table>\n","protected":false},"excerpt":{"rendered":"<p>Marca Ubiquiti Modelo U6-Enterprise Caracter&iacute;sticas Hardware &#8211; Interfaz de gesti&oacute;n: Ethernet y Bluetooth &#8211; Interfaz de red: (1) puerto RJ45 de 2,5 GbE &#8211; Botones: de reinicio y restablecimiento de f&aacute;brica &#8211; LED: W\/B &#8211; M&eacute;todo de alimentaci&oacute;n: PoE+ &#8211; Alimentaci&oacute;n &nbsp; UniFi PoE switch &#8211; Max. Potencia de transmisi&oacute;n &nbsp; 2,4 GHz 22 dBm&hellip;&nbsp;<a href=\"https:\/\/aivlisoft.net\/shop\/producto\/ubiquiti-u6-enterprise-ap-wifi6e-1x2-5gbe-multiban\/\" rel=\"bookmark\"><span class=\"screen-reader-text\">Ubiquiti U6-Enterprise AP WiFi6E 1&#215;2.5GbE Multiban<\/span><\/a><\/p>\n","protected":false},"featured_media":19894,"template":"","meta":{"neve_meta_sidebar":"","neve_meta_container":"","neve_meta_enable_content_width":"","neve_meta_content_width":0,"neve_meta_title_alignment":"","neve_meta_author_avatar":"","neve_post_elements_order":"","neve_meta_disable_header":"","neve_meta_disable_footer":"","neve_meta_disable_title":""},"product_brand":[],"product_cat":[8770],"product_tag":[7145],"class_list":{"0":"post-19893","1":"product","2":"type-product","3":"status-publish","4":"has-post-thumbnail","6":"product_cat-puntos-de-acceso","7":"product_tag-u6-enterprise","9":"first","10":"instock","11":"taxable","12":"shipping-taxable","13":"purchasable","14":"product-type-simple"},"yoast_head":"<!-- This site is optimized with the Yoast SEO plugin v26.0 - https:\/\/yoast.com\/wordpress\/plugins\/seo\/ -->\n<title>Ubiquiti U6-Enterprise AP WiFi6E 1x2.5GbE Multiban - Aivlisoft Inform\u00e1tica<\/title>\n<meta name=\"robots\" content=\"index, follow, max-snippet:-1, max-image-preview:large, max-video-preview:-1\" \/>\n<link rel=\"canonical\" href=\"https:\/\/aivlisoft.net\/shop\/producto\/ubiquiti-u6-enterprise-ap-wifi6e-1x2-5gbe-multiban\/\" \/>\n<meta property=\"og:locale\" content=\"es_ES\" \/>\n<meta property=\"og:type\" content=\"article\" \/>\n<meta property=\"og:title\" content=\"Ubiquiti U6-Enterprise AP WiFi6E 1x2.5GbE Multiban - Aivlisoft Inform\u00e1tica\" \/>\n<meta property=\"og:description\" content=\"Marca Ubiquiti Modelo U6-Enterprise Caracter&iacute;sticas Hardware &#8211; Interfaz de gesti&oacute;n: Ethernet y Bluetooth &#8211; Interfaz de red: (1) puerto RJ45 de 2,5 GbE &#8211; Botones: de reinicio y restablecimiento de f&aacute;brica &#8211; LED: W\/B &#8211; M&eacute;todo de alimentaci&oacute;n: PoE+ &#8211; Alimentaci&oacute;n &nbsp; UniFi PoE switch &#8211; Max. Potencia de transmisi&oacute;n &nbsp; 2,4 GHz 22 dBm&hellip;&nbsp;Ubiquiti U6-Enterprise AP WiFi6E 1&#215;2.5GbE Multiban\" \/>\n<meta property=\"og:url\" content=\"https:\/\/aivlisoft.net\/shop\/producto\/ubiquiti-u6-enterprise-ap-wifi6e-1x2-5gbe-multiban\/\" \/>\n<meta property=\"og:site_name\" content=\"Aivlisoft Inform\u00e1tica\" \/>\n<meta property=\"article:modified_time\" content=\"2025-01-14T11:47:44+00:00\" \/>\n<meta property=\"og:image\" content=\"https:\/\/aivlisoft.net\/shop\/wp-content\/uploads\/2025\/01\/NSWPAC0516_800.jpg\" \/>\n\t<meta property=\"og:image:width\" content=\"800\" \/>\n\t<meta property=\"og:image:height\" content=\"800\" \/>\n\t<meta property=\"og:image:type\" content=\"image\/jpeg\" \/>\n<meta name=\"twitter:card\" content=\"summary_large_image\" \/>\n<meta name=\"twitter:label1\" content=\"Tiempo de lectura\" \/>\n\t<meta name=\"twitter:data1\" content=\"2 minutos\" \/>\n<script type=\"application\/ld+json\" class=\"yoast-schema-graph\">{\"@context\":\"https:\/\/schema.org\",\"@graph\":[{\"@type\":\"WebPage\",\"@id\":\"https:\/\/aivlisoft.net\/shop\/producto\/ubiquiti-u6-enterprise-ap-wifi6e-1x2-5gbe-multiban\/\",\"url\":\"https:\/\/aivlisoft.net\/shop\/producto\/ubiquiti-u6-enterprise-ap-wifi6e-1x2-5gbe-multiban\/\",\"name\":\"Ubiquiti U6-Enterprise AP WiFi6E 1x2.5GbE Multiban - Aivlisoft Inform\u00e1tica\",\"isPartOf\":{\"@id\":\"https:\/\/aivlisoft.net\/shop\/#website\"},\"primaryImageOfPage\":{\"@id\":\"https:\/\/aivlisoft.net\/shop\/producto\/ubiquiti-u6-enterprise-ap-wifi6e-1x2-5gbe-multiban\/#primaryimage\"},\"image\":{\"@id\":\"https:\/\/aivlisoft.net\/shop\/producto\/ubiquiti-u6-enterprise-ap-wifi6e-1x2-5gbe-multiban\/#primaryimage\"},\"thumbnailUrl\":\"https:\/\/aivlisoft.net\/shop\/wp-content\/uploads\/2025\/01\/NSWPAC0516_800.jpg\",\"datePublished\":\"2025-01-13T15:37:22+00:00\",\"dateModified\":\"2025-01-14T11:47:44+00:00\",\"breadcrumb\":{\"@id\":\"https:\/\/aivlisoft.net\/shop\/producto\/ubiquiti-u6-enterprise-ap-wifi6e-1x2-5gbe-multiban\/#breadcrumb\"},\"inLanguage\":\"es\",\"potentialAction\":[{\"@type\":\"ReadAction\",\"target\":[\"https:\/\/aivlisoft.net\/shop\/producto\/ubiquiti-u6-enterprise-ap-wifi6e-1x2-5gbe-multiban\/\"]}]},{\"@type\":\"ImageObject\",\"inLanguage\":\"es\",\"@id\":\"https:\/\/aivlisoft.net\/shop\/producto\/ubiquiti-u6-enterprise-ap-wifi6e-1x2-5gbe-multiban\/#primaryimage\",\"url\":\"https:\/\/aivlisoft.net\/shop\/wp-content\/uploads\/2025\/01\/NSWPAC0516_800.jpg\",\"contentUrl\":\"https:\/\/aivlisoft.net\/shop\/wp-content\/uploads\/2025\/01\/NSWPAC0516_800.jpg\",\"width\":800,\"height\":800},{\"@type\":\"BreadcrumbList\",\"@id\":\"https:\/\/aivlisoft.net\/shop\/producto\/ubiquiti-u6-enterprise-ap-wifi6e-1x2-5gbe-multiban\/#breadcrumb\",\"itemListElement\":[{\"@type\":\"ListItem\",\"position\":1,\"name\":\"Portada\",\"item\":\"https:\/\/aivlisoft.net\/shop\/\"},{\"@type\":\"ListItem\",\"position\":2,\"name\":\"Tienda\",\"item\":\"https:\/\/aivlisoft.net\/shop\/tienda\/\"},{\"@type\":\"ListItem\",\"position\":3,\"name\":\"Ubiquiti U6-Enterprise AP WiFi6E 1&#215;2.5GbE Multiban\"}]},{\"@type\":\"WebSite\",\"@id\":\"https:\/\/aivlisoft.net\/shop\/#website\",\"url\":\"https:\/\/aivlisoft.net\/shop\/\",\"name\":\"Aivlisoft Inform\u00e1tica\",\"description\":\"En Aivlisoft Inform\u00e1tica ofrecemos soluciones tecnol\u00f3gicas para empresas: venta de ordenadores, consumibles, perif\u00e9ricos y m\u00e1s. Calidad, atenci\u00f3n personalizada y los mejores precios para tu negocio.\",\"publisher\":{\"@id\":\"https:\/\/aivlisoft.net\/shop\/#organization\"},\"potentialAction\":[{\"@type\":\"SearchAction\",\"target\":{\"@type\":\"EntryPoint\",\"urlTemplate\":\"https:\/\/aivlisoft.net\/shop\/?s={search_term_string}\"},\"query-input\":{\"@type\":\"PropertyValueSpecification\",\"valueRequired\":true,\"valueName\":\"search_term_string\"}}],\"inLanguage\":\"es\"},{\"@type\":\"Organization\",\"@id\":\"https:\/\/aivlisoft.net\/shop\/#organization\",\"name\":\"Aivlisoft Inform\u00e1tica\",\"url\":\"https:\/\/aivlisoft.net\/shop\/\",\"logo\":{\"@type\":\"ImageObject\",\"inLanguage\":\"es\",\"@id\":\"https:\/\/aivlisoft.net\/shop\/#\/schema\/logo\/image\/\",\"url\":\"https:\/\/aivlisoft.net\/shop\/wp-content\/uploads\/2024\/12\/removal.ai_5b848c54-0cdf-4140-95c5-c5536bb7573b-logodef.png\",\"contentUrl\":\"https:\/\/aivlisoft.net\/shop\/wp-content\/uploads\/2024\/12\/removal.ai_5b848c54-0cdf-4140-95c5-c5536bb7573b-logodef.png\",\"width\":484,\"height\":182,\"caption\":\"Aivlisoft Inform\u00e1tica\"},\"image\":{\"@id\":\"https:\/\/aivlisoft.net\/shop\/#\/schema\/logo\/image\/\"}}]}<\/script>\n<!-- \/ Yoast SEO plugin. -->","yoast_head_json":{"title":"Ubiquiti U6-Enterprise AP WiFi6E 1x2.5GbE Multiban - Aivlisoft Inform\u00e1tica","robots":{"index":"index","follow":"follow","max-snippet":"max-snippet:-1","max-image-preview":"max-image-preview:large","max-video-preview":"max-video-preview:-1"},"canonical":"https:\/\/aivlisoft.net\/shop\/producto\/ubiquiti-u6-enterprise-ap-wifi6e-1x2-5gbe-multiban\/","og_locale":"es_ES","og_type":"article","og_title":"Ubiquiti U6-Enterprise AP WiFi6E 1x2.5GbE Multiban - Aivlisoft Inform\u00e1tica","og_description":"Marca Ubiquiti Modelo U6-Enterprise Caracter&iacute;sticas Hardware &#8211; Interfaz de gesti&oacute;n: Ethernet y Bluetooth &#8211; Interfaz de red: (1) puerto RJ45 de 2,5 GbE &#8211; Botones: de reinicio y restablecimiento de f&aacute;brica &#8211; LED: W\/B &#8211; M&eacute;todo de alimentaci&oacute;n: PoE+ &#8211; Alimentaci&oacute;n &nbsp; UniFi PoE switch &#8211; Max. Potencia de transmisi&oacute;n &nbsp; 2,4 GHz 22 dBm&hellip;&nbsp;Ubiquiti U6-Enterprise AP WiFi6E 1&#215;2.5GbE Multiban","og_url":"https:\/\/aivlisoft.net\/shop\/producto\/ubiquiti-u6-enterprise-ap-wifi6e-1x2-5gbe-multiban\/","og_site_name":"Aivlisoft Inform\u00e1tica","article_modified_time":"2025-01-14T11:47:44+00:00","og_image":[{"width":800,"height":800,"url":"https:\/\/aivlisoft.net\/shop\/wp-content\/uploads\/2025\/01\/NSWPAC0516_800.jpg","type":"image\/jpeg"}],"twitter_card":"summary_large_image","twitter_misc":{"Tiempo de lectura":"2 minutos"},"schema":{"@context":"https:\/\/schema.org","@graph":[{"@type":"WebPage","@id":"https:\/\/aivlisoft.net\/shop\/producto\/ubiquiti-u6-enterprise-ap-wifi6e-1x2-5gbe-multiban\/","url":"https:\/\/aivlisoft.net\/shop\/producto\/ubiquiti-u6-enterprise-ap-wifi6e-1x2-5gbe-multiban\/","name":"Ubiquiti U6-Enterprise AP WiFi6E 1x2.5GbE Multiban - Aivlisoft Inform\u00e1tica","isPartOf":{"@id":"https:\/\/aivlisoft.net\/shop\/#website"},"primaryImageOfPage":{"@id":"https:\/\/aivlisoft.net\/shop\/producto\/ubiquiti-u6-enterprise-ap-wifi6e-1x2-5gbe-multiban\/#primaryimage"},"image":{"@id":"https:\/\/aivlisoft.net\/shop\/producto\/ubiquiti-u6-enterprise-ap-wifi6e-1x2-5gbe-multiban\/#primaryimage"},"thumbnailUrl":"https:\/\/aivlisoft.net\/shop\/wp-content\/uploads\/2025\/01\/NSWPAC0516_800.jpg","datePublished":"2025-01-13T15:37:22+00:00","dateModified":"2025-01-14T11:47:44+00:00","breadcrumb":{"@id":"https:\/\/aivlisoft.net\/shop\/producto\/ubiquiti-u6-enterprise-ap-wifi6e-1x2-5gbe-multiban\/#breadcrumb"},"inLanguage":"es","potentialAction":[{"@type":"ReadAction","target":["https:\/\/aivlisoft.net\/shop\/producto\/ubiquiti-u6-enterprise-ap-wifi6e-1x2-5gbe-multiban\/"]}]},{"@type":"ImageObject","inLanguage":"es","@id":"https:\/\/aivlisoft.net\/shop\/producto\/ubiquiti-u6-enterprise-ap-wifi6e-1x2-5gbe-multiban\/#primaryimage","url":"https:\/\/aivlisoft.net\/shop\/wp-content\/uploads\/2025\/01\/NSWPAC0516_800.jpg","contentUrl":"https:\/\/aivlisoft.net\/shop\/wp-content\/uploads\/2025\/01\/NSWPAC0516_800.jpg","width":800,"height":800},{"@type":"BreadcrumbList","@id":"https:\/\/aivlisoft.net\/shop\/producto\/ubiquiti-u6-enterprise-ap-wifi6e-1x2-5gbe-multiban\/#breadcrumb","itemListElement":[{"@type":"ListItem","position":1,"name":"Portada","item":"https:\/\/aivlisoft.net\/shop\/"},{"@type":"ListItem","position":2,"name":"Tienda","item":"https:\/\/aivlisoft.net\/shop\/tienda\/"},{"@type":"ListItem","position":3,"name":"Ubiquiti U6-Enterprise AP WiFi6E 1&#215;2.5GbE Multiban"}]},{"@type":"WebSite","@id":"https:\/\/aivlisoft.net\/shop\/#website","url":"https:\/\/aivlisoft.net\/shop\/","name":"Aivlisoft Inform\u00e1tica","description":"En Aivlisoft Inform\u00e1tica ofrecemos soluciones tecnol\u00f3gicas para empresas: venta de ordenadores, consumibles, perif\u00e9ricos y m\u00e1s. Calidad, atenci\u00f3n personalizada y los mejores precios para tu negocio.","publisher":{"@id":"https:\/\/aivlisoft.net\/shop\/#organization"},"potentialAction":[{"@type":"SearchAction","target":{"@type":"EntryPoint","urlTemplate":"https:\/\/aivlisoft.net\/shop\/?s={search_term_string}"},"query-input":{"@type":"PropertyValueSpecification","valueRequired":true,"valueName":"search_term_string"}}],"inLanguage":"es"},{"@type":"Organization","@id":"https:\/\/aivlisoft.net\/shop\/#organization","name":"Aivlisoft Inform\u00e1tica","url":"https:\/\/aivlisoft.net\/shop\/","logo":{"@type":"ImageObject","inLanguage":"es","@id":"https:\/\/aivlisoft.net\/shop\/#\/schema\/logo\/image\/","url":"https:\/\/aivlisoft.net\/shop\/wp-content\/uploads\/2024\/12\/removal.ai_5b848c54-0cdf-4140-95c5-c5536bb7573b-logodef.png","contentUrl":"https:\/\/aivlisoft.net\/shop\/wp-content\/uploads\/2024\/12\/removal.ai_5b848c54-0cdf-4140-95c5-c5536bb7573b-logodef.png","width":484,"height":182,"caption":"Aivlisoft Inform\u00e1tica"},"image":{"@id":"https:\/\/aivlisoft.net\/shop\/#\/schema\/logo\/image\/"}}]}},"_links":{"self":[{"href":"https:\/\/aivlisoft.net\/shop\/wp-json\/wp\/v2\/product\/19893","targetHints":{"allow":["GET"]}}],"collection":[{"href":"https:\/\/aivlisoft.net\/shop\/wp-json\/wp\/v2\/product"}],"about":[{"href":"https:\/\/aivlisoft.net\/shop\/wp-json\/wp\/v2\/types\/product"}],"wp:featuredmedia":[{"embeddable":true,"href":"https:\/\/aivlisoft.net\/shop\/wp-json\/wp\/v2\/media\/19894"}],"wp:attachment":[{"href":"https:\/\/aivlisoft.net\/shop\/wp-json\/wp\/v2\/media?parent=19893"}],"wp:term":[{"taxonomy":"product_brand","embeddable":true,"href":"https:\/\/aivlisoft.net\/shop\/wp-json\/wp\/v2\/product_brand?post=19893"},{"taxonomy":"product_cat","embeddable":true,"href":"https:\/\/aivlisoft.net\/shop\/wp-json\/wp\/v2\/product_cat?post=19893"},{"taxonomy":"product_tag","embeddable":true,"href":"https:\/\/aivlisoft.net\/shop\/wp-json\/wp\/v2\/product_tag?post=19893"}],"curies":[{"name":"wp","href":"https:\/\/api.w.org\/{rel}","templated":true}]}}