{"id":19886,"date":"2025-01-13T15:37:18","date_gmt":"2025-01-13T15:37:18","guid":{"rendered":"https:\/\/aivlisoft.com\/?post_type=product&#038;p=19886"},"modified":"2025-01-14T11:47:43","modified_gmt":"2025-01-14T11:47:43","slug":"mikrotik-lhg-lte18-kit-modem-lte-cat18-1-2gb-1xgbe","status":"publish","type":"product","link":"https:\/\/aivlisoft.net\/shop\/producto\/mikrotik-lhg-lte18-kit-modem-lte-cat18-1-2gb-1xgbe\/","title":{"rendered":"MikroTik LHG LTE18 kit Modem LTE Cat18 1.2Gb 1xGbE"},"content":{"rendered":"<p><\/p>\n<table class=\"tabla_caracteristicas\" width=\"100%\">\n<tr>\n<td valign=\"top\"><strong>Marca<\/strong><\/td>\n<td>MikroTik<\/td>\n<\/tr>\n<tr>\n<td valign=\"top\"><strong>Modelo<\/strong><\/td>\n<td><strong>LHGGM&amp;EG18-EA<\/strong><\/td>\n<\/tr>\n<tr>\n<td valign=\"top\"><strong>Caracter&iacute;sticas<\/strong><\/td>\n<td>&#8211; CPU: 88F3720 800 MHz<br \/>\t\t\t&#8211; Arquitectura de CPU: ARM 64 bits<br \/>\t\t\t&#8211; Tama&ntilde;o de RAM: 256 MB<br \/>\t\t\t&#8211; Almacenamiento: Flash de 16 MB<br \/>\t\t\t&#8211; N&uacute;mero de puertos Ethernet 1G: 1<br \/>\t\t\t&#8211; M&oacute;dem LTE: R11mL-EG18-EA<br \/>\t\t\t&#8211; TAC: 86981604<br \/>\t\t\t&#8211; LTE categor&iacute;a: 18 (enlace descendente de 1,2 Gbps, enlace ascendente de 150 Mbps)<br \/>\t\t\t&#8211; Bandas LTE FDD: 1 (2100 MHz) \/ 3 (1800 MHz) \/ 5 (850 MHz) \/ 7 (2600 MHz) \/ 8 (900 MHz)<br \/>\t\t\t&nbsp; \/ 20 (800 MHz) \/ 28 (700 MHz) \/ 38 (2600 MHz) \/ 40 (2300 MHz) \/ 41 (2500 MHz)<br \/>\t\t\t&#8211; Categor&iacute;a 3G: R8 (enlace descendente de 42,2 Mbps, enlace ascendente de 11,2 Mbps)<br \/>\t\t\t&#8211; Bandas 3G: 1 (2100MHz) \/ 3 (1800MHz) \/ 5 (850MHz) \/ 8 (900MHz)<br \/>\t\t\t&#8211; Ranura: micro SIM 1<br \/>\t\t\t&#8211; Dimensiones: 391 x 391 x 227 mm<br \/>\t\t\t&#8211; Sistema operativo: RouterOS v7, Nivel de licencia 3<br \/>\t\t\t&#8211; Temperatura de funcionamiento: -40&deg;C a +70&deg;C<br \/>\t\t\t<strong>Alimentaci&oacute;n<\/strong><br \/>\t\t\t&#8211; PoE: 802.3af\/at<br \/>\t\t\t&#8211; Voltaje de entrada admitido: 12-57 V<br \/>\t\t\t&#8211; Tensi&oacute;n nominal del adaptador de corriente: 24 V<br \/>\t\t\t&#8211; Corriente nominal del adaptador de corriente: 0,8 A<br \/>\t\t\t&#8211; Consumo m&aacute;ximo de energ&iacute;a: 8 W<br \/>\t\t\t<strong>Contenido<\/strong><br \/>\t\t\t&#8211; Adaptador de corriente de 24 V 0,8 A<br \/>\t\t\t&#8211; Juego de fijaci&oacute;n K-LHG<br \/>\t\t\t&#8211; Inyector PoE<br \/>\t\t\t&#8211; 2x abrazaderas de manguera<\/td>\n<\/tr>\n<tr>\n<td valign=\"top\"><strong>Fecha de revisi&oacute;n<\/strong><\/td>\n<td>21-11-2022 por MPM<\/td>\n<\/tr>\n<\/table>\n","protected":false},"excerpt":{"rendered":"<p>Marca MikroTik Modelo LHGGM&amp;EG18-EA Caracter&iacute;sticas &#8211; CPU: 88F3720 800 MHz &#8211; Arquitectura de CPU: ARM 64 bits &#8211; Tama&ntilde;o de RAM: 256 MB &#8211; Almacenamiento: Flash de 16 MB &#8211; N&uacute;mero de puertos Ethernet 1G: 1 &#8211; M&oacute;dem LTE: R11mL-EG18-EA &#8211; TAC: 86981604 &#8211; LTE categor&iacute;a: 18 (enlace descendente de 1,2 Gbps, enlace ascendente de&hellip;&nbsp;<a href=\"https:\/\/aivlisoft.net\/shop\/producto\/mikrotik-lhg-lte18-kit-modem-lte-cat18-1-2gb-1xgbe\/\" rel=\"bookmark\"><span class=\"screen-reader-text\">MikroTik LHG LTE18 kit Modem LTE Cat18 1.2Gb 1xGbE<\/span><\/a><\/p>\n","protected":false},"featured_media":19887,"template":"","meta":{"neve_meta_sidebar":"","neve_meta_container":"","neve_meta_enable_content_width":"","neve_meta_content_width":0,"neve_meta_title_alignment":"","neve_meta_author_avatar":"","neve_post_elements_order":"","neve_meta_disable_header":"","neve_meta_disable_footer":"","neve_meta_disable_title":""},"product_brand":[],"product_cat":[8770],"product_tag":[7143],"class_list":{"0":"post-19886","1":"product","2":"type-product","3":"status-publish","4":"has-post-thumbnail","6":"product_cat-puntos-de-acceso","7":"product_tag-lhggmeg18-ea","9":"first","10":"instock","11":"taxable","12":"shipping-taxable","13":"purchasable","14":"product-type-simple"},"yoast_head":"<!-- This site is optimized with the Yoast SEO plugin v26.0 - https:\/\/yoast.com\/wordpress\/plugins\/seo\/ -->\n<title>MikroTik LHG LTE18 kit Modem LTE Cat18 1.2Gb 1xGbE - Aivlisoft Inform\u00e1tica<\/title>\n<meta name=\"robots\" content=\"index, follow, max-snippet:-1, max-image-preview:large, max-video-preview:-1\" \/>\n<link rel=\"canonical\" href=\"https:\/\/aivlisoft.net\/shop\/producto\/mikrotik-lhg-lte18-kit-modem-lte-cat18-1-2gb-1xgbe\/\" \/>\n<meta property=\"og:locale\" content=\"es_ES\" \/>\n<meta property=\"og:type\" content=\"article\" \/>\n<meta property=\"og:title\" content=\"MikroTik LHG LTE18 kit Modem LTE Cat18 1.2Gb 1xGbE - Aivlisoft Inform\u00e1tica\" \/>\n<meta property=\"og:description\" content=\"Marca MikroTik Modelo LHGGM&amp;EG18-EA Caracter&iacute;sticas &#8211; CPU: 88F3720 800 MHz &#8211; Arquitectura de CPU: ARM 64 bits &#8211; Tama&ntilde;o de RAM: 256 MB &#8211; Almacenamiento: Flash de 16 MB &#8211; N&uacute;mero de puertos Ethernet 1G: 1 &#8211; M&oacute;dem LTE: R11mL-EG18-EA &#8211; TAC: 86981604 &#8211; LTE categor&iacute;a: 18 (enlace descendente de 1,2 Gbps, enlace ascendente de&hellip;&nbsp;MikroTik LHG LTE18 kit Modem LTE Cat18 1.2Gb 1xGbE\" \/>\n<meta property=\"og:url\" content=\"https:\/\/aivlisoft.net\/shop\/producto\/mikrotik-lhg-lte18-kit-modem-lte-cat18-1-2gb-1xgbe\/\" \/>\n<meta property=\"og:site_name\" content=\"Aivlisoft Inform\u00e1tica\" \/>\n<meta property=\"article:modified_time\" content=\"2025-01-14T11:47:43+00:00\" \/>\n<meta property=\"og:image\" content=\"https:\/\/aivlisoft.net\/shop\/wp-content\/uploads\/2025\/01\/NSWPAC0514_800.jpg\" \/>\n\t<meta property=\"og:image:width\" content=\"800\" \/>\n\t<meta property=\"og:image:height\" content=\"800\" \/>\n\t<meta property=\"og:image:type\" content=\"image\/jpeg\" \/>\n<meta name=\"twitter:card\" content=\"summary_large_image\" \/>\n<meta name=\"twitter:label1\" content=\"Tiempo de lectura\" \/>\n\t<meta name=\"twitter:data1\" content=\"1 minuto\" \/>\n<script type=\"application\/ld+json\" class=\"yoast-schema-graph\">{\"@context\":\"https:\/\/schema.org\",\"@graph\":[{\"@type\":\"WebPage\",\"@id\":\"https:\/\/aivlisoft.net\/shop\/producto\/mikrotik-lhg-lte18-kit-modem-lte-cat18-1-2gb-1xgbe\/\",\"url\":\"https:\/\/aivlisoft.net\/shop\/producto\/mikrotik-lhg-lte18-kit-modem-lte-cat18-1-2gb-1xgbe\/\",\"name\":\"MikroTik LHG LTE18 kit Modem LTE Cat18 1.2Gb 1xGbE - Aivlisoft Inform\u00e1tica\",\"isPartOf\":{\"@id\":\"https:\/\/aivlisoft.net\/shop\/#website\"},\"primaryImageOfPage\":{\"@id\":\"https:\/\/aivlisoft.net\/shop\/producto\/mikrotik-lhg-lte18-kit-modem-lte-cat18-1-2gb-1xgbe\/#primaryimage\"},\"image\":{\"@id\":\"https:\/\/aivlisoft.net\/shop\/producto\/mikrotik-lhg-lte18-kit-modem-lte-cat18-1-2gb-1xgbe\/#primaryimage\"},\"thumbnailUrl\":\"https:\/\/aivlisoft.net\/shop\/wp-content\/uploads\/2025\/01\/NSWPAC0514_800.jpg\",\"datePublished\":\"2025-01-13T15:37:18+00:00\",\"dateModified\":\"2025-01-14T11:47:43+00:00\",\"breadcrumb\":{\"@id\":\"https:\/\/aivlisoft.net\/shop\/producto\/mikrotik-lhg-lte18-kit-modem-lte-cat18-1-2gb-1xgbe\/#breadcrumb\"},\"inLanguage\":\"es\",\"potentialAction\":[{\"@type\":\"ReadAction\",\"target\":[\"https:\/\/aivlisoft.net\/shop\/producto\/mikrotik-lhg-lte18-kit-modem-lte-cat18-1-2gb-1xgbe\/\"]}]},{\"@type\":\"ImageObject\",\"inLanguage\":\"es\",\"@id\":\"https:\/\/aivlisoft.net\/shop\/producto\/mikrotik-lhg-lte18-kit-modem-lte-cat18-1-2gb-1xgbe\/#primaryimage\",\"url\":\"https:\/\/aivlisoft.net\/shop\/wp-content\/uploads\/2025\/01\/NSWPAC0514_800.jpg\",\"contentUrl\":\"https:\/\/aivlisoft.net\/shop\/wp-content\/uploads\/2025\/01\/NSWPAC0514_800.jpg\",\"width\":800,\"height\":800},{\"@type\":\"BreadcrumbList\",\"@id\":\"https:\/\/aivlisoft.net\/shop\/producto\/mikrotik-lhg-lte18-kit-modem-lte-cat18-1-2gb-1xgbe\/#breadcrumb\",\"itemListElement\":[{\"@type\":\"ListItem\",\"position\":1,\"name\":\"Portada\",\"item\":\"https:\/\/aivlisoft.net\/shop\/\"},{\"@type\":\"ListItem\",\"position\":2,\"name\":\"Tienda\",\"item\":\"https:\/\/aivlisoft.net\/shop\/tienda\/\"},{\"@type\":\"ListItem\",\"position\":3,\"name\":\"MikroTik LHG LTE18 kit Modem LTE Cat18 1.2Gb 1xGbE\"}]},{\"@type\":\"WebSite\",\"@id\":\"https:\/\/aivlisoft.net\/shop\/#website\",\"url\":\"https:\/\/aivlisoft.net\/shop\/\",\"name\":\"Aivlisoft Inform\u00e1tica\",\"description\":\"En Aivlisoft Inform\u00e1tica ofrecemos soluciones tecnol\u00f3gicas para empresas: venta de ordenadores, consumibles, perif\u00e9ricos y m\u00e1s. Calidad, atenci\u00f3n personalizada y los mejores precios para tu negocio.\",\"publisher\":{\"@id\":\"https:\/\/aivlisoft.net\/shop\/#organization\"},\"potentialAction\":[{\"@type\":\"SearchAction\",\"target\":{\"@type\":\"EntryPoint\",\"urlTemplate\":\"https:\/\/aivlisoft.net\/shop\/?s={search_term_string}\"},\"query-input\":{\"@type\":\"PropertyValueSpecification\",\"valueRequired\":true,\"valueName\":\"search_term_string\"}}],\"inLanguage\":\"es\"},{\"@type\":\"Organization\",\"@id\":\"https:\/\/aivlisoft.net\/shop\/#organization\",\"name\":\"Aivlisoft Inform\u00e1tica\",\"url\":\"https:\/\/aivlisoft.net\/shop\/\",\"logo\":{\"@type\":\"ImageObject\",\"inLanguage\":\"es\",\"@id\":\"https:\/\/aivlisoft.net\/shop\/#\/schema\/logo\/image\/\",\"url\":\"https:\/\/aivlisoft.net\/shop\/wp-content\/uploads\/2024\/12\/removal.ai_5b848c54-0cdf-4140-95c5-c5536bb7573b-logodef.png\",\"contentUrl\":\"https:\/\/aivlisoft.net\/shop\/wp-content\/uploads\/2024\/12\/removal.ai_5b848c54-0cdf-4140-95c5-c5536bb7573b-logodef.png\",\"width\":484,\"height\":182,\"caption\":\"Aivlisoft Inform\u00e1tica\"},\"image\":{\"@id\":\"https:\/\/aivlisoft.net\/shop\/#\/schema\/logo\/image\/\"}}]}<\/script>\n<!-- \/ Yoast SEO plugin. -->","yoast_head_json":{"title":"MikroTik LHG LTE18 kit Modem LTE Cat18 1.2Gb 1xGbE - Aivlisoft Inform\u00e1tica","robots":{"index":"index","follow":"follow","max-snippet":"max-snippet:-1","max-image-preview":"max-image-preview:large","max-video-preview":"max-video-preview:-1"},"canonical":"https:\/\/aivlisoft.net\/shop\/producto\/mikrotik-lhg-lte18-kit-modem-lte-cat18-1-2gb-1xgbe\/","og_locale":"es_ES","og_type":"article","og_title":"MikroTik LHG LTE18 kit Modem LTE Cat18 1.2Gb 1xGbE - Aivlisoft Inform\u00e1tica","og_description":"Marca MikroTik Modelo LHGGM&amp;EG18-EA Caracter&iacute;sticas &#8211; CPU: 88F3720 800 MHz &#8211; Arquitectura de CPU: ARM 64 bits &#8211; Tama&ntilde;o de RAM: 256 MB &#8211; Almacenamiento: Flash de 16 MB &#8211; N&uacute;mero de puertos Ethernet 1G: 1 &#8211; M&oacute;dem LTE: R11mL-EG18-EA &#8211; TAC: 86981604 &#8211; LTE categor&iacute;a: 18 (enlace descendente de 1,2 Gbps, enlace ascendente de&hellip;&nbsp;MikroTik LHG LTE18 kit Modem LTE Cat18 1.2Gb 1xGbE","og_url":"https:\/\/aivlisoft.net\/shop\/producto\/mikrotik-lhg-lte18-kit-modem-lte-cat18-1-2gb-1xgbe\/","og_site_name":"Aivlisoft Inform\u00e1tica","article_modified_time":"2025-01-14T11:47:43+00:00","og_image":[{"width":800,"height":800,"url":"https:\/\/aivlisoft.net\/shop\/wp-content\/uploads\/2025\/01\/NSWPAC0514_800.jpg","type":"image\/jpeg"}],"twitter_card":"summary_large_image","twitter_misc":{"Tiempo de lectura":"1 minuto"},"schema":{"@context":"https:\/\/schema.org","@graph":[{"@type":"WebPage","@id":"https:\/\/aivlisoft.net\/shop\/producto\/mikrotik-lhg-lte18-kit-modem-lte-cat18-1-2gb-1xgbe\/","url":"https:\/\/aivlisoft.net\/shop\/producto\/mikrotik-lhg-lte18-kit-modem-lte-cat18-1-2gb-1xgbe\/","name":"MikroTik LHG LTE18 kit Modem LTE Cat18 1.2Gb 1xGbE - Aivlisoft Inform\u00e1tica","isPartOf":{"@id":"https:\/\/aivlisoft.net\/shop\/#website"},"primaryImageOfPage":{"@id":"https:\/\/aivlisoft.net\/shop\/producto\/mikrotik-lhg-lte18-kit-modem-lte-cat18-1-2gb-1xgbe\/#primaryimage"},"image":{"@id":"https:\/\/aivlisoft.net\/shop\/producto\/mikrotik-lhg-lte18-kit-modem-lte-cat18-1-2gb-1xgbe\/#primaryimage"},"thumbnailUrl":"https:\/\/aivlisoft.net\/shop\/wp-content\/uploads\/2025\/01\/NSWPAC0514_800.jpg","datePublished":"2025-01-13T15:37:18+00:00","dateModified":"2025-01-14T11:47:43+00:00","breadcrumb":{"@id":"https:\/\/aivlisoft.net\/shop\/producto\/mikrotik-lhg-lte18-kit-modem-lte-cat18-1-2gb-1xgbe\/#breadcrumb"},"inLanguage":"es","potentialAction":[{"@type":"ReadAction","target":["https:\/\/aivlisoft.net\/shop\/producto\/mikrotik-lhg-lte18-kit-modem-lte-cat18-1-2gb-1xgbe\/"]}]},{"@type":"ImageObject","inLanguage":"es","@id":"https:\/\/aivlisoft.net\/shop\/producto\/mikrotik-lhg-lte18-kit-modem-lte-cat18-1-2gb-1xgbe\/#primaryimage","url":"https:\/\/aivlisoft.net\/shop\/wp-content\/uploads\/2025\/01\/NSWPAC0514_800.jpg","contentUrl":"https:\/\/aivlisoft.net\/shop\/wp-content\/uploads\/2025\/01\/NSWPAC0514_800.jpg","width":800,"height":800},{"@type":"BreadcrumbList","@id":"https:\/\/aivlisoft.net\/shop\/producto\/mikrotik-lhg-lte18-kit-modem-lte-cat18-1-2gb-1xgbe\/#breadcrumb","itemListElement":[{"@type":"ListItem","position":1,"name":"Portada","item":"https:\/\/aivlisoft.net\/shop\/"},{"@type":"ListItem","position":2,"name":"Tienda","item":"https:\/\/aivlisoft.net\/shop\/tienda\/"},{"@type":"ListItem","position":3,"name":"MikroTik LHG LTE18 kit Modem LTE Cat18 1.2Gb 1xGbE"}]},{"@type":"WebSite","@id":"https:\/\/aivlisoft.net\/shop\/#website","url":"https:\/\/aivlisoft.net\/shop\/","name":"Aivlisoft Inform\u00e1tica","description":"En Aivlisoft Inform\u00e1tica ofrecemos soluciones tecnol\u00f3gicas para empresas: venta de ordenadores, consumibles, perif\u00e9ricos y m\u00e1s. Calidad, atenci\u00f3n personalizada y los mejores precios para tu negocio.","publisher":{"@id":"https:\/\/aivlisoft.net\/shop\/#organization"},"potentialAction":[{"@type":"SearchAction","target":{"@type":"EntryPoint","urlTemplate":"https:\/\/aivlisoft.net\/shop\/?s={search_term_string}"},"query-input":{"@type":"PropertyValueSpecification","valueRequired":true,"valueName":"search_term_string"}}],"inLanguage":"es"},{"@type":"Organization","@id":"https:\/\/aivlisoft.net\/shop\/#organization","name":"Aivlisoft Inform\u00e1tica","url":"https:\/\/aivlisoft.net\/shop\/","logo":{"@type":"ImageObject","inLanguage":"es","@id":"https:\/\/aivlisoft.net\/shop\/#\/schema\/logo\/image\/","url":"https:\/\/aivlisoft.net\/shop\/wp-content\/uploads\/2024\/12\/removal.ai_5b848c54-0cdf-4140-95c5-c5536bb7573b-logodef.png","contentUrl":"https:\/\/aivlisoft.net\/shop\/wp-content\/uploads\/2024\/12\/removal.ai_5b848c54-0cdf-4140-95c5-c5536bb7573b-logodef.png","width":484,"height":182,"caption":"Aivlisoft Inform\u00e1tica"},"image":{"@id":"https:\/\/aivlisoft.net\/shop\/#\/schema\/logo\/image\/"}}]}},"_links":{"self":[{"href":"https:\/\/aivlisoft.net\/shop\/wp-json\/wp\/v2\/product\/19886","targetHints":{"allow":["GET"]}}],"collection":[{"href":"https:\/\/aivlisoft.net\/shop\/wp-json\/wp\/v2\/product"}],"about":[{"href":"https:\/\/aivlisoft.net\/shop\/wp-json\/wp\/v2\/types\/product"}],"wp:featuredmedia":[{"embeddable":true,"href":"https:\/\/aivlisoft.net\/shop\/wp-json\/wp\/v2\/media\/19887"}],"wp:attachment":[{"href":"https:\/\/aivlisoft.net\/shop\/wp-json\/wp\/v2\/media?parent=19886"}],"wp:term":[{"taxonomy":"product_brand","embeddable":true,"href":"https:\/\/aivlisoft.net\/shop\/wp-json\/wp\/v2\/product_brand?post=19886"},{"taxonomy":"product_cat","embeddable":true,"href":"https:\/\/aivlisoft.net\/shop\/wp-json\/wp\/v2\/product_cat?post=19886"},{"taxonomy":"product_tag","embeddable":true,"href":"https:\/\/aivlisoft.net\/shop\/wp-json\/wp\/v2\/product_tag?post=19886"}],"curies":[{"name":"wp","href":"https:\/\/api.w.org\/{rel}","templated":true}]}}