{"id":19876,"date":"2025-01-13T15:37:09","date_gmt":"2025-01-13T15:37:09","guid":{"rendered":"https:\/\/aivlisoft.com\/?post_type=product&#038;p=19876"},"modified":"2025-01-14T11:47:37","modified_gmt":"2025-01-14T11:47:37","slug":"d-link-dba-x1230p-ap-wifi-ax1800-cloud-lic-1a","status":"publish","type":"product","link":"https:\/\/aivlisoft.net\/shop\/producto\/d-link-dba-x1230p-ap-wifi-ax1800-cloud-lic-1a\/","title":{"rendered":"D-Link DBA-X1230P AP WiFi AX1800 Cloud (Lic 1a)"},"content":{"rendered":"<p><\/p>\n<table class=\"tabla_caracteristicas\" width=\"100%\">\n<tr>\n<td valign=\"top\"><strong>Marca<\/strong><\/td>\n<td>D-Link<\/td>\n<\/tr>\n<tr>\n<td valign=\"top\"><strong>Modelo<\/strong><\/td>\n<td><strong>DBA-X1230P<\/strong><\/td>\n<\/tr>\n<tr>\n<td valign=\"top\"><strong>Caracter&iacute;sticas<\/strong><\/td>\n<td>&#8211; Interfaces<br \/>\t\t\t&nbsp; IEEE 802.11ax WiFi 6<br \/>\t\t\t&nbsp; IEEE 802.11a\/b\/g\/n\/ac Onda 2 inal&aacute;mbrica<br \/>\t\t\t&nbsp; 1 puerto Ethernet de 10\/100\/1000 Mbps<br \/>\t\t\t&nbsp; 1 puerto de consola RJ45<br \/>\t\t\t&#8211; Est&aacute;ndares<br \/>\t\t\t&nbsp; IEEE 802.11a\/b\/n\/g\/ac\/ax<br \/>\t\t\t&nbsp; IEEE 802.3az Ethernet de bajo consumo (EEE)<br \/>\t\t\t&nbsp; IEEE 802.3at Alimentaci&oacute;n a trav&eacute;s de Ethernet (PoE)<br \/>\t\t\t&nbsp; IEEE 802.3i\/u\/ab<br \/>\t\t\t&nbsp; Control de flujo IEEE 802.3x<br \/>\t\t\t&#8211; LED: Alimentaci&oacute;n\/Nube<br \/>\t\t\t&#8211; Antena: 2 x 2 antenas omnidireccionales internas (2,4 GHz: 3 dBi, 5 GHz: 4 dBi)<br \/>\t\t\t&#8211; Potencia m&aacute;xima de salida:<br \/>\t\t\t&nbsp; 2,4 GHz: 20 dBm<br \/>\t\t\t&nbsp; 5 GHz: 23 dBm<br \/>\t\t\t&#8211; Tasa de se&ntilde;al de datos<br \/>\t\t\t&nbsp; 2,4 GHz: hasta 575 Mbps<br \/>\t\t\t&nbsp; 5 GHz: hasta 1200 Mbps<\/td>\n<\/tr>\n<tr>\n<td valign=\"top\"><strong>Otras Caracter&iacute;sticas<\/strong><\/td>\n<td><strong>Funcionalidad<\/strong><br \/>\t\t\t&#8211; Caracter&iacute;sticas de seguridad<br \/>\t\t\t&nbsp; WPA2\/WPA3 Personal\/Empresa<br \/>\t\t\t&nbsp; Filtrado de direcciones MAC<br \/>\t\t\t&nbsp; Autenticaci&oacute;n del servidor RADIUS<br \/>\t\t\t&nbsp; Aislamiento de SSID<br \/>\t\t\t&nbsp; Aislamiento de invitados<br \/>\t\t\t&nbsp; portal cautivo<br \/>\t\t\t&nbsp; Aislamiento de estaci&oacute;n<br \/>\t\t\t&#8211; SSID m&aacute;ximos<br \/>\t\t\t&nbsp; Admite hasta 16 SSID por dispositivo<br \/>\t\t\t&nbsp; Hasta 8 SSID por banda inal&aacute;mbrica<br \/>\t\t\t<strong>Alimentaci&oacute;n<\/strong><br \/>\t\t\t&#8211; Entrada de alimentaci&oacute;n<br \/>\t\t\t&nbsp; IEEE 802.3at Alimentaci&oacute;n a trav&eacute;s de Ethernet (PoE)<br \/>\t\t\t&nbsp; Adaptador de corriente: 12V\/ 1.5A (no incluido)<br \/>\t\t\t&#8211; Consumo de energ&iacute;a<br \/>\t\t\t&nbsp; PoE: 14W<br \/>\t\t\t&nbsp; Adaptador de corriente: 16W<br \/>\t\t\t<strong>F&iacute;sicas<\/strong><br \/>\t\t\t&#8211; Dimensiones: 170 x 170 x 42,2 mm<br \/>\t\t\t&#8211; Peso: 484 g (sin montura)<br \/>\t\t\t&#8211; Opciones de montaje<br \/>\t\t\t&nbsp; Montaje en techo<br \/>\t\t\t&nbsp; montaje en pared<br \/>\t\t\t&nbsp; Escritorio (horizontal)<br \/>\t\t\t&#8211; Certificaciones: CE, FCC, IC<br \/>\t\t\t&#8211; MTBF: 1.037.000 horas<br \/>\t\t\t<strong>Entorno<\/strong><br \/>\t\t\t&#8211; Temperatura de funcionamiento: 0 a 40 &deg;C<br \/>\t\t\t&#8211; Temperatura de almacenamiento: -20 a 65 &deg;C<br \/>\t\t\t&#8211; Humedad de funcionamiento: 10% ~ 95% HR<br \/>\t\t\t&#8211; Humedad de almacenamiento: 5% ~ 95% HR<\/td>\n<\/tr>\n<tr>\n<td valign=\"top\"><strong>Fecha de revisi&oacute;n<\/strong><\/td>\n<td>30-09-2022 por MPM<\/td>\n<\/tr>\n<\/table>\n","protected":false},"excerpt":{"rendered":"<p>Marca D-Link Modelo DBA-X1230P Caracter&iacute;sticas &#8211; Interfaces &nbsp; IEEE 802.11ax WiFi 6 &nbsp; IEEE 802.11a\/b\/g\/n\/ac Onda 2 inal&aacute;mbrica &nbsp; 1 puerto Ethernet de 10\/100\/1000 Mbps &nbsp; 1 puerto de consola RJ45 &#8211; Est&aacute;ndares &nbsp; IEEE 802.11a\/b\/n\/g\/ac\/ax &nbsp; IEEE 802.3az Ethernet de bajo consumo (EEE) &nbsp; IEEE 802.3at Alimentaci&oacute;n a trav&eacute;s de Ethernet (PoE) &nbsp; IEEE&hellip;&nbsp;<a href=\"https:\/\/aivlisoft.net\/shop\/producto\/d-link-dba-x1230p-ap-wifi-ax1800-cloud-lic-1a\/\" rel=\"bookmark\"><span class=\"screen-reader-text\">D-Link DBA-X1230P AP WiFi AX1800 Cloud (Lic 1a)<\/span><\/a><\/p>\n","protected":false},"featured_media":19877,"template":"","meta":{"neve_meta_sidebar":"","neve_meta_container":"","neve_meta_enable_content_width":"","neve_meta_content_width":0,"neve_meta_title_alignment":"","neve_meta_author_avatar":"","neve_post_elements_order":"","neve_meta_disable_header":"","neve_meta_disable_footer":"","neve_meta_disable_title":""},"product_brand":[],"product_cat":[8770],"product_tag":[7140],"class_list":{"0":"post-19876","1":"product","2":"type-product","3":"status-publish","4":"has-post-thumbnail","6":"product_cat-puntos-de-acceso","7":"product_tag-dba-x1230p","9":"first","10":"instock","11":"taxable","12":"shipping-taxable","13":"purchasable","14":"product-type-simple"},"yoast_head":"<!-- This site is optimized with the Yoast SEO plugin v26.0 - https:\/\/yoast.com\/wordpress\/plugins\/seo\/ -->\n<title>D-Link DBA-X1230P AP WiFi AX1800 Cloud (Lic 1a) - Aivlisoft Inform\u00e1tica<\/title>\n<meta name=\"robots\" content=\"index, follow, max-snippet:-1, max-image-preview:large, max-video-preview:-1\" \/>\n<link rel=\"canonical\" href=\"https:\/\/aivlisoft.net\/shop\/producto\/d-link-dba-x1230p-ap-wifi-ax1800-cloud-lic-1a\/\" \/>\n<meta property=\"og:locale\" content=\"es_ES\" \/>\n<meta property=\"og:type\" content=\"article\" \/>\n<meta property=\"og:title\" content=\"D-Link DBA-X1230P AP WiFi AX1800 Cloud (Lic 1a) - Aivlisoft Inform\u00e1tica\" \/>\n<meta property=\"og:description\" content=\"Marca D-Link Modelo DBA-X1230P Caracter&iacute;sticas &#8211; Interfaces &nbsp; IEEE 802.11ax WiFi 6 &nbsp; IEEE 802.11a\/b\/g\/n\/ac Onda 2 inal&aacute;mbrica &nbsp; 1 puerto Ethernet de 10\/100\/1000 Mbps &nbsp; 1 puerto de consola RJ45 &#8211; Est&aacute;ndares &nbsp; IEEE 802.11a\/b\/n\/g\/ac\/ax &nbsp; IEEE 802.3az Ethernet de bajo consumo (EEE) &nbsp; IEEE 802.3at Alimentaci&oacute;n a trav&eacute;s de Ethernet (PoE) &nbsp; IEEE&hellip;&nbsp;D-Link DBA-X1230P AP WiFi AX1800 Cloud (Lic 1a)\" \/>\n<meta property=\"og:url\" content=\"https:\/\/aivlisoft.net\/shop\/producto\/d-link-dba-x1230p-ap-wifi-ax1800-cloud-lic-1a\/\" \/>\n<meta property=\"og:site_name\" content=\"Aivlisoft Inform\u00e1tica\" \/>\n<meta property=\"article:modified_time\" content=\"2025-01-14T11:47:37+00:00\" \/>\n<meta property=\"og:image\" content=\"https:\/\/aivlisoft.net\/shop\/wp-content\/uploads\/2025\/01\/NSWPAC0506_800.jpg\" \/>\n\t<meta property=\"og:image:width\" content=\"800\" \/>\n\t<meta property=\"og:image:height\" content=\"800\" \/>\n\t<meta property=\"og:image:type\" content=\"image\/jpeg\" \/>\n<meta name=\"twitter:card\" content=\"summary_large_image\" \/>\n<meta name=\"twitter:label1\" content=\"Tiempo de lectura\" \/>\n\t<meta name=\"twitter:data1\" content=\"2 minutos\" \/>\n<script type=\"application\/ld+json\" class=\"yoast-schema-graph\">{\"@context\":\"https:\/\/schema.org\",\"@graph\":[{\"@type\":\"WebPage\",\"@id\":\"https:\/\/aivlisoft.net\/shop\/producto\/d-link-dba-x1230p-ap-wifi-ax1800-cloud-lic-1a\/\",\"url\":\"https:\/\/aivlisoft.net\/shop\/producto\/d-link-dba-x1230p-ap-wifi-ax1800-cloud-lic-1a\/\",\"name\":\"D-Link DBA-X1230P AP WiFi AX1800 Cloud (Lic 1a) - Aivlisoft Inform\u00e1tica\",\"isPartOf\":{\"@id\":\"https:\/\/aivlisoft.net\/shop\/#website\"},\"primaryImageOfPage\":{\"@id\":\"https:\/\/aivlisoft.net\/shop\/producto\/d-link-dba-x1230p-ap-wifi-ax1800-cloud-lic-1a\/#primaryimage\"},\"image\":{\"@id\":\"https:\/\/aivlisoft.net\/shop\/producto\/d-link-dba-x1230p-ap-wifi-ax1800-cloud-lic-1a\/#primaryimage\"},\"thumbnailUrl\":\"https:\/\/aivlisoft.net\/shop\/wp-content\/uploads\/2025\/01\/NSWPAC0506_800.jpg\",\"datePublished\":\"2025-01-13T15:37:09+00:00\",\"dateModified\":\"2025-01-14T11:47:37+00:00\",\"breadcrumb\":{\"@id\":\"https:\/\/aivlisoft.net\/shop\/producto\/d-link-dba-x1230p-ap-wifi-ax1800-cloud-lic-1a\/#breadcrumb\"},\"inLanguage\":\"es\",\"potentialAction\":[{\"@type\":\"ReadAction\",\"target\":[\"https:\/\/aivlisoft.net\/shop\/producto\/d-link-dba-x1230p-ap-wifi-ax1800-cloud-lic-1a\/\"]}]},{\"@type\":\"ImageObject\",\"inLanguage\":\"es\",\"@id\":\"https:\/\/aivlisoft.net\/shop\/producto\/d-link-dba-x1230p-ap-wifi-ax1800-cloud-lic-1a\/#primaryimage\",\"url\":\"https:\/\/aivlisoft.net\/shop\/wp-content\/uploads\/2025\/01\/NSWPAC0506_800.jpg\",\"contentUrl\":\"https:\/\/aivlisoft.net\/shop\/wp-content\/uploads\/2025\/01\/NSWPAC0506_800.jpg\",\"width\":800,\"height\":800},{\"@type\":\"BreadcrumbList\",\"@id\":\"https:\/\/aivlisoft.net\/shop\/producto\/d-link-dba-x1230p-ap-wifi-ax1800-cloud-lic-1a\/#breadcrumb\",\"itemListElement\":[{\"@type\":\"ListItem\",\"position\":1,\"name\":\"Portada\",\"item\":\"https:\/\/aivlisoft.net\/shop\/\"},{\"@type\":\"ListItem\",\"position\":2,\"name\":\"Tienda\",\"item\":\"https:\/\/aivlisoft.net\/shop\/tienda\/\"},{\"@type\":\"ListItem\",\"position\":3,\"name\":\"D-Link DBA-X1230P AP WiFi AX1800 Cloud (Lic 1a)\"}]},{\"@type\":\"WebSite\",\"@id\":\"https:\/\/aivlisoft.net\/shop\/#website\",\"url\":\"https:\/\/aivlisoft.net\/shop\/\",\"name\":\"Aivlisoft Inform\u00e1tica\",\"description\":\"En Aivlisoft Inform\u00e1tica ofrecemos soluciones tecnol\u00f3gicas para empresas: venta de ordenadores, consumibles, perif\u00e9ricos y m\u00e1s. Calidad, atenci\u00f3n personalizada y los mejores precios para tu negocio.\",\"publisher\":{\"@id\":\"https:\/\/aivlisoft.net\/shop\/#organization\"},\"potentialAction\":[{\"@type\":\"SearchAction\",\"target\":{\"@type\":\"EntryPoint\",\"urlTemplate\":\"https:\/\/aivlisoft.net\/shop\/?s={search_term_string}\"},\"query-input\":{\"@type\":\"PropertyValueSpecification\",\"valueRequired\":true,\"valueName\":\"search_term_string\"}}],\"inLanguage\":\"es\"},{\"@type\":\"Organization\",\"@id\":\"https:\/\/aivlisoft.net\/shop\/#organization\",\"name\":\"Aivlisoft Inform\u00e1tica\",\"url\":\"https:\/\/aivlisoft.net\/shop\/\",\"logo\":{\"@type\":\"ImageObject\",\"inLanguage\":\"es\",\"@id\":\"https:\/\/aivlisoft.net\/shop\/#\/schema\/logo\/image\/\",\"url\":\"https:\/\/aivlisoft.net\/shop\/wp-content\/uploads\/2024\/12\/removal.ai_5b848c54-0cdf-4140-95c5-c5536bb7573b-logodef.png\",\"contentUrl\":\"https:\/\/aivlisoft.net\/shop\/wp-content\/uploads\/2024\/12\/removal.ai_5b848c54-0cdf-4140-95c5-c5536bb7573b-logodef.png\",\"width\":484,\"height\":182,\"caption\":\"Aivlisoft Inform\u00e1tica\"},\"image\":{\"@id\":\"https:\/\/aivlisoft.net\/shop\/#\/schema\/logo\/image\/\"}}]}<\/script>\n<!-- \/ Yoast SEO plugin. -->","yoast_head_json":{"title":"D-Link DBA-X1230P AP WiFi AX1800 Cloud (Lic 1a) - Aivlisoft Inform\u00e1tica","robots":{"index":"index","follow":"follow","max-snippet":"max-snippet:-1","max-image-preview":"max-image-preview:large","max-video-preview":"max-video-preview:-1"},"canonical":"https:\/\/aivlisoft.net\/shop\/producto\/d-link-dba-x1230p-ap-wifi-ax1800-cloud-lic-1a\/","og_locale":"es_ES","og_type":"article","og_title":"D-Link DBA-X1230P AP WiFi AX1800 Cloud (Lic 1a) - Aivlisoft Inform\u00e1tica","og_description":"Marca D-Link Modelo DBA-X1230P Caracter&iacute;sticas &#8211; Interfaces &nbsp; IEEE 802.11ax WiFi 6 &nbsp; IEEE 802.11a\/b\/g\/n\/ac Onda 2 inal&aacute;mbrica &nbsp; 1 puerto Ethernet de 10\/100\/1000 Mbps &nbsp; 1 puerto de consola RJ45 &#8211; Est&aacute;ndares &nbsp; IEEE 802.11a\/b\/n\/g\/ac\/ax &nbsp; IEEE 802.3az Ethernet de bajo consumo (EEE) &nbsp; IEEE 802.3at Alimentaci&oacute;n a trav&eacute;s de Ethernet (PoE) &nbsp; IEEE&hellip;&nbsp;D-Link DBA-X1230P AP WiFi AX1800 Cloud (Lic 1a)","og_url":"https:\/\/aivlisoft.net\/shop\/producto\/d-link-dba-x1230p-ap-wifi-ax1800-cloud-lic-1a\/","og_site_name":"Aivlisoft Inform\u00e1tica","article_modified_time":"2025-01-14T11:47:37+00:00","og_image":[{"width":800,"height":800,"url":"https:\/\/aivlisoft.net\/shop\/wp-content\/uploads\/2025\/01\/NSWPAC0506_800.jpg","type":"image\/jpeg"}],"twitter_card":"summary_large_image","twitter_misc":{"Tiempo de lectura":"2 minutos"},"schema":{"@context":"https:\/\/schema.org","@graph":[{"@type":"WebPage","@id":"https:\/\/aivlisoft.net\/shop\/producto\/d-link-dba-x1230p-ap-wifi-ax1800-cloud-lic-1a\/","url":"https:\/\/aivlisoft.net\/shop\/producto\/d-link-dba-x1230p-ap-wifi-ax1800-cloud-lic-1a\/","name":"D-Link DBA-X1230P AP WiFi AX1800 Cloud (Lic 1a) - Aivlisoft Inform\u00e1tica","isPartOf":{"@id":"https:\/\/aivlisoft.net\/shop\/#website"},"primaryImageOfPage":{"@id":"https:\/\/aivlisoft.net\/shop\/producto\/d-link-dba-x1230p-ap-wifi-ax1800-cloud-lic-1a\/#primaryimage"},"image":{"@id":"https:\/\/aivlisoft.net\/shop\/producto\/d-link-dba-x1230p-ap-wifi-ax1800-cloud-lic-1a\/#primaryimage"},"thumbnailUrl":"https:\/\/aivlisoft.net\/shop\/wp-content\/uploads\/2025\/01\/NSWPAC0506_800.jpg","datePublished":"2025-01-13T15:37:09+00:00","dateModified":"2025-01-14T11:47:37+00:00","breadcrumb":{"@id":"https:\/\/aivlisoft.net\/shop\/producto\/d-link-dba-x1230p-ap-wifi-ax1800-cloud-lic-1a\/#breadcrumb"},"inLanguage":"es","potentialAction":[{"@type":"ReadAction","target":["https:\/\/aivlisoft.net\/shop\/producto\/d-link-dba-x1230p-ap-wifi-ax1800-cloud-lic-1a\/"]}]},{"@type":"ImageObject","inLanguage":"es","@id":"https:\/\/aivlisoft.net\/shop\/producto\/d-link-dba-x1230p-ap-wifi-ax1800-cloud-lic-1a\/#primaryimage","url":"https:\/\/aivlisoft.net\/shop\/wp-content\/uploads\/2025\/01\/NSWPAC0506_800.jpg","contentUrl":"https:\/\/aivlisoft.net\/shop\/wp-content\/uploads\/2025\/01\/NSWPAC0506_800.jpg","width":800,"height":800},{"@type":"BreadcrumbList","@id":"https:\/\/aivlisoft.net\/shop\/producto\/d-link-dba-x1230p-ap-wifi-ax1800-cloud-lic-1a\/#breadcrumb","itemListElement":[{"@type":"ListItem","position":1,"name":"Portada","item":"https:\/\/aivlisoft.net\/shop\/"},{"@type":"ListItem","position":2,"name":"Tienda","item":"https:\/\/aivlisoft.net\/shop\/tienda\/"},{"@type":"ListItem","position":3,"name":"D-Link DBA-X1230P AP WiFi AX1800 Cloud (Lic 1a)"}]},{"@type":"WebSite","@id":"https:\/\/aivlisoft.net\/shop\/#website","url":"https:\/\/aivlisoft.net\/shop\/","name":"Aivlisoft Inform\u00e1tica","description":"En Aivlisoft Inform\u00e1tica ofrecemos soluciones tecnol\u00f3gicas para empresas: venta de ordenadores, consumibles, perif\u00e9ricos y m\u00e1s. Calidad, atenci\u00f3n personalizada y los mejores precios para tu negocio.","publisher":{"@id":"https:\/\/aivlisoft.net\/shop\/#organization"},"potentialAction":[{"@type":"SearchAction","target":{"@type":"EntryPoint","urlTemplate":"https:\/\/aivlisoft.net\/shop\/?s={search_term_string}"},"query-input":{"@type":"PropertyValueSpecification","valueRequired":true,"valueName":"search_term_string"}}],"inLanguage":"es"},{"@type":"Organization","@id":"https:\/\/aivlisoft.net\/shop\/#organization","name":"Aivlisoft Inform\u00e1tica","url":"https:\/\/aivlisoft.net\/shop\/","logo":{"@type":"ImageObject","inLanguage":"es","@id":"https:\/\/aivlisoft.net\/shop\/#\/schema\/logo\/image\/","url":"https:\/\/aivlisoft.net\/shop\/wp-content\/uploads\/2024\/12\/removal.ai_5b848c54-0cdf-4140-95c5-c5536bb7573b-logodef.png","contentUrl":"https:\/\/aivlisoft.net\/shop\/wp-content\/uploads\/2024\/12\/removal.ai_5b848c54-0cdf-4140-95c5-c5536bb7573b-logodef.png","width":484,"height":182,"caption":"Aivlisoft Inform\u00e1tica"},"image":{"@id":"https:\/\/aivlisoft.net\/shop\/#\/schema\/logo\/image\/"}}]}},"_links":{"self":[{"href":"https:\/\/aivlisoft.net\/shop\/wp-json\/wp\/v2\/product\/19876","targetHints":{"allow":["GET"]}}],"collection":[{"href":"https:\/\/aivlisoft.net\/shop\/wp-json\/wp\/v2\/product"}],"about":[{"href":"https:\/\/aivlisoft.net\/shop\/wp-json\/wp\/v2\/types\/product"}],"wp:featuredmedia":[{"embeddable":true,"href":"https:\/\/aivlisoft.net\/shop\/wp-json\/wp\/v2\/media\/19877"}],"wp:attachment":[{"href":"https:\/\/aivlisoft.net\/shop\/wp-json\/wp\/v2\/media?parent=19876"}],"wp:term":[{"taxonomy":"product_brand","embeddable":true,"href":"https:\/\/aivlisoft.net\/shop\/wp-json\/wp\/v2\/product_brand?post=19876"},{"taxonomy":"product_cat","embeddable":true,"href":"https:\/\/aivlisoft.net\/shop\/wp-json\/wp\/v2\/product_cat?post=19876"},{"taxonomy":"product_tag","embeddable":true,"href":"https:\/\/aivlisoft.net\/shop\/wp-json\/wp\/v2\/product_tag?post=19876"}],"curies":[{"name":"wp","href":"https:\/\/api.w.org\/{rel}","templated":true}]}}