{"id":19872,"date":"2025-01-13T15:37:07","date_gmt":"2025-01-13T15:37:07","guid":{"rendered":"https:\/\/aivlisoft.com\/?post_type=product&#038;p=19872"},"modified":"2025-01-14T11:47:36","modified_gmt":"2025-01-14T11:47:36","slug":"tp-link-deco-x552-pack-wifi6-ax3000-dual-mesh","status":"publish","type":"product","link":"https:\/\/aivlisoft.net\/shop\/producto\/tp-link-deco-x552-pack-wifi6-ax3000-dual-mesh\/","title":{"rendered":"TP-Link Deco X55(2-pack) WiFi6 AX3000 Dual Mesh"},"content":{"rendered":"<p><\/p>\n<table class=\"tabla_caracteristicas\" width=\"100%\">\n<tr>\n<td valign=\"top\"><strong>Marca<\/strong><\/td>\n<td>TP-Link<\/td>\n<\/tr>\n<tr>\n<td valign=\"top\"><strong>Modelo<\/strong><\/td>\n<td><strong>Deco X55(2-pack)<\/strong><\/td>\n<\/tr>\n<tr>\n<td valign=\"top\"><strong>Hardware<\/strong><\/td>\n<td>&#8211; Puerto Ethernet: 3 puertos gigabit por unidad Deco (detecci&oacute;n autom&aacute;tica de WAN\/LAN)<br \/>\t\t\t&#8211; Bot&oacute;n: 1 bot&oacute;n RESET en la parte inferior<br \/>\t\t\t&#8211; Antena: 2 antenas internas<br \/>\t\t\t&#8211; Consumo de energ&iacute;a (con adaptador de corriente): 16 W m&aacute;x.<br \/>\t\t\t&#8211; Dimensiones (An. &times; Pr. &times; Al.): 4,33 &times; 4,33 &times; 4,49 pulgadas (110 &times; 110 &times; 114 mm)<br \/>\t\t\t&#8211; Entrada del adaptador de corriente: 100-240V ~ 50-60Hz 0.4A<br \/>\t\t\t&#8211; Salida del adaptador de corriente: 12V 1.2A<\/td>\n<\/tr>\n<tr>\n<td valign=\"top\"><strong>Inal&aacute;mbricas<\/strong><\/td>\n<td>&#8211; Est&aacute;ndares inal&aacute;mbricos: IEEE 802.11a\/n\/ac\/ax 5 GHz&dagger;, IEEE 802.11b\/g\/n\/ax 2,4 GHz<br \/>\t\t\t&#8211; Protocolo de malla: 802.11k\/v\/r<br \/>\t\t\t&#8211; Frecuencia: 2,4 GHz y 5 GHz<br \/>\t\t\t&#8211; Tasa de se&ntilde;al: 574 Mbps en 2,4 GHz, 2402 Mbps en 5 GHz<br \/>\t\t\t&#8211; Potencia de transmisi&oacute;n:<br \/>\t\t\t&nbsp; FCC: &lt;30 dBm (2,4 GHz), &lt;30 dBm (5 GHz)<br \/>\t\t\t&nbsp; CE: &lt;20 dBm (2,4 GHz), &lt;23 dBm (5 GHz)<br \/>\t\t\t&#8211; Seguridad inal&aacute;mbrica: cifrados WPA\/WPA2-PSK\/WPA3<\/td>\n<\/tr>\n<tr>\n<td valign=\"top\"><strong>Software<\/strong><\/td>\n<td>&#8211; Modo de trabajo: enrutador, punto de acceso<br \/>\t\t\t&#8211; Tipo de WAN: IP din&aacute;mica\/IP est&aacute;tica\/PPPoE\/L2TP\/PPTP<br \/>\t\t\t&#8211; Servidor DHCP<br \/>\t\t\t&#8211; Calidad de Servicio: WMM<br \/>\t\t\t&#8211; Seguridad de cortafuegos: cortafuegos SPI<br \/>\t\t\t&#8211; Protocolos: Soporta IPv4 e IPv6<br \/>\t\t\t&#8211; Red de invitados: Red de invitados de 2,4 GHz &times; 1, Red de invitados de 5 GHz &times; 1<br \/>\t\t\t&#8211; Funciones: Controles para padres, QoS (Calidad de servicio), Informes, Configuraci&oacute;n asistida,<br \/>\t\t\t&nbsp; Reserva de direcciones, Reenv&iacute;o de puertos, TP-Link DDNS, IPTV, IPv6, Control LED<br \/>\t\t\t&#8211; Gesti&oacute;n: Gesti&oacute;n Local; Gesti&oacute;n remota; Multigestores<\/td>\n<\/tr>\n<tr>\n<td valign=\"top\"><strong>Otras Caracter&iacute;sticas<\/strong><\/td>\n<td>&#8211; Certificaci&oacute;n: CE, FCC, RoHS<br \/>\t\t\t&#8211; Ambiente:<br \/>\t\t\t&nbsp; Temperatura de funcionamiento: 0&deg;C~40&deg;C (32&deg;F~104&deg;F)<br \/>\t\t\t&nbsp; Temperatura de almacenamiento: -40&deg;C~60&deg;C (-40&deg;F~140&deg;F)<br \/>\t\t\t&nbsp; Humedad de funcionamiento: 10%~90%<br \/>\t\t\t&nbsp; Humedad de almacenamiento: 5%~90%<br \/>\t\t\t<strong>Contenido<\/strong><br \/>\t\t\t&#8211; 2 unidades Deco X55<br \/>\t\t\t&#8211; 1 cable Ethernet RJ45<br \/>\t\t\t&#8211; 2 adaptadores de corriente<br \/>\t\t\t&#8211; 1 Gu&iacute;a de instalaci&oacute;n r&aacute;pida<\/td>\n<\/tr>\n<tr>\n<td valign=\"top\"><strong>Fecha de revisi&oacute;n<\/strong><\/td>\n<td>27-09-2022 por MPM<\/td>\n<\/tr>\n<\/table>\n","protected":false},"excerpt":{"rendered":"<p>Marca TP-Link Modelo Deco X55(2-pack) Hardware &#8211; Puerto Ethernet: 3 puertos gigabit por unidad Deco (detecci&oacute;n autom&aacute;tica de WAN\/LAN) &#8211; Bot&oacute;n: 1 bot&oacute;n RESET en la parte inferior &#8211; Antena: 2 antenas internas &#8211; Consumo de energ&iacute;a (con adaptador de corriente): 16 W m&aacute;x. &#8211; Dimensiones (An. &times; Pr. &times; Al.): 4,33 &times; 4,33 &times;&hellip;&nbsp;<a href=\"https:\/\/aivlisoft.net\/shop\/producto\/tp-link-deco-x552-pack-wifi6-ax3000-dual-mesh\/\" rel=\"bookmark\"><span class=\"screen-reader-text\">TP-Link Deco X55(2-pack) WiFi6 AX3000 Dual Mesh<\/span><\/a><\/p>\n","protected":false},"featured_media":19873,"template":"","meta":{"neve_meta_sidebar":"","neve_meta_container":"","neve_meta_enable_content_width":"","neve_meta_content_width":0,"neve_meta_title_alignment":"","neve_meta_author_avatar":"","neve_post_elements_order":"","neve_meta_disable_header":"","neve_meta_disable_footer":"","neve_meta_disable_title":""},"product_brand":[],"product_cat":[8770],"product_tag":[7138],"class_list":{"0":"post-19872","1":"product","2":"type-product","3":"status-publish","4":"has-post-thumbnail","6":"product_cat-puntos-de-acceso","7":"product_tag-deco-x552-pack","9":"first","10":"instock","11":"taxable","12":"shipping-taxable","13":"purchasable","14":"product-type-simple"},"yoast_head":"<!-- This site is optimized with the Yoast SEO plugin v26.0 - https:\/\/yoast.com\/wordpress\/plugins\/seo\/ -->\n<title>TP-Link Deco X55(2-pack) WiFi6 AX3000 Dual Mesh - Aivlisoft Inform\u00e1tica<\/title>\n<meta name=\"robots\" content=\"index, follow, max-snippet:-1, max-image-preview:large, max-video-preview:-1\" \/>\n<link rel=\"canonical\" href=\"https:\/\/aivlisoft.net\/shop\/producto\/tp-link-deco-x552-pack-wifi6-ax3000-dual-mesh\/\" \/>\n<meta property=\"og:locale\" content=\"es_ES\" \/>\n<meta property=\"og:type\" content=\"article\" \/>\n<meta property=\"og:title\" content=\"TP-Link Deco X55(2-pack) WiFi6 AX3000 Dual Mesh - Aivlisoft Inform\u00e1tica\" \/>\n<meta property=\"og:description\" content=\"Marca TP-Link Modelo Deco X55(2-pack) Hardware &#8211; Puerto Ethernet: 3 puertos gigabit por unidad Deco (detecci&oacute;n autom&aacute;tica de WAN\/LAN) &#8211; Bot&oacute;n: 1 bot&oacute;n RESET en la parte inferior &#8211; Antena: 2 antenas internas &#8211; Consumo de energ&iacute;a (con adaptador de corriente): 16 W m&aacute;x. &#8211; Dimensiones (An. &times; Pr. &times; Al.): 4,33 &times; 4,33 &times;&hellip;&nbsp;TP-Link Deco X55(2-pack) WiFi6 AX3000 Dual Mesh\" \/>\n<meta property=\"og:url\" content=\"https:\/\/aivlisoft.net\/shop\/producto\/tp-link-deco-x552-pack-wifi6-ax3000-dual-mesh\/\" \/>\n<meta property=\"og:site_name\" content=\"Aivlisoft Inform\u00e1tica\" \/>\n<meta property=\"article:modified_time\" content=\"2025-01-14T11:47:36+00:00\" \/>\n<meta property=\"og:image\" content=\"https:\/\/aivlisoft.net\/shop\/wp-content\/uploads\/2025\/01\/NSWPAC0504_800.jpg\" \/>\n\t<meta property=\"og:image:width\" content=\"800\" \/>\n\t<meta property=\"og:image:height\" content=\"800\" \/>\n\t<meta property=\"og:image:type\" content=\"image\/jpeg\" \/>\n<meta name=\"twitter:card\" content=\"summary_large_image\" \/>\n<meta name=\"twitter:label1\" content=\"Tiempo de lectura\" \/>\n\t<meta name=\"twitter:data1\" content=\"2 minutos\" \/>\n<script type=\"application\/ld+json\" class=\"yoast-schema-graph\">{\"@context\":\"https:\/\/schema.org\",\"@graph\":[{\"@type\":\"WebPage\",\"@id\":\"https:\/\/aivlisoft.net\/shop\/producto\/tp-link-deco-x552-pack-wifi6-ax3000-dual-mesh\/\",\"url\":\"https:\/\/aivlisoft.net\/shop\/producto\/tp-link-deco-x552-pack-wifi6-ax3000-dual-mesh\/\",\"name\":\"TP-Link Deco X55(2-pack) WiFi6 AX3000 Dual Mesh - Aivlisoft Inform\u00e1tica\",\"isPartOf\":{\"@id\":\"https:\/\/aivlisoft.net\/shop\/#website\"},\"primaryImageOfPage\":{\"@id\":\"https:\/\/aivlisoft.net\/shop\/producto\/tp-link-deco-x552-pack-wifi6-ax3000-dual-mesh\/#primaryimage\"},\"image\":{\"@id\":\"https:\/\/aivlisoft.net\/shop\/producto\/tp-link-deco-x552-pack-wifi6-ax3000-dual-mesh\/#primaryimage\"},\"thumbnailUrl\":\"https:\/\/aivlisoft.net\/shop\/wp-content\/uploads\/2025\/01\/NSWPAC0504_800.jpg\",\"datePublished\":\"2025-01-13T15:37:07+00:00\",\"dateModified\":\"2025-01-14T11:47:36+00:00\",\"breadcrumb\":{\"@id\":\"https:\/\/aivlisoft.net\/shop\/producto\/tp-link-deco-x552-pack-wifi6-ax3000-dual-mesh\/#breadcrumb\"},\"inLanguage\":\"es\",\"potentialAction\":[{\"@type\":\"ReadAction\",\"target\":[\"https:\/\/aivlisoft.net\/shop\/producto\/tp-link-deco-x552-pack-wifi6-ax3000-dual-mesh\/\"]}]},{\"@type\":\"ImageObject\",\"inLanguage\":\"es\",\"@id\":\"https:\/\/aivlisoft.net\/shop\/producto\/tp-link-deco-x552-pack-wifi6-ax3000-dual-mesh\/#primaryimage\",\"url\":\"https:\/\/aivlisoft.net\/shop\/wp-content\/uploads\/2025\/01\/NSWPAC0504_800.jpg\",\"contentUrl\":\"https:\/\/aivlisoft.net\/shop\/wp-content\/uploads\/2025\/01\/NSWPAC0504_800.jpg\",\"width\":800,\"height\":800},{\"@type\":\"BreadcrumbList\",\"@id\":\"https:\/\/aivlisoft.net\/shop\/producto\/tp-link-deco-x552-pack-wifi6-ax3000-dual-mesh\/#breadcrumb\",\"itemListElement\":[{\"@type\":\"ListItem\",\"position\":1,\"name\":\"Portada\",\"item\":\"https:\/\/aivlisoft.net\/shop\/\"},{\"@type\":\"ListItem\",\"position\":2,\"name\":\"Tienda\",\"item\":\"https:\/\/aivlisoft.net\/shop\/tienda\/\"},{\"@type\":\"ListItem\",\"position\":3,\"name\":\"TP-Link Deco X55(2-pack) WiFi6 AX3000 Dual Mesh\"}]},{\"@type\":\"WebSite\",\"@id\":\"https:\/\/aivlisoft.net\/shop\/#website\",\"url\":\"https:\/\/aivlisoft.net\/shop\/\",\"name\":\"Aivlisoft Inform\u00e1tica\",\"description\":\"En Aivlisoft Inform\u00e1tica ofrecemos soluciones tecnol\u00f3gicas para empresas: venta de ordenadores, consumibles, perif\u00e9ricos y m\u00e1s. Calidad, atenci\u00f3n personalizada y los mejores precios para tu negocio.\",\"publisher\":{\"@id\":\"https:\/\/aivlisoft.net\/shop\/#organization\"},\"potentialAction\":[{\"@type\":\"SearchAction\",\"target\":{\"@type\":\"EntryPoint\",\"urlTemplate\":\"https:\/\/aivlisoft.net\/shop\/?s={search_term_string}\"},\"query-input\":{\"@type\":\"PropertyValueSpecification\",\"valueRequired\":true,\"valueName\":\"search_term_string\"}}],\"inLanguage\":\"es\"},{\"@type\":\"Organization\",\"@id\":\"https:\/\/aivlisoft.net\/shop\/#organization\",\"name\":\"Aivlisoft Inform\u00e1tica\",\"url\":\"https:\/\/aivlisoft.net\/shop\/\",\"logo\":{\"@type\":\"ImageObject\",\"inLanguage\":\"es\",\"@id\":\"https:\/\/aivlisoft.net\/shop\/#\/schema\/logo\/image\/\",\"url\":\"https:\/\/aivlisoft.net\/shop\/wp-content\/uploads\/2024\/12\/removal.ai_5b848c54-0cdf-4140-95c5-c5536bb7573b-logodef.png\",\"contentUrl\":\"https:\/\/aivlisoft.net\/shop\/wp-content\/uploads\/2024\/12\/removal.ai_5b848c54-0cdf-4140-95c5-c5536bb7573b-logodef.png\",\"width\":484,\"height\":182,\"caption\":\"Aivlisoft Inform\u00e1tica\"},\"image\":{\"@id\":\"https:\/\/aivlisoft.net\/shop\/#\/schema\/logo\/image\/\"}}]}<\/script>\n<!-- \/ Yoast SEO plugin. -->","yoast_head_json":{"title":"TP-Link Deco X55(2-pack) WiFi6 AX3000 Dual Mesh - Aivlisoft Inform\u00e1tica","robots":{"index":"index","follow":"follow","max-snippet":"max-snippet:-1","max-image-preview":"max-image-preview:large","max-video-preview":"max-video-preview:-1"},"canonical":"https:\/\/aivlisoft.net\/shop\/producto\/tp-link-deco-x552-pack-wifi6-ax3000-dual-mesh\/","og_locale":"es_ES","og_type":"article","og_title":"TP-Link Deco X55(2-pack) WiFi6 AX3000 Dual Mesh - Aivlisoft Inform\u00e1tica","og_description":"Marca TP-Link Modelo Deco X55(2-pack) Hardware &#8211; Puerto Ethernet: 3 puertos gigabit por unidad Deco (detecci&oacute;n autom&aacute;tica de WAN\/LAN) &#8211; Bot&oacute;n: 1 bot&oacute;n RESET en la parte inferior &#8211; Antena: 2 antenas internas &#8211; Consumo de energ&iacute;a (con adaptador de corriente): 16 W m&aacute;x. &#8211; Dimensiones (An. &times; Pr. &times; Al.): 4,33 &times; 4,33 &times;&hellip;&nbsp;TP-Link Deco X55(2-pack) WiFi6 AX3000 Dual Mesh","og_url":"https:\/\/aivlisoft.net\/shop\/producto\/tp-link-deco-x552-pack-wifi6-ax3000-dual-mesh\/","og_site_name":"Aivlisoft Inform\u00e1tica","article_modified_time":"2025-01-14T11:47:36+00:00","og_image":[{"width":800,"height":800,"url":"https:\/\/aivlisoft.net\/shop\/wp-content\/uploads\/2025\/01\/NSWPAC0504_800.jpg","type":"image\/jpeg"}],"twitter_card":"summary_large_image","twitter_misc":{"Tiempo de lectura":"2 minutos"},"schema":{"@context":"https:\/\/schema.org","@graph":[{"@type":"WebPage","@id":"https:\/\/aivlisoft.net\/shop\/producto\/tp-link-deco-x552-pack-wifi6-ax3000-dual-mesh\/","url":"https:\/\/aivlisoft.net\/shop\/producto\/tp-link-deco-x552-pack-wifi6-ax3000-dual-mesh\/","name":"TP-Link Deco X55(2-pack) WiFi6 AX3000 Dual Mesh - Aivlisoft Inform\u00e1tica","isPartOf":{"@id":"https:\/\/aivlisoft.net\/shop\/#website"},"primaryImageOfPage":{"@id":"https:\/\/aivlisoft.net\/shop\/producto\/tp-link-deco-x552-pack-wifi6-ax3000-dual-mesh\/#primaryimage"},"image":{"@id":"https:\/\/aivlisoft.net\/shop\/producto\/tp-link-deco-x552-pack-wifi6-ax3000-dual-mesh\/#primaryimage"},"thumbnailUrl":"https:\/\/aivlisoft.net\/shop\/wp-content\/uploads\/2025\/01\/NSWPAC0504_800.jpg","datePublished":"2025-01-13T15:37:07+00:00","dateModified":"2025-01-14T11:47:36+00:00","breadcrumb":{"@id":"https:\/\/aivlisoft.net\/shop\/producto\/tp-link-deco-x552-pack-wifi6-ax3000-dual-mesh\/#breadcrumb"},"inLanguage":"es","potentialAction":[{"@type":"ReadAction","target":["https:\/\/aivlisoft.net\/shop\/producto\/tp-link-deco-x552-pack-wifi6-ax3000-dual-mesh\/"]}]},{"@type":"ImageObject","inLanguage":"es","@id":"https:\/\/aivlisoft.net\/shop\/producto\/tp-link-deco-x552-pack-wifi6-ax3000-dual-mesh\/#primaryimage","url":"https:\/\/aivlisoft.net\/shop\/wp-content\/uploads\/2025\/01\/NSWPAC0504_800.jpg","contentUrl":"https:\/\/aivlisoft.net\/shop\/wp-content\/uploads\/2025\/01\/NSWPAC0504_800.jpg","width":800,"height":800},{"@type":"BreadcrumbList","@id":"https:\/\/aivlisoft.net\/shop\/producto\/tp-link-deco-x552-pack-wifi6-ax3000-dual-mesh\/#breadcrumb","itemListElement":[{"@type":"ListItem","position":1,"name":"Portada","item":"https:\/\/aivlisoft.net\/shop\/"},{"@type":"ListItem","position":2,"name":"Tienda","item":"https:\/\/aivlisoft.net\/shop\/tienda\/"},{"@type":"ListItem","position":3,"name":"TP-Link Deco X55(2-pack) WiFi6 AX3000 Dual Mesh"}]},{"@type":"WebSite","@id":"https:\/\/aivlisoft.net\/shop\/#website","url":"https:\/\/aivlisoft.net\/shop\/","name":"Aivlisoft Inform\u00e1tica","description":"En Aivlisoft Inform\u00e1tica ofrecemos soluciones tecnol\u00f3gicas para empresas: venta de ordenadores, consumibles, perif\u00e9ricos y m\u00e1s. Calidad, atenci\u00f3n personalizada y los mejores precios para tu negocio.","publisher":{"@id":"https:\/\/aivlisoft.net\/shop\/#organization"},"potentialAction":[{"@type":"SearchAction","target":{"@type":"EntryPoint","urlTemplate":"https:\/\/aivlisoft.net\/shop\/?s={search_term_string}"},"query-input":{"@type":"PropertyValueSpecification","valueRequired":true,"valueName":"search_term_string"}}],"inLanguage":"es"},{"@type":"Organization","@id":"https:\/\/aivlisoft.net\/shop\/#organization","name":"Aivlisoft Inform\u00e1tica","url":"https:\/\/aivlisoft.net\/shop\/","logo":{"@type":"ImageObject","inLanguage":"es","@id":"https:\/\/aivlisoft.net\/shop\/#\/schema\/logo\/image\/","url":"https:\/\/aivlisoft.net\/shop\/wp-content\/uploads\/2024\/12\/removal.ai_5b848c54-0cdf-4140-95c5-c5536bb7573b-logodef.png","contentUrl":"https:\/\/aivlisoft.net\/shop\/wp-content\/uploads\/2024\/12\/removal.ai_5b848c54-0cdf-4140-95c5-c5536bb7573b-logodef.png","width":484,"height":182,"caption":"Aivlisoft Inform\u00e1tica"},"image":{"@id":"https:\/\/aivlisoft.net\/shop\/#\/schema\/logo\/image\/"}}]}},"_links":{"self":[{"href":"https:\/\/aivlisoft.net\/shop\/wp-json\/wp\/v2\/product\/19872","targetHints":{"allow":["GET"]}}],"collection":[{"href":"https:\/\/aivlisoft.net\/shop\/wp-json\/wp\/v2\/product"}],"about":[{"href":"https:\/\/aivlisoft.net\/shop\/wp-json\/wp\/v2\/types\/product"}],"wp:featuredmedia":[{"embeddable":true,"href":"https:\/\/aivlisoft.net\/shop\/wp-json\/wp\/v2\/media\/19873"}],"wp:attachment":[{"href":"https:\/\/aivlisoft.net\/shop\/wp-json\/wp\/v2\/media?parent=19872"}],"wp:term":[{"taxonomy":"product_brand","embeddable":true,"href":"https:\/\/aivlisoft.net\/shop\/wp-json\/wp\/v2\/product_brand?post=19872"},{"taxonomy":"product_cat","embeddable":true,"href":"https:\/\/aivlisoft.net\/shop\/wp-json\/wp\/v2\/product_cat?post=19872"},{"taxonomy":"product_tag","embeddable":true,"href":"https:\/\/aivlisoft.net\/shop\/wp-json\/wp\/v2\/product_tag?post=19872"}],"curies":[{"name":"wp","href":"https:\/\/api.w.org\/{rel}","templated":true}]}}