{"id":19867,"date":"2025-01-13T15:37:03","date_gmt":"2025-01-13T15:37:03","guid":{"rendered":"https:\/\/aivlisoft.com\/?post_type=product&#038;p=19867"},"modified":"2025-01-14T11:47:35","modified_gmt":"2025-01-14T11:47:35","slug":"zyxel-nwa220ax-6e-ap-wifi6e-axe5400-1x2-5gbe","status":"publish","type":"product","link":"https:\/\/aivlisoft.net\/shop\/producto\/zyxel-nwa220ax-6e-ap-wifi6e-axe5400-1x2-5gbe\/","title":{"rendered":"ZyXEL NWA220AX-6E AP WiFi6E AXE5400 1&#215;2.5GbE"},"content":{"rendered":"<p><\/p>\n<table class=\"tabla_caracteristicas\" width=\"100%\">\n<tr>\n<td valign=\"top\"><strong>Marca<\/strong><\/td>\n<td>ZyXEL<\/td>\n<\/tr>\n<tr>\n<td valign=\"top\"><strong>Modelo<\/strong><\/td>\n<td><strong>NWA220AX-6E-EU0101F<\/strong><\/td>\n<\/tr>\n<tr>\n<td valign=\"top\"><strong>Caracter&iacute;sticas Hardware<\/strong><\/td>\n<td>&#8211; Puerto Ethernet<br \/>\t\t\t&nbsp; 1 LAN de 1\/2,5 Gbps<br \/>\t\t\t&nbsp; 1 LAN de 1 Gbps<br \/>\t\t\t&#8211; Energ&iacute;a<br \/>\t\t\t&nbsp; PoE (802.3) en: consumo de energ&iacute;a 21 W<br \/>\t\t\t&nbsp; Entrada de CC: 12 VCC 2A<br \/>\t\t\t&#8211; Modos PoE<br \/>\t\t\t&nbsp; IEEE802.3af: sin conexi&oacute;n inal&aacute;mbrica<br \/>\t\t\t&nbsp; IEEE802.3at: sin restricciones<br \/>\t\t\t&nbsp; IEEE802.3bt: sin restricciones<br \/>\t\t\t&#8211; Tipo de antena: Antena optimizada dual 4&#215;4 + 2&#215;2<br \/>\t\t\t&#8211; Ganancia de la antena<br \/>\t\t\t&nbsp; 2,4 GHz: ganancia m&aacute;xima 3dBi<br \/>\t\t\t&nbsp; 5 GHz: Ganancia m&aacute;xima 5dBi<br \/>\t\t\t&nbsp; 6 GHz: Ganancia m&aacute;xima 6dBi<br \/>\t\t\t&#8211; Sensibilidad de recepci&oacute;n m&iacute;nima: m&iacute;n. Sensibilidad Rx hasta -101 dBm<br \/>\t\t\t&#8211; Direcci&oacute;n de banda<br \/>\t\t\t&#8211; WDS\/malla<br \/>\t\t\t&#8211; Itinerancia r&aacute;pida: autenticaci&oacute;n previa, almacenamiento en cach&eacute; de PMK y 802.11r\/k\/v<br \/>\t\t\t&#8211; DCS<br \/>\t\t\t&#8211; Balanceo de carga<br \/>\t\t\t&#8211; Coexistencia Celular Avanzada<br \/>\t\t\t&#8211; IPv6<br \/>\t\t\t&#8211; VLANs<br \/>\t\t\t&#8211; WMM<br \/>\t\t\t&#8211; U-APSD<\/td>\n<\/tr>\n<tr>\n<td valign=\"top\"><strong>Caracter&iacute;sticas Inal&aacute;mbricas<\/strong><\/td>\n<td>&#8211; Standard: IEEE 802.11 ax\/ac\/n\/g\/b\/a<br \/>\t\t\t&#8211; MIMO: MU-MIMO<br \/>\t\t\t&#8211; Velocidad inal&aacute;mbrica<br \/>\t\t\t&nbsp; 2.4GHz: 575 Mbps<br \/>\t\t\t&nbsp; 5GHz: 4800 Mbps<br \/>\t\t\t&nbsp; 6GHz: 4800 Mbps<br \/>\t\t\t&#8211; Banda de frecuencia<br \/>\t\t\t&nbsp; 2.4 GHz<br \/>\t\t\t&nbsp; USA (FCC): 2.412 to 2.462 GHz<br \/>\t\t\t&nbsp; Europe (ETSI): 2.412 to 2.472 GHz<br \/>\t\t\t&nbsp; 5 GHz<br \/>\t\t\t&nbsp; USA (FCC): 5.15 to 5.35 GHz; 5.470 to 5.850 GHz<br \/>\t\t\t&nbsp; European (ETSI): 5.15 to 5.35 GHz; 5.470 to 5.725 GHz<br \/>\t\t\t&nbsp; 6 GHz<br \/>\t\t\t&nbsp; USA (FCC): 5.925 to 6.425 GHz; 6.525 to 7.125 GHz<br \/>\t\t\t&nbsp; European (ETSI): 5.925 to 6.425 GHz<br \/>\t\t\t&#8211; Banda ancha: 20-, 40-,80- and 160-MHz<br \/>\t\t\t&#8211; Potencia de salida de transmisi&oacute;n t&iacute;pica conducida<br \/>\t\t\t&nbsp; (limitado por los requisitos reglamentarios locales)&nbsp;&nbsp; &nbsp;<br \/>\t\t\t&nbsp; US (2.4GHz\/5GHz) or +\/6GHz): 24\/25\/24dBm<br \/>\t\t\t&nbsp; EU (2.4GHz\/5GHz) or +\/6GHz): 18\/22\/19dBm<\/td>\n<\/tr>\n<tr>\n<td valign=\"top\"><strong>Gesti&oacute;n<\/strong><\/td>\n<td>&#8211; Modo operativo<br \/>\t\t\t&nbsp; Gestionado por Nebula Cloud<br \/>\t\t\t&nbsp; Standalone<br \/>\t\t\t&#8211; Utilidad ZON<br \/>\t\t\t&nbsp; Descubrimiento de conmutadores, puntos de acceso y puertas de enlace Zyxel<br \/>\t\t\t&nbsp; Configuraciones centralizadas y por lotes<br \/>\t\t\t&nbsp; configuraci&oacute;n IP<br \/>\t\t\t&nbsp; renovaci&oacute;n de ip<br \/>\t\t\t&nbsp; reinicio del dispositivo<br \/>\t\t\t&nbsp; Localizaci&oacute;n de dispositivos<br \/>\t\t\t&nbsp; Acceso a la GUI web<br \/>\t\t\t&nbsp; Actualizaci&oacute;n de firmware<br \/>\t\t\t&nbsp; Configuraci&oacute;n de contrase&ntilde;a<br \/>\t\t\t&#8211; Optimizador inal&aacute;mbrico Zyxel<br \/>\t\t\t&nbsp; Planificaci&oacute;n de puntos de acceso WiFi<br \/>\t\t\t&nbsp; Detecci&oacute;n de cobertura WiFi<br \/>\t\t\t&nbsp; Gesti&oacute;n de salud inal&aacute;mbrica<br \/>\t\t\t&#8211; Interfaz de usuario web\/CLI<br \/>\t\t\t&#8211; SNMP<\/td>\n<\/tr>\n<tr>\n<td valign=\"top\"><strong>Otras Caracter&iacute;sticas<\/strong><\/td>\n<td><strong>F&iacute;sicas<\/strong><br \/>\t\t\t&#8211; Dimensiones (An. x Pr. x Al.) (mm\/pulg.): 180 x 180 x 42 mm \/ 7,09 x 7,09 x 1,65<br \/>\t\t\t&#8211; Peso (g\/lb.): 650g\/1.43lb<br \/>\t\t\t&#8211; MTBF (h): 711.333<br \/>\t\t\t<strong>Seguridad<\/strong><br \/>\t\t\t&#8211; Cifrado<br \/>\t\t\t&nbsp; WEP<br \/>\t\t\t&nbsp; WPA<br \/>\t\t\t&nbsp; WPA2-PSK<br \/>\t\t\t&nbsp; WPA3<br \/>\t\t\t&#8211; Autenticaci&oacute;n<br \/>\t\t\t&nbsp; WPA<br \/>\t\t\t&nbsp; WPA2<br \/>\t\t\t&nbsp; WPA3-Enterprise<br \/>\t\t\t&nbsp; EAP<br \/>\t\t\t&nbsp; IEEE 802.1X<br \/>\t\t\t&nbsp; RADIUS Autenticaci&oacute;n<br \/>\t\t\t&#8211; Gesti&oacute;n de Acceso<br \/>\t\t\t&nbsp; L2-isolation<br \/>\t\t\t&nbsp; MAC filtering<br \/>\t\t\t&nbsp; Rogue AP detection<br \/>\t\t\t<strong>Entorno<\/strong><br \/>\t\t\t&#8211; Temperatura de funcionamiento<br \/>\t\t\t&nbsp; 0&deg;C a 50&deg;C \/ 32&deg;F a 122&deg;F<br \/>\t\t\t&#8211; Humedad de funcionamiento<br \/>\t\t\t&nbsp; 10% a 95% (sin condensaci&oacute;n)<br \/>\t\t\t&#8211; Temperatura de almacenamiento<br \/>\t\t\t&nbsp; 40 &deg;C a 70 &deg;C\/-40 &deg;F a 158 &deg;F<br \/>\t\t\t&#8211; Humedad de almacenamiento<br \/>\t\t\t&nbsp; 10% a 95% (sin condensaci&oacute;n)<br \/>\t\t\t<strong>Certificaciones<\/strong><br \/>\t\t\t&#8211; Radio &nbsp;&nbsp; &nbsp;<br \/>\t\t\t&nbsp; FCC Part 15C<br \/>\t\t\t&nbsp; FCC Part 15E<br \/>\t\t\t&nbsp; ETSI EN 300 328<br \/>\t\t\t&nbsp; EN 301 893<br \/>\t\t\t&nbsp; EN 303 687<br \/>\t\t\t&nbsp; LP0002<br \/>\t\t\t&#8211; EMC &nbsp;&nbsp; &nbsp;<br \/>\t\t\t&nbsp; FCC Part 15B<br \/>\t\t\t&nbsp; EN 301 489-1<br \/>\t\t\t&nbsp; EN 301 489-17<br \/>\t\t\t&nbsp; EN55022<br \/>\t\t\t&nbsp; EN55024<br \/>\t\t\t&nbsp; EN60601-1-2<br \/>\t\t\t&nbsp; BSMI CNS13438<br \/>\t\t\t&#8211; Safety &nbsp;&nbsp; &nbsp;<br \/>\t\t\t&nbsp; Safety EN 62368<br \/>\t\t\t&nbsp; BSMI CNS14336-1<br \/>\t\t\t<strong>Contiene<\/strong><br \/>\t\t\t&#8211; Placa de montaje<br \/>\t\t\t&#8211; Tornillos de montaje<\/td>\n<\/tr>\n<tr>\n<td valign=\"top\"><strong>Fecha de revisi&oacute;n<\/strong><\/td>\n<td>19-09-2022 por MPM<\/td>\n<\/tr>\n<\/table>\n","protected":false},"excerpt":{"rendered":"<p>Marca ZyXEL Modelo NWA220AX-6E-EU0101F Caracter&iacute;sticas Hardware &#8211; Puerto Ethernet &nbsp; 1 LAN de 1\/2,5 Gbps &nbsp; 1 LAN de 1 Gbps &#8211; Energ&iacute;a &nbsp; PoE (802.3) en: consumo de energ&iacute;a 21 W &nbsp; Entrada de CC: 12 VCC 2A &#8211; Modos PoE &nbsp; IEEE802.3af: sin conexi&oacute;n inal&aacute;mbrica &nbsp; IEEE802.3at: sin restricciones &nbsp; IEEE802.3bt: sin restricciones&hellip;&nbsp;<a href=\"https:\/\/aivlisoft.net\/shop\/producto\/zyxel-nwa220ax-6e-ap-wifi6e-axe5400-1x2-5gbe\/\" rel=\"bookmark\"><span class=\"screen-reader-text\">ZyXEL NWA220AX-6E AP WiFi6E AXE5400 1&#215;2.5GbE<\/span><\/a><\/p>\n","protected":false},"featured_media":19868,"template":"","meta":{"neve_meta_sidebar":"","neve_meta_container":"","neve_meta_enable_content_width":"","neve_meta_content_width":0,"neve_meta_title_alignment":"","neve_meta_author_avatar":"","neve_post_elements_order":"","neve_meta_disable_header":"","neve_meta_disable_footer":"","neve_meta_disable_title":""},"product_brand":[],"product_cat":[8770],"product_tag":[7137],"class_list":{"0":"post-19867","1":"product","2":"type-product","3":"status-publish","4":"has-post-thumbnail","6":"product_cat-puntos-de-acceso","7":"product_tag-nwa220ax-6e-eu0101f","9":"first","10":"instock","11":"taxable","12":"shipping-taxable","13":"purchasable","14":"product-type-simple"},"yoast_head":"<!-- This site is optimized with the Yoast SEO plugin v26.0 - https:\/\/yoast.com\/wordpress\/plugins\/seo\/ -->\n<title>ZyXEL NWA220AX-6E AP WiFi6E AXE5400 1x2.5GbE - Aivlisoft Inform\u00e1tica<\/title>\n<meta name=\"robots\" content=\"index, follow, max-snippet:-1, max-image-preview:large, max-video-preview:-1\" \/>\n<link rel=\"canonical\" href=\"https:\/\/aivlisoft.net\/shop\/producto\/zyxel-nwa220ax-6e-ap-wifi6e-axe5400-1x2-5gbe\/\" \/>\n<meta property=\"og:locale\" content=\"es_ES\" \/>\n<meta property=\"og:type\" content=\"article\" \/>\n<meta property=\"og:title\" content=\"ZyXEL NWA220AX-6E AP WiFi6E AXE5400 1x2.5GbE - Aivlisoft Inform\u00e1tica\" \/>\n<meta property=\"og:description\" content=\"Marca ZyXEL Modelo NWA220AX-6E-EU0101F Caracter&iacute;sticas Hardware &#8211; Puerto Ethernet &nbsp; 1 LAN de 1\/2,5 Gbps &nbsp; 1 LAN de 1 Gbps &#8211; Energ&iacute;a &nbsp; PoE (802.3) en: consumo de energ&iacute;a 21 W &nbsp; Entrada de CC: 12 VCC 2A &#8211; Modos PoE &nbsp; IEEE802.3af: sin conexi&oacute;n inal&aacute;mbrica &nbsp; IEEE802.3at: sin restricciones &nbsp; IEEE802.3bt: sin restricciones&hellip;&nbsp;ZyXEL NWA220AX-6E AP WiFi6E AXE5400 1&#215;2.5GbE\" \/>\n<meta property=\"og:url\" content=\"https:\/\/aivlisoft.net\/shop\/producto\/zyxel-nwa220ax-6e-ap-wifi6e-axe5400-1x2-5gbe\/\" \/>\n<meta property=\"og:site_name\" content=\"Aivlisoft Inform\u00e1tica\" \/>\n<meta property=\"article:modified_time\" content=\"2025-01-14T11:47:35+00:00\" \/>\n<meta property=\"og:image\" content=\"https:\/\/aivlisoft.net\/shop\/wp-content\/uploads\/2025\/01\/NSWPAC0503_800.jpg\" \/>\n\t<meta property=\"og:image:width\" content=\"800\" \/>\n\t<meta property=\"og:image:height\" content=\"800\" \/>\n\t<meta property=\"og:image:type\" content=\"image\/jpeg\" \/>\n<meta name=\"twitter:card\" content=\"summary_large_image\" \/>\n<meta name=\"twitter:label1\" content=\"Tiempo de lectura\" \/>\n\t<meta name=\"twitter:data1\" content=\"3 minutos\" \/>\n<script type=\"application\/ld+json\" class=\"yoast-schema-graph\">{\"@context\":\"https:\/\/schema.org\",\"@graph\":[{\"@type\":\"WebPage\",\"@id\":\"https:\/\/aivlisoft.net\/shop\/producto\/zyxel-nwa220ax-6e-ap-wifi6e-axe5400-1x2-5gbe\/\",\"url\":\"https:\/\/aivlisoft.net\/shop\/producto\/zyxel-nwa220ax-6e-ap-wifi6e-axe5400-1x2-5gbe\/\",\"name\":\"ZyXEL NWA220AX-6E AP WiFi6E AXE5400 1x2.5GbE - Aivlisoft Inform\u00e1tica\",\"isPartOf\":{\"@id\":\"https:\/\/aivlisoft.net\/shop\/#website\"},\"primaryImageOfPage\":{\"@id\":\"https:\/\/aivlisoft.net\/shop\/producto\/zyxel-nwa220ax-6e-ap-wifi6e-axe5400-1x2-5gbe\/#primaryimage\"},\"image\":{\"@id\":\"https:\/\/aivlisoft.net\/shop\/producto\/zyxel-nwa220ax-6e-ap-wifi6e-axe5400-1x2-5gbe\/#primaryimage\"},\"thumbnailUrl\":\"https:\/\/aivlisoft.net\/shop\/wp-content\/uploads\/2025\/01\/NSWPAC0503_800.jpg\",\"datePublished\":\"2025-01-13T15:37:03+00:00\",\"dateModified\":\"2025-01-14T11:47:35+00:00\",\"breadcrumb\":{\"@id\":\"https:\/\/aivlisoft.net\/shop\/producto\/zyxel-nwa220ax-6e-ap-wifi6e-axe5400-1x2-5gbe\/#breadcrumb\"},\"inLanguage\":\"es\",\"potentialAction\":[{\"@type\":\"ReadAction\",\"target\":[\"https:\/\/aivlisoft.net\/shop\/producto\/zyxel-nwa220ax-6e-ap-wifi6e-axe5400-1x2-5gbe\/\"]}]},{\"@type\":\"ImageObject\",\"inLanguage\":\"es\",\"@id\":\"https:\/\/aivlisoft.net\/shop\/producto\/zyxel-nwa220ax-6e-ap-wifi6e-axe5400-1x2-5gbe\/#primaryimage\",\"url\":\"https:\/\/aivlisoft.net\/shop\/wp-content\/uploads\/2025\/01\/NSWPAC0503_800.jpg\",\"contentUrl\":\"https:\/\/aivlisoft.net\/shop\/wp-content\/uploads\/2025\/01\/NSWPAC0503_800.jpg\",\"width\":800,\"height\":800},{\"@type\":\"BreadcrumbList\",\"@id\":\"https:\/\/aivlisoft.net\/shop\/producto\/zyxel-nwa220ax-6e-ap-wifi6e-axe5400-1x2-5gbe\/#breadcrumb\",\"itemListElement\":[{\"@type\":\"ListItem\",\"position\":1,\"name\":\"Portada\",\"item\":\"https:\/\/aivlisoft.net\/shop\/\"},{\"@type\":\"ListItem\",\"position\":2,\"name\":\"Tienda\",\"item\":\"https:\/\/aivlisoft.net\/shop\/tienda\/\"},{\"@type\":\"ListItem\",\"position\":3,\"name\":\"ZyXEL NWA220AX-6E AP WiFi6E AXE5400 1&#215;2.5GbE\"}]},{\"@type\":\"WebSite\",\"@id\":\"https:\/\/aivlisoft.net\/shop\/#website\",\"url\":\"https:\/\/aivlisoft.net\/shop\/\",\"name\":\"Aivlisoft Inform\u00e1tica\",\"description\":\"En Aivlisoft Inform\u00e1tica ofrecemos soluciones tecnol\u00f3gicas para empresas: venta de ordenadores, consumibles, perif\u00e9ricos y m\u00e1s. Calidad, atenci\u00f3n personalizada y los mejores precios para tu negocio.\",\"publisher\":{\"@id\":\"https:\/\/aivlisoft.net\/shop\/#organization\"},\"potentialAction\":[{\"@type\":\"SearchAction\",\"target\":{\"@type\":\"EntryPoint\",\"urlTemplate\":\"https:\/\/aivlisoft.net\/shop\/?s={search_term_string}\"},\"query-input\":{\"@type\":\"PropertyValueSpecification\",\"valueRequired\":true,\"valueName\":\"search_term_string\"}}],\"inLanguage\":\"es\"},{\"@type\":\"Organization\",\"@id\":\"https:\/\/aivlisoft.net\/shop\/#organization\",\"name\":\"Aivlisoft Inform\u00e1tica\",\"url\":\"https:\/\/aivlisoft.net\/shop\/\",\"logo\":{\"@type\":\"ImageObject\",\"inLanguage\":\"es\",\"@id\":\"https:\/\/aivlisoft.net\/shop\/#\/schema\/logo\/image\/\",\"url\":\"https:\/\/aivlisoft.net\/shop\/wp-content\/uploads\/2024\/12\/removal.ai_5b848c54-0cdf-4140-95c5-c5536bb7573b-logodef.png\",\"contentUrl\":\"https:\/\/aivlisoft.net\/shop\/wp-content\/uploads\/2024\/12\/removal.ai_5b848c54-0cdf-4140-95c5-c5536bb7573b-logodef.png\",\"width\":484,\"height\":182,\"caption\":\"Aivlisoft Inform\u00e1tica\"},\"image\":{\"@id\":\"https:\/\/aivlisoft.net\/shop\/#\/schema\/logo\/image\/\"}}]}<\/script>\n<!-- \/ Yoast SEO plugin. -->","yoast_head_json":{"title":"ZyXEL NWA220AX-6E AP WiFi6E AXE5400 1x2.5GbE - Aivlisoft Inform\u00e1tica","robots":{"index":"index","follow":"follow","max-snippet":"max-snippet:-1","max-image-preview":"max-image-preview:large","max-video-preview":"max-video-preview:-1"},"canonical":"https:\/\/aivlisoft.net\/shop\/producto\/zyxel-nwa220ax-6e-ap-wifi6e-axe5400-1x2-5gbe\/","og_locale":"es_ES","og_type":"article","og_title":"ZyXEL NWA220AX-6E AP WiFi6E AXE5400 1x2.5GbE - Aivlisoft Inform\u00e1tica","og_description":"Marca ZyXEL Modelo NWA220AX-6E-EU0101F Caracter&iacute;sticas Hardware &#8211; Puerto Ethernet &nbsp; 1 LAN de 1\/2,5 Gbps &nbsp; 1 LAN de 1 Gbps &#8211; Energ&iacute;a &nbsp; PoE (802.3) en: consumo de energ&iacute;a 21 W &nbsp; Entrada de CC: 12 VCC 2A &#8211; Modos PoE &nbsp; IEEE802.3af: sin conexi&oacute;n inal&aacute;mbrica &nbsp; IEEE802.3at: sin restricciones &nbsp; IEEE802.3bt: sin restricciones&hellip;&nbsp;ZyXEL NWA220AX-6E AP WiFi6E AXE5400 1&#215;2.5GbE","og_url":"https:\/\/aivlisoft.net\/shop\/producto\/zyxel-nwa220ax-6e-ap-wifi6e-axe5400-1x2-5gbe\/","og_site_name":"Aivlisoft Inform\u00e1tica","article_modified_time":"2025-01-14T11:47:35+00:00","og_image":[{"width":800,"height":800,"url":"https:\/\/aivlisoft.net\/shop\/wp-content\/uploads\/2025\/01\/NSWPAC0503_800.jpg","type":"image\/jpeg"}],"twitter_card":"summary_large_image","twitter_misc":{"Tiempo de lectura":"3 minutos"},"schema":{"@context":"https:\/\/schema.org","@graph":[{"@type":"WebPage","@id":"https:\/\/aivlisoft.net\/shop\/producto\/zyxel-nwa220ax-6e-ap-wifi6e-axe5400-1x2-5gbe\/","url":"https:\/\/aivlisoft.net\/shop\/producto\/zyxel-nwa220ax-6e-ap-wifi6e-axe5400-1x2-5gbe\/","name":"ZyXEL NWA220AX-6E AP WiFi6E AXE5400 1x2.5GbE - Aivlisoft Inform\u00e1tica","isPartOf":{"@id":"https:\/\/aivlisoft.net\/shop\/#website"},"primaryImageOfPage":{"@id":"https:\/\/aivlisoft.net\/shop\/producto\/zyxel-nwa220ax-6e-ap-wifi6e-axe5400-1x2-5gbe\/#primaryimage"},"image":{"@id":"https:\/\/aivlisoft.net\/shop\/producto\/zyxel-nwa220ax-6e-ap-wifi6e-axe5400-1x2-5gbe\/#primaryimage"},"thumbnailUrl":"https:\/\/aivlisoft.net\/shop\/wp-content\/uploads\/2025\/01\/NSWPAC0503_800.jpg","datePublished":"2025-01-13T15:37:03+00:00","dateModified":"2025-01-14T11:47:35+00:00","breadcrumb":{"@id":"https:\/\/aivlisoft.net\/shop\/producto\/zyxel-nwa220ax-6e-ap-wifi6e-axe5400-1x2-5gbe\/#breadcrumb"},"inLanguage":"es","potentialAction":[{"@type":"ReadAction","target":["https:\/\/aivlisoft.net\/shop\/producto\/zyxel-nwa220ax-6e-ap-wifi6e-axe5400-1x2-5gbe\/"]}]},{"@type":"ImageObject","inLanguage":"es","@id":"https:\/\/aivlisoft.net\/shop\/producto\/zyxel-nwa220ax-6e-ap-wifi6e-axe5400-1x2-5gbe\/#primaryimage","url":"https:\/\/aivlisoft.net\/shop\/wp-content\/uploads\/2025\/01\/NSWPAC0503_800.jpg","contentUrl":"https:\/\/aivlisoft.net\/shop\/wp-content\/uploads\/2025\/01\/NSWPAC0503_800.jpg","width":800,"height":800},{"@type":"BreadcrumbList","@id":"https:\/\/aivlisoft.net\/shop\/producto\/zyxel-nwa220ax-6e-ap-wifi6e-axe5400-1x2-5gbe\/#breadcrumb","itemListElement":[{"@type":"ListItem","position":1,"name":"Portada","item":"https:\/\/aivlisoft.net\/shop\/"},{"@type":"ListItem","position":2,"name":"Tienda","item":"https:\/\/aivlisoft.net\/shop\/tienda\/"},{"@type":"ListItem","position":3,"name":"ZyXEL NWA220AX-6E AP WiFi6E AXE5400 1&#215;2.5GbE"}]},{"@type":"WebSite","@id":"https:\/\/aivlisoft.net\/shop\/#website","url":"https:\/\/aivlisoft.net\/shop\/","name":"Aivlisoft Inform\u00e1tica","description":"En Aivlisoft Inform\u00e1tica ofrecemos soluciones tecnol\u00f3gicas para empresas: venta de ordenadores, consumibles, perif\u00e9ricos y m\u00e1s. Calidad, atenci\u00f3n personalizada y los mejores precios para tu negocio.","publisher":{"@id":"https:\/\/aivlisoft.net\/shop\/#organization"},"potentialAction":[{"@type":"SearchAction","target":{"@type":"EntryPoint","urlTemplate":"https:\/\/aivlisoft.net\/shop\/?s={search_term_string}"},"query-input":{"@type":"PropertyValueSpecification","valueRequired":true,"valueName":"search_term_string"}}],"inLanguage":"es"},{"@type":"Organization","@id":"https:\/\/aivlisoft.net\/shop\/#organization","name":"Aivlisoft Inform\u00e1tica","url":"https:\/\/aivlisoft.net\/shop\/","logo":{"@type":"ImageObject","inLanguage":"es","@id":"https:\/\/aivlisoft.net\/shop\/#\/schema\/logo\/image\/","url":"https:\/\/aivlisoft.net\/shop\/wp-content\/uploads\/2024\/12\/removal.ai_5b848c54-0cdf-4140-95c5-c5536bb7573b-logodef.png","contentUrl":"https:\/\/aivlisoft.net\/shop\/wp-content\/uploads\/2024\/12\/removal.ai_5b848c54-0cdf-4140-95c5-c5536bb7573b-logodef.png","width":484,"height":182,"caption":"Aivlisoft Inform\u00e1tica"},"image":{"@id":"https:\/\/aivlisoft.net\/shop\/#\/schema\/logo\/image\/"}}]}},"_links":{"self":[{"href":"https:\/\/aivlisoft.net\/shop\/wp-json\/wp\/v2\/product\/19867","targetHints":{"allow":["GET"]}}],"collection":[{"href":"https:\/\/aivlisoft.net\/shop\/wp-json\/wp\/v2\/product"}],"about":[{"href":"https:\/\/aivlisoft.net\/shop\/wp-json\/wp\/v2\/types\/product"}],"wp:featuredmedia":[{"embeddable":true,"href":"https:\/\/aivlisoft.net\/shop\/wp-json\/wp\/v2\/media\/19868"}],"wp:attachment":[{"href":"https:\/\/aivlisoft.net\/shop\/wp-json\/wp\/v2\/media?parent=19867"}],"wp:term":[{"taxonomy":"product_brand","embeddable":true,"href":"https:\/\/aivlisoft.net\/shop\/wp-json\/wp\/v2\/product_brand?post=19867"},{"taxonomy":"product_cat","embeddable":true,"href":"https:\/\/aivlisoft.net\/shop\/wp-json\/wp\/v2\/product_cat?post=19867"},{"taxonomy":"product_tag","embeddable":true,"href":"https:\/\/aivlisoft.net\/shop\/wp-json\/wp\/v2\/product_tag?post=19867"}],"curies":[{"name":"wp","href":"https:\/\/api.w.org\/{rel}","templated":true}]}}