{"id":19859,"date":"2025-01-13T15:36:59","date_gmt":"2025-01-13T15:36:59","guid":{"rendered":"https:\/\/aivlisoft.com\/?post_type=product&#038;p=19859"},"modified":"2025-01-14T11:47:33","modified_gmt":"2025-01-14T11:47:33","slug":"tp-link-tl-wa1201-ap-wifi-ac1200-dual-1xgbe","status":"publish","type":"product","link":"https:\/\/aivlisoft.net\/shop\/producto\/tp-link-tl-wa1201-ap-wifi-ac1200-dual-1xgbe\/","title":{"rendered":"TP-Link TL-WA1201 AP WiFi AC1200 Dual 1xGbE"},"content":{"rendered":"<p><\/p>\n<table class=\"tabla_caracteristicas\" width=\"100%\">\n<tr>\n<td valign=\"top\"><strong>Marca<\/strong><\/td>\n<td>TP-Link<\/td>\n<\/tr>\n<tr>\n<td valign=\"top\"><strong>Modelo<\/strong><\/td>\n<td><strong>TL-WA1201<\/strong><\/td>\n<\/tr>\n<tr>\n<td valign=\"top\"><strong>Caracter&iacute;sticas Hardware<\/strong><\/td>\n<td>&#8211; Puerto Ethernet: 1 puerto Ethernet de 10\/100\/1000 Mbps (compatible con PoE pasivo)<br \/>\t\t\t&#8211; Botones: bot&oacute;n de encendido\/apagado, bot&oacute;n WPS, bot&oacute;n de reinicio<br \/>\t\t\t&#8211; Antenas: 4 Antenas Fijas de Alto Rendimiento<br \/>\t\t\t&#8211; Fuente de Alimentaci&oacute;n Externa: 12V\/1.5A<br \/>\t\t\t&#8211; Dimensiones (An. x Pr. x Al.): 225 x 145,5 x 37in (400 x 255 x 72mm)<\/td>\n<\/tr>\n<tr>\n<td valign=\"top\"><strong>Caracter&iacute;sticas Inal&aacute;mbricas<\/strong><\/td>\n<td>&#8211; Inal&aacute;mbrico: IEEE802.11b\/g\/n 2,4 GHz, IEEE 802.11ac\/n\/a 5 GHz<br \/>\t\t\t&#8211; Frecuencia: 2,4 GHz y 5 GHz<br \/>\t\t\t&#8211; Tasa de se&ntilde;al: 867 Mbps a 5 GHz, 300 Mbps a 2,4 GHz<br \/>\t\t\t&#8211; Potencia de transmisi&oacute;n:<br \/>\t\t\t&nbsp; CE: &lt;20 dBm (2,4 GHz), &lt;23 dBm (5,15 GHz~5,25 GHz)<br \/>\t\t\t&nbsp; FCC: &lt;30dBm (2,4 GHz y 5 GHz)<br \/>\t\t\t&#8211; Sensibilidad de recepci&oacute;n:<br \/>\t\t\t&nbsp; 5 GHz:<br \/>\t\t\t&nbsp; 11a 6 Mbps: -95 dBm, 11a 54 Mbps: -81 dBm<br \/>\t\t\t&nbsp; 11ac VHT20 (MCS0): -94 dBm, 11ac VHT20 (MCS8): -71 dBm<br \/>\t\t\t&nbsp; 11n HT40(MCS0): -91dBm, 11n HT40(MCS7): -71dBm<br \/>\t\t\t&nbsp; 11ac VHT80 (MCS0): -88 dBm, 11ac VHT80 (MCS9): -63 dBm<br \/>\t\t\t&nbsp; 2,4 GHz:<br \/>\t\t\t&nbsp; 11g 54Mbps: -78dBm<br \/>\t\t\t&nbsp; 11n HT20(MCS0): -92dBm, 11n HT20(MCS7): -74dBm<br \/>\t\t\t&nbsp; 11n HT40(MCS0): -88dBm, 11n HT40(MCS7): -72dBm<br \/>\t\t\t&#8211; Funci&oacute;n inal&aacute;mbrica:<br \/>\t\t\t&nbsp; Activar\/desactivar radio inal&aacute;mbrica, puente WDS, WMM, estad&iacute;sticas inal&aacute;mbricas,<br \/>\t\t\t&nbsp; Reenv&iacute;o inal&aacute;mbrico de multidifusi&oacute;n, servidor DHCP, control de acceso<br \/>\t\t\t&#8211; Seguridad inal&aacute;mbrica:<br \/>\t\t\t&nbsp; Cifrados WEP de 64\/128 bits, WPA\/WPA2, WPA-PSK\/WPA-PSK2<\/td>\n<\/tr>\n<tr>\n<td valign=\"top\"><strong>Caracter&iacute;sticas Software<\/strong><\/td>\n<td>&#8211; Calidad de Servicio: WMM<br \/>\t\t\t&#8211; DHCP: servidor, lista de clientes DHCP<br \/>\t\t\t&#8211; Modos Inal&aacute;mbricos: Punto de Acceso, Repetidor, Cliente, Multi-SSID<br \/>\t\t\t&#8211; Protocolos: IPv4, IPv6<br \/>\t\t\t&#8211; Herramientas del sistema: SNMP, Ping Watch Dog<\/td>\n<\/tr>\n<tr>\n<td valign=\"top\"><strong>Otras Caracter&iacute;sticas<\/strong><\/td>\n<td>&#8211; Certificaci&oacute;n: CE, FCC, RoHS<br \/>\t\t\t&#8211; Requisitos del sistema:<br \/>\t\t\t&nbsp; Microsoft Windows 98SE, NT, 2000, XP, Vista&trade; o Windows 7, 8, 8.1,<br \/>\t\t\t&nbsp; 10, MAC OS, NetWare, UNIX o Linux<br \/>\t\t\t&nbsp; Internet Explorer 11, Firefox 12.0, Chrome 20.0, Safari 4.0 u otros<br \/>\t\t\t&nbsp; Navegador habilitado para Java<br \/>\t\t\t&#8211; Entorno:<br \/>\t\t\t&nbsp; Temperatura de funcionamiento: 0 &deg;C ~ 40 &deg;C (32 &deg;F ~ 104 &deg;F)<br \/>\t\t\t&nbsp; Temperatura de almacenamiento: -40 &deg;C ~ 70 &deg;C (-40 &deg;F ~ 158 &deg;F)<br \/>\t\t\t&nbsp; Humedad de funcionamiento: 10 %~90 % sin condensaci&oacute;n<br \/>\t\t\t&nbsp; Humedad de almacenamiento: 5 %~90 % sin condensaci&oacute;n<br \/>\t\t\t<strong>Contenido<\/strong><br \/>\t\t\t&#8211; Punto de acceso inal&aacute;mbrico TL-WA1201<br \/>\t\t\t&#8211; Adaptador de corriente<br \/>\t\t\t&#8211; Cable Ethernet RJ45<br \/>\t\t\t&#8211; Gu&iacute;a de Instalaci&oacute;n R&aacute;pida<br \/>\t\t\t&#8211; Inyector de alimentaci&oacute;n PoE<\/td>\n<\/tr>\n<tr>\n<td valign=\"top\"><strong>Fecha de revisi&oacute;n<\/strong><\/td>\n<td>07-09-2022 por MPM<\/td>\n<\/tr>\n<\/table>\n","protected":false},"excerpt":{"rendered":"<p>Marca TP-Link Modelo TL-WA1201 Caracter&iacute;sticas Hardware &#8211; Puerto Ethernet: 1 puerto Ethernet de 10\/100\/1000 Mbps (compatible con PoE pasivo) &#8211; Botones: bot&oacute;n de encendido\/apagado, bot&oacute;n WPS, bot&oacute;n de reinicio &#8211; Antenas: 4 Antenas Fijas de Alto Rendimiento &#8211; Fuente de Alimentaci&oacute;n Externa: 12V\/1.5A &#8211; Dimensiones (An. x Pr. x Al.): 225 x 145,5 x 37in&hellip;&nbsp;<a href=\"https:\/\/aivlisoft.net\/shop\/producto\/tp-link-tl-wa1201-ap-wifi-ac1200-dual-1xgbe\/\" rel=\"bookmark\"><span class=\"screen-reader-text\">TP-Link TL-WA1201 AP WiFi AC1200 Dual 1xGbE<\/span><\/a><\/p>\n","protected":false},"featured_media":19860,"template":"","meta":{"neve_meta_sidebar":"","neve_meta_container":"","neve_meta_enable_content_width":"","neve_meta_content_width":0,"neve_meta_title_alignment":"","neve_meta_author_avatar":"","neve_post_elements_order":"","neve_meta_disable_header":"","neve_meta_disable_footer":"","neve_meta_disable_title":""},"product_brand":[],"product_cat":[8770],"product_tag":[7135],"class_list":{"0":"post-19859","1":"product","2":"type-product","3":"status-publish","4":"has-post-thumbnail","6":"product_cat-puntos-de-acceso","7":"product_tag-tl-wa1201","9":"first","10":"instock","11":"taxable","12":"shipping-taxable","13":"purchasable","14":"product-type-simple"},"yoast_head":"<!-- This site is optimized with the Yoast SEO plugin v26.0 - https:\/\/yoast.com\/wordpress\/plugins\/seo\/ -->\n<title>TP-Link TL-WA1201 AP WiFi AC1200 Dual 1xGbE - Aivlisoft Inform\u00e1tica<\/title>\n<meta name=\"robots\" content=\"index, follow, max-snippet:-1, max-image-preview:large, max-video-preview:-1\" \/>\n<link rel=\"canonical\" href=\"https:\/\/aivlisoft.net\/shop\/producto\/tp-link-tl-wa1201-ap-wifi-ac1200-dual-1xgbe\/\" \/>\n<meta property=\"og:locale\" content=\"es_ES\" \/>\n<meta property=\"og:type\" content=\"article\" \/>\n<meta property=\"og:title\" content=\"TP-Link TL-WA1201 AP WiFi AC1200 Dual 1xGbE - Aivlisoft Inform\u00e1tica\" \/>\n<meta property=\"og:description\" content=\"Marca TP-Link Modelo TL-WA1201 Caracter&iacute;sticas Hardware &#8211; Puerto Ethernet: 1 puerto Ethernet de 10\/100\/1000 Mbps (compatible con PoE pasivo) &#8211; Botones: bot&oacute;n de encendido\/apagado, bot&oacute;n WPS, bot&oacute;n de reinicio &#8211; Antenas: 4 Antenas Fijas de Alto Rendimiento &#8211; Fuente de Alimentaci&oacute;n Externa: 12V\/1.5A &#8211; Dimensiones (An. x Pr. x Al.): 225 x 145,5 x 37in&hellip;&nbsp;TP-Link TL-WA1201 AP WiFi AC1200 Dual 1xGbE\" \/>\n<meta property=\"og:url\" content=\"https:\/\/aivlisoft.net\/shop\/producto\/tp-link-tl-wa1201-ap-wifi-ac1200-dual-1xgbe\/\" \/>\n<meta property=\"og:site_name\" content=\"Aivlisoft Inform\u00e1tica\" \/>\n<meta property=\"article:modified_time\" content=\"2025-01-14T11:47:33+00:00\" \/>\n<meta property=\"og:image\" content=\"https:\/\/aivlisoft.net\/shop\/wp-content\/uploads\/2025\/01\/NSWPAC0501_800.jpg\" \/>\n\t<meta property=\"og:image:width\" content=\"800\" \/>\n\t<meta property=\"og:image:height\" content=\"800\" \/>\n\t<meta property=\"og:image:type\" content=\"image\/jpeg\" \/>\n<meta name=\"twitter:card\" content=\"summary_large_image\" \/>\n<meta name=\"twitter:label1\" content=\"Tiempo de lectura\" \/>\n\t<meta name=\"twitter:data1\" content=\"2 minutos\" \/>\n<script type=\"application\/ld+json\" class=\"yoast-schema-graph\">{\"@context\":\"https:\/\/schema.org\",\"@graph\":[{\"@type\":\"WebPage\",\"@id\":\"https:\/\/aivlisoft.net\/shop\/producto\/tp-link-tl-wa1201-ap-wifi-ac1200-dual-1xgbe\/\",\"url\":\"https:\/\/aivlisoft.net\/shop\/producto\/tp-link-tl-wa1201-ap-wifi-ac1200-dual-1xgbe\/\",\"name\":\"TP-Link TL-WA1201 AP WiFi AC1200 Dual 1xGbE - Aivlisoft Inform\u00e1tica\",\"isPartOf\":{\"@id\":\"https:\/\/aivlisoft.net\/shop\/#website\"},\"primaryImageOfPage\":{\"@id\":\"https:\/\/aivlisoft.net\/shop\/producto\/tp-link-tl-wa1201-ap-wifi-ac1200-dual-1xgbe\/#primaryimage\"},\"image\":{\"@id\":\"https:\/\/aivlisoft.net\/shop\/producto\/tp-link-tl-wa1201-ap-wifi-ac1200-dual-1xgbe\/#primaryimage\"},\"thumbnailUrl\":\"https:\/\/aivlisoft.net\/shop\/wp-content\/uploads\/2025\/01\/NSWPAC0501_800.jpg\",\"datePublished\":\"2025-01-13T15:36:59+00:00\",\"dateModified\":\"2025-01-14T11:47:33+00:00\",\"breadcrumb\":{\"@id\":\"https:\/\/aivlisoft.net\/shop\/producto\/tp-link-tl-wa1201-ap-wifi-ac1200-dual-1xgbe\/#breadcrumb\"},\"inLanguage\":\"es\",\"potentialAction\":[{\"@type\":\"ReadAction\",\"target\":[\"https:\/\/aivlisoft.net\/shop\/producto\/tp-link-tl-wa1201-ap-wifi-ac1200-dual-1xgbe\/\"]}]},{\"@type\":\"ImageObject\",\"inLanguage\":\"es\",\"@id\":\"https:\/\/aivlisoft.net\/shop\/producto\/tp-link-tl-wa1201-ap-wifi-ac1200-dual-1xgbe\/#primaryimage\",\"url\":\"https:\/\/aivlisoft.net\/shop\/wp-content\/uploads\/2025\/01\/NSWPAC0501_800.jpg\",\"contentUrl\":\"https:\/\/aivlisoft.net\/shop\/wp-content\/uploads\/2025\/01\/NSWPAC0501_800.jpg\",\"width\":800,\"height\":800},{\"@type\":\"BreadcrumbList\",\"@id\":\"https:\/\/aivlisoft.net\/shop\/producto\/tp-link-tl-wa1201-ap-wifi-ac1200-dual-1xgbe\/#breadcrumb\",\"itemListElement\":[{\"@type\":\"ListItem\",\"position\":1,\"name\":\"Portada\",\"item\":\"https:\/\/aivlisoft.net\/shop\/\"},{\"@type\":\"ListItem\",\"position\":2,\"name\":\"Tienda\",\"item\":\"https:\/\/aivlisoft.net\/shop\/tienda\/\"},{\"@type\":\"ListItem\",\"position\":3,\"name\":\"TP-Link TL-WA1201 AP WiFi AC1200 Dual 1xGbE\"}]},{\"@type\":\"WebSite\",\"@id\":\"https:\/\/aivlisoft.net\/shop\/#website\",\"url\":\"https:\/\/aivlisoft.net\/shop\/\",\"name\":\"Aivlisoft Inform\u00e1tica\",\"description\":\"En Aivlisoft Inform\u00e1tica ofrecemos soluciones tecnol\u00f3gicas para empresas: venta de ordenadores, consumibles, perif\u00e9ricos y m\u00e1s. Calidad, atenci\u00f3n personalizada y los mejores precios para tu negocio.\",\"publisher\":{\"@id\":\"https:\/\/aivlisoft.net\/shop\/#organization\"},\"potentialAction\":[{\"@type\":\"SearchAction\",\"target\":{\"@type\":\"EntryPoint\",\"urlTemplate\":\"https:\/\/aivlisoft.net\/shop\/?s={search_term_string}\"},\"query-input\":{\"@type\":\"PropertyValueSpecification\",\"valueRequired\":true,\"valueName\":\"search_term_string\"}}],\"inLanguage\":\"es\"},{\"@type\":\"Organization\",\"@id\":\"https:\/\/aivlisoft.net\/shop\/#organization\",\"name\":\"Aivlisoft Inform\u00e1tica\",\"url\":\"https:\/\/aivlisoft.net\/shop\/\",\"logo\":{\"@type\":\"ImageObject\",\"inLanguage\":\"es\",\"@id\":\"https:\/\/aivlisoft.net\/shop\/#\/schema\/logo\/image\/\",\"url\":\"https:\/\/aivlisoft.net\/shop\/wp-content\/uploads\/2024\/12\/removal.ai_5b848c54-0cdf-4140-95c5-c5536bb7573b-logodef.png\",\"contentUrl\":\"https:\/\/aivlisoft.net\/shop\/wp-content\/uploads\/2024\/12\/removal.ai_5b848c54-0cdf-4140-95c5-c5536bb7573b-logodef.png\",\"width\":484,\"height\":182,\"caption\":\"Aivlisoft Inform\u00e1tica\"},\"image\":{\"@id\":\"https:\/\/aivlisoft.net\/shop\/#\/schema\/logo\/image\/\"}}]}<\/script>\n<!-- \/ Yoast SEO plugin. -->","yoast_head_json":{"title":"TP-Link TL-WA1201 AP WiFi AC1200 Dual 1xGbE - Aivlisoft Inform\u00e1tica","robots":{"index":"index","follow":"follow","max-snippet":"max-snippet:-1","max-image-preview":"max-image-preview:large","max-video-preview":"max-video-preview:-1"},"canonical":"https:\/\/aivlisoft.net\/shop\/producto\/tp-link-tl-wa1201-ap-wifi-ac1200-dual-1xgbe\/","og_locale":"es_ES","og_type":"article","og_title":"TP-Link TL-WA1201 AP WiFi AC1200 Dual 1xGbE - Aivlisoft Inform\u00e1tica","og_description":"Marca TP-Link Modelo TL-WA1201 Caracter&iacute;sticas Hardware &#8211; Puerto Ethernet: 1 puerto Ethernet de 10\/100\/1000 Mbps (compatible con PoE pasivo) &#8211; Botones: bot&oacute;n de encendido\/apagado, bot&oacute;n WPS, bot&oacute;n de reinicio &#8211; Antenas: 4 Antenas Fijas de Alto Rendimiento &#8211; Fuente de Alimentaci&oacute;n Externa: 12V\/1.5A &#8211; Dimensiones (An. x Pr. x Al.): 225 x 145,5 x 37in&hellip;&nbsp;TP-Link TL-WA1201 AP WiFi AC1200 Dual 1xGbE","og_url":"https:\/\/aivlisoft.net\/shop\/producto\/tp-link-tl-wa1201-ap-wifi-ac1200-dual-1xgbe\/","og_site_name":"Aivlisoft Inform\u00e1tica","article_modified_time":"2025-01-14T11:47:33+00:00","og_image":[{"width":800,"height":800,"url":"https:\/\/aivlisoft.net\/shop\/wp-content\/uploads\/2025\/01\/NSWPAC0501_800.jpg","type":"image\/jpeg"}],"twitter_card":"summary_large_image","twitter_misc":{"Tiempo de lectura":"2 minutos"},"schema":{"@context":"https:\/\/schema.org","@graph":[{"@type":"WebPage","@id":"https:\/\/aivlisoft.net\/shop\/producto\/tp-link-tl-wa1201-ap-wifi-ac1200-dual-1xgbe\/","url":"https:\/\/aivlisoft.net\/shop\/producto\/tp-link-tl-wa1201-ap-wifi-ac1200-dual-1xgbe\/","name":"TP-Link TL-WA1201 AP WiFi AC1200 Dual 1xGbE - Aivlisoft Inform\u00e1tica","isPartOf":{"@id":"https:\/\/aivlisoft.net\/shop\/#website"},"primaryImageOfPage":{"@id":"https:\/\/aivlisoft.net\/shop\/producto\/tp-link-tl-wa1201-ap-wifi-ac1200-dual-1xgbe\/#primaryimage"},"image":{"@id":"https:\/\/aivlisoft.net\/shop\/producto\/tp-link-tl-wa1201-ap-wifi-ac1200-dual-1xgbe\/#primaryimage"},"thumbnailUrl":"https:\/\/aivlisoft.net\/shop\/wp-content\/uploads\/2025\/01\/NSWPAC0501_800.jpg","datePublished":"2025-01-13T15:36:59+00:00","dateModified":"2025-01-14T11:47:33+00:00","breadcrumb":{"@id":"https:\/\/aivlisoft.net\/shop\/producto\/tp-link-tl-wa1201-ap-wifi-ac1200-dual-1xgbe\/#breadcrumb"},"inLanguage":"es","potentialAction":[{"@type":"ReadAction","target":["https:\/\/aivlisoft.net\/shop\/producto\/tp-link-tl-wa1201-ap-wifi-ac1200-dual-1xgbe\/"]}]},{"@type":"ImageObject","inLanguage":"es","@id":"https:\/\/aivlisoft.net\/shop\/producto\/tp-link-tl-wa1201-ap-wifi-ac1200-dual-1xgbe\/#primaryimage","url":"https:\/\/aivlisoft.net\/shop\/wp-content\/uploads\/2025\/01\/NSWPAC0501_800.jpg","contentUrl":"https:\/\/aivlisoft.net\/shop\/wp-content\/uploads\/2025\/01\/NSWPAC0501_800.jpg","width":800,"height":800},{"@type":"BreadcrumbList","@id":"https:\/\/aivlisoft.net\/shop\/producto\/tp-link-tl-wa1201-ap-wifi-ac1200-dual-1xgbe\/#breadcrumb","itemListElement":[{"@type":"ListItem","position":1,"name":"Portada","item":"https:\/\/aivlisoft.net\/shop\/"},{"@type":"ListItem","position":2,"name":"Tienda","item":"https:\/\/aivlisoft.net\/shop\/tienda\/"},{"@type":"ListItem","position":3,"name":"TP-Link TL-WA1201 AP WiFi AC1200 Dual 1xGbE"}]},{"@type":"WebSite","@id":"https:\/\/aivlisoft.net\/shop\/#website","url":"https:\/\/aivlisoft.net\/shop\/","name":"Aivlisoft Inform\u00e1tica","description":"En Aivlisoft Inform\u00e1tica ofrecemos soluciones tecnol\u00f3gicas para empresas: venta de ordenadores, consumibles, perif\u00e9ricos y m\u00e1s. Calidad, atenci\u00f3n personalizada y los mejores precios para tu negocio.","publisher":{"@id":"https:\/\/aivlisoft.net\/shop\/#organization"},"potentialAction":[{"@type":"SearchAction","target":{"@type":"EntryPoint","urlTemplate":"https:\/\/aivlisoft.net\/shop\/?s={search_term_string}"},"query-input":{"@type":"PropertyValueSpecification","valueRequired":true,"valueName":"search_term_string"}}],"inLanguage":"es"},{"@type":"Organization","@id":"https:\/\/aivlisoft.net\/shop\/#organization","name":"Aivlisoft Inform\u00e1tica","url":"https:\/\/aivlisoft.net\/shop\/","logo":{"@type":"ImageObject","inLanguage":"es","@id":"https:\/\/aivlisoft.net\/shop\/#\/schema\/logo\/image\/","url":"https:\/\/aivlisoft.net\/shop\/wp-content\/uploads\/2024\/12\/removal.ai_5b848c54-0cdf-4140-95c5-c5536bb7573b-logodef.png","contentUrl":"https:\/\/aivlisoft.net\/shop\/wp-content\/uploads\/2024\/12\/removal.ai_5b848c54-0cdf-4140-95c5-c5536bb7573b-logodef.png","width":484,"height":182,"caption":"Aivlisoft Inform\u00e1tica"},"image":{"@id":"https:\/\/aivlisoft.net\/shop\/#\/schema\/logo\/image\/"}}]}},"_links":{"self":[{"href":"https:\/\/aivlisoft.net\/shop\/wp-json\/wp\/v2\/product\/19859","targetHints":{"allow":["GET"]}}],"collection":[{"href":"https:\/\/aivlisoft.net\/shop\/wp-json\/wp\/v2\/product"}],"about":[{"href":"https:\/\/aivlisoft.net\/shop\/wp-json\/wp\/v2\/types\/product"}],"wp:featuredmedia":[{"embeddable":true,"href":"https:\/\/aivlisoft.net\/shop\/wp-json\/wp\/v2\/media\/19860"}],"wp:attachment":[{"href":"https:\/\/aivlisoft.net\/shop\/wp-json\/wp\/v2\/media?parent=19859"}],"wp:term":[{"taxonomy":"product_brand","embeddable":true,"href":"https:\/\/aivlisoft.net\/shop\/wp-json\/wp\/v2\/product_brand?post=19859"},{"taxonomy":"product_cat","embeddable":true,"href":"https:\/\/aivlisoft.net\/shop\/wp-json\/wp\/v2\/product_cat?post=19859"},{"taxonomy":"product_tag","embeddable":true,"href":"https:\/\/aivlisoft.net\/shop\/wp-json\/wp\/v2\/product_tag?post=19859"}],"curies":[{"name":"wp","href":"https:\/\/api.w.org\/{rel}","templated":true}]}}