{"id":19855,"date":"2025-01-13T15:36:57","date_gmt":"2025-01-13T15:36:57","guid":{"rendered":"https:\/\/aivlisoft.com\/?post_type=product&#038;p=19855"},"modified":"2025-01-14T11:47:32","modified_gmt":"2025-01-14T11:47:32","slug":"tp-link-eap650-ap-wifi6-ax3000-techo-dual-1xgb","status":"publish","type":"product","link":"https:\/\/aivlisoft.net\/shop\/producto\/tp-link-eap650-ap-wifi6-ax3000-techo-dual-1xgb\/","title":{"rendered":"TP-Link EAP650 AP WiFi6 AX3000 Techo Dual 1xGb"},"content":{"rendered":"<p>WiFi ultrarr&aacute;pido 6 velocidades: 574 Mbps simult&aacute;neos en 2,4 GHz y 2402 Mbps en 5 GHz totalizan velocidades WiFi de 2976 Mbps.<\/p>\n<p>WiFi 6 de alta eficiencia: m&aacute;s dispositivos conectados pueden disfrutar de velocidades m&aacute;s r&aacute;pidas.<\/p>\n<p>Gesti&oacute;n centralizada de la nube: la integraci&oacute;n de Omada SDN gestiona toda la red localmente o desde la nube a trav&eacute;s de la interfaz de usuario web o la aplicaci&oacute;n Omada.<\/p>\n<p>Canal de 160 MHz: duplique los datos en los momentos de m&aacute;xima transmisi&oacute;n en un solo flujo con HE160.<\/p>\n<p>Roaming continuo: las transmisiones de video y las llamadas de voz no se ven afectadas cuando los usuarios se mueven entre ubicaciones.<\/p>\n<p>Omada Mesh: permite la conectividad inal&aacute;mbrica entre los puntos de acceso para un alcance extendido y una implementaci&oacute;n flexible.<\/p>\n<p>Alimentado por PoE+: admite fuente de alimentaci&oacute;n 802.3at PoE+ y CC (adaptador incluido) para instalaciones flexibles.<\/p>\n<p>Dise&ntilde;o ultradelgado: &Phi;160 mm &times; 33,6 mm El dise&ntilde;o elegante brinda m&aacute;s agilidad.<\/p>\n<table class=\"tabla_caracteristicas\" width=\"100%\">\n<tr>\n<td valign=\"top\"><strong>Marca<\/strong><\/td>\n<td>TP-Link<\/td>\n<\/tr>\n<tr>\n<td valign=\"top\"><strong>Modelo<\/strong><\/td>\n<td><strong>EAP650<\/strong><\/td>\n<\/tr>\n<tr>\n<td valign=\"top\"><strong>Caracter&iacute;sticas<\/strong><\/td>\n<td>&#8211; Interfaz: 1 puerto Gigabit Ethernet<br \/>\t\t\t&#8211; Wi-Fi Standards: IEEE 802.11 a\/b\/g\/n\/ac\/ax<br \/>\t\t\t&#8211; Maximum Data Rate:<br \/>\t\t\t&nbsp; 574 Mbps (2.4 GHz)<br \/>\t\t\t&nbsp; +2402 Mbps (5 GHz)<br \/>\t\t\t&#8211; Antenas:<br \/>\t\t\t&nbsp; 2.4 GHz: 2x 4 dBi<br \/>\t\t\t&nbsp; 5 GHz: 2x 5 dBi<br \/>\t\t\t&#8211; Transmit Power:<br \/>\t\t\t&nbsp; CE: &lt; 20 dBm (2.4 GHz, EIRP); &lt; 23 dBm (5 GHz, band 1&amp;band 2, EIRP); &lt; 30 dBm (5 GHz, band 3, EIRP);<br \/>\t\t\t&nbsp; FCC: &lt; 25 dBm (2.4 GHz); &lt; 25 dBm (5 GHz)<br \/>\t\t\t<strong>Inal&aacute;mbricas<\/strong><br \/>\t\t\t&#8211; Multiple SSIDs: 16 (8 on each band)<br \/>\t\t\t&#8211; Enable\/Disable Wireless Radio<br \/>\t\t\t&#8211; Enable\/Disable SSID Broadcast<br \/>\t\t\t&#8211; Guest Network<br \/>\t\t\t&#8211; Automatic Channel Assignment<br \/>\t\t\t&#8211; Transmit Power Control: Adjust transmit Power on dBm<br \/>\t\t\t&#8211; QoS (WMM)<br \/>\t\t\t&#8211; Seamless Roaming<br \/>\t\t\t&#8211; Mesh<br \/>\t\t\t&#8211; Beamforming<br \/>\t\t\t&#8211; MU-MIMO<br \/>\t\t\t&#8211; Rate Limit: Based on SSID\/Client<br \/>\t\t\t&#8211; Load Balance<br \/>\t\t\t&#8211; Airtime Fairness<br \/>\t\t\t&#8211; Band Steering<br \/>\t\t\t&#8211; RADIUS Accounting<br \/>\t\t\t&#8211; MAC Authentication<br \/>\t\t\t&#8211; Reboot Schedule<br \/>\t\t\t&#8211; Wireless Schedule<br \/>\t\t\t&#8211; Wireless Statistics<br \/>\t\t\t&#8211; Static IP\/Dynamic IP<\/td>\n<\/tr>\n<tr>\n<td valign=\"top\"><strong>Otras Caracter&iacute;sticas<\/strong><\/td>\n<td><strong>Gesti&oacute;n<\/strong><br \/>\t\t\t&#8211; Omada Software Controller<br \/>\t\t\t&#8211; Omada Hardware Controller<br \/>\t\t\t&#8211; Omada APP<br \/>\t\t\t<strong>Seguridad<\/strong><br \/>\t\t\t&#8211; Captive Portal Authentication<br \/>\t\t\t&#8211; Access Control<br \/>\t\t\t&#8211; Maximum number of MAC Filter: 4000<br \/>\t\t\t&#8211; Wireless Isolation between Clients<br \/>\t\t\t&#8211; VLAN<br \/>\t\t\t&#8211; Rogue AP Detection<br \/>\t\t\t&#8211; Wireless Encryption: WPA-Personal\/Enterprise, WPA2-Personal\/Enterprise, WPA3-Personal\/Enterprise<br \/>\t\t\t&#8211; 802.1X Support<br \/>\t\t\t<strong>Otros<\/strong><br \/>\t\t\t&#8211; Power Supply:<br \/>\t\t\t&nbsp; EU: 802.3at PoE or 12V\/1.A DC<br \/>\t\t\t&nbsp; US: 802.3at PoE or 12V\/1.5A DC<br \/>\t\t\t&#8211; Maximum Power Consumption<br \/>\t\t\t&nbsp; EU: 13.5 W (For PoE); 12.0 W (for DC)<br \/>\t\t\t&nbsp; US: 14.7 W (For PoE); 13.25 W (for DC)<\/td>\n<\/tr>\n<tr>\n<td valign=\"top\"><strong>Fecha de revisi&oacute;n<\/strong><\/td>\n<td>04-08-2022 por MPM<\/td>\n<\/tr>\n<\/table>\n","protected":false},"excerpt":{"rendered":"<p>WiFi ultrarr&aacute;pido 6 velocidades: 574 Mbps simult&aacute;neos en 2,4 GHz y 2402 Mbps en 5 GHz totalizan velocidades WiFi de 2976 Mbps. WiFi 6 de alta eficiencia: m&aacute;s dispositivos conectados pueden disfrutar de velocidades m&aacute;s r&aacute;pidas. Gesti&oacute;n centralizada de la nube: la integraci&oacute;n de Omada SDN gestiona toda la red localmente o desde la nube&hellip;&nbsp;<a href=\"https:\/\/aivlisoft.net\/shop\/producto\/tp-link-eap650-ap-wifi6-ax3000-techo-dual-1xgb\/\" rel=\"bookmark\"><span class=\"screen-reader-text\">TP-Link EAP650 AP WiFi6 AX3000 Techo Dual 1xGb<\/span><\/a><\/p>\n","protected":false},"featured_media":19856,"template":"","meta":{"neve_meta_sidebar":"","neve_meta_container":"","neve_meta_enable_content_width":"","neve_meta_content_width":0,"neve_meta_title_alignment":"","neve_meta_author_avatar":"","neve_post_elements_order":"","neve_meta_disable_header":"","neve_meta_disable_footer":"","neve_meta_disable_title":""},"product_brand":[],"product_cat":[8770],"product_tag":[7134],"class_list":{"0":"post-19855","1":"product","2":"type-product","3":"status-publish","4":"has-post-thumbnail","6":"product_cat-puntos-de-acceso","7":"product_tag-eap650","9":"first","10":"instock","11":"taxable","12":"shipping-taxable","13":"purchasable","14":"product-type-simple"},"yoast_head":"<!-- This site is optimized with the Yoast SEO plugin v26.0 - https:\/\/yoast.com\/wordpress\/plugins\/seo\/ -->\n<title>TP-Link EAP650 AP WiFi6 AX3000 Techo Dual 1xGb - Aivlisoft Inform\u00e1tica<\/title>\n<meta name=\"robots\" content=\"index, follow, max-snippet:-1, max-image-preview:large, max-video-preview:-1\" \/>\n<link rel=\"canonical\" href=\"https:\/\/aivlisoft.net\/shop\/producto\/tp-link-eap650-ap-wifi6-ax3000-techo-dual-1xgb\/\" \/>\n<meta property=\"og:locale\" content=\"es_ES\" \/>\n<meta property=\"og:type\" content=\"article\" \/>\n<meta property=\"og:title\" content=\"TP-Link EAP650 AP WiFi6 AX3000 Techo Dual 1xGb - Aivlisoft Inform\u00e1tica\" \/>\n<meta property=\"og:description\" content=\"WiFi ultrarr&aacute;pido 6 velocidades: 574 Mbps simult&aacute;neos en 2,4 GHz y 2402 Mbps en 5 GHz totalizan velocidades WiFi de 2976 Mbps. WiFi 6 de alta eficiencia: m&aacute;s dispositivos conectados pueden disfrutar de velocidades m&aacute;s r&aacute;pidas. Gesti&oacute;n centralizada de la nube: la integraci&oacute;n de Omada SDN gestiona toda la red localmente o desde la nube&hellip;&nbsp;TP-Link EAP650 AP WiFi6 AX3000 Techo Dual 1xGb\" \/>\n<meta property=\"og:url\" content=\"https:\/\/aivlisoft.net\/shop\/producto\/tp-link-eap650-ap-wifi6-ax3000-techo-dual-1xgb\/\" \/>\n<meta property=\"og:site_name\" content=\"Aivlisoft Inform\u00e1tica\" \/>\n<meta property=\"article:modified_time\" content=\"2025-01-14T11:47:32+00:00\" \/>\n<meta property=\"og:image\" content=\"https:\/\/aivlisoft.net\/shop\/wp-content\/uploads\/2025\/01\/NSWPAC0500_800.jpg\" \/>\n\t<meta property=\"og:image:width\" content=\"800\" \/>\n\t<meta property=\"og:image:height\" content=\"800\" \/>\n\t<meta property=\"og:image:type\" content=\"image\/jpeg\" \/>\n<meta name=\"twitter:card\" content=\"summary_large_image\" \/>\n<meta name=\"twitter:label1\" content=\"Tiempo de lectura\" \/>\n\t<meta name=\"twitter:data1\" content=\"2 minutos\" \/>\n<script type=\"application\/ld+json\" class=\"yoast-schema-graph\">{\"@context\":\"https:\/\/schema.org\",\"@graph\":[{\"@type\":\"WebPage\",\"@id\":\"https:\/\/aivlisoft.net\/shop\/producto\/tp-link-eap650-ap-wifi6-ax3000-techo-dual-1xgb\/\",\"url\":\"https:\/\/aivlisoft.net\/shop\/producto\/tp-link-eap650-ap-wifi6-ax3000-techo-dual-1xgb\/\",\"name\":\"TP-Link EAP650 AP WiFi6 AX3000 Techo Dual 1xGb - Aivlisoft Inform\u00e1tica\",\"isPartOf\":{\"@id\":\"https:\/\/aivlisoft.net\/shop\/#website\"},\"primaryImageOfPage\":{\"@id\":\"https:\/\/aivlisoft.net\/shop\/producto\/tp-link-eap650-ap-wifi6-ax3000-techo-dual-1xgb\/#primaryimage\"},\"image\":{\"@id\":\"https:\/\/aivlisoft.net\/shop\/producto\/tp-link-eap650-ap-wifi6-ax3000-techo-dual-1xgb\/#primaryimage\"},\"thumbnailUrl\":\"https:\/\/aivlisoft.net\/shop\/wp-content\/uploads\/2025\/01\/NSWPAC0500_800.jpg\",\"datePublished\":\"2025-01-13T15:36:57+00:00\",\"dateModified\":\"2025-01-14T11:47:32+00:00\",\"breadcrumb\":{\"@id\":\"https:\/\/aivlisoft.net\/shop\/producto\/tp-link-eap650-ap-wifi6-ax3000-techo-dual-1xgb\/#breadcrumb\"},\"inLanguage\":\"es\",\"potentialAction\":[{\"@type\":\"ReadAction\",\"target\":[\"https:\/\/aivlisoft.net\/shop\/producto\/tp-link-eap650-ap-wifi6-ax3000-techo-dual-1xgb\/\"]}]},{\"@type\":\"ImageObject\",\"inLanguage\":\"es\",\"@id\":\"https:\/\/aivlisoft.net\/shop\/producto\/tp-link-eap650-ap-wifi6-ax3000-techo-dual-1xgb\/#primaryimage\",\"url\":\"https:\/\/aivlisoft.net\/shop\/wp-content\/uploads\/2025\/01\/NSWPAC0500_800.jpg\",\"contentUrl\":\"https:\/\/aivlisoft.net\/shop\/wp-content\/uploads\/2025\/01\/NSWPAC0500_800.jpg\",\"width\":800,\"height\":800},{\"@type\":\"BreadcrumbList\",\"@id\":\"https:\/\/aivlisoft.net\/shop\/producto\/tp-link-eap650-ap-wifi6-ax3000-techo-dual-1xgb\/#breadcrumb\",\"itemListElement\":[{\"@type\":\"ListItem\",\"position\":1,\"name\":\"Portada\",\"item\":\"https:\/\/aivlisoft.net\/shop\/\"},{\"@type\":\"ListItem\",\"position\":2,\"name\":\"Tienda\",\"item\":\"https:\/\/aivlisoft.net\/shop\/tienda\/\"},{\"@type\":\"ListItem\",\"position\":3,\"name\":\"TP-Link EAP650 AP WiFi6 AX3000 Techo Dual 1xGb\"}]},{\"@type\":\"WebSite\",\"@id\":\"https:\/\/aivlisoft.net\/shop\/#website\",\"url\":\"https:\/\/aivlisoft.net\/shop\/\",\"name\":\"Aivlisoft Inform\u00e1tica\",\"description\":\"En Aivlisoft Inform\u00e1tica ofrecemos soluciones tecnol\u00f3gicas para empresas: venta de ordenadores, consumibles, perif\u00e9ricos y m\u00e1s. Calidad, atenci\u00f3n personalizada y los mejores precios para tu negocio.\",\"publisher\":{\"@id\":\"https:\/\/aivlisoft.net\/shop\/#organization\"},\"potentialAction\":[{\"@type\":\"SearchAction\",\"target\":{\"@type\":\"EntryPoint\",\"urlTemplate\":\"https:\/\/aivlisoft.net\/shop\/?s={search_term_string}\"},\"query-input\":{\"@type\":\"PropertyValueSpecification\",\"valueRequired\":true,\"valueName\":\"search_term_string\"}}],\"inLanguage\":\"es\"},{\"@type\":\"Organization\",\"@id\":\"https:\/\/aivlisoft.net\/shop\/#organization\",\"name\":\"Aivlisoft Inform\u00e1tica\",\"url\":\"https:\/\/aivlisoft.net\/shop\/\",\"logo\":{\"@type\":\"ImageObject\",\"inLanguage\":\"es\",\"@id\":\"https:\/\/aivlisoft.net\/shop\/#\/schema\/logo\/image\/\",\"url\":\"https:\/\/aivlisoft.net\/shop\/wp-content\/uploads\/2024\/12\/removal.ai_5b848c54-0cdf-4140-95c5-c5536bb7573b-logodef.png\",\"contentUrl\":\"https:\/\/aivlisoft.net\/shop\/wp-content\/uploads\/2024\/12\/removal.ai_5b848c54-0cdf-4140-95c5-c5536bb7573b-logodef.png\",\"width\":484,\"height\":182,\"caption\":\"Aivlisoft Inform\u00e1tica\"},\"image\":{\"@id\":\"https:\/\/aivlisoft.net\/shop\/#\/schema\/logo\/image\/\"}}]}<\/script>\n<!-- \/ Yoast SEO plugin. -->","yoast_head_json":{"title":"TP-Link EAP650 AP WiFi6 AX3000 Techo Dual 1xGb - Aivlisoft Inform\u00e1tica","robots":{"index":"index","follow":"follow","max-snippet":"max-snippet:-1","max-image-preview":"max-image-preview:large","max-video-preview":"max-video-preview:-1"},"canonical":"https:\/\/aivlisoft.net\/shop\/producto\/tp-link-eap650-ap-wifi6-ax3000-techo-dual-1xgb\/","og_locale":"es_ES","og_type":"article","og_title":"TP-Link EAP650 AP WiFi6 AX3000 Techo Dual 1xGb - Aivlisoft Inform\u00e1tica","og_description":"WiFi ultrarr&aacute;pido 6 velocidades: 574 Mbps simult&aacute;neos en 2,4 GHz y 2402 Mbps en 5 GHz totalizan velocidades WiFi de 2976 Mbps. WiFi 6 de alta eficiencia: m&aacute;s dispositivos conectados pueden disfrutar de velocidades m&aacute;s r&aacute;pidas. Gesti&oacute;n centralizada de la nube: la integraci&oacute;n de Omada SDN gestiona toda la red localmente o desde la nube&hellip;&nbsp;TP-Link EAP650 AP WiFi6 AX3000 Techo Dual 1xGb","og_url":"https:\/\/aivlisoft.net\/shop\/producto\/tp-link-eap650-ap-wifi6-ax3000-techo-dual-1xgb\/","og_site_name":"Aivlisoft Inform\u00e1tica","article_modified_time":"2025-01-14T11:47:32+00:00","og_image":[{"width":800,"height":800,"url":"https:\/\/aivlisoft.net\/shop\/wp-content\/uploads\/2025\/01\/NSWPAC0500_800.jpg","type":"image\/jpeg"}],"twitter_card":"summary_large_image","twitter_misc":{"Tiempo de lectura":"2 minutos"},"schema":{"@context":"https:\/\/schema.org","@graph":[{"@type":"WebPage","@id":"https:\/\/aivlisoft.net\/shop\/producto\/tp-link-eap650-ap-wifi6-ax3000-techo-dual-1xgb\/","url":"https:\/\/aivlisoft.net\/shop\/producto\/tp-link-eap650-ap-wifi6-ax3000-techo-dual-1xgb\/","name":"TP-Link EAP650 AP WiFi6 AX3000 Techo Dual 1xGb - Aivlisoft Inform\u00e1tica","isPartOf":{"@id":"https:\/\/aivlisoft.net\/shop\/#website"},"primaryImageOfPage":{"@id":"https:\/\/aivlisoft.net\/shop\/producto\/tp-link-eap650-ap-wifi6-ax3000-techo-dual-1xgb\/#primaryimage"},"image":{"@id":"https:\/\/aivlisoft.net\/shop\/producto\/tp-link-eap650-ap-wifi6-ax3000-techo-dual-1xgb\/#primaryimage"},"thumbnailUrl":"https:\/\/aivlisoft.net\/shop\/wp-content\/uploads\/2025\/01\/NSWPAC0500_800.jpg","datePublished":"2025-01-13T15:36:57+00:00","dateModified":"2025-01-14T11:47:32+00:00","breadcrumb":{"@id":"https:\/\/aivlisoft.net\/shop\/producto\/tp-link-eap650-ap-wifi6-ax3000-techo-dual-1xgb\/#breadcrumb"},"inLanguage":"es","potentialAction":[{"@type":"ReadAction","target":["https:\/\/aivlisoft.net\/shop\/producto\/tp-link-eap650-ap-wifi6-ax3000-techo-dual-1xgb\/"]}]},{"@type":"ImageObject","inLanguage":"es","@id":"https:\/\/aivlisoft.net\/shop\/producto\/tp-link-eap650-ap-wifi6-ax3000-techo-dual-1xgb\/#primaryimage","url":"https:\/\/aivlisoft.net\/shop\/wp-content\/uploads\/2025\/01\/NSWPAC0500_800.jpg","contentUrl":"https:\/\/aivlisoft.net\/shop\/wp-content\/uploads\/2025\/01\/NSWPAC0500_800.jpg","width":800,"height":800},{"@type":"BreadcrumbList","@id":"https:\/\/aivlisoft.net\/shop\/producto\/tp-link-eap650-ap-wifi6-ax3000-techo-dual-1xgb\/#breadcrumb","itemListElement":[{"@type":"ListItem","position":1,"name":"Portada","item":"https:\/\/aivlisoft.net\/shop\/"},{"@type":"ListItem","position":2,"name":"Tienda","item":"https:\/\/aivlisoft.net\/shop\/tienda\/"},{"@type":"ListItem","position":3,"name":"TP-Link EAP650 AP WiFi6 AX3000 Techo Dual 1xGb"}]},{"@type":"WebSite","@id":"https:\/\/aivlisoft.net\/shop\/#website","url":"https:\/\/aivlisoft.net\/shop\/","name":"Aivlisoft Inform\u00e1tica","description":"En Aivlisoft Inform\u00e1tica ofrecemos soluciones tecnol\u00f3gicas para empresas: venta de ordenadores, consumibles, perif\u00e9ricos y m\u00e1s. Calidad, atenci\u00f3n personalizada y los mejores precios para tu negocio.","publisher":{"@id":"https:\/\/aivlisoft.net\/shop\/#organization"},"potentialAction":[{"@type":"SearchAction","target":{"@type":"EntryPoint","urlTemplate":"https:\/\/aivlisoft.net\/shop\/?s={search_term_string}"},"query-input":{"@type":"PropertyValueSpecification","valueRequired":true,"valueName":"search_term_string"}}],"inLanguage":"es"},{"@type":"Organization","@id":"https:\/\/aivlisoft.net\/shop\/#organization","name":"Aivlisoft Inform\u00e1tica","url":"https:\/\/aivlisoft.net\/shop\/","logo":{"@type":"ImageObject","inLanguage":"es","@id":"https:\/\/aivlisoft.net\/shop\/#\/schema\/logo\/image\/","url":"https:\/\/aivlisoft.net\/shop\/wp-content\/uploads\/2024\/12\/removal.ai_5b848c54-0cdf-4140-95c5-c5536bb7573b-logodef.png","contentUrl":"https:\/\/aivlisoft.net\/shop\/wp-content\/uploads\/2024\/12\/removal.ai_5b848c54-0cdf-4140-95c5-c5536bb7573b-logodef.png","width":484,"height":182,"caption":"Aivlisoft Inform\u00e1tica"},"image":{"@id":"https:\/\/aivlisoft.net\/shop\/#\/schema\/logo\/image\/"}}]}},"_links":{"self":[{"href":"https:\/\/aivlisoft.net\/shop\/wp-json\/wp\/v2\/product\/19855","targetHints":{"allow":["GET"]}}],"collection":[{"href":"https:\/\/aivlisoft.net\/shop\/wp-json\/wp\/v2\/product"}],"about":[{"href":"https:\/\/aivlisoft.net\/shop\/wp-json\/wp\/v2\/types\/product"}],"wp:featuredmedia":[{"embeddable":true,"href":"https:\/\/aivlisoft.net\/shop\/wp-json\/wp\/v2\/media\/19856"}],"wp:attachment":[{"href":"https:\/\/aivlisoft.net\/shop\/wp-json\/wp\/v2\/media?parent=19855"}],"wp:term":[{"taxonomy":"product_brand","embeddable":true,"href":"https:\/\/aivlisoft.net\/shop\/wp-json\/wp\/v2\/product_brand?post=19855"},{"taxonomy":"product_cat","embeddable":true,"href":"https:\/\/aivlisoft.net\/shop\/wp-json\/wp\/v2\/product_cat?post=19855"},{"taxonomy":"product_tag","embeddable":true,"href":"https:\/\/aivlisoft.net\/shop\/wp-json\/wp\/v2\/product_tag?post=19855"}],"curies":[{"name":"wp","href":"https:\/\/api.w.org\/{rel}","templated":true}]}}