{"id":19846,"date":"2025-01-13T15:36:52","date_gmt":"2025-01-13T15:36:52","guid":{"rendered":"https:\/\/aivlisoft.com\/?post_type=product&#038;p=19846"},"modified":"2025-01-14T11:47:30","modified_gmt":"2025-01-14T11:47:30","slug":"tp-link-eap670-ap-wifi6-ax5400-techo-dual-1x2-5gbe","status":"publish","type":"product","link":"https:\/\/aivlisoft.net\/shop\/producto\/tp-link-eap670-ap-wifi6-ax5400-techo-dual-1x2-5gbe\/","title":{"rendered":"TP-Link EAP670 AP WiFi6 AX5400 Techo Dual 1&#215;2.5GbE"},"content":{"rendered":"<p>WiFi incre&iacute;blemente r&aacute;pido 6 velocidades: 574 Mbps simult&aacute;neos en 2,4 GHz y 4804 Mbps en 5 GHz totalizan velocidades WiFi de 5378 Mbps.<br \/>WiFi 6 de alta eficiencia: m&aacute;s dispositivos conectados pueden disfrutar de velocidades m&aacute;s r&aacute;pidas.<br \/>Gesti&oacute;n centralizada de la nube: la integraci&oacute;n de Omada SDN gestiona toda la red localmente o desde la nube a trav&eacute;s de la interfaz de usuario web o la aplicaci&oacute;n Omada.<br \/>Canal de 160 MHz: duplique los datos en los momentos de m&aacute;xima transmisi&oacute;n en un solo flujo con HE160.<br \/>Roaming continuo: las transmisiones de video y las llamadas de voz no se ven afectadas cuando los usuarios se mueven entre ubicaciones.<br \/>Omada Mesh: permite la conectividad inal&aacute;mbrica entre los puntos de acceso para un alcance extendido y una implementaci&oacute;n flexible.<br \/>Alimentado por PoE+: admite fuente de alimentaci&oacute;n 802.3at PoE+ y CC (adaptador incluido) para instalaciones flexibles.<\/p>\n<table class=\"tabla_caracteristicas\" width=\"100%\">\n<tr>\n<td valign=\"top\"><strong>Marca<\/strong><\/td>\n<td>TP-Link<\/td>\n<\/tr>\n<tr>\n<td valign=\"top\"><strong>Modelo<\/strong><\/td>\n<td><strong>EAP670<\/strong><\/td>\n<\/tr>\n<tr>\n<td valign=\"top\"><strong>Caracter&iacute;sticas<\/strong><\/td>\n<td>&#8211; Interfaz: 1 puerto de 2,5 Gigabit Ethernet (RJ-45) (compatible con IEEE802.3at PoE)<br \/>\t\t\t&#8211; Botones: Reset<br \/>\t\t\t&#8211; Fuente de Alimentaci&oacute;n:<br \/>\t\t\t&nbsp; 802.3at PoE<br \/>\t\t\t&nbsp; 12 V \/ 1.5 A DC<br \/>\t\t\t&#8211; Consumo de Potencia:<br \/>\t\t\t&nbsp; EU: 18.1 W<br \/>\t\t\t&nbsp; US: 19.8 W<br \/>\t\t\t&#8211; Dimensiones: 9.6 &times; 9.6 &times; 2.5 in (243 &times; 243 &times; 64 mm)<br \/>\t\t\t&#8211; Tipo de Antena:<br \/>\t\t\t&nbsp; Omni interno<br \/>\t\t\t&nbsp; 2,4 GHz: 2 &times; 4 dBi<br \/>\t\t\t&nbsp; 5 GHz: 4 &times; 5 dBi<br \/>\t\t\t&#8211; Montaje: Montaje en Techo\/Pared (Kits incluidos)<br \/>\t\t\t<strong>Inal&aacute;mbricas<\/strong><br \/>\t\t\t&#8211; Est&aacute;ndares Inal&aacute;mbricos: IEEE 802.11ax\/ac\/n\/g\/b\/a<br \/>\t\t\t&#8211; Frecuencia: 2,4 GHz y 5 GHz<br \/>\t\t\t&#8211; Tasa de Se&ntilde;al:<br \/>\t\t\t&nbsp; 5 GHz: hasta 4804 Mbps<br \/>\t\t\t&nbsp; 2,4 GHz: hasta 574 Mbps<br \/>\t\t\t&#8211; Funciones Inal&aacute;mbricas:<br \/>\t\t\t&nbsp; 1024-QAM<br \/>\t\t\t&nbsp; S&iacute;mbolo OFDM 4 veces m&aacute;s largo<br \/>\t\t\t&nbsp; OFDMA<br \/>\t\t\t&nbsp; M&uacute;ltiples SSID (hasta 16 SSID, 8 para cada banda)<br \/>\t\t\t&nbsp; Habilitar\/deshabilitar la radio inal&aacute;mbrica<br \/>\t\t\t&nbsp; Asignaci&oacute;n autom&aacute;tica de canales<br \/>\t\t\t&nbsp; Control de potencia de transmisi&oacute;n (Ajuste de potencia de transmisi&oacute;n en dBm)<br \/>\t\t\t&nbsp; QoS (WMM)<br \/>\t\t\t&nbsp; MU-MIMO<br \/>\t\t\t&nbsp; HE160 (ancho de banda de 160 MHz)<br \/>\t\t\t&nbsp; Roaming continuo<br \/>\t\t\t&nbsp; Malla Omada<br \/>\t\t\t&nbsp; Direcci&oacute;n de banda<br \/>\t\t\t&nbsp; Equilibrio de carga<br \/>\t\t\t&nbsp; Equidad de tiempo aire<br \/>\t\t\t&nbsp; Formaci&oacute;n de haces<br \/>\t\t\t&nbsp; L&iacute;mite de tarifa<br \/>\t\t\t&nbsp; Horario de reinicio<br \/>\t\t\t&nbsp; Horario inal&aacute;mbrico<br \/>\t\t\t&nbsp; Estad&iacute;sticas inal&aacute;mbricas basadas en SSID\/AP\/Cliente<br \/>\t\t\t&#8211; Seguridad Inal&aacute;mbrica &nbsp;&nbsp; &nbsp;<br \/>\t\t\t&nbsp; Autenticaci&oacute;n de portal cautivo<br \/>\t\t\t&nbsp; Control de acceso<br \/>\t\t\t&nbsp; Filtrado de Direcciones MAC Inal&aacute;mbricas<br \/>\t\t\t&nbsp; Aislamiento inal&aacute;mbrico entre clientes<br \/>\t\t\t&nbsp; Asignaci&oacute;n de SSID a VLAN<br \/>\t\t\t&nbsp; Detecci&oacute;n de puntos de acceso no autorizados<br \/>\t\t\t&nbsp; Compatibilidad con 802.1X<br \/>\t\t\t&nbsp; WPA-Personal\/Empresa, WPA2-Personal\/Empresa, WPA3-Personal\/Empresa<br \/>\t\t\t&#8211; Potencia de Transmisi&oacute;n &nbsp;&nbsp; &nbsp;<br \/>\t\t\t&nbsp; CE:<br \/>\t\t\t&nbsp; &lt;20 dBm (2,4 GHz, PIRE)<br \/>\t\t\t&nbsp; &lt;23 dBm (5 GHz, banda 1 y banda 2, EIRP)<br \/>\t\t\t&nbsp; &lt;30 dBm (5 GHz, banda 3, PIRE)<br \/>\t\t\t&nbsp; FCC:<br \/>\t\t\t&nbsp; &lt;25 dBm (2,4 GHz)<br \/>\t\t\t&nbsp; &lt;28 dBm (5 GHz)<\/td>\n<\/tr>\n<tr>\n<td valign=\"top\"><strong>Otras Caracter&iacute;sticas<\/strong><\/td>\n<td>&#8211; Omada App: Si<br \/>\t\t\t&#8211; Centralized Management:<br \/>\t\t\t&nbsp; Controlador de hardware Omada (OC300)<br \/>\t\t\t&nbsp; Controlador de hardware Omada (OC200)<br \/>\t\t\t&nbsp; Controlador de software Omada<br \/>\t\t\t&nbsp; Controlador basado en la nube Omada<br \/>\t\t\t&#8211; Cloud Access: S&iacute; (a trav&eacute;s de OC300, OC200, controlador de software Omada o controlador basado en la nube Omada)<br \/>\t\t\t&#8211; Alertas por Correo Electr&oacute;nico: Si<br \/>\t\t\t&#8211; LED de control ON \/ OFF: Si<br \/>\t\t\t&#8211; Control de Gesti&oacute;n de Acceso MAC: Si<br \/>\t\t\t&#8211; SNMP: v1, v2c, v3<br \/>\t\t\t&#8211; Acceso al Registro de Sistema Local\/ Registro del Sistema Remoto: Syslog local\/remoto<br \/>\t\t\t&#8211; SSH: Si<br \/>\t\t\t&#8211; Gesti&oacute;n basada en Web: HTTP\/HTTPS<br \/>\t\t\t&#8211; Gesti&oacute;n L3: Si<br \/>\t\t\t&#8211; Gesti&oacute;n Multi-sitio: Si<br \/>\t\t\t&#8211; VLAN de Gesti&oacute;n: Si<br \/>\t\t\t&#8211; Zero-Touch Provisioning: S&iacute;. Requiere el uso del controlador basado en la nube de Omada.<br \/>\t\t\t<strong>Otros<\/strong><br \/>\t\t\t&#8211; Certificaciones: CE, FCC, RoHS<br \/>\t\t\t&#8211; Requisitos del sistema: Microsoft Windows XP, Vista, Windows 7, Windows 8, Windows 10, Linux<br \/>\t\t\t&#8211; Factores Ambientales &nbsp;&nbsp; &nbsp;<br \/>\t\t\t&nbsp; Temperatura de funcionamiento: 0&ndash;40&ordm;C (32&ndash;104 ?)<br \/>\t\t\t&nbsp; Temperatura de almacenamiento: -40&ndash;70&ordm;C (-40&ndash;158)<br \/>\t\t\t&nbsp; Humedad de funcionamiento: 10&ndash;90 % de HR sin condensaci&oacute;n<br \/>\t\t\t&nbsp; Humedad de almacenamiento: 5&ndash;90 % de HR sin condensaci&oacute;n<br \/>\t\t\t<strong>Contenido del Paquete<\/strong><br \/>\t\t\t&#8211; EAP670<br \/>\t\t\t&#8211; Adaptador de corriente<br \/>\t\t\t&#8211; Kits de montaje en techo\/pared<br \/>\t\t\t&#8211; Gu&iacute;a de instalaci&oacute;n<\/td>\n<\/tr>\n<tr>\n<td valign=\"top\"><strong>Fecha de revisi&oacute;n<\/strong><\/td>\n<td>08-06-2022 por MPM<\/td>\n<\/tr>\n<\/table>\n","protected":false},"excerpt":{"rendered":"<p>WiFi incre&iacute;blemente r&aacute;pido 6 velocidades: 574 Mbps simult&aacute;neos en 2,4 GHz y 4804 Mbps en 5 GHz totalizan velocidades WiFi de 5378 Mbps.WiFi 6 de alta eficiencia: m&aacute;s dispositivos conectados pueden disfrutar de velocidades m&aacute;s r&aacute;pidas.Gesti&oacute;n centralizada de la nube: la integraci&oacute;n de Omada SDN gestiona toda la red localmente o desde la nube a&hellip;&nbsp;<a href=\"https:\/\/aivlisoft.net\/shop\/producto\/tp-link-eap670-ap-wifi6-ax5400-techo-dual-1x2-5gbe\/\" rel=\"bookmark\"><span class=\"screen-reader-text\">TP-Link EAP670 AP WiFi6 AX5400 Techo Dual 1&#215;2.5GbE<\/span><\/a><\/p>\n","protected":false},"featured_media":19847,"template":"","meta":{"neve_meta_sidebar":"","neve_meta_container":"","neve_meta_enable_content_width":"","neve_meta_content_width":0,"neve_meta_title_alignment":"","neve_meta_author_avatar":"","neve_post_elements_order":"","neve_meta_disable_header":"","neve_meta_disable_footer":"","neve_meta_disable_title":""},"product_brand":[],"product_cat":[8770],"product_tag":[7132],"class_list":{"0":"post-19846","1":"product","2":"type-product","3":"status-publish","4":"has-post-thumbnail","6":"product_cat-puntos-de-acceso","7":"product_tag-eap670","9":"first","10":"instock","11":"taxable","12":"shipping-taxable","13":"purchasable","14":"product-type-simple"},"yoast_head":"<!-- This site is optimized with the Yoast SEO plugin v26.0 - https:\/\/yoast.com\/wordpress\/plugins\/seo\/ -->\n<title>TP-Link EAP670 AP WiFi6 AX5400 Techo Dual 1x2.5GbE - Aivlisoft Inform\u00e1tica<\/title>\n<meta name=\"robots\" content=\"index, follow, max-snippet:-1, max-image-preview:large, max-video-preview:-1\" \/>\n<link rel=\"canonical\" href=\"https:\/\/aivlisoft.net\/shop\/producto\/tp-link-eap670-ap-wifi6-ax5400-techo-dual-1x2-5gbe\/\" \/>\n<meta property=\"og:locale\" content=\"es_ES\" \/>\n<meta property=\"og:type\" content=\"article\" \/>\n<meta property=\"og:title\" content=\"TP-Link EAP670 AP WiFi6 AX5400 Techo Dual 1x2.5GbE - Aivlisoft Inform\u00e1tica\" \/>\n<meta property=\"og:description\" content=\"WiFi incre&iacute;blemente r&aacute;pido 6 velocidades: 574 Mbps simult&aacute;neos en 2,4 GHz y 4804 Mbps en 5 GHz totalizan velocidades WiFi de 5378 Mbps.WiFi 6 de alta eficiencia: m&aacute;s dispositivos conectados pueden disfrutar de velocidades m&aacute;s r&aacute;pidas.Gesti&oacute;n centralizada de la nube: la integraci&oacute;n de Omada SDN gestiona toda la red localmente o desde la nube a&hellip;&nbsp;TP-Link EAP670 AP WiFi6 AX5400 Techo Dual 1&#215;2.5GbE\" \/>\n<meta property=\"og:url\" content=\"https:\/\/aivlisoft.net\/shop\/producto\/tp-link-eap670-ap-wifi6-ax5400-techo-dual-1x2-5gbe\/\" \/>\n<meta property=\"og:site_name\" content=\"Aivlisoft Inform\u00e1tica\" \/>\n<meta property=\"article:modified_time\" content=\"2025-01-14T11:47:30+00:00\" \/>\n<meta property=\"og:image\" content=\"https:\/\/aivlisoft.net\/shop\/wp-content\/uploads\/2025\/01\/NSWPAC0497_800.jpg\" \/>\n\t<meta property=\"og:image:width\" content=\"800\" \/>\n\t<meta property=\"og:image:height\" content=\"800\" \/>\n\t<meta property=\"og:image:type\" content=\"image\/jpeg\" \/>\n<meta name=\"twitter:card\" content=\"summary_large_image\" \/>\n<meta name=\"twitter:label1\" content=\"Tiempo de lectura\" \/>\n\t<meta name=\"twitter:data1\" content=\"4 minutos\" \/>\n<script type=\"application\/ld+json\" class=\"yoast-schema-graph\">{\"@context\":\"https:\/\/schema.org\",\"@graph\":[{\"@type\":\"WebPage\",\"@id\":\"https:\/\/aivlisoft.net\/shop\/producto\/tp-link-eap670-ap-wifi6-ax5400-techo-dual-1x2-5gbe\/\",\"url\":\"https:\/\/aivlisoft.net\/shop\/producto\/tp-link-eap670-ap-wifi6-ax5400-techo-dual-1x2-5gbe\/\",\"name\":\"TP-Link EAP670 AP WiFi6 AX5400 Techo Dual 1x2.5GbE - Aivlisoft Inform\u00e1tica\",\"isPartOf\":{\"@id\":\"https:\/\/aivlisoft.net\/shop\/#website\"},\"primaryImageOfPage\":{\"@id\":\"https:\/\/aivlisoft.net\/shop\/producto\/tp-link-eap670-ap-wifi6-ax5400-techo-dual-1x2-5gbe\/#primaryimage\"},\"image\":{\"@id\":\"https:\/\/aivlisoft.net\/shop\/producto\/tp-link-eap670-ap-wifi6-ax5400-techo-dual-1x2-5gbe\/#primaryimage\"},\"thumbnailUrl\":\"https:\/\/aivlisoft.net\/shop\/wp-content\/uploads\/2025\/01\/NSWPAC0497_800.jpg\",\"datePublished\":\"2025-01-13T15:36:52+00:00\",\"dateModified\":\"2025-01-14T11:47:30+00:00\",\"breadcrumb\":{\"@id\":\"https:\/\/aivlisoft.net\/shop\/producto\/tp-link-eap670-ap-wifi6-ax5400-techo-dual-1x2-5gbe\/#breadcrumb\"},\"inLanguage\":\"es\",\"potentialAction\":[{\"@type\":\"ReadAction\",\"target\":[\"https:\/\/aivlisoft.net\/shop\/producto\/tp-link-eap670-ap-wifi6-ax5400-techo-dual-1x2-5gbe\/\"]}]},{\"@type\":\"ImageObject\",\"inLanguage\":\"es\",\"@id\":\"https:\/\/aivlisoft.net\/shop\/producto\/tp-link-eap670-ap-wifi6-ax5400-techo-dual-1x2-5gbe\/#primaryimage\",\"url\":\"https:\/\/aivlisoft.net\/shop\/wp-content\/uploads\/2025\/01\/NSWPAC0497_800.jpg\",\"contentUrl\":\"https:\/\/aivlisoft.net\/shop\/wp-content\/uploads\/2025\/01\/NSWPAC0497_800.jpg\",\"width\":800,\"height\":800},{\"@type\":\"BreadcrumbList\",\"@id\":\"https:\/\/aivlisoft.net\/shop\/producto\/tp-link-eap670-ap-wifi6-ax5400-techo-dual-1x2-5gbe\/#breadcrumb\",\"itemListElement\":[{\"@type\":\"ListItem\",\"position\":1,\"name\":\"Portada\",\"item\":\"https:\/\/aivlisoft.net\/shop\/\"},{\"@type\":\"ListItem\",\"position\":2,\"name\":\"Tienda\",\"item\":\"https:\/\/aivlisoft.net\/shop\/tienda\/\"},{\"@type\":\"ListItem\",\"position\":3,\"name\":\"TP-Link EAP670 AP WiFi6 AX5400 Techo Dual 1&#215;2.5GbE\"}]},{\"@type\":\"WebSite\",\"@id\":\"https:\/\/aivlisoft.net\/shop\/#website\",\"url\":\"https:\/\/aivlisoft.net\/shop\/\",\"name\":\"Aivlisoft Inform\u00e1tica\",\"description\":\"En Aivlisoft Inform\u00e1tica ofrecemos soluciones tecnol\u00f3gicas para empresas: venta de ordenadores, consumibles, perif\u00e9ricos y m\u00e1s. Calidad, atenci\u00f3n personalizada y los mejores precios para tu negocio.\",\"publisher\":{\"@id\":\"https:\/\/aivlisoft.net\/shop\/#organization\"},\"potentialAction\":[{\"@type\":\"SearchAction\",\"target\":{\"@type\":\"EntryPoint\",\"urlTemplate\":\"https:\/\/aivlisoft.net\/shop\/?s={search_term_string}\"},\"query-input\":{\"@type\":\"PropertyValueSpecification\",\"valueRequired\":true,\"valueName\":\"search_term_string\"}}],\"inLanguage\":\"es\"},{\"@type\":\"Organization\",\"@id\":\"https:\/\/aivlisoft.net\/shop\/#organization\",\"name\":\"Aivlisoft Inform\u00e1tica\",\"url\":\"https:\/\/aivlisoft.net\/shop\/\",\"logo\":{\"@type\":\"ImageObject\",\"inLanguage\":\"es\",\"@id\":\"https:\/\/aivlisoft.net\/shop\/#\/schema\/logo\/image\/\",\"url\":\"https:\/\/aivlisoft.net\/shop\/wp-content\/uploads\/2024\/12\/removal.ai_5b848c54-0cdf-4140-95c5-c5536bb7573b-logodef.png\",\"contentUrl\":\"https:\/\/aivlisoft.net\/shop\/wp-content\/uploads\/2024\/12\/removal.ai_5b848c54-0cdf-4140-95c5-c5536bb7573b-logodef.png\",\"width\":484,\"height\":182,\"caption\":\"Aivlisoft Inform\u00e1tica\"},\"image\":{\"@id\":\"https:\/\/aivlisoft.net\/shop\/#\/schema\/logo\/image\/\"}}]}<\/script>\n<!-- \/ Yoast SEO plugin. -->","yoast_head_json":{"title":"TP-Link EAP670 AP WiFi6 AX5400 Techo Dual 1x2.5GbE - Aivlisoft Inform\u00e1tica","robots":{"index":"index","follow":"follow","max-snippet":"max-snippet:-1","max-image-preview":"max-image-preview:large","max-video-preview":"max-video-preview:-1"},"canonical":"https:\/\/aivlisoft.net\/shop\/producto\/tp-link-eap670-ap-wifi6-ax5400-techo-dual-1x2-5gbe\/","og_locale":"es_ES","og_type":"article","og_title":"TP-Link EAP670 AP WiFi6 AX5400 Techo Dual 1x2.5GbE - Aivlisoft Inform\u00e1tica","og_description":"WiFi incre&iacute;blemente r&aacute;pido 6 velocidades: 574 Mbps simult&aacute;neos en 2,4 GHz y 4804 Mbps en 5 GHz totalizan velocidades WiFi de 5378 Mbps.WiFi 6 de alta eficiencia: m&aacute;s dispositivos conectados pueden disfrutar de velocidades m&aacute;s r&aacute;pidas.Gesti&oacute;n centralizada de la nube: la integraci&oacute;n de Omada SDN gestiona toda la red localmente o desde la nube a&hellip;&nbsp;TP-Link EAP670 AP WiFi6 AX5400 Techo Dual 1&#215;2.5GbE","og_url":"https:\/\/aivlisoft.net\/shop\/producto\/tp-link-eap670-ap-wifi6-ax5400-techo-dual-1x2-5gbe\/","og_site_name":"Aivlisoft Inform\u00e1tica","article_modified_time":"2025-01-14T11:47:30+00:00","og_image":[{"width":800,"height":800,"url":"https:\/\/aivlisoft.net\/shop\/wp-content\/uploads\/2025\/01\/NSWPAC0497_800.jpg","type":"image\/jpeg"}],"twitter_card":"summary_large_image","twitter_misc":{"Tiempo de lectura":"4 minutos"},"schema":{"@context":"https:\/\/schema.org","@graph":[{"@type":"WebPage","@id":"https:\/\/aivlisoft.net\/shop\/producto\/tp-link-eap670-ap-wifi6-ax5400-techo-dual-1x2-5gbe\/","url":"https:\/\/aivlisoft.net\/shop\/producto\/tp-link-eap670-ap-wifi6-ax5400-techo-dual-1x2-5gbe\/","name":"TP-Link EAP670 AP WiFi6 AX5400 Techo Dual 1x2.5GbE - Aivlisoft Inform\u00e1tica","isPartOf":{"@id":"https:\/\/aivlisoft.net\/shop\/#website"},"primaryImageOfPage":{"@id":"https:\/\/aivlisoft.net\/shop\/producto\/tp-link-eap670-ap-wifi6-ax5400-techo-dual-1x2-5gbe\/#primaryimage"},"image":{"@id":"https:\/\/aivlisoft.net\/shop\/producto\/tp-link-eap670-ap-wifi6-ax5400-techo-dual-1x2-5gbe\/#primaryimage"},"thumbnailUrl":"https:\/\/aivlisoft.net\/shop\/wp-content\/uploads\/2025\/01\/NSWPAC0497_800.jpg","datePublished":"2025-01-13T15:36:52+00:00","dateModified":"2025-01-14T11:47:30+00:00","breadcrumb":{"@id":"https:\/\/aivlisoft.net\/shop\/producto\/tp-link-eap670-ap-wifi6-ax5400-techo-dual-1x2-5gbe\/#breadcrumb"},"inLanguage":"es","potentialAction":[{"@type":"ReadAction","target":["https:\/\/aivlisoft.net\/shop\/producto\/tp-link-eap670-ap-wifi6-ax5400-techo-dual-1x2-5gbe\/"]}]},{"@type":"ImageObject","inLanguage":"es","@id":"https:\/\/aivlisoft.net\/shop\/producto\/tp-link-eap670-ap-wifi6-ax5400-techo-dual-1x2-5gbe\/#primaryimage","url":"https:\/\/aivlisoft.net\/shop\/wp-content\/uploads\/2025\/01\/NSWPAC0497_800.jpg","contentUrl":"https:\/\/aivlisoft.net\/shop\/wp-content\/uploads\/2025\/01\/NSWPAC0497_800.jpg","width":800,"height":800},{"@type":"BreadcrumbList","@id":"https:\/\/aivlisoft.net\/shop\/producto\/tp-link-eap670-ap-wifi6-ax5400-techo-dual-1x2-5gbe\/#breadcrumb","itemListElement":[{"@type":"ListItem","position":1,"name":"Portada","item":"https:\/\/aivlisoft.net\/shop\/"},{"@type":"ListItem","position":2,"name":"Tienda","item":"https:\/\/aivlisoft.net\/shop\/tienda\/"},{"@type":"ListItem","position":3,"name":"TP-Link EAP670 AP WiFi6 AX5400 Techo Dual 1&#215;2.5GbE"}]},{"@type":"WebSite","@id":"https:\/\/aivlisoft.net\/shop\/#website","url":"https:\/\/aivlisoft.net\/shop\/","name":"Aivlisoft Inform\u00e1tica","description":"En Aivlisoft Inform\u00e1tica ofrecemos soluciones tecnol\u00f3gicas para empresas: venta de ordenadores, consumibles, perif\u00e9ricos y m\u00e1s. Calidad, atenci\u00f3n personalizada y los mejores precios para tu negocio.","publisher":{"@id":"https:\/\/aivlisoft.net\/shop\/#organization"},"potentialAction":[{"@type":"SearchAction","target":{"@type":"EntryPoint","urlTemplate":"https:\/\/aivlisoft.net\/shop\/?s={search_term_string}"},"query-input":{"@type":"PropertyValueSpecification","valueRequired":true,"valueName":"search_term_string"}}],"inLanguage":"es"},{"@type":"Organization","@id":"https:\/\/aivlisoft.net\/shop\/#organization","name":"Aivlisoft Inform\u00e1tica","url":"https:\/\/aivlisoft.net\/shop\/","logo":{"@type":"ImageObject","inLanguage":"es","@id":"https:\/\/aivlisoft.net\/shop\/#\/schema\/logo\/image\/","url":"https:\/\/aivlisoft.net\/shop\/wp-content\/uploads\/2024\/12\/removal.ai_5b848c54-0cdf-4140-95c5-c5536bb7573b-logodef.png","contentUrl":"https:\/\/aivlisoft.net\/shop\/wp-content\/uploads\/2024\/12\/removal.ai_5b848c54-0cdf-4140-95c5-c5536bb7573b-logodef.png","width":484,"height":182,"caption":"Aivlisoft Inform\u00e1tica"},"image":{"@id":"https:\/\/aivlisoft.net\/shop\/#\/schema\/logo\/image\/"}}]}},"_links":{"self":[{"href":"https:\/\/aivlisoft.net\/shop\/wp-json\/wp\/v2\/product\/19846","targetHints":{"allow":["GET"]}}],"collection":[{"href":"https:\/\/aivlisoft.net\/shop\/wp-json\/wp\/v2\/product"}],"about":[{"href":"https:\/\/aivlisoft.net\/shop\/wp-json\/wp\/v2\/types\/product"}],"wp:featuredmedia":[{"embeddable":true,"href":"https:\/\/aivlisoft.net\/shop\/wp-json\/wp\/v2\/media\/19847"}],"wp:attachment":[{"href":"https:\/\/aivlisoft.net\/shop\/wp-json\/wp\/v2\/media?parent=19846"}],"wp:term":[{"taxonomy":"product_brand","embeddable":true,"href":"https:\/\/aivlisoft.net\/shop\/wp-json\/wp\/v2\/product_brand?post=19846"},{"taxonomy":"product_cat","embeddable":true,"href":"https:\/\/aivlisoft.net\/shop\/wp-json\/wp\/v2\/product_cat?post=19846"},{"taxonomy":"product_tag","embeddable":true,"href":"https:\/\/aivlisoft.net\/shop\/wp-json\/wp\/v2\/product_tag?post=19846"}],"curies":[{"name":"wp","href":"https:\/\/api.w.org\/{rel}","templated":true}]}}