{"id":19842,"date":"2025-01-13T15:36:50","date_gmt":"2025-01-13T15:36:50","guid":{"rendered":"https:\/\/aivlisoft.com\/?post_type=product&#038;p=19842"},"modified":"2025-01-14T11:47:29","modified_gmt":"2025-01-14T11:47:29","slug":"aruba-instant-on-ap25-rw-4x4-wifi6-indoor","status":"publish","type":"product","link":"https:\/\/aivlisoft.net\/shop\/producto\/aruba-instant-on-ap25-rw-4x4-wifi6-indoor\/","title":{"rendered":"Aruba Instant On AP25 (RW) 4&#215;4 WiFi6 Indoor"},"content":{"rendered":"<p>&nbsp;<\/p>\n<table class=\"tabla_caracteristicas k-table\" width=\"100%\">\n<tr>\n<td valign=\"top\"><strong>Marca<\/strong><\/td>\n<td>HPE Aruba<\/td>\n<\/tr>\n<tr>\n<td valign=\"top\"><strong>Modelo<\/strong><\/td>\n<td><strong>R9B28A<\/strong><\/td>\n<\/tr>\n<tr>\n<td valign=\"top\"><strong>Caracter&iacute;sticas<\/strong><\/td>\n<td><strong>Antenas<\/strong><br \/>\t\t\t&#8211; Antenas omnidireccionales de inclinaci&oacute;n inferior para MIMO 2&#215;2 con ganancia de antena m&aacute;xima de 3,77 dBi a 2,4 GHz<br \/>\t\t\t&nbsp; MIMO 4&#215;4 con ganancia de antena m&aacute;xima de 4,55 dBi a 5 GHz (real, diagrama combinado para ambas antenas de cada banda).<br \/>\t\t\t<strong>Radios<\/strong><br \/>\t\t\t&#8211; Aplicaci&oacute;n m&oacute;vil Instant On (Android e iOS)<br \/>\t\t\t&#8211; Radio dual para funcionamiento de banda dual simult&aacute;nea &nbsp;<br \/>\t\t\t&#8211; MIMO 4&#215;4 de 5 GHz 802.11ax para velocidades de transmisi&oacute;n de datos inal&aacute;mbricos de hasta 4,8 Gbps, con compatibilidad de multiusuario MIMO (Wi-Fi 6)<br \/>\t\t\t&#8211; MIMO 2&#215;2 de 2,4 GHz 802.11ax para velocidades de transmisi&oacute;n de datos inal&aacute;mbricos de hasta 574 Mbps (Wi-Fi 6)<br \/>\t\t\t<strong>Interfaces<\/strong><br \/>\t\t\t&#8211; Puerto de enlace ascendente Ethernet de 2,5 Gigabits, con compatibilidad para entrada de alimentaci&oacute;n PoE (802.3at)<br \/>\t\t\t&#8211; Conector de alimentaci&oacute;n CC (12 V)<br \/>\t\t\t&#8211; Radio Bluetooth de bajo consumo (BLE, Bluetooth Low Energy)<br \/>\t\t\t&#8211; Indicadores de estado LED (2)<br \/>\t\t\t&#8211; Bot&oacute;n de control de LED\/restablecimiento, ranura de<br \/>\t\t\t&#8211; Seguridad Kensington<br \/>\t\t\t<strong>Otros<\/strong><br \/>\t\t\t&#8211; Dimensiones:200 mm x 200 mm x 45 mm, sin incluir accesorios de montaje<br \/>\t\t\t&#8211; Peso: 775 g<br \/>\t\t\t&#8211; Alimentaci&oacute;n a trav&eacute;s de Ethernet (PoE): 802.3at (clase 4)<br \/>\t\t\t&#8211; Consumo de energ&iacute;a m&aacute;ximo (peor escenario posible): 20,1 W (PoE), 15,9 W (CC)<br \/>\t\t\t&#8211; Alimentaci&oacute;n CC (12 V)<br \/>\t\t\t&#8211; Nota: Las fuentes de alimentaci&oacute;n se venden por separado, a menos que adquiera el SKU de bundle que incluye las opciones de alimentaci&oacute;n<br \/>\t\t\t&#8211; Temperatura de funcionamiento: 0 &deg;C &#8211; 40 &deg;C<br \/>\t\t\t&#8211; MTBF: 670 000 horas (76 a&ntilde;os) a +25 &deg;C<br \/>\t\t\t<strong>Certificaciones<\/strong><br \/>\t\t\t&#8211; EN 60601-1-1 y EN 60601-1-2 (para la implantaci&oacute;n en entornos m&eacute;dicos)<br \/>\t\t\t&#8211; Certificaci&oacute;n Wi-Fi Alliance (WFA) 802.11ax con (Wi-Fi 6), WPA2, WPA3<br \/>\t\t\t<strong>Montaje<\/strong><br \/>\t\t\t&#8211; El punto de acceso incluye un clip de montaje blanco que se puede instalar tanto en la pared como en el techo.<br \/>\t\t\t&#8211; Los montajes que se ajustan al dise&ntilde;o de los AP se pueden adquirir por separado<br \/>\t\t\t<strong>Contiene<\/strong><br \/>\t\t\t&#8211; Punto de acceso para interiores Aruba Instant On AP25<br \/>\t\t\t&#8211; Gu&iacute;a de inicio r&aacute;pido de Aruba Instant On AP25<br \/>\t\t\t&#8211; Clip para montaje combinado en ra&iacute;l y en techo<br \/>\t\t\t&#8211; Cable Ethernet<\/td>\n<\/tr>\n<tr>\n<td><strong>Fecha de revisi&oacute;n<\/strong><\/td>\n<td>01-06-2022 por MPM<\/td>\n<\/tr>\n<\/table>\n","protected":false},"excerpt":{"rendered":"<p>&nbsp; Marca HPE Aruba Modelo R9B28A Caracter&iacute;sticas Antenas &#8211; Antenas omnidireccionales de inclinaci&oacute;n inferior para MIMO 2&#215;2 con ganancia de antena m&aacute;xima de 3,77 dBi a 2,4 GHz &nbsp; MIMO 4&#215;4 con ganancia de antena m&aacute;xima de 4,55 dBi a 5 GHz (real, diagrama combinado para ambas antenas de cada banda). Radios &#8211; Aplicaci&oacute;n m&oacute;vil&hellip;&nbsp;<a href=\"https:\/\/aivlisoft.net\/shop\/producto\/aruba-instant-on-ap25-rw-4x4-wifi6-indoor\/\" rel=\"bookmark\"><span class=\"screen-reader-text\">Aruba Instant On AP25 (RW) 4&#215;4 WiFi6 Indoor<\/span><\/a><\/p>\n","protected":false},"featured_media":19843,"template":"","meta":{"neve_meta_sidebar":"","neve_meta_container":"","neve_meta_enable_content_width":"","neve_meta_content_width":0,"neve_meta_title_alignment":"","neve_meta_author_avatar":"","neve_post_elements_order":"","neve_meta_disable_header":"","neve_meta_disable_footer":"","neve_meta_disable_title":""},"product_brand":[],"product_cat":[8770],"product_tag":[7131],"class_list":{"0":"post-19842","1":"product","2":"type-product","3":"status-publish","4":"has-post-thumbnail","6":"product_cat-puntos-de-acceso","7":"product_tag-r9b28a","9":"first","10":"instock","11":"taxable","12":"shipping-taxable","13":"purchasable","14":"product-type-simple"},"yoast_head":"<!-- This site is optimized with the Yoast SEO plugin v26.0 - https:\/\/yoast.com\/wordpress\/plugins\/seo\/ -->\n<title>Aruba Instant On AP25 (RW) 4x4 WiFi6 Indoor - Aivlisoft Inform\u00e1tica<\/title>\n<meta name=\"robots\" content=\"index, follow, max-snippet:-1, max-image-preview:large, max-video-preview:-1\" \/>\n<link rel=\"canonical\" href=\"https:\/\/aivlisoft.net\/shop\/producto\/aruba-instant-on-ap25-rw-4x4-wifi6-indoor\/\" \/>\n<meta property=\"og:locale\" content=\"es_ES\" \/>\n<meta property=\"og:type\" content=\"article\" \/>\n<meta property=\"og:title\" content=\"Aruba Instant On AP25 (RW) 4x4 WiFi6 Indoor - Aivlisoft Inform\u00e1tica\" \/>\n<meta property=\"og:description\" content=\"&nbsp; Marca HPE Aruba Modelo R9B28A Caracter&iacute;sticas Antenas &#8211; Antenas omnidireccionales de inclinaci&oacute;n inferior para MIMO 2&#215;2 con ganancia de antena m&aacute;xima de 3,77 dBi a 2,4 GHz &nbsp; MIMO 4&#215;4 con ganancia de antena m&aacute;xima de 4,55 dBi a 5 GHz (real, diagrama combinado para ambas antenas de cada banda). Radios &#8211; Aplicaci&oacute;n m&oacute;vil&hellip;&nbsp;Aruba Instant On AP25 (RW) 4&#215;4 WiFi6 Indoor\" \/>\n<meta property=\"og:url\" content=\"https:\/\/aivlisoft.net\/shop\/producto\/aruba-instant-on-ap25-rw-4x4-wifi6-indoor\/\" \/>\n<meta property=\"og:site_name\" content=\"Aivlisoft Inform\u00e1tica\" \/>\n<meta property=\"article:modified_time\" content=\"2025-01-14T11:47:29+00:00\" \/>\n<meta property=\"og:image\" content=\"https:\/\/aivlisoft.net\/shop\/wp-content\/uploads\/2025\/01\/NSWPAC0491_800.jpg\" \/>\n\t<meta property=\"og:image:width\" content=\"800\" \/>\n\t<meta property=\"og:image:height\" content=\"800\" \/>\n\t<meta property=\"og:image:type\" content=\"image\/jpeg\" \/>\n<meta name=\"twitter:card\" content=\"summary_large_image\" \/>\n<meta name=\"twitter:label1\" content=\"Tiempo de lectura\" \/>\n\t<meta name=\"twitter:data1\" content=\"2 minutos\" \/>\n<script type=\"application\/ld+json\" class=\"yoast-schema-graph\">{\"@context\":\"https:\/\/schema.org\",\"@graph\":[{\"@type\":\"WebPage\",\"@id\":\"https:\/\/aivlisoft.net\/shop\/producto\/aruba-instant-on-ap25-rw-4x4-wifi6-indoor\/\",\"url\":\"https:\/\/aivlisoft.net\/shop\/producto\/aruba-instant-on-ap25-rw-4x4-wifi6-indoor\/\",\"name\":\"Aruba Instant On AP25 (RW) 4x4 WiFi6 Indoor - Aivlisoft Inform\u00e1tica\",\"isPartOf\":{\"@id\":\"https:\/\/aivlisoft.net\/shop\/#website\"},\"primaryImageOfPage\":{\"@id\":\"https:\/\/aivlisoft.net\/shop\/producto\/aruba-instant-on-ap25-rw-4x4-wifi6-indoor\/#primaryimage\"},\"image\":{\"@id\":\"https:\/\/aivlisoft.net\/shop\/producto\/aruba-instant-on-ap25-rw-4x4-wifi6-indoor\/#primaryimage\"},\"thumbnailUrl\":\"https:\/\/aivlisoft.net\/shop\/wp-content\/uploads\/2025\/01\/NSWPAC0491_800.jpg\",\"datePublished\":\"2025-01-13T15:36:50+00:00\",\"dateModified\":\"2025-01-14T11:47:29+00:00\",\"breadcrumb\":{\"@id\":\"https:\/\/aivlisoft.net\/shop\/producto\/aruba-instant-on-ap25-rw-4x4-wifi6-indoor\/#breadcrumb\"},\"inLanguage\":\"es\",\"potentialAction\":[{\"@type\":\"ReadAction\",\"target\":[\"https:\/\/aivlisoft.net\/shop\/producto\/aruba-instant-on-ap25-rw-4x4-wifi6-indoor\/\"]}]},{\"@type\":\"ImageObject\",\"inLanguage\":\"es\",\"@id\":\"https:\/\/aivlisoft.net\/shop\/producto\/aruba-instant-on-ap25-rw-4x4-wifi6-indoor\/#primaryimage\",\"url\":\"https:\/\/aivlisoft.net\/shop\/wp-content\/uploads\/2025\/01\/NSWPAC0491_800.jpg\",\"contentUrl\":\"https:\/\/aivlisoft.net\/shop\/wp-content\/uploads\/2025\/01\/NSWPAC0491_800.jpg\",\"width\":800,\"height\":800},{\"@type\":\"BreadcrumbList\",\"@id\":\"https:\/\/aivlisoft.net\/shop\/producto\/aruba-instant-on-ap25-rw-4x4-wifi6-indoor\/#breadcrumb\",\"itemListElement\":[{\"@type\":\"ListItem\",\"position\":1,\"name\":\"Portada\",\"item\":\"https:\/\/aivlisoft.net\/shop\/\"},{\"@type\":\"ListItem\",\"position\":2,\"name\":\"Tienda\",\"item\":\"https:\/\/aivlisoft.net\/shop\/tienda\/\"},{\"@type\":\"ListItem\",\"position\":3,\"name\":\"Aruba Instant On AP25 (RW) 4&#215;4 WiFi6 Indoor\"}]},{\"@type\":\"WebSite\",\"@id\":\"https:\/\/aivlisoft.net\/shop\/#website\",\"url\":\"https:\/\/aivlisoft.net\/shop\/\",\"name\":\"Aivlisoft Inform\u00e1tica\",\"description\":\"En Aivlisoft Inform\u00e1tica ofrecemos soluciones tecnol\u00f3gicas para empresas: venta de ordenadores, consumibles, perif\u00e9ricos y m\u00e1s. Calidad, atenci\u00f3n personalizada y los mejores precios para tu negocio.\",\"publisher\":{\"@id\":\"https:\/\/aivlisoft.net\/shop\/#organization\"},\"potentialAction\":[{\"@type\":\"SearchAction\",\"target\":{\"@type\":\"EntryPoint\",\"urlTemplate\":\"https:\/\/aivlisoft.net\/shop\/?s={search_term_string}\"},\"query-input\":{\"@type\":\"PropertyValueSpecification\",\"valueRequired\":true,\"valueName\":\"search_term_string\"}}],\"inLanguage\":\"es\"},{\"@type\":\"Organization\",\"@id\":\"https:\/\/aivlisoft.net\/shop\/#organization\",\"name\":\"Aivlisoft Inform\u00e1tica\",\"url\":\"https:\/\/aivlisoft.net\/shop\/\",\"logo\":{\"@type\":\"ImageObject\",\"inLanguage\":\"es\",\"@id\":\"https:\/\/aivlisoft.net\/shop\/#\/schema\/logo\/image\/\",\"url\":\"https:\/\/aivlisoft.net\/shop\/wp-content\/uploads\/2024\/12\/removal.ai_5b848c54-0cdf-4140-95c5-c5536bb7573b-logodef.png\",\"contentUrl\":\"https:\/\/aivlisoft.net\/shop\/wp-content\/uploads\/2024\/12\/removal.ai_5b848c54-0cdf-4140-95c5-c5536bb7573b-logodef.png\",\"width\":484,\"height\":182,\"caption\":\"Aivlisoft Inform\u00e1tica\"},\"image\":{\"@id\":\"https:\/\/aivlisoft.net\/shop\/#\/schema\/logo\/image\/\"}}]}<\/script>\n<!-- \/ Yoast SEO plugin. -->","yoast_head_json":{"title":"Aruba Instant On AP25 (RW) 4x4 WiFi6 Indoor - Aivlisoft Inform\u00e1tica","robots":{"index":"index","follow":"follow","max-snippet":"max-snippet:-1","max-image-preview":"max-image-preview:large","max-video-preview":"max-video-preview:-1"},"canonical":"https:\/\/aivlisoft.net\/shop\/producto\/aruba-instant-on-ap25-rw-4x4-wifi6-indoor\/","og_locale":"es_ES","og_type":"article","og_title":"Aruba Instant On AP25 (RW) 4x4 WiFi6 Indoor - Aivlisoft Inform\u00e1tica","og_description":"&nbsp; Marca HPE Aruba Modelo R9B28A Caracter&iacute;sticas Antenas &#8211; Antenas omnidireccionales de inclinaci&oacute;n inferior para MIMO 2&#215;2 con ganancia de antena m&aacute;xima de 3,77 dBi a 2,4 GHz &nbsp; MIMO 4&#215;4 con ganancia de antena m&aacute;xima de 4,55 dBi a 5 GHz (real, diagrama combinado para ambas antenas de cada banda). Radios &#8211; Aplicaci&oacute;n m&oacute;vil&hellip;&nbsp;Aruba Instant On AP25 (RW) 4&#215;4 WiFi6 Indoor","og_url":"https:\/\/aivlisoft.net\/shop\/producto\/aruba-instant-on-ap25-rw-4x4-wifi6-indoor\/","og_site_name":"Aivlisoft Inform\u00e1tica","article_modified_time":"2025-01-14T11:47:29+00:00","og_image":[{"width":800,"height":800,"url":"https:\/\/aivlisoft.net\/shop\/wp-content\/uploads\/2025\/01\/NSWPAC0491_800.jpg","type":"image\/jpeg"}],"twitter_card":"summary_large_image","twitter_misc":{"Tiempo de lectura":"2 minutos"},"schema":{"@context":"https:\/\/schema.org","@graph":[{"@type":"WebPage","@id":"https:\/\/aivlisoft.net\/shop\/producto\/aruba-instant-on-ap25-rw-4x4-wifi6-indoor\/","url":"https:\/\/aivlisoft.net\/shop\/producto\/aruba-instant-on-ap25-rw-4x4-wifi6-indoor\/","name":"Aruba Instant On AP25 (RW) 4x4 WiFi6 Indoor - Aivlisoft Inform\u00e1tica","isPartOf":{"@id":"https:\/\/aivlisoft.net\/shop\/#website"},"primaryImageOfPage":{"@id":"https:\/\/aivlisoft.net\/shop\/producto\/aruba-instant-on-ap25-rw-4x4-wifi6-indoor\/#primaryimage"},"image":{"@id":"https:\/\/aivlisoft.net\/shop\/producto\/aruba-instant-on-ap25-rw-4x4-wifi6-indoor\/#primaryimage"},"thumbnailUrl":"https:\/\/aivlisoft.net\/shop\/wp-content\/uploads\/2025\/01\/NSWPAC0491_800.jpg","datePublished":"2025-01-13T15:36:50+00:00","dateModified":"2025-01-14T11:47:29+00:00","breadcrumb":{"@id":"https:\/\/aivlisoft.net\/shop\/producto\/aruba-instant-on-ap25-rw-4x4-wifi6-indoor\/#breadcrumb"},"inLanguage":"es","potentialAction":[{"@type":"ReadAction","target":["https:\/\/aivlisoft.net\/shop\/producto\/aruba-instant-on-ap25-rw-4x4-wifi6-indoor\/"]}]},{"@type":"ImageObject","inLanguage":"es","@id":"https:\/\/aivlisoft.net\/shop\/producto\/aruba-instant-on-ap25-rw-4x4-wifi6-indoor\/#primaryimage","url":"https:\/\/aivlisoft.net\/shop\/wp-content\/uploads\/2025\/01\/NSWPAC0491_800.jpg","contentUrl":"https:\/\/aivlisoft.net\/shop\/wp-content\/uploads\/2025\/01\/NSWPAC0491_800.jpg","width":800,"height":800},{"@type":"BreadcrumbList","@id":"https:\/\/aivlisoft.net\/shop\/producto\/aruba-instant-on-ap25-rw-4x4-wifi6-indoor\/#breadcrumb","itemListElement":[{"@type":"ListItem","position":1,"name":"Portada","item":"https:\/\/aivlisoft.net\/shop\/"},{"@type":"ListItem","position":2,"name":"Tienda","item":"https:\/\/aivlisoft.net\/shop\/tienda\/"},{"@type":"ListItem","position":3,"name":"Aruba Instant On AP25 (RW) 4&#215;4 WiFi6 Indoor"}]},{"@type":"WebSite","@id":"https:\/\/aivlisoft.net\/shop\/#website","url":"https:\/\/aivlisoft.net\/shop\/","name":"Aivlisoft Inform\u00e1tica","description":"En Aivlisoft Inform\u00e1tica ofrecemos soluciones tecnol\u00f3gicas para empresas: venta de ordenadores, consumibles, perif\u00e9ricos y m\u00e1s. Calidad, atenci\u00f3n personalizada y los mejores precios para tu negocio.","publisher":{"@id":"https:\/\/aivlisoft.net\/shop\/#organization"},"potentialAction":[{"@type":"SearchAction","target":{"@type":"EntryPoint","urlTemplate":"https:\/\/aivlisoft.net\/shop\/?s={search_term_string}"},"query-input":{"@type":"PropertyValueSpecification","valueRequired":true,"valueName":"search_term_string"}}],"inLanguage":"es"},{"@type":"Organization","@id":"https:\/\/aivlisoft.net\/shop\/#organization","name":"Aivlisoft Inform\u00e1tica","url":"https:\/\/aivlisoft.net\/shop\/","logo":{"@type":"ImageObject","inLanguage":"es","@id":"https:\/\/aivlisoft.net\/shop\/#\/schema\/logo\/image\/","url":"https:\/\/aivlisoft.net\/shop\/wp-content\/uploads\/2024\/12\/removal.ai_5b848c54-0cdf-4140-95c5-c5536bb7573b-logodef.png","contentUrl":"https:\/\/aivlisoft.net\/shop\/wp-content\/uploads\/2024\/12\/removal.ai_5b848c54-0cdf-4140-95c5-c5536bb7573b-logodef.png","width":484,"height":182,"caption":"Aivlisoft Inform\u00e1tica"},"image":{"@id":"https:\/\/aivlisoft.net\/shop\/#\/schema\/logo\/image\/"}}]}},"_links":{"self":[{"href":"https:\/\/aivlisoft.net\/shop\/wp-json\/wp\/v2\/product\/19842","targetHints":{"allow":["GET"]}}],"collection":[{"href":"https:\/\/aivlisoft.net\/shop\/wp-json\/wp\/v2\/product"}],"about":[{"href":"https:\/\/aivlisoft.net\/shop\/wp-json\/wp\/v2\/types\/product"}],"wp:featuredmedia":[{"embeddable":true,"href":"https:\/\/aivlisoft.net\/shop\/wp-json\/wp\/v2\/media\/19843"}],"wp:attachment":[{"href":"https:\/\/aivlisoft.net\/shop\/wp-json\/wp\/v2\/media?parent=19842"}],"wp:term":[{"taxonomy":"product_brand","embeddable":true,"href":"https:\/\/aivlisoft.net\/shop\/wp-json\/wp\/v2\/product_brand?post=19842"},{"taxonomy":"product_cat","embeddable":true,"href":"https:\/\/aivlisoft.net\/shop\/wp-json\/wp\/v2\/product_cat?post=19842"},{"taxonomy":"product_tag","embeddable":true,"href":"https:\/\/aivlisoft.net\/shop\/wp-json\/wp\/v2\/product_tag?post=19842"}],"curies":[{"name":"wp","href":"https:\/\/api.w.org\/{rel}","templated":true}]}}