{"id":19838,"date":"2025-01-13T15:36:45","date_gmt":"2025-01-13T15:36:45","guid":{"rendered":"https:\/\/aivlisoft.com\/?post_type=product&#038;p=19838"},"modified":"2025-01-14T11:47:22","modified_gmt":"2025-01-14T11:47:22","slug":"aruba-instant-on-ap22-rw-2x2-wifi6-indoor","status":"publish","type":"product","link":"https:\/\/aivlisoft.net\/shop\/producto\/aruba-instant-on-ap22-rw-2x2-wifi6-indoor\/","title":{"rendered":"Aruba Instant On AP22 (RW) 2&#215;2 WiFi6 Indoor"},"content":{"rendered":"<p>&nbsp;<\/p>\n<table class=\"tabla_caracteristicas k-table\" width=\"100%\">\n<tr>\n<td valign=\"top\"><strong>Marca<\/strong><\/td>\n<td>HPE ARUBA<\/td>\n<\/tr>\n<tr>\n<td valign=\"top\"><strong>Modelo<\/strong><\/td>\n<td><strong>R4W02A<\/strong><\/td>\n<\/tr>\n<tr>\n<td valign=\"top\"><strong>Caracter&iacute;sticas<\/strong><\/td>\n<td><strong>Especificaciones f&iacute;sicas<\/strong><br \/>\t\t\t&#8211; 160 mm x 160 mm x 37 mm, sin los accesorios de montaje<br \/>\t\t\t&#8211; Peso: 500 g<br \/>\t\t\t&#8211; Montaje: El Access Point se env&iacute;a con un soporte de montaje blanco que puede colocarse tanto en la pared como en el techo.<br \/>\t\t\t&#8211; Temperatura de funcionamiento: 0&deg; C a +40&deg; C (+32&deg; F a +104&deg; F)<br \/>\t\t\t&#8211; MTBF: 795 000 horas (91 a&ntilde;os) a +25 &deg;C<br \/>\t\t\t&#8211; Gesti&oacute;n: Aplicaci&oacute;n m&oacute;vil Instant On (Android e iOS)<br \/>\t\t\t<strong>Alimentaci&oacute;n<\/strong><br \/>\t\t\t&#8211; Alimentaci&oacute;n a trav&eacute;s de Ethernet (PoE) 802.3af (clase 3)<br \/>\t\t\t&#8211; Consumo de energ&iacute;a m&aacute;ximo (en caso extremo): 10,1W (PoE), 8,8W (CC)<br \/>\t\t\t&#8211; Alimentaci&oacute;n de CC (12 V)<br \/>\t\t\t<strong>Radios<\/strong><br \/>\t\t\t&#8211; Antenas omnidireccionales de ubicaci&oacute;n vertical para MIMO 2&#215;2 con ganancias m&aacute;ximas de 4.3 dBi en 2,4 GHz y 5.6 dBi en 5 GHz<br \/>\t\t\t&nbsp; (del patr&oacute;n combinado efectivo para ambas antenasen cada banda).<br \/>\t\t\t&#8211; Radio dual para operaci&oacute;n simult&aacute;nea de doble banda MIMO 802.11ax 2&#215;2 de 5 GHz<br \/>\t\t\t&nbsp; que ofrece una velocidad de datos inal&aacute;mbrica de hasta 1.2 Gbps, con soporte MIMO multiusuario (Wi-Fi 6)<br \/>\t\t\t&#8211; MIMO 802.11ax 2&#215;2 de 2,4 GHz que ofrece una velocidad de datos inal&aacute;mbrica de hasta 574 Mbps (Wi-Fi 6)<br \/>\t\t\t<strong>Interfaces<\/strong><br \/>\t\t\t&#8211; Puerto Ethernet Gigabit de enlace ascendente, con entrada de PoE-in (802.3af)<br \/>\t\t\t&#8211; Conector de alimentaci&oacute;n CC (12 V), radio Bluetooth de bajo consumo (BLE), indicador de estado LED (2),<br \/>\t\t\t&nbsp; bot&oacute;n de restablecimiento\/LED, ranura de seguridad Kensington<br \/>\t\t\t<strong>Contiene<\/strong><br \/>\t\t\t&#8211; Access Point AP22 para interiores de Aruba Instant On<br \/>\t\t\t&#8211; Gu&iacute;a para inicio r&aacute;pido del AP22 de Aruba Instant On Soporte de montaje en riel para pared y techo<br \/>\t\t\t&#8211; Cable Ethernet<\/td>\n<\/tr>\n<tr>\n<td><strong>Fecha de revisi&oacute;n<\/strong><\/td>\n<td>31-05-2022 por MPM<\/td>\n<\/tr>\n<\/table>\n","protected":false},"excerpt":{"rendered":"<p>&nbsp; Marca HPE ARUBA Modelo R4W02A Caracter&iacute;sticas Especificaciones f&iacute;sicas &#8211; 160 mm x 160 mm x 37 mm, sin los accesorios de montaje &#8211; Peso: 500 g &#8211; Montaje: El Access Point se env&iacute;a con un soporte de montaje blanco que puede colocarse tanto en la pared como en el techo. &#8211; Temperatura de funcionamiento:&hellip;&nbsp;<a href=\"https:\/\/aivlisoft.net\/shop\/producto\/aruba-instant-on-ap22-rw-2x2-wifi6-indoor\/\" rel=\"bookmark\"><span class=\"screen-reader-text\">Aruba Instant On AP22 (RW) 2&#215;2 WiFi6 Indoor<\/span><\/a><\/p>\n","protected":false},"featured_media":19839,"template":"","meta":{"neve_meta_sidebar":"","neve_meta_container":"","neve_meta_enable_content_width":"","neve_meta_content_width":0,"neve_meta_title_alignment":"","neve_meta_author_avatar":"","neve_post_elements_order":"","neve_meta_disable_header":"","neve_meta_disable_footer":"","neve_meta_disable_title":""},"product_brand":[],"product_cat":[8770],"product_tag":[7130],"class_list":{"0":"post-19838","1":"product","2":"type-product","3":"status-publish","4":"has-post-thumbnail","6":"product_cat-puntos-de-acceso","7":"product_tag-r4w02a","9":"first","10":"instock","11":"taxable","12":"shipping-taxable","13":"purchasable","14":"product-type-simple"},"yoast_head":"<!-- This site is optimized with the Yoast SEO plugin v26.0 - https:\/\/yoast.com\/wordpress\/plugins\/seo\/ -->\n<title>Aruba Instant On AP22 (RW) 2x2 WiFi6 Indoor - Aivlisoft Inform\u00e1tica<\/title>\n<meta name=\"robots\" content=\"index, follow, max-snippet:-1, max-image-preview:large, max-video-preview:-1\" \/>\n<link rel=\"canonical\" href=\"https:\/\/aivlisoft.net\/shop\/producto\/aruba-instant-on-ap22-rw-2x2-wifi6-indoor\/\" \/>\n<meta property=\"og:locale\" content=\"es_ES\" \/>\n<meta property=\"og:type\" content=\"article\" \/>\n<meta property=\"og:title\" content=\"Aruba Instant On AP22 (RW) 2x2 WiFi6 Indoor - Aivlisoft Inform\u00e1tica\" \/>\n<meta property=\"og:description\" content=\"&nbsp; Marca HPE ARUBA Modelo R4W02A Caracter&iacute;sticas Especificaciones f&iacute;sicas &#8211; 160 mm x 160 mm x 37 mm, sin los accesorios de montaje &#8211; Peso: 500 g &#8211; Montaje: El Access Point se env&iacute;a con un soporte de montaje blanco que puede colocarse tanto en la pared como en el techo. &#8211; Temperatura de funcionamiento:&hellip;&nbsp;Aruba Instant On AP22 (RW) 2&#215;2 WiFi6 Indoor\" \/>\n<meta property=\"og:url\" content=\"https:\/\/aivlisoft.net\/shop\/producto\/aruba-instant-on-ap22-rw-2x2-wifi6-indoor\/\" \/>\n<meta property=\"og:site_name\" content=\"Aivlisoft Inform\u00e1tica\" \/>\n<meta property=\"article:modified_time\" content=\"2025-01-14T11:47:22+00:00\" \/>\n<meta property=\"og:image\" content=\"https:\/\/aivlisoft.net\/shop\/wp-content\/uploads\/2025\/01\/NSWPAC0490_800.jpg\" \/>\n\t<meta property=\"og:image:width\" content=\"800\" \/>\n\t<meta property=\"og:image:height\" content=\"800\" \/>\n\t<meta property=\"og:image:type\" content=\"image\/jpeg\" \/>\n<meta name=\"twitter:card\" content=\"summary_large_image\" \/>\n<meta name=\"twitter:label1\" content=\"Tiempo de lectura\" \/>\n\t<meta name=\"twitter:data1\" content=\"2 minutos\" \/>\n<script type=\"application\/ld+json\" class=\"yoast-schema-graph\">{\"@context\":\"https:\/\/schema.org\",\"@graph\":[{\"@type\":\"WebPage\",\"@id\":\"https:\/\/aivlisoft.net\/shop\/producto\/aruba-instant-on-ap22-rw-2x2-wifi6-indoor\/\",\"url\":\"https:\/\/aivlisoft.net\/shop\/producto\/aruba-instant-on-ap22-rw-2x2-wifi6-indoor\/\",\"name\":\"Aruba Instant On AP22 (RW) 2x2 WiFi6 Indoor - Aivlisoft Inform\u00e1tica\",\"isPartOf\":{\"@id\":\"https:\/\/aivlisoft.net\/shop\/#website\"},\"primaryImageOfPage\":{\"@id\":\"https:\/\/aivlisoft.net\/shop\/producto\/aruba-instant-on-ap22-rw-2x2-wifi6-indoor\/#primaryimage\"},\"image\":{\"@id\":\"https:\/\/aivlisoft.net\/shop\/producto\/aruba-instant-on-ap22-rw-2x2-wifi6-indoor\/#primaryimage\"},\"thumbnailUrl\":\"https:\/\/aivlisoft.net\/shop\/wp-content\/uploads\/2025\/01\/NSWPAC0490_800.jpg\",\"datePublished\":\"2025-01-13T15:36:45+00:00\",\"dateModified\":\"2025-01-14T11:47:22+00:00\",\"breadcrumb\":{\"@id\":\"https:\/\/aivlisoft.net\/shop\/producto\/aruba-instant-on-ap22-rw-2x2-wifi6-indoor\/#breadcrumb\"},\"inLanguage\":\"es\",\"potentialAction\":[{\"@type\":\"ReadAction\",\"target\":[\"https:\/\/aivlisoft.net\/shop\/producto\/aruba-instant-on-ap22-rw-2x2-wifi6-indoor\/\"]}]},{\"@type\":\"ImageObject\",\"inLanguage\":\"es\",\"@id\":\"https:\/\/aivlisoft.net\/shop\/producto\/aruba-instant-on-ap22-rw-2x2-wifi6-indoor\/#primaryimage\",\"url\":\"https:\/\/aivlisoft.net\/shop\/wp-content\/uploads\/2025\/01\/NSWPAC0490_800.jpg\",\"contentUrl\":\"https:\/\/aivlisoft.net\/shop\/wp-content\/uploads\/2025\/01\/NSWPAC0490_800.jpg\",\"width\":800,\"height\":800},{\"@type\":\"BreadcrumbList\",\"@id\":\"https:\/\/aivlisoft.net\/shop\/producto\/aruba-instant-on-ap22-rw-2x2-wifi6-indoor\/#breadcrumb\",\"itemListElement\":[{\"@type\":\"ListItem\",\"position\":1,\"name\":\"Portada\",\"item\":\"https:\/\/aivlisoft.net\/shop\/\"},{\"@type\":\"ListItem\",\"position\":2,\"name\":\"Tienda\",\"item\":\"https:\/\/aivlisoft.net\/shop\/tienda\/\"},{\"@type\":\"ListItem\",\"position\":3,\"name\":\"Aruba Instant On AP22 (RW) 2&#215;2 WiFi6 Indoor\"}]},{\"@type\":\"WebSite\",\"@id\":\"https:\/\/aivlisoft.net\/shop\/#website\",\"url\":\"https:\/\/aivlisoft.net\/shop\/\",\"name\":\"Aivlisoft Inform\u00e1tica\",\"description\":\"En Aivlisoft Inform\u00e1tica ofrecemos soluciones tecnol\u00f3gicas para empresas: venta de ordenadores, consumibles, perif\u00e9ricos y m\u00e1s. Calidad, atenci\u00f3n personalizada y los mejores precios para tu negocio.\",\"publisher\":{\"@id\":\"https:\/\/aivlisoft.net\/shop\/#organization\"},\"potentialAction\":[{\"@type\":\"SearchAction\",\"target\":{\"@type\":\"EntryPoint\",\"urlTemplate\":\"https:\/\/aivlisoft.net\/shop\/?s={search_term_string}\"},\"query-input\":{\"@type\":\"PropertyValueSpecification\",\"valueRequired\":true,\"valueName\":\"search_term_string\"}}],\"inLanguage\":\"es\"},{\"@type\":\"Organization\",\"@id\":\"https:\/\/aivlisoft.net\/shop\/#organization\",\"name\":\"Aivlisoft Inform\u00e1tica\",\"url\":\"https:\/\/aivlisoft.net\/shop\/\",\"logo\":{\"@type\":\"ImageObject\",\"inLanguage\":\"es\",\"@id\":\"https:\/\/aivlisoft.net\/shop\/#\/schema\/logo\/image\/\",\"url\":\"https:\/\/aivlisoft.net\/shop\/wp-content\/uploads\/2024\/12\/removal.ai_5b848c54-0cdf-4140-95c5-c5536bb7573b-logodef.png\",\"contentUrl\":\"https:\/\/aivlisoft.net\/shop\/wp-content\/uploads\/2024\/12\/removal.ai_5b848c54-0cdf-4140-95c5-c5536bb7573b-logodef.png\",\"width\":484,\"height\":182,\"caption\":\"Aivlisoft Inform\u00e1tica\"},\"image\":{\"@id\":\"https:\/\/aivlisoft.net\/shop\/#\/schema\/logo\/image\/\"}}]}<\/script>\n<!-- \/ Yoast SEO plugin. -->","yoast_head_json":{"title":"Aruba Instant On AP22 (RW) 2x2 WiFi6 Indoor - Aivlisoft Inform\u00e1tica","robots":{"index":"index","follow":"follow","max-snippet":"max-snippet:-1","max-image-preview":"max-image-preview:large","max-video-preview":"max-video-preview:-1"},"canonical":"https:\/\/aivlisoft.net\/shop\/producto\/aruba-instant-on-ap22-rw-2x2-wifi6-indoor\/","og_locale":"es_ES","og_type":"article","og_title":"Aruba Instant On AP22 (RW) 2x2 WiFi6 Indoor - Aivlisoft Inform\u00e1tica","og_description":"&nbsp; Marca HPE ARUBA Modelo R4W02A Caracter&iacute;sticas Especificaciones f&iacute;sicas &#8211; 160 mm x 160 mm x 37 mm, sin los accesorios de montaje &#8211; Peso: 500 g &#8211; Montaje: El Access Point se env&iacute;a con un soporte de montaje blanco que puede colocarse tanto en la pared como en el techo. &#8211; Temperatura de funcionamiento:&hellip;&nbsp;Aruba Instant On AP22 (RW) 2&#215;2 WiFi6 Indoor","og_url":"https:\/\/aivlisoft.net\/shop\/producto\/aruba-instant-on-ap22-rw-2x2-wifi6-indoor\/","og_site_name":"Aivlisoft Inform\u00e1tica","article_modified_time":"2025-01-14T11:47:22+00:00","og_image":[{"width":800,"height":800,"url":"https:\/\/aivlisoft.net\/shop\/wp-content\/uploads\/2025\/01\/NSWPAC0490_800.jpg","type":"image\/jpeg"}],"twitter_card":"summary_large_image","twitter_misc":{"Tiempo de lectura":"2 minutos"},"schema":{"@context":"https:\/\/schema.org","@graph":[{"@type":"WebPage","@id":"https:\/\/aivlisoft.net\/shop\/producto\/aruba-instant-on-ap22-rw-2x2-wifi6-indoor\/","url":"https:\/\/aivlisoft.net\/shop\/producto\/aruba-instant-on-ap22-rw-2x2-wifi6-indoor\/","name":"Aruba Instant On AP22 (RW) 2x2 WiFi6 Indoor - Aivlisoft Inform\u00e1tica","isPartOf":{"@id":"https:\/\/aivlisoft.net\/shop\/#website"},"primaryImageOfPage":{"@id":"https:\/\/aivlisoft.net\/shop\/producto\/aruba-instant-on-ap22-rw-2x2-wifi6-indoor\/#primaryimage"},"image":{"@id":"https:\/\/aivlisoft.net\/shop\/producto\/aruba-instant-on-ap22-rw-2x2-wifi6-indoor\/#primaryimage"},"thumbnailUrl":"https:\/\/aivlisoft.net\/shop\/wp-content\/uploads\/2025\/01\/NSWPAC0490_800.jpg","datePublished":"2025-01-13T15:36:45+00:00","dateModified":"2025-01-14T11:47:22+00:00","breadcrumb":{"@id":"https:\/\/aivlisoft.net\/shop\/producto\/aruba-instant-on-ap22-rw-2x2-wifi6-indoor\/#breadcrumb"},"inLanguage":"es","potentialAction":[{"@type":"ReadAction","target":["https:\/\/aivlisoft.net\/shop\/producto\/aruba-instant-on-ap22-rw-2x2-wifi6-indoor\/"]}]},{"@type":"ImageObject","inLanguage":"es","@id":"https:\/\/aivlisoft.net\/shop\/producto\/aruba-instant-on-ap22-rw-2x2-wifi6-indoor\/#primaryimage","url":"https:\/\/aivlisoft.net\/shop\/wp-content\/uploads\/2025\/01\/NSWPAC0490_800.jpg","contentUrl":"https:\/\/aivlisoft.net\/shop\/wp-content\/uploads\/2025\/01\/NSWPAC0490_800.jpg","width":800,"height":800},{"@type":"BreadcrumbList","@id":"https:\/\/aivlisoft.net\/shop\/producto\/aruba-instant-on-ap22-rw-2x2-wifi6-indoor\/#breadcrumb","itemListElement":[{"@type":"ListItem","position":1,"name":"Portada","item":"https:\/\/aivlisoft.net\/shop\/"},{"@type":"ListItem","position":2,"name":"Tienda","item":"https:\/\/aivlisoft.net\/shop\/tienda\/"},{"@type":"ListItem","position":3,"name":"Aruba Instant On AP22 (RW) 2&#215;2 WiFi6 Indoor"}]},{"@type":"WebSite","@id":"https:\/\/aivlisoft.net\/shop\/#website","url":"https:\/\/aivlisoft.net\/shop\/","name":"Aivlisoft Inform\u00e1tica","description":"En Aivlisoft Inform\u00e1tica ofrecemos soluciones tecnol\u00f3gicas para empresas: venta de ordenadores, consumibles, perif\u00e9ricos y m\u00e1s. Calidad, atenci\u00f3n personalizada y los mejores precios para tu negocio.","publisher":{"@id":"https:\/\/aivlisoft.net\/shop\/#organization"},"potentialAction":[{"@type":"SearchAction","target":{"@type":"EntryPoint","urlTemplate":"https:\/\/aivlisoft.net\/shop\/?s={search_term_string}"},"query-input":{"@type":"PropertyValueSpecification","valueRequired":true,"valueName":"search_term_string"}}],"inLanguage":"es"},{"@type":"Organization","@id":"https:\/\/aivlisoft.net\/shop\/#organization","name":"Aivlisoft Inform\u00e1tica","url":"https:\/\/aivlisoft.net\/shop\/","logo":{"@type":"ImageObject","inLanguage":"es","@id":"https:\/\/aivlisoft.net\/shop\/#\/schema\/logo\/image\/","url":"https:\/\/aivlisoft.net\/shop\/wp-content\/uploads\/2024\/12\/removal.ai_5b848c54-0cdf-4140-95c5-c5536bb7573b-logodef.png","contentUrl":"https:\/\/aivlisoft.net\/shop\/wp-content\/uploads\/2024\/12\/removal.ai_5b848c54-0cdf-4140-95c5-c5536bb7573b-logodef.png","width":484,"height":182,"caption":"Aivlisoft Inform\u00e1tica"},"image":{"@id":"https:\/\/aivlisoft.net\/shop\/#\/schema\/logo\/image\/"}}]}},"_links":{"self":[{"href":"https:\/\/aivlisoft.net\/shop\/wp-json\/wp\/v2\/product\/19838","targetHints":{"allow":["GET"]}}],"collection":[{"href":"https:\/\/aivlisoft.net\/shop\/wp-json\/wp\/v2\/product"}],"about":[{"href":"https:\/\/aivlisoft.net\/shop\/wp-json\/wp\/v2\/types\/product"}],"wp:featuredmedia":[{"embeddable":true,"href":"https:\/\/aivlisoft.net\/shop\/wp-json\/wp\/v2\/media\/19839"}],"wp:attachment":[{"href":"https:\/\/aivlisoft.net\/shop\/wp-json\/wp\/v2\/media?parent=19838"}],"wp:term":[{"taxonomy":"product_brand","embeddable":true,"href":"https:\/\/aivlisoft.net\/shop\/wp-json\/wp\/v2\/product_brand?post=19838"},{"taxonomy":"product_cat","embeddable":true,"href":"https:\/\/aivlisoft.net\/shop\/wp-json\/wp\/v2\/product_cat?post=19838"},{"taxonomy":"product_tag","embeddable":true,"href":"https:\/\/aivlisoft.net\/shop\/wp-json\/wp\/v2\/product_tag?post=19838"}],"curies":[{"name":"wp","href":"https:\/\/api.w.org\/{rel}","templated":true}]}}