{"id":19819,"date":"2025-01-13T15:36:34","date_gmt":"2025-01-13T15:36:34","guid":{"rendered":"https:\/\/aivlisoft.com\/?post_type=product&#038;p=19819"},"modified":"2025-01-14T11:47:17","modified_gmt":"2025-01-14T11:47:17","slug":"fritzdect-repeater-100-extensor-repetidor","status":"publish","type":"product","link":"https:\/\/aivlisoft.net\/shop\/producto\/fritzdect-repeater-100-extensor-repetidor\/","title":{"rendered":"Fritz!DECT Repeater 100 Extensor Repetidor"},"content":{"rendered":"<p><\/p>\n<table class=\"tabla_caracteristicas\" width=\"100%\">\n<tr>\n<td valign=\"top\"><strong>Marca<\/strong><\/td>\n<td>FRITZ!<\/td>\n<\/tr>\n<tr>\n<td valign=\"top\"><strong>Modelo<\/strong><\/td>\n<td><strong>20002641<\/strong><\/td>\n<\/tr>\n<tr>\n<td valign=\"top\"><strong>Caracter&iacute;sticas<\/strong><\/td>\n<td>&#8211; Ampl&iacute;a el &aacute;rea de recepci&oacute;n y emisi&oacute;n de los tel&eacute;fonos inal&aacute;mbricos y servicios DECT.<br \/>\t\t\t&#8211; En combinaci&oacute;n con un FRITZ!Box como base, conversaciones telef&oacute;nicas seguras y cifradas.<br \/>\t\t\t&#8211; Posibilidad de establecer hasta tres conversaciones simult&aacute;neas.<br \/>\t\t\t&#8211; Permite el traspaso autom&aacute;tico de llamadas a trav&eacute;s de DECT, de tal manera que durante una llamada se pueda alternar entre la base y el repetidor sin que haya interrupciones.<br \/>\t\t\t&#8211; Funci&oacute;n de repetidor tambi&eacute;n para telefon&iacute;a HD, radio por Internet y contenido RSS con el FRITZ!Box como base.<br \/>\t\t\t&#8211; Sensor de temperatura.<br \/>\t\t\t&#8211; Registro de la variaci&oacute;n de temperatura en las &uacute;ltimas 24 h.<br \/>\t\t\t&#8211; Sensor de temperatura integrado.<br \/>\t\t\t&#8211; Posibilidad de ampliar con otros FRITZ!DECT Repeater el alcance en cualquier direcci&oacute;n.<br \/>\t\t\t&#8211; Compatible con estaciones base DECT con el est&aacute;ndar GAP (funciones b&aacute;sicas) y con la funci&oacute;n de repetidor activa.<br \/>\t\t\t&#8211; Ampl&iacute;a la gama para dispositivos dom&eacute;sticos inteligentes compatibles con el est&aacute;ndar &ldquo;DECT-ULE&rdquo; (a parti del FRITZ!OS 6.50; el protocolo &ldquo;HAN FUN&rdquo; no es soportado)<br \/>\t\t\t&#8211; Toma de corriente integrada: no se pierde ninguna toma.<br \/>\t\t\t&#8211; Puesta en funcionamiento r&aacute;pida: tan f&aacute;cil como encender y presionar el bot&oacute;n DECT del FRITZ!Box.<br \/>\t\t\t&#8211; El monitor DECT del FRITZ!Box mostrar&aacute; informaci&oacute;n acerca del estado de funcionamiento del repetidor.<br \/>\t\t\t&#8211; Bot&oacute;n DECT: para encender y apagar el repetidor desde la base.<br \/>\t\t\t&#8211; Bot&oacute;n de estado: para encender o apagar los indicadores led en el repetidor.<br \/>\t\t\t&#8211; Actualizaciones autom&aacute;ticas del software a trav&eacute;s del FRITZ!Box.<\/td>\n<\/tr>\n<tr>\n<td valign=\"top\"><strong>Conexiones<\/strong><\/td>\n<td>&#8211; Conexi&oacute;n a la corriente el&eacute;ctrica de 230 voltios, 50 Hz en una toma de tipo F (Schuko, CEE 7\/4).<br \/>\t\t\t&#8211; Est&aacute;ndar DECT<br \/>\t\t\t&#8211; Para los dispositivos conectados hasta 2.300 vatios\/10 A.<\/td>\n<\/tr>\n<tr>\n<td valign=\"top\"><strong>Otras Caracter&iacute;sticas<\/strong><\/td>\n<td><strong>Requerimientos del sistema<\/strong><br \/>\t\t\t&#8211; Una toma de corriente de 230 voltios.<br \/>\t\t\t&#8211; FRITZ!Box con base DECT y FRITZ!OS 5.50 (o superior) u otra base DECT con funci&oacute;n de repetidor (GAP).<br \/>\t\t\t<strong>Contenido<\/strong><br \/>\t\t\t&#8211; FRITZ!DECT Repeater 100.<br \/>\t\t\t&#8211; Gu&iacute;a r&aacute;pida de instalaci&oacute;n.<\/td>\n<\/tr>\n<tr>\n<td valign=\"top\"><strong>Fecha de revisi&oacute;n<\/strong><\/td>\n<td>08-04-2022 por MPM<\/td>\n<\/tr>\n<\/table>\n","protected":false},"excerpt":{"rendered":"<p>Marca FRITZ! Modelo 20002641 Caracter&iacute;sticas &#8211; Ampl&iacute;a el &aacute;rea de recepci&oacute;n y emisi&oacute;n de los tel&eacute;fonos inal&aacute;mbricos y servicios DECT. &#8211; En combinaci&oacute;n con un FRITZ!Box como base, conversaciones telef&oacute;nicas seguras y cifradas. &#8211; Posibilidad de establecer hasta tres conversaciones simult&aacute;neas. &#8211; Permite el traspaso autom&aacute;tico de llamadas a trav&eacute;s de DECT, de tal manera&hellip;&nbsp;<a href=\"https:\/\/aivlisoft.net\/shop\/producto\/fritzdect-repeater-100-extensor-repetidor\/\" rel=\"bookmark\"><span class=\"screen-reader-text\">Fritz!DECT Repeater 100 Extensor Repetidor<\/span><\/a><\/p>\n","protected":false},"featured_media":19820,"template":"","meta":{"neve_meta_sidebar":"","neve_meta_container":"","neve_meta_enable_content_width":"","neve_meta_content_width":0,"neve_meta_title_alignment":"","neve_meta_author_avatar":"","neve_post_elements_order":"","neve_meta_disable_header":"","neve_meta_disable_footer":"","neve_meta_disable_title":""},"product_brand":[],"product_cat":[8770],"product_tag":[7125],"class_list":{"0":"post-19819","1":"product","2":"type-product","3":"status-publish","4":"has-post-thumbnail","6":"product_cat-puntos-de-acceso","7":"product_tag-7125","9":"first","10":"instock","11":"taxable","12":"shipping-taxable","13":"purchasable","14":"product-type-simple"},"yoast_head":"<!-- This site is optimized with the Yoast SEO plugin v26.0 - https:\/\/yoast.com\/wordpress\/plugins\/seo\/ -->\n<title>Fritz!DECT Repeater 100 Extensor Repetidor - Aivlisoft Inform\u00e1tica<\/title>\n<meta name=\"robots\" content=\"index, follow, max-snippet:-1, max-image-preview:large, max-video-preview:-1\" \/>\n<link rel=\"canonical\" href=\"https:\/\/aivlisoft.net\/shop\/producto\/fritzdect-repeater-100-extensor-repetidor\/\" \/>\n<meta property=\"og:locale\" content=\"es_ES\" \/>\n<meta property=\"og:type\" content=\"article\" \/>\n<meta property=\"og:title\" content=\"Fritz!DECT Repeater 100 Extensor Repetidor - Aivlisoft Inform\u00e1tica\" \/>\n<meta property=\"og:description\" content=\"Marca FRITZ! Modelo 20002641 Caracter&iacute;sticas &#8211; Ampl&iacute;a el &aacute;rea de recepci&oacute;n y emisi&oacute;n de los tel&eacute;fonos inal&aacute;mbricos y servicios DECT. &#8211; En combinaci&oacute;n con un FRITZ!Box como base, conversaciones telef&oacute;nicas seguras y cifradas. &#8211; Posibilidad de establecer hasta tres conversaciones simult&aacute;neas. &#8211; Permite el traspaso autom&aacute;tico de llamadas a trav&eacute;s de DECT, de tal manera&hellip;&nbsp;Fritz!DECT Repeater 100 Extensor Repetidor\" \/>\n<meta property=\"og:url\" content=\"https:\/\/aivlisoft.net\/shop\/producto\/fritzdect-repeater-100-extensor-repetidor\/\" \/>\n<meta property=\"og:site_name\" content=\"Aivlisoft Inform\u00e1tica\" \/>\n<meta property=\"article:modified_time\" content=\"2025-01-14T11:47:17+00:00\" \/>\n<meta property=\"og:image\" content=\"https:\/\/aivlisoft.net\/shop\/wp-content\/uploads\/2025\/01\/NSWPAC0481_800.jpg\" \/>\n\t<meta property=\"og:image:width\" content=\"800\" \/>\n\t<meta property=\"og:image:height\" content=\"800\" \/>\n\t<meta property=\"og:image:type\" content=\"image\/jpeg\" \/>\n<meta name=\"twitter:card\" content=\"summary_large_image\" \/>\n<meta name=\"twitter:label1\" content=\"Tiempo de lectura\" \/>\n\t<meta name=\"twitter:data1\" content=\"2 minutos\" \/>\n<script type=\"application\/ld+json\" class=\"yoast-schema-graph\">{\"@context\":\"https:\/\/schema.org\",\"@graph\":[{\"@type\":\"WebPage\",\"@id\":\"https:\/\/aivlisoft.net\/shop\/producto\/fritzdect-repeater-100-extensor-repetidor\/\",\"url\":\"https:\/\/aivlisoft.net\/shop\/producto\/fritzdect-repeater-100-extensor-repetidor\/\",\"name\":\"Fritz!DECT Repeater 100 Extensor Repetidor - Aivlisoft Inform\u00e1tica\",\"isPartOf\":{\"@id\":\"https:\/\/aivlisoft.net\/shop\/#website\"},\"primaryImageOfPage\":{\"@id\":\"https:\/\/aivlisoft.net\/shop\/producto\/fritzdect-repeater-100-extensor-repetidor\/#primaryimage\"},\"image\":{\"@id\":\"https:\/\/aivlisoft.net\/shop\/producto\/fritzdect-repeater-100-extensor-repetidor\/#primaryimage\"},\"thumbnailUrl\":\"https:\/\/aivlisoft.net\/shop\/wp-content\/uploads\/2025\/01\/NSWPAC0481_800.jpg\",\"datePublished\":\"2025-01-13T15:36:34+00:00\",\"dateModified\":\"2025-01-14T11:47:17+00:00\",\"breadcrumb\":{\"@id\":\"https:\/\/aivlisoft.net\/shop\/producto\/fritzdect-repeater-100-extensor-repetidor\/#breadcrumb\"},\"inLanguage\":\"es\",\"potentialAction\":[{\"@type\":\"ReadAction\",\"target\":[\"https:\/\/aivlisoft.net\/shop\/producto\/fritzdect-repeater-100-extensor-repetidor\/\"]}]},{\"@type\":\"ImageObject\",\"inLanguage\":\"es\",\"@id\":\"https:\/\/aivlisoft.net\/shop\/producto\/fritzdect-repeater-100-extensor-repetidor\/#primaryimage\",\"url\":\"https:\/\/aivlisoft.net\/shop\/wp-content\/uploads\/2025\/01\/NSWPAC0481_800.jpg\",\"contentUrl\":\"https:\/\/aivlisoft.net\/shop\/wp-content\/uploads\/2025\/01\/NSWPAC0481_800.jpg\",\"width\":800,\"height\":800},{\"@type\":\"BreadcrumbList\",\"@id\":\"https:\/\/aivlisoft.net\/shop\/producto\/fritzdect-repeater-100-extensor-repetidor\/#breadcrumb\",\"itemListElement\":[{\"@type\":\"ListItem\",\"position\":1,\"name\":\"Portada\",\"item\":\"https:\/\/aivlisoft.net\/shop\/\"},{\"@type\":\"ListItem\",\"position\":2,\"name\":\"Tienda\",\"item\":\"https:\/\/aivlisoft.net\/shop\/tienda\/\"},{\"@type\":\"ListItem\",\"position\":3,\"name\":\"Fritz!DECT Repeater 100 Extensor Repetidor\"}]},{\"@type\":\"WebSite\",\"@id\":\"https:\/\/aivlisoft.net\/shop\/#website\",\"url\":\"https:\/\/aivlisoft.net\/shop\/\",\"name\":\"Aivlisoft Inform\u00e1tica\",\"description\":\"En Aivlisoft Inform\u00e1tica ofrecemos soluciones tecnol\u00f3gicas para empresas: venta de ordenadores, consumibles, perif\u00e9ricos y m\u00e1s. Calidad, atenci\u00f3n personalizada y los mejores precios para tu negocio.\",\"publisher\":{\"@id\":\"https:\/\/aivlisoft.net\/shop\/#organization\"},\"potentialAction\":[{\"@type\":\"SearchAction\",\"target\":{\"@type\":\"EntryPoint\",\"urlTemplate\":\"https:\/\/aivlisoft.net\/shop\/?s={search_term_string}\"},\"query-input\":{\"@type\":\"PropertyValueSpecification\",\"valueRequired\":true,\"valueName\":\"search_term_string\"}}],\"inLanguage\":\"es\"},{\"@type\":\"Organization\",\"@id\":\"https:\/\/aivlisoft.net\/shop\/#organization\",\"name\":\"Aivlisoft Inform\u00e1tica\",\"url\":\"https:\/\/aivlisoft.net\/shop\/\",\"logo\":{\"@type\":\"ImageObject\",\"inLanguage\":\"es\",\"@id\":\"https:\/\/aivlisoft.net\/shop\/#\/schema\/logo\/image\/\",\"url\":\"https:\/\/aivlisoft.net\/shop\/wp-content\/uploads\/2024\/12\/removal.ai_5b848c54-0cdf-4140-95c5-c5536bb7573b-logodef.png\",\"contentUrl\":\"https:\/\/aivlisoft.net\/shop\/wp-content\/uploads\/2024\/12\/removal.ai_5b848c54-0cdf-4140-95c5-c5536bb7573b-logodef.png\",\"width\":484,\"height\":182,\"caption\":\"Aivlisoft Inform\u00e1tica\"},\"image\":{\"@id\":\"https:\/\/aivlisoft.net\/shop\/#\/schema\/logo\/image\/\"}}]}<\/script>\n<!-- \/ Yoast SEO plugin. -->","yoast_head_json":{"title":"Fritz!DECT Repeater 100 Extensor Repetidor - Aivlisoft Inform\u00e1tica","robots":{"index":"index","follow":"follow","max-snippet":"max-snippet:-1","max-image-preview":"max-image-preview:large","max-video-preview":"max-video-preview:-1"},"canonical":"https:\/\/aivlisoft.net\/shop\/producto\/fritzdect-repeater-100-extensor-repetidor\/","og_locale":"es_ES","og_type":"article","og_title":"Fritz!DECT Repeater 100 Extensor Repetidor - Aivlisoft Inform\u00e1tica","og_description":"Marca FRITZ! Modelo 20002641 Caracter&iacute;sticas &#8211; Ampl&iacute;a el &aacute;rea de recepci&oacute;n y emisi&oacute;n de los tel&eacute;fonos inal&aacute;mbricos y servicios DECT. &#8211; En combinaci&oacute;n con un FRITZ!Box como base, conversaciones telef&oacute;nicas seguras y cifradas. &#8211; Posibilidad de establecer hasta tres conversaciones simult&aacute;neas. &#8211; Permite el traspaso autom&aacute;tico de llamadas a trav&eacute;s de DECT, de tal manera&hellip;&nbsp;Fritz!DECT Repeater 100 Extensor Repetidor","og_url":"https:\/\/aivlisoft.net\/shop\/producto\/fritzdect-repeater-100-extensor-repetidor\/","og_site_name":"Aivlisoft Inform\u00e1tica","article_modified_time":"2025-01-14T11:47:17+00:00","og_image":[{"width":800,"height":800,"url":"https:\/\/aivlisoft.net\/shop\/wp-content\/uploads\/2025\/01\/NSWPAC0481_800.jpg","type":"image\/jpeg"}],"twitter_card":"summary_large_image","twitter_misc":{"Tiempo de lectura":"2 minutos"},"schema":{"@context":"https:\/\/schema.org","@graph":[{"@type":"WebPage","@id":"https:\/\/aivlisoft.net\/shop\/producto\/fritzdect-repeater-100-extensor-repetidor\/","url":"https:\/\/aivlisoft.net\/shop\/producto\/fritzdect-repeater-100-extensor-repetidor\/","name":"Fritz!DECT Repeater 100 Extensor Repetidor - Aivlisoft Inform\u00e1tica","isPartOf":{"@id":"https:\/\/aivlisoft.net\/shop\/#website"},"primaryImageOfPage":{"@id":"https:\/\/aivlisoft.net\/shop\/producto\/fritzdect-repeater-100-extensor-repetidor\/#primaryimage"},"image":{"@id":"https:\/\/aivlisoft.net\/shop\/producto\/fritzdect-repeater-100-extensor-repetidor\/#primaryimage"},"thumbnailUrl":"https:\/\/aivlisoft.net\/shop\/wp-content\/uploads\/2025\/01\/NSWPAC0481_800.jpg","datePublished":"2025-01-13T15:36:34+00:00","dateModified":"2025-01-14T11:47:17+00:00","breadcrumb":{"@id":"https:\/\/aivlisoft.net\/shop\/producto\/fritzdect-repeater-100-extensor-repetidor\/#breadcrumb"},"inLanguage":"es","potentialAction":[{"@type":"ReadAction","target":["https:\/\/aivlisoft.net\/shop\/producto\/fritzdect-repeater-100-extensor-repetidor\/"]}]},{"@type":"ImageObject","inLanguage":"es","@id":"https:\/\/aivlisoft.net\/shop\/producto\/fritzdect-repeater-100-extensor-repetidor\/#primaryimage","url":"https:\/\/aivlisoft.net\/shop\/wp-content\/uploads\/2025\/01\/NSWPAC0481_800.jpg","contentUrl":"https:\/\/aivlisoft.net\/shop\/wp-content\/uploads\/2025\/01\/NSWPAC0481_800.jpg","width":800,"height":800},{"@type":"BreadcrumbList","@id":"https:\/\/aivlisoft.net\/shop\/producto\/fritzdect-repeater-100-extensor-repetidor\/#breadcrumb","itemListElement":[{"@type":"ListItem","position":1,"name":"Portada","item":"https:\/\/aivlisoft.net\/shop\/"},{"@type":"ListItem","position":2,"name":"Tienda","item":"https:\/\/aivlisoft.net\/shop\/tienda\/"},{"@type":"ListItem","position":3,"name":"Fritz!DECT Repeater 100 Extensor Repetidor"}]},{"@type":"WebSite","@id":"https:\/\/aivlisoft.net\/shop\/#website","url":"https:\/\/aivlisoft.net\/shop\/","name":"Aivlisoft Inform\u00e1tica","description":"En Aivlisoft Inform\u00e1tica ofrecemos soluciones tecnol\u00f3gicas para empresas: venta de ordenadores, consumibles, perif\u00e9ricos y m\u00e1s. Calidad, atenci\u00f3n personalizada y los mejores precios para tu negocio.","publisher":{"@id":"https:\/\/aivlisoft.net\/shop\/#organization"},"potentialAction":[{"@type":"SearchAction","target":{"@type":"EntryPoint","urlTemplate":"https:\/\/aivlisoft.net\/shop\/?s={search_term_string}"},"query-input":{"@type":"PropertyValueSpecification","valueRequired":true,"valueName":"search_term_string"}}],"inLanguage":"es"},{"@type":"Organization","@id":"https:\/\/aivlisoft.net\/shop\/#organization","name":"Aivlisoft Inform\u00e1tica","url":"https:\/\/aivlisoft.net\/shop\/","logo":{"@type":"ImageObject","inLanguage":"es","@id":"https:\/\/aivlisoft.net\/shop\/#\/schema\/logo\/image\/","url":"https:\/\/aivlisoft.net\/shop\/wp-content\/uploads\/2024\/12\/removal.ai_5b848c54-0cdf-4140-95c5-c5536bb7573b-logodef.png","contentUrl":"https:\/\/aivlisoft.net\/shop\/wp-content\/uploads\/2024\/12\/removal.ai_5b848c54-0cdf-4140-95c5-c5536bb7573b-logodef.png","width":484,"height":182,"caption":"Aivlisoft Inform\u00e1tica"},"image":{"@id":"https:\/\/aivlisoft.net\/shop\/#\/schema\/logo\/image\/"}}]}},"_links":{"self":[{"href":"https:\/\/aivlisoft.net\/shop\/wp-json\/wp\/v2\/product\/19819","targetHints":{"allow":["GET"]}}],"collection":[{"href":"https:\/\/aivlisoft.net\/shop\/wp-json\/wp\/v2\/product"}],"about":[{"href":"https:\/\/aivlisoft.net\/shop\/wp-json\/wp\/v2\/types\/product"}],"wp:featuredmedia":[{"embeddable":true,"href":"https:\/\/aivlisoft.net\/shop\/wp-json\/wp\/v2\/media\/19820"}],"wp:attachment":[{"href":"https:\/\/aivlisoft.net\/shop\/wp-json\/wp\/v2\/media?parent=19819"}],"wp:term":[{"taxonomy":"product_brand","embeddable":true,"href":"https:\/\/aivlisoft.net\/shop\/wp-json\/wp\/v2\/product_brand?post=19819"},{"taxonomy":"product_cat","embeddable":true,"href":"https:\/\/aivlisoft.net\/shop\/wp-json\/wp\/v2\/product_cat?post=19819"},{"taxonomy":"product_tag","embeddable":true,"href":"https:\/\/aivlisoft.net\/shop\/wp-json\/wp\/v2\/product_tag?post=19819"}],"curies":[{"name":"wp","href":"https:\/\/api.w.org\/{rel}","templated":true}]}}