{"id":19809,"date":"2025-01-13T15:36:27","date_gmt":"2025-01-13T15:36:27","guid":{"rendered":"https:\/\/aivlisoft.com\/?post_type=product&#038;p=19809"},"modified":"2025-01-14T11:47:14","modified_gmt":"2025-01-14T11:47:14","slug":"fritzrepeater-1200-ax-wifi6-1xgbe-mesh","status":"publish","type":"product","link":"https:\/\/aivlisoft.net\/shop\/producto\/fritzrepeater-1200-ax-wifi6-1xgbe-mesh\/","title":{"rendered":"FRITZ!Repeater 1200 AX WiFi6 1xGbE Mesh"},"content":{"rendered":"<p>&nbsp;<\/p>\n<table class=\"tabla_caracteristicas k-table\" width=\"100%\">\n<tr>\n<td valign=\"top\"><strong>Marca<\/strong><\/td>\n<td>FRITZ!<\/td>\n<\/tr>\n<tr>\n<td valign=\"top\"><strong>Modelo<\/strong><\/td>\n<td><strong>20002973<\/strong><\/td>\n<\/tr>\n<tr>\n<td valign=\"top\"><strong>Caracter&iacute;sticas<\/strong><\/td>\n<td><strong>Funciones especiales<\/strong><br \/>\t\t\t&#8211; Repetidor Wi-Fi Mesh de alto rendimiento para un gran alcance y elevada transferencia de datos en la red Wi-Fi.<br \/>\t\t\t&#8211; Con Wi-Fi Mesh se pueden combinar f&aacute;cilmente varios puntos de acceso Wi-Fi en un solo sistema inteligente (a partir de FRITZ!OS 6.90).<br \/>\t\t\t&#8211; 2 unidades de radio Wi-Fi: hasta 2400 Mbps (5 GHz) + 600 Mbps (2,4 GHz) para extender la red de forma &oacute;ptima a varios dispositivos Wi-Fi.<br \/>\t\t\t&#8211; 1 puerto LAN Gigabit: la funci&oacute;n Wi-Fi estar&aacute; a disposici&oacute;n de los dispositivos conectados (ordenadores, impresora, reproductores de audio y de v&iacute;deo, etc.).<br \/>\t\t\t&#8211; Podr&aacute; conectarse alternativamente a un router a trav&eacute;s de un cable (puente LAN).<br \/>\t\t\t&#8211; Seguridad gracias al cifrado WPA2 activado de f&aacute;brica, WPA3\/2 Transition Mode disponible adicionalmente.<br \/>\t\t\t&#8211; Compatible con todos los routers inal&aacute;mbricos comerciales.<br \/>\t\t\t&#8211; Configuraci&oacute;n sencilla y segura con solo pulsar un bot&oacute;n (est&aacute;ndar WPS).<br \/>\t\t\t&#8211; Visualizaci&oacute;n de la calidad de conexi&oacute;n y del estado.<br \/>\t\t\t&#8211; Soporta el protocolo de Internet IPv6.<br \/>\t\t\t<strong>F&aacute;cil de instalar<\/strong><br \/>\t\t\t&#8211; Se adapta perfectamente a todos los modelos FRITZ!Box.<br \/>\t\t\t&#8211; Se instala con solo pulsar un bot&oacute;n, a trav&eacute;s de WPS (Wi-Fi Protected Setup).<br \/>\t\t\t&#8211; Manejo con toda comodidad a trav&eacute;s de la interfaz de usuario<br \/>\t\t\t<strong>Puertos e interfaces<\/strong><br \/>\t\t\t&#8211; Punto de acceso Wi-Fi: compatible con todos los routers Wi-Fi que soporten los est&aacute;ndares 802.11ax\/ac\/n\/g\/a.<br \/>\t\t\t&#8211; Wi-Fi: 2400 Mbps (5 GHz, 2 x 2, 160 MHz) + 600 Mbps (2,4 GHz, 2 x 2, 40 MHz)<br \/>\t\t\t&#8211; Un puerto LAN Gigabit (10\/100\/1000 Mbps)<br \/>\t\t\t&#8211; Conexi&oacute;n a la corriente el&eacute;ctrica de 230 voltios, 50 Hz<br \/>\t\t\t<strong>Propiedades del dispositivo<\/strong><br \/>\t\t\t&#8211; Dimensiones (A x A x P): aprox. 80 x 80 x 37 mm (sin enchufe).<br \/>\t\t\t&#8211; Peso: aprox. 160 gramos<br \/>\t\t\t&#8211; Consumo de energ&iacute;a: aprox. 4 vatios, m&aacute;ximo 8,4 vatios.<br \/>\t\t\t<strong>Contenido del paquete<\/strong><br \/>\t\t\t&#8211; FRITZ!Repeater 1200 AX<br \/>\t\t\t&#8211; Gu&iacute;a r&aacute;pida impresa<br \/>\t\t\t&#8211; Cable Ethernet plano.<br \/>\t\t\t&#8211; 1 adaptador CEE 7\/4 &ldquo;Schuko&rdquo; (premontado).<\/td>\n<\/tr>\n<tr>\n<td valign=\"top\"><strong>Fecha de revisi&oacute;n<\/strong><\/td>\n<td>01-03-2022 por MPM<\/td>\n<\/tr>\n<\/table>\n","protected":false},"excerpt":{"rendered":"<p>&nbsp; Marca FRITZ! Modelo 20002973 Caracter&iacute;sticas Funciones especiales &#8211; Repetidor Wi-Fi Mesh de alto rendimiento para un gran alcance y elevada transferencia de datos en la red Wi-Fi. &#8211; Con Wi-Fi Mesh se pueden combinar f&aacute;cilmente varios puntos de acceso Wi-Fi en un solo sistema inteligente (a partir de FRITZ!OS 6.90). &#8211; 2 unidades de&hellip;&nbsp;<a href=\"https:\/\/aivlisoft.net\/shop\/producto\/fritzrepeater-1200-ax-wifi6-1xgbe-mesh\/\" rel=\"bookmark\"><span class=\"screen-reader-text\">FRITZ!Repeater 1200 AX WiFi6 1xGbE Mesh<\/span><\/a><\/p>\n","protected":false},"featured_media":19810,"template":"","meta":{"neve_meta_sidebar":"","neve_meta_container":"","neve_meta_enable_content_width":"","neve_meta_content_width":0,"neve_meta_title_alignment":"","neve_meta_author_avatar":"","neve_post_elements_order":"","neve_meta_disable_header":"","neve_meta_disable_footer":"","neve_meta_disable_title":""},"product_brand":[],"product_cat":[8770],"product_tag":[7122],"class_list":{"0":"post-19809","1":"product","2":"type-product","3":"status-publish","4":"has-post-thumbnail","6":"product_cat-puntos-de-acceso","7":"product_tag-7122","9":"first","10":"instock","11":"taxable","12":"shipping-taxable","13":"purchasable","14":"product-type-simple"},"yoast_head":"<!-- This site is optimized with the Yoast SEO plugin v26.0 - https:\/\/yoast.com\/wordpress\/plugins\/seo\/ -->\n<title>FRITZ!Repeater 1200 AX WiFi6 1xGbE Mesh - Aivlisoft Inform\u00e1tica<\/title>\n<meta name=\"robots\" content=\"index, follow, max-snippet:-1, max-image-preview:large, max-video-preview:-1\" \/>\n<link rel=\"canonical\" href=\"https:\/\/aivlisoft.net\/shop\/producto\/fritzrepeater-1200-ax-wifi6-1xgbe-mesh\/\" \/>\n<meta property=\"og:locale\" content=\"es_ES\" \/>\n<meta property=\"og:type\" content=\"article\" \/>\n<meta property=\"og:title\" content=\"FRITZ!Repeater 1200 AX WiFi6 1xGbE Mesh - Aivlisoft Inform\u00e1tica\" \/>\n<meta property=\"og:description\" content=\"&nbsp; Marca FRITZ! Modelo 20002973 Caracter&iacute;sticas Funciones especiales &#8211; Repetidor Wi-Fi Mesh de alto rendimiento para un gran alcance y elevada transferencia de datos en la red Wi-Fi. &#8211; Con Wi-Fi Mesh se pueden combinar f&aacute;cilmente varios puntos de acceso Wi-Fi en un solo sistema inteligente (a partir de FRITZ!OS 6.90). &#8211; 2 unidades de&hellip;&nbsp;FRITZ!Repeater 1200 AX WiFi6 1xGbE Mesh\" \/>\n<meta property=\"og:url\" content=\"https:\/\/aivlisoft.net\/shop\/producto\/fritzrepeater-1200-ax-wifi6-1xgbe-mesh\/\" \/>\n<meta property=\"og:site_name\" content=\"Aivlisoft Inform\u00e1tica\" \/>\n<meta property=\"article:modified_time\" content=\"2025-01-14T11:47:14+00:00\" \/>\n<meta property=\"og:image\" content=\"https:\/\/aivlisoft.net\/shop\/wp-content\/uploads\/2025\/01\/NSWPAC0478_800.jpg\" \/>\n\t<meta property=\"og:image:width\" content=\"800\" \/>\n\t<meta property=\"og:image:height\" content=\"800\" \/>\n\t<meta property=\"og:image:type\" content=\"image\/jpeg\" \/>\n<meta name=\"twitter:card\" content=\"summary_large_image\" \/>\n<meta name=\"twitter:label1\" content=\"Tiempo de lectura\" \/>\n\t<meta name=\"twitter:data1\" content=\"2 minutos\" \/>\n<script type=\"application\/ld+json\" class=\"yoast-schema-graph\">{\"@context\":\"https:\/\/schema.org\",\"@graph\":[{\"@type\":\"WebPage\",\"@id\":\"https:\/\/aivlisoft.net\/shop\/producto\/fritzrepeater-1200-ax-wifi6-1xgbe-mesh\/\",\"url\":\"https:\/\/aivlisoft.net\/shop\/producto\/fritzrepeater-1200-ax-wifi6-1xgbe-mesh\/\",\"name\":\"FRITZ!Repeater 1200 AX WiFi6 1xGbE Mesh - Aivlisoft Inform\u00e1tica\",\"isPartOf\":{\"@id\":\"https:\/\/aivlisoft.net\/shop\/#website\"},\"primaryImageOfPage\":{\"@id\":\"https:\/\/aivlisoft.net\/shop\/producto\/fritzrepeater-1200-ax-wifi6-1xgbe-mesh\/#primaryimage\"},\"image\":{\"@id\":\"https:\/\/aivlisoft.net\/shop\/producto\/fritzrepeater-1200-ax-wifi6-1xgbe-mesh\/#primaryimage\"},\"thumbnailUrl\":\"https:\/\/aivlisoft.net\/shop\/wp-content\/uploads\/2025\/01\/NSWPAC0478_800.jpg\",\"datePublished\":\"2025-01-13T15:36:27+00:00\",\"dateModified\":\"2025-01-14T11:47:14+00:00\",\"breadcrumb\":{\"@id\":\"https:\/\/aivlisoft.net\/shop\/producto\/fritzrepeater-1200-ax-wifi6-1xgbe-mesh\/#breadcrumb\"},\"inLanguage\":\"es\",\"potentialAction\":[{\"@type\":\"ReadAction\",\"target\":[\"https:\/\/aivlisoft.net\/shop\/producto\/fritzrepeater-1200-ax-wifi6-1xgbe-mesh\/\"]}]},{\"@type\":\"ImageObject\",\"inLanguage\":\"es\",\"@id\":\"https:\/\/aivlisoft.net\/shop\/producto\/fritzrepeater-1200-ax-wifi6-1xgbe-mesh\/#primaryimage\",\"url\":\"https:\/\/aivlisoft.net\/shop\/wp-content\/uploads\/2025\/01\/NSWPAC0478_800.jpg\",\"contentUrl\":\"https:\/\/aivlisoft.net\/shop\/wp-content\/uploads\/2025\/01\/NSWPAC0478_800.jpg\",\"width\":800,\"height\":800},{\"@type\":\"BreadcrumbList\",\"@id\":\"https:\/\/aivlisoft.net\/shop\/producto\/fritzrepeater-1200-ax-wifi6-1xgbe-mesh\/#breadcrumb\",\"itemListElement\":[{\"@type\":\"ListItem\",\"position\":1,\"name\":\"Portada\",\"item\":\"https:\/\/aivlisoft.net\/shop\/\"},{\"@type\":\"ListItem\",\"position\":2,\"name\":\"Tienda\",\"item\":\"https:\/\/aivlisoft.net\/shop\/tienda\/\"},{\"@type\":\"ListItem\",\"position\":3,\"name\":\"FRITZ!Repeater 1200 AX WiFi6 1xGbE Mesh\"}]},{\"@type\":\"WebSite\",\"@id\":\"https:\/\/aivlisoft.net\/shop\/#website\",\"url\":\"https:\/\/aivlisoft.net\/shop\/\",\"name\":\"Aivlisoft Inform\u00e1tica\",\"description\":\"En Aivlisoft Inform\u00e1tica ofrecemos soluciones tecnol\u00f3gicas para empresas: venta de ordenadores, consumibles, perif\u00e9ricos y m\u00e1s. Calidad, atenci\u00f3n personalizada y los mejores precios para tu negocio.\",\"publisher\":{\"@id\":\"https:\/\/aivlisoft.net\/shop\/#organization\"},\"potentialAction\":[{\"@type\":\"SearchAction\",\"target\":{\"@type\":\"EntryPoint\",\"urlTemplate\":\"https:\/\/aivlisoft.net\/shop\/?s={search_term_string}\"},\"query-input\":{\"@type\":\"PropertyValueSpecification\",\"valueRequired\":true,\"valueName\":\"search_term_string\"}}],\"inLanguage\":\"es\"},{\"@type\":\"Organization\",\"@id\":\"https:\/\/aivlisoft.net\/shop\/#organization\",\"name\":\"Aivlisoft Inform\u00e1tica\",\"url\":\"https:\/\/aivlisoft.net\/shop\/\",\"logo\":{\"@type\":\"ImageObject\",\"inLanguage\":\"es\",\"@id\":\"https:\/\/aivlisoft.net\/shop\/#\/schema\/logo\/image\/\",\"url\":\"https:\/\/aivlisoft.net\/shop\/wp-content\/uploads\/2024\/12\/removal.ai_5b848c54-0cdf-4140-95c5-c5536bb7573b-logodef.png\",\"contentUrl\":\"https:\/\/aivlisoft.net\/shop\/wp-content\/uploads\/2024\/12\/removal.ai_5b848c54-0cdf-4140-95c5-c5536bb7573b-logodef.png\",\"width\":484,\"height\":182,\"caption\":\"Aivlisoft Inform\u00e1tica\"},\"image\":{\"@id\":\"https:\/\/aivlisoft.net\/shop\/#\/schema\/logo\/image\/\"}}]}<\/script>\n<!-- \/ Yoast SEO plugin. -->","yoast_head_json":{"title":"FRITZ!Repeater 1200 AX WiFi6 1xGbE Mesh - Aivlisoft Inform\u00e1tica","robots":{"index":"index","follow":"follow","max-snippet":"max-snippet:-1","max-image-preview":"max-image-preview:large","max-video-preview":"max-video-preview:-1"},"canonical":"https:\/\/aivlisoft.net\/shop\/producto\/fritzrepeater-1200-ax-wifi6-1xgbe-mesh\/","og_locale":"es_ES","og_type":"article","og_title":"FRITZ!Repeater 1200 AX WiFi6 1xGbE Mesh - Aivlisoft Inform\u00e1tica","og_description":"&nbsp; Marca FRITZ! Modelo 20002973 Caracter&iacute;sticas Funciones especiales &#8211; Repetidor Wi-Fi Mesh de alto rendimiento para un gran alcance y elevada transferencia de datos en la red Wi-Fi. &#8211; Con Wi-Fi Mesh se pueden combinar f&aacute;cilmente varios puntos de acceso Wi-Fi en un solo sistema inteligente (a partir de FRITZ!OS 6.90). &#8211; 2 unidades de&hellip;&nbsp;FRITZ!Repeater 1200 AX WiFi6 1xGbE Mesh","og_url":"https:\/\/aivlisoft.net\/shop\/producto\/fritzrepeater-1200-ax-wifi6-1xgbe-mesh\/","og_site_name":"Aivlisoft Inform\u00e1tica","article_modified_time":"2025-01-14T11:47:14+00:00","og_image":[{"width":800,"height":800,"url":"https:\/\/aivlisoft.net\/shop\/wp-content\/uploads\/2025\/01\/NSWPAC0478_800.jpg","type":"image\/jpeg"}],"twitter_card":"summary_large_image","twitter_misc":{"Tiempo de lectura":"2 minutos"},"schema":{"@context":"https:\/\/schema.org","@graph":[{"@type":"WebPage","@id":"https:\/\/aivlisoft.net\/shop\/producto\/fritzrepeater-1200-ax-wifi6-1xgbe-mesh\/","url":"https:\/\/aivlisoft.net\/shop\/producto\/fritzrepeater-1200-ax-wifi6-1xgbe-mesh\/","name":"FRITZ!Repeater 1200 AX WiFi6 1xGbE Mesh - Aivlisoft Inform\u00e1tica","isPartOf":{"@id":"https:\/\/aivlisoft.net\/shop\/#website"},"primaryImageOfPage":{"@id":"https:\/\/aivlisoft.net\/shop\/producto\/fritzrepeater-1200-ax-wifi6-1xgbe-mesh\/#primaryimage"},"image":{"@id":"https:\/\/aivlisoft.net\/shop\/producto\/fritzrepeater-1200-ax-wifi6-1xgbe-mesh\/#primaryimage"},"thumbnailUrl":"https:\/\/aivlisoft.net\/shop\/wp-content\/uploads\/2025\/01\/NSWPAC0478_800.jpg","datePublished":"2025-01-13T15:36:27+00:00","dateModified":"2025-01-14T11:47:14+00:00","breadcrumb":{"@id":"https:\/\/aivlisoft.net\/shop\/producto\/fritzrepeater-1200-ax-wifi6-1xgbe-mesh\/#breadcrumb"},"inLanguage":"es","potentialAction":[{"@type":"ReadAction","target":["https:\/\/aivlisoft.net\/shop\/producto\/fritzrepeater-1200-ax-wifi6-1xgbe-mesh\/"]}]},{"@type":"ImageObject","inLanguage":"es","@id":"https:\/\/aivlisoft.net\/shop\/producto\/fritzrepeater-1200-ax-wifi6-1xgbe-mesh\/#primaryimage","url":"https:\/\/aivlisoft.net\/shop\/wp-content\/uploads\/2025\/01\/NSWPAC0478_800.jpg","contentUrl":"https:\/\/aivlisoft.net\/shop\/wp-content\/uploads\/2025\/01\/NSWPAC0478_800.jpg","width":800,"height":800},{"@type":"BreadcrumbList","@id":"https:\/\/aivlisoft.net\/shop\/producto\/fritzrepeater-1200-ax-wifi6-1xgbe-mesh\/#breadcrumb","itemListElement":[{"@type":"ListItem","position":1,"name":"Portada","item":"https:\/\/aivlisoft.net\/shop\/"},{"@type":"ListItem","position":2,"name":"Tienda","item":"https:\/\/aivlisoft.net\/shop\/tienda\/"},{"@type":"ListItem","position":3,"name":"FRITZ!Repeater 1200 AX WiFi6 1xGbE Mesh"}]},{"@type":"WebSite","@id":"https:\/\/aivlisoft.net\/shop\/#website","url":"https:\/\/aivlisoft.net\/shop\/","name":"Aivlisoft Inform\u00e1tica","description":"En Aivlisoft Inform\u00e1tica ofrecemos soluciones tecnol\u00f3gicas para empresas: venta de ordenadores, consumibles, perif\u00e9ricos y m\u00e1s. Calidad, atenci\u00f3n personalizada y los mejores precios para tu negocio.","publisher":{"@id":"https:\/\/aivlisoft.net\/shop\/#organization"},"potentialAction":[{"@type":"SearchAction","target":{"@type":"EntryPoint","urlTemplate":"https:\/\/aivlisoft.net\/shop\/?s={search_term_string}"},"query-input":{"@type":"PropertyValueSpecification","valueRequired":true,"valueName":"search_term_string"}}],"inLanguage":"es"},{"@type":"Organization","@id":"https:\/\/aivlisoft.net\/shop\/#organization","name":"Aivlisoft Inform\u00e1tica","url":"https:\/\/aivlisoft.net\/shop\/","logo":{"@type":"ImageObject","inLanguage":"es","@id":"https:\/\/aivlisoft.net\/shop\/#\/schema\/logo\/image\/","url":"https:\/\/aivlisoft.net\/shop\/wp-content\/uploads\/2024\/12\/removal.ai_5b848c54-0cdf-4140-95c5-c5536bb7573b-logodef.png","contentUrl":"https:\/\/aivlisoft.net\/shop\/wp-content\/uploads\/2024\/12\/removal.ai_5b848c54-0cdf-4140-95c5-c5536bb7573b-logodef.png","width":484,"height":182,"caption":"Aivlisoft Inform\u00e1tica"},"image":{"@id":"https:\/\/aivlisoft.net\/shop\/#\/schema\/logo\/image\/"}}]}},"_links":{"self":[{"href":"https:\/\/aivlisoft.net\/shop\/wp-json\/wp\/v2\/product\/19809","targetHints":{"allow":["GET"]}}],"collection":[{"href":"https:\/\/aivlisoft.net\/shop\/wp-json\/wp\/v2\/product"}],"about":[{"href":"https:\/\/aivlisoft.net\/shop\/wp-json\/wp\/v2\/types\/product"}],"wp:featuredmedia":[{"embeddable":true,"href":"https:\/\/aivlisoft.net\/shop\/wp-json\/wp\/v2\/media\/19810"}],"wp:attachment":[{"href":"https:\/\/aivlisoft.net\/shop\/wp-json\/wp\/v2\/media?parent=19809"}],"wp:term":[{"taxonomy":"product_brand","embeddable":true,"href":"https:\/\/aivlisoft.net\/shop\/wp-json\/wp\/v2\/product_brand?post=19809"},{"taxonomy":"product_cat","embeddable":true,"href":"https:\/\/aivlisoft.net\/shop\/wp-json\/wp\/v2\/product_cat?post=19809"},{"taxonomy":"product_tag","embeddable":true,"href":"https:\/\/aivlisoft.net\/shop\/wp-json\/wp\/v2\/product_tag?post=19809"}],"curies":[{"name":"wp","href":"https:\/\/api.w.org\/{rel}","templated":true}]}}