{"id":19800,"date":"2025-01-13T15:36:19","date_gmt":"2025-01-13T15:36:19","guid":{"rendered":"https:\/\/aivlisoft.com\/?post_type=product&#038;p=19800"},"modified":"2025-01-14T11:47:09","modified_gmt":"2025-01-14T11:47:09","slug":"tp-link-eap615-wall-ap-wifi6-ax1800-dual-4xgbe","status":"publish","type":"product","link":"https:\/\/aivlisoft.net\/shop\/producto\/tp-link-eap615-wall-ap-wifi6-ax1800-dual-4xgbe\/","title":{"rendered":"TP-Link EAP615-Wall AP WiFi6 AX1800 Dual 4xGbE"},"content":{"rendered":"<p>&nbsp;<\/p>\n<table class=\"tabla_caracteristicas\" width=\"100%\">\n<tr>\n<td valign=\"top\"><strong>Marca<\/strong><\/td>\n<td>TP-Link<\/td>\n<\/tr>\n<tr>\n<td valign=\"top\"><strong>Modelo<\/strong><\/td>\n<td><strong>EAP615-Wall<\/strong><\/td>\n<\/tr>\n<tr>\n<td valign=\"top\"><strong>Caracter&iacute;sticas<\/strong><\/td>\n<td><strong>Hardware<\/strong>\t\t\t<\/p>\n<div>&#8211; Interfaz:<br \/>\t\t\t&nbsp; Enlace ascendente: 1 puerto Ethernet de 10\/100\/1000 Mbps<br \/>\t\t\t&nbsp; Enlace descendente: 3 puertos Ethernet 10\/100\/1000 Mbps<br \/>\t\t\t&#8211; Bloqueo de Seguridad F&iacute;sico: Si<br \/>\t\t\t&#8211; Botones: Reset<br \/>\t\t\t&#8211; Fuente de Alimentaci&oacute;n: 802.3af\/at PoE<br \/>\t\t\t&#8211; Consumo de Potencia:<br \/>\t\t\t&nbsp; UE: 10 W (802.3at PoE, salida PoE apagada)<br \/>\t\t\t&nbsp; EE. UU.: 11,5 W (802.3at PoE, salida PoE desactivada)<br \/>\t\t\t&#8211; Dimensions: 143 &times; 86 &times; 20 mm (5.6 &times; 3.4 &times; 0.8 in)<br \/>\t\t\t&#8211; Antenas: 2 antenas de doble banda<br \/>\t\t\t&nbsp; 2,4 GHz: 2 &times; 3 dBi<br \/>\t\t\t&nbsp; 5 GHz: 2 &times; 4 dBi<br \/>\t\t\t&#8211; Montaje: Montaje en placa de pared<br \/>\t\t\t<strong>Inal&aacute;mbricas<\/strong><br \/>\t\t\t&#8211; Est&aacute;ndares Inal&aacute;mbricos: IEEE 802.11ax\/ac\/n\/g\/b\/a<br \/>\t\t\t&#8211; Frecuencia: 2.4 GHz y 5 GHz<br \/>\t\t\t&#8211; Tasa de Se&ntilde;al:<br \/>\t\t\t&nbsp; 5 GHz: Hasta 1201 Mbps<br \/>\t\t\t&nbsp; 2.4 GHz: Hasta 574 Mbps<br \/>\t\t\t&#8211; Funciones Inal&aacute;mbricas:<br \/>\t\t\t&nbsp; 16 SSID (hasta 8 SSID en cada banda)<br \/>\t\t\t&nbsp; Activar \/ desactivar radio inal&aacute;mbrica<br \/>\t\t\t&nbsp; Asignaci&oacute;n autom&aacute;tica de canales<br \/>\t\t\t&nbsp; Control de potencia de transmisi&oacute;n (ajuste la potencia de transmisi&oacute;n en dBm)<br \/>\t\t\t&nbsp; QoS (WMM)<br \/>\t\t\t&nbsp; Roaming sin interrupciones &dagger;<br \/>\t\t\t&nbsp; Formaci&oacute;n de haz<br \/>\t\t\t&nbsp; MU-MIMO<br \/>\t\t\t&nbsp; L&iacute;mite de tarifa<br \/>\t\t\t&nbsp; Equilibrio de carga<br \/>\t\t\t&nbsp; Equidad de tiempo aire<br \/>\t\t\t&nbsp; Direcci&oacute;n de banda<br \/>\t\t\t&nbsp; Programa de reinicio<br \/>\t\t\t&nbsp; Horario inal&aacute;mbrico<br \/>\t\t\t&nbsp; Contabilidad RADIUS<br \/>\t\t\t&nbsp; Autenticaci&oacute;n MAC<br \/>\t\t\t&nbsp; Estad&iacute;sticas Inal&aacute;mbricas<br \/>\t\t\t&nbsp; IP est&aacute;tica \/ IP din&aacute;mica<br \/>\t\t\t&#8211; Seguridad Inal&aacute;mbrica:<br \/>\t\t\t&nbsp; Autenticaci&oacute;n de portal cautivo<br \/>\t\t\t&nbsp; Control de acceso<br \/>\t\t\t&nbsp; Filtrado de Direcciones MAC Inal&aacute;mbricas<br \/>\t\t\t&nbsp; Aislamiento inal&aacute;mbrico entre clientes<br \/>\t\t\t&nbsp; VLAN<br \/>\t\t\t&nbsp; Detecci&oacute;n de puntos de acceso no autorizados<br \/>\t\t\t&nbsp; Soporte 802.1X<br \/>\t\t\t&nbsp; WPA-Personal \/ Enterprise, WPA2-Personal \/ Enterprise, WPA3-Personal \/ Enterprise<br \/>\t\t\t&#8211; Potencia de Transmisi&oacute;n:<br \/>\t\t\t&nbsp; CE:<br \/>\t\t\t&nbsp; &lt; 20 dBm (2.4 GHz, EIRP)<br \/>\t\t\t&nbsp; &lt; 23 dBm (5 GHz, EIRP)<br \/>\t\t\t&nbsp; FCC:<br \/>\t\t\t&nbsp; &lt; 21 dBm (2.4 GHz)<br \/>\t\t\t&nbsp; &lt; 21 dBm (5 GHz)<br \/>\t\t\t<strong>Gesti&oacute;n<\/strong><br \/>\t\t\t&#8211; Omada App: Si<br \/>\t\t\t&#8211; Centralized Management:<br \/>\t\t\t&nbsp; Controlador hardware Omada (OC300)<br \/>\t\t\t&nbsp; Controlador hardware Omada (OC200)<br \/>\t\t\t&nbsp; Controlador software Omada<br \/>\t\t\t&#8211; Cloud Access: S&iacute; (a trav&eacute;s del controlador de software OC300, OC200 o Omada)<br \/>\t\t\t&#8211; Alertas por Correo Electr&oacute;nico: Si<br \/>\t\t\t&#8211; LED de control ON \/ OFF: Si<br \/>\t\t\t&#8211; Control de Gesti&oacute;n de Acceso MAC: Si<br \/>\t\t\t&#8211; SNMP: v1, v2c, v3<br \/>\t\t\t&#8211; Acceso al Registro de Sistema Local\/ Registro del Sistema Remoto: Syslog local \/ remoto<br \/>\t\t\t&#8211; SSH: Si<br \/>\t\t\t&#8211; Gesti&oacute;n basada en Web: HTTP\/HTTPS<br \/>\t\t\t&#8211; Gesti&oacute;n L3: Si<br \/>\t\t\t&#8211; Gesti&oacute;n Multi-sitio: Si<br \/>\t\t\t&#8211; VLAN de Gesti&oacute;n: Si<br \/>\t\t\t<strong>Otros<\/strong><br \/>\t\t\t&#8211; Certificaciones: CE, FCC, RoHS<br \/>\t\t\t&#8211; Requisitos del sistema: Microsoft Windows XP, Vista, Windows 7, Windows 8, Windows10<br \/>\t\t\t&#8211; Factores Ambientales &nbsp;&nbsp; &nbsp;<br \/>\t\t\t&nbsp; Temperatura de funcionamiento: 0&ndash;40 ? (32&ndash;104 ?)<br \/>\t\t\t&nbsp; Temperatura de almacenamiento: -40&ndash;70 ? (-40&ndash;158 ?)<br \/>\t\t\t&nbsp; Humedad de funcionamiento: 10 a 90% de humedad relativa sin condensaci&oacute;n<br \/>\t\t\t&nbsp; Humedad de almacenamiento: 5&ndash;90% de humedad relativa sin condensaci&oacute;n<br \/>\t\t\t<strong>Contenido del Paquete &nbsp;&nbsp; &nbsp;<\/strong><br \/>\t\t\t&#8211; Placa de pared AX1800 Punto de acceso WiFi 6 EAP615-Pared<br \/>\t\t\t&#8211; Gu&iacute;a de instalaci&oacute;n<br \/>\t\t\t&#8211; Kits de montaje<\/div>\n<\/td>\n<\/tr>\n<tr>\n<td><strong>Fecha de revisi&oacute;n<\/strong><\/td>\n<td>24-02-2022 por MPM<\/td>\n<\/tr>\n<\/table>\n","protected":false},"excerpt":{"rendered":"<p>&nbsp; Marca TP-Link Modelo EAP615-Wall Caracter&iacute;sticas Hardware &#8211; Interfaz: &nbsp; Enlace ascendente: 1 puerto Ethernet de 10\/100\/1000 Mbps &nbsp; Enlace descendente: 3 puertos Ethernet 10\/100\/1000 Mbps &#8211; Bloqueo de Seguridad F&iacute;sico: Si &#8211; Botones: Reset &#8211; Fuente de Alimentaci&oacute;n: 802.3af\/at PoE &#8211; Consumo de Potencia: &nbsp; UE: 10 W (802.3at PoE, salida PoE apagada) &nbsp;&hellip;&nbsp;<a href=\"https:\/\/aivlisoft.net\/shop\/producto\/tp-link-eap615-wall-ap-wifi6-ax1800-dual-4xgbe\/\" rel=\"bookmark\"><span class=\"screen-reader-text\">TP-Link EAP615-Wall AP WiFi6 AX1800 Dual 4xGbE<\/span><\/a><\/p>\n","protected":false},"featured_media":19801,"template":"","meta":{"neve_meta_sidebar":"","neve_meta_container":"","neve_meta_enable_content_width":"","neve_meta_content_width":0,"neve_meta_title_alignment":"","neve_meta_author_avatar":"","neve_post_elements_order":"","neve_meta_disable_header":"","neve_meta_disable_footer":"","neve_meta_disable_title":""},"product_brand":[],"product_cat":[8770],"product_tag":[7120],"class_list":{"0":"post-19800","1":"product","2":"type-product","3":"status-publish","4":"has-post-thumbnail","6":"product_cat-puntos-de-acceso","7":"product_tag-eap615-wall","9":"first","10":"instock","11":"taxable","12":"shipping-taxable","13":"purchasable","14":"product-type-simple"},"yoast_head":"<!-- This site is optimized with the Yoast SEO plugin v26.0 - https:\/\/yoast.com\/wordpress\/plugins\/seo\/ -->\n<title>TP-Link EAP615-Wall AP WiFi6 AX1800 Dual 4xGbE - Aivlisoft Inform\u00e1tica<\/title>\n<meta name=\"robots\" content=\"index, follow, max-snippet:-1, max-image-preview:large, max-video-preview:-1\" \/>\n<link rel=\"canonical\" href=\"https:\/\/aivlisoft.net\/shop\/producto\/tp-link-eap615-wall-ap-wifi6-ax1800-dual-4xgbe\/\" \/>\n<meta property=\"og:locale\" content=\"es_ES\" \/>\n<meta property=\"og:type\" content=\"article\" \/>\n<meta property=\"og:title\" content=\"TP-Link EAP615-Wall AP WiFi6 AX1800 Dual 4xGbE - Aivlisoft Inform\u00e1tica\" \/>\n<meta property=\"og:description\" content=\"&nbsp; Marca TP-Link Modelo EAP615-Wall Caracter&iacute;sticas Hardware &#8211; Interfaz: &nbsp; Enlace ascendente: 1 puerto Ethernet de 10\/100\/1000 Mbps &nbsp; Enlace descendente: 3 puertos Ethernet 10\/100\/1000 Mbps &#8211; Bloqueo de Seguridad F&iacute;sico: Si &#8211; Botones: Reset &#8211; Fuente de Alimentaci&oacute;n: 802.3af\/at PoE &#8211; Consumo de Potencia: &nbsp; UE: 10 W (802.3at PoE, salida PoE apagada) &nbsp;&hellip;&nbsp;TP-Link EAP615-Wall AP WiFi6 AX1800 Dual 4xGbE\" \/>\n<meta property=\"og:url\" content=\"https:\/\/aivlisoft.net\/shop\/producto\/tp-link-eap615-wall-ap-wifi6-ax1800-dual-4xgbe\/\" \/>\n<meta property=\"og:site_name\" content=\"Aivlisoft Inform\u00e1tica\" \/>\n<meta property=\"article:modified_time\" content=\"2025-01-14T11:47:09+00:00\" \/>\n<meta property=\"og:image\" content=\"https:\/\/aivlisoft.net\/shop\/wp-content\/uploads\/2025\/01\/NSWPAC0476_800.jpg\" \/>\n\t<meta property=\"og:image:width\" content=\"800\" \/>\n\t<meta property=\"og:image:height\" content=\"800\" \/>\n\t<meta property=\"og:image:type\" content=\"image\/jpeg\" \/>\n<meta name=\"twitter:card\" content=\"summary_large_image\" \/>\n<meta name=\"twitter:label1\" content=\"Tiempo de lectura\" \/>\n\t<meta name=\"twitter:data1\" content=\"3 minutos\" \/>\n<script type=\"application\/ld+json\" class=\"yoast-schema-graph\">{\"@context\":\"https:\/\/schema.org\",\"@graph\":[{\"@type\":\"WebPage\",\"@id\":\"https:\/\/aivlisoft.net\/shop\/producto\/tp-link-eap615-wall-ap-wifi6-ax1800-dual-4xgbe\/\",\"url\":\"https:\/\/aivlisoft.net\/shop\/producto\/tp-link-eap615-wall-ap-wifi6-ax1800-dual-4xgbe\/\",\"name\":\"TP-Link EAP615-Wall AP WiFi6 AX1800 Dual 4xGbE - Aivlisoft Inform\u00e1tica\",\"isPartOf\":{\"@id\":\"https:\/\/aivlisoft.net\/shop\/#website\"},\"primaryImageOfPage\":{\"@id\":\"https:\/\/aivlisoft.net\/shop\/producto\/tp-link-eap615-wall-ap-wifi6-ax1800-dual-4xgbe\/#primaryimage\"},\"image\":{\"@id\":\"https:\/\/aivlisoft.net\/shop\/producto\/tp-link-eap615-wall-ap-wifi6-ax1800-dual-4xgbe\/#primaryimage\"},\"thumbnailUrl\":\"https:\/\/aivlisoft.net\/shop\/wp-content\/uploads\/2025\/01\/NSWPAC0476_800.jpg\",\"datePublished\":\"2025-01-13T15:36:19+00:00\",\"dateModified\":\"2025-01-14T11:47:09+00:00\",\"breadcrumb\":{\"@id\":\"https:\/\/aivlisoft.net\/shop\/producto\/tp-link-eap615-wall-ap-wifi6-ax1800-dual-4xgbe\/#breadcrumb\"},\"inLanguage\":\"es\",\"potentialAction\":[{\"@type\":\"ReadAction\",\"target\":[\"https:\/\/aivlisoft.net\/shop\/producto\/tp-link-eap615-wall-ap-wifi6-ax1800-dual-4xgbe\/\"]}]},{\"@type\":\"ImageObject\",\"inLanguage\":\"es\",\"@id\":\"https:\/\/aivlisoft.net\/shop\/producto\/tp-link-eap615-wall-ap-wifi6-ax1800-dual-4xgbe\/#primaryimage\",\"url\":\"https:\/\/aivlisoft.net\/shop\/wp-content\/uploads\/2025\/01\/NSWPAC0476_800.jpg\",\"contentUrl\":\"https:\/\/aivlisoft.net\/shop\/wp-content\/uploads\/2025\/01\/NSWPAC0476_800.jpg\",\"width\":800,\"height\":800},{\"@type\":\"BreadcrumbList\",\"@id\":\"https:\/\/aivlisoft.net\/shop\/producto\/tp-link-eap615-wall-ap-wifi6-ax1800-dual-4xgbe\/#breadcrumb\",\"itemListElement\":[{\"@type\":\"ListItem\",\"position\":1,\"name\":\"Portada\",\"item\":\"https:\/\/aivlisoft.net\/shop\/\"},{\"@type\":\"ListItem\",\"position\":2,\"name\":\"Tienda\",\"item\":\"https:\/\/aivlisoft.net\/shop\/tienda\/\"},{\"@type\":\"ListItem\",\"position\":3,\"name\":\"TP-Link EAP615-Wall AP WiFi6 AX1800 Dual 4xGbE\"}]},{\"@type\":\"WebSite\",\"@id\":\"https:\/\/aivlisoft.net\/shop\/#website\",\"url\":\"https:\/\/aivlisoft.net\/shop\/\",\"name\":\"Aivlisoft Inform\u00e1tica\",\"description\":\"En Aivlisoft Inform\u00e1tica ofrecemos soluciones tecnol\u00f3gicas para empresas: venta de ordenadores, consumibles, perif\u00e9ricos y m\u00e1s. Calidad, atenci\u00f3n personalizada y los mejores precios para tu negocio.\",\"publisher\":{\"@id\":\"https:\/\/aivlisoft.net\/shop\/#organization\"},\"potentialAction\":[{\"@type\":\"SearchAction\",\"target\":{\"@type\":\"EntryPoint\",\"urlTemplate\":\"https:\/\/aivlisoft.net\/shop\/?s={search_term_string}\"},\"query-input\":{\"@type\":\"PropertyValueSpecification\",\"valueRequired\":true,\"valueName\":\"search_term_string\"}}],\"inLanguage\":\"es\"},{\"@type\":\"Organization\",\"@id\":\"https:\/\/aivlisoft.net\/shop\/#organization\",\"name\":\"Aivlisoft Inform\u00e1tica\",\"url\":\"https:\/\/aivlisoft.net\/shop\/\",\"logo\":{\"@type\":\"ImageObject\",\"inLanguage\":\"es\",\"@id\":\"https:\/\/aivlisoft.net\/shop\/#\/schema\/logo\/image\/\",\"url\":\"https:\/\/aivlisoft.net\/shop\/wp-content\/uploads\/2024\/12\/removal.ai_5b848c54-0cdf-4140-95c5-c5536bb7573b-logodef.png\",\"contentUrl\":\"https:\/\/aivlisoft.net\/shop\/wp-content\/uploads\/2024\/12\/removal.ai_5b848c54-0cdf-4140-95c5-c5536bb7573b-logodef.png\",\"width\":484,\"height\":182,\"caption\":\"Aivlisoft Inform\u00e1tica\"},\"image\":{\"@id\":\"https:\/\/aivlisoft.net\/shop\/#\/schema\/logo\/image\/\"}}]}<\/script>\n<!-- \/ Yoast SEO plugin. -->","yoast_head_json":{"title":"TP-Link EAP615-Wall AP WiFi6 AX1800 Dual 4xGbE - Aivlisoft Inform\u00e1tica","robots":{"index":"index","follow":"follow","max-snippet":"max-snippet:-1","max-image-preview":"max-image-preview:large","max-video-preview":"max-video-preview:-1"},"canonical":"https:\/\/aivlisoft.net\/shop\/producto\/tp-link-eap615-wall-ap-wifi6-ax1800-dual-4xgbe\/","og_locale":"es_ES","og_type":"article","og_title":"TP-Link EAP615-Wall AP WiFi6 AX1800 Dual 4xGbE - Aivlisoft Inform\u00e1tica","og_description":"&nbsp; Marca TP-Link Modelo EAP615-Wall Caracter&iacute;sticas Hardware &#8211; Interfaz: &nbsp; Enlace ascendente: 1 puerto Ethernet de 10\/100\/1000 Mbps &nbsp; Enlace descendente: 3 puertos Ethernet 10\/100\/1000 Mbps &#8211; Bloqueo de Seguridad F&iacute;sico: Si &#8211; Botones: Reset &#8211; Fuente de Alimentaci&oacute;n: 802.3af\/at PoE &#8211; Consumo de Potencia: &nbsp; UE: 10 W (802.3at PoE, salida PoE apagada) &nbsp;&hellip;&nbsp;TP-Link EAP615-Wall AP WiFi6 AX1800 Dual 4xGbE","og_url":"https:\/\/aivlisoft.net\/shop\/producto\/tp-link-eap615-wall-ap-wifi6-ax1800-dual-4xgbe\/","og_site_name":"Aivlisoft Inform\u00e1tica","article_modified_time":"2025-01-14T11:47:09+00:00","og_image":[{"width":800,"height":800,"url":"https:\/\/aivlisoft.net\/shop\/wp-content\/uploads\/2025\/01\/NSWPAC0476_800.jpg","type":"image\/jpeg"}],"twitter_card":"summary_large_image","twitter_misc":{"Tiempo de lectura":"3 minutos"},"schema":{"@context":"https:\/\/schema.org","@graph":[{"@type":"WebPage","@id":"https:\/\/aivlisoft.net\/shop\/producto\/tp-link-eap615-wall-ap-wifi6-ax1800-dual-4xgbe\/","url":"https:\/\/aivlisoft.net\/shop\/producto\/tp-link-eap615-wall-ap-wifi6-ax1800-dual-4xgbe\/","name":"TP-Link EAP615-Wall AP WiFi6 AX1800 Dual 4xGbE - Aivlisoft Inform\u00e1tica","isPartOf":{"@id":"https:\/\/aivlisoft.net\/shop\/#website"},"primaryImageOfPage":{"@id":"https:\/\/aivlisoft.net\/shop\/producto\/tp-link-eap615-wall-ap-wifi6-ax1800-dual-4xgbe\/#primaryimage"},"image":{"@id":"https:\/\/aivlisoft.net\/shop\/producto\/tp-link-eap615-wall-ap-wifi6-ax1800-dual-4xgbe\/#primaryimage"},"thumbnailUrl":"https:\/\/aivlisoft.net\/shop\/wp-content\/uploads\/2025\/01\/NSWPAC0476_800.jpg","datePublished":"2025-01-13T15:36:19+00:00","dateModified":"2025-01-14T11:47:09+00:00","breadcrumb":{"@id":"https:\/\/aivlisoft.net\/shop\/producto\/tp-link-eap615-wall-ap-wifi6-ax1800-dual-4xgbe\/#breadcrumb"},"inLanguage":"es","potentialAction":[{"@type":"ReadAction","target":["https:\/\/aivlisoft.net\/shop\/producto\/tp-link-eap615-wall-ap-wifi6-ax1800-dual-4xgbe\/"]}]},{"@type":"ImageObject","inLanguage":"es","@id":"https:\/\/aivlisoft.net\/shop\/producto\/tp-link-eap615-wall-ap-wifi6-ax1800-dual-4xgbe\/#primaryimage","url":"https:\/\/aivlisoft.net\/shop\/wp-content\/uploads\/2025\/01\/NSWPAC0476_800.jpg","contentUrl":"https:\/\/aivlisoft.net\/shop\/wp-content\/uploads\/2025\/01\/NSWPAC0476_800.jpg","width":800,"height":800},{"@type":"BreadcrumbList","@id":"https:\/\/aivlisoft.net\/shop\/producto\/tp-link-eap615-wall-ap-wifi6-ax1800-dual-4xgbe\/#breadcrumb","itemListElement":[{"@type":"ListItem","position":1,"name":"Portada","item":"https:\/\/aivlisoft.net\/shop\/"},{"@type":"ListItem","position":2,"name":"Tienda","item":"https:\/\/aivlisoft.net\/shop\/tienda\/"},{"@type":"ListItem","position":3,"name":"TP-Link EAP615-Wall AP WiFi6 AX1800 Dual 4xGbE"}]},{"@type":"WebSite","@id":"https:\/\/aivlisoft.net\/shop\/#website","url":"https:\/\/aivlisoft.net\/shop\/","name":"Aivlisoft Inform\u00e1tica","description":"En Aivlisoft Inform\u00e1tica ofrecemos soluciones tecnol\u00f3gicas para empresas: venta de ordenadores, consumibles, perif\u00e9ricos y m\u00e1s. Calidad, atenci\u00f3n personalizada y los mejores precios para tu negocio.","publisher":{"@id":"https:\/\/aivlisoft.net\/shop\/#organization"},"potentialAction":[{"@type":"SearchAction","target":{"@type":"EntryPoint","urlTemplate":"https:\/\/aivlisoft.net\/shop\/?s={search_term_string}"},"query-input":{"@type":"PropertyValueSpecification","valueRequired":true,"valueName":"search_term_string"}}],"inLanguage":"es"},{"@type":"Organization","@id":"https:\/\/aivlisoft.net\/shop\/#organization","name":"Aivlisoft Inform\u00e1tica","url":"https:\/\/aivlisoft.net\/shop\/","logo":{"@type":"ImageObject","inLanguage":"es","@id":"https:\/\/aivlisoft.net\/shop\/#\/schema\/logo\/image\/","url":"https:\/\/aivlisoft.net\/shop\/wp-content\/uploads\/2024\/12\/removal.ai_5b848c54-0cdf-4140-95c5-c5536bb7573b-logodef.png","contentUrl":"https:\/\/aivlisoft.net\/shop\/wp-content\/uploads\/2024\/12\/removal.ai_5b848c54-0cdf-4140-95c5-c5536bb7573b-logodef.png","width":484,"height":182,"caption":"Aivlisoft Inform\u00e1tica"},"image":{"@id":"https:\/\/aivlisoft.net\/shop\/#\/schema\/logo\/image\/"}}]}},"_links":{"self":[{"href":"https:\/\/aivlisoft.net\/shop\/wp-json\/wp\/v2\/product\/19800","targetHints":{"allow":["GET"]}}],"collection":[{"href":"https:\/\/aivlisoft.net\/shop\/wp-json\/wp\/v2\/product"}],"about":[{"href":"https:\/\/aivlisoft.net\/shop\/wp-json\/wp\/v2\/types\/product"}],"wp:featuredmedia":[{"embeddable":true,"href":"https:\/\/aivlisoft.net\/shop\/wp-json\/wp\/v2\/media\/19801"}],"wp:attachment":[{"href":"https:\/\/aivlisoft.net\/shop\/wp-json\/wp\/v2\/media?parent=19800"}],"wp:term":[{"taxonomy":"product_brand","embeddable":true,"href":"https:\/\/aivlisoft.net\/shop\/wp-json\/wp\/v2\/product_brand?post=19800"},{"taxonomy":"product_cat","embeddable":true,"href":"https:\/\/aivlisoft.net\/shop\/wp-json\/wp\/v2\/product_cat?post=19800"},{"taxonomy":"product_tag","embeddable":true,"href":"https:\/\/aivlisoft.net\/shop\/wp-json\/wp\/v2\/product_tag?post=19800"}],"curies":[{"name":"wp","href":"https:\/\/api.w.org\/{rel}","templated":true}]}}