{"id":19790,"date":"2025-01-13T15:36:13","date_gmt":"2025-01-13T15:36:13","guid":{"rendered":"https:\/\/aivlisoft.com\/?post_type=product&#038;p=19790"},"modified":"2025-01-14T11:47:07","modified_gmt":"2025-01-14T11:47:07","slug":"ubiquiti-u6-lite-ap-2x2-wifi6-dual-band","status":"publish","type":"product","link":"https:\/\/aivlisoft.net\/shop\/producto\/ubiquiti-u6-lite-ap-2x2-wifi6-dual-band\/","title":{"rendered":"Ubiquiti U6-Lite AP 2&#215;2 WiFi6 Dual Band"},"content":{"rendered":"<p><\/p>\n<table class=\"tabla_caracteristicas\" width=\"100%\">\n<tr>\n<td><strong>Marca<\/strong><\/td>\n<td>Ubiquiti<\/td>\n<\/tr>\n<tr>\n<td><strong>Modelo<\/strong><\/td>\n<td><strong>U6-Lite<\/strong><\/td>\n<\/tr>\n<tr>\n<td valign=\"top\"><strong>Especificaciones<\/strong><\/td>\n<td><strong>Mec&aacute;nicas<\/strong><br \/>\t\t\t&#8211; Dimensiones: &Oslash;160 x 32,65 mm (&Oslash;6,3 x 1,3&quot;)<br \/>\t\t\t&#8211; Peso Sin montura: 300 g (10,6 oz)<br \/>\t\t\t&#8211; Peso Con montura: 315 g (11,1 oz)<br \/>\t\t\t&#8211; Materiales de la carcasa: Policarbonato, aluminio<br \/>\t\t\t&#8211; Materiales de montaje: Policarbonato, acero SGCC<br \/>\t\t\t<strong>Software<\/strong><br \/>\t\t\t&#8211; Normas Wi-Fi<br \/>\t\t\t&nbsp;&nbsp; 802.11a\/b\/g<br \/>\t\t\t&nbsp;&nbsp; WiFi 4\/WiFi 5\/WiFi 6<br \/>\t\t\t&#8211; Seguridad inal&aacute;mbrica: WPA-PSK, WPA-Enterprise (WPA\/WPA2\/WPA3)<br \/>\t\t\t&#8211; BSSID: 8 por radio<br \/>\t\t\t&#8211; VLAN: 802.1Q<br \/>\t\t\t&#8211; QoS: limitaci&oacute;n de velocidad por usuario<br \/>\t\t\t&#8211; Aislamiento de tr&aacute;fico de invitados: compatible<br \/>\t\t\t&#8211; Clientes concurrentes: 300+<br \/>\t\t\t<strong>Velocidad de datos admitida<\/strong><br \/>\t\t\t&#8211; 802.11a: 6, 9, 12, 18, 24, 36, 48, 54 Mbps<br \/>\t\t\t&#8211; 802.11b: 1, 2, 5.5, 11 Mbps<br \/>\t\t\t&#8211; 802.11g: 6, 9, 12, 18, 24, 36, 48, 54 Mbps<br \/>\t\t\t&#8211; 802.11n: (WiFi 4) 6.5 Mbps to 300 Mbps (MCS0 &#8211; MCS15, HT 20\/40)<br \/>\t\t\t&#8211; 802.11ac: (WiFi 5) 6.5 Mbps to 866.7 Mbps (MCS0 &#8211; MCS9 NSS1\/2, VHT 20\/40\/80)<br \/>\t\t\t&#8211; 802.11ax: (WiFi 6) 7.3 Mbps to 1.2 Gbps (MCS0 &#8211; MCS11 NSS1\/2, HE 20\/40\/80)<br \/>\t\t\t<strong>Harware<\/strong><br \/>\t\t\t&#8211; Interfaces de gesti&oacute;n<br \/>\t\t\t&nbsp;&nbsp; Ethernet<br \/>\t\t\t&nbsp;&nbsp; Bluetooth<br \/>\t\t\t&#8211; Interfaz de red: (1) puerto GbE RJ45<br \/>\t\t\t&#8211; Bot&oacute;n: Restablecimiento de f&aacute;brica<br \/>\t\t\t&#8211; LED: Blanco\/azul<br \/>\t\t\t&#8211; M&eacute;todo de alimentaci&oacute;n: 802.3af PoE, PoE pasivo (48 V)<br \/>\t\t\t&nbsp; Nota: inyector PoE no incluido.<br \/>\t\t\t&#8211; Fuente de alimentaci&oacute;n: PoE 802.3af<br \/>\t\t\t&#8211; Rango de voltaje admitido: 44 a 57 VCC<br \/>\t\t\t&#8211; M&aacute;x. consumo de energ&iacute;a: 12W<br \/>\t\t\t&#8211; Max. TX power<br \/>\t\t\t&nbsp; 2.4 GHz 23 dBm<br \/>\t\t\t&nbsp; 5 GHz 17 dBm<br \/>\t\t\t&#8211; MIMO<br \/>\t\t\t&nbsp; 2.4 GHz 2 x 2<br \/>\t\t\t&nbsp; 5 GHz 2 x 2<br \/>\t\t\t&#8211; Tasa de rendimiento<br \/>\t\t\t&nbsp; 2.4 GHz 300 Mbps<br \/>\t\t\t&nbsp; 5 GHz 1201 Mbps<br \/>\t\t\t&#8211; Ganancia de la antena<br \/>\t\t\t&nbsp; 2.4 GHz 2.8 dBi<br \/>\t\t\t&nbsp; 5 GHz 3 dBi<\/td>\n<\/tr>\n<tr>\n<td><strong>Fecha Revisi&oacute;n<\/strong><\/td>\n<td>20-09-2022 por MPM<\/td>\n<\/tr>\n<\/table>\n","protected":false},"excerpt":{"rendered":"<p>Marca Ubiquiti Modelo U6-Lite Especificaciones Mec&aacute;nicas &#8211; Dimensiones: &Oslash;160 x 32,65 mm (&Oslash;6,3 x 1,3&quot;) &#8211; Peso Sin montura: 300 g (10,6 oz) &#8211; Peso Con montura: 315 g (11,1 oz) &#8211; Materiales de la carcasa: Policarbonato, aluminio &#8211; Materiales de montaje: Policarbonato, acero SGCC Software &#8211; Normas Wi-Fi &nbsp;&nbsp; 802.11a\/b\/g &nbsp;&nbsp; WiFi 4\/WiFi 5\/WiFi&hellip;&nbsp;<a href=\"https:\/\/aivlisoft.net\/shop\/producto\/ubiquiti-u6-lite-ap-2x2-wifi6-dual-band\/\" rel=\"bookmark\"><span class=\"screen-reader-text\">Ubiquiti U6-Lite AP 2&#215;2 WiFi6 Dual Band<\/span><\/a><\/p>\n","protected":false},"featured_media":19791,"template":"","meta":{"neve_meta_sidebar":"","neve_meta_container":"","neve_meta_enable_content_width":"","neve_meta_content_width":0,"neve_meta_title_alignment":"","neve_meta_author_avatar":"","neve_post_elements_order":"","neve_meta_disable_header":"","neve_meta_disable_footer":"","neve_meta_disable_title":""},"product_brand":[],"product_cat":[8770],"product_tag":[7118],"class_list":{"0":"post-19790","1":"product","2":"type-product","3":"status-publish","4":"has-post-thumbnail","6":"product_cat-puntos-de-acceso","7":"product_tag-u6-lite","9":"first","10":"instock","11":"taxable","12":"shipping-taxable","13":"purchasable","14":"product-type-simple"},"yoast_head":"<!-- This site is optimized with the Yoast SEO plugin v26.0 - https:\/\/yoast.com\/wordpress\/plugins\/seo\/ -->\n<title>Ubiquiti U6-Lite AP 2x2 WiFi6 Dual Band - Aivlisoft Inform\u00e1tica<\/title>\n<meta name=\"robots\" content=\"index, follow, max-snippet:-1, max-image-preview:large, max-video-preview:-1\" \/>\n<link rel=\"canonical\" href=\"https:\/\/aivlisoft.net\/shop\/producto\/ubiquiti-u6-lite-ap-2x2-wifi6-dual-band\/\" \/>\n<meta property=\"og:locale\" content=\"es_ES\" \/>\n<meta property=\"og:type\" content=\"article\" \/>\n<meta property=\"og:title\" content=\"Ubiquiti U6-Lite AP 2x2 WiFi6 Dual Band - Aivlisoft Inform\u00e1tica\" \/>\n<meta property=\"og:description\" content=\"Marca Ubiquiti Modelo U6-Lite Especificaciones Mec&aacute;nicas &#8211; Dimensiones: &Oslash;160 x 32,65 mm (&Oslash;6,3 x 1,3&quot;) &#8211; Peso Sin montura: 300 g (10,6 oz) &#8211; Peso Con montura: 315 g (11,1 oz) &#8211; Materiales de la carcasa: Policarbonato, aluminio &#8211; Materiales de montaje: Policarbonato, acero SGCC Software &#8211; Normas Wi-Fi &nbsp;&nbsp; 802.11a\/b\/g &nbsp;&nbsp; WiFi 4\/WiFi 5\/WiFi&hellip;&nbsp;Ubiquiti U6-Lite AP 2&#215;2 WiFi6 Dual Band\" \/>\n<meta property=\"og:url\" content=\"https:\/\/aivlisoft.net\/shop\/producto\/ubiquiti-u6-lite-ap-2x2-wifi6-dual-band\/\" \/>\n<meta property=\"og:site_name\" content=\"Aivlisoft Inform\u00e1tica\" \/>\n<meta property=\"article:modified_time\" content=\"2025-01-14T11:47:07+00:00\" \/>\n<meta property=\"og:image\" content=\"https:\/\/aivlisoft.net\/shop\/wp-content\/uploads\/2025\/01\/NSWPAC0474_800.jpg\" \/>\n\t<meta property=\"og:image:width\" content=\"800\" \/>\n\t<meta property=\"og:image:height\" content=\"800\" \/>\n\t<meta property=\"og:image:type\" content=\"image\/jpeg\" \/>\n<meta name=\"twitter:card\" content=\"summary_large_image\" \/>\n<meta name=\"twitter:label1\" content=\"Tiempo de lectura\" \/>\n\t<meta name=\"twitter:data1\" content=\"1 minuto\" \/>\n<script type=\"application\/ld+json\" class=\"yoast-schema-graph\">{\"@context\":\"https:\/\/schema.org\",\"@graph\":[{\"@type\":\"WebPage\",\"@id\":\"https:\/\/aivlisoft.net\/shop\/producto\/ubiquiti-u6-lite-ap-2x2-wifi6-dual-band\/\",\"url\":\"https:\/\/aivlisoft.net\/shop\/producto\/ubiquiti-u6-lite-ap-2x2-wifi6-dual-band\/\",\"name\":\"Ubiquiti U6-Lite AP 2x2 WiFi6 Dual Band - Aivlisoft Inform\u00e1tica\",\"isPartOf\":{\"@id\":\"https:\/\/aivlisoft.net\/shop\/#website\"},\"primaryImageOfPage\":{\"@id\":\"https:\/\/aivlisoft.net\/shop\/producto\/ubiquiti-u6-lite-ap-2x2-wifi6-dual-band\/#primaryimage\"},\"image\":{\"@id\":\"https:\/\/aivlisoft.net\/shop\/producto\/ubiquiti-u6-lite-ap-2x2-wifi6-dual-band\/#primaryimage\"},\"thumbnailUrl\":\"https:\/\/aivlisoft.net\/shop\/wp-content\/uploads\/2025\/01\/NSWPAC0474_800.jpg\",\"datePublished\":\"2025-01-13T15:36:13+00:00\",\"dateModified\":\"2025-01-14T11:47:07+00:00\",\"breadcrumb\":{\"@id\":\"https:\/\/aivlisoft.net\/shop\/producto\/ubiquiti-u6-lite-ap-2x2-wifi6-dual-band\/#breadcrumb\"},\"inLanguage\":\"es\",\"potentialAction\":[{\"@type\":\"ReadAction\",\"target\":[\"https:\/\/aivlisoft.net\/shop\/producto\/ubiquiti-u6-lite-ap-2x2-wifi6-dual-band\/\"]}]},{\"@type\":\"ImageObject\",\"inLanguage\":\"es\",\"@id\":\"https:\/\/aivlisoft.net\/shop\/producto\/ubiquiti-u6-lite-ap-2x2-wifi6-dual-band\/#primaryimage\",\"url\":\"https:\/\/aivlisoft.net\/shop\/wp-content\/uploads\/2025\/01\/NSWPAC0474_800.jpg\",\"contentUrl\":\"https:\/\/aivlisoft.net\/shop\/wp-content\/uploads\/2025\/01\/NSWPAC0474_800.jpg\",\"width\":800,\"height\":800},{\"@type\":\"BreadcrumbList\",\"@id\":\"https:\/\/aivlisoft.net\/shop\/producto\/ubiquiti-u6-lite-ap-2x2-wifi6-dual-band\/#breadcrumb\",\"itemListElement\":[{\"@type\":\"ListItem\",\"position\":1,\"name\":\"Portada\",\"item\":\"https:\/\/aivlisoft.net\/shop\/\"},{\"@type\":\"ListItem\",\"position\":2,\"name\":\"Tienda\",\"item\":\"https:\/\/aivlisoft.net\/shop\/tienda\/\"},{\"@type\":\"ListItem\",\"position\":3,\"name\":\"Ubiquiti U6-Lite AP 2&#215;2 WiFi6 Dual Band\"}]},{\"@type\":\"WebSite\",\"@id\":\"https:\/\/aivlisoft.net\/shop\/#website\",\"url\":\"https:\/\/aivlisoft.net\/shop\/\",\"name\":\"Aivlisoft Inform\u00e1tica\",\"description\":\"En Aivlisoft Inform\u00e1tica ofrecemos soluciones tecnol\u00f3gicas para empresas: venta de ordenadores, consumibles, perif\u00e9ricos y m\u00e1s. Calidad, atenci\u00f3n personalizada y los mejores precios para tu negocio.\",\"publisher\":{\"@id\":\"https:\/\/aivlisoft.net\/shop\/#organization\"},\"potentialAction\":[{\"@type\":\"SearchAction\",\"target\":{\"@type\":\"EntryPoint\",\"urlTemplate\":\"https:\/\/aivlisoft.net\/shop\/?s={search_term_string}\"},\"query-input\":{\"@type\":\"PropertyValueSpecification\",\"valueRequired\":true,\"valueName\":\"search_term_string\"}}],\"inLanguage\":\"es\"},{\"@type\":\"Organization\",\"@id\":\"https:\/\/aivlisoft.net\/shop\/#organization\",\"name\":\"Aivlisoft Inform\u00e1tica\",\"url\":\"https:\/\/aivlisoft.net\/shop\/\",\"logo\":{\"@type\":\"ImageObject\",\"inLanguage\":\"es\",\"@id\":\"https:\/\/aivlisoft.net\/shop\/#\/schema\/logo\/image\/\",\"url\":\"https:\/\/aivlisoft.net\/shop\/wp-content\/uploads\/2024\/12\/removal.ai_5b848c54-0cdf-4140-95c5-c5536bb7573b-logodef.png\",\"contentUrl\":\"https:\/\/aivlisoft.net\/shop\/wp-content\/uploads\/2024\/12\/removal.ai_5b848c54-0cdf-4140-95c5-c5536bb7573b-logodef.png\",\"width\":484,\"height\":182,\"caption\":\"Aivlisoft Inform\u00e1tica\"},\"image\":{\"@id\":\"https:\/\/aivlisoft.net\/shop\/#\/schema\/logo\/image\/\"}}]}<\/script>\n<!-- \/ Yoast SEO plugin. -->","yoast_head_json":{"title":"Ubiquiti U6-Lite AP 2x2 WiFi6 Dual Band - Aivlisoft Inform\u00e1tica","robots":{"index":"index","follow":"follow","max-snippet":"max-snippet:-1","max-image-preview":"max-image-preview:large","max-video-preview":"max-video-preview:-1"},"canonical":"https:\/\/aivlisoft.net\/shop\/producto\/ubiquiti-u6-lite-ap-2x2-wifi6-dual-band\/","og_locale":"es_ES","og_type":"article","og_title":"Ubiquiti U6-Lite AP 2x2 WiFi6 Dual Band - Aivlisoft Inform\u00e1tica","og_description":"Marca Ubiquiti Modelo U6-Lite Especificaciones Mec&aacute;nicas &#8211; Dimensiones: &Oslash;160 x 32,65 mm (&Oslash;6,3 x 1,3&quot;) &#8211; Peso Sin montura: 300 g (10,6 oz) &#8211; Peso Con montura: 315 g (11,1 oz) &#8211; Materiales de la carcasa: Policarbonato, aluminio &#8211; Materiales de montaje: Policarbonato, acero SGCC Software &#8211; Normas Wi-Fi &nbsp;&nbsp; 802.11a\/b\/g &nbsp;&nbsp; WiFi 4\/WiFi 5\/WiFi&hellip;&nbsp;Ubiquiti U6-Lite AP 2&#215;2 WiFi6 Dual Band","og_url":"https:\/\/aivlisoft.net\/shop\/producto\/ubiquiti-u6-lite-ap-2x2-wifi6-dual-band\/","og_site_name":"Aivlisoft Inform\u00e1tica","article_modified_time":"2025-01-14T11:47:07+00:00","og_image":[{"width":800,"height":800,"url":"https:\/\/aivlisoft.net\/shop\/wp-content\/uploads\/2025\/01\/NSWPAC0474_800.jpg","type":"image\/jpeg"}],"twitter_card":"summary_large_image","twitter_misc":{"Tiempo de lectura":"1 minuto"},"schema":{"@context":"https:\/\/schema.org","@graph":[{"@type":"WebPage","@id":"https:\/\/aivlisoft.net\/shop\/producto\/ubiquiti-u6-lite-ap-2x2-wifi6-dual-band\/","url":"https:\/\/aivlisoft.net\/shop\/producto\/ubiquiti-u6-lite-ap-2x2-wifi6-dual-band\/","name":"Ubiquiti U6-Lite AP 2x2 WiFi6 Dual Band - Aivlisoft Inform\u00e1tica","isPartOf":{"@id":"https:\/\/aivlisoft.net\/shop\/#website"},"primaryImageOfPage":{"@id":"https:\/\/aivlisoft.net\/shop\/producto\/ubiquiti-u6-lite-ap-2x2-wifi6-dual-band\/#primaryimage"},"image":{"@id":"https:\/\/aivlisoft.net\/shop\/producto\/ubiquiti-u6-lite-ap-2x2-wifi6-dual-band\/#primaryimage"},"thumbnailUrl":"https:\/\/aivlisoft.net\/shop\/wp-content\/uploads\/2025\/01\/NSWPAC0474_800.jpg","datePublished":"2025-01-13T15:36:13+00:00","dateModified":"2025-01-14T11:47:07+00:00","breadcrumb":{"@id":"https:\/\/aivlisoft.net\/shop\/producto\/ubiquiti-u6-lite-ap-2x2-wifi6-dual-band\/#breadcrumb"},"inLanguage":"es","potentialAction":[{"@type":"ReadAction","target":["https:\/\/aivlisoft.net\/shop\/producto\/ubiquiti-u6-lite-ap-2x2-wifi6-dual-band\/"]}]},{"@type":"ImageObject","inLanguage":"es","@id":"https:\/\/aivlisoft.net\/shop\/producto\/ubiquiti-u6-lite-ap-2x2-wifi6-dual-band\/#primaryimage","url":"https:\/\/aivlisoft.net\/shop\/wp-content\/uploads\/2025\/01\/NSWPAC0474_800.jpg","contentUrl":"https:\/\/aivlisoft.net\/shop\/wp-content\/uploads\/2025\/01\/NSWPAC0474_800.jpg","width":800,"height":800},{"@type":"BreadcrumbList","@id":"https:\/\/aivlisoft.net\/shop\/producto\/ubiquiti-u6-lite-ap-2x2-wifi6-dual-band\/#breadcrumb","itemListElement":[{"@type":"ListItem","position":1,"name":"Portada","item":"https:\/\/aivlisoft.net\/shop\/"},{"@type":"ListItem","position":2,"name":"Tienda","item":"https:\/\/aivlisoft.net\/shop\/tienda\/"},{"@type":"ListItem","position":3,"name":"Ubiquiti U6-Lite AP 2&#215;2 WiFi6 Dual Band"}]},{"@type":"WebSite","@id":"https:\/\/aivlisoft.net\/shop\/#website","url":"https:\/\/aivlisoft.net\/shop\/","name":"Aivlisoft Inform\u00e1tica","description":"En Aivlisoft Inform\u00e1tica ofrecemos soluciones tecnol\u00f3gicas para empresas: venta de ordenadores, consumibles, perif\u00e9ricos y m\u00e1s. Calidad, atenci\u00f3n personalizada y los mejores precios para tu negocio.","publisher":{"@id":"https:\/\/aivlisoft.net\/shop\/#organization"},"potentialAction":[{"@type":"SearchAction","target":{"@type":"EntryPoint","urlTemplate":"https:\/\/aivlisoft.net\/shop\/?s={search_term_string}"},"query-input":{"@type":"PropertyValueSpecification","valueRequired":true,"valueName":"search_term_string"}}],"inLanguage":"es"},{"@type":"Organization","@id":"https:\/\/aivlisoft.net\/shop\/#organization","name":"Aivlisoft Inform\u00e1tica","url":"https:\/\/aivlisoft.net\/shop\/","logo":{"@type":"ImageObject","inLanguage":"es","@id":"https:\/\/aivlisoft.net\/shop\/#\/schema\/logo\/image\/","url":"https:\/\/aivlisoft.net\/shop\/wp-content\/uploads\/2024\/12\/removal.ai_5b848c54-0cdf-4140-95c5-c5536bb7573b-logodef.png","contentUrl":"https:\/\/aivlisoft.net\/shop\/wp-content\/uploads\/2024\/12\/removal.ai_5b848c54-0cdf-4140-95c5-c5536bb7573b-logodef.png","width":484,"height":182,"caption":"Aivlisoft Inform\u00e1tica"},"image":{"@id":"https:\/\/aivlisoft.net\/shop\/#\/schema\/logo\/image\/"}}]}},"_links":{"self":[{"href":"https:\/\/aivlisoft.net\/shop\/wp-json\/wp\/v2\/product\/19790","targetHints":{"allow":["GET"]}}],"collection":[{"href":"https:\/\/aivlisoft.net\/shop\/wp-json\/wp\/v2\/product"}],"about":[{"href":"https:\/\/aivlisoft.net\/shop\/wp-json\/wp\/v2\/types\/product"}],"wp:featuredmedia":[{"embeddable":true,"href":"https:\/\/aivlisoft.net\/shop\/wp-json\/wp\/v2\/media\/19791"}],"wp:attachment":[{"href":"https:\/\/aivlisoft.net\/shop\/wp-json\/wp\/v2\/media?parent=19790"}],"wp:term":[{"taxonomy":"product_brand","embeddable":true,"href":"https:\/\/aivlisoft.net\/shop\/wp-json\/wp\/v2\/product_brand?post=19790"},{"taxonomy":"product_cat","embeddable":true,"href":"https:\/\/aivlisoft.net\/shop\/wp-json\/wp\/v2\/product_cat?post=19790"},{"taxonomy":"product_tag","embeddable":true,"href":"https:\/\/aivlisoft.net\/shop\/wp-json\/wp\/v2\/product_tag?post=19790"}],"curies":[{"name":"wp","href":"https:\/\/api.w.org\/{rel}","templated":true}]}}