{"id":19780,"date":"2025-01-13T15:36:07","date_gmt":"2025-01-13T15:36:07","guid":{"rendered":"https:\/\/aivlisoft.com\/?post_type=product&#038;p=19780"},"modified":"2025-01-14T11:47:05","modified_gmt":"2025-01-14T11:47:05","slug":"tp-link-eap660hd-ap-wifi6-ax3600-techo-dual-1x2-5g","status":"publish","type":"product","link":"https:\/\/aivlisoft.net\/shop\/producto\/tp-link-eap660hd-ap-wifi6-ax3600-techo-dual-1x2-5g\/","title":{"rendered":"TP-Link EAP660HD AP WiFi6 AX3600 Techo Dual 1&#215;2.5G"},"content":{"rendered":"<p>&nbsp;<\/p>\n<table class=\"tabla_caracteristicas\" width=\"100%\">\n<tr>\n<td valign=\"top\" width=\"35%\"><b>Marca<\/b><\/td>\n<td valign=\"top\" width=\"65%\">TP-LINK<\/td>\n<\/tr>\n<tr>\n<td valign=\"top\" width=\"35%\"><b>Modelo<\/b><\/td>\n<td valign=\"top\" width=\"65%\">\n<div><strong>EAP660 HD<\/strong><\/div>\n<\/td>\n<\/tr>\n<tr>\n<td valign=\"top\" width=\"35%\"><b>Caracter&iacute;sticas<\/b><\/td>\n<td valign=\"top\" width=\"65%\"><strong>Hardware<\/strong><br \/>\t\t\t&#8211; Interfaz: 1 puerto Ethernet de 2,5 Gbps (compatible con IEEE802.3at PoE)<br \/>\t\t\t&#8211; Botones: Reset<br \/>\t\t\t&#8211; Fuente de Alimentaci&oacute;n:<br \/>\t\t\t&nbsp; 802.3at PoE<br \/>\t\t\t&nbsp; 12 V DC<br \/>\t\t\t&#8211; Consumo de Potencia:<br \/>\t\t\t&nbsp; EU: 18.5 W<br \/>\t\t\t&nbsp; US: 21.5 W<br \/>\t\t\t&#8211; Dimensiones: 243 &times; 243 &times; 64 mm<br \/>\t\t\t&#8211; Tipo de Antena: Internal Omni<br \/>\t\t\t&nbsp; 2.4 GHz: 4&times; 4 dBi<br \/>\t\t\t&nbsp; 5 GHz: 4&times; 5 dBi<br \/>\t\t\t&#8211; Montaje: Montaje en techo\/pared (Kit incluido)<br \/>\t\t\t<strong>Inal&aacute;mbricas<\/strong><br \/>\t\t\t&#8211; Est&aacute;ndares Inal&aacute;mbricos: IEEE 802.11ax\/ac\/n\/g\/b\/a<br \/>\t\t\t&#8211; Frecuencia: 2.4GHz y 5GHz<br \/>\t\t\t&#8211; Tasa de Se&ntilde;al:<br \/>\t\t\t&nbsp; 5GHz: Hasta 2402 Mbps<br \/>\t\t\t&nbsp; 2.4GHz: Hasta 1148 Mbps<br \/>\t\t\t&#8211; Funciones Inal&aacute;mbricas:<br \/>\t\t\t&nbsp; 1024-QAM<br \/>\t\t\t&nbsp; S&iacute;mbolo OFDM 4 &times; m&aacute;s largo<br \/>\t\t\t&nbsp; OFDMA<br \/>\t\t\t&nbsp; M&uacute;ltiples SSID (hasta 16 SSID, 8 para cada banda)<br \/>\t\t\t&nbsp; Activar \/ desactivar radio inal&aacute;mbrica<br \/>\t\t\t&nbsp; Asignaci&oacute;n autom&aacute;tica de canales<br \/>\t\t\t&nbsp; Control de potencia de transmisi&oacute;n (ajuste la potencia de transmisi&oacute;n en dBm)<br \/>\t\t\t&nbsp; QoS (WMM)<br \/>\t\t\t&nbsp; MU-MIMO<br \/>\t\t\t&nbsp; Itinerancia sin problemas<br \/>\t\t\t&nbsp; Omada Mesh<br \/>\t\t\t&nbsp; Direcci&oacute;n de banda<br \/>\t\t\t&nbsp; Equilibrio de carga<br \/>\t\t\t&nbsp; Equidad de tiempo aire<br \/>\t\t\t&nbsp; Formaci&oacute;n de haz<br \/>\t\t\t&nbsp; L&iacute;mite de tarifa<br \/>\t\t\t&nbsp; Programa de reinicio<br \/>\t\t\t&nbsp; Horario inal&aacute;mbrico<br \/>\t\t\t&nbsp; Estad&iacute;sticas inal&aacute;mbricas basadas en SSID \/ AP \/ Client<br \/>\t\t\t&#8211; Seguridad Inal&aacute;mbrica:<br \/>\t\t\t&nbsp; Autenticaci&oacute;n Portal Cautivo<br \/>\t\t\t&nbsp; Control de acceso<br \/>\t\t\t&nbsp; Filtrado de Direcciones MAC Inal&aacute;mbricas<br \/>\t\t\t&nbsp; Aislamiento inal&aacute;mbrico entre clientes<br \/>\t\t\t&nbsp; Asignaci&oacute;n de SSID a VLAN<br \/>\t\t\t&nbsp; Detecci&oacute;n AP Clandestino<br \/>\t\t\t&nbsp; Soporte 802.1X<br \/>\t\t\t&nbsp; WEP, WPA-Personal \/ Enterprise, WPA2-Personal \/ Enterprise, WPA3-Personal \/ Enterprise<br \/>\t\t\t&#8211; Potencia de Transmisi&oacute;n:<br \/>\t\t\t&nbsp; CE:<br \/>\t\t\t&nbsp; &lt;20 dBm(2.4 GHz, EIRP)<br \/>\t\t\t&nbsp; &lt;23 dBm(5 GHz, EIRP)<br \/>\t\t\t&nbsp; FCC:<br \/>\t\t\t&nbsp; &lt;26 dBm (2.4 GHz)<br \/>\t\t\t&nbsp; &lt;26 dBm (5 GHz)<br \/>\t\t\t<strong>Gesti&oacute;n<\/strong><br \/>\t\t\t&#8211; Omada App &nbsp;&nbsp; &nbsp;<br \/>\t\t\t&#8211; Centralized Management &nbsp;&nbsp; &nbsp;<br \/>\t\t\t&nbsp; Omada Cloud-Based Controller<br \/>\t\t\t&nbsp; Omada Hardware Controller (OC300)<br \/>\t\t\t&nbsp; Omada Hardware Controller (OC200)<br \/>\t\t\t&nbsp; Omada Software Controller<br \/>\t\t\t&#8211; Cloud Access: (V&iacute;a controlador Omada Software o OC200)<br \/>\t\t\t&#8211; Alertas por Correo Electr&oacute;nico &nbsp;&nbsp; &nbsp;<br \/>\t\t\t&#8211; LED de control: ON \/ OFF &nbsp;&nbsp; &nbsp;<br \/>\t\t\t&#8211; Control de Gesti&oacute;n de Acceso MAC &nbsp;&nbsp; &nbsp;<br \/>\t\t\t&#8211; SNMP: v1, v2c, v3<br \/>\t\t\t&#8211; Acceso al Registro de stema Local\/ Registro del stema Remoto: Local\/Remoto Syslog<br \/>\t\t\t&#8211; SSH &nbsp;&nbsp; &nbsp;<br \/>\t\t\t&#8211; Gesti&oacute;n basada en Web: HTTP\/HTTPS<br \/>\t\t\t&#8211; Gesti&oacute;n L3 &nbsp;&nbsp; &nbsp;<br \/>\t\t\t&#8211; Gesti&oacute;n Multi-tio &nbsp;&nbsp; &nbsp;<br \/>\t\t\t&#8211; VLAN de Gesti&oacute;n &nbsp;&nbsp;&nbsp;<\/td>\n<\/tr>\n<tr>\n<td valign=\"top\" width=\"35%\"><b>Otras caracter&iacute;sticas<\/b><\/td>\n<td valign=\"top\" width=\"65%\">&#8211; Certificaciones: CE, FCC, RoHS<br \/>\t\t\t&#8211; Requisitos del sistema: Microsoft Windows XP, Vista, Windows 7, Windows 8, Windows10, Linux, MAC (navegador web)<br \/>\t\t\t&#8211; Factores Ambientales:<br \/>\t\t\t&nbsp; Temperatura de Funcionamiento: 0&ordm;C~40&ordm;C (32&ordm;C~104&ordm;C)<br \/>\t\t\t&nbsp; Temperatura de Almacenamiento: -40&ordm;C~70&ordm;C (-40&ordm;C~158&ordm;C)<br \/>\t\t\t&nbsp; Humedad de Funcionamiento: 10%~90% sin condensaci&oacute;n<br \/>\t\t\t&nbsp; Humedad de Almacenamiento: 5%~90% sin condensaci&oacute;n<br \/>\t\t\t<strong>Contenido del Paquete:<\/strong><br \/>\t\t\t&#8211; EAP660 HD<br \/>\t\t\t&#8211; Adaptador de energ&iacute;a<br \/>\t\t\t&#8211; Kit montaje en techo\/pared<br \/>\t\t\t&#8211; Gu&iacute;a de instalaci&oacute;n<\/td>\n<\/tr>\n<tr>\n<td valign=\"top\" width=\"35%\"><b>Fecha de revisi&oacute;n<\/b><\/td>\n<td valign=\"top\" width=\"65%\">03-02-2022 por MPM<\/td>\n<\/tr>\n<\/table>\n","protected":false},"excerpt":{"rendered":"<p>&nbsp; Marca TP-LINK Modelo EAP660 HD Caracter&iacute;sticas Hardware &#8211; Interfaz: 1 puerto Ethernet de 2,5 Gbps (compatible con IEEE802.3at PoE) &#8211; Botones: Reset &#8211; Fuente de Alimentaci&oacute;n: &nbsp; 802.3at PoE &nbsp; 12 V DC &#8211; Consumo de Potencia: &nbsp; EU: 18.5 W &nbsp; US: 21.5 W &#8211; Dimensiones: 243 &times; 243 &times; 64 mm &#8211;&hellip;&nbsp;<a href=\"https:\/\/aivlisoft.net\/shop\/producto\/tp-link-eap660hd-ap-wifi6-ax3600-techo-dual-1x2-5g\/\" rel=\"bookmark\"><span class=\"screen-reader-text\">TP-Link EAP660HD AP WiFi6 AX3600 Techo Dual 1&#215;2.5G<\/span><\/a><\/p>\n","protected":false},"featured_media":19781,"template":"","meta":{"neve_meta_sidebar":"","neve_meta_container":"","neve_meta_enable_content_width":"","neve_meta_content_width":0,"neve_meta_title_alignment":"","neve_meta_author_avatar":"","neve_post_elements_order":"","neve_meta_disable_header":"","neve_meta_disable_footer":"","neve_meta_disable_title":""},"product_brand":[],"product_cat":[8770],"product_tag":[7116],"class_list":{"0":"post-19780","1":"product","2":"type-product","3":"status-publish","4":"has-post-thumbnail","6":"product_cat-puntos-de-acceso","7":"product_tag-eap660-hd","9":"first","10":"instock","11":"taxable","12":"shipping-taxable","13":"purchasable","14":"product-type-simple"},"yoast_head":"<!-- This site is optimized with the Yoast SEO plugin v26.0 - https:\/\/yoast.com\/wordpress\/plugins\/seo\/ -->\n<title>TP-Link EAP660HD AP WiFi6 AX3600 Techo Dual 1x2.5G - Aivlisoft Inform\u00e1tica<\/title>\n<meta name=\"robots\" content=\"index, follow, max-snippet:-1, max-image-preview:large, max-video-preview:-1\" \/>\n<link rel=\"canonical\" href=\"https:\/\/aivlisoft.net\/shop\/producto\/tp-link-eap660hd-ap-wifi6-ax3600-techo-dual-1x2-5g\/\" \/>\n<meta property=\"og:locale\" content=\"es_ES\" \/>\n<meta property=\"og:type\" content=\"article\" \/>\n<meta property=\"og:title\" content=\"TP-Link EAP660HD AP WiFi6 AX3600 Techo Dual 1x2.5G - Aivlisoft Inform\u00e1tica\" \/>\n<meta property=\"og:description\" content=\"&nbsp; Marca TP-LINK Modelo EAP660 HD Caracter&iacute;sticas Hardware &#8211; Interfaz: 1 puerto Ethernet de 2,5 Gbps (compatible con IEEE802.3at PoE) &#8211; Botones: Reset &#8211; Fuente de Alimentaci&oacute;n: &nbsp; 802.3at PoE &nbsp; 12 V DC &#8211; Consumo de Potencia: &nbsp; EU: 18.5 W &nbsp; US: 21.5 W &#8211; Dimensiones: 243 &times; 243 &times; 64 mm &#8211;&hellip;&nbsp;TP-Link EAP660HD AP WiFi6 AX3600 Techo Dual 1&#215;2.5G\" \/>\n<meta property=\"og:url\" content=\"https:\/\/aivlisoft.net\/shop\/producto\/tp-link-eap660hd-ap-wifi6-ax3600-techo-dual-1x2-5g\/\" \/>\n<meta property=\"og:site_name\" content=\"Aivlisoft Inform\u00e1tica\" \/>\n<meta property=\"article:modified_time\" content=\"2025-01-14T11:47:05+00:00\" \/>\n<meta property=\"og:image\" content=\"https:\/\/aivlisoft.net\/shop\/wp-content\/uploads\/2025\/01\/NSWPAC0472_800.jpg\" \/>\n\t<meta property=\"og:image:width\" content=\"800\" \/>\n\t<meta property=\"og:image:height\" content=\"800\" \/>\n\t<meta property=\"og:image:type\" content=\"image\/jpeg\" \/>\n<meta name=\"twitter:card\" content=\"summary_large_image\" \/>\n<meta name=\"twitter:label1\" content=\"Tiempo de lectura\" \/>\n\t<meta name=\"twitter:data1\" content=\"3 minutos\" \/>\n<script type=\"application\/ld+json\" class=\"yoast-schema-graph\">{\"@context\":\"https:\/\/schema.org\",\"@graph\":[{\"@type\":\"WebPage\",\"@id\":\"https:\/\/aivlisoft.net\/shop\/producto\/tp-link-eap660hd-ap-wifi6-ax3600-techo-dual-1x2-5g\/\",\"url\":\"https:\/\/aivlisoft.net\/shop\/producto\/tp-link-eap660hd-ap-wifi6-ax3600-techo-dual-1x2-5g\/\",\"name\":\"TP-Link EAP660HD AP WiFi6 AX3600 Techo Dual 1x2.5G - Aivlisoft Inform\u00e1tica\",\"isPartOf\":{\"@id\":\"https:\/\/aivlisoft.net\/shop\/#website\"},\"primaryImageOfPage\":{\"@id\":\"https:\/\/aivlisoft.net\/shop\/producto\/tp-link-eap660hd-ap-wifi6-ax3600-techo-dual-1x2-5g\/#primaryimage\"},\"image\":{\"@id\":\"https:\/\/aivlisoft.net\/shop\/producto\/tp-link-eap660hd-ap-wifi6-ax3600-techo-dual-1x2-5g\/#primaryimage\"},\"thumbnailUrl\":\"https:\/\/aivlisoft.net\/shop\/wp-content\/uploads\/2025\/01\/NSWPAC0472_800.jpg\",\"datePublished\":\"2025-01-13T15:36:07+00:00\",\"dateModified\":\"2025-01-14T11:47:05+00:00\",\"breadcrumb\":{\"@id\":\"https:\/\/aivlisoft.net\/shop\/producto\/tp-link-eap660hd-ap-wifi6-ax3600-techo-dual-1x2-5g\/#breadcrumb\"},\"inLanguage\":\"es\",\"potentialAction\":[{\"@type\":\"ReadAction\",\"target\":[\"https:\/\/aivlisoft.net\/shop\/producto\/tp-link-eap660hd-ap-wifi6-ax3600-techo-dual-1x2-5g\/\"]}]},{\"@type\":\"ImageObject\",\"inLanguage\":\"es\",\"@id\":\"https:\/\/aivlisoft.net\/shop\/producto\/tp-link-eap660hd-ap-wifi6-ax3600-techo-dual-1x2-5g\/#primaryimage\",\"url\":\"https:\/\/aivlisoft.net\/shop\/wp-content\/uploads\/2025\/01\/NSWPAC0472_800.jpg\",\"contentUrl\":\"https:\/\/aivlisoft.net\/shop\/wp-content\/uploads\/2025\/01\/NSWPAC0472_800.jpg\",\"width\":800,\"height\":800},{\"@type\":\"BreadcrumbList\",\"@id\":\"https:\/\/aivlisoft.net\/shop\/producto\/tp-link-eap660hd-ap-wifi6-ax3600-techo-dual-1x2-5g\/#breadcrumb\",\"itemListElement\":[{\"@type\":\"ListItem\",\"position\":1,\"name\":\"Portada\",\"item\":\"https:\/\/aivlisoft.net\/shop\/\"},{\"@type\":\"ListItem\",\"position\":2,\"name\":\"Tienda\",\"item\":\"https:\/\/aivlisoft.net\/shop\/tienda\/\"},{\"@type\":\"ListItem\",\"position\":3,\"name\":\"TP-Link EAP660HD AP WiFi6 AX3600 Techo Dual 1&#215;2.5G\"}]},{\"@type\":\"WebSite\",\"@id\":\"https:\/\/aivlisoft.net\/shop\/#website\",\"url\":\"https:\/\/aivlisoft.net\/shop\/\",\"name\":\"Aivlisoft Inform\u00e1tica\",\"description\":\"En Aivlisoft Inform\u00e1tica ofrecemos soluciones tecnol\u00f3gicas para empresas: venta de ordenadores, consumibles, perif\u00e9ricos y m\u00e1s. Calidad, atenci\u00f3n personalizada y los mejores precios para tu negocio.\",\"publisher\":{\"@id\":\"https:\/\/aivlisoft.net\/shop\/#organization\"},\"potentialAction\":[{\"@type\":\"SearchAction\",\"target\":{\"@type\":\"EntryPoint\",\"urlTemplate\":\"https:\/\/aivlisoft.net\/shop\/?s={search_term_string}\"},\"query-input\":{\"@type\":\"PropertyValueSpecification\",\"valueRequired\":true,\"valueName\":\"search_term_string\"}}],\"inLanguage\":\"es\"},{\"@type\":\"Organization\",\"@id\":\"https:\/\/aivlisoft.net\/shop\/#organization\",\"name\":\"Aivlisoft Inform\u00e1tica\",\"url\":\"https:\/\/aivlisoft.net\/shop\/\",\"logo\":{\"@type\":\"ImageObject\",\"inLanguage\":\"es\",\"@id\":\"https:\/\/aivlisoft.net\/shop\/#\/schema\/logo\/image\/\",\"url\":\"https:\/\/aivlisoft.net\/shop\/wp-content\/uploads\/2024\/12\/removal.ai_5b848c54-0cdf-4140-95c5-c5536bb7573b-logodef.png\",\"contentUrl\":\"https:\/\/aivlisoft.net\/shop\/wp-content\/uploads\/2024\/12\/removal.ai_5b848c54-0cdf-4140-95c5-c5536bb7573b-logodef.png\",\"width\":484,\"height\":182,\"caption\":\"Aivlisoft Inform\u00e1tica\"},\"image\":{\"@id\":\"https:\/\/aivlisoft.net\/shop\/#\/schema\/logo\/image\/\"}}]}<\/script>\n<!-- \/ Yoast SEO plugin. -->","yoast_head_json":{"title":"TP-Link EAP660HD AP WiFi6 AX3600 Techo Dual 1x2.5G - Aivlisoft Inform\u00e1tica","robots":{"index":"index","follow":"follow","max-snippet":"max-snippet:-1","max-image-preview":"max-image-preview:large","max-video-preview":"max-video-preview:-1"},"canonical":"https:\/\/aivlisoft.net\/shop\/producto\/tp-link-eap660hd-ap-wifi6-ax3600-techo-dual-1x2-5g\/","og_locale":"es_ES","og_type":"article","og_title":"TP-Link EAP660HD AP WiFi6 AX3600 Techo Dual 1x2.5G - Aivlisoft Inform\u00e1tica","og_description":"&nbsp; Marca TP-LINK Modelo EAP660 HD Caracter&iacute;sticas Hardware &#8211; Interfaz: 1 puerto Ethernet de 2,5 Gbps (compatible con IEEE802.3at PoE) &#8211; Botones: Reset &#8211; Fuente de Alimentaci&oacute;n: &nbsp; 802.3at PoE &nbsp; 12 V DC &#8211; Consumo de Potencia: &nbsp; EU: 18.5 W &nbsp; US: 21.5 W &#8211; Dimensiones: 243 &times; 243 &times; 64 mm &#8211;&hellip;&nbsp;TP-Link EAP660HD AP WiFi6 AX3600 Techo Dual 1&#215;2.5G","og_url":"https:\/\/aivlisoft.net\/shop\/producto\/tp-link-eap660hd-ap-wifi6-ax3600-techo-dual-1x2-5g\/","og_site_name":"Aivlisoft Inform\u00e1tica","article_modified_time":"2025-01-14T11:47:05+00:00","og_image":[{"width":800,"height":800,"url":"https:\/\/aivlisoft.net\/shop\/wp-content\/uploads\/2025\/01\/NSWPAC0472_800.jpg","type":"image\/jpeg"}],"twitter_card":"summary_large_image","twitter_misc":{"Tiempo de lectura":"3 minutos"},"schema":{"@context":"https:\/\/schema.org","@graph":[{"@type":"WebPage","@id":"https:\/\/aivlisoft.net\/shop\/producto\/tp-link-eap660hd-ap-wifi6-ax3600-techo-dual-1x2-5g\/","url":"https:\/\/aivlisoft.net\/shop\/producto\/tp-link-eap660hd-ap-wifi6-ax3600-techo-dual-1x2-5g\/","name":"TP-Link EAP660HD AP WiFi6 AX3600 Techo Dual 1x2.5G - Aivlisoft Inform\u00e1tica","isPartOf":{"@id":"https:\/\/aivlisoft.net\/shop\/#website"},"primaryImageOfPage":{"@id":"https:\/\/aivlisoft.net\/shop\/producto\/tp-link-eap660hd-ap-wifi6-ax3600-techo-dual-1x2-5g\/#primaryimage"},"image":{"@id":"https:\/\/aivlisoft.net\/shop\/producto\/tp-link-eap660hd-ap-wifi6-ax3600-techo-dual-1x2-5g\/#primaryimage"},"thumbnailUrl":"https:\/\/aivlisoft.net\/shop\/wp-content\/uploads\/2025\/01\/NSWPAC0472_800.jpg","datePublished":"2025-01-13T15:36:07+00:00","dateModified":"2025-01-14T11:47:05+00:00","breadcrumb":{"@id":"https:\/\/aivlisoft.net\/shop\/producto\/tp-link-eap660hd-ap-wifi6-ax3600-techo-dual-1x2-5g\/#breadcrumb"},"inLanguage":"es","potentialAction":[{"@type":"ReadAction","target":["https:\/\/aivlisoft.net\/shop\/producto\/tp-link-eap660hd-ap-wifi6-ax3600-techo-dual-1x2-5g\/"]}]},{"@type":"ImageObject","inLanguage":"es","@id":"https:\/\/aivlisoft.net\/shop\/producto\/tp-link-eap660hd-ap-wifi6-ax3600-techo-dual-1x2-5g\/#primaryimage","url":"https:\/\/aivlisoft.net\/shop\/wp-content\/uploads\/2025\/01\/NSWPAC0472_800.jpg","contentUrl":"https:\/\/aivlisoft.net\/shop\/wp-content\/uploads\/2025\/01\/NSWPAC0472_800.jpg","width":800,"height":800},{"@type":"BreadcrumbList","@id":"https:\/\/aivlisoft.net\/shop\/producto\/tp-link-eap660hd-ap-wifi6-ax3600-techo-dual-1x2-5g\/#breadcrumb","itemListElement":[{"@type":"ListItem","position":1,"name":"Portada","item":"https:\/\/aivlisoft.net\/shop\/"},{"@type":"ListItem","position":2,"name":"Tienda","item":"https:\/\/aivlisoft.net\/shop\/tienda\/"},{"@type":"ListItem","position":3,"name":"TP-Link EAP660HD AP WiFi6 AX3600 Techo Dual 1&#215;2.5G"}]},{"@type":"WebSite","@id":"https:\/\/aivlisoft.net\/shop\/#website","url":"https:\/\/aivlisoft.net\/shop\/","name":"Aivlisoft Inform\u00e1tica","description":"En Aivlisoft Inform\u00e1tica ofrecemos soluciones tecnol\u00f3gicas para empresas: venta de ordenadores, consumibles, perif\u00e9ricos y m\u00e1s. Calidad, atenci\u00f3n personalizada y los mejores precios para tu negocio.","publisher":{"@id":"https:\/\/aivlisoft.net\/shop\/#organization"},"potentialAction":[{"@type":"SearchAction","target":{"@type":"EntryPoint","urlTemplate":"https:\/\/aivlisoft.net\/shop\/?s={search_term_string}"},"query-input":{"@type":"PropertyValueSpecification","valueRequired":true,"valueName":"search_term_string"}}],"inLanguage":"es"},{"@type":"Organization","@id":"https:\/\/aivlisoft.net\/shop\/#organization","name":"Aivlisoft Inform\u00e1tica","url":"https:\/\/aivlisoft.net\/shop\/","logo":{"@type":"ImageObject","inLanguage":"es","@id":"https:\/\/aivlisoft.net\/shop\/#\/schema\/logo\/image\/","url":"https:\/\/aivlisoft.net\/shop\/wp-content\/uploads\/2024\/12\/removal.ai_5b848c54-0cdf-4140-95c5-c5536bb7573b-logodef.png","contentUrl":"https:\/\/aivlisoft.net\/shop\/wp-content\/uploads\/2024\/12\/removal.ai_5b848c54-0cdf-4140-95c5-c5536bb7573b-logodef.png","width":484,"height":182,"caption":"Aivlisoft Inform\u00e1tica"},"image":{"@id":"https:\/\/aivlisoft.net\/shop\/#\/schema\/logo\/image\/"}}]}},"_links":{"self":[{"href":"https:\/\/aivlisoft.net\/shop\/wp-json\/wp\/v2\/product\/19780","targetHints":{"allow":["GET"]}}],"collection":[{"href":"https:\/\/aivlisoft.net\/shop\/wp-json\/wp\/v2\/product"}],"about":[{"href":"https:\/\/aivlisoft.net\/shop\/wp-json\/wp\/v2\/types\/product"}],"wp:featuredmedia":[{"embeddable":true,"href":"https:\/\/aivlisoft.net\/shop\/wp-json\/wp\/v2\/media\/19781"}],"wp:attachment":[{"href":"https:\/\/aivlisoft.net\/shop\/wp-json\/wp\/v2\/media?parent=19780"}],"wp:term":[{"taxonomy":"product_brand","embeddable":true,"href":"https:\/\/aivlisoft.net\/shop\/wp-json\/wp\/v2\/product_brand?post=19780"},{"taxonomy":"product_cat","embeddable":true,"href":"https:\/\/aivlisoft.net\/shop\/wp-json\/wp\/v2\/product_cat?post=19780"},{"taxonomy":"product_tag","embeddable":true,"href":"https:\/\/aivlisoft.net\/shop\/wp-json\/wp\/v2\/product_tag?post=19780"}],"curies":[{"name":"wp","href":"https:\/\/api.w.org\/{rel}","templated":true}]}}