{"id":19762,"date":"2025-01-13T15:35:57","date_gmt":"2025-01-13T15:35:57","guid":{"rendered":"https:\/\/aivlisoft.com\/?post_type=product&#038;p=19762"},"modified":"2025-01-14T11:47:01","modified_gmt":"2025-01-14T11:47:01","slug":"d-link-m15-2-wifi-mesh-eagle-pro-ai-ax1500-2-pk","status":"publish","type":"product","link":"https:\/\/aivlisoft.net\/shop\/producto\/d-link-m15-2-wifi-mesh-eagle-pro-ai-ax1500-2-pk\/","title":{"rendered":"D-Link M15-2 WiFi Mesh Eagle Pro AI AX1500 2-pk"},"content":{"rendered":"<p><\/p>\n<table class=\"tabla_caracteristicas k-table\" width=\"100%\">\n<tr>\n<td valign=\"top\"><strong>Marca<\/strong><\/td>\n<td>D-Link<\/td>\n<\/tr>\n<tr>\n<td valign=\"top\"><strong>Modelo<\/strong><\/td>\n<td><strong>M15-2<\/strong><\/td>\n<\/tr>\n<tr>\n<td valign=\"top\"><strong>Caracter&iacute;sticas<\/strong><\/td>\n<td>&#8211; Paquete de 2 unidades: Hasta 420 metros cuadrados de cobertura<br \/>\t\t\t&#8211; Interfaces de dispositivo: 1 puerto LAN Gigabit Ethernet, 1 puerto WAN Gigabit Ethernet, 1 bot&oacute;n WPS, 1 conector de alimentaci&oacute;n<br \/>\t\t\t&#8211; LED: Potencia\/Estado<br \/>\t\t\t&#8211; Antenas: 2 antenas internas WLAN de 2,4 G, 2 antenas internas WLAN de 5 G<br \/>\t\t\t&#8211; Velocidad de la se&ntilde;al de datos: Wi-Fi2 2,4 GHz hasta 300 Mbps, 5 GHz hasta 1201 Mbps<br \/>\t\t\t<strong>Funcionalidad<\/strong><br \/>\t\t\t&#8211; Est&aacute;ndar IEEE inal&aacute;mbrico: IEEE 802.11ax\/ac\/n\/g\/b\/k\/v\/a\/h, IEEE 802.3u\/ab<br \/>\t\t\t&#8211; Protocolo de seguridad: WPA\/WPA2 &#8211; Personal, WPA2-Personal, WPA2\/WPA3 &#8211; Personal (WPS no compatible), solo WPA3 (WPS no compatible)<br \/>\t\t\t&#8211; Firewall: DoS, inspecci&oacute;n din&aacute;mica de paquetes, comprobaci&oacute;n antisuplantaci&oacute;n, filtrado de direcciones IP\/MAC, 1 DMZ<br \/>\t\t\t&#8211; Mesh (Malla): D-Link Wi-Fi Mesh<br \/>\t\t\t&#8211; QoS:&nbsp; Tecnolog&iacute;a QoS inteligente de D-Link<br \/>\t\t\t&#8211; SpeedTest: Ookla SpeedTest<br \/>\t\t\t<strong>Software<\/strong><br \/>\t\t\t&#8211; Gesti&oacute;n de dispositivos EAGLE PRO AI app (iOS y Android), Web UI<br \/>\t\t\t&#8211; Asistentes de voz Amazon Alexa, Google Assistant<br \/>\t\t\t<strong>Caracter&iacute;sticas f&iacute;sicas<\/strong><br \/>\t\t\t&#8211; Dimensiones: 92 x 92 x 93 mm<br \/>\t\t\t&#8211; Peso: 200 g<br \/>\t\t\t&#8211; Adaptador de alimentaci&oacute;n: 12 V\/1 A<br \/>\t\t\t&#8211; Consumo m&aacute;ximo de energ&iacute;a: 12 W<br \/>\t\t\t&#8211; Temperatura operativa: 0 a 40 &deg;C<br \/>\t\t\t&#8211; Temperatura de almacenamiento: -20 a 65 &deg;C<br \/>\t\t\t&#8211; Humedad operativa: 10 % a 90 % sin condensaci&oacute;n<br \/>\t\t\t&#8211; Humedad de almacenamiento: 5% a 95% sin condensaci&oacute;n<br \/>\t\t\t&#8211; Certificaciones: CE, FCC<\/td>\n<\/tr>\n<tr>\n<td valign=\"top\"><strong>Fecha de revisi&oacute;n<\/strong><\/td>\n<td>05-01-2022 por MSB<\/td>\n<\/tr>\n<\/table>\n","protected":false},"excerpt":{"rendered":"<p>Marca D-Link Modelo M15-2 Caracter&iacute;sticas &#8211; Paquete de 2 unidades: Hasta 420 metros cuadrados de cobertura &#8211; Interfaces de dispositivo: 1 puerto LAN Gigabit Ethernet, 1 puerto WAN Gigabit Ethernet, 1 bot&oacute;n WPS, 1 conector de alimentaci&oacute;n &#8211; LED: Potencia\/Estado &#8211; Antenas: 2 antenas internas WLAN de 2,4 G, 2 antenas internas WLAN de 5&hellip;&nbsp;<a href=\"https:\/\/aivlisoft.net\/shop\/producto\/d-link-m15-2-wifi-mesh-eagle-pro-ai-ax1500-2-pk\/\" rel=\"bookmark\"><span class=\"screen-reader-text\">D-Link M15-2 WiFi Mesh Eagle Pro AI AX1500 2-pk<\/span><\/a><\/p>\n","protected":false},"featured_media":19763,"template":"","meta":{"neve_meta_sidebar":"","neve_meta_container":"","neve_meta_enable_content_width":"","neve_meta_content_width":0,"neve_meta_title_alignment":"","neve_meta_author_avatar":"","neve_post_elements_order":"","neve_meta_disable_header":"","neve_meta_disable_footer":"","neve_meta_disable_title":""},"product_brand":[],"product_cat":[8770],"product_tag":[7112],"class_list":{"0":"post-19762","1":"product","2":"type-product","3":"status-publish","4":"has-post-thumbnail","6":"product_cat-puntos-de-acceso","7":"product_tag-m15-2","9":"first","10":"instock","11":"taxable","12":"shipping-taxable","13":"purchasable","14":"product-type-simple"},"yoast_head":"<!-- This site is optimized with the Yoast SEO plugin v26.0 - https:\/\/yoast.com\/wordpress\/plugins\/seo\/ -->\n<title>D-Link M15-2 WiFi Mesh Eagle Pro AI AX1500 2-pk - Aivlisoft Inform\u00e1tica<\/title>\n<meta name=\"robots\" content=\"index, follow, max-snippet:-1, max-image-preview:large, max-video-preview:-1\" \/>\n<link rel=\"canonical\" href=\"https:\/\/aivlisoft.net\/shop\/producto\/d-link-m15-2-wifi-mesh-eagle-pro-ai-ax1500-2-pk\/\" \/>\n<meta property=\"og:locale\" content=\"es_ES\" \/>\n<meta property=\"og:type\" content=\"article\" \/>\n<meta property=\"og:title\" content=\"D-Link M15-2 WiFi Mesh Eagle Pro AI AX1500 2-pk - Aivlisoft Inform\u00e1tica\" \/>\n<meta property=\"og:description\" content=\"Marca D-Link Modelo M15-2 Caracter&iacute;sticas &#8211; Paquete de 2 unidades: Hasta 420 metros cuadrados de cobertura &#8211; Interfaces de dispositivo: 1 puerto LAN Gigabit Ethernet, 1 puerto WAN Gigabit Ethernet, 1 bot&oacute;n WPS, 1 conector de alimentaci&oacute;n &#8211; LED: Potencia\/Estado &#8211; Antenas: 2 antenas internas WLAN de 2,4 G, 2 antenas internas WLAN de 5&hellip;&nbsp;D-Link M15-2 WiFi Mesh Eagle Pro AI AX1500 2-pk\" \/>\n<meta property=\"og:url\" content=\"https:\/\/aivlisoft.net\/shop\/producto\/d-link-m15-2-wifi-mesh-eagle-pro-ai-ax1500-2-pk\/\" \/>\n<meta property=\"og:site_name\" content=\"Aivlisoft Inform\u00e1tica\" \/>\n<meta property=\"article:modified_time\" content=\"2025-01-14T11:47:01+00:00\" \/>\n<meta property=\"og:image\" content=\"https:\/\/aivlisoft.net\/shop\/wp-content\/uploads\/2025\/01\/NSWPAC0467_800.jpg\" \/>\n\t<meta property=\"og:image:width\" content=\"800\" \/>\n\t<meta property=\"og:image:height\" content=\"800\" \/>\n\t<meta property=\"og:image:type\" content=\"image\/jpeg\" \/>\n<meta name=\"twitter:card\" content=\"summary_large_image\" \/>\n<meta name=\"twitter:label1\" content=\"Tiempo de lectura\" \/>\n\t<meta name=\"twitter:data1\" content=\"1 minuto\" \/>\n<script type=\"application\/ld+json\" class=\"yoast-schema-graph\">{\"@context\":\"https:\/\/schema.org\",\"@graph\":[{\"@type\":\"WebPage\",\"@id\":\"https:\/\/aivlisoft.net\/shop\/producto\/d-link-m15-2-wifi-mesh-eagle-pro-ai-ax1500-2-pk\/\",\"url\":\"https:\/\/aivlisoft.net\/shop\/producto\/d-link-m15-2-wifi-mesh-eagle-pro-ai-ax1500-2-pk\/\",\"name\":\"D-Link M15-2 WiFi Mesh Eagle Pro AI AX1500 2-pk - Aivlisoft Inform\u00e1tica\",\"isPartOf\":{\"@id\":\"https:\/\/aivlisoft.net\/shop\/#website\"},\"primaryImageOfPage\":{\"@id\":\"https:\/\/aivlisoft.net\/shop\/producto\/d-link-m15-2-wifi-mesh-eagle-pro-ai-ax1500-2-pk\/#primaryimage\"},\"image\":{\"@id\":\"https:\/\/aivlisoft.net\/shop\/producto\/d-link-m15-2-wifi-mesh-eagle-pro-ai-ax1500-2-pk\/#primaryimage\"},\"thumbnailUrl\":\"https:\/\/aivlisoft.net\/shop\/wp-content\/uploads\/2025\/01\/NSWPAC0467_800.jpg\",\"datePublished\":\"2025-01-13T15:35:57+00:00\",\"dateModified\":\"2025-01-14T11:47:01+00:00\",\"breadcrumb\":{\"@id\":\"https:\/\/aivlisoft.net\/shop\/producto\/d-link-m15-2-wifi-mesh-eagle-pro-ai-ax1500-2-pk\/#breadcrumb\"},\"inLanguage\":\"es\",\"potentialAction\":[{\"@type\":\"ReadAction\",\"target\":[\"https:\/\/aivlisoft.net\/shop\/producto\/d-link-m15-2-wifi-mesh-eagle-pro-ai-ax1500-2-pk\/\"]}]},{\"@type\":\"ImageObject\",\"inLanguage\":\"es\",\"@id\":\"https:\/\/aivlisoft.net\/shop\/producto\/d-link-m15-2-wifi-mesh-eagle-pro-ai-ax1500-2-pk\/#primaryimage\",\"url\":\"https:\/\/aivlisoft.net\/shop\/wp-content\/uploads\/2025\/01\/NSWPAC0467_800.jpg\",\"contentUrl\":\"https:\/\/aivlisoft.net\/shop\/wp-content\/uploads\/2025\/01\/NSWPAC0467_800.jpg\",\"width\":800,\"height\":800},{\"@type\":\"BreadcrumbList\",\"@id\":\"https:\/\/aivlisoft.net\/shop\/producto\/d-link-m15-2-wifi-mesh-eagle-pro-ai-ax1500-2-pk\/#breadcrumb\",\"itemListElement\":[{\"@type\":\"ListItem\",\"position\":1,\"name\":\"Portada\",\"item\":\"https:\/\/aivlisoft.net\/shop\/\"},{\"@type\":\"ListItem\",\"position\":2,\"name\":\"Tienda\",\"item\":\"https:\/\/aivlisoft.net\/shop\/tienda\/\"},{\"@type\":\"ListItem\",\"position\":3,\"name\":\"D-Link M15-2 WiFi Mesh Eagle Pro AI AX1500 2-pk\"}]},{\"@type\":\"WebSite\",\"@id\":\"https:\/\/aivlisoft.net\/shop\/#website\",\"url\":\"https:\/\/aivlisoft.net\/shop\/\",\"name\":\"Aivlisoft Inform\u00e1tica\",\"description\":\"En Aivlisoft Inform\u00e1tica ofrecemos soluciones tecnol\u00f3gicas para empresas: venta de ordenadores, consumibles, perif\u00e9ricos y m\u00e1s. Calidad, atenci\u00f3n personalizada y los mejores precios para tu negocio.\",\"publisher\":{\"@id\":\"https:\/\/aivlisoft.net\/shop\/#organization\"},\"potentialAction\":[{\"@type\":\"SearchAction\",\"target\":{\"@type\":\"EntryPoint\",\"urlTemplate\":\"https:\/\/aivlisoft.net\/shop\/?s={search_term_string}\"},\"query-input\":{\"@type\":\"PropertyValueSpecification\",\"valueRequired\":true,\"valueName\":\"search_term_string\"}}],\"inLanguage\":\"es\"},{\"@type\":\"Organization\",\"@id\":\"https:\/\/aivlisoft.net\/shop\/#organization\",\"name\":\"Aivlisoft Inform\u00e1tica\",\"url\":\"https:\/\/aivlisoft.net\/shop\/\",\"logo\":{\"@type\":\"ImageObject\",\"inLanguage\":\"es\",\"@id\":\"https:\/\/aivlisoft.net\/shop\/#\/schema\/logo\/image\/\",\"url\":\"https:\/\/aivlisoft.net\/shop\/wp-content\/uploads\/2024\/12\/removal.ai_5b848c54-0cdf-4140-95c5-c5536bb7573b-logodef.png\",\"contentUrl\":\"https:\/\/aivlisoft.net\/shop\/wp-content\/uploads\/2024\/12\/removal.ai_5b848c54-0cdf-4140-95c5-c5536bb7573b-logodef.png\",\"width\":484,\"height\":182,\"caption\":\"Aivlisoft Inform\u00e1tica\"},\"image\":{\"@id\":\"https:\/\/aivlisoft.net\/shop\/#\/schema\/logo\/image\/\"}}]}<\/script>\n<!-- \/ Yoast SEO plugin. -->","yoast_head_json":{"title":"D-Link M15-2 WiFi Mesh Eagle Pro AI AX1500 2-pk - Aivlisoft Inform\u00e1tica","robots":{"index":"index","follow":"follow","max-snippet":"max-snippet:-1","max-image-preview":"max-image-preview:large","max-video-preview":"max-video-preview:-1"},"canonical":"https:\/\/aivlisoft.net\/shop\/producto\/d-link-m15-2-wifi-mesh-eagle-pro-ai-ax1500-2-pk\/","og_locale":"es_ES","og_type":"article","og_title":"D-Link M15-2 WiFi Mesh Eagle Pro AI AX1500 2-pk - Aivlisoft Inform\u00e1tica","og_description":"Marca D-Link Modelo M15-2 Caracter&iacute;sticas &#8211; Paquete de 2 unidades: Hasta 420 metros cuadrados de cobertura &#8211; Interfaces de dispositivo: 1 puerto LAN Gigabit Ethernet, 1 puerto WAN Gigabit Ethernet, 1 bot&oacute;n WPS, 1 conector de alimentaci&oacute;n &#8211; LED: Potencia\/Estado &#8211; Antenas: 2 antenas internas WLAN de 2,4 G, 2 antenas internas WLAN de 5&hellip;&nbsp;D-Link M15-2 WiFi Mesh Eagle Pro AI AX1500 2-pk","og_url":"https:\/\/aivlisoft.net\/shop\/producto\/d-link-m15-2-wifi-mesh-eagle-pro-ai-ax1500-2-pk\/","og_site_name":"Aivlisoft Inform\u00e1tica","article_modified_time":"2025-01-14T11:47:01+00:00","og_image":[{"width":800,"height":800,"url":"https:\/\/aivlisoft.net\/shop\/wp-content\/uploads\/2025\/01\/NSWPAC0467_800.jpg","type":"image\/jpeg"}],"twitter_card":"summary_large_image","twitter_misc":{"Tiempo de lectura":"1 minuto"},"schema":{"@context":"https:\/\/schema.org","@graph":[{"@type":"WebPage","@id":"https:\/\/aivlisoft.net\/shop\/producto\/d-link-m15-2-wifi-mesh-eagle-pro-ai-ax1500-2-pk\/","url":"https:\/\/aivlisoft.net\/shop\/producto\/d-link-m15-2-wifi-mesh-eagle-pro-ai-ax1500-2-pk\/","name":"D-Link M15-2 WiFi Mesh Eagle Pro AI AX1500 2-pk - Aivlisoft Inform\u00e1tica","isPartOf":{"@id":"https:\/\/aivlisoft.net\/shop\/#website"},"primaryImageOfPage":{"@id":"https:\/\/aivlisoft.net\/shop\/producto\/d-link-m15-2-wifi-mesh-eagle-pro-ai-ax1500-2-pk\/#primaryimage"},"image":{"@id":"https:\/\/aivlisoft.net\/shop\/producto\/d-link-m15-2-wifi-mesh-eagle-pro-ai-ax1500-2-pk\/#primaryimage"},"thumbnailUrl":"https:\/\/aivlisoft.net\/shop\/wp-content\/uploads\/2025\/01\/NSWPAC0467_800.jpg","datePublished":"2025-01-13T15:35:57+00:00","dateModified":"2025-01-14T11:47:01+00:00","breadcrumb":{"@id":"https:\/\/aivlisoft.net\/shop\/producto\/d-link-m15-2-wifi-mesh-eagle-pro-ai-ax1500-2-pk\/#breadcrumb"},"inLanguage":"es","potentialAction":[{"@type":"ReadAction","target":["https:\/\/aivlisoft.net\/shop\/producto\/d-link-m15-2-wifi-mesh-eagle-pro-ai-ax1500-2-pk\/"]}]},{"@type":"ImageObject","inLanguage":"es","@id":"https:\/\/aivlisoft.net\/shop\/producto\/d-link-m15-2-wifi-mesh-eagle-pro-ai-ax1500-2-pk\/#primaryimage","url":"https:\/\/aivlisoft.net\/shop\/wp-content\/uploads\/2025\/01\/NSWPAC0467_800.jpg","contentUrl":"https:\/\/aivlisoft.net\/shop\/wp-content\/uploads\/2025\/01\/NSWPAC0467_800.jpg","width":800,"height":800},{"@type":"BreadcrumbList","@id":"https:\/\/aivlisoft.net\/shop\/producto\/d-link-m15-2-wifi-mesh-eagle-pro-ai-ax1500-2-pk\/#breadcrumb","itemListElement":[{"@type":"ListItem","position":1,"name":"Portada","item":"https:\/\/aivlisoft.net\/shop\/"},{"@type":"ListItem","position":2,"name":"Tienda","item":"https:\/\/aivlisoft.net\/shop\/tienda\/"},{"@type":"ListItem","position":3,"name":"D-Link M15-2 WiFi Mesh Eagle Pro AI AX1500 2-pk"}]},{"@type":"WebSite","@id":"https:\/\/aivlisoft.net\/shop\/#website","url":"https:\/\/aivlisoft.net\/shop\/","name":"Aivlisoft Inform\u00e1tica","description":"En Aivlisoft Inform\u00e1tica ofrecemos soluciones tecnol\u00f3gicas para empresas: venta de ordenadores, consumibles, perif\u00e9ricos y m\u00e1s. Calidad, atenci\u00f3n personalizada y los mejores precios para tu negocio.","publisher":{"@id":"https:\/\/aivlisoft.net\/shop\/#organization"},"potentialAction":[{"@type":"SearchAction","target":{"@type":"EntryPoint","urlTemplate":"https:\/\/aivlisoft.net\/shop\/?s={search_term_string}"},"query-input":{"@type":"PropertyValueSpecification","valueRequired":true,"valueName":"search_term_string"}}],"inLanguage":"es"},{"@type":"Organization","@id":"https:\/\/aivlisoft.net\/shop\/#organization","name":"Aivlisoft Inform\u00e1tica","url":"https:\/\/aivlisoft.net\/shop\/","logo":{"@type":"ImageObject","inLanguage":"es","@id":"https:\/\/aivlisoft.net\/shop\/#\/schema\/logo\/image\/","url":"https:\/\/aivlisoft.net\/shop\/wp-content\/uploads\/2024\/12\/removal.ai_5b848c54-0cdf-4140-95c5-c5536bb7573b-logodef.png","contentUrl":"https:\/\/aivlisoft.net\/shop\/wp-content\/uploads\/2024\/12\/removal.ai_5b848c54-0cdf-4140-95c5-c5536bb7573b-logodef.png","width":484,"height":182,"caption":"Aivlisoft Inform\u00e1tica"},"image":{"@id":"https:\/\/aivlisoft.net\/shop\/#\/schema\/logo\/image\/"}}]}},"_links":{"self":[{"href":"https:\/\/aivlisoft.net\/shop\/wp-json\/wp\/v2\/product\/19762","targetHints":{"allow":["GET"]}}],"collection":[{"href":"https:\/\/aivlisoft.net\/shop\/wp-json\/wp\/v2\/product"}],"about":[{"href":"https:\/\/aivlisoft.net\/shop\/wp-json\/wp\/v2\/types\/product"}],"wp:featuredmedia":[{"embeddable":true,"href":"https:\/\/aivlisoft.net\/shop\/wp-json\/wp\/v2\/media\/19763"}],"wp:attachment":[{"href":"https:\/\/aivlisoft.net\/shop\/wp-json\/wp\/v2\/media?parent=19762"}],"wp:term":[{"taxonomy":"product_brand","embeddable":true,"href":"https:\/\/aivlisoft.net\/shop\/wp-json\/wp\/v2\/product_brand?post=19762"},{"taxonomy":"product_cat","embeddable":true,"href":"https:\/\/aivlisoft.net\/shop\/wp-json\/wp\/v2\/product_cat?post=19762"},{"taxonomy":"product_tag","embeddable":true,"href":"https:\/\/aivlisoft.net\/shop\/wp-json\/wp\/v2\/product_tag?post=19762"}],"curies":[{"name":"wp","href":"https:\/\/api.w.org\/{rel}","templated":true}]}}