{"id":19757,"date":"2025-01-13T15:35:54","date_gmt":"2025-01-13T15:35:54","guid":{"rendered":"https:\/\/aivlisoft.com\/?post_type=product&#038;p=19757"},"modified":"2025-01-14T11:47:00","modified_gmt":"2025-01-14T11:47:00","slug":"ubiquiti-rocket-ac-r2ac-prism-2-4ghz-1xgbe","status":"publish","type":"product","link":"https:\/\/aivlisoft.net\/shop\/producto\/ubiquiti-rocket-ac-r2ac-prism-2-4ghz-1xgbe\/","title":{"rendered":"Ubiquiti Rocket AC R2AC-PRISM 2.4GHz 1xGbE"},"content":{"rendered":"<p><\/p>\n<table class=\"tabla_caracteristicas k-table\" width=\"100%\">\n<tr>\n<td><strong>Marca<\/strong><\/td>\n<td>Ubiquiti<\/td>\n<\/tr>\n<tr>\n<td valign=\"top\"><strong>Modelo<\/strong><\/td>\n<td><strong>R2AC-PRISM<\/strong><\/td>\n<\/tr>\n<tr>\n<td valign=\"top\"><strong>Caracteristicas<\/strong><\/td>\n<td>&#8211; Dimensiones: 88 x 40 x 230 mm (3,47 x 1,58 x 9,06 &quot;)<br \/>\t\t\t&#8211; Peso: 440 g (15,52 oz)<br \/>\t\t\t&#8211; Interfaz de red: (1) puerto Ethernet 10\/100\/1000<br \/>\t\t\t&#8211; Conectores RF: (2) RP-SMA (resistente al agua), (1) GPS * (resistente al agua)<br \/>\t\t\t&#8211; LED: (4) Intensidad de la se&ntilde;al, GPS *, LAN, Energ&iacute;a<br \/>\t\t\t&#8211; Carcasa: Aluminio fundido a presi&oacute;n con recubrimiento de polvo blanco<br \/>\t\t\t&#8211; M&aacute;x. Consumo de energ&iacute;a: 8,5 W<br \/>\t\t\t&#8211; Fuente de alimentaci&oacute;n: adaptador PoE Gigabit de 24 V, 0,5 A (incluido)<br \/>\t\t\t&#8211; M&eacute;todo de energ&iacute;a: PoE pasivo (pares 4, 5+; 7, 8 retorno)<br \/>\t\t\t&#8211; Especificaciones del procesador: Atheros MIPS 74Kc, 720 MHz<br \/>\t\t\t&#8211; Memoria: 128 MB DDR2 SDRAM, 16 MB NOR Flash<br \/>\t\t\t&#8211; Rango de voltaje admitido: 18-26VDC<br \/>\t\t\t&#8211; LED de intensidad de se&ntilde;al: ajustable por software para corresponder a niveles RSSI personalizados<br \/>\t\t\t&#8211; Tama&ntilde;os de canal: 10\/20\/40 MHz<br \/>\t\t\t&#8211; Protecci&oacute;n ESD \/ EMP: &plusmn; 24 kV Contacto \/ Aire para Ethernet<br \/>\t\t\t&#8211; Temperatura de funcionamiento: -40 a 70 &deg; C (-40 a 158 &deg; F)<br \/>\t\t\t&#8211; Humedad de funcionamiento: 5 a 95% sin condensaci&oacute;n<br \/>\t\t\t&#8211; Cumplimiento de RoHS: S&iacute;<br \/>\t\t\t&#8211; Golpes y vibraciones: ETSI300-019-1.4<br \/>\t\t\t&#8211; Modos: punto de acceso, estaci&oacute;n<br \/>\t\t\t&#8211; Servicios: Servidor web, SNMP, Servidor SSH, Telnet, Ping Watchdog, DHCP, NAT, Bridging, Enrutamiento<br \/>\t\t\t&#8211; Utilidades: airMagic, airView, herramienta de alineaci&oacute;n de antena, utilidad de descubrimiento, inspecci&oacute;n del sitio, ping, traceroute, prueba de velocidad<br \/>\t\t\t&#8211; Ajuste de distancia: modo Dynamic Ack y Ackless<br \/>\t\t\t&#8211; Ajuste de potencia: interfaz de usuario o CLI ajustable por software<br \/>\t\t\t&#8211; Seguridad: WPA2 AES solamente<br \/>\t\t\t&#8211; QoS: admite clasificaci&oacute;n de nivel de paquete WMM y nivel de cliente de usuario: alto \/ medio \/ bajo<br \/>\t\t\t&#8211; Informes estad&iacute;sticos: tiempo de actividad, errores de paquetes, velocidades de datos, distancia inal&aacute;mbrica, velocidad de enlace Ethernet<br \/>\t\t\t&#8211; Otros: Soporte de reinicio remoto, Software habilitado \/ deshabilitado, Soporte VLAN, 256QAM, GPS *, Filtro TX<br \/>\t\t\t&#8211; Caracter&iacute;sticas espec&iacute;ficas de Ubiquiti: Canales de 10 MHz, modo airMAX ac, modelado de tr&aacute;fico con soporte de r&aacute;faga,<br \/>\t\t\t&nbsp; protocolo de descubrimiento, compensaci&oacute;n de banda de frecuencia, modo Ackless<\/td>\n<\/tr>\n<tr>\n<td><strong>Fecha de revisi&oacute;n<\/strong><\/td>\n<td>16-12-2021 por MSB<\/td>\n<\/tr>\n<\/table>\n","protected":false},"excerpt":{"rendered":"<p>Marca Ubiquiti Modelo R2AC-PRISM Caracteristicas &#8211; Dimensiones: 88 x 40 x 230 mm (3,47 x 1,58 x 9,06 &quot;) &#8211; Peso: 440 g (15,52 oz) &#8211; Interfaz de red: (1) puerto Ethernet 10\/100\/1000 &#8211; Conectores RF: (2) RP-SMA (resistente al agua), (1) GPS * (resistente al agua) &#8211; LED: (4) Intensidad de la se&ntilde;al, GPS&hellip;&nbsp;<a href=\"https:\/\/aivlisoft.net\/shop\/producto\/ubiquiti-rocket-ac-r2ac-prism-2-4ghz-1xgbe\/\" rel=\"bookmark\"><span class=\"screen-reader-text\">Ubiquiti Rocket AC R2AC-PRISM 2.4GHz 1xGbE<\/span><\/a><\/p>\n","protected":false},"featured_media":19758,"template":"","meta":{"neve_meta_sidebar":"","neve_meta_container":"","neve_meta_enable_content_width":"","neve_meta_content_width":0,"neve_meta_title_alignment":"","neve_meta_author_avatar":"","neve_post_elements_order":"","neve_meta_disable_header":"","neve_meta_disable_footer":"","neve_meta_disable_title":""},"product_brand":[],"product_cat":[8770],"product_tag":[7111],"class_list":{"0":"post-19757","1":"product","2":"type-product","3":"status-publish","4":"has-post-thumbnail","6":"product_cat-puntos-de-acceso","7":"product_tag-r2ac-prism","9":"first","10":"instock","11":"taxable","12":"shipping-taxable","13":"purchasable","14":"product-type-simple"},"yoast_head":"<!-- This site is optimized with the Yoast SEO plugin v26.0 - https:\/\/yoast.com\/wordpress\/plugins\/seo\/ -->\n<title>Ubiquiti Rocket AC R2AC-PRISM 2.4GHz 1xGbE - Aivlisoft Inform\u00e1tica<\/title>\n<meta name=\"robots\" content=\"index, follow, max-snippet:-1, max-image-preview:large, max-video-preview:-1\" \/>\n<link rel=\"canonical\" href=\"https:\/\/aivlisoft.net\/shop\/producto\/ubiquiti-rocket-ac-r2ac-prism-2-4ghz-1xgbe\/\" \/>\n<meta property=\"og:locale\" content=\"es_ES\" \/>\n<meta property=\"og:type\" content=\"article\" \/>\n<meta property=\"og:title\" content=\"Ubiquiti Rocket AC R2AC-PRISM 2.4GHz 1xGbE - Aivlisoft Inform\u00e1tica\" \/>\n<meta property=\"og:description\" content=\"Marca Ubiquiti Modelo R2AC-PRISM Caracteristicas &#8211; Dimensiones: 88 x 40 x 230 mm (3,47 x 1,58 x 9,06 &quot;) &#8211; Peso: 440 g (15,52 oz) &#8211; Interfaz de red: (1) puerto Ethernet 10\/100\/1000 &#8211; Conectores RF: (2) RP-SMA (resistente al agua), (1) GPS * (resistente al agua) &#8211; LED: (4) Intensidad de la se&ntilde;al, GPS&hellip;&nbsp;Ubiquiti Rocket AC R2AC-PRISM 2.4GHz 1xGbE\" \/>\n<meta property=\"og:url\" content=\"https:\/\/aivlisoft.net\/shop\/producto\/ubiquiti-rocket-ac-r2ac-prism-2-4ghz-1xgbe\/\" \/>\n<meta property=\"og:site_name\" content=\"Aivlisoft Inform\u00e1tica\" \/>\n<meta property=\"article:modified_time\" content=\"2025-01-14T11:47:00+00:00\" \/>\n<meta property=\"og:image\" content=\"https:\/\/aivlisoft.net\/shop\/wp-content\/uploads\/2025\/01\/NSWPAC0466_800.jpg\" \/>\n\t<meta property=\"og:image:width\" content=\"800\" \/>\n\t<meta property=\"og:image:height\" content=\"800\" \/>\n\t<meta property=\"og:image:type\" content=\"image\/jpeg\" \/>\n<meta name=\"twitter:card\" content=\"summary_large_image\" \/>\n<meta name=\"twitter:label1\" content=\"Tiempo de lectura\" \/>\n\t<meta name=\"twitter:data1\" content=\"2 minutos\" \/>\n<script type=\"application\/ld+json\" class=\"yoast-schema-graph\">{\"@context\":\"https:\/\/schema.org\",\"@graph\":[{\"@type\":\"WebPage\",\"@id\":\"https:\/\/aivlisoft.net\/shop\/producto\/ubiquiti-rocket-ac-r2ac-prism-2-4ghz-1xgbe\/\",\"url\":\"https:\/\/aivlisoft.net\/shop\/producto\/ubiquiti-rocket-ac-r2ac-prism-2-4ghz-1xgbe\/\",\"name\":\"Ubiquiti Rocket AC R2AC-PRISM 2.4GHz 1xGbE - Aivlisoft Inform\u00e1tica\",\"isPartOf\":{\"@id\":\"https:\/\/aivlisoft.net\/shop\/#website\"},\"primaryImageOfPage\":{\"@id\":\"https:\/\/aivlisoft.net\/shop\/producto\/ubiquiti-rocket-ac-r2ac-prism-2-4ghz-1xgbe\/#primaryimage\"},\"image\":{\"@id\":\"https:\/\/aivlisoft.net\/shop\/producto\/ubiquiti-rocket-ac-r2ac-prism-2-4ghz-1xgbe\/#primaryimage\"},\"thumbnailUrl\":\"https:\/\/aivlisoft.net\/shop\/wp-content\/uploads\/2025\/01\/NSWPAC0466_800.jpg\",\"datePublished\":\"2025-01-13T15:35:54+00:00\",\"dateModified\":\"2025-01-14T11:47:00+00:00\",\"breadcrumb\":{\"@id\":\"https:\/\/aivlisoft.net\/shop\/producto\/ubiquiti-rocket-ac-r2ac-prism-2-4ghz-1xgbe\/#breadcrumb\"},\"inLanguage\":\"es\",\"potentialAction\":[{\"@type\":\"ReadAction\",\"target\":[\"https:\/\/aivlisoft.net\/shop\/producto\/ubiquiti-rocket-ac-r2ac-prism-2-4ghz-1xgbe\/\"]}]},{\"@type\":\"ImageObject\",\"inLanguage\":\"es\",\"@id\":\"https:\/\/aivlisoft.net\/shop\/producto\/ubiquiti-rocket-ac-r2ac-prism-2-4ghz-1xgbe\/#primaryimage\",\"url\":\"https:\/\/aivlisoft.net\/shop\/wp-content\/uploads\/2025\/01\/NSWPAC0466_800.jpg\",\"contentUrl\":\"https:\/\/aivlisoft.net\/shop\/wp-content\/uploads\/2025\/01\/NSWPAC0466_800.jpg\",\"width\":800,\"height\":800},{\"@type\":\"BreadcrumbList\",\"@id\":\"https:\/\/aivlisoft.net\/shop\/producto\/ubiquiti-rocket-ac-r2ac-prism-2-4ghz-1xgbe\/#breadcrumb\",\"itemListElement\":[{\"@type\":\"ListItem\",\"position\":1,\"name\":\"Portada\",\"item\":\"https:\/\/aivlisoft.net\/shop\/\"},{\"@type\":\"ListItem\",\"position\":2,\"name\":\"Tienda\",\"item\":\"https:\/\/aivlisoft.net\/shop\/tienda\/\"},{\"@type\":\"ListItem\",\"position\":3,\"name\":\"Ubiquiti Rocket AC R2AC-PRISM 2.4GHz 1xGbE\"}]},{\"@type\":\"WebSite\",\"@id\":\"https:\/\/aivlisoft.net\/shop\/#website\",\"url\":\"https:\/\/aivlisoft.net\/shop\/\",\"name\":\"Aivlisoft Inform\u00e1tica\",\"description\":\"En Aivlisoft Inform\u00e1tica ofrecemos soluciones tecnol\u00f3gicas para empresas: venta de ordenadores, consumibles, perif\u00e9ricos y m\u00e1s. Calidad, atenci\u00f3n personalizada y los mejores precios para tu negocio.\",\"publisher\":{\"@id\":\"https:\/\/aivlisoft.net\/shop\/#organization\"},\"potentialAction\":[{\"@type\":\"SearchAction\",\"target\":{\"@type\":\"EntryPoint\",\"urlTemplate\":\"https:\/\/aivlisoft.net\/shop\/?s={search_term_string}\"},\"query-input\":{\"@type\":\"PropertyValueSpecification\",\"valueRequired\":true,\"valueName\":\"search_term_string\"}}],\"inLanguage\":\"es\"},{\"@type\":\"Organization\",\"@id\":\"https:\/\/aivlisoft.net\/shop\/#organization\",\"name\":\"Aivlisoft Inform\u00e1tica\",\"url\":\"https:\/\/aivlisoft.net\/shop\/\",\"logo\":{\"@type\":\"ImageObject\",\"inLanguage\":\"es\",\"@id\":\"https:\/\/aivlisoft.net\/shop\/#\/schema\/logo\/image\/\",\"url\":\"https:\/\/aivlisoft.net\/shop\/wp-content\/uploads\/2024\/12\/removal.ai_5b848c54-0cdf-4140-95c5-c5536bb7573b-logodef.png\",\"contentUrl\":\"https:\/\/aivlisoft.net\/shop\/wp-content\/uploads\/2024\/12\/removal.ai_5b848c54-0cdf-4140-95c5-c5536bb7573b-logodef.png\",\"width\":484,\"height\":182,\"caption\":\"Aivlisoft Inform\u00e1tica\"},\"image\":{\"@id\":\"https:\/\/aivlisoft.net\/shop\/#\/schema\/logo\/image\/\"}}]}<\/script>\n<!-- \/ Yoast SEO plugin. -->","yoast_head_json":{"title":"Ubiquiti Rocket AC R2AC-PRISM 2.4GHz 1xGbE - Aivlisoft Inform\u00e1tica","robots":{"index":"index","follow":"follow","max-snippet":"max-snippet:-1","max-image-preview":"max-image-preview:large","max-video-preview":"max-video-preview:-1"},"canonical":"https:\/\/aivlisoft.net\/shop\/producto\/ubiquiti-rocket-ac-r2ac-prism-2-4ghz-1xgbe\/","og_locale":"es_ES","og_type":"article","og_title":"Ubiquiti Rocket AC R2AC-PRISM 2.4GHz 1xGbE - Aivlisoft Inform\u00e1tica","og_description":"Marca Ubiquiti Modelo R2AC-PRISM Caracteristicas &#8211; Dimensiones: 88 x 40 x 230 mm (3,47 x 1,58 x 9,06 &quot;) &#8211; Peso: 440 g (15,52 oz) &#8211; Interfaz de red: (1) puerto Ethernet 10\/100\/1000 &#8211; Conectores RF: (2) RP-SMA (resistente al agua), (1) GPS * (resistente al agua) &#8211; LED: (4) Intensidad de la se&ntilde;al, GPS&hellip;&nbsp;Ubiquiti Rocket AC R2AC-PRISM 2.4GHz 1xGbE","og_url":"https:\/\/aivlisoft.net\/shop\/producto\/ubiquiti-rocket-ac-r2ac-prism-2-4ghz-1xgbe\/","og_site_name":"Aivlisoft Inform\u00e1tica","article_modified_time":"2025-01-14T11:47:00+00:00","og_image":[{"width":800,"height":800,"url":"https:\/\/aivlisoft.net\/shop\/wp-content\/uploads\/2025\/01\/NSWPAC0466_800.jpg","type":"image\/jpeg"}],"twitter_card":"summary_large_image","twitter_misc":{"Tiempo de lectura":"2 minutos"},"schema":{"@context":"https:\/\/schema.org","@graph":[{"@type":"WebPage","@id":"https:\/\/aivlisoft.net\/shop\/producto\/ubiquiti-rocket-ac-r2ac-prism-2-4ghz-1xgbe\/","url":"https:\/\/aivlisoft.net\/shop\/producto\/ubiquiti-rocket-ac-r2ac-prism-2-4ghz-1xgbe\/","name":"Ubiquiti Rocket AC R2AC-PRISM 2.4GHz 1xGbE - Aivlisoft Inform\u00e1tica","isPartOf":{"@id":"https:\/\/aivlisoft.net\/shop\/#website"},"primaryImageOfPage":{"@id":"https:\/\/aivlisoft.net\/shop\/producto\/ubiquiti-rocket-ac-r2ac-prism-2-4ghz-1xgbe\/#primaryimage"},"image":{"@id":"https:\/\/aivlisoft.net\/shop\/producto\/ubiquiti-rocket-ac-r2ac-prism-2-4ghz-1xgbe\/#primaryimage"},"thumbnailUrl":"https:\/\/aivlisoft.net\/shop\/wp-content\/uploads\/2025\/01\/NSWPAC0466_800.jpg","datePublished":"2025-01-13T15:35:54+00:00","dateModified":"2025-01-14T11:47:00+00:00","breadcrumb":{"@id":"https:\/\/aivlisoft.net\/shop\/producto\/ubiquiti-rocket-ac-r2ac-prism-2-4ghz-1xgbe\/#breadcrumb"},"inLanguage":"es","potentialAction":[{"@type":"ReadAction","target":["https:\/\/aivlisoft.net\/shop\/producto\/ubiquiti-rocket-ac-r2ac-prism-2-4ghz-1xgbe\/"]}]},{"@type":"ImageObject","inLanguage":"es","@id":"https:\/\/aivlisoft.net\/shop\/producto\/ubiquiti-rocket-ac-r2ac-prism-2-4ghz-1xgbe\/#primaryimage","url":"https:\/\/aivlisoft.net\/shop\/wp-content\/uploads\/2025\/01\/NSWPAC0466_800.jpg","contentUrl":"https:\/\/aivlisoft.net\/shop\/wp-content\/uploads\/2025\/01\/NSWPAC0466_800.jpg","width":800,"height":800},{"@type":"BreadcrumbList","@id":"https:\/\/aivlisoft.net\/shop\/producto\/ubiquiti-rocket-ac-r2ac-prism-2-4ghz-1xgbe\/#breadcrumb","itemListElement":[{"@type":"ListItem","position":1,"name":"Portada","item":"https:\/\/aivlisoft.net\/shop\/"},{"@type":"ListItem","position":2,"name":"Tienda","item":"https:\/\/aivlisoft.net\/shop\/tienda\/"},{"@type":"ListItem","position":3,"name":"Ubiquiti Rocket AC R2AC-PRISM 2.4GHz 1xGbE"}]},{"@type":"WebSite","@id":"https:\/\/aivlisoft.net\/shop\/#website","url":"https:\/\/aivlisoft.net\/shop\/","name":"Aivlisoft Inform\u00e1tica","description":"En Aivlisoft Inform\u00e1tica ofrecemos soluciones tecnol\u00f3gicas para empresas: venta de ordenadores, consumibles, perif\u00e9ricos y m\u00e1s. Calidad, atenci\u00f3n personalizada y los mejores precios para tu negocio.","publisher":{"@id":"https:\/\/aivlisoft.net\/shop\/#organization"},"potentialAction":[{"@type":"SearchAction","target":{"@type":"EntryPoint","urlTemplate":"https:\/\/aivlisoft.net\/shop\/?s={search_term_string}"},"query-input":{"@type":"PropertyValueSpecification","valueRequired":true,"valueName":"search_term_string"}}],"inLanguage":"es"},{"@type":"Organization","@id":"https:\/\/aivlisoft.net\/shop\/#organization","name":"Aivlisoft Inform\u00e1tica","url":"https:\/\/aivlisoft.net\/shop\/","logo":{"@type":"ImageObject","inLanguage":"es","@id":"https:\/\/aivlisoft.net\/shop\/#\/schema\/logo\/image\/","url":"https:\/\/aivlisoft.net\/shop\/wp-content\/uploads\/2024\/12\/removal.ai_5b848c54-0cdf-4140-95c5-c5536bb7573b-logodef.png","contentUrl":"https:\/\/aivlisoft.net\/shop\/wp-content\/uploads\/2024\/12\/removal.ai_5b848c54-0cdf-4140-95c5-c5536bb7573b-logodef.png","width":484,"height":182,"caption":"Aivlisoft Inform\u00e1tica"},"image":{"@id":"https:\/\/aivlisoft.net\/shop\/#\/schema\/logo\/image\/"}}]}},"_links":{"self":[{"href":"https:\/\/aivlisoft.net\/shop\/wp-json\/wp\/v2\/product\/19757","targetHints":{"allow":["GET"]}}],"collection":[{"href":"https:\/\/aivlisoft.net\/shop\/wp-json\/wp\/v2\/product"}],"about":[{"href":"https:\/\/aivlisoft.net\/shop\/wp-json\/wp\/v2\/types\/product"}],"wp:featuredmedia":[{"embeddable":true,"href":"https:\/\/aivlisoft.net\/shop\/wp-json\/wp\/v2\/media\/19758"}],"wp:attachment":[{"href":"https:\/\/aivlisoft.net\/shop\/wp-json\/wp\/v2\/media?parent=19757"}],"wp:term":[{"taxonomy":"product_brand","embeddable":true,"href":"https:\/\/aivlisoft.net\/shop\/wp-json\/wp\/v2\/product_brand?post=19757"},{"taxonomy":"product_cat","embeddable":true,"href":"https:\/\/aivlisoft.net\/shop\/wp-json\/wp\/v2\/product_cat?post=19757"},{"taxonomy":"product_tag","embeddable":true,"href":"https:\/\/aivlisoft.net\/shop\/wp-json\/wp\/v2\/product_tag?post=19757"}],"curies":[{"name":"wp","href":"https:\/\/api.w.org\/{rel}","templated":true}]}}