{"id":19752,"date":"2025-01-13T15:35:49","date_gmt":"2025-01-13T15:35:49","guid":{"rendered":"https:\/\/aivlisoft.com\/?post_type=product&#038;p=19752"},"modified":"2025-01-14T11:46:55","modified_gmt":"2025-01-14T11:46:55","slug":"tp-link-re505x-repetidor-wifi6-ax1500-1xgbe","status":"publish","type":"product","link":"https:\/\/aivlisoft.net\/shop\/producto\/tp-link-re505x-repetidor-wifi6-ax1500-1xgbe\/","title":{"rendered":"TP-Link RE505X Repetidor WiFi6 AX1500 1xGbE"},"content":{"rendered":"<p>&nbsp;<\/p>\n<table class=\"tabla_caracteristicas k-table\" width=\"100%\">\n<tr>\n<td valign=\"top\"><strong>Marca<\/strong><\/td>\n<td>TP-Link<\/td>\n<\/tr>\n<tr>\n<td valign=\"top\"><strong>Modelo<\/strong><\/td>\n<td valign=\"top\"><strong>RE505X<\/strong><\/td>\n<\/tr>\n<tr>\n<td valign=\"top\"><strong>Caracter&iacute;sticas de hardware<\/strong><\/td>\n<td>&#8211; Puertos: 1 x Gigabit Ethernet<br \/>\t\t\t&#8211; Botones: Bot&oacute;n WPS, Bot&oacute;n Reset<br \/>\t\t\t&#8211; Consumo de Potencia: 10W<br \/>\t\t\t&#8211; Dimensiones: 74.0 x 46 x 124.8 mm<br \/>\t\t\t&#8211; Antenas: 2 Antenas Externas<\/td>\n<\/tr>\n<tr>\n<td valign=\"top\"><strong>Caracter&iacute;sticas inal&aacute;mbricas<\/strong><\/td>\n<td>&#8211; Est&aacute;ndares Inal&aacute;mbricos: IEEE 802.11a\/n\/ac\/ax 5GHz, IEEE 802.11b\/g\/n 2.4GHz<br \/>\t\t\t&#8211; Frecuencia: 2.4GHz y 5GHz<br \/>\t\t\t&#8211; Tasa de Se&ntilde;al: 300 Mbps en 2.4GHz, 1200 Mbps en 5GHz<br \/>\t\t\t&#8211; Sensibilidad de Recepci&oacute;n:<br \/>\t\t\t&nbsp; 5GHz:<br \/>\t\t\t&nbsp; &#8211; 11a 6Mbps: -93dBm,<br \/>\t\t\t&nbsp; &#8211; 11a 54Mbps: -75dBm<br \/>\t\t\t&nbsp; &#8211; 11ac HT20 MCS0: -92dBm,<br \/>\t\t\t&nbsp; &#8211; 11ac HT20 MCS8: -70dBm<br \/>\t\t\t&nbsp; &#8211; 11ac HT40 MCS0: -90dBm,<br \/>\t\t\t&nbsp; &#8211; 11ac HT40 MCS9: -66dBm<br \/>\t\t\t&nbsp; &#8211; 11ac HT80 MCS0: -87dBm,<br \/>\t\t\t&nbsp; &#8211; 11ac HT80 MCS9: -62dBm<br \/>\t\t\t&nbsp; 2.4GHz:<br \/>\t\t\t&nbsp; &#8211; 11g 54Mbps: -77dBm,<br \/>\t\t\t&nbsp; &#8211; 11n HT20 MCS7: -75dBm<br \/>\t\t\t&nbsp; &#8211; 11n HT40 MCS7: -72dBm<br \/>\t\t\t&#8211; Potencia de Transmisi&oacute;n: CE: 2.4GHz &le;20dBm, 5GHz &le;30dBm<br \/>\t\t\t&#8211; Funciones Inal&aacute;mbricas: Habilitar\/Deshabilitar Radio Inal&aacute;mbrica, Estad&iacute;sticas Inal&aacute;mbricas<br \/>\t\t\t&#8211; Seguridad Inal&aacute;mbrica: Encriptaciones 64\/128-bit WEP, WPA\/WPA-PSK2<\/td>\n<\/tr>\n<tr>\n<td valign=\"top\"><strong>Otros<\/strong><\/td>\n<td>&#8211; Certifications: FCC, RoHS<br \/>\t\t\t<strong>Requisitos del sistema<\/strong><br \/>\t\t\t&#8211; Microsoft Windows 98SE, NT, 2000, XP, Vista&trade; o Windows 7, 8, 8.1, 10, MAC OS, NetWare, UNIX o Linux<br \/>\t\t\t&#8211; Internet Explorer 11, Firefox 12.0, Chrome 20.0, Safari 4.0, o otro navegador web con Java<br \/>\t\t\t<strong>Contenido<\/strong><br \/>\t\t\t&#8211; Extensor de Red Wi-Fi RE505X<br \/>\t\t\t&#8211; Gu&iacute;a de Instalaci&oacute;n R&aacute;pida<\/td>\n<\/tr>\n<tr>\n<td valign=\"top\"><strong>Fecha de revisi&oacute;n<\/strong><\/td>\n<td>30-11-2021 por MSB<\/td>\n<\/tr>\n<\/table>\n<p><br class=\"k-br\" \/>&nbsp;<\/p>\n","protected":false},"excerpt":{"rendered":"<p>&nbsp; Marca TP-Link Modelo RE505X Caracter&iacute;sticas de hardware &#8211; Puertos: 1 x Gigabit Ethernet &#8211; Botones: Bot&oacute;n WPS, Bot&oacute;n Reset &#8211; Consumo de Potencia: 10W &#8211; Dimensiones: 74.0 x 46 x 124.8 mm &#8211; Antenas: 2 Antenas Externas Caracter&iacute;sticas inal&aacute;mbricas &#8211; Est&aacute;ndares Inal&aacute;mbricos: IEEE 802.11a\/n\/ac\/ax 5GHz, IEEE 802.11b\/g\/n 2.4GHz &#8211; Frecuencia: 2.4GHz y 5GHz &#8211;&hellip;&nbsp;<a href=\"https:\/\/aivlisoft.net\/shop\/producto\/tp-link-re505x-repetidor-wifi6-ax1500-1xgbe\/\" rel=\"bookmark\"><span class=\"screen-reader-text\">TP-Link RE505X Repetidor WiFi6 AX1500 1xGbE<\/span><\/a><\/p>\n","protected":false},"featured_media":19753,"template":"","meta":{"neve_meta_sidebar":"","neve_meta_container":"","neve_meta_enable_content_width":"","neve_meta_content_width":0,"neve_meta_title_alignment":"","neve_meta_author_avatar":"","neve_post_elements_order":"","neve_meta_disable_header":"","neve_meta_disable_footer":"","neve_meta_disable_title":""},"product_brand":[],"product_cat":[8770],"product_tag":[7110],"class_list":{"0":"post-19752","1":"product","2":"type-product","3":"status-publish","4":"has-post-thumbnail","6":"product_cat-puntos-de-acceso","7":"product_tag-re505x","9":"first","10":"instock","11":"taxable","12":"shipping-taxable","13":"purchasable","14":"product-type-simple"},"yoast_head":"<!-- This site is optimized with the Yoast SEO plugin v26.0 - https:\/\/yoast.com\/wordpress\/plugins\/seo\/ -->\n<title>TP-Link RE505X Repetidor WiFi6 AX1500 1xGbE - Aivlisoft Inform\u00e1tica<\/title>\n<meta name=\"robots\" content=\"index, follow, max-snippet:-1, max-image-preview:large, max-video-preview:-1\" \/>\n<link rel=\"canonical\" href=\"https:\/\/aivlisoft.net\/shop\/producto\/tp-link-re505x-repetidor-wifi6-ax1500-1xgbe\/\" \/>\n<meta property=\"og:locale\" content=\"es_ES\" \/>\n<meta property=\"og:type\" content=\"article\" \/>\n<meta property=\"og:title\" content=\"TP-Link RE505X Repetidor WiFi6 AX1500 1xGbE - Aivlisoft Inform\u00e1tica\" \/>\n<meta property=\"og:description\" content=\"&nbsp; Marca TP-Link Modelo RE505X Caracter&iacute;sticas de hardware &#8211; Puertos: 1 x Gigabit Ethernet &#8211; Botones: Bot&oacute;n WPS, Bot&oacute;n Reset &#8211; Consumo de Potencia: 10W &#8211; Dimensiones: 74.0 x 46 x 124.8 mm &#8211; Antenas: 2 Antenas Externas Caracter&iacute;sticas inal&aacute;mbricas &#8211; Est&aacute;ndares Inal&aacute;mbricos: IEEE 802.11a\/n\/ac\/ax 5GHz, IEEE 802.11b\/g\/n 2.4GHz &#8211; Frecuencia: 2.4GHz y 5GHz &#8211;&hellip;&nbsp;TP-Link RE505X Repetidor WiFi6 AX1500 1xGbE\" \/>\n<meta property=\"og:url\" content=\"https:\/\/aivlisoft.net\/shop\/producto\/tp-link-re505x-repetidor-wifi6-ax1500-1xgbe\/\" \/>\n<meta property=\"og:site_name\" content=\"Aivlisoft Inform\u00e1tica\" \/>\n<meta property=\"article:modified_time\" content=\"2025-01-14T11:46:55+00:00\" \/>\n<meta property=\"og:image\" content=\"https:\/\/aivlisoft.net\/shop\/wp-content\/uploads\/2025\/01\/NSWPAC0465_800.jpg\" \/>\n\t<meta property=\"og:image:width\" content=\"800\" \/>\n\t<meta property=\"og:image:height\" content=\"800\" \/>\n\t<meta property=\"og:image:type\" content=\"image\/jpeg\" \/>\n<meta name=\"twitter:card\" content=\"summary_large_image\" \/>\n<meta name=\"twitter:label1\" content=\"Tiempo de lectura\" \/>\n\t<meta name=\"twitter:data1\" content=\"1 minuto\" \/>\n<script type=\"application\/ld+json\" class=\"yoast-schema-graph\">{\"@context\":\"https:\/\/schema.org\",\"@graph\":[{\"@type\":\"WebPage\",\"@id\":\"https:\/\/aivlisoft.net\/shop\/producto\/tp-link-re505x-repetidor-wifi6-ax1500-1xgbe\/\",\"url\":\"https:\/\/aivlisoft.net\/shop\/producto\/tp-link-re505x-repetidor-wifi6-ax1500-1xgbe\/\",\"name\":\"TP-Link RE505X Repetidor WiFi6 AX1500 1xGbE - Aivlisoft Inform\u00e1tica\",\"isPartOf\":{\"@id\":\"https:\/\/aivlisoft.net\/shop\/#website\"},\"primaryImageOfPage\":{\"@id\":\"https:\/\/aivlisoft.net\/shop\/producto\/tp-link-re505x-repetidor-wifi6-ax1500-1xgbe\/#primaryimage\"},\"image\":{\"@id\":\"https:\/\/aivlisoft.net\/shop\/producto\/tp-link-re505x-repetidor-wifi6-ax1500-1xgbe\/#primaryimage\"},\"thumbnailUrl\":\"https:\/\/aivlisoft.net\/shop\/wp-content\/uploads\/2025\/01\/NSWPAC0465_800.jpg\",\"datePublished\":\"2025-01-13T15:35:49+00:00\",\"dateModified\":\"2025-01-14T11:46:55+00:00\",\"breadcrumb\":{\"@id\":\"https:\/\/aivlisoft.net\/shop\/producto\/tp-link-re505x-repetidor-wifi6-ax1500-1xgbe\/#breadcrumb\"},\"inLanguage\":\"es\",\"potentialAction\":[{\"@type\":\"ReadAction\",\"target\":[\"https:\/\/aivlisoft.net\/shop\/producto\/tp-link-re505x-repetidor-wifi6-ax1500-1xgbe\/\"]}]},{\"@type\":\"ImageObject\",\"inLanguage\":\"es\",\"@id\":\"https:\/\/aivlisoft.net\/shop\/producto\/tp-link-re505x-repetidor-wifi6-ax1500-1xgbe\/#primaryimage\",\"url\":\"https:\/\/aivlisoft.net\/shop\/wp-content\/uploads\/2025\/01\/NSWPAC0465_800.jpg\",\"contentUrl\":\"https:\/\/aivlisoft.net\/shop\/wp-content\/uploads\/2025\/01\/NSWPAC0465_800.jpg\",\"width\":800,\"height\":800},{\"@type\":\"BreadcrumbList\",\"@id\":\"https:\/\/aivlisoft.net\/shop\/producto\/tp-link-re505x-repetidor-wifi6-ax1500-1xgbe\/#breadcrumb\",\"itemListElement\":[{\"@type\":\"ListItem\",\"position\":1,\"name\":\"Portada\",\"item\":\"https:\/\/aivlisoft.net\/shop\/\"},{\"@type\":\"ListItem\",\"position\":2,\"name\":\"Tienda\",\"item\":\"https:\/\/aivlisoft.net\/shop\/tienda\/\"},{\"@type\":\"ListItem\",\"position\":3,\"name\":\"TP-Link RE505X Repetidor WiFi6 AX1500 1xGbE\"}]},{\"@type\":\"WebSite\",\"@id\":\"https:\/\/aivlisoft.net\/shop\/#website\",\"url\":\"https:\/\/aivlisoft.net\/shop\/\",\"name\":\"Aivlisoft Inform\u00e1tica\",\"description\":\"En Aivlisoft Inform\u00e1tica ofrecemos soluciones tecnol\u00f3gicas para empresas: venta de ordenadores, consumibles, perif\u00e9ricos y m\u00e1s. Calidad, atenci\u00f3n personalizada y los mejores precios para tu negocio.\",\"publisher\":{\"@id\":\"https:\/\/aivlisoft.net\/shop\/#organization\"},\"potentialAction\":[{\"@type\":\"SearchAction\",\"target\":{\"@type\":\"EntryPoint\",\"urlTemplate\":\"https:\/\/aivlisoft.net\/shop\/?s={search_term_string}\"},\"query-input\":{\"@type\":\"PropertyValueSpecification\",\"valueRequired\":true,\"valueName\":\"search_term_string\"}}],\"inLanguage\":\"es\"},{\"@type\":\"Organization\",\"@id\":\"https:\/\/aivlisoft.net\/shop\/#organization\",\"name\":\"Aivlisoft Inform\u00e1tica\",\"url\":\"https:\/\/aivlisoft.net\/shop\/\",\"logo\":{\"@type\":\"ImageObject\",\"inLanguage\":\"es\",\"@id\":\"https:\/\/aivlisoft.net\/shop\/#\/schema\/logo\/image\/\",\"url\":\"https:\/\/aivlisoft.net\/shop\/wp-content\/uploads\/2024\/12\/removal.ai_5b848c54-0cdf-4140-95c5-c5536bb7573b-logodef.png\",\"contentUrl\":\"https:\/\/aivlisoft.net\/shop\/wp-content\/uploads\/2024\/12\/removal.ai_5b848c54-0cdf-4140-95c5-c5536bb7573b-logodef.png\",\"width\":484,\"height\":182,\"caption\":\"Aivlisoft Inform\u00e1tica\"},\"image\":{\"@id\":\"https:\/\/aivlisoft.net\/shop\/#\/schema\/logo\/image\/\"}}]}<\/script>\n<!-- \/ Yoast SEO plugin. -->","yoast_head_json":{"title":"TP-Link RE505X Repetidor WiFi6 AX1500 1xGbE - Aivlisoft Inform\u00e1tica","robots":{"index":"index","follow":"follow","max-snippet":"max-snippet:-1","max-image-preview":"max-image-preview:large","max-video-preview":"max-video-preview:-1"},"canonical":"https:\/\/aivlisoft.net\/shop\/producto\/tp-link-re505x-repetidor-wifi6-ax1500-1xgbe\/","og_locale":"es_ES","og_type":"article","og_title":"TP-Link RE505X Repetidor WiFi6 AX1500 1xGbE - Aivlisoft Inform\u00e1tica","og_description":"&nbsp; Marca TP-Link Modelo RE505X Caracter&iacute;sticas de hardware &#8211; Puertos: 1 x Gigabit Ethernet &#8211; Botones: Bot&oacute;n WPS, Bot&oacute;n Reset &#8211; Consumo de Potencia: 10W &#8211; Dimensiones: 74.0 x 46 x 124.8 mm &#8211; Antenas: 2 Antenas Externas Caracter&iacute;sticas inal&aacute;mbricas &#8211; Est&aacute;ndares Inal&aacute;mbricos: IEEE 802.11a\/n\/ac\/ax 5GHz, IEEE 802.11b\/g\/n 2.4GHz &#8211; Frecuencia: 2.4GHz y 5GHz &#8211;&hellip;&nbsp;TP-Link RE505X Repetidor WiFi6 AX1500 1xGbE","og_url":"https:\/\/aivlisoft.net\/shop\/producto\/tp-link-re505x-repetidor-wifi6-ax1500-1xgbe\/","og_site_name":"Aivlisoft Inform\u00e1tica","article_modified_time":"2025-01-14T11:46:55+00:00","og_image":[{"width":800,"height":800,"url":"https:\/\/aivlisoft.net\/shop\/wp-content\/uploads\/2025\/01\/NSWPAC0465_800.jpg","type":"image\/jpeg"}],"twitter_card":"summary_large_image","twitter_misc":{"Tiempo de lectura":"1 minuto"},"schema":{"@context":"https:\/\/schema.org","@graph":[{"@type":"WebPage","@id":"https:\/\/aivlisoft.net\/shop\/producto\/tp-link-re505x-repetidor-wifi6-ax1500-1xgbe\/","url":"https:\/\/aivlisoft.net\/shop\/producto\/tp-link-re505x-repetidor-wifi6-ax1500-1xgbe\/","name":"TP-Link RE505X Repetidor WiFi6 AX1500 1xGbE - Aivlisoft Inform\u00e1tica","isPartOf":{"@id":"https:\/\/aivlisoft.net\/shop\/#website"},"primaryImageOfPage":{"@id":"https:\/\/aivlisoft.net\/shop\/producto\/tp-link-re505x-repetidor-wifi6-ax1500-1xgbe\/#primaryimage"},"image":{"@id":"https:\/\/aivlisoft.net\/shop\/producto\/tp-link-re505x-repetidor-wifi6-ax1500-1xgbe\/#primaryimage"},"thumbnailUrl":"https:\/\/aivlisoft.net\/shop\/wp-content\/uploads\/2025\/01\/NSWPAC0465_800.jpg","datePublished":"2025-01-13T15:35:49+00:00","dateModified":"2025-01-14T11:46:55+00:00","breadcrumb":{"@id":"https:\/\/aivlisoft.net\/shop\/producto\/tp-link-re505x-repetidor-wifi6-ax1500-1xgbe\/#breadcrumb"},"inLanguage":"es","potentialAction":[{"@type":"ReadAction","target":["https:\/\/aivlisoft.net\/shop\/producto\/tp-link-re505x-repetidor-wifi6-ax1500-1xgbe\/"]}]},{"@type":"ImageObject","inLanguage":"es","@id":"https:\/\/aivlisoft.net\/shop\/producto\/tp-link-re505x-repetidor-wifi6-ax1500-1xgbe\/#primaryimage","url":"https:\/\/aivlisoft.net\/shop\/wp-content\/uploads\/2025\/01\/NSWPAC0465_800.jpg","contentUrl":"https:\/\/aivlisoft.net\/shop\/wp-content\/uploads\/2025\/01\/NSWPAC0465_800.jpg","width":800,"height":800},{"@type":"BreadcrumbList","@id":"https:\/\/aivlisoft.net\/shop\/producto\/tp-link-re505x-repetidor-wifi6-ax1500-1xgbe\/#breadcrumb","itemListElement":[{"@type":"ListItem","position":1,"name":"Portada","item":"https:\/\/aivlisoft.net\/shop\/"},{"@type":"ListItem","position":2,"name":"Tienda","item":"https:\/\/aivlisoft.net\/shop\/tienda\/"},{"@type":"ListItem","position":3,"name":"TP-Link RE505X Repetidor WiFi6 AX1500 1xGbE"}]},{"@type":"WebSite","@id":"https:\/\/aivlisoft.net\/shop\/#website","url":"https:\/\/aivlisoft.net\/shop\/","name":"Aivlisoft Inform\u00e1tica","description":"En Aivlisoft Inform\u00e1tica ofrecemos soluciones tecnol\u00f3gicas para empresas: venta de ordenadores, consumibles, perif\u00e9ricos y m\u00e1s. Calidad, atenci\u00f3n personalizada y los mejores precios para tu negocio.","publisher":{"@id":"https:\/\/aivlisoft.net\/shop\/#organization"},"potentialAction":[{"@type":"SearchAction","target":{"@type":"EntryPoint","urlTemplate":"https:\/\/aivlisoft.net\/shop\/?s={search_term_string}"},"query-input":{"@type":"PropertyValueSpecification","valueRequired":true,"valueName":"search_term_string"}}],"inLanguage":"es"},{"@type":"Organization","@id":"https:\/\/aivlisoft.net\/shop\/#organization","name":"Aivlisoft Inform\u00e1tica","url":"https:\/\/aivlisoft.net\/shop\/","logo":{"@type":"ImageObject","inLanguage":"es","@id":"https:\/\/aivlisoft.net\/shop\/#\/schema\/logo\/image\/","url":"https:\/\/aivlisoft.net\/shop\/wp-content\/uploads\/2024\/12\/removal.ai_5b848c54-0cdf-4140-95c5-c5536bb7573b-logodef.png","contentUrl":"https:\/\/aivlisoft.net\/shop\/wp-content\/uploads\/2024\/12\/removal.ai_5b848c54-0cdf-4140-95c5-c5536bb7573b-logodef.png","width":484,"height":182,"caption":"Aivlisoft Inform\u00e1tica"},"image":{"@id":"https:\/\/aivlisoft.net\/shop\/#\/schema\/logo\/image\/"}}]}},"_links":{"self":[{"href":"https:\/\/aivlisoft.net\/shop\/wp-json\/wp\/v2\/product\/19752","targetHints":{"allow":["GET"]}}],"collection":[{"href":"https:\/\/aivlisoft.net\/shop\/wp-json\/wp\/v2\/product"}],"about":[{"href":"https:\/\/aivlisoft.net\/shop\/wp-json\/wp\/v2\/types\/product"}],"wp:featuredmedia":[{"embeddable":true,"href":"https:\/\/aivlisoft.net\/shop\/wp-json\/wp\/v2\/media\/19753"}],"wp:attachment":[{"href":"https:\/\/aivlisoft.net\/shop\/wp-json\/wp\/v2\/media?parent=19752"}],"wp:term":[{"taxonomy":"product_brand","embeddable":true,"href":"https:\/\/aivlisoft.net\/shop\/wp-json\/wp\/v2\/product_brand?post=19752"},{"taxonomy":"product_cat","embeddable":true,"href":"https:\/\/aivlisoft.net\/shop\/wp-json\/wp\/v2\/product_cat?post=19752"},{"taxonomy":"product_tag","embeddable":true,"href":"https:\/\/aivlisoft.net\/shop\/wp-json\/wp\/v2\/product_tag?post=19752"}],"curies":[{"name":"wp","href":"https:\/\/api.w.org\/{rel}","templated":true}]}}