{"id":19743,"date":"2025-01-13T15:35:45","date_gmt":"2025-01-13T15:35:45","guid":{"rendered":"https:\/\/aivlisoft.com\/?post_type=product&#038;p=19743"},"modified":"2025-01-14T11:46:53","modified_gmt":"2025-01-14T11:46:53","slug":"zyxel-nwa110ax-punto-acceso-wifi6-nebula-1xgbe","status":"publish","type":"product","link":"https:\/\/aivlisoft.net\/shop\/producto\/zyxel-nwa110ax-punto-acceso-wifi6-nebula-1xgbe\/","title":{"rendered":"Zyxel NWA110AX Punto Acceso WiFi6 Nebula 1xGbE"},"content":{"rendered":"<p><\/p>\n<table class=\"tabla_caracteristicas\" width=\"100%\">\n<tr>\n<td><strong>Marca<\/strong><\/td>\n<td>Zyxel<\/td>\n<\/tr>\n<tr>\n<td><strong>Modelo<\/strong><\/td>\n<td><strong>NWA110AX-EU0102F<\/strong><\/td>\n<\/tr>\n<tr>\n<td><strong>Caracter&iacute;sticas<\/strong><\/td>\n<td><strong>Interfaces f&iacute;sicas<\/strong><br \/>\t\t\t&#8211; Puerto Ethernet: 1 x 10\/100 \/ 1000M LAN<br \/>\t\t\t&#8211; Alimentaci&oacute;n:<br \/>\t\t\t&nbsp; PoE (802.3) en: consumo de energ&iacute;a 17 W<br \/>\t\t\t&nbsp; Entrada CC: 12 V CC 1,5 A<br \/>\t\t\t<strong>Inal&aacute;mbrico<\/strong><br \/>\t\t\t&#8211; Est&aacute;ndar: IEEE802.11 ax \/ ac \/ n \/ g \/ b \/ a<br \/>\t\t\t&#8211; MIMO: MU-MIMO<br \/>\t\t\t&#8211; Velocidad inal&aacute;mbrica:<br \/>\t\t\t&nbsp; 2,4 GHz: 575 Mbps<br \/>\t\t\t&nbsp; 5 GHz: 1200 Mbps<br \/>\t\t\t&#8211; Banda de frecuencia:<br \/>\t\t\t&nbsp; 2,4 GHz (IEEE 802.11 b \/ g \/ n):<br \/>\t\t\t&nbsp; &#8211; EE. UU. (FCC): 2.412 a 2.462 GHz<br \/>\t\t\t&nbsp; &#8211; Europa (ETSI): 2.412 a 2.472 GHz<br \/>\t\t\t&nbsp; 5 GHz (IEEE 802.11 a \/ n \/ ac):<br \/>\t\t\t&nbsp; &#8211; EE. UU. (FCC): 5,15 a 5,35 GHz; 5,725 a 5,850 GHz<br \/>\t\t\t&nbsp; &#8211; Europeo (ETSI): 5,15 a 5,35 GHz; 5,470 a 5,725 GHz<br \/>\t\t\t&#8211; Ancho de banda: 20, 40 y 80 MHz<br \/>\t\t\t&#8211; Potencia de salida de transmisi&oacute;n t&iacute;pica conducida:<br \/>\t\t\t&nbsp; EE. UU. (2,4 GHz \/ 5 GHz): 23 \/ 23dBm<br \/>\t\t\t&nbsp; UE (2,4 GHz \/ 5 GHz): 20 \/ 22dBm<br \/>\t\t\t<strong>Dise&ntilde;o RF<\/strong><br \/>\t\t\t&#8211; Tipo de antena: antena optimizada 2&#215;2 MIMO<br \/>\t\t\t&#8211; MTBF: 635,837<br \/>\t\t\t&#8211; Ganancia de la antena:<br \/>\t\t\t&nbsp; 2,4 GHz: ganancia m&aacute;xima de 5 dBi<br \/>\t\t\t&nbsp; 5 GHz: ganancia m&aacute;xima de 6 dBi<br \/>\t\t\t&#8211; Sensibilidad de recepci&oacute;n m&iacute;nima: Min. Sensibilidad Rx hasta -101 dBm<br \/>\t\t\t<strong>Funci&oacute;n WLAN<\/strong><br \/>\t\t\t&#8211; Direcci&oacute;n de banda<br \/>\t\t\t&#8211; WDS \/ Malla (V6.10)<br \/>\t\t\t&#8211; Roaming r&aacute;pido: autenticaci&oacute;n previa, almacenamiento en cach&eacute; de PMK y 802.11r \/ k \/ v<br \/>\t\t\t&#8211; DCS<br \/>\t\t\t&#8211; Balanceo de carga<br \/>\t\t\t<strong>Seguridad<\/strong><br \/>\t\t\t&#8211; Seguridad inal&aacute;mbrica:<br \/>\t\t\t&nbsp; WEP<br \/>\t\t\t&nbsp; WPA<br \/>\t\t\t&nbsp; WPA2-PSK<br \/>\t\t\t&nbsp; WPA3<br \/>\t\t\t&#8211; Autenticaci&oacute;n:<br \/>\t\t\t&nbsp; WPA<br \/>\t\t\t&nbsp; WPA2-Enterprise<br \/>\t\t\t&nbsp; EAP<br \/>\t\t\t&nbsp; IEEE 802.1X<br \/>\t\t\t&nbsp; Autenticaci&oacute;n RADIUS<br \/>\t\t\t&#8211; Gesti&oacute;n de Acceso:<br \/>\t\t\t&nbsp; Aislamiento L2<br \/>\t\t\t&nbsp; Filtrado MAC<br \/>\t\t\t<strong>Redes<\/strong><br \/>\t\t\t&#8211; IPv6<br \/>\t\t\t&#8211; VLAN<br \/>\t\t\t&#8211; WMM<br \/>\t\t\t&#8211; U-APSD<br \/>\t\t\t&#8211; Marcado DiffServ<br \/>\t\t\t<strong>Gesti&oacute;n<\/strong><br \/>\t\t\t&#8211; Modo operativo:<br \/>\t\t\t&nbsp; Nebula Cloud gestionado<br \/>\t\t\t&nbsp; Ser &uacute;nico<br \/>\t\t\t&#8211; Utilidad ZON:<br \/>\t\t\t&nbsp; Descubrimiento de conmutadores, puntos de acceso y puertas de enlace de Zyxel<br \/>\t\t\t&nbsp; Configuraciones centralizadas y por lotes:<br \/>\t\t\t&nbsp; &#8211; configuraci&oacute;n de IP<br \/>\t\t\t&nbsp; &#8211; Renovaci&oacute;n de IP<br \/>\t\t\t&nbsp; &#8211; Restablecimiento de f&aacute;brica del dispositivo<br \/>\t\t\t&nbsp; &#8211; Reinicio del dispositivo<br \/>\t\t\t&nbsp; &#8211; Localizaci&oacute;n de dispositivos<br \/>\t\t\t&nbsp; &#8211; Acceso a la GUI web<br \/>\t\t\t&nbsp; &#8211; Actualizaci&oacute;n de firmware<br \/>\t\t\t&nbsp; &#8211; Configuraci&oacute;n de contrase&ntilde;a<br \/>\t\t\t&#8211; Optimizador inal&aacute;mbrico Zyxel:<br \/>\t\t\t&nbsp; Planificaci&oacute;n de puntos de acceso WiFi<br \/>\t\t\t&nbsp; Detecci&oacute;n de cobertura WiFi<br \/>\t\t\t&nbsp; Gesti&oacute;n de salud inal&aacute;mbrica<br \/>\t\t\t&#8211; Interfaz de usuario web \/ CLI<br \/>\t\t\t&#8211; SNMP<br \/>\t\t\t<strong>Especificaciones f&iacute;sicas<\/strong><br \/>\t\t\t&#8211; Dimensiones (AnxPxAl): 180 x 180 x 39 mm<br \/>\t\t\t&#8211; Peso: 453 g<br \/>\t\t\t&#8211; Accesorios incluidos:<br \/>\t\t\t&nbsp; Placa de montaje<br \/>\t\t\t&nbsp; Tornillos de montaje<br \/>\t\t\t&nbsp; adaptador de corriente<\/td>\n<\/tr>\n<tr>\n<td><strong>Fecha de revisi&oacute;n<\/strong><\/td>\n<td>30-11-2021 por MSB<\/td>\n<\/tr>\n<\/table>\n","protected":false},"excerpt":{"rendered":"<p>Marca Zyxel Modelo NWA110AX-EU0102F Caracter&iacute;sticas Interfaces f&iacute;sicas &#8211; Puerto Ethernet: 1 x 10\/100 \/ 1000M LAN &#8211; Alimentaci&oacute;n: &nbsp; PoE (802.3) en: consumo de energ&iacute;a 17 W &nbsp; Entrada CC: 12 V CC 1,5 A Inal&aacute;mbrico &#8211; Est&aacute;ndar: IEEE802.11 ax \/ ac \/ n \/ g \/ b \/ a &#8211; MIMO: MU-MIMO &#8211; Velocidad&hellip;&nbsp;<a href=\"https:\/\/aivlisoft.net\/shop\/producto\/zyxel-nwa110ax-punto-acceso-wifi6-nebula-1xgbe\/\" rel=\"bookmark\"><span class=\"screen-reader-text\">Zyxel NWA110AX Punto Acceso WiFi6 Nebula 1xGbE<\/span><\/a><\/p>\n","protected":false},"featured_media":19744,"template":"","meta":{"neve_meta_sidebar":"","neve_meta_container":"","neve_meta_enable_content_width":"","neve_meta_content_width":0,"neve_meta_title_alignment":"","neve_meta_author_avatar":"","neve_post_elements_order":"","neve_meta_disable_header":"","neve_meta_disable_footer":"","neve_meta_disable_title":""},"product_brand":[],"product_cat":[8770],"product_tag":[7108],"class_list":{"0":"post-19743","1":"product","2":"type-product","3":"status-publish","4":"has-post-thumbnail","6":"product_cat-puntos-de-acceso","7":"product_tag-nwa110ax-eu0102f","9":"first","10":"instock","11":"taxable","12":"shipping-taxable","13":"purchasable","14":"product-type-simple"},"yoast_head":"<!-- This site is optimized with the Yoast SEO plugin v26.0 - https:\/\/yoast.com\/wordpress\/plugins\/seo\/ -->\n<title>Zyxel NWA110AX Punto Acceso WiFi6 Nebula 1xGbE - Aivlisoft Inform\u00e1tica<\/title>\n<meta name=\"robots\" content=\"index, follow, max-snippet:-1, max-image-preview:large, max-video-preview:-1\" \/>\n<link rel=\"canonical\" href=\"https:\/\/aivlisoft.net\/shop\/producto\/zyxel-nwa110ax-punto-acceso-wifi6-nebula-1xgbe\/\" \/>\n<meta property=\"og:locale\" content=\"es_ES\" \/>\n<meta property=\"og:type\" content=\"article\" \/>\n<meta property=\"og:title\" content=\"Zyxel NWA110AX Punto Acceso WiFi6 Nebula 1xGbE - Aivlisoft Inform\u00e1tica\" \/>\n<meta property=\"og:description\" content=\"Marca Zyxel Modelo NWA110AX-EU0102F Caracter&iacute;sticas Interfaces f&iacute;sicas &#8211; Puerto Ethernet: 1 x 10\/100 \/ 1000M LAN &#8211; Alimentaci&oacute;n: &nbsp; PoE (802.3) en: consumo de energ&iacute;a 17 W &nbsp; Entrada CC: 12 V CC 1,5 A Inal&aacute;mbrico &#8211; Est&aacute;ndar: IEEE802.11 ax \/ ac \/ n \/ g \/ b \/ a &#8211; MIMO: MU-MIMO &#8211; Velocidad&hellip;&nbsp;Zyxel NWA110AX Punto Acceso WiFi6 Nebula 1xGbE\" \/>\n<meta property=\"og:url\" content=\"https:\/\/aivlisoft.net\/shop\/producto\/zyxel-nwa110ax-punto-acceso-wifi6-nebula-1xgbe\/\" \/>\n<meta property=\"og:site_name\" content=\"Aivlisoft Inform\u00e1tica\" \/>\n<meta property=\"article:modified_time\" content=\"2025-01-14T11:46:53+00:00\" \/>\n<meta property=\"og:image\" content=\"https:\/\/aivlisoft.net\/shop\/wp-content\/uploads\/2025\/01\/NSWPAC0463_800.jpg\" \/>\n\t<meta property=\"og:image:width\" content=\"800\" \/>\n\t<meta property=\"og:image:height\" content=\"800\" \/>\n\t<meta property=\"og:image:type\" content=\"image\/jpeg\" \/>\n<meta name=\"twitter:card\" content=\"summary_large_image\" \/>\n<meta name=\"twitter:label1\" content=\"Tiempo de lectura\" \/>\n\t<meta name=\"twitter:data1\" content=\"2 minutos\" \/>\n<script type=\"application\/ld+json\" class=\"yoast-schema-graph\">{\"@context\":\"https:\/\/schema.org\",\"@graph\":[{\"@type\":\"WebPage\",\"@id\":\"https:\/\/aivlisoft.net\/shop\/producto\/zyxel-nwa110ax-punto-acceso-wifi6-nebula-1xgbe\/\",\"url\":\"https:\/\/aivlisoft.net\/shop\/producto\/zyxel-nwa110ax-punto-acceso-wifi6-nebula-1xgbe\/\",\"name\":\"Zyxel NWA110AX Punto Acceso WiFi6 Nebula 1xGbE - Aivlisoft Inform\u00e1tica\",\"isPartOf\":{\"@id\":\"https:\/\/aivlisoft.net\/shop\/#website\"},\"primaryImageOfPage\":{\"@id\":\"https:\/\/aivlisoft.net\/shop\/producto\/zyxel-nwa110ax-punto-acceso-wifi6-nebula-1xgbe\/#primaryimage\"},\"image\":{\"@id\":\"https:\/\/aivlisoft.net\/shop\/producto\/zyxel-nwa110ax-punto-acceso-wifi6-nebula-1xgbe\/#primaryimage\"},\"thumbnailUrl\":\"https:\/\/aivlisoft.net\/shop\/wp-content\/uploads\/2025\/01\/NSWPAC0463_800.jpg\",\"datePublished\":\"2025-01-13T15:35:45+00:00\",\"dateModified\":\"2025-01-14T11:46:53+00:00\",\"breadcrumb\":{\"@id\":\"https:\/\/aivlisoft.net\/shop\/producto\/zyxel-nwa110ax-punto-acceso-wifi6-nebula-1xgbe\/#breadcrumb\"},\"inLanguage\":\"es\",\"potentialAction\":[{\"@type\":\"ReadAction\",\"target\":[\"https:\/\/aivlisoft.net\/shop\/producto\/zyxel-nwa110ax-punto-acceso-wifi6-nebula-1xgbe\/\"]}]},{\"@type\":\"ImageObject\",\"inLanguage\":\"es\",\"@id\":\"https:\/\/aivlisoft.net\/shop\/producto\/zyxel-nwa110ax-punto-acceso-wifi6-nebula-1xgbe\/#primaryimage\",\"url\":\"https:\/\/aivlisoft.net\/shop\/wp-content\/uploads\/2025\/01\/NSWPAC0463_800.jpg\",\"contentUrl\":\"https:\/\/aivlisoft.net\/shop\/wp-content\/uploads\/2025\/01\/NSWPAC0463_800.jpg\",\"width\":800,\"height\":800},{\"@type\":\"BreadcrumbList\",\"@id\":\"https:\/\/aivlisoft.net\/shop\/producto\/zyxel-nwa110ax-punto-acceso-wifi6-nebula-1xgbe\/#breadcrumb\",\"itemListElement\":[{\"@type\":\"ListItem\",\"position\":1,\"name\":\"Portada\",\"item\":\"https:\/\/aivlisoft.net\/shop\/\"},{\"@type\":\"ListItem\",\"position\":2,\"name\":\"Tienda\",\"item\":\"https:\/\/aivlisoft.net\/shop\/tienda\/\"},{\"@type\":\"ListItem\",\"position\":3,\"name\":\"Zyxel NWA110AX Punto Acceso WiFi6 Nebula 1xGbE\"}]},{\"@type\":\"WebSite\",\"@id\":\"https:\/\/aivlisoft.net\/shop\/#website\",\"url\":\"https:\/\/aivlisoft.net\/shop\/\",\"name\":\"Aivlisoft Inform\u00e1tica\",\"description\":\"En Aivlisoft Inform\u00e1tica ofrecemos soluciones tecnol\u00f3gicas para empresas: venta de ordenadores, consumibles, perif\u00e9ricos y m\u00e1s. Calidad, atenci\u00f3n personalizada y los mejores precios para tu negocio.\",\"publisher\":{\"@id\":\"https:\/\/aivlisoft.net\/shop\/#organization\"},\"potentialAction\":[{\"@type\":\"SearchAction\",\"target\":{\"@type\":\"EntryPoint\",\"urlTemplate\":\"https:\/\/aivlisoft.net\/shop\/?s={search_term_string}\"},\"query-input\":{\"@type\":\"PropertyValueSpecification\",\"valueRequired\":true,\"valueName\":\"search_term_string\"}}],\"inLanguage\":\"es\"},{\"@type\":\"Organization\",\"@id\":\"https:\/\/aivlisoft.net\/shop\/#organization\",\"name\":\"Aivlisoft Inform\u00e1tica\",\"url\":\"https:\/\/aivlisoft.net\/shop\/\",\"logo\":{\"@type\":\"ImageObject\",\"inLanguage\":\"es\",\"@id\":\"https:\/\/aivlisoft.net\/shop\/#\/schema\/logo\/image\/\",\"url\":\"https:\/\/aivlisoft.net\/shop\/wp-content\/uploads\/2024\/12\/removal.ai_5b848c54-0cdf-4140-95c5-c5536bb7573b-logodef.png\",\"contentUrl\":\"https:\/\/aivlisoft.net\/shop\/wp-content\/uploads\/2024\/12\/removal.ai_5b848c54-0cdf-4140-95c5-c5536bb7573b-logodef.png\",\"width\":484,\"height\":182,\"caption\":\"Aivlisoft Inform\u00e1tica\"},\"image\":{\"@id\":\"https:\/\/aivlisoft.net\/shop\/#\/schema\/logo\/image\/\"}}]}<\/script>\n<!-- \/ Yoast SEO plugin. -->","yoast_head_json":{"title":"Zyxel NWA110AX Punto Acceso WiFi6 Nebula 1xGbE - Aivlisoft Inform\u00e1tica","robots":{"index":"index","follow":"follow","max-snippet":"max-snippet:-1","max-image-preview":"max-image-preview:large","max-video-preview":"max-video-preview:-1"},"canonical":"https:\/\/aivlisoft.net\/shop\/producto\/zyxel-nwa110ax-punto-acceso-wifi6-nebula-1xgbe\/","og_locale":"es_ES","og_type":"article","og_title":"Zyxel NWA110AX Punto Acceso WiFi6 Nebula 1xGbE - Aivlisoft Inform\u00e1tica","og_description":"Marca Zyxel Modelo NWA110AX-EU0102F Caracter&iacute;sticas Interfaces f&iacute;sicas &#8211; Puerto Ethernet: 1 x 10\/100 \/ 1000M LAN &#8211; Alimentaci&oacute;n: &nbsp; PoE (802.3) en: consumo de energ&iacute;a 17 W &nbsp; Entrada CC: 12 V CC 1,5 A Inal&aacute;mbrico &#8211; Est&aacute;ndar: IEEE802.11 ax \/ ac \/ n \/ g \/ b \/ a &#8211; MIMO: MU-MIMO &#8211; Velocidad&hellip;&nbsp;Zyxel NWA110AX Punto Acceso WiFi6 Nebula 1xGbE","og_url":"https:\/\/aivlisoft.net\/shop\/producto\/zyxel-nwa110ax-punto-acceso-wifi6-nebula-1xgbe\/","og_site_name":"Aivlisoft Inform\u00e1tica","article_modified_time":"2025-01-14T11:46:53+00:00","og_image":[{"width":800,"height":800,"url":"https:\/\/aivlisoft.net\/shop\/wp-content\/uploads\/2025\/01\/NSWPAC0463_800.jpg","type":"image\/jpeg"}],"twitter_card":"summary_large_image","twitter_misc":{"Tiempo de lectura":"2 minutos"},"schema":{"@context":"https:\/\/schema.org","@graph":[{"@type":"WebPage","@id":"https:\/\/aivlisoft.net\/shop\/producto\/zyxel-nwa110ax-punto-acceso-wifi6-nebula-1xgbe\/","url":"https:\/\/aivlisoft.net\/shop\/producto\/zyxel-nwa110ax-punto-acceso-wifi6-nebula-1xgbe\/","name":"Zyxel NWA110AX Punto Acceso WiFi6 Nebula 1xGbE - Aivlisoft Inform\u00e1tica","isPartOf":{"@id":"https:\/\/aivlisoft.net\/shop\/#website"},"primaryImageOfPage":{"@id":"https:\/\/aivlisoft.net\/shop\/producto\/zyxel-nwa110ax-punto-acceso-wifi6-nebula-1xgbe\/#primaryimage"},"image":{"@id":"https:\/\/aivlisoft.net\/shop\/producto\/zyxel-nwa110ax-punto-acceso-wifi6-nebula-1xgbe\/#primaryimage"},"thumbnailUrl":"https:\/\/aivlisoft.net\/shop\/wp-content\/uploads\/2025\/01\/NSWPAC0463_800.jpg","datePublished":"2025-01-13T15:35:45+00:00","dateModified":"2025-01-14T11:46:53+00:00","breadcrumb":{"@id":"https:\/\/aivlisoft.net\/shop\/producto\/zyxel-nwa110ax-punto-acceso-wifi6-nebula-1xgbe\/#breadcrumb"},"inLanguage":"es","potentialAction":[{"@type":"ReadAction","target":["https:\/\/aivlisoft.net\/shop\/producto\/zyxel-nwa110ax-punto-acceso-wifi6-nebula-1xgbe\/"]}]},{"@type":"ImageObject","inLanguage":"es","@id":"https:\/\/aivlisoft.net\/shop\/producto\/zyxel-nwa110ax-punto-acceso-wifi6-nebula-1xgbe\/#primaryimage","url":"https:\/\/aivlisoft.net\/shop\/wp-content\/uploads\/2025\/01\/NSWPAC0463_800.jpg","contentUrl":"https:\/\/aivlisoft.net\/shop\/wp-content\/uploads\/2025\/01\/NSWPAC0463_800.jpg","width":800,"height":800},{"@type":"BreadcrumbList","@id":"https:\/\/aivlisoft.net\/shop\/producto\/zyxel-nwa110ax-punto-acceso-wifi6-nebula-1xgbe\/#breadcrumb","itemListElement":[{"@type":"ListItem","position":1,"name":"Portada","item":"https:\/\/aivlisoft.net\/shop\/"},{"@type":"ListItem","position":2,"name":"Tienda","item":"https:\/\/aivlisoft.net\/shop\/tienda\/"},{"@type":"ListItem","position":3,"name":"Zyxel NWA110AX Punto Acceso WiFi6 Nebula 1xGbE"}]},{"@type":"WebSite","@id":"https:\/\/aivlisoft.net\/shop\/#website","url":"https:\/\/aivlisoft.net\/shop\/","name":"Aivlisoft Inform\u00e1tica","description":"En Aivlisoft Inform\u00e1tica ofrecemos soluciones tecnol\u00f3gicas para empresas: venta de ordenadores, consumibles, perif\u00e9ricos y m\u00e1s. Calidad, atenci\u00f3n personalizada y los mejores precios para tu negocio.","publisher":{"@id":"https:\/\/aivlisoft.net\/shop\/#organization"},"potentialAction":[{"@type":"SearchAction","target":{"@type":"EntryPoint","urlTemplate":"https:\/\/aivlisoft.net\/shop\/?s={search_term_string}"},"query-input":{"@type":"PropertyValueSpecification","valueRequired":true,"valueName":"search_term_string"}}],"inLanguage":"es"},{"@type":"Organization","@id":"https:\/\/aivlisoft.net\/shop\/#organization","name":"Aivlisoft Inform\u00e1tica","url":"https:\/\/aivlisoft.net\/shop\/","logo":{"@type":"ImageObject","inLanguage":"es","@id":"https:\/\/aivlisoft.net\/shop\/#\/schema\/logo\/image\/","url":"https:\/\/aivlisoft.net\/shop\/wp-content\/uploads\/2024\/12\/removal.ai_5b848c54-0cdf-4140-95c5-c5536bb7573b-logodef.png","contentUrl":"https:\/\/aivlisoft.net\/shop\/wp-content\/uploads\/2024\/12\/removal.ai_5b848c54-0cdf-4140-95c5-c5536bb7573b-logodef.png","width":484,"height":182,"caption":"Aivlisoft Inform\u00e1tica"},"image":{"@id":"https:\/\/aivlisoft.net\/shop\/#\/schema\/logo\/image\/"}}]}},"_links":{"self":[{"href":"https:\/\/aivlisoft.net\/shop\/wp-json\/wp\/v2\/product\/19743","targetHints":{"allow":["GET"]}}],"collection":[{"href":"https:\/\/aivlisoft.net\/shop\/wp-json\/wp\/v2\/product"}],"about":[{"href":"https:\/\/aivlisoft.net\/shop\/wp-json\/wp\/v2\/types\/product"}],"wp:featuredmedia":[{"embeddable":true,"href":"https:\/\/aivlisoft.net\/shop\/wp-json\/wp\/v2\/media\/19744"}],"wp:attachment":[{"href":"https:\/\/aivlisoft.net\/shop\/wp-json\/wp\/v2\/media?parent=19743"}],"wp:term":[{"taxonomy":"product_brand","embeddable":true,"href":"https:\/\/aivlisoft.net\/shop\/wp-json\/wp\/v2\/product_brand?post=19743"},{"taxonomy":"product_cat","embeddable":true,"href":"https:\/\/aivlisoft.net\/shop\/wp-json\/wp\/v2\/product_cat?post=19743"},{"taxonomy":"product_tag","embeddable":true,"href":"https:\/\/aivlisoft.net\/shop\/wp-json\/wp\/v2\/product_tag?post=19743"}],"curies":[{"name":"wp","href":"https:\/\/api.w.org\/{rel}","templated":true}]}}