{"id":19738,"date":"2025-01-13T15:35:42","date_gmt":"2025-01-13T15:35:42","guid":{"rendered":"https:\/\/aivlisoft.com\/?post_type=product&#038;p=19738"},"modified":"2025-01-14T11:46:52","modified_gmt":"2025-01-14T11:46:52","slug":"d-link-dap-x2810-punto-acceso-poe-ax1800-wi-fi6","status":"publish","type":"product","link":"https:\/\/aivlisoft.net\/shop\/producto\/d-link-dap-x2810-punto-acceso-poe-ax1800-wi-fi6\/","title":{"rendered":"D-Link DAP-X2810 Punto Acceso PoE AX1800 Wi-Fi6"},"content":{"rendered":"<p><\/p>\n<table class=\"tabla_caracteristicas k-table\" width=\"100%\">\n<tr>\n<td valign=\"top\"><strong>Marca<\/strong><\/td>\n<td>D-Link<\/td>\n<\/tr>\n<tr>\n<td valign=\"top\"><strong>Modelo<\/strong><\/td>\n<td><strong>DAP-X2810<\/strong><\/td>\n<\/tr>\n<tr>\n<td valign=\"top\"><strong>Caracter&iacute;sticas<\/strong><\/td>\n<td>&#8211; Interfaces de dispositivo:<br \/>\t\t\t&nbsp; LAN Ethernet 1 x 10\/100\/1000 Mbps (PoE)<br \/>\t\t\t&nbsp; Puerto de consola 1 x RJ45<br \/>\t\t\t&nbsp; Restablecimiento de f&aacute;brica<br \/>\t\t\t&nbsp; Entrada de alimentaci&oacute;n<br \/>\t\t\t&#8211; LED: Alimentaci&oacute;n\/Estado<br \/>\t\t\t&#8211; Antenas: 2 antenas internas de doble banda<br \/>\t\t\t&#8211; Ganancia de la antena: 3,2 dBi (2,4 GHz), 4,3 dBi (5 GHz)<br \/>\t\t\t&#8211; Velocidad de la se&ntilde;al de datos:<br \/>\t\t\t&nbsp; 2,4 GHz &#8211; hasta 575 Mbps<br \/>\t\t\t&nbsp; 5 GHz &#8211; hasta 1200 Mbps<br \/>\t\t\t<strong>Funcionalidad<\/strong><br \/>\t\t\t&#8211; Est&aacute;ndares: IEEE 802.11a\/b\/g\/n\/ac\/ax, IEEE 802.3u\/ab, IEEE 802.3az<br \/>\t\t\t&nbsp; Ethernet de bajo consumo (EEE), IEEE 802.3at PoE<br \/>\t\t\t&#8211; Frecuencia operativa: 2,4 &#8211; 2,483 GHz, 5,15 &#8211; 5,35 GHz, 5,47 &#8211; 5,85 GHz<br \/>\t\t\t&#8211; Protocolo de seguridad:<br \/>\t\t\t&nbsp; WPA\/WPA2\/WPA3&trade; Personal\/Empresa<br \/>\t\t\t&nbsp; WEP 64\/128 bits<br \/>\t\t\t&nbsp; Desactivaci&oacute;n de la difusi&oacute;n de SSID<br \/>\t\t\t&nbsp; Control de acceso por direcci&oacute;n MAC<br \/>\t\t\t&nbsp; Servidor RADIUS interno<br \/>\t\t\t<strong>Software<\/strong><br \/>\t\t\t&#8211; Gesti&oacute;n de redes:<br \/>\t\t\t&nbsp; Web (HT TP)<br \/>\t\t\t&nbsp; Secure Socket Layer (SSL)<br \/>\t\t\t&nbsp; Control de tr&aacute;fico<br \/>\t\t\t&nbsp; D-Link Nuclias Connect<br \/>\t\t\t<strong>Caracter&iacute;sticas f&iacute;sicas<\/strong><br \/>\t\t\t&#8211; Alimentaci&oacute;n: Conexi&oacute;n de 12 V \/ 2,5 A (adaptador de corriente opcional no incluido), IEEE 802.3at PoE<br \/>\t\t\t&#8211; M&aacute;x. Consumo de energ&iacute;a: 19.44 W<br \/>\t\t\t&#8211; MTBF: &gt; 30.000 horas<br \/>\t\t\t&#8211; Temperatura operativa: 0 &deg;C a 40 &deg;C<br \/>\t\t\t&#8211; Temperatura de almacenamiento: -20 ?C a 65&nbsp; ?C<br \/>\t\t\t&#8211; Humedad operativa: 10% a 90%<br \/>\t\t\t&#8211; Humedad de almacenamiento: 5% a 95%<br \/>\t\t\t&#8211; Peso: 477,4 kg<br \/>\t\t\t&#8211; Dimensiones: 170 x 170 x 28 mm<br \/>\t\t\t&#8211; Certificaciones: CE, FCC<\/td>\n<\/tr>\n<tr>\n<td valign=\"top\"><strong>Fecha de revisi&oacute;n<\/strong><\/td>\n<td>11-11-2021 por MSB<\/td>\n<\/tr>\n<\/table>\n","protected":false},"excerpt":{"rendered":"<p>Marca D-Link Modelo DAP-X2810 Caracter&iacute;sticas &#8211; Interfaces de dispositivo: &nbsp; LAN Ethernet 1 x 10\/100\/1000 Mbps (PoE) &nbsp; Puerto de consola 1 x RJ45 &nbsp; Restablecimiento de f&aacute;brica &nbsp; Entrada de alimentaci&oacute;n &#8211; LED: Alimentaci&oacute;n\/Estado &#8211; Antenas: 2 antenas internas de doble banda &#8211; Ganancia de la antena: 3,2 dBi (2,4 GHz), 4,3 dBi (5&hellip;&nbsp;<a href=\"https:\/\/aivlisoft.net\/shop\/producto\/d-link-dap-x2810-punto-acceso-poe-ax1800-wi-fi6\/\" rel=\"bookmark\"><span class=\"screen-reader-text\">D-Link DAP-X2810 Punto Acceso PoE AX1800 Wi-Fi6<\/span><\/a><\/p>\n","protected":false},"featured_media":19739,"template":"","meta":{"neve_meta_sidebar":"","neve_meta_container":"","neve_meta_enable_content_width":"","neve_meta_content_width":0,"neve_meta_title_alignment":"","neve_meta_author_avatar":"","neve_post_elements_order":"","neve_meta_disable_header":"","neve_meta_disable_footer":"","neve_meta_disable_title":""},"product_brand":[],"product_cat":[8770],"product_tag":[7107],"class_list":{"0":"post-19738","1":"product","2":"type-product","3":"status-publish","4":"has-post-thumbnail","6":"product_cat-puntos-de-acceso","7":"product_tag-dap-x2810","9":"first","10":"instock","11":"taxable","12":"shipping-taxable","13":"purchasable","14":"product-type-simple"},"yoast_head":"<!-- This site is optimized with the Yoast SEO plugin v26.0 - https:\/\/yoast.com\/wordpress\/plugins\/seo\/ -->\n<title>D-Link DAP-X2810 Punto Acceso PoE AX1800 Wi-Fi6 - Aivlisoft Inform\u00e1tica<\/title>\n<meta name=\"robots\" content=\"index, follow, max-snippet:-1, max-image-preview:large, max-video-preview:-1\" \/>\n<link rel=\"canonical\" href=\"https:\/\/aivlisoft.net\/shop\/producto\/d-link-dap-x2810-punto-acceso-poe-ax1800-wi-fi6\/\" \/>\n<meta property=\"og:locale\" content=\"es_ES\" \/>\n<meta property=\"og:type\" content=\"article\" \/>\n<meta property=\"og:title\" content=\"D-Link DAP-X2810 Punto Acceso PoE AX1800 Wi-Fi6 - Aivlisoft Inform\u00e1tica\" \/>\n<meta property=\"og:description\" content=\"Marca D-Link Modelo DAP-X2810 Caracter&iacute;sticas &#8211; Interfaces de dispositivo: &nbsp; LAN Ethernet 1 x 10\/100\/1000 Mbps (PoE) &nbsp; Puerto de consola 1 x RJ45 &nbsp; Restablecimiento de f&aacute;brica &nbsp; Entrada de alimentaci&oacute;n &#8211; LED: Alimentaci&oacute;n\/Estado &#8211; Antenas: 2 antenas internas de doble banda &#8211; Ganancia de la antena: 3,2 dBi (2,4 GHz), 4,3 dBi (5&hellip;&nbsp;D-Link DAP-X2810 Punto Acceso PoE AX1800 Wi-Fi6\" \/>\n<meta property=\"og:url\" content=\"https:\/\/aivlisoft.net\/shop\/producto\/d-link-dap-x2810-punto-acceso-poe-ax1800-wi-fi6\/\" \/>\n<meta property=\"og:site_name\" content=\"Aivlisoft Inform\u00e1tica\" \/>\n<meta property=\"article:modified_time\" content=\"2025-01-14T11:46:52+00:00\" \/>\n<meta property=\"og:image\" content=\"https:\/\/aivlisoft.net\/shop\/wp-content\/uploads\/2025\/01\/NSWPAC0462_800.jpg\" \/>\n\t<meta property=\"og:image:width\" content=\"800\" \/>\n\t<meta property=\"og:image:height\" content=\"800\" \/>\n\t<meta property=\"og:image:type\" content=\"image\/jpeg\" \/>\n<meta name=\"twitter:card\" content=\"summary_large_image\" \/>\n<meta name=\"twitter:label1\" content=\"Tiempo de lectura\" \/>\n\t<meta name=\"twitter:data1\" content=\"1 minuto\" \/>\n<script type=\"application\/ld+json\" class=\"yoast-schema-graph\">{\"@context\":\"https:\/\/schema.org\",\"@graph\":[{\"@type\":\"WebPage\",\"@id\":\"https:\/\/aivlisoft.net\/shop\/producto\/d-link-dap-x2810-punto-acceso-poe-ax1800-wi-fi6\/\",\"url\":\"https:\/\/aivlisoft.net\/shop\/producto\/d-link-dap-x2810-punto-acceso-poe-ax1800-wi-fi6\/\",\"name\":\"D-Link DAP-X2810 Punto Acceso PoE AX1800 Wi-Fi6 - Aivlisoft Inform\u00e1tica\",\"isPartOf\":{\"@id\":\"https:\/\/aivlisoft.net\/shop\/#website\"},\"primaryImageOfPage\":{\"@id\":\"https:\/\/aivlisoft.net\/shop\/producto\/d-link-dap-x2810-punto-acceso-poe-ax1800-wi-fi6\/#primaryimage\"},\"image\":{\"@id\":\"https:\/\/aivlisoft.net\/shop\/producto\/d-link-dap-x2810-punto-acceso-poe-ax1800-wi-fi6\/#primaryimage\"},\"thumbnailUrl\":\"https:\/\/aivlisoft.net\/shop\/wp-content\/uploads\/2025\/01\/NSWPAC0462_800.jpg\",\"datePublished\":\"2025-01-13T15:35:42+00:00\",\"dateModified\":\"2025-01-14T11:46:52+00:00\",\"breadcrumb\":{\"@id\":\"https:\/\/aivlisoft.net\/shop\/producto\/d-link-dap-x2810-punto-acceso-poe-ax1800-wi-fi6\/#breadcrumb\"},\"inLanguage\":\"es\",\"potentialAction\":[{\"@type\":\"ReadAction\",\"target\":[\"https:\/\/aivlisoft.net\/shop\/producto\/d-link-dap-x2810-punto-acceso-poe-ax1800-wi-fi6\/\"]}]},{\"@type\":\"ImageObject\",\"inLanguage\":\"es\",\"@id\":\"https:\/\/aivlisoft.net\/shop\/producto\/d-link-dap-x2810-punto-acceso-poe-ax1800-wi-fi6\/#primaryimage\",\"url\":\"https:\/\/aivlisoft.net\/shop\/wp-content\/uploads\/2025\/01\/NSWPAC0462_800.jpg\",\"contentUrl\":\"https:\/\/aivlisoft.net\/shop\/wp-content\/uploads\/2025\/01\/NSWPAC0462_800.jpg\",\"width\":800,\"height\":800},{\"@type\":\"BreadcrumbList\",\"@id\":\"https:\/\/aivlisoft.net\/shop\/producto\/d-link-dap-x2810-punto-acceso-poe-ax1800-wi-fi6\/#breadcrumb\",\"itemListElement\":[{\"@type\":\"ListItem\",\"position\":1,\"name\":\"Portada\",\"item\":\"https:\/\/aivlisoft.net\/shop\/\"},{\"@type\":\"ListItem\",\"position\":2,\"name\":\"Tienda\",\"item\":\"https:\/\/aivlisoft.net\/shop\/tienda\/\"},{\"@type\":\"ListItem\",\"position\":3,\"name\":\"D-Link DAP-X2810 Punto Acceso PoE AX1800 Wi-Fi6\"}]},{\"@type\":\"WebSite\",\"@id\":\"https:\/\/aivlisoft.net\/shop\/#website\",\"url\":\"https:\/\/aivlisoft.net\/shop\/\",\"name\":\"Aivlisoft Inform\u00e1tica\",\"description\":\"En Aivlisoft Inform\u00e1tica ofrecemos soluciones tecnol\u00f3gicas para empresas: venta de ordenadores, consumibles, perif\u00e9ricos y m\u00e1s. Calidad, atenci\u00f3n personalizada y los mejores precios para tu negocio.\",\"publisher\":{\"@id\":\"https:\/\/aivlisoft.net\/shop\/#organization\"},\"potentialAction\":[{\"@type\":\"SearchAction\",\"target\":{\"@type\":\"EntryPoint\",\"urlTemplate\":\"https:\/\/aivlisoft.net\/shop\/?s={search_term_string}\"},\"query-input\":{\"@type\":\"PropertyValueSpecification\",\"valueRequired\":true,\"valueName\":\"search_term_string\"}}],\"inLanguage\":\"es\"},{\"@type\":\"Organization\",\"@id\":\"https:\/\/aivlisoft.net\/shop\/#organization\",\"name\":\"Aivlisoft Inform\u00e1tica\",\"url\":\"https:\/\/aivlisoft.net\/shop\/\",\"logo\":{\"@type\":\"ImageObject\",\"inLanguage\":\"es\",\"@id\":\"https:\/\/aivlisoft.net\/shop\/#\/schema\/logo\/image\/\",\"url\":\"https:\/\/aivlisoft.net\/shop\/wp-content\/uploads\/2024\/12\/removal.ai_5b848c54-0cdf-4140-95c5-c5536bb7573b-logodef.png\",\"contentUrl\":\"https:\/\/aivlisoft.net\/shop\/wp-content\/uploads\/2024\/12\/removal.ai_5b848c54-0cdf-4140-95c5-c5536bb7573b-logodef.png\",\"width\":484,\"height\":182,\"caption\":\"Aivlisoft Inform\u00e1tica\"},\"image\":{\"@id\":\"https:\/\/aivlisoft.net\/shop\/#\/schema\/logo\/image\/\"}}]}<\/script>\n<!-- \/ Yoast SEO plugin. -->","yoast_head_json":{"title":"D-Link DAP-X2810 Punto Acceso PoE AX1800 Wi-Fi6 - Aivlisoft Inform\u00e1tica","robots":{"index":"index","follow":"follow","max-snippet":"max-snippet:-1","max-image-preview":"max-image-preview:large","max-video-preview":"max-video-preview:-1"},"canonical":"https:\/\/aivlisoft.net\/shop\/producto\/d-link-dap-x2810-punto-acceso-poe-ax1800-wi-fi6\/","og_locale":"es_ES","og_type":"article","og_title":"D-Link DAP-X2810 Punto Acceso PoE AX1800 Wi-Fi6 - Aivlisoft Inform\u00e1tica","og_description":"Marca D-Link Modelo DAP-X2810 Caracter&iacute;sticas &#8211; Interfaces de dispositivo: &nbsp; LAN Ethernet 1 x 10\/100\/1000 Mbps (PoE) &nbsp; Puerto de consola 1 x RJ45 &nbsp; Restablecimiento de f&aacute;brica &nbsp; Entrada de alimentaci&oacute;n &#8211; LED: Alimentaci&oacute;n\/Estado &#8211; Antenas: 2 antenas internas de doble banda &#8211; Ganancia de la antena: 3,2 dBi (2,4 GHz), 4,3 dBi (5&hellip;&nbsp;D-Link DAP-X2810 Punto Acceso PoE AX1800 Wi-Fi6","og_url":"https:\/\/aivlisoft.net\/shop\/producto\/d-link-dap-x2810-punto-acceso-poe-ax1800-wi-fi6\/","og_site_name":"Aivlisoft Inform\u00e1tica","article_modified_time":"2025-01-14T11:46:52+00:00","og_image":[{"width":800,"height":800,"url":"https:\/\/aivlisoft.net\/shop\/wp-content\/uploads\/2025\/01\/NSWPAC0462_800.jpg","type":"image\/jpeg"}],"twitter_card":"summary_large_image","twitter_misc":{"Tiempo de lectura":"1 minuto"},"schema":{"@context":"https:\/\/schema.org","@graph":[{"@type":"WebPage","@id":"https:\/\/aivlisoft.net\/shop\/producto\/d-link-dap-x2810-punto-acceso-poe-ax1800-wi-fi6\/","url":"https:\/\/aivlisoft.net\/shop\/producto\/d-link-dap-x2810-punto-acceso-poe-ax1800-wi-fi6\/","name":"D-Link DAP-X2810 Punto Acceso PoE AX1800 Wi-Fi6 - Aivlisoft Inform\u00e1tica","isPartOf":{"@id":"https:\/\/aivlisoft.net\/shop\/#website"},"primaryImageOfPage":{"@id":"https:\/\/aivlisoft.net\/shop\/producto\/d-link-dap-x2810-punto-acceso-poe-ax1800-wi-fi6\/#primaryimage"},"image":{"@id":"https:\/\/aivlisoft.net\/shop\/producto\/d-link-dap-x2810-punto-acceso-poe-ax1800-wi-fi6\/#primaryimage"},"thumbnailUrl":"https:\/\/aivlisoft.net\/shop\/wp-content\/uploads\/2025\/01\/NSWPAC0462_800.jpg","datePublished":"2025-01-13T15:35:42+00:00","dateModified":"2025-01-14T11:46:52+00:00","breadcrumb":{"@id":"https:\/\/aivlisoft.net\/shop\/producto\/d-link-dap-x2810-punto-acceso-poe-ax1800-wi-fi6\/#breadcrumb"},"inLanguage":"es","potentialAction":[{"@type":"ReadAction","target":["https:\/\/aivlisoft.net\/shop\/producto\/d-link-dap-x2810-punto-acceso-poe-ax1800-wi-fi6\/"]}]},{"@type":"ImageObject","inLanguage":"es","@id":"https:\/\/aivlisoft.net\/shop\/producto\/d-link-dap-x2810-punto-acceso-poe-ax1800-wi-fi6\/#primaryimage","url":"https:\/\/aivlisoft.net\/shop\/wp-content\/uploads\/2025\/01\/NSWPAC0462_800.jpg","contentUrl":"https:\/\/aivlisoft.net\/shop\/wp-content\/uploads\/2025\/01\/NSWPAC0462_800.jpg","width":800,"height":800},{"@type":"BreadcrumbList","@id":"https:\/\/aivlisoft.net\/shop\/producto\/d-link-dap-x2810-punto-acceso-poe-ax1800-wi-fi6\/#breadcrumb","itemListElement":[{"@type":"ListItem","position":1,"name":"Portada","item":"https:\/\/aivlisoft.net\/shop\/"},{"@type":"ListItem","position":2,"name":"Tienda","item":"https:\/\/aivlisoft.net\/shop\/tienda\/"},{"@type":"ListItem","position":3,"name":"D-Link DAP-X2810 Punto Acceso PoE AX1800 Wi-Fi6"}]},{"@type":"WebSite","@id":"https:\/\/aivlisoft.net\/shop\/#website","url":"https:\/\/aivlisoft.net\/shop\/","name":"Aivlisoft Inform\u00e1tica","description":"En Aivlisoft Inform\u00e1tica ofrecemos soluciones tecnol\u00f3gicas para empresas: venta de ordenadores, consumibles, perif\u00e9ricos y m\u00e1s. Calidad, atenci\u00f3n personalizada y los mejores precios para tu negocio.","publisher":{"@id":"https:\/\/aivlisoft.net\/shop\/#organization"},"potentialAction":[{"@type":"SearchAction","target":{"@type":"EntryPoint","urlTemplate":"https:\/\/aivlisoft.net\/shop\/?s={search_term_string}"},"query-input":{"@type":"PropertyValueSpecification","valueRequired":true,"valueName":"search_term_string"}}],"inLanguage":"es"},{"@type":"Organization","@id":"https:\/\/aivlisoft.net\/shop\/#organization","name":"Aivlisoft Inform\u00e1tica","url":"https:\/\/aivlisoft.net\/shop\/","logo":{"@type":"ImageObject","inLanguage":"es","@id":"https:\/\/aivlisoft.net\/shop\/#\/schema\/logo\/image\/","url":"https:\/\/aivlisoft.net\/shop\/wp-content\/uploads\/2024\/12\/removal.ai_5b848c54-0cdf-4140-95c5-c5536bb7573b-logodef.png","contentUrl":"https:\/\/aivlisoft.net\/shop\/wp-content\/uploads\/2024\/12\/removal.ai_5b848c54-0cdf-4140-95c5-c5536bb7573b-logodef.png","width":484,"height":182,"caption":"Aivlisoft Inform\u00e1tica"},"image":{"@id":"https:\/\/aivlisoft.net\/shop\/#\/schema\/logo\/image\/"}}]}},"_links":{"self":[{"href":"https:\/\/aivlisoft.net\/shop\/wp-json\/wp\/v2\/product\/19738","targetHints":{"allow":["GET"]}}],"collection":[{"href":"https:\/\/aivlisoft.net\/shop\/wp-json\/wp\/v2\/product"}],"about":[{"href":"https:\/\/aivlisoft.net\/shop\/wp-json\/wp\/v2\/types\/product"}],"wp:featuredmedia":[{"embeddable":true,"href":"https:\/\/aivlisoft.net\/shop\/wp-json\/wp\/v2\/media\/19739"}],"wp:attachment":[{"href":"https:\/\/aivlisoft.net\/shop\/wp-json\/wp\/v2\/media?parent=19738"}],"wp:term":[{"taxonomy":"product_brand","embeddable":true,"href":"https:\/\/aivlisoft.net\/shop\/wp-json\/wp\/v2\/product_brand?post=19738"},{"taxonomy":"product_cat","embeddable":true,"href":"https:\/\/aivlisoft.net\/shop\/wp-json\/wp\/v2\/product_cat?post=19738"},{"taxonomy":"product_tag","embeddable":true,"href":"https:\/\/aivlisoft.net\/shop\/wp-json\/wp\/v2\/product_tag?post=19738"}],"curies":[{"name":"wp","href":"https:\/\/api.w.org\/{rel}","templated":true}]}}