{"id":19731,"date":"2025-01-13T15:35:38","date_gmt":"2025-01-13T15:35:38","guid":{"rendered":"https:\/\/aivlisoft.com\/?post_type=product&#038;p=19731"},"modified":"2025-01-14T11:46:50","modified_gmt":"2025-01-14T11:46:50","slug":"mikrotik-cap-xl-punto-acceso-techo-2xgbe-dual-band","status":"publish","type":"product","link":"https:\/\/aivlisoft.net\/shop\/producto\/mikrotik-cap-xl-punto-acceso-techo-2xgbe-dual-band\/","title":{"rendered":"Mikrotik cAP XL Punto Acceso Techo 2xGbE Dual Band"},"content":{"rendered":"<p>Mikrotik cAP XL Punto Acceso Techo 2xGbE Dual Band<br \/>&nbsp;<\/p>\n<table width=\"100%\">\n<tr>\n<td><strong>Marca<\/strong><\/td>\n<td>Mikrotik<\/td>\n<\/tr>\n<tr>\n<td valign=\"top\"><strong>Modelo<\/strong><\/td>\n<td><strong>RBcAPGi-5acD2nD-XL<\/strong><\/td>\n<\/tr>\n<tr>\n<td valign=\"top\"><strong>Caracter&iacute;sticas<\/strong><\/td>\n<td><strong>&#8211; <\/strong>CPU de cuatro n&uacute;cleos IPQ-4018 710 MHz<br \/>\t\t\t&#8211; Tama&ntilde;o de RAM 128 MB<br \/>\t\t\t&#8211; Tipo de RAM DDR3L<br \/>\t\t\t&#8211; Almacenamiento 16 MB, Flash<br \/>\t\t\t&#8211; N&uacute;mero de puertos Ethernet 1G 2<br \/>\t\t\t&#8211; Inal&aacute;mbrico 2.4 GHz 5 GHz<br \/>\t\t\t&#8211; Protocolo admitido 802.11b \/ g \/ n 802.11a \/ n \/ ac<br \/>\t\t\t&#8211; Ganancia de antena 6 dBi 5,5 dBi<br \/>\t\t\t&#8211; N&uacute;mero de cadenas 2<br \/>\t\t\t&#8211; Sistema operativo RouterOS (nivel de licencia 4)<br \/>\t\t\t&#8211; Modelo de chip de conmutaci&oacute;n IPQ-4018<br \/>\t\t\t&#8211; Dimensiones 191 x 42 mm<br \/>\t\t\t&#8211; Temperatura de funcionamiento -40 &deg; C a + 70 &deg; C probado&nbsp;<\/td>\n<\/tr>\n<tr>\n<td><strong>Fecha de revisi&oacute;n<\/strong><\/td>\n<td>15-10-2021 por YMC<\/td>\n<\/tr>\n<\/table>\n","protected":false},"excerpt":{"rendered":"<p>Mikrotik cAP XL Punto Acceso Techo 2xGbE Dual Band&nbsp; Marca Mikrotik Modelo RBcAPGi-5acD2nD-XL Caracter&iacute;sticas &#8211; CPU de cuatro n&uacute;cleos IPQ-4018 710 MHz &#8211; Tama&ntilde;o de RAM 128 MB &#8211; Tipo de RAM DDR3L &#8211; Almacenamiento 16 MB, Flash &#8211; N&uacute;mero de puertos Ethernet 1G 2 &#8211; Inal&aacute;mbrico 2.4 GHz 5 GHz &#8211; Protocolo admitido 802.11b&hellip;&nbsp;<a href=\"https:\/\/aivlisoft.net\/shop\/producto\/mikrotik-cap-xl-punto-acceso-techo-2xgbe-dual-band\/\" rel=\"bookmark\"><span class=\"screen-reader-text\">Mikrotik cAP XL Punto Acceso Techo 2xGbE Dual Band<\/span><\/a><\/p>\n","protected":false},"featured_media":19732,"template":"","meta":{"neve_meta_sidebar":"","neve_meta_container":"","neve_meta_enable_content_width":"","neve_meta_content_width":0,"neve_meta_title_alignment":"","neve_meta_author_avatar":"","neve_post_elements_order":"","neve_meta_disable_header":"","neve_meta_disable_footer":"","neve_meta_disable_title":""},"product_brand":[],"product_cat":[8770],"product_tag":[7105],"class_list":{"0":"post-19731","1":"product","2":"type-product","3":"status-publish","4":"has-post-thumbnail","6":"product_cat-puntos-de-acceso","7":"product_tag-rbcapgi-5acd2nd-xl","9":"first","10":"instock","11":"taxable","12":"shipping-taxable","13":"purchasable","14":"product-type-simple"},"yoast_head":"<!-- This site is optimized with the Yoast SEO plugin v26.0 - https:\/\/yoast.com\/wordpress\/plugins\/seo\/ -->\n<title>Mikrotik cAP XL Punto Acceso Techo 2xGbE Dual Band - Aivlisoft Inform\u00e1tica<\/title>\n<meta name=\"robots\" content=\"index, follow, max-snippet:-1, max-image-preview:large, max-video-preview:-1\" \/>\n<link rel=\"canonical\" href=\"https:\/\/aivlisoft.net\/shop\/producto\/mikrotik-cap-xl-punto-acceso-techo-2xgbe-dual-band\/\" \/>\n<meta property=\"og:locale\" content=\"es_ES\" \/>\n<meta property=\"og:type\" content=\"article\" \/>\n<meta property=\"og:title\" content=\"Mikrotik cAP XL Punto Acceso Techo 2xGbE Dual Band - Aivlisoft Inform\u00e1tica\" \/>\n<meta property=\"og:description\" content=\"Mikrotik cAP XL Punto Acceso Techo 2xGbE Dual Band&nbsp; Marca Mikrotik Modelo RBcAPGi-5acD2nD-XL Caracter&iacute;sticas &#8211; CPU de cuatro n&uacute;cleos IPQ-4018 710 MHz &#8211; Tama&ntilde;o de RAM 128 MB &#8211; Tipo de RAM DDR3L &#8211; Almacenamiento 16 MB, Flash &#8211; N&uacute;mero de puertos Ethernet 1G 2 &#8211; Inal&aacute;mbrico 2.4 GHz 5 GHz &#8211; Protocolo admitido 802.11b&hellip;&nbsp;Mikrotik cAP XL Punto Acceso Techo 2xGbE Dual Band\" \/>\n<meta property=\"og:url\" content=\"https:\/\/aivlisoft.net\/shop\/producto\/mikrotik-cap-xl-punto-acceso-techo-2xgbe-dual-band\/\" \/>\n<meta property=\"og:site_name\" content=\"Aivlisoft Inform\u00e1tica\" \/>\n<meta property=\"article:modified_time\" content=\"2025-01-14T11:46:50+00:00\" \/>\n<meta property=\"og:image\" content=\"https:\/\/aivlisoft.net\/shop\/wp-content\/uploads\/2025\/01\/NSWPAC0460_800.jpg\" \/>\n\t<meta property=\"og:image:width\" content=\"800\" \/>\n\t<meta property=\"og:image:height\" content=\"800\" \/>\n\t<meta property=\"og:image:type\" content=\"image\/jpeg\" \/>\n<meta name=\"twitter:card\" content=\"summary_large_image\" \/>\n<meta name=\"twitter:label1\" content=\"Tiempo de lectura\" \/>\n\t<meta name=\"twitter:data1\" content=\"1 minuto\" \/>\n<script type=\"application\/ld+json\" class=\"yoast-schema-graph\">{\"@context\":\"https:\/\/schema.org\",\"@graph\":[{\"@type\":\"WebPage\",\"@id\":\"https:\/\/aivlisoft.net\/shop\/producto\/mikrotik-cap-xl-punto-acceso-techo-2xgbe-dual-band\/\",\"url\":\"https:\/\/aivlisoft.net\/shop\/producto\/mikrotik-cap-xl-punto-acceso-techo-2xgbe-dual-band\/\",\"name\":\"Mikrotik cAP XL Punto Acceso Techo 2xGbE Dual Band - Aivlisoft Inform\u00e1tica\",\"isPartOf\":{\"@id\":\"https:\/\/aivlisoft.net\/shop\/#website\"},\"primaryImageOfPage\":{\"@id\":\"https:\/\/aivlisoft.net\/shop\/producto\/mikrotik-cap-xl-punto-acceso-techo-2xgbe-dual-band\/#primaryimage\"},\"image\":{\"@id\":\"https:\/\/aivlisoft.net\/shop\/producto\/mikrotik-cap-xl-punto-acceso-techo-2xgbe-dual-band\/#primaryimage\"},\"thumbnailUrl\":\"https:\/\/aivlisoft.net\/shop\/wp-content\/uploads\/2025\/01\/NSWPAC0460_800.jpg\",\"datePublished\":\"2025-01-13T15:35:38+00:00\",\"dateModified\":\"2025-01-14T11:46:50+00:00\",\"breadcrumb\":{\"@id\":\"https:\/\/aivlisoft.net\/shop\/producto\/mikrotik-cap-xl-punto-acceso-techo-2xgbe-dual-band\/#breadcrumb\"},\"inLanguage\":\"es\",\"potentialAction\":[{\"@type\":\"ReadAction\",\"target\":[\"https:\/\/aivlisoft.net\/shop\/producto\/mikrotik-cap-xl-punto-acceso-techo-2xgbe-dual-band\/\"]}]},{\"@type\":\"ImageObject\",\"inLanguage\":\"es\",\"@id\":\"https:\/\/aivlisoft.net\/shop\/producto\/mikrotik-cap-xl-punto-acceso-techo-2xgbe-dual-band\/#primaryimage\",\"url\":\"https:\/\/aivlisoft.net\/shop\/wp-content\/uploads\/2025\/01\/NSWPAC0460_800.jpg\",\"contentUrl\":\"https:\/\/aivlisoft.net\/shop\/wp-content\/uploads\/2025\/01\/NSWPAC0460_800.jpg\",\"width\":800,\"height\":800},{\"@type\":\"BreadcrumbList\",\"@id\":\"https:\/\/aivlisoft.net\/shop\/producto\/mikrotik-cap-xl-punto-acceso-techo-2xgbe-dual-band\/#breadcrumb\",\"itemListElement\":[{\"@type\":\"ListItem\",\"position\":1,\"name\":\"Portada\",\"item\":\"https:\/\/aivlisoft.net\/shop\/\"},{\"@type\":\"ListItem\",\"position\":2,\"name\":\"Tienda\",\"item\":\"https:\/\/aivlisoft.net\/shop\/tienda\/\"},{\"@type\":\"ListItem\",\"position\":3,\"name\":\"Mikrotik cAP XL Punto Acceso Techo 2xGbE Dual Band\"}]},{\"@type\":\"WebSite\",\"@id\":\"https:\/\/aivlisoft.net\/shop\/#website\",\"url\":\"https:\/\/aivlisoft.net\/shop\/\",\"name\":\"Aivlisoft Inform\u00e1tica\",\"description\":\"En Aivlisoft Inform\u00e1tica ofrecemos soluciones tecnol\u00f3gicas para empresas: venta de ordenadores, consumibles, perif\u00e9ricos y m\u00e1s. Calidad, atenci\u00f3n personalizada y los mejores precios para tu negocio.\",\"publisher\":{\"@id\":\"https:\/\/aivlisoft.net\/shop\/#organization\"},\"potentialAction\":[{\"@type\":\"SearchAction\",\"target\":{\"@type\":\"EntryPoint\",\"urlTemplate\":\"https:\/\/aivlisoft.net\/shop\/?s={search_term_string}\"},\"query-input\":{\"@type\":\"PropertyValueSpecification\",\"valueRequired\":true,\"valueName\":\"search_term_string\"}}],\"inLanguage\":\"es\"},{\"@type\":\"Organization\",\"@id\":\"https:\/\/aivlisoft.net\/shop\/#organization\",\"name\":\"Aivlisoft Inform\u00e1tica\",\"url\":\"https:\/\/aivlisoft.net\/shop\/\",\"logo\":{\"@type\":\"ImageObject\",\"inLanguage\":\"es\",\"@id\":\"https:\/\/aivlisoft.net\/shop\/#\/schema\/logo\/image\/\",\"url\":\"https:\/\/aivlisoft.net\/shop\/wp-content\/uploads\/2024\/12\/removal.ai_5b848c54-0cdf-4140-95c5-c5536bb7573b-logodef.png\",\"contentUrl\":\"https:\/\/aivlisoft.net\/shop\/wp-content\/uploads\/2024\/12\/removal.ai_5b848c54-0cdf-4140-95c5-c5536bb7573b-logodef.png\",\"width\":484,\"height\":182,\"caption\":\"Aivlisoft Inform\u00e1tica\"},\"image\":{\"@id\":\"https:\/\/aivlisoft.net\/shop\/#\/schema\/logo\/image\/\"}}]}<\/script>\n<!-- \/ Yoast SEO plugin. -->","yoast_head_json":{"title":"Mikrotik cAP XL Punto Acceso Techo 2xGbE Dual Band - Aivlisoft Inform\u00e1tica","robots":{"index":"index","follow":"follow","max-snippet":"max-snippet:-1","max-image-preview":"max-image-preview:large","max-video-preview":"max-video-preview:-1"},"canonical":"https:\/\/aivlisoft.net\/shop\/producto\/mikrotik-cap-xl-punto-acceso-techo-2xgbe-dual-band\/","og_locale":"es_ES","og_type":"article","og_title":"Mikrotik cAP XL Punto Acceso Techo 2xGbE Dual Band - Aivlisoft Inform\u00e1tica","og_description":"Mikrotik cAP XL Punto Acceso Techo 2xGbE Dual Band&nbsp; Marca Mikrotik Modelo RBcAPGi-5acD2nD-XL Caracter&iacute;sticas &#8211; CPU de cuatro n&uacute;cleos IPQ-4018 710 MHz &#8211; Tama&ntilde;o de RAM 128 MB &#8211; Tipo de RAM DDR3L &#8211; Almacenamiento 16 MB, Flash &#8211; N&uacute;mero de puertos Ethernet 1G 2 &#8211; Inal&aacute;mbrico 2.4 GHz 5 GHz &#8211; Protocolo admitido 802.11b&hellip;&nbsp;Mikrotik cAP XL Punto Acceso Techo 2xGbE Dual Band","og_url":"https:\/\/aivlisoft.net\/shop\/producto\/mikrotik-cap-xl-punto-acceso-techo-2xgbe-dual-band\/","og_site_name":"Aivlisoft Inform\u00e1tica","article_modified_time":"2025-01-14T11:46:50+00:00","og_image":[{"width":800,"height":800,"url":"https:\/\/aivlisoft.net\/shop\/wp-content\/uploads\/2025\/01\/NSWPAC0460_800.jpg","type":"image\/jpeg"}],"twitter_card":"summary_large_image","twitter_misc":{"Tiempo de lectura":"1 minuto"},"schema":{"@context":"https:\/\/schema.org","@graph":[{"@type":"WebPage","@id":"https:\/\/aivlisoft.net\/shop\/producto\/mikrotik-cap-xl-punto-acceso-techo-2xgbe-dual-band\/","url":"https:\/\/aivlisoft.net\/shop\/producto\/mikrotik-cap-xl-punto-acceso-techo-2xgbe-dual-band\/","name":"Mikrotik cAP XL Punto Acceso Techo 2xGbE Dual Band - Aivlisoft Inform\u00e1tica","isPartOf":{"@id":"https:\/\/aivlisoft.net\/shop\/#website"},"primaryImageOfPage":{"@id":"https:\/\/aivlisoft.net\/shop\/producto\/mikrotik-cap-xl-punto-acceso-techo-2xgbe-dual-band\/#primaryimage"},"image":{"@id":"https:\/\/aivlisoft.net\/shop\/producto\/mikrotik-cap-xl-punto-acceso-techo-2xgbe-dual-band\/#primaryimage"},"thumbnailUrl":"https:\/\/aivlisoft.net\/shop\/wp-content\/uploads\/2025\/01\/NSWPAC0460_800.jpg","datePublished":"2025-01-13T15:35:38+00:00","dateModified":"2025-01-14T11:46:50+00:00","breadcrumb":{"@id":"https:\/\/aivlisoft.net\/shop\/producto\/mikrotik-cap-xl-punto-acceso-techo-2xgbe-dual-band\/#breadcrumb"},"inLanguage":"es","potentialAction":[{"@type":"ReadAction","target":["https:\/\/aivlisoft.net\/shop\/producto\/mikrotik-cap-xl-punto-acceso-techo-2xgbe-dual-band\/"]}]},{"@type":"ImageObject","inLanguage":"es","@id":"https:\/\/aivlisoft.net\/shop\/producto\/mikrotik-cap-xl-punto-acceso-techo-2xgbe-dual-band\/#primaryimage","url":"https:\/\/aivlisoft.net\/shop\/wp-content\/uploads\/2025\/01\/NSWPAC0460_800.jpg","contentUrl":"https:\/\/aivlisoft.net\/shop\/wp-content\/uploads\/2025\/01\/NSWPAC0460_800.jpg","width":800,"height":800},{"@type":"BreadcrumbList","@id":"https:\/\/aivlisoft.net\/shop\/producto\/mikrotik-cap-xl-punto-acceso-techo-2xgbe-dual-band\/#breadcrumb","itemListElement":[{"@type":"ListItem","position":1,"name":"Portada","item":"https:\/\/aivlisoft.net\/shop\/"},{"@type":"ListItem","position":2,"name":"Tienda","item":"https:\/\/aivlisoft.net\/shop\/tienda\/"},{"@type":"ListItem","position":3,"name":"Mikrotik cAP XL Punto Acceso Techo 2xGbE Dual Band"}]},{"@type":"WebSite","@id":"https:\/\/aivlisoft.net\/shop\/#website","url":"https:\/\/aivlisoft.net\/shop\/","name":"Aivlisoft Inform\u00e1tica","description":"En Aivlisoft Inform\u00e1tica ofrecemos soluciones tecnol\u00f3gicas para empresas: venta de ordenadores, consumibles, perif\u00e9ricos y m\u00e1s. Calidad, atenci\u00f3n personalizada y los mejores precios para tu negocio.","publisher":{"@id":"https:\/\/aivlisoft.net\/shop\/#organization"},"potentialAction":[{"@type":"SearchAction","target":{"@type":"EntryPoint","urlTemplate":"https:\/\/aivlisoft.net\/shop\/?s={search_term_string}"},"query-input":{"@type":"PropertyValueSpecification","valueRequired":true,"valueName":"search_term_string"}}],"inLanguage":"es"},{"@type":"Organization","@id":"https:\/\/aivlisoft.net\/shop\/#organization","name":"Aivlisoft Inform\u00e1tica","url":"https:\/\/aivlisoft.net\/shop\/","logo":{"@type":"ImageObject","inLanguage":"es","@id":"https:\/\/aivlisoft.net\/shop\/#\/schema\/logo\/image\/","url":"https:\/\/aivlisoft.net\/shop\/wp-content\/uploads\/2024\/12\/removal.ai_5b848c54-0cdf-4140-95c5-c5536bb7573b-logodef.png","contentUrl":"https:\/\/aivlisoft.net\/shop\/wp-content\/uploads\/2024\/12\/removal.ai_5b848c54-0cdf-4140-95c5-c5536bb7573b-logodef.png","width":484,"height":182,"caption":"Aivlisoft Inform\u00e1tica"},"image":{"@id":"https:\/\/aivlisoft.net\/shop\/#\/schema\/logo\/image\/"}}]}},"_links":{"self":[{"href":"https:\/\/aivlisoft.net\/shop\/wp-json\/wp\/v2\/product\/19731","targetHints":{"allow":["GET"]}}],"collection":[{"href":"https:\/\/aivlisoft.net\/shop\/wp-json\/wp\/v2\/product"}],"about":[{"href":"https:\/\/aivlisoft.net\/shop\/wp-json\/wp\/v2\/types\/product"}],"wp:featuredmedia":[{"embeddable":true,"href":"https:\/\/aivlisoft.net\/shop\/wp-json\/wp\/v2\/media\/19732"}],"wp:attachment":[{"href":"https:\/\/aivlisoft.net\/shop\/wp-json\/wp\/v2\/media?parent=19731"}],"wp:term":[{"taxonomy":"product_brand","embeddable":true,"href":"https:\/\/aivlisoft.net\/shop\/wp-json\/wp\/v2\/product_brand?post=19731"},{"taxonomy":"product_cat","embeddable":true,"href":"https:\/\/aivlisoft.net\/shop\/wp-json\/wp\/v2\/product_cat?post=19731"},{"taxonomy":"product_tag","embeddable":true,"href":"https:\/\/aivlisoft.net\/shop\/wp-json\/wp\/v2\/product_tag?post=19731"}],"curies":[{"name":"wp","href":"https:\/\/api.w.org\/{rel}","templated":true}]}}