{"id":19714,"date":"2025-01-13T15:35:28","date_gmt":"2025-01-13T15:35:28","guid":{"rendered":"https:\/\/aivlisoft.com\/?post_type=product&#038;p=19714"},"modified":"2025-01-14T11:46:47","modified_gmt":"2025-01-14T11:46:47","slug":"fritzrepeater-6000-wifi6-mesh-1x2-5gb-1xgb","status":"publish","type":"product","link":"https:\/\/aivlisoft.net\/shop\/producto\/fritzrepeater-6000-wifi6-mesh-1x2-5gb-1xgb\/","title":{"rendered":"Fritz!Repeater 6000 WiFi6 Mesh 1&#215;2.5Gb 1xGb"},"content":{"rendered":"<p>Potente repetidor de gran alcance y alto rendimiento para multitud de dispositivos en la red Wi-Fi.<br \/>Con Wi-Fi Mesh se pueden combinar f&aacute;cilmente varios puntos de acceso Wi-Fi en un solo sistema inteligente (a partir de FRITZ!OS 6.90).<br \/>3 unidades de radio Wi-Fi: 2400 Mbps + 2400 Mbps (5 GHz) + 1200 Mbps (2,4 GHz) para extender la red de forma &oacute;ptima a varios dispositivos (Wi-Fi 6).<br \/>1 puerto LAN de 2,5 Gigabit y 1 puerto LAN Gigabit: funci&oacute;n Wi-Fi para los dispositivos conectados (ordenadores, impresora, reproductores de audio y de v&iacute;deo, etc.).<br \/>Podr&aacute; conectarse alternativamente a un router a trav&eacute;s de un cable (puente LAN).<br \/>Seguridad gracias al cifrado WPA2 activado de f&aacute;brica, WPA3\/2 Transition Mode disponible adicionalmente.<br \/>Compatible con todos los routers inal&aacute;mbricos comerciales.<br \/>Configuraci&oacute;n sencilla y segura con solo pulsar un bot&oacute;n (est&aacute;ndar WPS).<br \/>Visualizaci&oacute;n de la calidad de conexi&oacute;n y del estado.<br \/>Soporta el protocolo de Internet IPv6.<br \/>&nbsp;<\/p>\n<table width=\"100%\">\n<tr>\n<td><strong>Marca<\/strong><\/td>\n<td>Fritz!<\/td>\n<\/tr>\n<tr>\n<td><strong>Modelo<\/strong><\/td>\n<td><strong>20002953<\/strong><\/td>\n<\/tr>\n<tr>\n<td><strong>Conexiones<\/strong><\/td>\n<td>&#8211; Conexi&oacute;n a la corriente el&eacute;ctrica con la fuente de alimentaci&oacute;n suministrada, 230 voltios, 50 Hz.<br \/>\t\t\t&#8211; Punto de acceso Wi-Fi: compatible con todos los routers Wi-Fi que soporten los est&aacute;ndares 802.11ax\/ac\/n\/g\/a.<br \/>\t\t\t&#8211; Wi-Fi: 2400 Mbps (5 GHz, 4 x 4) + 2400 Mbps (5 GHz, 4 x 4) + 1200 Mbps (2,4 GHz, 4 x 4).<br \/>\t\t\t&#8211; 1 puerto LAN de 2,5 Gigabit (10\/100\/1000\/2500 Mbps) y 1 puerto LAN Gigabit (10\/100\/1000 Mbps).<\/td>\n<\/tr>\n<tr>\n<td><strong>Caracteristicas<\/strong><\/td>\n<td>&#8211; Potente repetidor de gran alcance y alto rendimiento para multitud de dispositivos en la red Wi-Fi.<br \/>\t\t\t&#8211; Con Wi-Fi Mesh se pueden combinar f&aacute;cilmente varios puntos de acceso Wi-Fi en un solo sistema inteligente (a partir de FRITZ!OS 6.90).<br \/>\t\t\t&#8211; 3 unidades de radio Wi-Fi: 2400 Mbps + 2400 Mbps (5 GHz) + 1200 Mbps (2,4 GHz) para extender la red de forma &oacute;ptima a varios dispositivos (Wi-Fi 6).<br \/>\t\t\t&#8211; 1 puerto LAN de 2,5 Gigabit y 1 puerto LAN Gigabit: funci&oacute;n Wi-Fi para los dispositivos conectados (ordenadores, impresora, reproductores de audio y de v&iacute;deo, etc.).<br \/>\t\t\t&#8211; Podr&aacute; conectarse alternativamente a un router a trav&eacute;s de un cable (puente LAN).<br \/>\t\t\t&#8211; Seguridad gracias al cifrado WPA2 activado de f&aacute;brica, WPA3\/2 Transition Mode disponible adicionalmente.<br \/>\t\t\t&#8211; Compatible con todos los routers inal&aacute;mbricos comerciales.<br \/>\t\t\t&#8211; Configuraci&oacute;n sencilla y segura con solo pulsar un bot&oacute;n (est&aacute;ndar WPS).<br \/>\t\t\t&#8211; Visualizaci&oacute;n de la calidad de conexi&oacute;n y del estado.<br \/>\t\t\t&#8211; Soporta el protocolo de Internet IPv6.<\/td>\n<\/tr>\n<tr>\n<td><strong>Otras<\/strong><\/td>\n<td><strong>F&aacute;cil de instalar<\/strong><br \/>\t\t\t&#8211; Se adapta perfectamente a todos los modelos FRITZ!Box.<br \/>\t\t\t&#8211; Se instala con solo pulsar un bot&oacute;n, a trav&eacute;s de WPS (Wi-Fi Protected Setup).<br \/>\t\t\t&#8211; Manejo con toda comodidad a trav&eacute;s de la interfaz de usuario (http:\/\/fritz.repeater)<br \/>\t\t\t<strong>Propiedades del dispositivo<\/strong><br \/>\t\t\t&#8211; Dimensiones (A x A x P): aprox. 8,7 x 18,5 x 13,5 mm.<br \/>\t\t\t&#8211; Capacidad promedio: 11 vatios.<\/td>\n<\/tr>\n<tr>\n<td><strong>Contenido<\/strong><\/td>\n<td>&#8211; FRITZ!Repeater 6000<br \/>\t\t\t&#8211; Fuente de alimentaci&oacute;n<br \/>\t\t\t&#8211; Cable de red.<br \/>\t\t\t&#8211; Gu&iacute;a r&aacute;pida de instalaci&oacute;n.<\/td>\n<\/tr>\n<tr>\n<td><strong>Fecha de revisi&oacute;n<\/strong><\/td>\n<td>20-09-2021 por YMC<\/td>\n<\/tr>\n<\/table>\n","protected":false},"excerpt":{"rendered":"<p>Potente repetidor de gran alcance y alto rendimiento para multitud de dispositivos en la red Wi-Fi.Con Wi-Fi Mesh se pueden combinar f&aacute;cilmente varios puntos de acceso Wi-Fi en un solo sistema inteligente (a partir de FRITZ!OS 6.90).3 unidades de radio Wi-Fi: 2400 Mbps + 2400 Mbps (5 GHz) + 1200 Mbps (2,4 GHz) para extender&hellip;&nbsp;<a href=\"https:\/\/aivlisoft.net\/shop\/producto\/fritzrepeater-6000-wifi6-mesh-1x2-5gb-1xgb\/\" rel=\"bookmark\"><span class=\"screen-reader-text\">Fritz!Repeater 6000 WiFi6 Mesh 1&#215;2.5Gb 1xGb<\/span><\/a><\/p>\n","protected":false},"featured_media":19715,"template":"","meta":{"neve_meta_sidebar":"","neve_meta_container":"","neve_meta_enable_content_width":"","neve_meta_content_width":0,"neve_meta_title_alignment":"","neve_meta_author_avatar":"","neve_post_elements_order":"","neve_meta_disable_header":"","neve_meta_disable_footer":"","neve_meta_disable_title":""},"product_brand":[],"product_cat":[8770],"product_tag":[7101],"class_list":{"0":"post-19714","1":"product","2":"type-product","3":"status-publish","4":"has-post-thumbnail","6":"product_cat-puntos-de-acceso","7":"product_tag-7101","9":"first","10":"instock","11":"taxable","12":"shipping-taxable","13":"purchasable","14":"product-type-simple"},"yoast_head":"<!-- This site is optimized with the Yoast SEO plugin v26.0 - https:\/\/yoast.com\/wordpress\/plugins\/seo\/ -->\n<title>Fritz!Repeater 6000 WiFi6 Mesh 1x2.5Gb 1xGb - Aivlisoft Inform\u00e1tica<\/title>\n<meta name=\"robots\" content=\"index, follow, max-snippet:-1, max-image-preview:large, max-video-preview:-1\" \/>\n<link rel=\"canonical\" href=\"https:\/\/aivlisoft.net\/shop\/producto\/fritzrepeater-6000-wifi6-mesh-1x2-5gb-1xgb\/\" \/>\n<meta property=\"og:locale\" content=\"es_ES\" \/>\n<meta property=\"og:type\" content=\"article\" \/>\n<meta property=\"og:title\" content=\"Fritz!Repeater 6000 WiFi6 Mesh 1x2.5Gb 1xGb - Aivlisoft Inform\u00e1tica\" \/>\n<meta property=\"og:description\" content=\"Potente repetidor de gran alcance y alto rendimiento para multitud de dispositivos en la red Wi-Fi.Con Wi-Fi Mesh se pueden combinar f&aacute;cilmente varios puntos de acceso Wi-Fi en un solo sistema inteligente (a partir de FRITZ!OS 6.90).3 unidades de radio Wi-Fi: 2400 Mbps + 2400 Mbps (5 GHz) + 1200 Mbps (2,4 GHz) para extender&hellip;&nbsp;Fritz!Repeater 6000 WiFi6 Mesh 1&#215;2.5Gb 1xGb\" \/>\n<meta property=\"og:url\" content=\"https:\/\/aivlisoft.net\/shop\/producto\/fritzrepeater-6000-wifi6-mesh-1x2-5gb-1xgb\/\" \/>\n<meta property=\"og:site_name\" content=\"Aivlisoft Inform\u00e1tica\" \/>\n<meta property=\"article:modified_time\" content=\"2025-01-14T11:46:47+00:00\" \/>\n<meta property=\"og:image\" content=\"https:\/\/aivlisoft.net\/shop\/wp-content\/uploads\/2025\/01\/NSWPAC0455_800.jpg\" \/>\n\t<meta property=\"og:image:width\" content=\"800\" \/>\n\t<meta property=\"og:image:height\" content=\"800\" \/>\n\t<meta property=\"og:image:type\" content=\"image\/jpeg\" \/>\n<meta name=\"twitter:card\" content=\"summary_large_image\" \/>\n<meta name=\"twitter:label1\" content=\"Tiempo de lectura\" \/>\n\t<meta name=\"twitter:data1\" content=\"3 minutos\" \/>\n<script type=\"application\/ld+json\" class=\"yoast-schema-graph\">{\"@context\":\"https:\/\/schema.org\",\"@graph\":[{\"@type\":\"WebPage\",\"@id\":\"https:\/\/aivlisoft.net\/shop\/producto\/fritzrepeater-6000-wifi6-mesh-1x2-5gb-1xgb\/\",\"url\":\"https:\/\/aivlisoft.net\/shop\/producto\/fritzrepeater-6000-wifi6-mesh-1x2-5gb-1xgb\/\",\"name\":\"Fritz!Repeater 6000 WiFi6 Mesh 1x2.5Gb 1xGb - Aivlisoft Inform\u00e1tica\",\"isPartOf\":{\"@id\":\"https:\/\/aivlisoft.net\/shop\/#website\"},\"primaryImageOfPage\":{\"@id\":\"https:\/\/aivlisoft.net\/shop\/producto\/fritzrepeater-6000-wifi6-mesh-1x2-5gb-1xgb\/#primaryimage\"},\"image\":{\"@id\":\"https:\/\/aivlisoft.net\/shop\/producto\/fritzrepeater-6000-wifi6-mesh-1x2-5gb-1xgb\/#primaryimage\"},\"thumbnailUrl\":\"https:\/\/aivlisoft.net\/shop\/wp-content\/uploads\/2025\/01\/NSWPAC0455_800.jpg\",\"datePublished\":\"2025-01-13T15:35:28+00:00\",\"dateModified\":\"2025-01-14T11:46:47+00:00\",\"breadcrumb\":{\"@id\":\"https:\/\/aivlisoft.net\/shop\/producto\/fritzrepeater-6000-wifi6-mesh-1x2-5gb-1xgb\/#breadcrumb\"},\"inLanguage\":\"es\",\"potentialAction\":[{\"@type\":\"ReadAction\",\"target\":[\"https:\/\/aivlisoft.net\/shop\/producto\/fritzrepeater-6000-wifi6-mesh-1x2-5gb-1xgb\/\"]}]},{\"@type\":\"ImageObject\",\"inLanguage\":\"es\",\"@id\":\"https:\/\/aivlisoft.net\/shop\/producto\/fritzrepeater-6000-wifi6-mesh-1x2-5gb-1xgb\/#primaryimage\",\"url\":\"https:\/\/aivlisoft.net\/shop\/wp-content\/uploads\/2025\/01\/NSWPAC0455_800.jpg\",\"contentUrl\":\"https:\/\/aivlisoft.net\/shop\/wp-content\/uploads\/2025\/01\/NSWPAC0455_800.jpg\",\"width\":800,\"height\":800},{\"@type\":\"BreadcrumbList\",\"@id\":\"https:\/\/aivlisoft.net\/shop\/producto\/fritzrepeater-6000-wifi6-mesh-1x2-5gb-1xgb\/#breadcrumb\",\"itemListElement\":[{\"@type\":\"ListItem\",\"position\":1,\"name\":\"Portada\",\"item\":\"https:\/\/aivlisoft.net\/shop\/\"},{\"@type\":\"ListItem\",\"position\":2,\"name\":\"Tienda\",\"item\":\"https:\/\/aivlisoft.net\/shop\/tienda\/\"},{\"@type\":\"ListItem\",\"position\":3,\"name\":\"Fritz!Repeater 6000 WiFi6 Mesh 1&#215;2.5Gb 1xGb\"}]},{\"@type\":\"WebSite\",\"@id\":\"https:\/\/aivlisoft.net\/shop\/#website\",\"url\":\"https:\/\/aivlisoft.net\/shop\/\",\"name\":\"Aivlisoft Inform\u00e1tica\",\"description\":\"En Aivlisoft Inform\u00e1tica ofrecemos soluciones tecnol\u00f3gicas para empresas: venta de ordenadores, consumibles, perif\u00e9ricos y m\u00e1s. Calidad, atenci\u00f3n personalizada y los mejores precios para tu negocio.\",\"publisher\":{\"@id\":\"https:\/\/aivlisoft.net\/shop\/#organization\"},\"potentialAction\":[{\"@type\":\"SearchAction\",\"target\":{\"@type\":\"EntryPoint\",\"urlTemplate\":\"https:\/\/aivlisoft.net\/shop\/?s={search_term_string}\"},\"query-input\":{\"@type\":\"PropertyValueSpecification\",\"valueRequired\":true,\"valueName\":\"search_term_string\"}}],\"inLanguage\":\"es\"},{\"@type\":\"Organization\",\"@id\":\"https:\/\/aivlisoft.net\/shop\/#organization\",\"name\":\"Aivlisoft Inform\u00e1tica\",\"url\":\"https:\/\/aivlisoft.net\/shop\/\",\"logo\":{\"@type\":\"ImageObject\",\"inLanguage\":\"es\",\"@id\":\"https:\/\/aivlisoft.net\/shop\/#\/schema\/logo\/image\/\",\"url\":\"https:\/\/aivlisoft.net\/shop\/wp-content\/uploads\/2024\/12\/removal.ai_5b848c54-0cdf-4140-95c5-c5536bb7573b-logodef.png\",\"contentUrl\":\"https:\/\/aivlisoft.net\/shop\/wp-content\/uploads\/2024\/12\/removal.ai_5b848c54-0cdf-4140-95c5-c5536bb7573b-logodef.png\",\"width\":484,\"height\":182,\"caption\":\"Aivlisoft Inform\u00e1tica\"},\"image\":{\"@id\":\"https:\/\/aivlisoft.net\/shop\/#\/schema\/logo\/image\/\"}}]}<\/script>\n<!-- \/ Yoast SEO plugin. -->","yoast_head_json":{"title":"Fritz!Repeater 6000 WiFi6 Mesh 1x2.5Gb 1xGb - Aivlisoft Inform\u00e1tica","robots":{"index":"index","follow":"follow","max-snippet":"max-snippet:-1","max-image-preview":"max-image-preview:large","max-video-preview":"max-video-preview:-1"},"canonical":"https:\/\/aivlisoft.net\/shop\/producto\/fritzrepeater-6000-wifi6-mesh-1x2-5gb-1xgb\/","og_locale":"es_ES","og_type":"article","og_title":"Fritz!Repeater 6000 WiFi6 Mesh 1x2.5Gb 1xGb - Aivlisoft Inform\u00e1tica","og_description":"Potente repetidor de gran alcance y alto rendimiento para multitud de dispositivos en la red Wi-Fi.Con Wi-Fi Mesh se pueden combinar f&aacute;cilmente varios puntos de acceso Wi-Fi en un solo sistema inteligente (a partir de FRITZ!OS 6.90).3 unidades de radio Wi-Fi: 2400 Mbps + 2400 Mbps (5 GHz) + 1200 Mbps (2,4 GHz) para extender&hellip;&nbsp;Fritz!Repeater 6000 WiFi6 Mesh 1&#215;2.5Gb 1xGb","og_url":"https:\/\/aivlisoft.net\/shop\/producto\/fritzrepeater-6000-wifi6-mesh-1x2-5gb-1xgb\/","og_site_name":"Aivlisoft Inform\u00e1tica","article_modified_time":"2025-01-14T11:46:47+00:00","og_image":[{"width":800,"height":800,"url":"https:\/\/aivlisoft.net\/shop\/wp-content\/uploads\/2025\/01\/NSWPAC0455_800.jpg","type":"image\/jpeg"}],"twitter_card":"summary_large_image","twitter_misc":{"Tiempo de lectura":"3 minutos"},"schema":{"@context":"https:\/\/schema.org","@graph":[{"@type":"WebPage","@id":"https:\/\/aivlisoft.net\/shop\/producto\/fritzrepeater-6000-wifi6-mesh-1x2-5gb-1xgb\/","url":"https:\/\/aivlisoft.net\/shop\/producto\/fritzrepeater-6000-wifi6-mesh-1x2-5gb-1xgb\/","name":"Fritz!Repeater 6000 WiFi6 Mesh 1x2.5Gb 1xGb - Aivlisoft Inform\u00e1tica","isPartOf":{"@id":"https:\/\/aivlisoft.net\/shop\/#website"},"primaryImageOfPage":{"@id":"https:\/\/aivlisoft.net\/shop\/producto\/fritzrepeater-6000-wifi6-mesh-1x2-5gb-1xgb\/#primaryimage"},"image":{"@id":"https:\/\/aivlisoft.net\/shop\/producto\/fritzrepeater-6000-wifi6-mesh-1x2-5gb-1xgb\/#primaryimage"},"thumbnailUrl":"https:\/\/aivlisoft.net\/shop\/wp-content\/uploads\/2025\/01\/NSWPAC0455_800.jpg","datePublished":"2025-01-13T15:35:28+00:00","dateModified":"2025-01-14T11:46:47+00:00","breadcrumb":{"@id":"https:\/\/aivlisoft.net\/shop\/producto\/fritzrepeater-6000-wifi6-mesh-1x2-5gb-1xgb\/#breadcrumb"},"inLanguage":"es","potentialAction":[{"@type":"ReadAction","target":["https:\/\/aivlisoft.net\/shop\/producto\/fritzrepeater-6000-wifi6-mesh-1x2-5gb-1xgb\/"]}]},{"@type":"ImageObject","inLanguage":"es","@id":"https:\/\/aivlisoft.net\/shop\/producto\/fritzrepeater-6000-wifi6-mesh-1x2-5gb-1xgb\/#primaryimage","url":"https:\/\/aivlisoft.net\/shop\/wp-content\/uploads\/2025\/01\/NSWPAC0455_800.jpg","contentUrl":"https:\/\/aivlisoft.net\/shop\/wp-content\/uploads\/2025\/01\/NSWPAC0455_800.jpg","width":800,"height":800},{"@type":"BreadcrumbList","@id":"https:\/\/aivlisoft.net\/shop\/producto\/fritzrepeater-6000-wifi6-mesh-1x2-5gb-1xgb\/#breadcrumb","itemListElement":[{"@type":"ListItem","position":1,"name":"Portada","item":"https:\/\/aivlisoft.net\/shop\/"},{"@type":"ListItem","position":2,"name":"Tienda","item":"https:\/\/aivlisoft.net\/shop\/tienda\/"},{"@type":"ListItem","position":3,"name":"Fritz!Repeater 6000 WiFi6 Mesh 1&#215;2.5Gb 1xGb"}]},{"@type":"WebSite","@id":"https:\/\/aivlisoft.net\/shop\/#website","url":"https:\/\/aivlisoft.net\/shop\/","name":"Aivlisoft Inform\u00e1tica","description":"En Aivlisoft Inform\u00e1tica ofrecemos soluciones tecnol\u00f3gicas para empresas: venta de ordenadores, consumibles, perif\u00e9ricos y m\u00e1s. Calidad, atenci\u00f3n personalizada y los mejores precios para tu negocio.","publisher":{"@id":"https:\/\/aivlisoft.net\/shop\/#organization"},"potentialAction":[{"@type":"SearchAction","target":{"@type":"EntryPoint","urlTemplate":"https:\/\/aivlisoft.net\/shop\/?s={search_term_string}"},"query-input":{"@type":"PropertyValueSpecification","valueRequired":true,"valueName":"search_term_string"}}],"inLanguage":"es"},{"@type":"Organization","@id":"https:\/\/aivlisoft.net\/shop\/#organization","name":"Aivlisoft Inform\u00e1tica","url":"https:\/\/aivlisoft.net\/shop\/","logo":{"@type":"ImageObject","inLanguage":"es","@id":"https:\/\/aivlisoft.net\/shop\/#\/schema\/logo\/image\/","url":"https:\/\/aivlisoft.net\/shop\/wp-content\/uploads\/2024\/12\/removal.ai_5b848c54-0cdf-4140-95c5-c5536bb7573b-logodef.png","contentUrl":"https:\/\/aivlisoft.net\/shop\/wp-content\/uploads\/2024\/12\/removal.ai_5b848c54-0cdf-4140-95c5-c5536bb7573b-logodef.png","width":484,"height":182,"caption":"Aivlisoft Inform\u00e1tica"},"image":{"@id":"https:\/\/aivlisoft.net\/shop\/#\/schema\/logo\/image\/"}}]}},"_links":{"self":[{"href":"https:\/\/aivlisoft.net\/shop\/wp-json\/wp\/v2\/product\/19714","targetHints":{"allow":["GET"]}}],"collection":[{"href":"https:\/\/aivlisoft.net\/shop\/wp-json\/wp\/v2\/product"}],"about":[{"href":"https:\/\/aivlisoft.net\/shop\/wp-json\/wp\/v2\/types\/product"}],"wp:featuredmedia":[{"embeddable":true,"href":"https:\/\/aivlisoft.net\/shop\/wp-json\/wp\/v2\/media\/19715"}],"wp:attachment":[{"href":"https:\/\/aivlisoft.net\/shop\/wp-json\/wp\/v2\/media?parent=19714"}],"wp:term":[{"taxonomy":"product_brand","embeddable":true,"href":"https:\/\/aivlisoft.net\/shop\/wp-json\/wp\/v2\/product_brand?post=19714"},{"taxonomy":"product_cat","embeddable":true,"href":"https:\/\/aivlisoft.net\/shop\/wp-json\/wp\/v2\/product_cat?post=19714"},{"taxonomy":"product_tag","embeddable":true,"href":"https:\/\/aivlisoft.net\/shop\/wp-json\/wp\/v2\/product_tag?post=19714"}],"curies":[{"name":"wp","href":"https:\/\/api.w.org\/{rel}","templated":true}]}}