{"id":19706,"date":"2025-01-13T15:35:20","date_gmt":"2025-01-13T15:35:20","guid":{"rendered":"https:\/\/aivlisoft.com\/?post_type=product&#038;p=19706"},"modified":"2025-01-14T11:46:42","modified_gmt":"2025-01-14T11:46:42","slug":"tp-link-deco-e4-punto-acceso-mesh-ac1200-pack-2","status":"publish","type":"product","link":"https:\/\/aivlisoft.net\/shop\/producto\/tp-link-deco-e4-punto-acceso-mesh-ac1200-pack-2\/","title":{"rendered":"TP-Link Deco E4 Punto Acceso Mesh AC1200 Pack 2"},"content":{"rendered":"<p><\/p>\n<table class=\"tabla_caracteristicas k-table\" width=\"100%\">\n<tr>\n<td valign=\"top\"><strong>Marca<\/strong><\/td>\n<td>TP-Link<\/td>\n<\/tr>\n<tr>\n<td valign=\"top\"><strong>Modelo<\/strong><\/td>\n<td>Deco E4 (2-Pack)<\/td>\n<\/tr>\n<tr>\n<td valign=\"top\"><strong>Caracter&iacute;sticas Hardware<\/strong><\/td>\n<td>&#8211; Procesador: CPU Qualcomm<br \/>\t\t\t&#8211; Puertos: 2 x Ethernet 10\/100 Mbps<br \/>\t\t\t&#8211; Soporta auto-sensin WAN \/ LAN<br \/>\t\t\t&#8211; Botones: Bot&oacute;n de reinicio<br \/>\t\t\t&#8211; Power: 12 V \/ 1 A<\/td>\n<\/tr>\n<tr>\n<td><strong>Caracter&iacute;sticas Inal&aacute;mbricas<\/strong><\/td>\n<td>&#8211; Standards: Wi-Fi 5<br \/>\t\t\t&nbsp; IEEE 802.11ac\/n\/a 5 GHz<br \/>\t\t\t&nbsp; IEEE 802.11n\/b\/g 2.4 GHz<br \/>\t\t\t&#8211; WiFi Speeds: AC1200<br \/>\t\t\t&nbsp; 5 GHz: 867 Mbps (802.11ac)<br \/>\t\t\t&nbsp; 2.4 GHz: 300 Mbps (802.11n)<br \/>\t\t\t&#8211; Modos de trabajo:<br \/>\t\t\t&nbsp; Modo router<br \/>\t\t\t&nbsp; Modo punto de acceso<\/td>\n<\/tr>\n<tr>\n<td><strong>Caracter&iacute;sticas Software<\/strong><\/td>\n<td>&#8211; Protocols:<br \/>\t\t\t&nbsp; IPv4<br \/>\t\t\t&nbsp; IPv6<br \/>\t\t\t&#8211; Parental Controls:<br \/>\t\t\t&nbsp; Filtrado de URL<br \/>\t\t\t&nbsp; Controles de tiempo<br \/>\t\t\t&#8211; WAN Types:<br \/>\t\t\t&nbsp; IP din&aacute;mica<br \/>\t\t\t&nbsp; IP est&aacute;tica<br \/>\t\t\t&nbsp; PPPoE<br \/>\t\t\t&nbsp; PPTP<br \/>\t\t\t&nbsp; L2TP<br \/>\t\t\t&#8211; Quality of Service: QoS por dispositivo<br \/>\t\t\t&#8211; Cloud Service: Actualizaci&oacute;n de firmware OTA<br \/>\t\t\t&nbsp; ID de TP-Link<br \/>\t\t\t&nbsp; DDNS<br \/>\t\t\t&#8211; NAT Forwarding: Reenv&iacute;o de puertos<br \/>\t\t\t&nbsp; Activaci&oacute;n de puerto<br \/>\t\t\t&nbsp; DMZ<br \/>\t\t\t&nbsp; UPnP<br \/>\t\t\t&#8211; IPTV: Proxy IGMP<br \/>\t\t\t&nbsp; Inspecci&oacute;n IGMP<br \/>\t\t\t&nbsp; Puente<br \/>\t\t\t&nbsp; Etiqueta VLAN<br \/>\t\t\t&#8211; DHCP: Direcci&oacute;n de reservas<br \/>\t\t\t&nbsp; Lista de clientes DHCP<br \/>\t\t\t&nbsp; Servidor<br \/>\t\t\t&#8211; DDNS: TP-Link<br \/>\t\t\t&#8211; Management: Deco App<\/td>\n<\/tr>\n<tr>\n<td><strong>Otras caracter&iacute;sticas<\/strong><\/td>\n<td>&#8211; Requisitos del sistema:<br \/>\t\t\t&nbsp; Android 4.4 o posterior<br \/>\t\t\t&nbsp; iOS 9.0 o posterior<br \/>\t\t\t&#8211; Certificaciones: CE, FCC, IC, NCC, BSMI, IDA, RCM, JPA, JRF, VCCI, KC, RoHS<br \/>\t\t\t<strong>F&iacute;sicas<\/strong><br \/>\t\t\t&#8211; Dimensions (An x Prof x Alt): 90.7 &times; 90.7 &times; 190 mm<br \/>\t\t\t<strong>Seguridad<\/strong><br \/>\t\t\t&#8211; WiFi Encryption:<br \/>\t\t\t&nbsp; WPA<br \/>\t\t\t&nbsp; WPA2<br \/>\t\t\t&#8211; Network Security:<br \/>\t\t\t&nbsp; Cortafuegos SPI<br \/>\t\t\t&nbsp; Control de acceso<br \/>\t\t\t&#8211; Guest Network:<br \/>\t\t\t&nbsp; Red de invitados de 1 &times; 5 GHz<br \/>\t\t\t&nbsp; 1 red de invitados de 2,4 GHz<\/td>\n<\/tr>\n<tr>\n<td><strong>Contenido<\/strong><\/td>\n<td>&#8211; 2 x Deco E4R<br \/>\t\t\t&#8211; 1 x Cable Ethernet RJ45<br \/>\t\t\t&#8211; 2 x Adaptadores de corriente<br \/>\t\t\t&#8211; 1 x Gu&iacute;a de instalaci&oacute;n r&aacute;pida<\/td>\n<\/tr>\n<tr>\n<td><strong>Fecha de revisi&oacute;n<\/strong><\/td>\n<td>27-05-2021 por MSB<\/td>\n<\/tr>\n<\/table>\n","protected":false},"excerpt":{"rendered":"<p>Marca TP-Link Modelo Deco E4 (2-Pack) Caracter&iacute;sticas Hardware &#8211; Procesador: CPU Qualcomm &#8211; Puertos: 2 x Ethernet 10\/100 Mbps &#8211; Soporta auto-sensin WAN \/ LAN &#8211; Botones: Bot&oacute;n de reinicio &#8211; Power: 12 V \/ 1 A Caracter&iacute;sticas Inal&aacute;mbricas &#8211; Standards: Wi-Fi 5 &nbsp; IEEE 802.11ac\/n\/a 5 GHz &nbsp; IEEE 802.11n\/b\/g 2.4 GHz &#8211; WiFi&hellip;&nbsp;<a href=\"https:\/\/aivlisoft.net\/shop\/producto\/tp-link-deco-e4-punto-acceso-mesh-ac1200-pack-2\/\" rel=\"bookmark\"><span class=\"screen-reader-text\">TP-Link Deco E4 Punto Acceso Mesh AC1200 Pack 2<\/span><\/a><\/p>\n","protected":false},"featured_media":19707,"template":"","meta":{"neve_meta_sidebar":"","neve_meta_container":"","neve_meta_enable_content_width":"","neve_meta_content_width":0,"neve_meta_title_alignment":"","neve_meta_author_avatar":"","neve_post_elements_order":"","neve_meta_disable_header":"","neve_meta_disable_footer":"","neve_meta_disable_title":""},"product_brand":[],"product_cat":[8770],"product_tag":[7099],"class_list":{"0":"post-19706","1":"product","2":"type-product","3":"status-publish","4":"has-post-thumbnail","6":"product_cat-puntos-de-acceso","7":"product_tag-deco-e42-pack","9":"first","10":"instock","11":"taxable","12":"shipping-taxable","13":"purchasable","14":"product-type-simple"},"yoast_head":"<!-- This site is optimized with the Yoast SEO plugin v26.0 - https:\/\/yoast.com\/wordpress\/plugins\/seo\/ -->\n<title>TP-Link Deco E4 Punto Acceso Mesh AC1200 Pack 2 - Aivlisoft Inform\u00e1tica<\/title>\n<meta name=\"robots\" content=\"index, follow, max-snippet:-1, max-image-preview:large, max-video-preview:-1\" \/>\n<link rel=\"canonical\" href=\"https:\/\/aivlisoft.net\/shop\/producto\/tp-link-deco-e4-punto-acceso-mesh-ac1200-pack-2\/\" \/>\n<meta property=\"og:locale\" content=\"es_ES\" \/>\n<meta property=\"og:type\" content=\"article\" \/>\n<meta property=\"og:title\" content=\"TP-Link Deco E4 Punto Acceso Mesh AC1200 Pack 2 - Aivlisoft Inform\u00e1tica\" \/>\n<meta property=\"og:description\" content=\"Marca TP-Link Modelo Deco E4 (2-Pack) Caracter&iacute;sticas Hardware &#8211; Procesador: CPU Qualcomm &#8211; Puertos: 2 x Ethernet 10\/100 Mbps &#8211; Soporta auto-sensin WAN \/ LAN &#8211; Botones: Bot&oacute;n de reinicio &#8211; Power: 12 V \/ 1 A Caracter&iacute;sticas Inal&aacute;mbricas &#8211; Standards: Wi-Fi 5 &nbsp; IEEE 802.11ac\/n\/a 5 GHz &nbsp; IEEE 802.11n\/b\/g 2.4 GHz &#8211; WiFi&hellip;&nbsp;TP-Link Deco E4 Punto Acceso Mesh AC1200 Pack 2\" \/>\n<meta property=\"og:url\" content=\"https:\/\/aivlisoft.net\/shop\/producto\/tp-link-deco-e4-punto-acceso-mesh-ac1200-pack-2\/\" \/>\n<meta property=\"og:site_name\" content=\"Aivlisoft Inform\u00e1tica\" \/>\n<meta property=\"article:modified_time\" content=\"2025-01-14T11:46:42+00:00\" \/>\n<meta property=\"og:image\" content=\"https:\/\/aivlisoft.net\/shop\/wp-content\/uploads\/2025\/01\/NSWPAC0451_800.jpg\" \/>\n\t<meta property=\"og:image:width\" content=\"800\" \/>\n\t<meta property=\"og:image:height\" content=\"800\" \/>\n\t<meta property=\"og:image:type\" content=\"image\/jpeg\" \/>\n<meta name=\"twitter:card\" content=\"summary_large_image\" \/>\n<meta name=\"twitter:label1\" content=\"Tiempo de lectura\" \/>\n\t<meta name=\"twitter:data1\" content=\"2 minutos\" \/>\n<script type=\"application\/ld+json\" class=\"yoast-schema-graph\">{\"@context\":\"https:\/\/schema.org\",\"@graph\":[{\"@type\":\"WebPage\",\"@id\":\"https:\/\/aivlisoft.net\/shop\/producto\/tp-link-deco-e4-punto-acceso-mesh-ac1200-pack-2\/\",\"url\":\"https:\/\/aivlisoft.net\/shop\/producto\/tp-link-deco-e4-punto-acceso-mesh-ac1200-pack-2\/\",\"name\":\"TP-Link Deco E4 Punto Acceso Mesh AC1200 Pack 2 - Aivlisoft Inform\u00e1tica\",\"isPartOf\":{\"@id\":\"https:\/\/aivlisoft.net\/shop\/#website\"},\"primaryImageOfPage\":{\"@id\":\"https:\/\/aivlisoft.net\/shop\/producto\/tp-link-deco-e4-punto-acceso-mesh-ac1200-pack-2\/#primaryimage\"},\"image\":{\"@id\":\"https:\/\/aivlisoft.net\/shop\/producto\/tp-link-deco-e4-punto-acceso-mesh-ac1200-pack-2\/#primaryimage\"},\"thumbnailUrl\":\"https:\/\/aivlisoft.net\/shop\/wp-content\/uploads\/2025\/01\/NSWPAC0451_800.jpg\",\"datePublished\":\"2025-01-13T15:35:20+00:00\",\"dateModified\":\"2025-01-14T11:46:42+00:00\",\"breadcrumb\":{\"@id\":\"https:\/\/aivlisoft.net\/shop\/producto\/tp-link-deco-e4-punto-acceso-mesh-ac1200-pack-2\/#breadcrumb\"},\"inLanguage\":\"es\",\"potentialAction\":[{\"@type\":\"ReadAction\",\"target\":[\"https:\/\/aivlisoft.net\/shop\/producto\/tp-link-deco-e4-punto-acceso-mesh-ac1200-pack-2\/\"]}]},{\"@type\":\"ImageObject\",\"inLanguage\":\"es\",\"@id\":\"https:\/\/aivlisoft.net\/shop\/producto\/tp-link-deco-e4-punto-acceso-mesh-ac1200-pack-2\/#primaryimage\",\"url\":\"https:\/\/aivlisoft.net\/shop\/wp-content\/uploads\/2025\/01\/NSWPAC0451_800.jpg\",\"contentUrl\":\"https:\/\/aivlisoft.net\/shop\/wp-content\/uploads\/2025\/01\/NSWPAC0451_800.jpg\",\"width\":800,\"height\":800},{\"@type\":\"BreadcrumbList\",\"@id\":\"https:\/\/aivlisoft.net\/shop\/producto\/tp-link-deco-e4-punto-acceso-mesh-ac1200-pack-2\/#breadcrumb\",\"itemListElement\":[{\"@type\":\"ListItem\",\"position\":1,\"name\":\"Portada\",\"item\":\"https:\/\/aivlisoft.net\/shop\/\"},{\"@type\":\"ListItem\",\"position\":2,\"name\":\"Tienda\",\"item\":\"https:\/\/aivlisoft.net\/shop\/tienda\/\"},{\"@type\":\"ListItem\",\"position\":3,\"name\":\"TP-Link Deco E4 Punto Acceso Mesh AC1200 Pack 2\"}]},{\"@type\":\"WebSite\",\"@id\":\"https:\/\/aivlisoft.net\/shop\/#website\",\"url\":\"https:\/\/aivlisoft.net\/shop\/\",\"name\":\"Aivlisoft Inform\u00e1tica\",\"description\":\"En Aivlisoft Inform\u00e1tica ofrecemos soluciones tecnol\u00f3gicas para empresas: venta de ordenadores, consumibles, perif\u00e9ricos y m\u00e1s. Calidad, atenci\u00f3n personalizada y los mejores precios para tu negocio.\",\"publisher\":{\"@id\":\"https:\/\/aivlisoft.net\/shop\/#organization\"},\"potentialAction\":[{\"@type\":\"SearchAction\",\"target\":{\"@type\":\"EntryPoint\",\"urlTemplate\":\"https:\/\/aivlisoft.net\/shop\/?s={search_term_string}\"},\"query-input\":{\"@type\":\"PropertyValueSpecification\",\"valueRequired\":true,\"valueName\":\"search_term_string\"}}],\"inLanguage\":\"es\"},{\"@type\":\"Organization\",\"@id\":\"https:\/\/aivlisoft.net\/shop\/#organization\",\"name\":\"Aivlisoft Inform\u00e1tica\",\"url\":\"https:\/\/aivlisoft.net\/shop\/\",\"logo\":{\"@type\":\"ImageObject\",\"inLanguage\":\"es\",\"@id\":\"https:\/\/aivlisoft.net\/shop\/#\/schema\/logo\/image\/\",\"url\":\"https:\/\/aivlisoft.net\/shop\/wp-content\/uploads\/2024\/12\/removal.ai_5b848c54-0cdf-4140-95c5-c5536bb7573b-logodef.png\",\"contentUrl\":\"https:\/\/aivlisoft.net\/shop\/wp-content\/uploads\/2024\/12\/removal.ai_5b848c54-0cdf-4140-95c5-c5536bb7573b-logodef.png\",\"width\":484,\"height\":182,\"caption\":\"Aivlisoft Inform\u00e1tica\"},\"image\":{\"@id\":\"https:\/\/aivlisoft.net\/shop\/#\/schema\/logo\/image\/\"}}]}<\/script>\n<!-- \/ Yoast SEO plugin. -->","yoast_head_json":{"title":"TP-Link Deco E4 Punto Acceso Mesh AC1200 Pack 2 - Aivlisoft Inform\u00e1tica","robots":{"index":"index","follow":"follow","max-snippet":"max-snippet:-1","max-image-preview":"max-image-preview:large","max-video-preview":"max-video-preview:-1"},"canonical":"https:\/\/aivlisoft.net\/shop\/producto\/tp-link-deco-e4-punto-acceso-mesh-ac1200-pack-2\/","og_locale":"es_ES","og_type":"article","og_title":"TP-Link Deco E4 Punto Acceso Mesh AC1200 Pack 2 - Aivlisoft Inform\u00e1tica","og_description":"Marca TP-Link Modelo Deco E4 (2-Pack) Caracter&iacute;sticas Hardware &#8211; Procesador: CPU Qualcomm &#8211; Puertos: 2 x Ethernet 10\/100 Mbps &#8211; Soporta auto-sensin WAN \/ LAN &#8211; Botones: Bot&oacute;n de reinicio &#8211; Power: 12 V \/ 1 A Caracter&iacute;sticas Inal&aacute;mbricas &#8211; Standards: Wi-Fi 5 &nbsp; IEEE 802.11ac\/n\/a 5 GHz &nbsp; IEEE 802.11n\/b\/g 2.4 GHz &#8211; WiFi&hellip;&nbsp;TP-Link Deco E4 Punto Acceso Mesh AC1200 Pack 2","og_url":"https:\/\/aivlisoft.net\/shop\/producto\/tp-link-deco-e4-punto-acceso-mesh-ac1200-pack-2\/","og_site_name":"Aivlisoft Inform\u00e1tica","article_modified_time":"2025-01-14T11:46:42+00:00","og_image":[{"width":800,"height":800,"url":"https:\/\/aivlisoft.net\/shop\/wp-content\/uploads\/2025\/01\/NSWPAC0451_800.jpg","type":"image\/jpeg"}],"twitter_card":"summary_large_image","twitter_misc":{"Tiempo de lectura":"2 minutos"},"schema":{"@context":"https:\/\/schema.org","@graph":[{"@type":"WebPage","@id":"https:\/\/aivlisoft.net\/shop\/producto\/tp-link-deco-e4-punto-acceso-mesh-ac1200-pack-2\/","url":"https:\/\/aivlisoft.net\/shop\/producto\/tp-link-deco-e4-punto-acceso-mesh-ac1200-pack-2\/","name":"TP-Link Deco E4 Punto Acceso Mesh AC1200 Pack 2 - Aivlisoft Inform\u00e1tica","isPartOf":{"@id":"https:\/\/aivlisoft.net\/shop\/#website"},"primaryImageOfPage":{"@id":"https:\/\/aivlisoft.net\/shop\/producto\/tp-link-deco-e4-punto-acceso-mesh-ac1200-pack-2\/#primaryimage"},"image":{"@id":"https:\/\/aivlisoft.net\/shop\/producto\/tp-link-deco-e4-punto-acceso-mesh-ac1200-pack-2\/#primaryimage"},"thumbnailUrl":"https:\/\/aivlisoft.net\/shop\/wp-content\/uploads\/2025\/01\/NSWPAC0451_800.jpg","datePublished":"2025-01-13T15:35:20+00:00","dateModified":"2025-01-14T11:46:42+00:00","breadcrumb":{"@id":"https:\/\/aivlisoft.net\/shop\/producto\/tp-link-deco-e4-punto-acceso-mesh-ac1200-pack-2\/#breadcrumb"},"inLanguage":"es","potentialAction":[{"@type":"ReadAction","target":["https:\/\/aivlisoft.net\/shop\/producto\/tp-link-deco-e4-punto-acceso-mesh-ac1200-pack-2\/"]}]},{"@type":"ImageObject","inLanguage":"es","@id":"https:\/\/aivlisoft.net\/shop\/producto\/tp-link-deco-e4-punto-acceso-mesh-ac1200-pack-2\/#primaryimage","url":"https:\/\/aivlisoft.net\/shop\/wp-content\/uploads\/2025\/01\/NSWPAC0451_800.jpg","contentUrl":"https:\/\/aivlisoft.net\/shop\/wp-content\/uploads\/2025\/01\/NSWPAC0451_800.jpg","width":800,"height":800},{"@type":"BreadcrumbList","@id":"https:\/\/aivlisoft.net\/shop\/producto\/tp-link-deco-e4-punto-acceso-mesh-ac1200-pack-2\/#breadcrumb","itemListElement":[{"@type":"ListItem","position":1,"name":"Portada","item":"https:\/\/aivlisoft.net\/shop\/"},{"@type":"ListItem","position":2,"name":"Tienda","item":"https:\/\/aivlisoft.net\/shop\/tienda\/"},{"@type":"ListItem","position":3,"name":"TP-Link Deco E4 Punto Acceso Mesh AC1200 Pack 2"}]},{"@type":"WebSite","@id":"https:\/\/aivlisoft.net\/shop\/#website","url":"https:\/\/aivlisoft.net\/shop\/","name":"Aivlisoft Inform\u00e1tica","description":"En Aivlisoft Inform\u00e1tica ofrecemos soluciones tecnol\u00f3gicas para empresas: venta de ordenadores, consumibles, perif\u00e9ricos y m\u00e1s. Calidad, atenci\u00f3n personalizada y los mejores precios para tu negocio.","publisher":{"@id":"https:\/\/aivlisoft.net\/shop\/#organization"},"potentialAction":[{"@type":"SearchAction","target":{"@type":"EntryPoint","urlTemplate":"https:\/\/aivlisoft.net\/shop\/?s={search_term_string}"},"query-input":{"@type":"PropertyValueSpecification","valueRequired":true,"valueName":"search_term_string"}}],"inLanguage":"es"},{"@type":"Organization","@id":"https:\/\/aivlisoft.net\/shop\/#organization","name":"Aivlisoft Inform\u00e1tica","url":"https:\/\/aivlisoft.net\/shop\/","logo":{"@type":"ImageObject","inLanguage":"es","@id":"https:\/\/aivlisoft.net\/shop\/#\/schema\/logo\/image\/","url":"https:\/\/aivlisoft.net\/shop\/wp-content\/uploads\/2024\/12\/removal.ai_5b848c54-0cdf-4140-95c5-c5536bb7573b-logodef.png","contentUrl":"https:\/\/aivlisoft.net\/shop\/wp-content\/uploads\/2024\/12\/removal.ai_5b848c54-0cdf-4140-95c5-c5536bb7573b-logodef.png","width":484,"height":182,"caption":"Aivlisoft Inform\u00e1tica"},"image":{"@id":"https:\/\/aivlisoft.net\/shop\/#\/schema\/logo\/image\/"}}]}},"_links":{"self":[{"href":"https:\/\/aivlisoft.net\/shop\/wp-json\/wp\/v2\/product\/19706","targetHints":{"allow":["GET"]}}],"collection":[{"href":"https:\/\/aivlisoft.net\/shop\/wp-json\/wp\/v2\/product"}],"about":[{"href":"https:\/\/aivlisoft.net\/shop\/wp-json\/wp\/v2\/types\/product"}],"wp:featuredmedia":[{"embeddable":true,"href":"https:\/\/aivlisoft.net\/shop\/wp-json\/wp\/v2\/media\/19707"}],"wp:attachment":[{"href":"https:\/\/aivlisoft.net\/shop\/wp-json\/wp\/v2\/media?parent=19706"}],"wp:term":[{"taxonomy":"product_brand","embeddable":true,"href":"https:\/\/aivlisoft.net\/shop\/wp-json\/wp\/v2\/product_brand?post=19706"},{"taxonomy":"product_cat","embeddable":true,"href":"https:\/\/aivlisoft.net\/shop\/wp-json\/wp\/v2\/product_cat?post=19706"},{"taxonomy":"product_tag","embeddable":true,"href":"https:\/\/aivlisoft.net\/shop\/wp-json\/wp\/v2\/product_tag?post=19706"}],"curies":[{"name":"wp","href":"https:\/\/api.w.org\/{rel}","templated":true}]}}