{"id":19701,"date":"2025-01-13T15:35:18","date_gmt":"2025-01-13T15:35:18","guid":{"rendered":"https:\/\/aivlisoft.com\/?post_type=product&#038;p=19701"},"modified":"2025-01-14T11:46:41","modified_gmt":"2025-01-14T11:46:41","slug":"d-link-dap-3666-p-acc-wifi4eu-ac1200-poe-ip67","status":"publish","type":"product","link":"https:\/\/aivlisoft.net\/shop\/producto\/d-link-dap-3666-p-acc-wifi4eu-ac1200-poe-ip67\/","title":{"rendered":"D-Link DAP-3666 P.Acc WiFi4EU AC1200 PoE IP67"},"content":{"rendered":"<p>El punto de acceso PoE inal&aacute;mbrico de doble banda para exteriores <strong>DAP-3666<\/strong> Wave 2 preparado para WiFi4EU es un punto de acceso para exteriores vers&aacute;til y de alta potencia dise&ntilde;ado con funciones resistentes a las inclemencias del tiempo que lo convierten en una soluci&oacute;n ideal para crear redes de puntos de acceso inal&aacute;mbricos para exteriores. Utilizando la tecnolog&iacute;a de vanguardia de 802.11ac Wave&nbsp; 2,&nbsp; ofrece&nbsp; una&nbsp; velocidad&nbsp; m&aacute;xima&nbsp; de&nbsp; se&ntilde;al&nbsp; inal&aacute;mbrica&nbsp; combinada&nbsp; de&nbsp; hasta&nbsp; 1200&nbsp; Mbps&nbsp; y&nbsp; es&nbsp; compatible&nbsp; con&nbsp; la&nbsp; tecnolog&iacute;a&nbsp; MU-MIMO&nbsp; que&nbsp; permite&nbsp; que&nbsp; varios&nbsp; dispositivos&nbsp; obtengan&nbsp; al&nbsp; mismo&nbsp; tiempo una se&ntilde;al Wi-Fi de gran ancho de banda, distribuyendo los datos de forma m&aacute;s eficiente. Cuenta con la certificaci&oacute;n Passpoint&reg; de Wi-Fi Alliance y cumple con Hospot 2.0, lo que hace que el proceso de b&uacute;squeda de dispositivos y acceso a la red conocida sea perfecto.<\/p>\n<table class=\"tabla_caracteristicas k-table\" width=\"100%\">\n<tr>\n<td valign=\"top\"><strong>Marca<\/strong><\/td>\n<td>D-Link<\/td>\n<\/tr>\n<tr>\n<td valign=\"top\"><strong>Modelo<\/strong><\/td>\n<td valign=\"top\"><strong>DAP-3666<\/strong><\/td>\n<\/tr>\n<tr>\n<td valign=\"top\"><strong>Caracter&iacute;sticas<\/strong><\/td>\n<td><strong>General<\/strong><br \/>\t\t\t&#8211; Interfaces de dispositivo<br \/>\t\t\t&nbsp; 802.11a\/b\/g\/n\/ac wireless<br \/>\t\t\t&nbsp; 2 puertos LAN Gigabit (LAN1 admite PoE)<br \/>\t\t\t&#8211; LED: Alimentaci&oacute;n<br \/>\t\t\t&#8211; Est&aacute;ndares<br \/>\t\t\t&nbsp; IEEE 802.11a\/b\/g\/n\/ac<br \/>\t\t\t&nbsp; IEEE 802.3u\/ab\/af<br \/>\t\t\t&nbsp; IEEE 802.1x<br \/>\t\t\t&nbsp; IEEE 802.11r<br \/>\t\t\t&nbsp; IEEE 802.11k<br \/>\t\t\t&nbsp; IEEEE 802.11v<br \/>\t\t\t&#8211; Rango de frecuencia inal&aacute;mbrica<br \/>\t\t\t&nbsp; Banda de 2,4 GHz: 2,4 GHz a 2,4835 GHz<br \/>\t\t\t&nbsp; Banda de 5 GHz: 5,15 a 5,35 GHz, 5.47 a 5,85 GHz<br \/>\t\t\t&#8211; Antenas<br \/>\t\t\t&nbsp; Dos dBi 6 internos de 2,4 GHz<br \/>\t\t\t&nbsp; Dos dBi 7 internos para 5 GHz<br \/>\t\t\t&#8211; Potencia m&aacute;xima de salida<br \/>\t\t\t&nbsp; 26 dbm para 2,4 GHz<br \/>\t\t\t&nbsp; 26 dbm para 5 GHz<br \/>\t\t\t&#8211; Velocidad de la se&ntilde;al de datos<br \/>\t\t\t&nbsp; 2,4 GHz Hasta 300 Mbps<br \/>\t\t\t&nbsp; 5 GHz Hasta 867 Mbps<br \/>\t\t\t<strong>Funcionalidad<\/strong><br \/>\t\t\t&#8211; Seguridad<br \/>\t\t\t&nbsp; Cifrado inal&aacute;mbrico personal de 128 bits<br \/>\t\t\t&nbsp; Cifrado de conexiones inal&aacute;mbricas empresariales de 128 bits<br \/>\t\t\t&nbsp; Cifrado WEP de 64\/128 bits<br \/>\t\t\t&nbsp; Desactivaci&oacute;n de transmisi&oacute;n SSID<br \/>\t\t\t&nbsp; Control de acceso de direcciones MAC<br \/>\t\t\t&nbsp; Protecci&oacute;n de acceso a la red (NAP)<br \/>\t\t\t&nbsp; Servidor RADIUS interno<br \/>\t\t\t&#8211; Gesti&oacute;n de redes<br \/>\t\t\t&nbsp; Telnet<br \/>\t\t\t&nbsp; Telnet seguro (SSH)<br \/>\t\t\t&nbsp; HTTP<br \/>\t\t\t&nbsp; Capa de conexi&oacute;n segura (SSL)<br \/>\t\t\t&nbsp; Control del tr&aacute;fico<br \/>\t\t\t&nbsp; Software gratuito Nuclias Connect<br \/>\t\t\t&nbsp; Controladora Nuclias Connect Hub<br \/>\t\t\t&#8211; Otras caracter&iacute;sticas<br \/>\t\t\t&nbsp; Compatibilidad con itinerancia r&aacute;pida con 802.11k, 802.11v y 802.11r<br \/>\t\t\t&nbsp; Soporte para punto de acceso inal&aacute;mbrico 2.0<br \/>\t\t\t<strong>Caracter&iacute;sticas f&iacute;sicas<\/strong><br \/>\t\t\t&#8211; Dimensiones: 277 x 240 x 50 mm<br \/>\t\t\t&#8211; Peso: 981 gramos con antenas<br \/>\t\t\t&#8211; Tensi&oacute;n de funcionamiento: 48 V CC +\/- 10 %, o 802.3af PoE<br \/>\t\t\t&#8211; Consumo m&aacute;ximo de energ&iacute;a: 10,5 vatios<br \/>\t\t\t&#8211; Temperatura<br \/>\t\t\t&nbsp; Funcionamiento: -30 a 60 &deg;C<br \/>\t\t\t&nbsp; Funcionamiento: -30 a 65 &deg;C<br \/>\t\t\t&#8211; Humedad<br \/>\t\t\t&nbsp; Funcionamiento: 10 % a 90 % sin condensaci&oacute;n<br \/>\t\t\t&nbsp; Almacenamiento: 5 % a 95 % sin condensaci&oacute;n<br \/>\t\t\t&#8211; Tiempo transcurrido entre fallos (MTBF): &gt; 30.000 horas<\/td>\n<\/tr>\n<tr>\n<td valign=\"top\"><strong>Fecha de revisi&oacute;n<\/strong><\/td>\n<td>24-02-2021 por MPM<\/td>\n<\/tr>\n<\/table>\n","protected":false},"excerpt":{"rendered":"<p>El punto de acceso PoE inal&aacute;mbrico de doble banda para exteriores DAP-3666 Wave 2 preparado para WiFi4EU es un punto de acceso para exteriores vers&aacute;til y de alta potencia dise&ntilde;ado con funciones resistentes a las inclemencias del tiempo que lo convierten en una soluci&oacute;n ideal para crear redes de puntos de acceso inal&aacute;mbricos para exteriores.&hellip;&nbsp;<a href=\"https:\/\/aivlisoft.net\/shop\/producto\/d-link-dap-3666-p-acc-wifi4eu-ac1200-poe-ip67\/\" rel=\"bookmark\"><span class=\"screen-reader-text\">D-Link DAP-3666 P.Acc WiFi4EU AC1200 PoE IP67<\/span><\/a><\/p>\n","protected":false},"featured_media":19702,"template":"","meta":{"neve_meta_sidebar":"","neve_meta_container":"","neve_meta_enable_content_width":"","neve_meta_content_width":0,"neve_meta_title_alignment":"","neve_meta_author_avatar":"","neve_post_elements_order":"","neve_meta_disable_header":"","neve_meta_disable_footer":"","neve_meta_disable_title":""},"product_brand":[],"product_cat":[8770],"product_tag":[7098],"class_list":{"0":"post-19701","1":"product","2":"type-product","3":"status-publish","4":"has-post-thumbnail","6":"product_cat-puntos-de-acceso","7":"product_tag-dap-3666","9":"first","10":"instock","11":"taxable","12":"shipping-taxable","13":"purchasable","14":"product-type-simple"},"yoast_head":"<!-- This site is optimized with the Yoast SEO plugin v26.0 - https:\/\/yoast.com\/wordpress\/plugins\/seo\/ -->\n<title>D-Link DAP-3666 P.Acc WiFi4EU AC1200 PoE IP67 - Aivlisoft Inform\u00e1tica<\/title>\n<meta name=\"robots\" content=\"index, follow, max-snippet:-1, max-image-preview:large, max-video-preview:-1\" \/>\n<link rel=\"canonical\" href=\"https:\/\/aivlisoft.net\/shop\/producto\/d-link-dap-3666-p-acc-wifi4eu-ac1200-poe-ip67\/\" \/>\n<meta property=\"og:locale\" content=\"es_ES\" \/>\n<meta property=\"og:type\" content=\"article\" \/>\n<meta property=\"og:title\" content=\"D-Link DAP-3666 P.Acc WiFi4EU AC1200 PoE IP67 - Aivlisoft Inform\u00e1tica\" \/>\n<meta property=\"og:description\" content=\"El punto de acceso PoE inal&aacute;mbrico de doble banda para exteriores DAP-3666 Wave 2 preparado para WiFi4EU es un punto de acceso para exteriores vers&aacute;til y de alta potencia dise&ntilde;ado con funciones resistentes a las inclemencias del tiempo que lo convierten en una soluci&oacute;n ideal para crear redes de puntos de acceso inal&aacute;mbricos para exteriores.&hellip;&nbsp;D-Link DAP-3666 P.Acc WiFi4EU AC1200 PoE IP67\" \/>\n<meta property=\"og:url\" content=\"https:\/\/aivlisoft.net\/shop\/producto\/d-link-dap-3666-p-acc-wifi4eu-ac1200-poe-ip67\/\" \/>\n<meta property=\"og:site_name\" content=\"Aivlisoft Inform\u00e1tica\" \/>\n<meta property=\"article:modified_time\" content=\"2025-01-14T11:46:41+00:00\" \/>\n<meta property=\"og:image\" content=\"https:\/\/aivlisoft.net\/shop\/wp-content\/uploads\/2025\/01\/NSWPAC0449_800.jpg\" \/>\n\t<meta property=\"og:image:width\" content=\"800\" \/>\n\t<meta property=\"og:image:height\" content=\"800\" \/>\n\t<meta property=\"og:image:type\" content=\"image\/jpeg\" \/>\n<meta name=\"twitter:card\" content=\"summary_large_image\" \/>\n<meta name=\"twitter:label1\" content=\"Tiempo de lectura\" \/>\n\t<meta name=\"twitter:data1\" content=\"3 minutos\" \/>\n<script type=\"application\/ld+json\" class=\"yoast-schema-graph\">{\"@context\":\"https:\/\/schema.org\",\"@graph\":[{\"@type\":\"WebPage\",\"@id\":\"https:\/\/aivlisoft.net\/shop\/producto\/d-link-dap-3666-p-acc-wifi4eu-ac1200-poe-ip67\/\",\"url\":\"https:\/\/aivlisoft.net\/shop\/producto\/d-link-dap-3666-p-acc-wifi4eu-ac1200-poe-ip67\/\",\"name\":\"D-Link DAP-3666 P.Acc WiFi4EU AC1200 PoE IP67 - Aivlisoft Inform\u00e1tica\",\"isPartOf\":{\"@id\":\"https:\/\/aivlisoft.net\/shop\/#website\"},\"primaryImageOfPage\":{\"@id\":\"https:\/\/aivlisoft.net\/shop\/producto\/d-link-dap-3666-p-acc-wifi4eu-ac1200-poe-ip67\/#primaryimage\"},\"image\":{\"@id\":\"https:\/\/aivlisoft.net\/shop\/producto\/d-link-dap-3666-p-acc-wifi4eu-ac1200-poe-ip67\/#primaryimage\"},\"thumbnailUrl\":\"https:\/\/aivlisoft.net\/shop\/wp-content\/uploads\/2025\/01\/NSWPAC0449_800.jpg\",\"datePublished\":\"2025-01-13T15:35:18+00:00\",\"dateModified\":\"2025-01-14T11:46:41+00:00\",\"breadcrumb\":{\"@id\":\"https:\/\/aivlisoft.net\/shop\/producto\/d-link-dap-3666-p-acc-wifi4eu-ac1200-poe-ip67\/#breadcrumb\"},\"inLanguage\":\"es\",\"potentialAction\":[{\"@type\":\"ReadAction\",\"target\":[\"https:\/\/aivlisoft.net\/shop\/producto\/d-link-dap-3666-p-acc-wifi4eu-ac1200-poe-ip67\/\"]}]},{\"@type\":\"ImageObject\",\"inLanguage\":\"es\",\"@id\":\"https:\/\/aivlisoft.net\/shop\/producto\/d-link-dap-3666-p-acc-wifi4eu-ac1200-poe-ip67\/#primaryimage\",\"url\":\"https:\/\/aivlisoft.net\/shop\/wp-content\/uploads\/2025\/01\/NSWPAC0449_800.jpg\",\"contentUrl\":\"https:\/\/aivlisoft.net\/shop\/wp-content\/uploads\/2025\/01\/NSWPAC0449_800.jpg\",\"width\":800,\"height\":800},{\"@type\":\"BreadcrumbList\",\"@id\":\"https:\/\/aivlisoft.net\/shop\/producto\/d-link-dap-3666-p-acc-wifi4eu-ac1200-poe-ip67\/#breadcrumb\",\"itemListElement\":[{\"@type\":\"ListItem\",\"position\":1,\"name\":\"Portada\",\"item\":\"https:\/\/aivlisoft.net\/shop\/\"},{\"@type\":\"ListItem\",\"position\":2,\"name\":\"Tienda\",\"item\":\"https:\/\/aivlisoft.net\/shop\/tienda\/\"},{\"@type\":\"ListItem\",\"position\":3,\"name\":\"D-Link DAP-3666 P.Acc WiFi4EU AC1200 PoE IP67\"}]},{\"@type\":\"WebSite\",\"@id\":\"https:\/\/aivlisoft.net\/shop\/#website\",\"url\":\"https:\/\/aivlisoft.net\/shop\/\",\"name\":\"Aivlisoft Inform\u00e1tica\",\"description\":\"En Aivlisoft Inform\u00e1tica ofrecemos soluciones tecnol\u00f3gicas para empresas: venta de ordenadores, consumibles, perif\u00e9ricos y m\u00e1s. Calidad, atenci\u00f3n personalizada y los mejores precios para tu negocio.\",\"publisher\":{\"@id\":\"https:\/\/aivlisoft.net\/shop\/#organization\"},\"potentialAction\":[{\"@type\":\"SearchAction\",\"target\":{\"@type\":\"EntryPoint\",\"urlTemplate\":\"https:\/\/aivlisoft.net\/shop\/?s={search_term_string}\"},\"query-input\":{\"@type\":\"PropertyValueSpecification\",\"valueRequired\":true,\"valueName\":\"search_term_string\"}}],\"inLanguage\":\"es\"},{\"@type\":\"Organization\",\"@id\":\"https:\/\/aivlisoft.net\/shop\/#organization\",\"name\":\"Aivlisoft Inform\u00e1tica\",\"url\":\"https:\/\/aivlisoft.net\/shop\/\",\"logo\":{\"@type\":\"ImageObject\",\"inLanguage\":\"es\",\"@id\":\"https:\/\/aivlisoft.net\/shop\/#\/schema\/logo\/image\/\",\"url\":\"https:\/\/aivlisoft.net\/shop\/wp-content\/uploads\/2024\/12\/removal.ai_5b848c54-0cdf-4140-95c5-c5536bb7573b-logodef.png\",\"contentUrl\":\"https:\/\/aivlisoft.net\/shop\/wp-content\/uploads\/2024\/12\/removal.ai_5b848c54-0cdf-4140-95c5-c5536bb7573b-logodef.png\",\"width\":484,\"height\":182,\"caption\":\"Aivlisoft Inform\u00e1tica\"},\"image\":{\"@id\":\"https:\/\/aivlisoft.net\/shop\/#\/schema\/logo\/image\/\"}}]}<\/script>\n<!-- \/ Yoast SEO plugin. -->","yoast_head_json":{"title":"D-Link DAP-3666 P.Acc WiFi4EU AC1200 PoE IP67 - Aivlisoft Inform\u00e1tica","robots":{"index":"index","follow":"follow","max-snippet":"max-snippet:-1","max-image-preview":"max-image-preview:large","max-video-preview":"max-video-preview:-1"},"canonical":"https:\/\/aivlisoft.net\/shop\/producto\/d-link-dap-3666-p-acc-wifi4eu-ac1200-poe-ip67\/","og_locale":"es_ES","og_type":"article","og_title":"D-Link DAP-3666 P.Acc WiFi4EU AC1200 PoE IP67 - Aivlisoft Inform\u00e1tica","og_description":"El punto de acceso PoE inal&aacute;mbrico de doble banda para exteriores DAP-3666 Wave 2 preparado para WiFi4EU es un punto de acceso para exteriores vers&aacute;til y de alta potencia dise&ntilde;ado con funciones resistentes a las inclemencias del tiempo que lo convierten en una soluci&oacute;n ideal para crear redes de puntos de acceso inal&aacute;mbricos para exteriores.&hellip;&nbsp;D-Link DAP-3666 P.Acc WiFi4EU AC1200 PoE IP67","og_url":"https:\/\/aivlisoft.net\/shop\/producto\/d-link-dap-3666-p-acc-wifi4eu-ac1200-poe-ip67\/","og_site_name":"Aivlisoft Inform\u00e1tica","article_modified_time":"2025-01-14T11:46:41+00:00","og_image":[{"width":800,"height":800,"url":"https:\/\/aivlisoft.net\/shop\/wp-content\/uploads\/2025\/01\/NSWPAC0449_800.jpg","type":"image\/jpeg"}],"twitter_card":"summary_large_image","twitter_misc":{"Tiempo de lectura":"3 minutos"},"schema":{"@context":"https:\/\/schema.org","@graph":[{"@type":"WebPage","@id":"https:\/\/aivlisoft.net\/shop\/producto\/d-link-dap-3666-p-acc-wifi4eu-ac1200-poe-ip67\/","url":"https:\/\/aivlisoft.net\/shop\/producto\/d-link-dap-3666-p-acc-wifi4eu-ac1200-poe-ip67\/","name":"D-Link DAP-3666 P.Acc WiFi4EU AC1200 PoE IP67 - Aivlisoft Inform\u00e1tica","isPartOf":{"@id":"https:\/\/aivlisoft.net\/shop\/#website"},"primaryImageOfPage":{"@id":"https:\/\/aivlisoft.net\/shop\/producto\/d-link-dap-3666-p-acc-wifi4eu-ac1200-poe-ip67\/#primaryimage"},"image":{"@id":"https:\/\/aivlisoft.net\/shop\/producto\/d-link-dap-3666-p-acc-wifi4eu-ac1200-poe-ip67\/#primaryimage"},"thumbnailUrl":"https:\/\/aivlisoft.net\/shop\/wp-content\/uploads\/2025\/01\/NSWPAC0449_800.jpg","datePublished":"2025-01-13T15:35:18+00:00","dateModified":"2025-01-14T11:46:41+00:00","breadcrumb":{"@id":"https:\/\/aivlisoft.net\/shop\/producto\/d-link-dap-3666-p-acc-wifi4eu-ac1200-poe-ip67\/#breadcrumb"},"inLanguage":"es","potentialAction":[{"@type":"ReadAction","target":["https:\/\/aivlisoft.net\/shop\/producto\/d-link-dap-3666-p-acc-wifi4eu-ac1200-poe-ip67\/"]}]},{"@type":"ImageObject","inLanguage":"es","@id":"https:\/\/aivlisoft.net\/shop\/producto\/d-link-dap-3666-p-acc-wifi4eu-ac1200-poe-ip67\/#primaryimage","url":"https:\/\/aivlisoft.net\/shop\/wp-content\/uploads\/2025\/01\/NSWPAC0449_800.jpg","contentUrl":"https:\/\/aivlisoft.net\/shop\/wp-content\/uploads\/2025\/01\/NSWPAC0449_800.jpg","width":800,"height":800},{"@type":"BreadcrumbList","@id":"https:\/\/aivlisoft.net\/shop\/producto\/d-link-dap-3666-p-acc-wifi4eu-ac1200-poe-ip67\/#breadcrumb","itemListElement":[{"@type":"ListItem","position":1,"name":"Portada","item":"https:\/\/aivlisoft.net\/shop\/"},{"@type":"ListItem","position":2,"name":"Tienda","item":"https:\/\/aivlisoft.net\/shop\/tienda\/"},{"@type":"ListItem","position":3,"name":"D-Link DAP-3666 P.Acc WiFi4EU AC1200 PoE IP67"}]},{"@type":"WebSite","@id":"https:\/\/aivlisoft.net\/shop\/#website","url":"https:\/\/aivlisoft.net\/shop\/","name":"Aivlisoft Inform\u00e1tica","description":"En Aivlisoft Inform\u00e1tica ofrecemos soluciones tecnol\u00f3gicas para empresas: venta de ordenadores, consumibles, perif\u00e9ricos y m\u00e1s. Calidad, atenci\u00f3n personalizada y los mejores precios para tu negocio.","publisher":{"@id":"https:\/\/aivlisoft.net\/shop\/#organization"},"potentialAction":[{"@type":"SearchAction","target":{"@type":"EntryPoint","urlTemplate":"https:\/\/aivlisoft.net\/shop\/?s={search_term_string}"},"query-input":{"@type":"PropertyValueSpecification","valueRequired":true,"valueName":"search_term_string"}}],"inLanguage":"es"},{"@type":"Organization","@id":"https:\/\/aivlisoft.net\/shop\/#organization","name":"Aivlisoft Inform\u00e1tica","url":"https:\/\/aivlisoft.net\/shop\/","logo":{"@type":"ImageObject","inLanguage":"es","@id":"https:\/\/aivlisoft.net\/shop\/#\/schema\/logo\/image\/","url":"https:\/\/aivlisoft.net\/shop\/wp-content\/uploads\/2024\/12\/removal.ai_5b848c54-0cdf-4140-95c5-c5536bb7573b-logodef.png","contentUrl":"https:\/\/aivlisoft.net\/shop\/wp-content\/uploads\/2024\/12\/removal.ai_5b848c54-0cdf-4140-95c5-c5536bb7573b-logodef.png","width":484,"height":182,"caption":"Aivlisoft Inform\u00e1tica"},"image":{"@id":"https:\/\/aivlisoft.net\/shop\/#\/schema\/logo\/image\/"}}]}},"_links":{"self":[{"href":"https:\/\/aivlisoft.net\/shop\/wp-json\/wp\/v2\/product\/19701","targetHints":{"allow":["GET"]}}],"collection":[{"href":"https:\/\/aivlisoft.net\/shop\/wp-json\/wp\/v2\/product"}],"about":[{"href":"https:\/\/aivlisoft.net\/shop\/wp-json\/wp\/v2\/types\/product"}],"wp:featuredmedia":[{"embeddable":true,"href":"https:\/\/aivlisoft.net\/shop\/wp-json\/wp\/v2\/media\/19702"}],"wp:attachment":[{"href":"https:\/\/aivlisoft.net\/shop\/wp-json\/wp\/v2\/media?parent=19701"}],"wp:term":[{"taxonomy":"product_brand","embeddable":true,"href":"https:\/\/aivlisoft.net\/shop\/wp-json\/wp\/v2\/product_brand?post=19701"},{"taxonomy":"product_cat","embeddable":true,"href":"https:\/\/aivlisoft.net\/shop\/wp-json\/wp\/v2\/product_cat?post=19701"},{"taxonomy":"product_tag","embeddable":true,"href":"https:\/\/aivlisoft.net\/shop\/wp-json\/wp\/v2\/product_tag?post=19701"}],"curies":[{"name":"wp","href":"https:\/\/api.w.org\/{rel}","templated":true}]}}